{"id":1487025,"date":"2026-04-13T22:32:44","date_gmt":"2026-04-13T19:32:44","guid":{"rendered":"https:\/\/mmkriepas.lv\/?post_type=product&#038;p=1487025"},"modified":"2026-04-22T00:21:48","modified_gmt":"2026-04-21T21:21:48","slug":"215-60r17-sentury-quirin-990-suv-96h","status":"publish","type":"product","link":"https:\/\/mmkriepas.lv\/en\/p\/215-60r17-sentury-quirin-990-suv-96h\/","title":{"rendered":"215\/60R17 Sentury Quirin 990 SUV 96H"},"content":{"rendered":"<p data-path-to-node=\"6\"><b data-path-to-node=\"6\" data-index-in-node=\"0\">Sentury Qirin 990 SUV<\/b> ir izstr\u0101d\u0101ta, izmantojot Sentury progres\u012bv\u0101s Industry 4.0 ra\u017eo\u0161anas tehnolo\u0123ijas, kas garant\u0113 augst\u0101ko precizit\u0101ti karkasa uzb\u016bv\u0113. K\u0101 servisa vad\u012bt\u0101jam, kuram priorit\u0101te ir efektivit\u0101te, Jums b\u016bs svar\u012bgi, ka \u0161\u012b riepa ir in\u017eeniertehniski piel\u0101gota SUV klases izaicin\u0101jumiem \u2013 liel\u0101kai masai un augst\u0101kam smaguma centram, nezaud\u0113jot vieglo automa\u0161\u012bnu riep\u0101m rakstur\u012bgo dinamiku un klusumu.<\/p>\n<p data-path-to-node=\"7\">\u0160is modelis ir k\u013cuvis par nopietnu konkurentu premium segmentam, jo pied\u0101v\u0101 prognoz\u0113jamu un p\u0101rliecino\u0161u vad\u0101m\u012bbu uz \u0161osejas, vienlaikus nodro\u0161inot efekt\u012bvu \u016bdens novad\u012b\u0161anu un stabilit\u0101ti manos. Qirin 990 SUV ir rad\u012bta autovad\u012bt\u0101jiem, kuri v\u0113las maksim\u0101lu dro\u0161\u012bbu ikdienas lieto\u0161an\u0101, saglab\u0101jot racion\u0101las ekspluat\u0101cijas izmaksas.<\/p>\n<h3 data-path-to-node=\"8\">Sentury Qirin 990 SUV galven\u0101s iez\u012bmes:<\/h3>\n<ul data-path-to-node=\"9\">\n<li>\n<p data-path-to-node=\"9,0,0\"><b data-path-to-node=\"9,0,0\" data-index-in-node=\"0\">&#8220;A&#8221; klases r\u0101d\u012bt\u0101ji uz slapja seguma:<\/b> \u012apa\u0161ais protektora raksts un gumijas mais\u012bjums nodro\u0161ina t\u016bl\u012bt\u0113ju bremz\u0113\u0161anas reakciju un maksim\u0101lu sa\u0137eri lietus laik\u0101.<\/p>\n<\/li>\n<li>\n<p data-path-to-node=\"9,1,0\"><b data-path-to-node=\"9,1,0\" data-index-in-node=\"0\">Pastiprin\u0101ta karkasa strukt\u016bra:<\/b> Speci\u0101li SUV segmentam izstr\u0101d\u0101t\u0101 konstrukcija sp\u0113j dro\u0161i iztur\u0113t liel\u0101kas slodzes, nodro\u0161inot riepas ilgm\u016b\u017e\u012bbu un stabilit\u0101ti.<\/p>\n<\/li>\n<li>\n<p data-path-to-node=\"9,2,0\"><b data-path-to-node=\"9,2,0\" data-index-in-node=\"0\">Qirin-Silent dizains:<\/b> Protektora bloki ir izvietoti t\u0101, lai minimiz\u0113tu ska\u0146as rezonansi, radot klusu un relaks\u0113tu gaitu automa\u0161\u012bnas salon\u0101.<\/p>\n<\/li>\n<li>\n<p data-path-to-node=\"9,3,0\"><b data-path-to-node=\"9,3,0\" data-index-in-node=\"0\">Platas garenvirziena rievas:<\/b> \u010cetri centr\u0101lie kan\u0101li efekt\u012bvi evaku\u0113 \u016bdeni, b\u016btiski samazinot akvaplan\u0113\u0161anas risku pat pie lielas automa\u0161\u012bnas masas.<\/p>\n<\/li>\n<\/ul>\n<h3 data-path-to-node=\"10\">Detaliz\u0113ts apskats:<\/h3>\n<p data-path-to-node=\"11\">Sentury Qirin 990 SUV priorit\u0101te ir <b data-path-to-node=\"11\" data-index-in-node=\"36\">stabilit\u0101te un kontrole<\/b>. At\u0161\u0137ir\u012bb\u0101 no standarta vieglo auto riep\u0101m, \u0161\u012b mode\u013ca plecu zonas ir mas\u012bv\u0101kas un stingr\u0101kas, kas ne\u013cauj smagam SUV &#8220;peld\u0113t&#8221; asos pagriezienos. K\u0101 profesion\u0101lis J\u016bs nov\u0113rt\u0113siet vienm\u0113r\u012bgo spiediena sadali vis\u0101 kontakta laukum\u0101 \u2013 tas nov\u0113r\u0161 priek\u0161laic\u012bgu malu nodilumu, kas ir bie\u017ea probl\u0113ma lieliem krosoveriem.<\/p>\n<p data-path-to-node=\"12\">Riepa izce\u013cas ar \u013coti labiem rites pretest\u012bbas r\u0101d\u012bt\u0101jiem sav\u0101 klas\u0113, kas pal\u012bdz samazin\u0101t degvielas pat\u0113ri\u0146u vai palielin\u0101t gaitas rezervi hibr\u012bda SUV mode\u013ciem. Pateicoties augstajai ra\u017eo\u0161anas precizit\u0101tei, riepas ir viegli balans\u0113jamas un nodro\u0161ina vienm\u0113r\u012bgu gaitu bez vibr\u0101cij\u0101m. T\u0101 ir gudra un tehniski pamatota izv\u0113le klientiem, kuri mekl\u0113 premium veiktsp\u0113ju par sapr\u0101t\u012bgu cenu.<\/p>\n<p data-path-to-node=\"13\"><b data-path-to-node=\"13\" data-index-in-node=\"0\">Sentury Qirin 990 SUV<\/b> ir uzticams un efekt\u012bvs instruments, kas nodro\u0161ina dro\u0161u un komfortablu brauk\u0161anu jebkuros vasaras laikapst\u0101k\u013cos, piln\u012bb\u0101 attaisnojot katru ieguld\u012bto eiro.<\/p>\n","protected":false},"excerpt":{"rendered":"<p><b data-path-to-node=\"3\" data-index-in-node=\"0\">Sentury Qirin 990 SUV<\/b> ir augstas veiktsp\u0113jas (UHP) vasaras riepa, kas rad\u012bta m\u016bsdienu krosoveriem un apvidus automa\u0161\u012bn\u0101m. T\u0101 pied\u0101v\u0101 premium l\u012bme\u0146a &#8220;A&#8221; klases sa\u0137eri uz slapja ce\u013ca, izcilu stabilit\u0101ti pie lielas slodzes un zemu trok\u0161\u0146u l\u012bmeni, nodro\u0161inot perfektu balansu starp dro\u0161\u012bbu, brauk\u0161anas komfortu un bud\u017eeta segmenta pieejam\u012bbu.<\/p>\n","protected":false},"featured_media":1489854,"template":"","meta":{"_acf_changed":false,"ngg_post_thumbnail":0},"product_brand":[],"product_cat":[23641],"product_tag":[],"class_list":{"0":"post-1487025","1":"product","2":"type-product","3":"status-publish","4":"has-post-thumbnail","6":"product_cat-summer-tyres","8":"first","9":"instock","10":"sale","11":"taxable","12":"shipping-taxable","13":"purchasable","14":"product-type-simple"},"acf":[],"yoast_head":"<!-- This site is optimized with the Yoast SEO Premium plugin v22.6 (Yoast SEO v27.3) - https:\/\/yoast.com\/product\/yoast-seo-premium-wordpress\/ -->\n<title>215\/60R17 Sentury Quirin 990 SUV 96H &#8226; MMK Riepas<\/title>\n<meta name=\"robots\" content=\"index, follow, max-snippet:-1, max-image-preview:large, max-video-preview:-1\" \/>\n<link rel=\"canonical\" href=\"https:\/\/mmkriepas.lv\/en\/p\/215-60r17-sentury-quirin-990-suv-96h\/\" \/>\n<meta property=\"og:locale\" content=\"en_US\" \/>\n<meta property=\"og:type\" content=\"article\" \/>\n<meta property=\"og:title\" content=\"215\/60R17 Sentury Quirin 990 SUV 96H\" \/>\n<meta property=\"og:description\" content=\"Sentury Qirin 990 SUV ir augstas veiktsp\u0113jas (UHP) vasaras riepa, kas rad\u012bta m\u016bsdienu krosoveriem un apvidus automa\u0161\u012bn\u0101m. T\u0101 pied\u0101v\u0101 premium l\u012bme\u0146a &quot;A&quot; klases sa\u0137eri uz slapja ce\u013ca, izcilu stabilit\u0101ti pie lielas slodzes un zemu trok\u0161\u0146u l\u012bmeni, nodro\u0161inot perfektu balansu starp dro\u0161\u012bbu, brauk\u0161anas komfortu un bud\u017eeta segmenta pieejam\u012bbu.\" \/>\n<meta property=\"og:url\" content=\"https:\/\/mmkriepas.lv\/en\/p\/215-60r17-sentury-quirin-990-suv-96h\/\" \/>\n<meta property=\"og:site_name\" content=\"MMK Riepas\" \/>\n<meta property=\"article:publisher\" content=\"https:\/\/www.facebook.com\/mmkserviss\/\" \/>\n<meta property=\"article:modified_time\" content=\"2026-04-21T21:21:48+00:00\" \/>\n<meta property=\"og:image\" content=\"https:\/\/mmkriepas.lv\/wp-content\/uploads\/2026\/04\/23565r17-sentury-quirin-990-suv-108h-vasaras-riepas.jpg\" \/>\n\t<meta property=\"og:image:width\" content=\"1920\" \/>\n\t<meta property=\"og:image:height\" content=\"1440\" \/>\n\t<meta property=\"og:image:type\" content=\"image\/jpeg\" \/>\n<meta name=\"twitter:card\" content=\"summary_large_image\" \/>\n<meta name=\"twitter:label1\" content=\"Price\" \/>\n\t<meta name=\"twitter:data1\" content=\"&euro;69.00\" \/>\n\t<meta name=\"twitter:label2\" content=\"Availability\" \/>\n\t<meta name=\"twitter:data2\" content=\"In stock\" \/>\n<script type=\"application\/ld+json\" class=\"yoast-schema-graph\">{\"@context\":\"https:\\\/\\\/schema.org\",\"@graph\":[{\"@type\":\"WebPage\",\"@id\":\"https:\\\/\\\/mmkriepas.lv\\\/en\\\/p\\\/215-60r17-sentury-quirin-990-suv-96h\\\/\",\"url\":\"https:\\\/\\\/mmkriepas.lv\\\/en\\\/p\\\/215-60r17-sentury-quirin-990-suv-96h\\\/\",\"name\":\"215\\\/60R17 Sentury Quirin 990 SUV 96H &#8226; MMK Riepas\",\"isPartOf\":{\"@id\":\"https:\\\/\\\/mmkriepas.lv\\\/en\\\/#website\"},\"primaryImageOfPage\":{\"@id\":\"https:\\\/\\\/mmkriepas.lv\\\/en\\\/p\\\/215-60r17-sentury-quirin-990-suv-96h\\\/#primaryimage\"},\"image\":{\"@id\":\"https:\\\/\\\/mmkriepas.lv\\\/en\\\/p\\\/215-60r17-sentury-quirin-990-suv-96h\\\/#primaryimage\"},\"thumbnailUrl\":\"https:\\\/\\\/mmkriepas.lv\\\/wp-content\\\/uploads\\\/2026\\\/04\\\/23565r17-sentury-quirin-990-suv-108h-vasaras-riepas.jpg\",\"datePublished\":\"2026-04-13T19:32:44+00:00\",\"dateModified\":\"2026-04-21T21:21:48+00:00\",\"breadcrumb\":{\"@id\":\"https:\\\/\\\/mmkriepas.lv\\\/en\\\/p\\\/215-60r17-sentury-quirin-990-suv-96h\\\/#breadcrumb\"},\"inLanguage\":\"en-US\",\"potentialAction\":[{\"@type\":\"ReadAction\",\"target\":[\"https:\\\/\\\/mmkriepas.lv\\\/en\\\/p\\\/215-60r17-sentury-quirin-990-suv-96h\\\/\"]}]},{\"@type\":\"ImageObject\",\"inLanguage\":\"en-US\",\"@id\":\"https:\\\/\\\/mmkriepas.lv\\\/en\\\/p\\\/215-60r17-sentury-quirin-990-suv-96h\\\/#primaryimage\",\"url\":\"https:\\\/\\\/mmkriepas.lv\\\/wp-content\\\/uploads\\\/2026\\\/04\\\/23565r17-sentury-quirin-990-suv-108h-vasaras-riepas.jpg\",\"contentUrl\":\"https:\\\/\\\/mmkriepas.lv\\\/wp-content\\\/uploads\\\/2026\\\/04\\\/23565r17-sentury-quirin-990-suv-108h-vasaras-riepas.jpg\",\"width\":1920,\"height\":1440,\"caption\":\"235\\\/65R17 Sentury Quirin 990 SUV 108H - Vasaras riepas\"},{\"@type\":\"BreadcrumbList\",\"@id\":\"https:\\\/\\\/mmkriepas.lv\\\/en\\\/p\\\/215-60r17-sentury-quirin-990-suv-96h\\\/#breadcrumb\",\"itemListElement\":[{\"@type\":\"ListItem\",\"position\":1,\"name\":\"S\u0101kums\",\"item\":\"https:\\\/\\\/mmkriepas.lv\\\/en\\\/\"},{\"@type\":\"ListItem\",\"position\":2,\"name\":\"215\\\/60R17 Sentury Quirin 990 SUV 96H\"}]},{\"@type\":\"WebSite\",\"@id\":\"https:\\\/\\\/mmkriepas.lv\\\/en\\\/#website\",\"url\":\"https:\\\/\\\/mmkriepas.lv\\\/en\\\/\",\"name\":\"MMK Riepas\",\"description\":\"MMK Riepas\",\"alternateName\":\"MMK Riepu Serviss\",\"potentialAction\":[{\"@type\":\"SearchAction\",\"target\":{\"@type\":\"EntryPoint\",\"urlTemplate\":\"https:\\\/\\\/mmkriepas.lv\\\/en\\\/?s={search_term_string}\"},\"query-input\":{\"@type\":\"PropertyValueSpecification\",\"valueRequired\":true,\"valueName\":\"search_term_string\"}}],\"inLanguage\":\"en-US\"},{\"@type\":\"ImageObject\",\"inLanguage\":\"en-US\",\"@id\":\"https:\\\/\\\/mmkriepas.lv\\\/en\\\/p\\\/215-60r17-sentury-quirin-990-suv-96h\\\/#local-main-organization-logo\",\"url\":\"\",\"contentUrl\":\"\",\"caption\":\"MMK Riepas\"}]}<\/script>\n<meta property=\"product:brand\" content=\"Sentury Quirin 990 SUV\" \/>\n<meta property=\"product:price:amount\" content=\"69.00\" \/>\n<meta property=\"product:price:currency\" content=\"EUR\" \/>\n<meta property=\"og:availability\" content=\"instock\" \/>\n<meta property=\"product:availability\" content=\"instock\" \/>\n<meta property=\"product:retailer_item_id\" content=\"TS2156017SENTU-59041\" \/>\n<meta property=\"product:condition\" content=\"new\" \/>\n<!-- \/ Yoast SEO Premium plugin. -->","yoast_head_json":{"title":"215\/60R17 Sentury Quirin 990 SUV 96H &#8226; MMK Riepas","robots":{"index":"index","follow":"follow","max-snippet":"max-snippet:-1","max-image-preview":"max-image-preview:large","max-video-preview":"max-video-preview:-1"},"canonical":"https:\/\/mmkriepas.lv\/en\/p\/215-60r17-sentury-quirin-990-suv-96h\/","og_locale":"en_US","og_type":"article","og_title":"215\/60R17 Sentury Quirin 990 SUV 96H","og_description":"Sentury Qirin 990 SUV ir augstas veiktsp\u0113jas (UHP) vasaras riepa, kas rad\u012bta m\u016bsdienu krosoveriem un apvidus automa\u0161\u012bn\u0101m. T\u0101 pied\u0101v\u0101 premium l\u012bme\u0146a \"A\" klases sa\u0137eri uz slapja ce\u013ca, izcilu stabilit\u0101ti pie lielas slodzes un zemu trok\u0161\u0146u l\u012bmeni, nodro\u0161inot perfektu balansu starp dro\u0161\u012bbu, brauk\u0161anas komfortu un bud\u017eeta segmenta pieejam\u012bbu.","og_url":"https:\/\/mmkriepas.lv\/en\/p\/215-60r17-sentury-quirin-990-suv-96h\/","og_site_name":"MMK Riepas","article_publisher":"https:\/\/www.facebook.com\/mmkserviss\/","article_modified_time":"2026-04-21T21:21:48+00:00","og_image":[{"width":1920,"height":1440,"url":"https:\/\/mmkriepas.lv\/wp-content\/uploads\/2026\/04\/23565r17-sentury-quirin-990-suv-108h-vasaras-riepas.jpg","type":"image\/jpeg"}],"twitter_card":"summary_large_image","twitter_misc":{"Price":"&euro;69.00","Availability":"In stock"},"schema":{"@context":"https:\/\/schema.org","@graph":[{"@type":"WebPage","@id":"https:\/\/mmkriepas.lv\/en\/p\/215-60r17-sentury-quirin-990-suv-96h\/","url":"https:\/\/mmkriepas.lv\/en\/p\/215-60r17-sentury-quirin-990-suv-96h\/","name":"215\/60R17 Sentury Quirin 990 SUV 96H &#8226; MMK Riepas","isPartOf":{"@id":"https:\/\/mmkriepas.lv\/en\/#website"},"primaryImageOfPage":{"@id":"https:\/\/mmkriepas.lv\/en\/p\/215-60r17-sentury-quirin-990-suv-96h\/#primaryimage"},"image":{"@id":"https:\/\/mmkriepas.lv\/en\/p\/215-60r17-sentury-quirin-990-suv-96h\/#primaryimage"},"thumbnailUrl":"https:\/\/mmkriepas.lv\/wp-content\/uploads\/2026\/04\/23565r17-sentury-quirin-990-suv-108h-vasaras-riepas.jpg","datePublished":"2026-04-13T19:32:44+00:00","dateModified":"2026-04-21T21:21:48+00:00","breadcrumb":{"@id":"https:\/\/mmkriepas.lv\/en\/p\/215-60r17-sentury-quirin-990-suv-96h\/#breadcrumb"},"inLanguage":"en-US","potentialAction":[{"@type":"ReadAction","target":["https:\/\/mmkriepas.lv\/en\/p\/215-60r17-sentury-quirin-990-suv-96h\/"]}]},{"@type":"ImageObject","inLanguage":"en-US","@id":"https:\/\/mmkriepas.lv\/en\/p\/215-60r17-sentury-quirin-990-suv-96h\/#primaryimage","url":"https:\/\/mmkriepas.lv\/wp-content\/uploads\/2026\/04\/23565r17-sentury-quirin-990-suv-108h-vasaras-riepas.jpg","contentUrl":"https:\/\/mmkriepas.lv\/wp-content\/uploads\/2026\/04\/23565r17-sentury-quirin-990-suv-108h-vasaras-riepas.jpg","width":1920,"height":1440,"caption":"235\/65R17 Sentury Quirin 990 SUV 108H - Vasaras riepas"},{"@type":"BreadcrumbList","@id":"https:\/\/mmkriepas.lv\/en\/p\/215-60r17-sentury-quirin-990-suv-96h\/#breadcrumb","itemListElement":[{"@type":"ListItem","position":1,"name":"S\u0101kums","item":"https:\/\/mmkriepas.lv\/en\/"},{"@type":"ListItem","position":2,"name":"215\/60R17 Sentury Quirin 990 SUV 96H"}]},{"@type":"WebSite","@id":"https:\/\/mmkriepas.lv\/en\/#website","url":"https:\/\/mmkriepas.lv\/en\/","name":"MMK Riepas","description":"MMK Riepas","alternateName":"MMK Riepu Serviss","potentialAction":[{"@type":"SearchAction","target":{"@type":"EntryPoint","urlTemplate":"https:\/\/mmkriepas.lv\/en\/?s={search_term_string}"},"query-input":{"@type":"PropertyValueSpecification","valueRequired":true,"valueName":"search_term_string"}}],"inLanguage":"en-US"},{"@type":"ImageObject","inLanguage":"en-US","@id":"https:\/\/mmkriepas.lv\/en\/p\/215-60r17-sentury-quirin-990-suv-96h\/#local-main-organization-logo","url":"","contentUrl":"","caption":"MMK Riepas"}]},"product_brand":"Sentury Quirin 990 SUV","product_price_amount":"69.00","product_price_currency":"EUR","og_availability":"instock","product_availability":"instock","product_retailer_item_id":"TS2156017SENTU-59041","product_condition":"new"},"_links":{"self":[{"href":"https:\/\/mmkriepas.lv\/en\/wp-json\/wp\/v2\/product\/1487025","targetHints":{"allow":["GET"]}}],"collection":[{"href":"https:\/\/mmkriepas.lv\/en\/wp-json\/wp\/v2\/product"}],"about":[{"href":"https:\/\/mmkriepas.lv\/en\/wp-json\/wp\/v2\/types\/product"}],"wp:featuredmedia":[{"embeddable":true,"href":"https:\/\/mmkriepas.lv\/en\/wp-json\/wp\/v2\/media\/1489854"}],"wp:attachment":[{"href":"https:\/\/mmkriepas.lv\/en\/wp-json\/wp\/v2\/media?parent=1487025"}],"wp:term":[{"taxonomy":"product_brand","embeddable":true,"href":"https:\/\/mmkriepas.lv\/en\/wp-json\/wp\/v2\/product_brand?post=1487025"},{"taxonomy":"product_cat","embeddable":true,"href":"https:\/\/mmkriepas.lv\/en\/wp-json\/wp\/v2\/product_cat?post=1487025"},{"taxonomy":"product_tag","embeddable":true,"href":"https:\/\/mmkriepas.lv\/en\/wp-json\/wp\/v2\/product_tag?post=1487025"}],"curies":[{"name":"wp","href":"https:\/\/api.w.org\/{rel}","templated":true}]}}