{"id":1483031,"date":"2026-04-09T17:55:19","date_gmt":"2026-04-09T14:55:19","guid":{"rendered":"https:\/\/mmkriepas.lv\/?post_type=product&#038;p=1483031"},"modified":"2026-04-14T00:44:27","modified_gmt":"2026-04-13T21:44:27","slug":"225-45r18-michelin-primacy-5-energy-95w-xl-rp","status":"publish","type":"product","link":"https:\/\/mmkriepas.lv\/en\/p\/225-45r18-michelin-primacy-5-energy-95w-xl-rp\/","title":{"rendered":"225\/45R18 Michelin Primacy 5 Energy 95W XL RP"},"content":{"rendered":"<p><b data-path-to-node=\"3\" data-index-in-node=\"0\">Michelin Primacy 5 Energy<\/b> ir premium klases vasaras riepa, kas rad\u012bta k\u0101 ide\u0101ls l\u012bdzsvars starp augst\u0101ko dro\u0161\u012bbas l\u012bmeni un maksim\u0101lu ener\u0123ijas taup\u012b\u0161anu. T\u0101 ir \u012bpa\u0161i izstr\u0101d\u0101ta hibr\u012bda un elektroauto segmentam (EV), pied\u0101v\u0101jot rekordzemu rites pretest\u012bbu, izcilu akustisko komfortu un nep\u0101rsp\u0113jamu nobraukumu, nemazinot sa\u0137eri uz slapja asfalta.<\/p>\n","protected":false},"excerpt":{"rendered":"<p data-path-to-node=\"6\"><b data-path-to-node=\"6\" data-index-in-node=\"0\">Michelin Primacy 5 Energy<\/b> iemieso z\u012bmola ap\u0146em\u0161anos nodro\u0161in\u0101t ilgtsp\u0113j\u012bgu p\u0101rvieto\u0161anos. <b data-path-to-node=\"6\" data-index-in-node=\"90\">Michelin<\/b> in\u017eenieri \u0161aj\u0101 model\u012b ir izmantoju\u0161i jaun\u0101k\u0101s paaudzes gumijas mais\u012bjumus, kas \u013c\u0101vu\u0161i v\u0113l vair\u0101k samazin\u0101t ener\u0123ijas zudumus ripo\u0161anas laik\u0101. \u0160\u012b riepa ir augsto tehnolo\u0123iju produkts, kas \u013cauj nobraukt vair\u0101k kilometru ar vienu uzl\u0101di vai degvielas b\u0101ku.<\/p>\n<p data-path-to-node=\"7\">K\u0101 ierasts Michelin produktiem, ar\u012b Primacy 5 Energy fokus\u0113jas uz dro\u0161\u012bbu vis\u0101 t\u0101s kalpo\u0161anas laik\u0101. Pateicoties uzlabotajai protektora arhitekt\u016brai, riepa saglab\u0101 &#8220;A&#8221; klases bremz\u0113\u0161anas r\u0101d\u012bt\u0101jus uz slapja seguma pat tad, kad protektors vairs nav jauns. Tas ir kritiski svar\u012bgi vad\u012bt\u0101jiem, kuri nov\u0113rt\u0113 gan ekonomiju, gan sirdsmieru.<\/p>\n<h3 data-path-to-node=\"8\">Galven\u0101s iez\u012bmes:<\/h3>\n<ul data-path-to-node=\"9\">\n<li>\n<p data-path-to-node=\"9,0,0\"><b data-path-to-node=\"9,0,0\" data-index-in-node=\"0\">EnergyPassive Compound:<\/b> Jaun\u0101kais gumijas sast\u0101vs, kas minimiz\u0113 iek\u0161\u0113jo berzi un karstumu, nodro\u0161inot vienu no zem\u0101kaj\u0101m rites pretest\u012bb\u0101m tirg\u016b.<\/p>\n<\/li>\n<li>\n<p data-path-to-node=\"9,1,0\"><b data-path-to-node=\"9,1,0\" data-index-in-node=\"0\">MaxTouch Construction\u2122:<\/b> Tehnolo\u0123ija, kas vienm\u0113r\u012bgi sadala pa\u0101trin\u0101juma, bremz\u0113\u0161anas un pagriezienu sp\u0113kus, nodro\u0161inot par aptuveni 20% liel\u0101ku nobraukumu nek\u0101 tie\u0161ajiem konkurentiem.<\/p>\n<\/li>\n<li>\n<p data-path-to-node=\"9,2,0\"><b data-path-to-node=\"9,2,0\" data-index-in-node=\"0\">U-Shape protektora rievas:<\/b> Konstrukcija, kas pal\u012bdz saglab\u0101t efekt\u012bvu \u016bdens izvad\u012b\u0161anu ar\u012b pie liela nodiluma.<\/p>\n<\/li>\n<li>\n<p data-path-to-node=\"9,3,0\"><b data-path-to-node=\"9,3,0\" data-index-in-node=\"0\">SilentRib 3.0:<\/b> Optimiz\u0113ta protektora raksta sec\u012bba, kas sl\u0101p\u0113 ska\u0146as vi\u013c\u0146us, radot gandr\u012bz piln\u012bgu klusumu salon\u0101 \u2013 \u012bpa\u0161i paman\u0101mi tas ir elektroauto lietot\u0101jiem.<\/p>\n<\/li>\n<\/ul>\n<h3 data-path-to-node=\"10\">Detaliz\u0113ts apskats:<\/h3>\n<p data-path-to-node=\"11\">Michelin Primacy 5 Energy priorit\u0101te ir <b data-path-to-node=\"11\" data-index-in-node=\"40\">efektivit\u0101tes un dro\u0161\u012bbas siner\u0123ija<\/b>. Autovad\u012bt\u0101jiem, kuri p\u0101riet uz videi draudz\u012bg\u0101kiem risin\u0101jumiem, \u0161is modelis nov\u0113r\u0161 nepiecie\u0161am\u012bbu mekl\u0113t kompromisus sa\u0137eres zi\u0146\u0101. Izmantojot viedo protektora dizainu, riepa piel\u0101gojas slodzei bremz\u0113\u0161anas laik\u0101, palielinot kontakta laukumu un nodro\u0161inot stabilu apst\u0101\u0161anos.<\/p>\n<p data-path-to-node=\"12\">Papildus tam, riepa ir izstr\u0101d\u0101ta ar uzsvaru uz aerodinamiku. Pat t\u0101s s\u0101nu malas ir vizu\u0101li un tehniski nosl\u012bp\u0113tas, lai p\u0113c iesp\u0113jas maz\u0101k \u0161\u0137eltu gaisa pl\u016bsmu. Tas ir produkts, kas ne tikai vizu\u0101li papildina premium automa\u0161\u012bnas, bet ar\u012b tehniski pal\u012bdz sasniegt lab\u0101kos ekonomiskos r\u0101d\u012bt\u0101jus.<\/p>\n<p data-path-to-node=\"13\"><b data-path-to-node=\"13\" data-index-in-node=\"0\">Michelin Primacy 5 Energy<\/b> ir gudra invest\u012bcija tiem, kuri mekl\u0113 nep\u0101rsp\u0113jamu nobraukumu, maksim\u0101lu ener\u0123ijas taup\u012b\u0161anu un dro\u0161\u012bbu, kas nemain\u0101s l\u012bdz pat p\u0113d\u0113jam braucienam.<\/p>\n","protected":false},"featured_media":1476353,"template":"","meta":{"_acf_changed":false,"ngg_post_thumbnail":0},"product_brand":[],"product_cat":[46],"product_tag":[],"class_list":{"0":"post-1483031","1":"product","2":"type-product","3":"status-publish","4":"has-post-thumbnail","6":"product_cat-vasaras-riepas","8":"first","9":"instock","10":"sale","11":"taxable","12":"shipping-taxable","13":"purchasable","14":"product-type-simple"},"acf":[],"yoast_head":"<!-- This site is optimized with the Yoast SEO Premium plugin v22.6 (Yoast SEO v27.3) - https:\/\/yoast.com\/product\/yoast-seo-premium-wordpress\/ -->\n<title>225\/45R18 Michelin Primacy 5 Energy 95W XL RP &#8226; MMK Riepas<\/title>\n<meta name=\"robots\" content=\"index, follow, max-snippet:-1, max-image-preview:large, max-video-preview:-1\" \/>\n<link rel=\"canonical\" href=\"https:\/\/mmkriepas.lv\/en\/p\/225-45r18-michelin-primacy-5-energy-95w-xl-rp\/\" \/>\n<meta property=\"og:locale\" content=\"en_US\" \/>\n<meta property=\"og:type\" content=\"article\" \/>\n<meta property=\"og:title\" content=\"225\/45R18 Michelin Primacy 5 Energy 95W XL RP\" \/>\n<meta property=\"og:description\" content=\"Michelin Primacy 5 Energy iemieso z\u012bmola ap\u0146em\u0161anos nodro\u0161in\u0101t ilgtsp\u0113j\u012bgu p\u0101rvieto\u0161anos. Michelin in\u017eenieri \u0161aj\u0101 model\u012b ir izmantoju\u0161i jaun\u0101k\u0101s paaudzes gumijas mais\u012bjumus, kas \u013c\u0101vu\u0161i v\u0113l vair\u0101k samazin\u0101t ener\u0123ijas zudumus ripo\u0161anas laik\u0101. \u0160\u012b riepa ir augsto tehnolo\u0123iju produkts, kas \u013cauj nobraukt vair\u0101k kilometru ar vienu uzl\u0101di vai degvielas b\u0101ku.K\u0101 ierasts Michelin produktiem, ar\u012b Primacy 5 Energy fokus\u0113jas uz dro\u0161\u012bbu vis\u0101 t\u0101s kalpo\u0161anas laik\u0101. Pateicoties uzlabotajai protektora arhitekt\u016brai, riepa saglab\u0101 &quot;A&quot; klases bremz\u0113\u0161anas r\u0101d\u012bt\u0101jus uz slapja seguma pat tad, kad protektors vairs nav jauns. Tas ir kritiski svar\u012bgi vad\u012bt\u0101jiem, kuri nov\u0113rt\u0113 gan ekonomiju, gan sirdsmieru.Galven\u0101s iez\u012bmes:EnergyPassive Compound: Jaun\u0101kais gumijas sast\u0101vs, kas minimiz\u0113 iek\u0161\u0113jo berzi un karstumu, nodro\u0161inot vienu no zem\u0101kaj\u0101m rites pretest\u012bb\u0101m tirg\u016b.MaxTouch Construction\u2122: Tehnolo\u0123ija, kas vienm\u0113r\u012bgi sadala pa\u0101trin\u0101juma, bremz\u0113\u0161anas un pagriezienu sp\u0113kus, nodro\u0161inot par aptuveni 20% liel\u0101ku nobraukumu nek\u0101 tie\u0161ajiem konkurentiem.U-Shape protektora rievas: Konstrukcija, kas pal\u012bdz saglab\u0101t efekt\u012bvu \u016bdens izvad\u012b\u0161anu ar\u012b pie liela nodiluma.SilentRib 3.0: Optimiz\u0113ta protektora raksta sec\u012bba, kas sl\u0101p\u0113 ska\u0146as vi\u013c\u0146us, radot gandr\u012bz piln\u012bgu klusumu salon\u0101 \u2013 \u012bpa\u0161i paman\u0101mi tas ir elektroauto lietot\u0101jiem.Detaliz\u0113ts apskats:Michelin Primacy 5 Energy priorit\u0101te ir efektivit\u0101tes un dro\u0161\u012bbas siner\u0123ija. Autovad\u012bt\u0101jiem, kuri p\u0101riet uz videi draudz\u012bg\u0101kiem risin\u0101jumiem, \u0161is modelis nov\u0113r\u0161 nepiecie\u0161am\u012bbu mekl\u0113t kompromisus sa\u0137eres zi\u0146\u0101. Izmantojot viedo protektora dizainu, riepa piel\u0101gojas slodzei bremz\u0113\u0161anas laik\u0101, palielinot kontakta laukumu un nodro\u0161inot stabilu apst\u0101\u0161anos.Papildus tam, riepa ir izstr\u0101d\u0101ta ar uzsvaru uz aerodinamiku. Pat t\u0101s s\u0101nu malas ir vizu\u0101li un tehniski nosl\u012bp\u0113tas, lai p\u0113c iesp\u0113jas maz\u0101k \u0161\u0137eltu gaisa pl\u016bsmu. Tas ir produkts, kas ne tikai vizu\u0101li papildina premium automa\u0161\u012bnas, bet ar\u012b tehniski pal\u012bdz sasniegt lab\u0101kos ekonomiskos r\u0101d\u012bt\u0101jus.Michelin Primacy 5 Energy ir gudra invest\u012bcija tiem, kuri mekl\u0113 nep\u0101rsp\u0113jamu nobraukumu, maksim\u0101lu ener\u0123ijas taup\u012b\u0161anu un dro\u0161\u012bbu, kas nemain\u0101s l\u012bdz pat p\u0113d\u0113jam braucienam.\" \/>\n<meta property=\"og:url\" content=\"https:\/\/mmkriepas.lv\/en\/p\/225-45r18-michelin-primacy-5-energy-95w-xl-rp\/\" \/>\n<meta property=\"og:site_name\" content=\"MMK Riepas\" \/>\n<meta property=\"article:publisher\" content=\"https:\/\/www.facebook.com\/mmkserviss\/\" \/>\n<meta property=\"article:modified_time\" content=\"2026-04-13T21:44:27+00:00\" \/>\n<meta property=\"og:image\" content=\"https:\/\/mmkriepas.lv\/wp-content\/uploads\/2026\/03\/24545r19-michelin-primacy-5-energy-102w-xl-vasaras-riepas-6.jpg\" \/>\n\t<meta property=\"og:image:width\" content=\"900\" \/>\n\t<meta property=\"og:image:height\" content=\"720\" \/>\n\t<meta property=\"og:image:type\" content=\"image\/jpeg\" \/>\n<meta name=\"twitter:card\" content=\"summary_large_image\" \/>\n<meta name=\"twitter:label1\" content=\"Price\" \/>\n\t<meta name=\"twitter:data1\" content=\"&euro;159.00\" \/>\n\t<meta name=\"twitter:label2\" content=\"Availability\" \/>\n\t<meta name=\"twitter:data2\" content=\"In stock\" \/>\n<script type=\"application\/ld+json\" class=\"yoast-schema-graph\">{\"@context\":\"https:\\\/\\\/schema.org\",\"@graph\":[{\"@type\":\"WebPage\",\"@id\":\"https:\\\/\\\/mmkriepas.lv\\\/en\\\/p\\\/225-45r18-michelin-primacy-5-energy-95w-xl-rp\\\/\",\"url\":\"https:\\\/\\\/mmkriepas.lv\\\/en\\\/p\\\/225-45r18-michelin-primacy-5-energy-95w-xl-rp\\\/\",\"name\":\"225\\\/45R18 Michelin Primacy 5 Energy 95W XL RP &#8226; MMK Riepas\",\"isPartOf\":{\"@id\":\"https:\\\/\\\/mmkriepas.lv\\\/en\\\/#website\"},\"primaryImageOfPage\":{\"@id\":\"https:\\\/\\\/mmkriepas.lv\\\/en\\\/p\\\/225-45r18-michelin-primacy-5-energy-95w-xl-rp\\\/#primaryimage\"},\"image\":{\"@id\":\"https:\\\/\\\/mmkriepas.lv\\\/en\\\/p\\\/225-45r18-michelin-primacy-5-energy-95w-xl-rp\\\/#primaryimage\"},\"thumbnailUrl\":\"https:\\\/\\\/mmkriepas.lv\\\/wp-content\\\/uploads\\\/2026\\\/03\\\/24545r19-michelin-primacy-5-energy-102w-xl-vasaras-riepas-6.jpg\",\"datePublished\":\"2026-04-09T14:55:19+00:00\",\"dateModified\":\"2026-04-13T21:44:27+00:00\",\"breadcrumb\":{\"@id\":\"https:\\\/\\\/mmkriepas.lv\\\/en\\\/p\\\/225-45r18-michelin-primacy-5-energy-95w-xl-rp\\\/#breadcrumb\"},\"inLanguage\":\"en-US\",\"potentialAction\":[{\"@type\":\"ReadAction\",\"target\":[\"https:\\\/\\\/mmkriepas.lv\\\/en\\\/p\\\/225-45r18-michelin-primacy-5-energy-95w-xl-rp\\\/\"]}]},{\"@type\":\"ImageObject\",\"inLanguage\":\"en-US\",\"@id\":\"https:\\\/\\\/mmkriepas.lv\\\/en\\\/p\\\/225-45r18-michelin-primacy-5-energy-95w-xl-rp\\\/#primaryimage\",\"url\":\"https:\\\/\\\/mmkriepas.lv\\\/wp-content\\\/uploads\\\/2026\\\/03\\\/24545r19-michelin-primacy-5-energy-102w-xl-vasaras-riepas-6.jpg\",\"contentUrl\":\"https:\\\/\\\/mmkriepas.lv\\\/wp-content\\\/uploads\\\/2026\\\/03\\\/24545r19-michelin-primacy-5-energy-102w-xl-vasaras-riepas-6.jpg\",\"width\":900,\"height\":720,\"caption\":\"245\\\/45R19 Michelin Primacy 5 Energy 102W XL - Vasaras riepas\"},{\"@type\":\"BreadcrumbList\",\"@id\":\"https:\\\/\\\/mmkriepas.lv\\\/en\\\/p\\\/225-45r18-michelin-primacy-5-energy-95w-xl-rp\\\/#breadcrumb\",\"itemListElement\":[{\"@type\":\"ListItem\",\"position\":1,\"name\":\"S\u0101kums\",\"item\":\"https:\\\/\\\/mmkriepas.lv\\\/en\\\/\"},{\"@type\":\"ListItem\",\"position\":2,\"name\":\"225\\\/45R18 Michelin Primacy 5 Energy 95W XL RP\"}]},{\"@type\":\"WebSite\",\"@id\":\"https:\\\/\\\/mmkriepas.lv\\\/en\\\/#website\",\"url\":\"https:\\\/\\\/mmkriepas.lv\\\/en\\\/\",\"name\":\"MMK Riepas\",\"description\":\"MMK Riepas\",\"alternateName\":\"MMK Riepu Serviss\",\"potentialAction\":[{\"@type\":\"SearchAction\",\"target\":{\"@type\":\"EntryPoint\",\"urlTemplate\":\"https:\\\/\\\/mmkriepas.lv\\\/en\\\/?s={search_term_string}\"},\"query-input\":{\"@type\":\"PropertyValueSpecification\",\"valueRequired\":true,\"valueName\":\"search_term_string\"}}],\"inLanguage\":\"en-US\"},{\"@type\":\"ImageObject\",\"inLanguage\":\"en-US\",\"@id\":\"https:\\\/\\\/mmkriepas.lv\\\/en\\\/p\\\/225-45r18-michelin-primacy-5-energy-95w-xl-rp\\\/#local-main-organization-logo\",\"url\":\"\",\"contentUrl\":\"\",\"caption\":\"MMK Riepas\"}]}<\/script>\n<meta property=\"product:brand\" content=\"Michelin Primacy 5 Energy\" \/>\n<meta property=\"product:price:amount\" content=\"159.00\" \/>\n<meta property=\"product:price:currency\" content=\"EUR\" \/>\n<meta property=\"og:availability\" content=\"instock\" \/>\n<meta property=\"product:availability\" content=\"instock\" \/>\n<meta property=\"product:retailer_item_id\" content=\"TS2254518MICHE-58703\" \/>\n<meta property=\"product:condition\" content=\"new\" \/>\n<!-- \/ Yoast SEO Premium plugin. -->","yoast_head_json":{"title":"225\/45R18 Michelin Primacy 5 Energy 95W XL RP &#8226; MMK Riepas","robots":{"index":"index","follow":"follow","max-snippet":"max-snippet:-1","max-image-preview":"max-image-preview:large","max-video-preview":"max-video-preview:-1"},"canonical":"https:\/\/mmkriepas.lv\/en\/p\/225-45r18-michelin-primacy-5-energy-95w-xl-rp\/","og_locale":"en_US","og_type":"article","og_title":"225\/45R18 Michelin Primacy 5 Energy 95W XL RP","og_description":"Michelin Primacy 5 Energy iemieso z\u012bmola ap\u0146em\u0161anos nodro\u0161in\u0101t ilgtsp\u0113j\u012bgu p\u0101rvieto\u0161anos. Michelin in\u017eenieri \u0161aj\u0101 model\u012b ir izmantoju\u0161i jaun\u0101k\u0101s paaudzes gumijas mais\u012bjumus, kas \u013c\u0101vu\u0161i v\u0113l vair\u0101k samazin\u0101t ener\u0123ijas zudumus ripo\u0161anas laik\u0101. \u0160\u012b riepa ir augsto tehnolo\u0123iju produkts, kas \u013cauj nobraukt vair\u0101k kilometru ar vienu uzl\u0101di vai degvielas b\u0101ku.K\u0101 ierasts Michelin produktiem, ar\u012b Primacy 5 Energy fokus\u0113jas uz dro\u0161\u012bbu vis\u0101 t\u0101s kalpo\u0161anas laik\u0101. Pateicoties uzlabotajai protektora arhitekt\u016brai, riepa saglab\u0101 \"A\" klases bremz\u0113\u0161anas r\u0101d\u012bt\u0101jus uz slapja seguma pat tad, kad protektors vairs nav jauns. Tas ir kritiski svar\u012bgi vad\u012bt\u0101jiem, kuri nov\u0113rt\u0113 gan ekonomiju, gan sirdsmieru.Galven\u0101s iez\u012bmes:EnergyPassive Compound: Jaun\u0101kais gumijas sast\u0101vs, kas minimiz\u0113 iek\u0161\u0113jo berzi un karstumu, nodro\u0161inot vienu no zem\u0101kaj\u0101m rites pretest\u012bb\u0101m tirg\u016b.MaxTouch Construction\u2122: Tehnolo\u0123ija, kas vienm\u0113r\u012bgi sadala pa\u0101trin\u0101juma, bremz\u0113\u0161anas un pagriezienu sp\u0113kus, nodro\u0161inot par aptuveni 20% liel\u0101ku nobraukumu nek\u0101 tie\u0161ajiem konkurentiem.U-Shape protektora rievas: Konstrukcija, kas pal\u012bdz saglab\u0101t efekt\u012bvu \u016bdens izvad\u012b\u0161anu ar\u012b pie liela nodiluma.SilentRib 3.0: Optimiz\u0113ta protektora raksta sec\u012bba, kas sl\u0101p\u0113 ska\u0146as vi\u013c\u0146us, radot gandr\u012bz piln\u012bgu klusumu salon\u0101 \u2013 \u012bpa\u0161i paman\u0101mi tas ir elektroauto lietot\u0101jiem.Detaliz\u0113ts apskats:Michelin Primacy 5 Energy priorit\u0101te ir efektivit\u0101tes un dro\u0161\u012bbas siner\u0123ija. Autovad\u012bt\u0101jiem, kuri p\u0101riet uz videi draudz\u012bg\u0101kiem risin\u0101jumiem, \u0161is modelis nov\u0113r\u0161 nepiecie\u0161am\u012bbu mekl\u0113t kompromisus sa\u0137eres zi\u0146\u0101. Izmantojot viedo protektora dizainu, riepa piel\u0101gojas slodzei bremz\u0113\u0161anas laik\u0101, palielinot kontakta laukumu un nodro\u0161inot stabilu apst\u0101\u0161anos.Papildus tam, riepa ir izstr\u0101d\u0101ta ar uzsvaru uz aerodinamiku. Pat t\u0101s s\u0101nu malas ir vizu\u0101li un tehniski nosl\u012bp\u0113tas, lai p\u0113c iesp\u0113jas maz\u0101k \u0161\u0137eltu gaisa pl\u016bsmu. Tas ir produkts, kas ne tikai vizu\u0101li papildina premium automa\u0161\u012bnas, bet ar\u012b tehniski pal\u012bdz sasniegt lab\u0101kos ekonomiskos r\u0101d\u012bt\u0101jus.Michelin Primacy 5 Energy ir gudra invest\u012bcija tiem, kuri mekl\u0113 nep\u0101rsp\u0113jamu nobraukumu, maksim\u0101lu ener\u0123ijas taup\u012b\u0161anu un dro\u0161\u012bbu, kas nemain\u0101s l\u012bdz pat p\u0113d\u0113jam braucienam.","og_url":"https:\/\/mmkriepas.lv\/en\/p\/225-45r18-michelin-primacy-5-energy-95w-xl-rp\/","og_site_name":"MMK Riepas","article_publisher":"https:\/\/www.facebook.com\/mmkserviss\/","article_modified_time":"2026-04-13T21:44:27+00:00","og_image":[{"width":900,"height":720,"url":"https:\/\/mmkriepas.lv\/wp-content\/uploads\/2026\/03\/24545r19-michelin-primacy-5-energy-102w-xl-vasaras-riepas-6.jpg","type":"image\/jpeg"}],"twitter_card":"summary_large_image","twitter_misc":{"Price":"&euro;159.00","Availability":"In stock"},"schema":{"@context":"https:\/\/schema.org","@graph":[{"@type":"WebPage","@id":"https:\/\/mmkriepas.lv\/en\/p\/225-45r18-michelin-primacy-5-energy-95w-xl-rp\/","url":"https:\/\/mmkriepas.lv\/en\/p\/225-45r18-michelin-primacy-5-energy-95w-xl-rp\/","name":"225\/45R18 Michelin Primacy 5 Energy 95W XL RP &#8226; MMK Riepas","isPartOf":{"@id":"https:\/\/mmkriepas.lv\/en\/#website"},"primaryImageOfPage":{"@id":"https:\/\/mmkriepas.lv\/en\/p\/225-45r18-michelin-primacy-5-energy-95w-xl-rp\/#primaryimage"},"image":{"@id":"https:\/\/mmkriepas.lv\/en\/p\/225-45r18-michelin-primacy-5-energy-95w-xl-rp\/#primaryimage"},"thumbnailUrl":"https:\/\/mmkriepas.lv\/wp-content\/uploads\/2026\/03\/24545r19-michelin-primacy-5-energy-102w-xl-vasaras-riepas-6.jpg","datePublished":"2026-04-09T14:55:19+00:00","dateModified":"2026-04-13T21:44:27+00:00","breadcrumb":{"@id":"https:\/\/mmkriepas.lv\/en\/p\/225-45r18-michelin-primacy-5-energy-95w-xl-rp\/#breadcrumb"},"inLanguage":"en-US","potentialAction":[{"@type":"ReadAction","target":["https:\/\/mmkriepas.lv\/en\/p\/225-45r18-michelin-primacy-5-energy-95w-xl-rp\/"]}]},{"@type":"ImageObject","inLanguage":"en-US","@id":"https:\/\/mmkriepas.lv\/en\/p\/225-45r18-michelin-primacy-5-energy-95w-xl-rp\/#primaryimage","url":"https:\/\/mmkriepas.lv\/wp-content\/uploads\/2026\/03\/24545r19-michelin-primacy-5-energy-102w-xl-vasaras-riepas-6.jpg","contentUrl":"https:\/\/mmkriepas.lv\/wp-content\/uploads\/2026\/03\/24545r19-michelin-primacy-5-energy-102w-xl-vasaras-riepas-6.jpg","width":900,"height":720,"caption":"245\/45R19 Michelin Primacy 5 Energy 102W XL - Vasaras riepas"},{"@type":"BreadcrumbList","@id":"https:\/\/mmkriepas.lv\/en\/p\/225-45r18-michelin-primacy-5-energy-95w-xl-rp\/#breadcrumb","itemListElement":[{"@type":"ListItem","position":1,"name":"S\u0101kums","item":"https:\/\/mmkriepas.lv\/en\/"},{"@type":"ListItem","position":2,"name":"225\/45R18 Michelin Primacy 5 Energy 95W XL RP"}]},{"@type":"WebSite","@id":"https:\/\/mmkriepas.lv\/en\/#website","url":"https:\/\/mmkriepas.lv\/en\/","name":"MMK Riepas","description":"MMK Riepas","alternateName":"MMK Riepu Serviss","potentialAction":[{"@type":"SearchAction","target":{"@type":"EntryPoint","urlTemplate":"https:\/\/mmkriepas.lv\/en\/?s={search_term_string}"},"query-input":{"@type":"PropertyValueSpecification","valueRequired":true,"valueName":"search_term_string"}}],"inLanguage":"en-US"},{"@type":"ImageObject","inLanguage":"en-US","@id":"https:\/\/mmkriepas.lv\/en\/p\/225-45r18-michelin-primacy-5-energy-95w-xl-rp\/#local-main-organization-logo","url":"","contentUrl":"","caption":"MMK Riepas"}]},"product_brand":"Michelin Primacy 5 Energy","product_price_amount":"159.00","product_price_currency":"EUR","og_availability":"instock","product_availability":"instock","product_retailer_item_id":"TS2254518MICHE-58703","product_condition":"new"},"_links":{"self":[{"href":"https:\/\/mmkriepas.lv\/en\/wp-json\/wp\/v2\/product\/1483031","targetHints":{"allow":["GET"]}}],"collection":[{"href":"https:\/\/mmkriepas.lv\/en\/wp-json\/wp\/v2\/product"}],"about":[{"href":"https:\/\/mmkriepas.lv\/en\/wp-json\/wp\/v2\/types\/product"}],"wp:featuredmedia":[{"embeddable":true,"href":"https:\/\/mmkriepas.lv\/en\/wp-json\/wp\/v2\/media\/1476353"}],"wp:attachment":[{"href":"https:\/\/mmkriepas.lv\/en\/wp-json\/wp\/v2\/media?parent=1483031"}],"wp:term":[{"taxonomy":"product_brand","embeddable":true,"href":"https:\/\/mmkriepas.lv\/en\/wp-json\/wp\/v2\/product_brand?post=1483031"},{"taxonomy":"product_cat","embeddable":true,"href":"https:\/\/mmkriepas.lv\/en\/wp-json\/wp\/v2\/product_cat?post=1483031"},{"taxonomy":"product_tag","embeddable":true,"href":"https:\/\/mmkriepas.lv\/en\/wp-json\/wp\/v2\/product_tag?post=1483031"}],"curies":[{"name":"wp","href":"https:\/\/api.w.org\/{rel}","templated":true}]}}