{"id":1482553,"date":"2026-04-07T18:33:54","date_gmt":"2026-04-07T15:33:54","guid":{"rendered":"https:\/\/mmkriepas.lv\/?post_type=product&#038;p=1482553"},"modified":"2026-04-14T22:15:50","modified_gmt":"2026-04-14T19:15:50","slug":"215-60r17-evergreen-es82-96h-sailun","status":"publish","type":"product","link":"https:\/\/mmkriepas.lv\/en\/p\/215-60r17-evergreen-es82-96h-sailun\/","title":{"rendered":"215\/60R17 Evergreen ES82 96H (Sailun)"},"content":{"rendered":"<p><b>Evergreen ES82<\/b><span style=\"font-weight: 400;\"> iemieso z\u012bmola &#8220;DynaControl&#8221; filozofiju \u2013 nodro\u0161in\u0101t perfektu l\u012bdzsvaru starp jaudu un dro\u0161\u012bbu. <\/span><b>Evergreen<\/b><span style=\"font-weight: 400;\">, b\u016bdams viens no tehnolo\u0123iskajiem l\u012bderiem, ES82 model\u012b ir iestr\u0101d\u0101jis risin\u0101jumus, kas nepiecie\u0161ami smag\u0101k\u0101m SUV automa\u0161\u012bn\u0101m, lai t\u0101s saglab\u0101tu prec\u012bzu vad\u0101m\u012bbu ar\u012b dinamiskas brauk\u0161anas laik\u0101.<\/span><\/p>\n<p><span style=\"font-weight: 400;\">\u0160is modelis ir izstr\u0101d\u0101ts autovad\u012bt\u0101jiem, kuri v\u0113las izbaud\u012bt sava auto veiktsp\u0113ju, neupur\u0113jot dro\u0161\u012bbu vasaras main\u012bgajos laikapst\u0101k\u013cos un saglab\u0101jot augstu brauk\u0161anas komfortu.<\/span><\/p>\n<h3><b>Evergreen ES82 galven\u0101s iez\u012bmes:<\/b><\/h3>\n<ul>\n<li style=\"font-weight: 400;\" aria-level=\"1\"><b>UHP asimetriskais protektors:<\/b><span style=\"font-weight: 400;\"> Div\u0113j\u0101ds dizains nodro\u0161ina stabilit\u0101ti manos uz sausa asfalta un efekt\u012bvu \u016bdens novad\u012b\u0161anu lietus laik\u0101.<\/span><\/li>\n<li style=\"font-weight: 400;\" aria-level=\"1\"><b>Paaugstin\u0101ta sa\u0137ere uz slapja seguma:<\/b><span style=\"font-weight: 400;\"> Pateicoties \u010detr\u0101m plat\u0101m garenvirziena riev\u0101m, riepa efekt\u012bvi \u0161\u0137e\u013c \u016bdens pl\u0113vi, samazinot akvaplan\u0113\u0161anas risku l\u012bdz minimumam.<\/span><\/li>\n<li style=\"font-weight: 400;\" aria-level=\"1\"><b>Augst\u0101k\u0101s klases gumijas sast\u0101vs:<\/b><span style=\"font-weight: 400;\"> Ar sil\u012bciju bag\u0101tin\u0101ts mais\u012bjums uzlabo bremz\u0113\u0161anas efektivit\u0101ti un samazina rites pretest\u012bbu, t\u0101d\u0113j\u0101di taupot degvielu.<\/span><\/li>\n<li style=\"font-weight: 400;\" aria-level=\"1\"><b>Pastiprin\u0101ta karkasa konstrukcija:<\/b><span style=\"font-weight: 400;\"> Speci\u0101li piel\u0101gota SUV klases automa\u0161\u012bn\u0101m, lai nodro\u0161in\u0101tu vienm\u0113r\u012bgu spiediena sadali un stabilit\u0101ti asos pagriezienos.<\/span><\/li>\n<\/ul>\n<p><b>Evergreen<\/b><span style=\"font-weight: 400;\"> ir viens no pasaul\u0113 strauj\u0101k augo\u0161ajiem un inovat\u012bv\u0101kajiem riepu ra\u017eot\u0101jiem, kas savos produktos apvieno augst\u0101k\u0101s tehnolo\u0123ijas ar izcilu dro\u0161\u012bbu, \u012bpa\u0161u uzman\u012bbu piev\u0113r\u0161ot jaud\u012bg\u0101ku automa\u0161\u012bnu un SUV segmentam.<\/span><\/p>\n<h3><b>Detaliz\u0113ts apskats:<\/b><\/h3>\n<p><span style=\"font-weight: 400;\">Evergreen ES82 priorit\u0101te ir <\/span><b>vad\u0101m\u012bbas precizit\u0101te<\/b><span style=\"font-weight: 400;\">. Ra\u017eot\u0101ja iek\u0161\u0113jie testi un lietot\u0101ju atsauksmes izce\u013c \u0161\u012b mode\u013ca sp\u0113ju t\u016bl\u012bt\u0113ji rea\u0123\u0113t uz st\u016bres pagriezieniem, kas ir kritiski svar\u012bgi jaud\u012bgiem un smag\u0101kiem transportl\u012bdzek\u013ciem. Protektora \u0101r\u0113jie plecu bloki ir veidoti mas\u012bvi un stingri, lai nov\u0113rstu riepas deform\u0101ciju pie lielas s\u0101nslodzes.<\/span><\/p>\n<p><span style=\"font-weight: 400;\">Evergreen invest\u012bcijas <\/span><b>automatiz\u0113t\u0101s ra\u017eo\u0161anas l\u012bnij\u0101s<\/b><span style=\"font-weight: 400;\"> garant\u0113, ka katra ES82 riepa atbilst stingriem kvalit\u0101tes standartiem, nodro\u0161inot minim\u0101lu trok\u0161\u0146u l\u012bmeni un vienm\u0113r\u012bgu gaitu. Protektora z\u012bm\u0113jums ir veidots t\u0101, lai ne tikai nodro\u0161in\u0101tu sa\u0137eri, bet ar\u012b sl\u0101p\u0113tu ska\u0146as vi\u013c\u0146us, kas rodas brauk\u0161anas laik\u0101, padarot braucienu baud\u0101mu pat lielos \u0101trumos.<\/span><\/p>\n<p><b>Evergreen ES82<\/b><span style=\"font-weight: 400;\"> ir gudra un dro\u0161a izv\u0113le tiem, kuri mekl\u0113 sportisku, uzticamu un vizu\u0101li modernu riepu savam SUV, nov\u0113rt\u0113jot ra\u017eot\u0101ju, kas tiecas p\u0113c tehnolo\u0123isk\u0101s izcil\u012bbas katr\u0101 deta\u013c\u0101.<\/span><\/p>\n","protected":false},"excerpt":{"rendered":"<p><b>Evergreen ES82<\/b><span style=\"font-weight: 400;\"> ir augst\u0101k\u0101s veiktsp\u0113jas (UHP) vasaras riepa, kas rad\u012bta jaud\u012bgiem krosoveriem un SUV automa\u0161\u012bn\u0101m. \u0160is modelis pied\u0101v\u0101 sportisku vad\u0101m\u012bbu, maksim\u0101lu stabilit\u0101ti pie liela \u0101truma un p\u0101rliecino\u0161u sa\u0137eri uz slapja ce\u013ca seguma, nodro\u0161inot premium l\u012bme\u0146a kontroli par \u013coti pievilc\u012bgu cenu.<\/span><\/p>\n","protected":false},"featured_media":1487376,"template":"","meta":{"_acf_changed":false,"ngg_post_thumbnail":0},"product_brand":[],"product_cat":[46],"product_tag":[],"class_list":{"0":"post-1482553","1":"product","2":"type-product","3":"status-publish","4":"has-post-thumbnail","6":"product_cat-vasaras-riepas","8":"first","9":"instock","10":"sale","11":"taxable","12":"shipping-taxable","13":"purchasable","14":"product-type-simple"},"acf":[],"yoast_head":"<!-- This site is optimized with the Yoast SEO Premium plugin v22.6 (Yoast SEO v27.3) - https:\/\/yoast.com\/product\/yoast-seo-premium-wordpress\/ -->\n<title>215\/60R17 Evergreen ES82 96H (Sailun) &#8226; MMK Riepas<\/title>\n<meta name=\"robots\" content=\"index, follow, max-snippet:-1, max-image-preview:large, max-video-preview:-1\" \/>\n<link rel=\"canonical\" href=\"https:\/\/mmkriepas.lv\/en\/p\/215-60r17-evergreen-es82-96h-sailun\/\" \/>\n<meta property=\"og:locale\" content=\"en_US\" \/>\n<meta property=\"og:type\" content=\"article\" \/>\n<meta property=\"og:title\" content=\"215\/60R17 Evergreen ES82 96H (Sailun)\" \/>\n<meta property=\"og:description\" content=\"Evergreen ES82 ir augst\u0101k\u0101s veiktsp\u0113jas (UHP) vasaras riepa, kas rad\u012bta jaud\u012bgiem krosoveriem un SUV automa\u0161\u012bn\u0101m. \u0160is modelis pied\u0101v\u0101 sportisku vad\u0101m\u012bbu, maksim\u0101lu stabilit\u0101ti pie liela \u0101truma un p\u0101rliecino\u0161u sa\u0137eri uz slapja ce\u013ca seguma, nodro\u0161inot premium l\u012bme\u0146a kontroli par \u013coti pievilc\u012bgu cenu.\" \/>\n<meta property=\"og:url\" content=\"https:\/\/mmkriepas.lv\/en\/p\/215-60r17-evergreen-es82-96h-sailun\/\" \/>\n<meta property=\"og:site_name\" content=\"MMK Riepas\" \/>\n<meta property=\"article:publisher\" content=\"https:\/\/www.facebook.com\/mmkserviss\/\" \/>\n<meta property=\"article:modified_time\" content=\"2026-04-14T19:15:50+00:00\" \/>\n<meta property=\"og:image\" content=\"https:\/\/mmkriepas.lv\/wp-content\/uploads\/2026\/04\/23560r18-evergreen-es82-107h-xl-sailun-vasaras-riepas.jpg\" \/>\n\t<meta property=\"og:image:width\" content=\"1920\" \/>\n\t<meta property=\"og:image:height\" content=\"1440\" \/>\n\t<meta property=\"og:image:type\" content=\"image\/jpeg\" \/>\n<meta name=\"twitter:card\" content=\"summary_large_image\" \/>\n<meta name=\"twitter:label1\" content=\"Price\" \/>\n\t<meta name=\"twitter:data1\" content=\"&euro;78.00\" \/>\n\t<meta name=\"twitter:label2\" content=\"Availability\" \/>\n\t<meta name=\"twitter:data2\" content=\"In stock\" \/>\n<script type=\"application\/ld+json\" class=\"yoast-schema-graph\">{\"@context\":\"https:\\\/\\\/schema.org\",\"@graph\":[{\"@type\":\"WebPage\",\"@id\":\"https:\\\/\\\/mmkriepas.lv\\\/en\\\/p\\\/215-60r17-evergreen-es82-96h-sailun\\\/\",\"url\":\"https:\\\/\\\/mmkriepas.lv\\\/en\\\/p\\\/215-60r17-evergreen-es82-96h-sailun\\\/\",\"name\":\"215\\\/60R17 Evergreen ES82 96H (Sailun) &#8226; MMK Riepas\",\"isPartOf\":{\"@id\":\"https:\\\/\\\/mmkriepas.lv\\\/en\\\/#website\"},\"primaryImageOfPage\":{\"@id\":\"https:\\\/\\\/mmkriepas.lv\\\/en\\\/p\\\/215-60r17-evergreen-es82-96h-sailun\\\/#primaryimage\"},\"image\":{\"@id\":\"https:\\\/\\\/mmkriepas.lv\\\/en\\\/p\\\/215-60r17-evergreen-es82-96h-sailun\\\/#primaryimage\"},\"thumbnailUrl\":\"https:\\\/\\\/mmkriepas.lv\\\/wp-content\\\/uploads\\\/2026\\\/04\\\/23560r18-evergreen-es82-107h-xl-sailun-vasaras-riepas.jpg\",\"datePublished\":\"2026-04-07T15:33:54+00:00\",\"dateModified\":\"2026-04-14T19:15:50+00:00\",\"breadcrumb\":{\"@id\":\"https:\\\/\\\/mmkriepas.lv\\\/en\\\/p\\\/215-60r17-evergreen-es82-96h-sailun\\\/#breadcrumb\"},\"inLanguage\":\"en-US\",\"potentialAction\":[{\"@type\":\"ReadAction\",\"target\":[\"https:\\\/\\\/mmkriepas.lv\\\/en\\\/p\\\/215-60r17-evergreen-es82-96h-sailun\\\/\"]}]},{\"@type\":\"ImageObject\",\"inLanguage\":\"en-US\",\"@id\":\"https:\\\/\\\/mmkriepas.lv\\\/en\\\/p\\\/215-60r17-evergreen-es82-96h-sailun\\\/#primaryimage\",\"url\":\"https:\\\/\\\/mmkriepas.lv\\\/wp-content\\\/uploads\\\/2026\\\/04\\\/23560r18-evergreen-es82-107h-xl-sailun-vasaras-riepas.jpg\",\"contentUrl\":\"https:\\\/\\\/mmkriepas.lv\\\/wp-content\\\/uploads\\\/2026\\\/04\\\/23560r18-evergreen-es82-107h-xl-sailun-vasaras-riepas.jpg\",\"width\":1920,\"height\":1440,\"caption\":\"235\\\/60R18 Evergreen ES82 107H XL (Sailun) - Vasaras riepas\"},{\"@type\":\"BreadcrumbList\",\"@id\":\"https:\\\/\\\/mmkriepas.lv\\\/en\\\/p\\\/215-60r17-evergreen-es82-96h-sailun\\\/#breadcrumb\",\"itemListElement\":[{\"@type\":\"ListItem\",\"position\":1,\"name\":\"S\u0101kums\",\"item\":\"https:\\\/\\\/mmkriepas.lv\\\/en\\\/\"},{\"@type\":\"ListItem\",\"position\":2,\"name\":\"215\\\/60R17 Evergreen ES82 96H (Sailun)\"}]},{\"@type\":\"WebSite\",\"@id\":\"https:\\\/\\\/mmkriepas.lv\\\/en\\\/#website\",\"url\":\"https:\\\/\\\/mmkriepas.lv\\\/en\\\/\",\"name\":\"MMK Riepas\",\"description\":\"MMK Riepas\",\"alternateName\":\"MMK Riepu Serviss\",\"potentialAction\":[{\"@type\":\"SearchAction\",\"target\":{\"@type\":\"EntryPoint\",\"urlTemplate\":\"https:\\\/\\\/mmkriepas.lv\\\/en\\\/?s={search_term_string}\"},\"query-input\":{\"@type\":\"PropertyValueSpecification\",\"valueRequired\":true,\"valueName\":\"search_term_string\"}}],\"inLanguage\":\"en-US\"},{\"@type\":\"ImageObject\",\"inLanguage\":\"en-US\",\"@id\":\"https:\\\/\\\/mmkriepas.lv\\\/en\\\/p\\\/215-60r17-evergreen-es82-96h-sailun\\\/#local-main-organization-logo\",\"url\":\"\",\"contentUrl\":\"\",\"caption\":\"MMK Riepas\"}]}<\/script>\n<meta property=\"product:brand\" content=\"Evergreen ES82\" \/>\n<meta property=\"product:price:amount\" content=\"78.00\" \/>\n<meta property=\"product:price:currency\" content=\"EUR\" \/>\n<meta property=\"og:availability\" content=\"instock\" \/>\n<meta property=\"product:availability\" content=\"instock\" \/>\n<meta property=\"product:retailer_item_id\" content=\"TS2156017EVERG-58679\" \/>\n<meta property=\"product:condition\" content=\"new\" \/>\n<!-- \/ Yoast SEO Premium plugin. -->","yoast_head_json":{"title":"215\/60R17 Evergreen ES82 96H (Sailun) &#8226; MMK Riepas","robots":{"index":"index","follow":"follow","max-snippet":"max-snippet:-1","max-image-preview":"max-image-preview:large","max-video-preview":"max-video-preview:-1"},"canonical":"https:\/\/mmkriepas.lv\/en\/p\/215-60r17-evergreen-es82-96h-sailun\/","og_locale":"en_US","og_type":"article","og_title":"215\/60R17 Evergreen ES82 96H (Sailun)","og_description":"Evergreen ES82 ir augst\u0101k\u0101s veiktsp\u0113jas (UHP) vasaras riepa, kas rad\u012bta jaud\u012bgiem krosoveriem un SUV automa\u0161\u012bn\u0101m. \u0160is modelis pied\u0101v\u0101 sportisku vad\u0101m\u012bbu, maksim\u0101lu stabilit\u0101ti pie liela \u0101truma un p\u0101rliecino\u0161u sa\u0137eri uz slapja ce\u013ca seguma, nodro\u0161inot premium l\u012bme\u0146a kontroli par \u013coti pievilc\u012bgu cenu.","og_url":"https:\/\/mmkriepas.lv\/en\/p\/215-60r17-evergreen-es82-96h-sailun\/","og_site_name":"MMK Riepas","article_publisher":"https:\/\/www.facebook.com\/mmkserviss\/","article_modified_time":"2026-04-14T19:15:50+00:00","og_image":[{"width":1920,"height":1440,"url":"https:\/\/mmkriepas.lv\/wp-content\/uploads\/2026\/04\/23560r18-evergreen-es82-107h-xl-sailun-vasaras-riepas.jpg","type":"image\/jpeg"}],"twitter_card":"summary_large_image","twitter_misc":{"Price":"&euro;78.00","Availability":"In stock"},"schema":{"@context":"https:\/\/schema.org","@graph":[{"@type":"WebPage","@id":"https:\/\/mmkriepas.lv\/en\/p\/215-60r17-evergreen-es82-96h-sailun\/","url":"https:\/\/mmkriepas.lv\/en\/p\/215-60r17-evergreen-es82-96h-sailun\/","name":"215\/60R17 Evergreen ES82 96H (Sailun) &#8226; MMK Riepas","isPartOf":{"@id":"https:\/\/mmkriepas.lv\/en\/#website"},"primaryImageOfPage":{"@id":"https:\/\/mmkriepas.lv\/en\/p\/215-60r17-evergreen-es82-96h-sailun\/#primaryimage"},"image":{"@id":"https:\/\/mmkriepas.lv\/en\/p\/215-60r17-evergreen-es82-96h-sailun\/#primaryimage"},"thumbnailUrl":"https:\/\/mmkriepas.lv\/wp-content\/uploads\/2026\/04\/23560r18-evergreen-es82-107h-xl-sailun-vasaras-riepas.jpg","datePublished":"2026-04-07T15:33:54+00:00","dateModified":"2026-04-14T19:15:50+00:00","breadcrumb":{"@id":"https:\/\/mmkriepas.lv\/en\/p\/215-60r17-evergreen-es82-96h-sailun\/#breadcrumb"},"inLanguage":"en-US","potentialAction":[{"@type":"ReadAction","target":["https:\/\/mmkriepas.lv\/en\/p\/215-60r17-evergreen-es82-96h-sailun\/"]}]},{"@type":"ImageObject","inLanguage":"en-US","@id":"https:\/\/mmkriepas.lv\/en\/p\/215-60r17-evergreen-es82-96h-sailun\/#primaryimage","url":"https:\/\/mmkriepas.lv\/wp-content\/uploads\/2026\/04\/23560r18-evergreen-es82-107h-xl-sailun-vasaras-riepas.jpg","contentUrl":"https:\/\/mmkriepas.lv\/wp-content\/uploads\/2026\/04\/23560r18-evergreen-es82-107h-xl-sailun-vasaras-riepas.jpg","width":1920,"height":1440,"caption":"235\/60R18 Evergreen ES82 107H XL (Sailun) - Vasaras riepas"},{"@type":"BreadcrumbList","@id":"https:\/\/mmkriepas.lv\/en\/p\/215-60r17-evergreen-es82-96h-sailun\/#breadcrumb","itemListElement":[{"@type":"ListItem","position":1,"name":"S\u0101kums","item":"https:\/\/mmkriepas.lv\/en\/"},{"@type":"ListItem","position":2,"name":"215\/60R17 Evergreen ES82 96H (Sailun)"}]},{"@type":"WebSite","@id":"https:\/\/mmkriepas.lv\/en\/#website","url":"https:\/\/mmkriepas.lv\/en\/","name":"MMK Riepas","description":"MMK Riepas","alternateName":"MMK Riepu Serviss","potentialAction":[{"@type":"SearchAction","target":{"@type":"EntryPoint","urlTemplate":"https:\/\/mmkriepas.lv\/en\/?s={search_term_string}"},"query-input":{"@type":"PropertyValueSpecification","valueRequired":true,"valueName":"search_term_string"}}],"inLanguage":"en-US"},{"@type":"ImageObject","inLanguage":"en-US","@id":"https:\/\/mmkriepas.lv\/en\/p\/215-60r17-evergreen-es82-96h-sailun\/#local-main-organization-logo","url":"","contentUrl":"","caption":"MMK Riepas"}]},"product_brand":"Evergreen ES82","product_price_amount":"78.00","product_price_currency":"EUR","og_availability":"instock","product_availability":"instock","product_retailer_item_id":"TS2156017EVERG-58679","product_condition":"new"},"_links":{"self":[{"href":"https:\/\/mmkriepas.lv\/en\/wp-json\/wp\/v2\/product\/1482553","targetHints":{"allow":["GET"]}}],"collection":[{"href":"https:\/\/mmkriepas.lv\/en\/wp-json\/wp\/v2\/product"}],"about":[{"href":"https:\/\/mmkriepas.lv\/en\/wp-json\/wp\/v2\/types\/product"}],"wp:featuredmedia":[{"embeddable":true,"href":"https:\/\/mmkriepas.lv\/en\/wp-json\/wp\/v2\/media\/1487376"}],"wp:attachment":[{"href":"https:\/\/mmkriepas.lv\/en\/wp-json\/wp\/v2\/media?parent=1482553"}],"wp:term":[{"taxonomy":"product_brand","embeddable":true,"href":"https:\/\/mmkriepas.lv\/en\/wp-json\/wp\/v2\/product_brand?post=1482553"},{"taxonomy":"product_cat","embeddable":true,"href":"https:\/\/mmkriepas.lv\/en\/wp-json\/wp\/v2\/product_cat?post=1482553"},{"taxonomy":"product_tag","embeddable":true,"href":"https:\/\/mmkriepas.lv\/en\/wp-json\/wp\/v2\/product_tag?post=1482553"}],"curies":[{"name":"wp","href":"https:\/\/api.w.org\/{rel}","templated":true}]}}