{"id":1477687,"date":"2026-04-02T23:17:32","date_gmt":"2026-04-02T20:17:32","guid":{"rendered":"https:\/\/mmkriepas.lv\/?post_type=product&#038;p=1477687"},"modified":"2026-04-14T19:25:49","modified_gmt":"2026-04-14T16:25:49","slug":"205-40r18-road-rider-strada-max-86y-xl-sailun","status":"publish","type":"product","link":"https:\/\/mmkriepas.lv\/en\/p\/205-40r18-road-rider-strada-max-86y-xl-sailun\/","title":{"rendered":"205\/40R18 Road Rider Strada MAX 86Y XL (Sailun)"},"content":{"rendered":"<p data-path-to-node=\"6\"><b data-path-to-node=\"6\" data-index-in-node=\"0\">Road Rider Strada MAX<\/b> iemieso z\u012bmola filozofiju par praktiskumu un efektivit\u0101ti. <b data-path-to-node=\"6\" data-index-in-node=\"81\">Road Rider<\/b> (bie\u017ei saist\u012bts ar Rosava ra\u017eotni) \u0161aj\u0101 &#8220;MAX&#8221; modifik\u0101cij\u0101 ir fokus\u0113jies uz karkasa iztur\u012bbas palielin\u0101\u0161anu un protektora dz\u012bvildzes pagarin\u0101\u0161anu. Tas ir racion\u0101ls risin\u0101jums vid\u0113j\u0101s un kompaktklases automa\u0161\u012bn\u0101m, kur\u0101m nepiecie\u0161ams dro\u0161s, prognoz\u0113jams un finansi\u0101li izdev\u012bgs apr\u012bkojums.<\/p>\n<p data-path-to-node=\"7\">\u0160\u012b riepa ir \u012bpa\u0161i piem\u0113rota m\u016bsu re\u0123iona ce\u013ciem, jo t\u0101s konstrukcija ir veidota t\u0101, lai iztur\u0113tu triecienus un lielas slodzes, ko rada main\u012bga kvalit\u0101tes segums. Strada MAX pied\u0101v\u0101 p\u0101rliecino\u0161u stabilit\u0101ti, kas \u013cauj autovad\u012bt\u0101jam justies dro\u0161i ar\u012b gar\u0101kos p\u0101rbraucienos.<\/p>\n<h3 data-path-to-node=\"8\">Road Rider Strada MAX galven\u0101s iez\u012bmes:<\/h3>\n<ul data-path-to-node=\"9\">\n<li>\n<p data-path-to-node=\"9,0,0\"><b data-path-to-node=\"9,0,0\" data-index-in-node=\"0\">Pastiprin\u0101ta karkasa konstrukcija:<\/b> &#8220;MAX&#8221; s\u0113rija izce\u013cas ar iztur\u012bg\u0101kiem s\u0101nu bortiem, kas nodro\u0161ina lab\u0101ku aizsardz\u012bbu pret meh\u0101niskiem boj\u0101jumiem un &#8220;pumpu&#8221; veido\u0161anos.<\/p>\n<\/li>\n<li>\n<p data-path-to-node=\"9,1,0\"><b data-path-to-node=\"9,1,0\" data-index-in-node=\"0\">Optimiz\u0113ts protektora z\u012bm\u0113jums:<\/b> \u010cetras platas garenvirziena rievas efekt\u012bvi izvada \u016bdeni, b\u016btiski samazinot akvaplan\u0113\u0161anas risku lietus laik\u0101.<\/p>\n<\/li>\n<li>\n<p data-path-to-node=\"9,2,0\"><b data-path-to-node=\"9,2,0\" data-index-in-node=\"0\">Paaugstin\u0101ta nodilumiztur\u012bba:<\/b> Speci\u0101lais gumijas mais\u012bjums ir izstr\u0101d\u0101ts, lai nodro\u0161in\u0101tu l\u0113nu un vienm\u0113r\u012bgu dil\u0161anu, garant\u0113jot augstu kop\u0113jo nobraukumu.<\/p>\n<\/li>\n<li>\n<p data-path-to-node=\"9,3,0\"><b data-path-to-node=\"9,3,0\" data-index-in-node=\"0\">Stabila centr\u0101l\u0101 riba:<\/b> Nodro\u0161ina skaidru virziena stabilit\u0101ti un prec\u012bzu reakciju uz st\u016bres pagriezieniem, braucot pa \u0161oseju.<\/p>\n<\/li>\n<\/ul>\n<h3 data-path-to-node=\"10\">Detaliz\u0113ts apskats:<\/h3>\n<p data-path-to-node=\"11\">Road Rider Strada MAX priorit\u0101te ir <b data-path-to-node=\"11\" data-index-in-node=\"36\">meh\u0101nisk\u0101 iztur\u012bba un ekonomija<\/b>. K\u0101 riepu servisa vad\u012bt\u0101js J\u016bs nov\u0113rt\u0113siet, ka \u0161is modelis ir \u013coti &#8220;pateic\u012bgs&#8221; balans\u0113\u0161an\u0101 un mont\u0101\u017e\u0101 \u2013 vied\u0101 ra\u017eo\u0161anas kontrole nodro\u0161ina augstu karkasa precizit\u0101ti sav\u0101 cenu kategorij\u0101.<\/p>\n<p data-path-to-node=\"12\">Lai gan \u0161\u012b nav ultra-augstas veiktsp\u0113jas riepa sportiskai brauk\u0161anai, t\u0101 uzr\u0101da stabilus bremz\u0113\u0161anas r\u0101d\u012bt\u0101jus pils\u0113tas un \u0161osejas \u0101trumos. Protektora bloku izvietojums ir veidots t\u0101, lai samazin\u0101tu vibr\u0101cijas, nodro\u0161inot pie\u0146emamu akustisko komfortu salon\u0101. T\u0101 ir gudra un dro\u0161a izv\u0113le tiem, kas v\u0113las izvair\u012bties no lietotu riepu riskiem, izv\u0113loties jaunu, uzticamu produktu ar prognoz\u0113jamu veiktsp\u0113ju.<\/p>\n<p data-path-to-node=\"13\"><b data-path-to-node=\"13\" data-index-in-node=\"0\">Road Rider Strada MAX<\/b> ir praktisks instruments J\u016bsu klientu mobilit\u0101tei, pied\u0101v\u0101jot iztur\u012bbu, dro\u0161\u012bbu un zem\u0101k\u0101s izmaksas uz vienu nobraukto kilometru.<\/p>\n","protected":false},"excerpt":{"rendered":"<p><b data-path-to-node=\"3\" data-index-in-node=\"0\">Road Rider Strada MAX<\/b> ir uzticama un ekonomiska vasaras riepa, kas izstr\u0101d\u0101ta, lai nodro\u0161in\u0101tu maksim\u0101lu nobraukumu un stabilu vad\u0101m\u012bbu par bud\u017eeta segmenta cenu. \u0160is modelis ir lieliska izv\u0113le autovad\u012bt\u0101jiem un autoparku p\u0101rvaldniekiem, kuri mekl\u0113 jaunas riepas ar paaugstin\u0101tu nodilumiztur\u012bbu un dro\u0161u sniegumu gan pils\u0113tas apst\u0101k\u013cos, gan uz re\u0123ion\u0101lajiem ce\u013ciem.<\/p>\n","protected":false},"featured_media":1444610,"template":"","meta":{"_acf_changed":false,"ngg_post_thumbnail":0},"product_brand":[],"product_cat":[46],"product_tag":[],"class_list":{"0":"post-1477687","1":"product","2":"type-product","3":"status-publish","4":"has-post-thumbnail","6":"product_cat-vasaras-riepas","8":"first","9":"instock","10":"sale","11":"taxable","12":"shipping-taxable","13":"purchasable","14":"product-type-simple"},"acf":[],"yoast_head":"<!-- This site is optimized with the Yoast SEO Premium plugin v22.6 (Yoast SEO v27.3) - https:\/\/yoast.com\/product\/yoast-seo-premium-wordpress\/ -->\n<title>205\/40R18 Road Rider Strada MAX 86Y XL (Sailun) &#8226; MMK Riepas<\/title>\n<meta name=\"robots\" content=\"index, follow, max-snippet:-1, max-image-preview:large, max-video-preview:-1\" \/>\n<link rel=\"canonical\" href=\"https:\/\/mmkriepas.lv\/en\/p\/205-40r18-road-rider-strada-max-86y-xl-sailun\/\" \/>\n<meta property=\"og:locale\" content=\"en_US\" \/>\n<meta property=\"og:type\" content=\"article\" \/>\n<meta property=\"og:title\" content=\"205\/40R18 Road Rider Strada MAX 86Y XL (Sailun)\" \/>\n<meta property=\"og:description\" content=\"Road Rider Strada MAX ir uzticama un ekonomiska vasaras riepa, kas izstr\u0101d\u0101ta, lai nodro\u0161in\u0101tu maksim\u0101lu nobraukumu un stabilu vad\u0101m\u012bbu par bud\u017eeta segmenta cenu. \u0160is modelis ir lieliska izv\u0113le autovad\u012bt\u0101jiem un autoparku p\u0101rvaldniekiem, kuri mekl\u0113 jaunas riepas ar paaugstin\u0101tu nodilumiztur\u012bbu un dro\u0161u sniegumu gan pils\u0113tas apst\u0101k\u013cos, gan uz re\u0123ion\u0101lajiem ce\u013ciem.\" \/>\n<meta property=\"og:url\" content=\"https:\/\/mmkriepas.lv\/en\/p\/205-40r18-road-rider-strada-max-86y-xl-sailun\/\" \/>\n<meta property=\"og:site_name\" content=\"MMK Riepas\" \/>\n<meta property=\"article:publisher\" content=\"https:\/\/www.facebook.com\/mmkserviss\/\" \/>\n<meta property=\"article:modified_time\" content=\"2026-04-14T16:25:49+00:00\" \/>\n<meta property=\"og:image\" content=\"https:\/\/mmkriepas.lv\/wp-content\/uploads\/2026\/02\/23560r18-road-rider-strada-suv-107w-xl-vasaras-riepas-7.jpg\" \/>\n\t<meta property=\"og:image:width\" content=\"900\" \/>\n\t<meta property=\"og:image:height\" content=\"720\" \/>\n\t<meta property=\"og:image:type\" content=\"image\/jpeg\" \/>\n<meta name=\"twitter:card\" content=\"summary_large_image\" \/>\n<meta name=\"twitter:label1\" content=\"Price\" \/>\n\t<meta name=\"twitter:data1\" content=\"&euro;71.00\" \/>\n\t<meta name=\"twitter:label2\" content=\"Availability\" \/>\n\t<meta name=\"twitter:data2\" content=\"In stock\" \/>\n<script type=\"application\/ld+json\" class=\"yoast-schema-graph\">{\"@context\":\"https:\\\/\\\/schema.org\",\"@graph\":[{\"@type\":\"WebPage\",\"@id\":\"https:\\\/\\\/mmkriepas.lv\\\/en\\\/p\\\/205-40r18-road-rider-strada-max-86y-xl-sailun\\\/\",\"url\":\"https:\\\/\\\/mmkriepas.lv\\\/en\\\/p\\\/205-40r18-road-rider-strada-max-86y-xl-sailun\\\/\",\"name\":\"205\\\/40R18 Road Rider Strada MAX 86Y XL (Sailun) &#8226; MMK Riepas\",\"isPartOf\":{\"@id\":\"https:\\\/\\\/mmkriepas.lv\\\/en\\\/#website\"},\"primaryImageOfPage\":{\"@id\":\"https:\\\/\\\/mmkriepas.lv\\\/en\\\/p\\\/205-40r18-road-rider-strada-max-86y-xl-sailun\\\/#primaryimage\"},\"image\":{\"@id\":\"https:\\\/\\\/mmkriepas.lv\\\/en\\\/p\\\/205-40r18-road-rider-strada-max-86y-xl-sailun\\\/#primaryimage\"},\"thumbnailUrl\":\"https:\\\/\\\/mmkriepas.lv\\\/wp-content\\\/uploads\\\/2026\\\/02\\\/23560r18-road-rider-strada-suv-107w-xl-vasaras-riepas-7.jpg\",\"datePublished\":\"2026-04-02T20:17:32+00:00\",\"dateModified\":\"2026-04-14T16:25:49+00:00\",\"breadcrumb\":{\"@id\":\"https:\\\/\\\/mmkriepas.lv\\\/en\\\/p\\\/205-40r18-road-rider-strada-max-86y-xl-sailun\\\/#breadcrumb\"},\"inLanguage\":\"en-US\",\"potentialAction\":[{\"@type\":\"ReadAction\",\"target\":[\"https:\\\/\\\/mmkriepas.lv\\\/en\\\/p\\\/205-40r18-road-rider-strada-max-86y-xl-sailun\\\/\"]}]},{\"@type\":\"ImageObject\",\"inLanguage\":\"en-US\",\"@id\":\"https:\\\/\\\/mmkriepas.lv\\\/en\\\/p\\\/205-40r18-road-rider-strada-max-86y-xl-sailun\\\/#primaryimage\",\"url\":\"https:\\\/\\\/mmkriepas.lv\\\/wp-content\\\/uploads\\\/2026\\\/02\\\/23560r18-road-rider-strada-suv-107w-xl-vasaras-riepas-7.jpg\",\"contentUrl\":\"https:\\\/\\\/mmkriepas.lv\\\/wp-content\\\/uploads\\\/2026\\\/02\\\/23560r18-road-rider-strada-suv-107w-xl-vasaras-riepas-7.jpg\",\"width\":900,\"height\":720,\"caption\":\"235\\\/60R18 Road Rider Strada SUV 107W XL - Vasaras riepas\"},{\"@type\":\"BreadcrumbList\",\"@id\":\"https:\\\/\\\/mmkriepas.lv\\\/en\\\/p\\\/205-40r18-road-rider-strada-max-86y-xl-sailun\\\/#breadcrumb\",\"itemListElement\":[{\"@type\":\"ListItem\",\"position\":1,\"name\":\"S\u0101kums\",\"item\":\"https:\\\/\\\/mmkriepas.lv\\\/en\\\/\"},{\"@type\":\"ListItem\",\"position\":2,\"name\":\"205\\\/40R18 Road Rider Strada MAX 86Y XL (Sailun)\"}]},{\"@type\":\"WebSite\",\"@id\":\"https:\\\/\\\/mmkriepas.lv\\\/en\\\/#website\",\"url\":\"https:\\\/\\\/mmkriepas.lv\\\/en\\\/\",\"name\":\"MMK Riepas\",\"description\":\"MMK Riepas\",\"alternateName\":\"MMK Riepu Serviss\",\"potentialAction\":[{\"@type\":\"SearchAction\",\"target\":{\"@type\":\"EntryPoint\",\"urlTemplate\":\"https:\\\/\\\/mmkriepas.lv\\\/en\\\/?s={search_term_string}\"},\"query-input\":{\"@type\":\"PropertyValueSpecification\",\"valueRequired\":true,\"valueName\":\"search_term_string\"}}],\"inLanguage\":\"en-US\"},{\"@type\":\"ImageObject\",\"inLanguage\":\"en-US\",\"@id\":\"https:\\\/\\\/mmkriepas.lv\\\/en\\\/p\\\/205-40r18-road-rider-strada-max-86y-xl-sailun\\\/#local-main-organization-logo\",\"url\":\"\",\"contentUrl\":\"\",\"caption\":\"MMK Riepas\"}]}<\/script>\n<meta property=\"product:brand\" content=\"Road Rider Strada Max\" \/>\n<meta property=\"product:price:amount\" content=\"71.00\" \/>\n<meta property=\"product:price:currency\" content=\"EUR\" \/>\n<meta property=\"og:availability\" content=\"instock\" \/>\n<meta property=\"product:availability\" content=\"instock\" \/>\n<meta property=\"product:retailer_item_id\" content=\"TS2054018ROADR-L58429\" \/>\n<meta property=\"product:condition\" content=\"new\" \/>\n<!-- \/ Yoast SEO Premium plugin. -->","yoast_head_json":{"title":"205\/40R18 Road Rider Strada MAX 86Y XL (Sailun) &#8226; MMK Riepas","robots":{"index":"index","follow":"follow","max-snippet":"max-snippet:-1","max-image-preview":"max-image-preview:large","max-video-preview":"max-video-preview:-1"},"canonical":"https:\/\/mmkriepas.lv\/en\/p\/205-40r18-road-rider-strada-max-86y-xl-sailun\/","og_locale":"en_US","og_type":"article","og_title":"205\/40R18 Road Rider Strada MAX 86Y XL (Sailun)","og_description":"Road Rider Strada MAX ir uzticama un ekonomiska vasaras riepa, kas izstr\u0101d\u0101ta, lai nodro\u0161in\u0101tu maksim\u0101lu nobraukumu un stabilu vad\u0101m\u012bbu par bud\u017eeta segmenta cenu. \u0160is modelis ir lieliska izv\u0113le autovad\u012bt\u0101jiem un autoparku p\u0101rvaldniekiem, kuri mekl\u0113 jaunas riepas ar paaugstin\u0101tu nodilumiztur\u012bbu un dro\u0161u sniegumu gan pils\u0113tas apst\u0101k\u013cos, gan uz re\u0123ion\u0101lajiem ce\u013ciem.","og_url":"https:\/\/mmkriepas.lv\/en\/p\/205-40r18-road-rider-strada-max-86y-xl-sailun\/","og_site_name":"MMK Riepas","article_publisher":"https:\/\/www.facebook.com\/mmkserviss\/","article_modified_time":"2026-04-14T16:25:49+00:00","og_image":[{"width":900,"height":720,"url":"https:\/\/mmkriepas.lv\/wp-content\/uploads\/2026\/02\/23560r18-road-rider-strada-suv-107w-xl-vasaras-riepas-7.jpg","type":"image\/jpeg"}],"twitter_card":"summary_large_image","twitter_misc":{"Price":"&euro;71.00","Availability":"In stock"},"schema":{"@context":"https:\/\/schema.org","@graph":[{"@type":"WebPage","@id":"https:\/\/mmkriepas.lv\/en\/p\/205-40r18-road-rider-strada-max-86y-xl-sailun\/","url":"https:\/\/mmkriepas.lv\/en\/p\/205-40r18-road-rider-strada-max-86y-xl-sailun\/","name":"205\/40R18 Road Rider Strada MAX 86Y XL (Sailun) &#8226; MMK Riepas","isPartOf":{"@id":"https:\/\/mmkriepas.lv\/en\/#website"},"primaryImageOfPage":{"@id":"https:\/\/mmkriepas.lv\/en\/p\/205-40r18-road-rider-strada-max-86y-xl-sailun\/#primaryimage"},"image":{"@id":"https:\/\/mmkriepas.lv\/en\/p\/205-40r18-road-rider-strada-max-86y-xl-sailun\/#primaryimage"},"thumbnailUrl":"https:\/\/mmkriepas.lv\/wp-content\/uploads\/2026\/02\/23560r18-road-rider-strada-suv-107w-xl-vasaras-riepas-7.jpg","datePublished":"2026-04-02T20:17:32+00:00","dateModified":"2026-04-14T16:25:49+00:00","breadcrumb":{"@id":"https:\/\/mmkriepas.lv\/en\/p\/205-40r18-road-rider-strada-max-86y-xl-sailun\/#breadcrumb"},"inLanguage":"en-US","potentialAction":[{"@type":"ReadAction","target":["https:\/\/mmkriepas.lv\/en\/p\/205-40r18-road-rider-strada-max-86y-xl-sailun\/"]}]},{"@type":"ImageObject","inLanguage":"en-US","@id":"https:\/\/mmkriepas.lv\/en\/p\/205-40r18-road-rider-strada-max-86y-xl-sailun\/#primaryimage","url":"https:\/\/mmkriepas.lv\/wp-content\/uploads\/2026\/02\/23560r18-road-rider-strada-suv-107w-xl-vasaras-riepas-7.jpg","contentUrl":"https:\/\/mmkriepas.lv\/wp-content\/uploads\/2026\/02\/23560r18-road-rider-strada-suv-107w-xl-vasaras-riepas-7.jpg","width":900,"height":720,"caption":"235\/60R18 Road Rider Strada SUV 107W XL - Vasaras riepas"},{"@type":"BreadcrumbList","@id":"https:\/\/mmkriepas.lv\/en\/p\/205-40r18-road-rider-strada-max-86y-xl-sailun\/#breadcrumb","itemListElement":[{"@type":"ListItem","position":1,"name":"S\u0101kums","item":"https:\/\/mmkriepas.lv\/en\/"},{"@type":"ListItem","position":2,"name":"205\/40R18 Road Rider Strada MAX 86Y XL (Sailun)"}]},{"@type":"WebSite","@id":"https:\/\/mmkriepas.lv\/en\/#website","url":"https:\/\/mmkriepas.lv\/en\/","name":"MMK Riepas","description":"MMK Riepas","alternateName":"MMK Riepu Serviss","potentialAction":[{"@type":"SearchAction","target":{"@type":"EntryPoint","urlTemplate":"https:\/\/mmkriepas.lv\/en\/?s={search_term_string}"},"query-input":{"@type":"PropertyValueSpecification","valueRequired":true,"valueName":"search_term_string"}}],"inLanguage":"en-US"},{"@type":"ImageObject","inLanguage":"en-US","@id":"https:\/\/mmkriepas.lv\/en\/p\/205-40r18-road-rider-strada-max-86y-xl-sailun\/#local-main-organization-logo","url":"","contentUrl":"","caption":"MMK Riepas"}]},"product_brand":"Road Rider Strada Max","product_price_amount":"71.00","product_price_currency":"EUR","og_availability":"instock","product_availability":"instock","product_retailer_item_id":"TS2054018ROADR-L58429","product_condition":"new"},"_links":{"self":[{"href":"https:\/\/mmkriepas.lv\/en\/wp-json\/wp\/v2\/product\/1477687","targetHints":{"allow":["GET"]}}],"collection":[{"href":"https:\/\/mmkriepas.lv\/en\/wp-json\/wp\/v2\/product"}],"about":[{"href":"https:\/\/mmkriepas.lv\/en\/wp-json\/wp\/v2\/types\/product"}],"wp:featuredmedia":[{"embeddable":true,"href":"https:\/\/mmkriepas.lv\/en\/wp-json\/wp\/v2\/media\/1444610"}],"wp:attachment":[{"href":"https:\/\/mmkriepas.lv\/en\/wp-json\/wp\/v2\/media?parent=1477687"}],"wp:term":[{"taxonomy":"product_brand","embeddable":true,"href":"https:\/\/mmkriepas.lv\/en\/wp-json\/wp\/v2\/product_brand?post=1477687"},{"taxonomy":"product_cat","embeddable":true,"href":"https:\/\/mmkriepas.lv\/en\/wp-json\/wp\/v2\/product_cat?post=1477687"},{"taxonomy":"product_tag","embeddable":true,"href":"https:\/\/mmkriepas.lv\/en\/wp-json\/wp\/v2\/product_tag?post=1477687"}],"curies":[{"name":"wp","href":"https:\/\/api.w.org\/{rel}","templated":true}]}}