{"id":1476829,"date":"2026-03-30T23:14:44","date_gmt":"2026-03-30T20:14:44","guid":{"rendered":"https:\/\/mmkriepas.lv\/?post_type=product&#038;p=1476829"},"modified":"2026-04-08T23:53:09","modified_gmt":"2026-04-08T20:53:09","slug":"315-35r20-evergreen-es880-110y-xl-sailun","status":"publish","type":"product","link":"https:\/\/mmkriepas.lv\/en\/p\/315-35r20-evergreen-es880-110y-xl-sailun\/","title":{"rendered":"315\/35R20 Evergreen ES880 110Y XL (Sailun)"},"content":{"rendered":"<p><b>Evergreen ES880<\/b><span style=\"font-weight: 400;\"> ir ultra augstas veiktsp\u0113jas (UHP) vasaras riepa, kas rad\u012bta, lai pied\u0101v\u0101tu perfektu l\u012bdzsvaru starp sportisku vad\u0101m\u012bbu, dro\u0161\u012bbu uz slapja ce\u013ca un degvielas ekonomiju. \u0160is modelis ir izcila izv\u0113le vid\u0113j\u0101s un premium klases sedaniem, nodro\u0161inot stabilit\u0101ti liel\u0101 \u0101trum\u0101 un izcilu akustisko komfortu par \u013coti konkur\u0113tsp\u0113j\u012bgu cenu.<\/span><\/p>\n","protected":false},"excerpt":{"rendered":"<p><b>Evergreen ES880<\/b><span style=\"font-weight: 400;\"> iemieso z\u012bmola filozofiju par tehnolo\u0123iski progres\u012bvu un dro\u0161u mobilit\u0101ti. <\/span><b>Evergreen<\/b><span style=\"font-weight: 400;\">, b\u016bdams viens no vado\u0161ajiem inov\u0101ciju ievies\u0113jiem sav\u0101 segment\u0101, ES880 model\u012b ir integr\u0113jis risin\u0101jumus, kas parasti atrodami tikai premium klases flagma\u0146os. Tas \u013cauj vad\u012bt\u0101jam baud\u012bt prec\u012bzu kontroli p\u0101r automa\u0161\u012bnu gan uz sakarsu\u0161a asfalta, gan negaid\u012bta vasaras lietus laik\u0101.<\/span><\/p>\n<p><span style=\"font-weight: 400;\">Pateicoties modernajam ra\u017eo\u0161anas procesam, ES880 izce\u013cas ar augstu konstrukcijas kvalit\u0101ti, kas nodro\u0161ina vienm\u0113r\u012bgu gaitu un minim\u0101lu svara nob\u012bdi, padarot \u0161\u012bs riepas viegli balans\u0113jamas un dro\u0161as pie liel\u0101m slodz\u0113m.<\/span><\/p>\n<h3><b>Evergreen ES880 galven\u0101s iez\u012bmes:<\/b><\/h3>\n<ul>\n<li style=\"font-weight: 400;\" aria-level=\"1\"><b>Asimetrisks protektora dizains:<\/b><span style=\"font-weight: 400;\"> Sadal\u012bt\u0101s funkcion\u0101l\u0101s zonas nodro\u0161ina t\u016bl\u012bt\u0113ju sa\u0137eri pagriezienos un efekt\u012bvu \u016bdens novad\u012b\u0161anu taisnvirziena kust\u012bb\u0101.<\/span><\/li>\n<li style=\"font-weight: 400;\" aria-level=\"1\"><b>\u010cetras platas dren\u0101\u017eas rievas:<\/b><span style=\"font-weight: 400;\"> \u012apa\u0161i izstr\u0101d\u0101tas, lai efekt\u012bvi \u0161\u0137eltu \u016bdens pl\u0113vi un minimiz\u0113tu akvaplan\u0113\u0161anas risku pat sp\u0113c\u012bga lietus laik\u0101.<\/span><\/li>\n<li style=\"font-weight: 400;\" aria-level=\"1\"><b>Augstas koncentr\u0101cijas sil\u012bcija (Silica) sast\u0101vs:<\/b><span style=\"font-weight: 400;\"> Inovat\u012bvais gumijas mais\u012bjums uzlabo bremz\u0113\u0161anas efektivit\u0101ti uz slapja seguma un samazina rites pretest\u012bbu, taupot degvielu.<\/span><\/li>\n<li style=\"font-weight: 400;\" aria-level=\"1\"><b>Optimiz\u0113ts kontakta laukums:<\/b><span style=\"font-weight: 400;\"> Nodro\u0161ina vienm\u0113r\u012bgu spiediena sadali, kas pal\u012bdz izvair\u012bties no nevienm\u0113r\u012bga nodiluma un pagarina riepas kalpo\u0161anas laiku.<\/span><\/li>\n<\/ul>\n<p><b>Evergreen<\/b><span style=\"font-weight: 400;\"> ir viens no pasaul\u0113 progres\u012bv\u0101kajiem un inovat\u012bv\u0101kajiem riepu ra\u017eot\u0101jiem, kas izmanto viedo &#8220;Industry 4.0&#8221; ra\u017eo\u0161anas modeli, nodro\u0161inot augst\u0101k\u0101 l\u012bme\u0146a precizit\u0101ti un dro\u0161\u012bbu katrai riepai.<\/span><\/p>\n<h3><b>Detaliz\u0113ts apskats:<\/b><\/h3>\n<p><span style=\"font-weight: 400;\">Evergreen ES880 priorit\u0101te ir <\/span><b>vad\u0101m\u012bbas precizit\u0101te un komforts<\/b><span style=\"font-weight: 400;\">. Ra\u017eot\u0101ja iek\u0161\u0113jie testi liecina, ka \u0161is modelis uzr\u0101da \u013coti stabilus bremz\u0113\u0161anas r\u0101d\u012bt\u0101jus, ierindojoties starp lab\u0101kajiem sav\u0101 segment\u0101. Pateicoties mas\u012bvajiem \u0101r\u0113jiem plecu blokiem, riepa nezaud\u0113 stabilit\u0101ti asos manevros, sniedzot vad\u012bt\u0101jam augstu p\u0101rliec\u012bbas saj\u016btu.<\/span><\/p>\n<p><span style=\"font-weight: 400;\">Evergreen invest\u012bcijas <\/span><b>p\u0113tniec\u012bb\u0101 un att\u012bst\u012bb\u0101<\/b><span style=\"font-weight: 400;\"> ir \u013c\u0101vu\u0161as rad\u012bt protektora rakstu, kas ne tikai dro\u0161i &#8220;tur&#8221; ce\u013cu, bet ar\u012b str\u0101d\u0101 negaid\u012bti klusi. Protektora bloku main\u012bgais solis ir izstr\u0101d\u0101ts t\u0101, lai sl\u0101p\u0113tu ska\u0146as vi\u013c\u0146us, nodro\u0161inot akustisko komfortu salon\u0101 ar\u012b gar\u0101kos braucienos pa \u0161oseju.<\/span><\/p>\n<p><b>Evergreen ES880<\/b><span style=\"font-weight: 400;\"> ir gudra izv\u0113le racion\u0101liem autovad\u012bt\u0101jiem, kuri v\u0113las apr\u012bkot savu auto ar modern\u0101m, uzticam\u0101m un jaud\u012bg\u0101m riep\u0101m, baudot inovat\u012bv\u0101k\u0101 ra\u017eot\u0101ja sniegto dro\u0161\u012bbu katr\u0101 braucien\u0101.<\/span><\/p>\n","protected":false},"featured_media":1482788,"template":"","meta":{"_acf_changed":false,"ngg_post_thumbnail":0},"product_brand":[],"product_cat":[46],"product_tag":[],"class_list":{"0":"post-1476829","1":"product","2":"type-product","3":"status-publish","4":"has-post-thumbnail","6":"product_cat-vasaras-riepas","8":"first","9":"instock","10":"sale","11":"taxable","12":"shipping-taxable","13":"purchasable","14":"product-type-simple"},"acf":[],"yoast_head":"<!-- This site is optimized with the Yoast SEO Premium plugin v22.6 (Yoast SEO v27.3) - https:\/\/yoast.com\/product\/yoast-seo-premium-wordpress\/ -->\n<title>315\/35R20 Evergreen ES880 110Y XL (Sailun) &#8226; MMK Riepas<\/title>\n<meta name=\"robots\" content=\"index, follow, max-snippet:-1, max-image-preview:large, max-video-preview:-1\" \/>\n<link rel=\"canonical\" href=\"https:\/\/mmkriepas.lv\/en\/p\/315-35r20-evergreen-es880-110y-xl-sailun\/\" \/>\n<meta property=\"og:locale\" content=\"en_US\" \/>\n<meta property=\"og:type\" content=\"article\" \/>\n<meta property=\"og:title\" content=\"315\/35R20 Evergreen ES880 110Y XL (Sailun)\" \/>\n<meta property=\"og:description\" content=\"Evergreen ES880 iemieso z\u012bmola filozofiju par tehnolo\u0123iski progres\u012bvu un dro\u0161u mobilit\u0101ti. Evergreen, b\u016bdams viens no vado\u0161ajiem inov\u0101ciju ievies\u0113jiem sav\u0101 segment\u0101, ES880 model\u012b ir integr\u0113jis risin\u0101jumus, kas parasti atrodami tikai premium klases flagma\u0146os. Tas \u013cauj vad\u012bt\u0101jam baud\u012bt prec\u012bzu kontroli p\u0101r automa\u0161\u012bnu gan uz sakarsu\u0161a asfalta, gan negaid\u012bta vasaras lietus laik\u0101.Pateicoties modernajam ra\u017eo\u0161anas procesam, ES880 izce\u013cas ar augstu konstrukcijas kvalit\u0101ti, kas nodro\u0161ina vienm\u0113r\u012bgu gaitu un minim\u0101lu svara nob\u012bdi, padarot \u0161\u012bs riepas viegli balans\u0113jamas un dro\u0161as pie liel\u0101m slodz\u0113m.Evergreen ES880 galven\u0101s iez\u012bmes:Asimetrisks protektora dizains: Sadal\u012bt\u0101s funkcion\u0101l\u0101s zonas nodro\u0161ina t\u016bl\u012bt\u0113ju sa\u0137eri pagriezienos un efekt\u012bvu \u016bdens novad\u012b\u0161anu taisnvirziena kust\u012bb\u0101.\u010cetras platas dren\u0101\u017eas rievas: \u012apa\u0161i izstr\u0101d\u0101tas, lai efekt\u012bvi \u0161\u0137eltu \u016bdens pl\u0113vi un minimiz\u0113tu akvaplan\u0113\u0161anas risku pat sp\u0113c\u012bga lietus laik\u0101.Augstas koncentr\u0101cijas sil\u012bcija (Silica) sast\u0101vs: Inovat\u012bvais gumijas mais\u012bjums uzlabo bremz\u0113\u0161anas efektivit\u0101ti uz slapja seguma un samazina rites pretest\u012bbu, taupot degvielu.Optimiz\u0113ts kontakta laukums: Nodro\u0161ina vienm\u0113r\u012bgu spiediena sadali, kas pal\u012bdz izvair\u012bties no nevienm\u0113r\u012bga nodiluma un pagarina riepas kalpo\u0161anas laiku.Evergreen ir viens no pasaul\u0113 progres\u012bv\u0101kajiem un inovat\u012bv\u0101kajiem riepu ra\u017eot\u0101jiem, kas izmanto viedo &quot;Industry 4.0&quot; ra\u017eo\u0161anas modeli, nodro\u0161inot augst\u0101k\u0101 l\u012bme\u0146a precizit\u0101ti un dro\u0161\u012bbu katrai riepai.Detaliz\u0113ts apskats:Evergreen ES880 priorit\u0101te ir vad\u0101m\u012bbas precizit\u0101te un komforts. Ra\u017eot\u0101ja iek\u0161\u0113jie testi liecina, ka \u0161is modelis uzr\u0101da \u013coti stabilus bremz\u0113\u0161anas r\u0101d\u012bt\u0101jus, ierindojoties starp lab\u0101kajiem sav\u0101 segment\u0101. Pateicoties mas\u012bvajiem \u0101r\u0113jiem plecu blokiem, riepa nezaud\u0113 stabilit\u0101ti asos manevros, sniedzot vad\u012bt\u0101jam augstu p\u0101rliec\u012bbas saj\u016btu.Evergreen invest\u012bcijas p\u0113tniec\u012bb\u0101 un att\u012bst\u012bb\u0101 ir \u013c\u0101vu\u0161as rad\u012bt protektora rakstu, kas ne tikai dro\u0161i &quot;tur&quot; ce\u013cu, bet ar\u012b str\u0101d\u0101 negaid\u012bti klusi. Protektora bloku main\u012bgais solis ir izstr\u0101d\u0101ts t\u0101, lai sl\u0101p\u0113tu ska\u0146as vi\u013c\u0146us, nodro\u0161inot akustisko komfortu salon\u0101 ar\u012b gar\u0101kos braucienos pa \u0161oseju.Evergreen ES880 ir gudra izv\u0113le racion\u0101liem autovad\u012bt\u0101jiem, kuri v\u0113las apr\u012bkot savu auto ar modern\u0101m, uzticam\u0101m un jaud\u012bg\u0101m riep\u0101m, baudot inovat\u012bv\u0101k\u0101 ra\u017eot\u0101ja sniegto dro\u0161\u012bbu katr\u0101 braucien\u0101.\" \/>\n<meta property=\"og:url\" content=\"https:\/\/mmkriepas.lv\/en\/p\/315-35r20-evergreen-es880-110y-xl-sailun\/\" \/>\n<meta property=\"og:site_name\" content=\"MMK Riepas\" \/>\n<meta property=\"article:publisher\" content=\"https:\/\/www.facebook.com\/mmkserviss\/\" \/>\n<meta property=\"article:modified_time\" content=\"2026-04-08T20:53:09+00:00\" \/>\n<meta property=\"og:image\" content=\"https:\/\/mmkriepas.lv\/wp-content\/uploads\/2026\/04\/31535r20-evergreen-es880-110y-xl-sailun-vasaras-riepas.jpg\" \/>\n\t<meta property=\"og:image:width\" content=\"1920\" \/>\n\t<meta property=\"og:image:height\" content=\"1440\" \/>\n\t<meta property=\"og:image:type\" content=\"image\/jpeg\" \/>\n<meta name=\"twitter:card\" content=\"summary_large_image\" \/>\n<meta name=\"twitter:label1\" content=\"Price\" \/>\n\t<meta name=\"twitter:data1\" content=\"&euro;115.00\" \/>\n\t<meta name=\"twitter:label2\" content=\"Availability\" \/>\n\t<meta name=\"twitter:data2\" content=\"In stock\" \/>\n<script type=\"application\/ld+json\" class=\"yoast-schema-graph\">{\"@context\":\"https:\\\/\\\/schema.org\",\"@graph\":[{\"@type\":\"WebPage\",\"@id\":\"https:\\\/\\\/mmkriepas.lv\\\/en\\\/p\\\/315-35r20-evergreen-es880-110y-xl-sailun\\\/\",\"url\":\"https:\\\/\\\/mmkriepas.lv\\\/en\\\/p\\\/315-35r20-evergreen-es880-110y-xl-sailun\\\/\",\"name\":\"315\\\/35R20 Evergreen ES880 110Y XL (Sailun) &#8226; MMK Riepas\",\"isPartOf\":{\"@id\":\"https:\\\/\\\/mmkriepas.lv\\\/en\\\/#website\"},\"primaryImageOfPage\":{\"@id\":\"https:\\\/\\\/mmkriepas.lv\\\/en\\\/p\\\/315-35r20-evergreen-es880-110y-xl-sailun\\\/#primaryimage\"},\"image\":{\"@id\":\"https:\\\/\\\/mmkriepas.lv\\\/en\\\/p\\\/315-35r20-evergreen-es880-110y-xl-sailun\\\/#primaryimage\"},\"thumbnailUrl\":\"https:\\\/\\\/mmkriepas.lv\\\/wp-content\\\/uploads\\\/2026\\\/04\\\/31535r20-evergreen-es880-110y-xl-sailun-vasaras-riepas.jpg\",\"datePublished\":\"2026-03-30T20:14:44+00:00\",\"dateModified\":\"2026-04-08T20:53:09+00:00\",\"breadcrumb\":{\"@id\":\"https:\\\/\\\/mmkriepas.lv\\\/en\\\/p\\\/315-35r20-evergreen-es880-110y-xl-sailun\\\/#breadcrumb\"},\"inLanguage\":\"en-US\",\"potentialAction\":[{\"@type\":\"ReadAction\",\"target\":[\"https:\\\/\\\/mmkriepas.lv\\\/en\\\/p\\\/315-35r20-evergreen-es880-110y-xl-sailun\\\/\"]}]},{\"@type\":\"ImageObject\",\"inLanguage\":\"en-US\",\"@id\":\"https:\\\/\\\/mmkriepas.lv\\\/en\\\/p\\\/315-35r20-evergreen-es880-110y-xl-sailun\\\/#primaryimage\",\"url\":\"https:\\\/\\\/mmkriepas.lv\\\/wp-content\\\/uploads\\\/2026\\\/04\\\/31535r20-evergreen-es880-110y-xl-sailun-vasaras-riepas.jpg\",\"contentUrl\":\"https:\\\/\\\/mmkriepas.lv\\\/wp-content\\\/uploads\\\/2026\\\/04\\\/31535r20-evergreen-es880-110y-xl-sailun-vasaras-riepas.jpg\",\"width\":1920,\"height\":1440,\"caption\":\"315\\\/35R20 Evergreen ES880 110Y XL (Sailun) - Vasaras riepas\"},{\"@type\":\"BreadcrumbList\",\"@id\":\"https:\\\/\\\/mmkriepas.lv\\\/en\\\/p\\\/315-35r20-evergreen-es880-110y-xl-sailun\\\/#breadcrumb\",\"itemListElement\":[{\"@type\":\"ListItem\",\"position\":1,\"name\":\"S\u0101kums\",\"item\":\"https:\\\/\\\/mmkriepas.lv\\\/en\\\/\"},{\"@type\":\"ListItem\",\"position\":2,\"name\":\"315\\\/35R20 Evergreen ES880 110Y XL (Sailun)\"}]},{\"@type\":\"WebSite\",\"@id\":\"https:\\\/\\\/mmkriepas.lv\\\/en\\\/#website\",\"url\":\"https:\\\/\\\/mmkriepas.lv\\\/en\\\/\",\"name\":\"MMK Riepas\",\"description\":\"MMK Riepas\",\"alternateName\":\"MMK Riepu Serviss\",\"potentialAction\":[{\"@type\":\"SearchAction\",\"target\":{\"@type\":\"EntryPoint\",\"urlTemplate\":\"https:\\\/\\\/mmkriepas.lv\\\/en\\\/?s={search_term_string}\"},\"query-input\":{\"@type\":\"PropertyValueSpecification\",\"valueRequired\":true,\"valueName\":\"search_term_string\"}}],\"inLanguage\":\"en-US\"},{\"@type\":\"ImageObject\",\"inLanguage\":\"en-US\",\"@id\":\"https:\\\/\\\/mmkriepas.lv\\\/en\\\/p\\\/315-35r20-evergreen-es880-110y-xl-sailun\\\/#local-main-organization-logo\",\"url\":\"\",\"contentUrl\":\"\",\"caption\":\"MMK Riepas\"}]}<\/script>\n<meta property=\"product:brand\" content=\"Evergreen ES880\" \/>\n<meta property=\"product:price:amount\" content=\"115.00\" \/>\n<meta property=\"product:price:currency\" content=\"EUR\" \/>\n<meta property=\"og:availability\" content=\"instock\" \/>\n<meta property=\"product:availability\" content=\"instock\" \/>\n<meta property=\"product:retailer_item_id\" content=\"TS3153520EVERG-58364\" \/>\n<meta property=\"product:condition\" content=\"new\" \/>\n<!-- \/ Yoast SEO Premium plugin. -->","yoast_head_json":{"title":"315\/35R20 Evergreen ES880 110Y XL (Sailun) &#8226; MMK Riepas","robots":{"index":"index","follow":"follow","max-snippet":"max-snippet:-1","max-image-preview":"max-image-preview:large","max-video-preview":"max-video-preview:-1"},"canonical":"https:\/\/mmkriepas.lv\/en\/p\/315-35r20-evergreen-es880-110y-xl-sailun\/","og_locale":"en_US","og_type":"article","og_title":"315\/35R20 Evergreen ES880 110Y XL (Sailun)","og_description":"Evergreen ES880 iemieso z\u012bmola filozofiju par tehnolo\u0123iski progres\u012bvu un dro\u0161u mobilit\u0101ti. Evergreen, b\u016bdams viens no vado\u0161ajiem inov\u0101ciju ievies\u0113jiem sav\u0101 segment\u0101, ES880 model\u012b ir integr\u0113jis risin\u0101jumus, kas parasti atrodami tikai premium klases flagma\u0146os. Tas \u013cauj vad\u012bt\u0101jam baud\u012bt prec\u012bzu kontroli p\u0101r automa\u0161\u012bnu gan uz sakarsu\u0161a asfalta, gan negaid\u012bta vasaras lietus laik\u0101.Pateicoties modernajam ra\u017eo\u0161anas procesam, ES880 izce\u013cas ar augstu konstrukcijas kvalit\u0101ti, kas nodro\u0161ina vienm\u0113r\u012bgu gaitu un minim\u0101lu svara nob\u012bdi, padarot \u0161\u012bs riepas viegli balans\u0113jamas un dro\u0161as pie liel\u0101m slodz\u0113m.Evergreen ES880 galven\u0101s iez\u012bmes:Asimetrisks protektora dizains: Sadal\u012bt\u0101s funkcion\u0101l\u0101s zonas nodro\u0161ina t\u016bl\u012bt\u0113ju sa\u0137eri pagriezienos un efekt\u012bvu \u016bdens novad\u012b\u0161anu taisnvirziena kust\u012bb\u0101.\u010cetras platas dren\u0101\u017eas rievas: \u012apa\u0161i izstr\u0101d\u0101tas, lai efekt\u012bvi \u0161\u0137eltu \u016bdens pl\u0113vi un minimiz\u0113tu akvaplan\u0113\u0161anas risku pat sp\u0113c\u012bga lietus laik\u0101.Augstas koncentr\u0101cijas sil\u012bcija (Silica) sast\u0101vs: Inovat\u012bvais gumijas mais\u012bjums uzlabo bremz\u0113\u0161anas efektivit\u0101ti uz slapja seguma un samazina rites pretest\u012bbu, taupot degvielu.Optimiz\u0113ts kontakta laukums: Nodro\u0161ina vienm\u0113r\u012bgu spiediena sadali, kas pal\u012bdz izvair\u012bties no nevienm\u0113r\u012bga nodiluma un pagarina riepas kalpo\u0161anas laiku.Evergreen ir viens no pasaul\u0113 progres\u012bv\u0101kajiem un inovat\u012bv\u0101kajiem riepu ra\u017eot\u0101jiem, kas izmanto viedo \"Industry 4.0\" ra\u017eo\u0161anas modeli, nodro\u0161inot augst\u0101k\u0101 l\u012bme\u0146a precizit\u0101ti un dro\u0161\u012bbu katrai riepai.Detaliz\u0113ts apskats:Evergreen ES880 priorit\u0101te ir vad\u0101m\u012bbas precizit\u0101te un komforts. Ra\u017eot\u0101ja iek\u0161\u0113jie testi liecina, ka \u0161is modelis uzr\u0101da \u013coti stabilus bremz\u0113\u0161anas r\u0101d\u012bt\u0101jus, ierindojoties starp lab\u0101kajiem sav\u0101 segment\u0101. Pateicoties mas\u012bvajiem \u0101r\u0113jiem plecu blokiem, riepa nezaud\u0113 stabilit\u0101ti asos manevros, sniedzot vad\u012bt\u0101jam augstu p\u0101rliec\u012bbas saj\u016btu.Evergreen invest\u012bcijas p\u0113tniec\u012bb\u0101 un att\u012bst\u012bb\u0101 ir \u013c\u0101vu\u0161as rad\u012bt protektora rakstu, kas ne tikai dro\u0161i \"tur\" ce\u013cu, bet ar\u012b str\u0101d\u0101 negaid\u012bti klusi. Protektora bloku main\u012bgais solis ir izstr\u0101d\u0101ts t\u0101, lai sl\u0101p\u0113tu ska\u0146as vi\u013c\u0146us, nodro\u0161inot akustisko komfortu salon\u0101 ar\u012b gar\u0101kos braucienos pa \u0161oseju.Evergreen ES880 ir gudra izv\u0113le racion\u0101liem autovad\u012bt\u0101jiem, kuri v\u0113las apr\u012bkot savu auto ar modern\u0101m, uzticam\u0101m un jaud\u012bg\u0101m riep\u0101m, baudot inovat\u012bv\u0101k\u0101 ra\u017eot\u0101ja sniegto dro\u0161\u012bbu katr\u0101 braucien\u0101.","og_url":"https:\/\/mmkriepas.lv\/en\/p\/315-35r20-evergreen-es880-110y-xl-sailun\/","og_site_name":"MMK Riepas","article_publisher":"https:\/\/www.facebook.com\/mmkserviss\/","article_modified_time":"2026-04-08T20:53:09+00:00","og_image":[{"width":1920,"height":1440,"url":"https:\/\/mmkriepas.lv\/wp-content\/uploads\/2026\/04\/31535r20-evergreen-es880-110y-xl-sailun-vasaras-riepas.jpg","type":"image\/jpeg"}],"twitter_card":"summary_large_image","twitter_misc":{"Price":"&euro;115.00","Availability":"In stock"},"schema":{"@context":"https:\/\/schema.org","@graph":[{"@type":"WebPage","@id":"https:\/\/mmkriepas.lv\/en\/p\/315-35r20-evergreen-es880-110y-xl-sailun\/","url":"https:\/\/mmkriepas.lv\/en\/p\/315-35r20-evergreen-es880-110y-xl-sailun\/","name":"315\/35R20 Evergreen ES880 110Y XL (Sailun) &#8226; MMK Riepas","isPartOf":{"@id":"https:\/\/mmkriepas.lv\/en\/#website"},"primaryImageOfPage":{"@id":"https:\/\/mmkriepas.lv\/en\/p\/315-35r20-evergreen-es880-110y-xl-sailun\/#primaryimage"},"image":{"@id":"https:\/\/mmkriepas.lv\/en\/p\/315-35r20-evergreen-es880-110y-xl-sailun\/#primaryimage"},"thumbnailUrl":"https:\/\/mmkriepas.lv\/wp-content\/uploads\/2026\/04\/31535r20-evergreen-es880-110y-xl-sailun-vasaras-riepas.jpg","datePublished":"2026-03-30T20:14:44+00:00","dateModified":"2026-04-08T20:53:09+00:00","breadcrumb":{"@id":"https:\/\/mmkriepas.lv\/en\/p\/315-35r20-evergreen-es880-110y-xl-sailun\/#breadcrumb"},"inLanguage":"en-US","potentialAction":[{"@type":"ReadAction","target":["https:\/\/mmkriepas.lv\/en\/p\/315-35r20-evergreen-es880-110y-xl-sailun\/"]}]},{"@type":"ImageObject","inLanguage":"en-US","@id":"https:\/\/mmkriepas.lv\/en\/p\/315-35r20-evergreen-es880-110y-xl-sailun\/#primaryimage","url":"https:\/\/mmkriepas.lv\/wp-content\/uploads\/2026\/04\/31535r20-evergreen-es880-110y-xl-sailun-vasaras-riepas.jpg","contentUrl":"https:\/\/mmkriepas.lv\/wp-content\/uploads\/2026\/04\/31535r20-evergreen-es880-110y-xl-sailun-vasaras-riepas.jpg","width":1920,"height":1440,"caption":"315\/35R20 Evergreen ES880 110Y XL (Sailun) - Vasaras riepas"},{"@type":"BreadcrumbList","@id":"https:\/\/mmkriepas.lv\/en\/p\/315-35r20-evergreen-es880-110y-xl-sailun\/#breadcrumb","itemListElement":[{"@type":"ListItem","position":1,"name":"S\u0101kums","item":"https:\/\/mmkriepas.lv\/en\/"},{"@type":"ListItem","position":2,"name":"315\/35R20 Evergreen ES880 110Y XL (Sailun)"}]},{"@type":"WebSite","@id":"https:\/\/mmkriepas.lv\/en\/#website","url":"https:\/\/mmkriepas.lv\/en\/","name":"MMK Riepas","description":"MMK Riepas","alternateName":"MMK Riepu Serviss","potentialAction":[{"@type":"SearchAction","target":{"@type":"EntryPoint","urlTemplate":"https:\/\/mmkriepas.lv\/en\/?s={search_term_string}"},"query-input":{"@type":"PropertyValueSpecification","valueRequired":true,"valueName":"search_term_string"}}],"inLanguage":"en-US"},{"@type":"ImageObject","inLanguage":"en-US","@id":"https:\/\/mmkriepas.lv\/en\/p\/315-35r20-evergreen-es880-110y-xl-sailun\/#local-main-organization-logo","url":"","contentUrl":"","caption":"MMK Riepas"}]},"product_brand":"Evergreen ES880","product_price_amount":"115.00","product_price_currency":"EUR","og_availability":"instock","product_availability":"instock","product_retailer_item_id":"TS3153520EVERG-58364","product_condition":"new"},"_links":{"self":[{"href":"https:\/\/mmkriepas.lv\/en\/wp-json\/wp\/v2\/product\/1476829","targetHints":{"allow":["GET"]}}],"collection":[{"href":"https:\/\/mmkriepas.lv\/en\/wp-json\/wp\/v2\/product"}],"about":[{"href":"https:\/\/mmkriepas.lv\/en\/wp-json\/wp\/v2\/types\/product"}],"wp:featuredmedia":[{"embeddable":true,"href":"https:\/\/mmkriepas.lv\/en\/wp-json\/wp\/v2\/media\/1482788"}],"wp:attachment":[{"href":"https:\/\/mmkriepas.lv\/en\/wp-json\/wp\/v2\/media?parent=1476829"}],"wp:term":[{"taxonomy":"product_brand","embeddable":true,"href":"https:\/\/mmkriepas.lv\/en\/wp-json\/wp\/v2\/product_brand?post=1476829"},{"taxonomy":"product_cat","embeddable":true,"href":"https:\/\/mmkriepas.lv\/en\/wp-json\/wp\/v2\/product_cat?post=1476829"},{"taxonomy":"product_tag","embeddable":true,"href":"https:\/\/mmkriepas.lv\/en\/wp-json\/wp\/v2\/product_tag?post=1476829"}],"curies":[{"name":"wp","href":"https:\/\/api.w.org\/{rel}","templated":true}]}}