{"id":1476820,"date":"2026-03-30T23:14:16","date_gmt":"2026-03-30T20:14:16","guid":{"rendered":"https:\/\/mmkriepas.lv\/?post_type=product&#038;p=1476820"},"modified":"2026-04-08T23:52:49","modified_gmt":"2026-04-08T20:52:49","slug":"245-40r19-evergreen-eu728-98y-xl-sailun","status":"publish","type":"product","link":"https:\/\/mmkriepas.lv\/en\/p\/245-40r19-evergreen-eu728-98y-xl-sailun\/","title":{"rendered":"245\/40R19 Evergreen EU728 98Y XL (Sailun)"},"content":{"rendered":"<p><b>Evergreen EU728<\/b><span style=\"font-weight: 400;\"> ir augst\u0101k\u0101s veiktsp\u0113jas (UHP) vasaras riepa, kas rad\u012bta, lai pied\u0101v\u0101tu perfektu balansu starp sportisku vad\u0101m\u012bbu, dro\u0161\u012bbu uz slapja ce\u013ca un degvielas ekonomiju. \u0160is modelis ir lieliska izv\u0113le vid\u0113j\u0101s un premium klases sedaniem, pied\u0101v\u0101jot stabilit\u0101ti liel\u0101 \u0101trum\u0101 un izcilu akustisko komfortu.<\/span><\/p>\n","protected":false},"excerpt":{"rendered":"<p><b>Evergreen EU728<\/b><span style=\"font-weight: 400;\"> iemieso z\u012bmola &#8220;DynaControl&#8221; koncepciju \u2013 nodro\u0161in\u0101t maksim\u0101lu kontroli p\u0101r automa\u0161\u012bnu jebkuros vasaras laikapst\u0101k\u013cos. <\/span><b>Evergreen<\/b><span style=\"font-weight: 400;\">, b\u016bdams viens no tehnolo\u0123iskajiem l\u012bderiem, EU728 model\u012b ir integr\u0113jis risin\u0101jumus, kas parasti atrodami d\u0101rg\u0101ko z\u012bmolu flagma\u0146os, padarot augst\u0101k\u0101 l\u012bme\u0146a dro\u0161\u012bbu pieejamu pla\u0161\u0101kam autovad\u012bt\u0101ju lokam.<\/span><\/p>\n<p><span style=\"font-weight: 400;\">\u0160\u012b riepa ir izstr\u0101d\u0101ta tiem, kuri nov\u0113rt\u0113 dinamisku brauk\u0161anu, bet neuzskata, ka par dro\u0161\u012bbu un komfortu b\u016btu j\u0101maks\u0101 nesam\u0113r\u012bga cena.<\/span><\/p>\n<h3><b>Evergreen EU728 galven\u0101s iez\u012bmes:<\/b><\/h3>\n<ul>\n<li style=\"font-weight: 400;\" aria-level=\"1\"><b>Asimetrisks protektora dizains:<\/b><span style=\"font-weight: 400;\"> \u0100r\u0113j\u0101 plecu zona nodro\u0161ina stabilit\u0101ti pagriezienos, savuk\u0101rt iek\u0161\u0113j\u0101 da\u013ca ir optimiz\u0113ta t\u016bl\u012bt\u0113jai \u016bdens novad\u012b\u0161anai.<\/span><\/li>\n<li style=\"font-weight: 400;\" aria-level=\"1\"><b>\u010cetras platas dren\u0101\u017eas rievas:<\/b><span style=\"font-weight: 400;\"> Efekt\u012bvi \u0161\u0137e\u013c \u016bdens pl\u0113vi, samazinot akvaplan\u0113\u0161anas risku l\u012bdz minimumam pat sp\u0113c\u012bga lietus laik\u0101.<\/span><\/li>\n<li style=\"font-weight: 400;\" aria-level=\"1\"><b>Nano-Silica gumijas sast\u0101vs:<\/b><span style=\"font-weight: 400;\"> Inovat\u012bvais mais\u012bjums uzlabo sa\u0137eri ar asfaltu un samazina rites pretest\u012bbu, kas tie\u0161i ietekm\u0113 maz\u0101ku degvielas pat\u0113ri\u0146u.<\/span><\/li>\n<li style=\"font-weight: 400;\" aria-level=\"1\"><b>Pastiprin\u0101ta centr\u0101l\u0101 riba:<\/b><span style=\"font-weight: 400;\"> Nodro\u0161ina izcilu virziena stabilit\u0101ti un prec\u012bzu reakciju uz st\u016bres pagriezieniem, braucot liel\u0101 \u0101trum\u0101.<\/span><\/li>\n<\/ul>\n<p><b>Evergreen<\/b><span style=\"font-weight: 400;\"> ir viens no pasaul\u0113 progres\u012bv\u0101kajiem un inovat\u012bv\u0101kajiem riepu ra\u017eot\u0101jiem sav\u0101 segment\u0101, kas izce\u013cas ar milz\u012bg\u0101m invest\u012bcij\u0101m p\u0113tniec\u012bb\u0101 (R&amp;D) un piln\u012bb\u0101 automatiz\u0113t\u0101m r\u016bpn\u012bc\u0101m, nodro\u0161inot premium l\u012bme\u0146a kvalit\u0101ti par bud\u017eeta klases cenu.<\/span><\/p>\n<h3><b>Detaliz\u0113ts apskats:<\/b><\/h3>\n<p><span style=\"font-weight: 400;\">Evergreen EU728 priorit\u0101te ir <\/span><b>vad\u0101m\u012bbas precizit\u0101te un komforts<\/b><span style=\"font-weight: 400;\">. Ra\u017eot\u0101ja iek\u0161\u0113jie testi liecina, ka EU728 uzr\u0101da \u013coti stabilus bremz\u0113\u0161anas r\u0101d\u012bt\u0101jus uz slapja asfalta, ierindojoties starp lab\u0101kajiem sav\u0101 klas\u0113. Pateicoties datoriz\u0113ti optimiz\u0113tam protektora bloku izvietojumam, riepa str\u0101d\u0101 negaid\u012bti klusi, kas ir b\u016btisks faktors komfortablai brauk\u0161anai pa \u0161oseju.<\/span><\/p>\n<p><span style=\"font-weight: 400;\">Evergreen filozofija par <\/span><b>ilgtsp\u0113j\u012bgu ra\u017eo\u0161anu<\/b><span style=\"font-weight: 400;\"> noz\u012bm\u0113, ka riepa ir ne tikai energoefekt\u012bva, bet ar\u012b nodilumiztur\u012bga. Gumijas mais\u012bjums ir izstr\u0101d\u0101ts t\u0101, lai saglab\u0101tu elast\u012bbu un sa\u0137eres \u012bpa\u0161\u012bbas vis\u0101 riepas kalpo\u0161anas laik\u0101, nov\u0113r\u0161ot priek\u0161laic\u012bgu noveco\u0161anos.<\/span><\/p>\n<p><b>Evergreen EU728<\/b><span style=\"font-weight: 400;\"> ir gudra un m\u016bsdien\u012bga izv\u0113le autovad\u012bt\u0101jiem, kuri v\u0113las apr\u012bkot savu auto ar uzticam\u0101m, klus\u0101m un jaud\u012bg\u0101m riep\u0101m, baudot viena no pasaul\u0113 inovat\u012bv\u0101k\u0101 ra\u017eot\u0101ja sniegt\u0101s priek\u0161roc\u012bbas.<\/span><\/p>\n","protected":false},"featured_media":1482802,"template":"","meta":{"_acf_changed":false,"ngg_post_thumbnail":0},"product_brand":[],"product_cat":[23641],"product_tag":[],"class_list":{"0":"post-1476820","1":"product","2":"type-product","3":"status-publish","4":"has-post-thumbnail","6":"product_cat-summer-tyres","8":"first","9":"instock","10":"sale","11":"taxable","12":"shipping-taxable","13":"purchasable","14":"product-type-simple"},"acf":[],"yoast_head":"<!-- This site is optimized with the Yoast SEO Premium plugin v22.6 (Yoast SEO v27.3) - https:\/\/yoast.com\/product\/yoast-seo-premium-wordpress\/ -->\n<title>245\/40R19 Evergreen EU728 98Y XL (Sailun) &#8226; MMK Riepas<\/title>\n<meta name=\"robots\" content=\"index, follow, max-snippet:-1, max-image-preview:large, max-video-preview:-1\" \/>\n<link rel=\"canonical\" href=\"https:\/\/mmkriepas.lv\/en\/p\/245-40r19-evergreen-eu728-98y-xl-sailun\/\" \/>\n<meta property=\"og:locale\" content=\"en_US\" \/>\n<meta property=\"og:type\" content=\"article\" \/>\n<meta property=\"og:title\" content=\"245\/40R19 Evergreen EU728 98Y XL (Sailun)\" \/>\n<meta property=\"og:description\" content=\"Evergreen EU728 iemieso z\u012bmola &quot;DynaControl&quot; koncepciju \u2013 nodro\u0161in\u0101t maksim\u0101lu kontroli p\u0101r automa\u0161\u012bnu jebkuros vasaras laikapst\u0101k\u013cos. Evergreen, b\u016bdams viens no tehnolo\u0123iskajiem l\u012bderiem, EU728 model\u012b ir integr\u0113jis risin\u0101jumus, kas parasti atrodami d\u0101rg\u0101ko z\u012bmolu flagma\u0146os, padarot augst\u0101k\u0101 l\u012bme\u0146a dro\u0161\u012bbu pieejamu pla\u0161\u0101kam autovad\u012bt\u0101ju lokam.\u0160\u012b riepa ir izstr\u0101d\u0101ta tiem, kuri nov\u0113rt\u0113 dinamisku brauk\u0161anu, bet neuzskata, ka par dro\u0161\u012bbu un komfortu b\u016btu j\u0101maks\u0101 nesam\u0113r\u012bga cena.Evergreen EU728 galven\u0101s iez\u012bmes:Asimetrisks protektora dizains: \u0100r\u0113j\u0101 plecu zona nodro\u0161ina stabilit\u0101ti pagriezienos, savuk\u0101rt iek\u0161\u0113j\u0101 da\u013ca ir optimiz\u0113ta t\u016bl\u012bt\u0113jai \u016bdens novad\u012b\u0161anai.\u010cetras platas dren\u0101\u017eas rievas: Efekt\u012bvi \u0161\u0137e\u013c \u016bdens pl\u0113vi, samazinot akvaplan\u0113\u0161anas risku l\u012bdz minimumam pat sp\u0113c\u012bga lietus laik\u0101.Nano-Silica gumijas sast\u0101vs: Inovat\u012bvais mais\u012bjums uzlabo sa\u0137eri ar asfaltu un samazina rites pretest\u012bbu, kas tie\u0161i ietekm\u0113 maz\u0101ku degvielas pat\u0113ri\u0146u.Pastiprin\u0101ta centr\u0101l\u0101 riba: Nodro\u0161ina izcilu virziena stabilit\u0101ti un prec\u012bzu reakciju uz st\u016bres pagriezieniem, braucot liel\u0101 \u0101trum\u0101.Evergreen ir viens no pasaul\u0113 progres\u012bv\u0101kajiem un inovat\u012bv\u0101kajiem riepu ra\u017eot\u0101jiem sav\u0101 segment\u0101, kas izce\u013cas ar milz\u012bg\u0101m invest\u012bcij\u0101m p\u0113tniec\u012bb\u0101 (R&amp;D) un piln\u012bb\u0101 automatiz\u0113t\u0101m r\u016bpn\u012bc\u0101m, nodro\u0161inot premium l\u012bme\u0146a kvalit\u0101ti par bud\u017eeta klases cenu.Detaliz\u0113ts apskats:Evergreen EU728 priorit\u0101te ir vad\u0101m\u012bbas precizit\u0101te un komforts. Ra\u017eot\u0101ja iek\u0161\u0113jie testi liecina, ka EU728 uzr\u0101da \u013coti stabilus bremz\u0113\u0161anas r\u0101d\u012bt\u0101jus uz slapja asfalta, ierindojoties starp lab\u0101kajiem sav\u0101 klas\u0113. Pateicoties datoriz\u0113ti optimiz\u0113tam protektora bloku izvietojumam, riepa str\u0101d\u0101 negaid\u012bti klusi, kas ir b\u016btisks faktors komfortablai brauk\u0161anai pa \u0161oseju.Evergreen filozofija par ilgtsp\u0113j\u012bgu ra\u017eo\u0161anu noz\u012bm\u0113, ka riepa ir ne tikai energoefekt\u012bva, bet ar\u012b nodilumiztur\u012bga. Gumijas mais\u012bjums ir izstr\u0101d\u0101ts t\u0101, lai saglab\u0101tu elast\u012bbu un sa\u0137eres \u012bpa\u0161\u012bbas vis\u0101 riepas kalpo\u0161anas laik\u0101, nov\u0113r\u0161ot priek\u0161laic\u012bgu noveco\u0161anos.Evergreen EU728 ir gudra un m\u016bsdien\u012bga izv\u0113le autovad\u012bt\u0101jiem, kuri v\u0113las apr\u012bkot savu auto ar uzticam\u0101m, klus\u0101m un jaud\u012bg\u0101m riep\u0101m, baudot viena no pasaul\u0113 inovat\u012bv\u0101k\u0101 ra\u017eot\u0101ja sniegt\u0101s priek\u0161roc\u012bbas.\" \/>\n<meta property=\"og:url\" content=\"https:\/\/mmkriepas.lv\/en\/p\/245-40r19-evergreen-eu728-98y-xl-sailun\/\" \/>\n<meta property=\"og:site_name\" content=\"MMK Riepas\" \/>\n<meta property=\"article:publisher\" content=\"https:\/\/www.facebook.com\/mmkserviss\/\" \/>\n<meta property=\"article:modified_time\" content=\"2026-04-08T20:52:49+00:00\" \/>\n<meta property=\"og:image\" content=\"https:\/\/mmkriepas.lv\/wp-content\/uploads\/2026\/04\/24540r20-evergreen-eu728-99w-xl-sailun-vasaras-riepas.jpg\" \/>\n\t<meta property=\"og:image:width\" content=\"1920\" \/>\n\t<meta property=\"og:image:height\" content=\"1524\" \/>\n\t<meta property=\"og:image:type\" content=\"image\/jpeg\" \/>\n<meta name=\"twitter:card\" content=\"summary_large_image\" \/>\n<meta name=\"twitter:label1\" content=\"Price\" \/>\n\t<meta name=\"twitter:data1\" content=\"&euro;81.00\" \/>\n\t<meta name=\"twitter:label2\" content=\"Availability\" \/>\n\t<meta name=\"twitter:data2\" content=\"In stock\" \/>\n<script type=\"application\/ld+json\" class=\"yoast-schema-graph\">{\"@context\":\"https:\\\/\\\/schema.org\",\"@graph\":[{\"@type\":\"WebPage\",\"@id\":\"https:\\\/\\\/mmkriepas.lv\\\/en\\\/p\\\/245-40r19-evergreen-eu728-98y-xl-sailun\\\/\",\"url\":\"https:\\\/\\\/mmkriepas.lv\\\/en\\\/p\\\/245-40r19-evergreen-eu728-98y-xl-sailun\\\/\",\"name\":\"245\\\/40R19 Evergreen EU728 98Y XL (Sailun) &#8226; MMK Riepas\",\"isPartOf\":{\"@id\":\"https:\\\/\\\/mmkriepas.lv\\\/en\\\/#website\"},\"primaryImageOfPage\":{\"@id\":\"https:\\\/\\\/mmkriepas.lv\\\/en\\\/p\\\/245-40r19-evergreen-eu728-98y-xl-sailun\\\/#primaryimage\"},\"image\":{\"@id\":\"https:\\\/\\\/mmkriepas.lv\\\/en\\\/p\\\/245-40r19-evergreen-eu728-98y-xl-sailun\\\/#primaryimage\"},\"thumbnailUrl\":\"https:\\\/\\\/mmkriepas.lv\\\/wp-content\\\/uploads\\\/2026\\\/04\\\/24540r20-evergreen-eu728-99w-xl-sailun-vasaras-riepas.jpg\",\"datePublished\":\"2026-03-30T20:14:16+00:00\",\"dateModified\":\"2026-04-08T20:52:49+00:00\",\"breadcrumb\":{\"@id\":\"https:\\\/\\\/mmkriepas.lv\\\/en\\\/p\\\/245-40r19-evergreen-eu728-98y-xl-sailun\\\/#breadcrumb\"},\"inLanguage\":\"en-US\",\"potentialAction\":[{\"@type\":\"ReadAction\",\"target\":[\"https:\\\/\\\/mmkriepas.lv\\\/en\\\/p\\\/245-40r19-evergreen-eu728-98y-xl-sailun\\\/\"]}]},{\"@type\":\"ImageObject\",\"inLanguage\":\"en-US\",\"@id\":\"https:\\\/\\\/mmkriepas.lv\\\/en\\\/p\\\/245-40r19-evergreen-eu728-98y-xl-sailun\\\/#primaryimage\",\"url\":\"https:\\\/\\\/mmkriepas.lv\\\/wp-content\\\/uploads\\\/2026\\\/04\\\/24540r20-evergreen-eu728-99w-xl-sailun-vasaras-riepas.jpg\",\"contentUrl\":\"https:\\\/\\\/mmkriepas.lv\\\/wp-content\\\/uploads\\\/2026\\\/04\\\/24540r20-evergreen-eu728-99w-xl-sailun-vasaras-riepas.jpg\",\"width\":1920,\"height\":1524,\"caption\":\"245\\\/40R20 Evergreen EU728 99W XL (Sailun) - Vasaras riepas\"},{\"@type\":\"BreadcrumbList\",\"@id\":\"https:\\\/\\\/mmkriepas.lv\\\/en\\\/p\\\/245-40r19-evergreen-eu728-98y-xl-sailun\\\/#breadcrumb\",\"itemListElement\":[{\"@type\":\"ListItem\",\"position\":1,\"name\":\"S\u0101kums\",\"item\":\"https:\\\/\\\/mmkriepas.lv\\\/en\\\/\"},{\"@type\":\"ListItem\",\"position\":2,\"name\":\"245\\\/40R19 Evergreen EU728 98Y XL (Sailun)\"}]},{\"@type\":\"WebSite\",\"@id\":\"https:\\\/\\\/mmkriepas.lv\\\/en\\\/#website\",\"url\":\"https:\\\/\\\/mmkriepas.lv\\\/en\\\/\",\"name\":\"MMK Riepas\",\"description\":\"MMK Riepas\",\"alternateName\":\"MMK Riepu Serviss\",\"potentialAction\":[{\"@type\":\"SearchAction\",\"target\":{\"@type\":\"EntryPoint\",\"urlTemplate\":\"https:\\\/\\\/mmkriepas.lv\\\/en\\\/?s={search_term_string}\"},\"query-input\":{\"@type\":\"PropertyValueSpecification\",\"valueRequired\":true,\"valueName\":\"search_term_string\"}}],\"inLanguage\":\"en-US\"},{\"@type\":\"ImageObject\",\"inLanguage\":\"en-US\",\"@id\":\"https:\\\/\\\/mmkriepas.lv\\\/en\\\/p\\\/245-40r19-evergreen-eu728-98y-xl-sailun\\\/#local-main-organization-logo\",\"url\":\"\",\"contentUrl\":\"\",\"caption\":\"MMK Riepas\"}]}<\/script>\n<meta property=\"product:brand\" content=\"Evergreen EU728\" \/>\n<meta property=\"product:price:amount\" content=\"81.00\" \/>\n<meta property=\"product:price:currency\" content=\"EUR\" \/>\n<meta property=\"og:availability\" content=\"instock\" \/>\n<meta property=\"product:availability\" content=\"instock\" \/>\n<meta property=\"product:retailer_item_id\" content=\"TS2454019EVERG-58360\" \/>\n<meta property=\"product:condition\" content=\"new\" \/>\n<!-- \/ Yoast SEO Premium plugin. -->","yoast_head_json":{"title":"245\/40R19 Evergreen EU728 98Y XL (Sailun) &#8226; MMK Riepas","robots":{"index":"index","follow":"follow","max-snippet":"max-snippet:-1","max-image-preview":"max-image-preview:large","max-video-preview":"max-video-preview:-1"},"canonical":"https:\/\/mmkriepas.lv\/en\/p\/245-40r19-evergreen-eu728-98y-xl-sailun\/","og_locale":"en_US","og_type":"article","og_title":"245\/40R19 Evergreen EU728 98Y XL (Sailun)","og_description":"Evergreen EU728 iemieso z\u012bmola \"DynaControl\" koncepciju \u2013 nodro\u0161in\u0101t maksim\u0101lu kontroli p\u0101r automa\u0161\u012bnu jebkuros vasaras laikapst\u0101k\u013cos. Evergreen, b\u016bdams viens no tehnolo\u0123iskajiem l\u012bderiem, EU728 model\u012b ir integr\u0113jis risin\u0101jumus, kas parasti atrodami d\u0101rg\u0101ko z\u012bmolu flagma\u0146os, padarot augst\u0101k\u0101 l\u012bme\u0146a dro\u0161\u012bbu pieejamu pla\u0161\u0101kam autovad\u012bt\u0101ju lokam.\u0160\u012b riepa ir izstr\u0101d\u0101ta tiem, kuri nov\u0113rt\u0113 dinamisku brauk\u0161anu, bet neuzskata, ka par dro\u0161\u012bbu un komfortu b\u016btu j\u0101maks\u0101 nesam\u0113r\u012bga cena.Evergreen EU728 galven\u0101s iez\u012bmes:Asimetrisks protektora dizains: \u0100r\u0113j\u0101 plecu zona nodro\u0161ina stabilit\u0101ti pagriezienos, savuk\u0101rt iek\u0161\u0113j\u0101 da\u013ca ir optimiz\u0113ta t\u016bl\u012bt\u0113jai \u016bdens novad\u012b\u0161anai.\u010cetras platas dren\u0101\u017eas rievas: Efekt\u012bvi \u0161\u0137e\u013c \u016bdens pl\u0113vi, samazinot akvaplan\u0113\u0161anas risku l\u012bdz minimumam pat sp\u0113c\u012bga lietus laik\u0101.Nano-Silica gumijas sast\u0101vs: Inovat\u012bvais mais\u012bjums uzlabo sa\u0137eri ar asfaltu un samazina rites pretest\u012bbu, kas tie\u0161i ietekm\u0113 maz\u0101ku degvielas pat\u0113ri\u0146u.Pastiprin\u0101ta centr\u0101l\u0101 riba: Nodro\u0161ina izcilu virziena stabilit\u0101ti un prec\u012bzu reakciju uz st\u016bres pagriezieniem, braucot liel\u0101 \u0101trum\u0101.Evergreen ir viens no pasaul\u0113 progres\u012bv\u0101kajiem un inovat\u012bv\u0101kajiem riepu ra\u017eot\u0101jiem sav\u0101 segment\u0101, kas izce\u013cas ar milz\u012bg\u0101m invest\u012bcij\u0101m p\u0113tniec\u012bb\u0101 (R&amp;D) un piln\u012bb\u0101 automatiz\u0113t\u0101m r\u016bpn\u012bc\u0101m, nodro\u0161inot premium l\u012bme\u0146a kvalit\u0101ti par bud\u017eeta klases cenu.Detaliz\u0113ts apskats:Evergreen EU728 priorit\u0101te ir vad\u0101m\u012bbas precizit\u0101te un komforts. Ra\u017eot\u0101ja iek\u0161\u0113jie testi liecina, ka EU728 uzr\u0101da \u013coti stabilus bremz\u0113\u0161anas r\u0101d\u012bt\u0101jus uz slapja asfalta, ierindojoties starp lab\u0101kajiem sav\u0101 klas\u0113. Pateicoties datoriz\u0113ti optimiz\u0113tam protektora bloku izvietojumam, riepa str\u0101d\u0101 negaid\u012bti klusi, kas ir b\u016btisks faktors komfortablai brauk\u0161anai pa \u0161oseju.Evergreen filozofija par ilgtsp\u0113j\u012bgu ra\u017eo\u0161anu noz\u012bm\u0113, ka riepa ir ne tikai energoefekt\u012bva, bet ar\u012b nodilumiztur\u012bga. Gumijas mais\u012bjums ir izstr\u0101d\u0101ts t\u0101, lai saglab\u0101tu elast\u012bbu un sa\u0137eres \u012bpa\u0161\u012bbas vis\u0101 riepas kalpo\u0161anas laik\u0101, nov\u0113r\u0161ot priek\u0161laic\u012bgu noveco\u0161anos.Evergreen EU728 ir gudra un m\u016bsdien\u012bga izv\u0113le autovad\u012bt\u0101jiem, kuri v\u0113las apr\u012bkot savu auto ar uzticam\u0101m, klus\u0101m un jaud\u012bg\u0101m riep\u0101m, baudot viena no pasaul\u0113 inovat\u012bv\u0101k\u0101 ra\u017eot\u0101ja sniegt\u0101s priek\u0161roc\u012bbas.","og_url":"https:\/\/mmkriepas.lv\/en\/p\/245-40r19-evergreen-eu728-98y-xl-sailun\/","og_site_name":"MMK Riepas","article_publisher":"https:\/\/www.facebook.com\/mmkserviss\/","article_modified_time":"2026-04-08T20:52:49+00:00","og_image":[{"width":1920,"height":1524,"url":"https:\/\/mmkriepas.lv\/wp-content\/uploads\/2026\/04\/24540r20-evergreen-eu728-99w-xl-sailun-vasaras-riepas.jpg","type":"image\/jpeg"}],"twitter_card":"summary_large_image","twitter_misc":{"Price":"&euro;81.00","Availability":"In stock"},"schema":{"@context":"https:\/\/schema.org","@graph":[{"@type":"WebPage","@id":"https:\/\/mmkriepas.lv\/en\/p\/245-40r19-evergreen-eu728-98y-xl-sailun\/","url":"https:\/\/mmkriepas.lv\/en\/p\/245-40r19-evergreen-eu728-98y-xl-sailun\/","name":"245\/40R19 Evergreen EU728 98Y XL (Sailun) &#8226; MMK Riepas","isPartOf":{"@id":"https:\/\/mmkriepas.lv\/en\/#website"},"primaryImageOfPage":{"@id":"https:\/\/mmkriepas.lv\/en\/p\/245-40r19-evergreen-eu728-98y-xl-sailun\/#primaryimage"},"image":{"@id":"https:\/\/mmkriepas.lv\/en\/p\/245-40r19-evergreen-eu728-98y-xl-sailun\/#primaryimage"},"thumbnailUrl":"https:\/\/mmkriepas.lv\/wp-content\/uploads\/2026\/04\/24540r20-evergreen-eu728-99w-xl-sailun-vasaras-riepas.jpg","datePublished":"2026-03-30T20:14:16+00:00","dateModified":"2026-04-08T20:52:49+00:00","breadcrumb":{"@id":"https:\/\/mmkriepas.lv\/en\/p\/245-40r19-evergreen-eu728-98y-xl-sailun\/#breadcrumb"},"inLanguage":"en-US","potentialAction":[{"@type":"ReadAction","target":["https:\/\/mmkriepas.lv\/en\/p\/245-40r19-evergreen-eu728-98y-xl-sailun\/"]}]},{"@type":"ImageObject","inLanguage":"en-US","@id":"https:\/\/mmkriepas.lv\/en\/p\/245-40r19-evergreen-eu728-98y-xl-sailun\/#primaryimage","url":"https:\/\/mmkriepas.lv\/wp-content\/uploads\/2026\/04\/24540r20-evergreen-eu728-99w-xl-sailun-vasaras-riepas.jpg","contentUrl":"https:\/\/mmkriepas.lv\/wp-content\/uploads\/2026\/04\/24540r20-evergreen-eu728-99w-xl-sailun-vasaras-riepas.jpg","width":1920,"height":1524,"caption":"245\/40R20 Evergreen EU728 99W XL (Sailun) - Vasaras riepas"},{"@type":"BreadcrumbList","@id":"https:\/\/mmkriepas.lv\/en\/p\/245-40r19-evergreen-eu728-98y-xl-sailun\/#breadcrumb","itemListElement":[{"@type":"ListItem","position":1,"name":"S\u0101kums","item":"https:\/\/mmkriepas.lv\/en\/"},{"@type":"ListItem","position":2,"name":"245\/40R19 Evergreen EU728 98Y XL (Sailun)"}]},{"@type":"WebSite","@id":"https:\/\/mmkriepas.lv\/en\/#website","url":"https:\/\/mmkriepas.lv\/en\/","name":"MMK Riepas","description":"MMK Riepas","alternateName":"MMK Riepu Serviss","potentialAction":[{"@type":"SearchAction","target":{"@type":"EntryPoint","urlTemplate":"https:\/\/mmkriepas.lv\/en\/?s={search_term_string}"},"query-input":{"@type":"PropertyValueSpecification","valueRequired":true,"valueName":"search_term_string"}}],"inLanguage":"en-US"},{"@type":"ImageObject","inLanguage":"en-US","@id":"https:\/\/mmkriepas.lv\/en\/p\/245-40r19-evergreen-eu728-98y-xl-sailun\/#local-main-organization-logo","url":"","contentUrl":"","caption":"MMK Riepas"}]},"product_brand":"Evergreen EU728","product_price_amount":"81.00","product_price_currency":"EUR","og_availability":"instock","product_availability":"instock","product_retailer_item_id":"TS2454019EVERG-58360","product_condition":"new"},"_links":{"self":[{"href":"https:\/\/mmkriepas.lv\/en\/wp-json\/wp\/v2\/product\/1476820","targetHints":{"allow":["GET"]}}],"collection":[{"href":"https:\/\/mmkriepas.lv\/en\/wp-json\/wp\/v2\/product"}],"about":[{"href":"https:\/\/mmkriepas.lv\/en\/wp-json\/wp\/v2\/types\/product"}],"wp:featuredmedia":[{"embeddable":true,"href":"https:\/\/mmkriepas.lv\/en\/wp-json\/wp\/v2\/media\/1482802"}],"wp:attachment":[{"href":"https:\/\/mmkriepas.lv\/en\/wp-json\/wp\/v2\/media?parent=1476820"}],"wp:term":[{"taxonomy":"product_brand","embeddable":true,"href":"https:\/\/mmkriepas.lv\/en\/wp-json\/wp\/v2\/product_brand?post=1476820"},{"taxonomy":"product_cat","embeddable":true,"href":"https:\/\/mmkriepas.lv\/en\/wp-json\/wp\/v2\/product_cat?post=1476820"},{"taxonomy":"product_tag","embeddable":true,"href":"https:\/\/mmkriepas.lv\/en\/wp-json\/wp\/v2\/product_tag?post=1476820"}],"curies":[{"name":"wp","href":"https:\/\/api.w.org\/{rel}","templated":true}]}}