{"id":1476812,"date":"2026-03-30T23:13:46","date_gmt":"2026-03-30T20:13:46","guid":{"rendered":"https:\/\/mmkriepas.lv\/?post_type=product&#038;p=1476812"},"modified":"2026-04-18T12:08:32","modified_gmt":"2026-04-18T09:08:32","slug":"235-45r17-evergreen-eu72-97w-xl-sailun","status":"publish","type":"product","link":"https:\/\/mmkriepas.lv\/en\/p\/235-45r17-evergreen-eu72-97w-xl-sailun\/","title":{"rendered":"235\/45R17 Evergreen EU72 97W XL (Sailun)"},"content":{"rendered":"<p data-path-to-node=\"6\"><b data-path-to-node=\"6\" data-index-in-node=\"0\">Evergreen EU72<\/b> ir rad\u012bta tiem, kuriem automa\u0161\u012bnas vad\u012b\u0161ana ir kas vair\u0101k par vienk\u0101r\u0161u p\u0101rvieto\u0161anos no punkta A uz punktu B. <b data-path-to-node=\"6\" data-index-in-node=\"126\">Evergreen<\/b> ir izmantojis asimetrisku protektora dizainu, lai nodro\u0161in\u0101tu div\u0113j\u0101du funkciju: iek\u0161malu, kas atbild par efekt\u012bvu \u016bdens novad\u012b\u0161anu, un \u0101rmalu, kas garant\u0113 maksim\u0101lu stabilit\u0101ti asos pagriezienos.<\/p>\n<p data-path-to-node=\"7\">\u0160\u012b riepa ir in\u017eeniertehniski nosl\u012bp\u0113ta, lai pied\u0101v\u0101tu &#8220;premium saj\u016btu&#8221; bez premium cenas z\u012bmes. Izmantojot modernus gumijas savienojumus, EU72 sp\u0113j piel\u0101goties ce\u013ca virsmas mikro-nel\u012bdzenumiem, nodro\u0161inot p\u0101rliecino\u0161u kontaktu ar asfaltu pat main\u012bgos laikapst\u0101k\u013cos. Tas ir uzticams risin\u0101jums moderniem sedaniem un univers\u0101\u013ciem, kur nepiecie\u0161ama augsta iztur\u012bba pret deform\u0101ciju pie lielas slodzes.<\/p>\n<h3 data-path-to-node=\"8\">Evergreen EU72 galven\u0101s iez\u012bmes:<\/h3>\n<ul data-path-to-node=\"9\">\n<li>\n<p data-path-to-node=\"9,0,0\"><b data-path-to-node=\"9,0,0\" data-index-in-node=\"0\">Asimetrisks protektora dizains:<\/b> \u0100r\u0113j\u0101 pleca zona ir stingr\u0101ka un mas\u012bv\u0101ka, kas nodro\u0161ina izcilu stabilit\u0101ti un prec\u012bzu st\u016br\u0113\u0161anu manos.<\/p>\n<\/li>\n<li>\n<p data-path-to-node=\"9,1,0\"><b data-path-to-node=\"9,1,0\" data-index-in-node=\"0\">\u010cetras platas garenvirziena rievas:<\/b> \u0100tri un efekt\u012bvi evaku\u0113 \u016bdeni no kontakta virsmas, iev\u0113rojami samazinot akvaplan\u0113\u0161anas risku pat sp\u0113c\u012bga lietus laik\u0101.<\/p>\n<\/li>\n<li>\n<p data-path-to-node=\"9,2,0\"><b data-path-to-node=\"9,2,0\" data-index-in-node=\"0\">Sil\u012bcija (Silica) bag\u0101tin\u0101ts sast\u0101vs:<\/b> Uzlabo sa\u0137eri uz slapja seguma un vienlaikus samazina rites pretest\u012bbu, kas pozit\u012bvi ietekm\u0113 degvielas ekonomiju.<\/p>\n<\/li>\n<li>\n<p data-path-to-node=\"9,3,0\"><b data-path-to-node=\"9,3,0\" data-index-in-node=\"0\">Optimiz\u0113ts lame\u013cu izvietojums:<\/b> Samazina rites troksni un vibr\u0101cijas, nodro\u0161inot komfortablu un klusu gaitu ar\u012b pie liel\u0101ka \u0101truma.<\/p>\n<\/li>\n<\/ul>\n<h3 data-path-to-node=\"10\">Detaliz\u0113ts apskats:<\/h3>\n<p data-path-to-node=\"11\">Evergreen EU72 priorit\u0101te ir <b data-path-to-node=\"11\" data-index-in-node=\"29\">vad\u0101m\u012bbas kontrole un dro\u0161\u012bba<\/b>. K\u0101 cilv\u0113ks, kur\u0161 darb\u0101 fokus\u0113jas uz maksim\u0101lu efektivit\u0101ti, J\u016bs nov\u0113rt\u0113siet EU72 tehniskos r\u0101d\u012bt\u0101jus \u2013 daudzos izm\u0113ros t\u0101 uzr\u0101da augstus &#8220;B&#8221; vai &#8220;A&#8221; klases r\u0101d\u012bt\u0101jus sa\u0137erei uz slapja seguma. Tas noz\u012bm\u0113, ka riepa ne tikai labi izskat\u0101s, bet ar\u012b pilda savu galveno funkciju kritiskos br\u012b\u017eos.<\/p>\n<p data-path-to-node=\"12\">Protektora centr\u0101l\u0101 da\u013ca ir izveidota ar paaugstin\u0101tu stingr\u012bbu, kas nodro\u0161ina skaidru taisnvirziena kust\u012bbu un t\u016bl\u012bt\u0113ju atgriezenisko saiti caur st\u016bres meh\u0101nismu. Sal\u012bdzinot ar citiem bud\u017eeta UHP mode\u013ciem, EU72 izce\u013cas ar vienm\u0113r\u012bgu spiediena sadali, kas nov\u0113r\u0161 &#8220;z\u0101\u0123veida&#8221; nodilumu un pagarina riepas lietder\u012bgo m\u016b\u017eu.<\/p>\n<p data-path-to-node=\"13\"><b data-path-to-node=\"13\" data-index-in-node=\"0\">Evergreen EU72<\/b> ir gudra un tehniski pamatota izv\u0113le autovad\u012bt\u0101jiem, kuri v\u0113las baud\u012bt dinamisku brauk\u0161anu, saglab\u0101jot maksim\u0101lu dro\u0161\u012bbu un racionalit\u0101ti savos izdevumos.<\/p>\n","protected":false},"excerpt":{"rendered":"<p><b data-path-to-node=\"3\" data-index-in-node=\"0\">Evergreen EU72<\/b> ir augst\u0101k\u0101s veiktsp\u0113jas (UHP) vasaras riepa, kas izstr\u0101d\u0101ta jaud\u012bgiem vid\u0113j\u0101s un premium klases automobi\u013ciem. T\u0101 koncentr\u0113jas uz maksim\u0101lu stabilit\u0101ti pie liela \u0101truma, izcilu sa\u0137eri uz slapja asfalta un prec\u012bzu vad\u0101m\u012bbu, nodro\u0161inot sportisku brauk\u0161anas raksturu apvienojum\u0101 ar augstu dro\u0161\u012bbas l\u012bmeni.<\/p>\n","protected":false},"featured_media":1488608,"template":"","meta":{"_acf_changed":false,"ngg_post_thumbnail":0},"product_brand":[],"product_cat":[23641],"product_tag":[],"class_list":{"0":"post-1476812","1":"product","2":"type-product","3":"status-publish","4":"has-post-thumbnail","6":"product_cat-summer-tyres","8":"first","9":"instock","10":"sale","11":"taxable","12":"shipping-taxable","13":"purchasable","14":"product-type-simple"},"acf":[],"yoast_head":"<!-- This site is optimized with the Yoast SEO Premium plugin v22.6 (Yoast SEO v27.3) - https:\/\/yoast.com\/product\/yoast-seo-premium-wordpress\/ -->\n<title>235\/45R17 Evergreen EU72 97W XL (Sailun) &#8226; MMK Riepas<\/title>\n<meta name=\"robots\" content=\"index, follow, max-snippet:-1, max-image-preview:large, max-video-preview:-1\" \/>\n<link rel=\"canonical\" href=\"https:\/\/mmkriepas.lv\/en\/p\/235-45r17-evergreen-eu72-97w-xl-sailun\/\" \/>\n<meta property=\"og:locale\" content=\"en_US\" \/>\n<meta property=\"og:type\" content=\"article\" \/>\n<meta property=\"og:title\" content=\"235\/45R17 Evergreen EU72 97W XL (Sailun)\" \/>\n<meta property=\"og:description\" content=\"Evergreen EU72 ir augst\u0101k\u0101s veiktsp\u0113jas (UHP) vasaras riepa, kas izstr\u0101d\u0101ta jaud\u012bgiem vid\u0113j\u0101s un premium klases automobi\u013ciem. T\u0101 koncentr\u0113jas uz maksim\u0101lu stabilit\u0101ti pie liela \u0101truma, izcilu sa\u0137eri uz slapja asfalta un prec\u012bzu vad\u0101m\u012bbu, nodro\u0161inot sportisku brauk\u0161anas raksturu apvienojum\u0101 ar augstu dro\u0161\u012bbas l\u012bmeni.\" \/>\n<meta property=\"og:url\" content=\"https:\/\/mmkriepas.lv\/en\/p\/235-45r17-evergreen-eu72-97w-xl-sailun\/\" \/>\n<meta property=\"og:site_name\" content=\"MMK Riepas\" \/>\n<meta property=\"article:publisher\" content=\"https:\/\/www.facebook.com\/mmkserviss\/\" \/>\n<meta property=\"article:modified_time\" content=\"2026-04-18T09:08:32+00:00\" \/>\n<meta property=\"og:image\" content=\"https:\/\/mmkriepas.lv\/wp-content\/uploads\/2026\/04\/21545r17-evergreen-eu72-91w-xl-vasaras-riepas.jpg\" \/>\n\t<meta property=\"og:image:width\" content=\"1920\" \/>\n\t<meta property=\"og:image:height\" content=\"1277\" \/>\n\t<meta property=\"og:image:type\" content=\"image\/jpeg\" \/>\n<meta name=\"twitter:card\" content=\"summary_large_image\" \/>\n<meta name=\"twitter:label1\" content=\"Price\" \/>\n\t<meta name=\"twitter:data1\" content=\"&euro;69.00\" \/>\n\t<meta name=\"twitter:label2\" content=\"Availability\" \/>\n\t<meta name=\"twitter:data2\" content=\"In stock\" \/>\n<script type=\"application\/ld+json\" class=\"yoast-schema-graph\">{\"@context\":\"https:\\\/\\\/schema.org\",\"@graph\":[{\"@type\":\"WebPage\",\"@id\":\"https:\\\/\\\/mmkriepas.lv\\\/en\\\/p\\\/235-45r17-evergreen-eu72-97w-xl-sailun\\\/\",\"url\":\"https:\\\/\\\/mmkriepas.lv\\\/en\\\/p\\\/235-45r17-evergreen-eu72-97w-xl-sailun\\\/\",\"name\":\"235\\\/45R17 Evergreen EU72 97W XL (Sailun) &#8226; MMK Riepas\",\"isPartOf\":{\"@id\":\"https:\\\/\\\/mmkriepas.lv\\\/en\\\/#website\"},\"primaryImageOfPage\":{\"@id\":\"https:\\\/\\\/mmkriepas.lv\\\/en\\\/p\\\/235-45r17-evergreen-eu72-97w-xl-sailun\\\/#primaryimage\"},\"image\":{\"@id\":\"https:\\\/\\\/mmkriepas.lv\\\/en\\\/p\\\/235-45r17-evergreen-eu72-97w-xl-sailun\\\/#primaryimage\"},\"thumbnailUrl\":\"https:\\\/\\\/mmkriepas.lv\\\/wp-content\\\/uploads\\\/2026\\\/04\\\/21545r17-evergreen-eu72-91w-xl-vasaras-riepas.jpg\",\"datePublished\":\"2026-03-30T20:13:46+00:00\",\"dateModified\":\"2026-04-18T09:08:32+00:00\",\"breadcrumb\":{\"@id\":\"https:\\\/\\\/mmkriepas.lv\\\/en\\\/p\\\/235-45r17-evergreen-eu72-97w-xl-sailun\\\/#breadcrumb\"},\"inLanguage\":\"en-US\",\"potentialAction\":[{\"@type\":\"ReadAction\",\"target\":[\"https:\\\/\\\/mmkriepas.lv\\\/en\\\/p\\\/235-45r17-evergreen-eu72-97w-xl-sailun\\\/\"]}]},{\"@type\":\"ImageObject\",\"inLanguage\":\"en-US\",\"@id\":\"https:\\\/\\\/mmkriepas.lv\\\/en\\\/p\\\/235-45r17-evergreen-eu72-97w-xl-sailun\\\/#primaryimage\",\"url\":\"https:\\\/\\\/mmkriepas.lv\\\/wp-content\\\/uploads\\\/2026\\\/04\\\/21545r17-evergreen-eu72-91w-xl-vasaras-riepas.jpg\",\"contentUrl\":\"https:\\\/\\\/mmkriepas.lv\\\/wp-content\\\/uploads\\\/2026\\\/04\\\/21545r17-evergreen-eu72-91w-xl-vasaras-riepas.jpg\",\"width\":1920,\"height\":1277,\"caption\":\"215\\\/45R17 Evergreen EU72 91W XL - Vasaras riepas\"},{\"@type\":\"BreadcrumbList\",\"@id\":\"https:\\\/\\\/mmkriepas.lv\\\/en\\\/p\\\/235-45r17-evergreen-eu72-97w-xl-sailun\\\/#breadcrumb\",\"itemListElement\":[{\"@type\":\"ListItem\",\"position\":1,\"name\":\"S\u0101kums\",\"item\":\"https:\\\/\\\/mmkriepas.lv\\\/en\\\/\"},{\"@type\":\"ListItem\",\"position\":2,\"name\":\"235\\\/45R17 Evergreen EU72 97W XL (Sailun)\"}]},{\"@type\":\"WebSite\",\"@id\":\"https:\\\/\\\/mmkriepas.lv\\\/en\\\/#website\",\"url\":\"https:\\\/\\\/mmkriepas.lv\\\/en\\\/\",\"name\":\"MMK Riepas\",\"description\":\"MMK Riepas\",\"alternateName\":\"MMK Riepu Serviss\",\"potentialAction\":[{\"@type\":\"SearchAction\",\"target\":{\"@type\":\"EntryPoint\",\"urlTemplate\":\"https:\\\/\\\/mmkriepas.lv\\\/en\\\/?s={search_term_string}\"},\"query-input\":{\"@type\":\"PropertyValueSpecification\",\"valueRequired\":true,\"valueName\":\"search_term_string\"}}],\"inLanguage\":\"en-US\"},{\"@type\":\"ImageObject\",\"inLanguage\":\"en-US\",\"@id\":\"https:\\\/\\\/mmkriepas.lv\\\/en\\\/p\\\/235-45r17-evergreen-eu72-97w-xl-sailun\\\/#local-main-organization-logo\",\"url\":\"\",\"contentUrl\":\"\",\"caption\":\"MMK Riepas\"}]}<\/script>\n<meta property=\"product:brand\" content=\"Evergreen EU72\" \/>\n<meta property=\"product:price:amount\" content=\"69.00\" \/>\n<meta property=\"product:price:currency\" content=\"EUR\" \/>\n<meta property=\"og:availability\" content=\"instock\" \/>\n<meta property=\"product:availability\" content=\"instock\" \/>\n<meta property=\"product:retailer_item_id\" content=\"TS2354517EVERG-58356\" \/>\n<meta property=\"product:condition\" content=\"new\" \/>\n<!-- \/ Yoast SEO Premium plugin. -->","yoast_head_json":{"title":"235\/45R17 Evergreen EU72 97W XL (Sailun) &#8226; MMK Riepas","robots":{"index":"index","follow":"follow","max-snippet":"max-snippet:-1","max-image-preview":"max-image-preview:large","max-video-preview":"max-video-preview:-1"},"canonical":"https:\/\/mmkriepas.lv\/en\/p\/235-45r17-evergreen-eu72-97w-xl-sailun\/","og_locale":"en_US","og_type":"article","og_title":"235\/45R17 Evergreen EU72 97W XL (Sailun)","og_description":"Evergreen EU72 ir augst\u0101k\u0101s veiktsp\u0113jas (UHP) vasaras riepa, kas izstr\u0101d\u0101ta jaud\u012bgiem vid\u0113j\u0101s un premium klases automobi\u013ciem. T\u0101 koncentr\u0113jas uz maksim\u0101lu stabilit\u0101ti pie liela \u0101truma, izcilu sa\u0137eri uz slapja asfalta un prec\u012bzu vad\u0101m\u012bbu, nodro\u0161inot sportisku brauk\u0161anas raksturu apvienojum\u0101 ar augstu dro\u0161\u012bbas l\u012bmeni.","og_url":"https:\/\/mmkriepas.lv\/en\/p\/235-45r17-evergreen-eu72-97w-xl-sailun\/","og_site_name":"MMK Riepas","article_publisher":"https:\/\/www.facebook.com\/mmkserviss\/","article_modified_time":"2026-04-18T09:08:32+00:00","og_image":[{"width":1920,"height":1277,"url":"https:\/\/mmkriepas.lv\/wp-content\/uploads\/2026\/04\/21545r17-evergreen-eu72-91w-xl-vasaras-riepas.jpg","type":"image\/jpeg"}],"twitter_card":"summary_large_image","twitter_misc":{"Price":"&euro;69.00","Availability":"In stock"},"schema":{"@context":"https:\/\/schema.org","@graph":[{"@type":"WebPage","@id":"https:\/\/mmkriepas.lv\/en\/p\/235-45r17-evergreen-eu72-97w-xl-sailun\/","url":"https:\/\/mmkriepas.lv\/en\/p\/235-45r17-evergreen-eu72-97w-xl-sailun\/","name":"235\/45R17 Evergreen EU72 97W XL (Sailun) &#8226; MMK Riepas","isPartOf":{"@id":"https:\/\/mmkriepas.lv\/en\/#website"},"primaryImageOfPage":{"@id":"https:\/\/mmkriepas.lv\/en\/p\/235-45r17-evergreen-eu72-97w-xl-sailun\/#primaryimage"},"image":{"@id":"https:\/\/mmkriepas.lv\/en\/p\/235-45r17-evergreen-eu72-97w-xl-sailun\/#primaryimage"},"thumbnailUrl":"https:\/\/mmkriepas.lv\/wp-content\/uploads\/2026\/04\/21545r17-evergreen-eu72-91w-xl-vasaras-riepas.jpg","datePublished":"2026-03-30T20:13:46+00:00","dateModified":"2026-04-18T09:08:32+00:00","breadcrumb":{"@id":"https:\/\/mmkriepas.lv\/en\/p\/235-45r17-evergreen-eu72-97w-xl-sailun\/#breadcrumb"},"inLanguage":"en-US","potentialAction":[{"@type":"ReadAction","target":["https:\/\/mmkriepas.lv\/en\/p\/235-45r17-evergreen-eu72-97w-xl-sailun\/"]}]},{"@type":"ImageObject","inLanguage":"en-US","@id":"https:\/\/mmkriepas.lv\/en\/p\/235-45r17-evergreen-eu72-97w-xl-sailun\/#primaryimage","url":"https:\/\/mmkriepas.lv\/wp-content\/uploads\/2026\/04\/21545r17-evergreen-eu72-91w-xl-vasaras-riepas.jpg","contentUrl":"https:\/\/mmkriepas.lv\/wp-content\/uploads\/2026\/04\/21545r17-evergreen-eu72-91w-xl-vasaras-riepas.jpg","width":1920,"height":1277,"caption":"215\/45R17 Evergreen EU72 91W XL - Vasaras riepas"},{"@type":"BreadcrumbList","@id":"https:\/\/mmkriepas.lv\/en\/p\/235-45r17-evergreen-eu72-97w-xl-sailun\/#breadcrumb","itemListElement":[{"@type":"ListItem","position":1,"name":"S\u0101kums","item":"https:\/\/mmkriepas.lv\/en\/"},{"@type":"ListItem","position":2,"name":"235\/45R17 Evergreen EU72 97W XL (Sailun)"}]},{"@type":"WebSite","@id":"https:\/\/mmkriepas.lv\/en\/#website","url":"https:\/\/mmkriepas.lv\/en\/","name":"MMK Riepas","description":"MMK Riepas","alternateName":"MMK Riepu Serviss","potentialAction":[{"@type":"SearchAction","target":{"@type":"EntryPoint","urlTemplate":"https:\/\/mmkriepas.lv\/en\/?s={search_term_string}"},"query-input":{"@type":"PropertyValueSpecification","valueRequired":true,"valueName":"search_term_string"}}],"inLanguage":"en-US"},{"@type":"ImageObject","inLanguage":"en-US","@id":"https:\/\/mmkriepas.lv\/en\/p\/235-45r17-evergreen-eu72-97w-xl-sailun\/#local-main-organization-logo","url":"","contentUrl":"","caption":"MMK Riepas"}]},"product_brand":"Evergreen EU72","product_price_amount":"69.00","product_price_currency":"EUR","og_availability":"instock","product_availability":"instock","product_retailer_item_id":"TS2354517EVERG-58356","product_condition":"new"},"_links":{"self":[{"href":"https:\/\/mmkriepas.lv\/en\/wp-json\/wp\/v2\/product\/1476812","targetHints":{"allow":["GET"]}}],"collection":[{"href":"https:\/\/mmkriepas.lv\/en\/wp-json\/wp\/v2\/product"}],"about":[{"href":"https:\/\/mmkriepas.lv\/en\/wp-json\/wp\/v2\/types\/product"}],"wp:featuredmedia":[{"embeddable":true,"href":"https:\/\/mmkriepas.lv\/en\/wp-json\/wp\/v2\/media\/1488608"}],"wp:attachment":[{"href":"https:\/\/mmkriepas.lv\/en\/wp-json\/wp\/v2\/media?parent=1476812"}],"wp:term":[{"taxonomy":"product_brand","embeddable":true,"href":"https:\/\/mmkriepas.lv\/en\/wp-json\/wp\/v2\/product_brand?post=1476812"},{"taxonomy":"product_cat","embeddable":true,"href":"https:\/\/mmkriepas.lv\/en\/wp-json\/wp\/v2\/product_cat?post=1476812"},{"taxonomy":"product_tag","embeddable":true,"href":"https:\/\/mmkriepas.lv\/en\/wp-json\/wp\/v2\/product_tag?post=1476812"}],"curies":[{"name":"wp","href":"https:\/\/api.w.org\/{rel}","templated":true}]}}