{"id":1475619,"date":"2026-03-30T10:51:26","date_gmt":"2026-03-30T07:51:26","guid":{"rendered":"https:\/\/mmkriepas.lv\/?post_type=product&#038;p=1475619"},"modified":"2026-03-31T20:59:39","modified_gmt":"2026-03-31T17:59:39","slug":"215-65r15-sailun-atrezzo-elite-100h","status":"publish","type":"product","link":"https:\/\/mmkriepas.lv\/en\/p\/215-65r15-sailun-atrezzo-elite-100h\/","title":{"rendered":"215\/65R15 Sailun Atrezzo ELITE 100H"},"content":{"rendered":"<p><strong>Sailun Atrezzo ELITE<\/strong>\u00a0ir augstas veiktsp\u0113jas vasaras modelis, kas paradz\u0113ts pla\u0161a spektra vieglaj\u0101m pasa\u017eieru automa\u0161\u012bn\u0101m. Riepas iek\u0161\u0113j\u0101s un \u0101r\u0113j\u0101s strukt\u016bras dizains uzlabots tiecoties p\u0113c lab\u0101kas vad\u012bbas slapjos apst\u0101k\u013cos, kas savuk\u0101rt ir bijis viens no tr\u016bkumiem iepriek\u0161 izstr\u0101d\u0101tajam Sailun Altrezzo modelim.<\/p>\n<p><strong>Atrezzo ELITE \u012bpa\u0161\u012bbas:<\/strong><\/p>\n<p>+ uzlabota <strong>degvielas<\/strong> <strong>ekonomija<\/strong>, pateicoties jaun\u0101kaj\u0101m tehnolo\u0123ij\u0101m pan\u0101kta zem\u0101ka rites pretest\u012bba, samazin\u0101ts riepas svars<\/p>\n<p>+ \u013coti labi sa\u0137eres un trok\u0161\u0146u l\u012bme\u0146a r\u0101d\u012bt\u0101ji<\/p>\n<p>+ paaugstin\u0101ta triecieniztur\u012bba pasarg\u0101s riepu no p\u0101rsi\u0161anas bedr\u0113s<\/p>\n<p>+ liels \u0101truma indekss (vid\u0113ji \u0161im modelim 240 km\/h)<\/p>\n<p>+ riepas izce\u013c\u0101s ar <strong>zem\u0101kiem dilst\u012bbas r\u0101d\u012bt\u0101jiem<\/strong> sal\u012bdzinot ar vid\u0113jiem r\u0101d\u012bt\u0101jiem bud\u017eeta klas\u0113<em>,<\/em>\u00a0kas noz\u012bm\u0113 liel\u0101ku nobraukumu<\/p>\n<p>+ dro\u0161a vad\u0101m\u012bb\u0101 gan uz sausa, gan mitra seguma<\/p>\n<p>+ augsta notur\u012bba pret akvaplan\u0113\u0161anu<\/p>\n<p>+ stabilit\u0101te braucot ar\u012b pa nel\u012bdzenu ce\u013ca segumu<\/p>\n<p><strong>Atrezzo ELITE iez\u012bmes:<\/strong><\/p>\n<p><strong>\u010cetras taisnas\u00a0 garenrievas<\/strong>, kas sav\u0101 starp\u0101 savienotas ar sl\u012bpi izvietotiem maz\u0101kiem iegriezumiem, palielina sa\u0137eri ar slapju ce\u013ca segumu, efekt\u012bvi izspie\u017eot un novadot \u016bdeni. Vienk\u0101r\u0161s zigzag\u0101 izvietots sl\u0101\u0146a rievas dizains padara modeli dinamisk\u0101ku. \u0100r\u0113j\u0101s malas dizains\u00a0 ne tikai <strong>uzlabo riepas bortu stingr\u012bbu<\/strong>, bet ar\u012b uzlabo kop\u0113jo vad\u012bbu. Iek\u0161malas izstr\u0101d\u0101tais raksts pal\u012bdz nodro\u0161in\u0101t <strong>efekt\u012bvu \u016bdens novadi<\/strong>, tikm\u0113r \u0101rmal\u0101 izvietotie protektora elementi pied\u0101v\u0101 izcilu vad\u012bbu ieg\u016bstot optim\u0101lu brauk\u0161anas veiktsp\u0113ju.<\/p>\n","protected":false},"excerpt":{"rendered":"<p><strong>Sailun Atrezzo ELITE<\/strong>\u00a0ir augstas veiktsp\u0113jas vasaras modelis, kas paradz\u0113ts pla\u0161a spektra vieglaj\u0101m pasa\u017eieru automa\u0161\u012bn\u0101m. Riepas iek\u0161\u0113j\u0101s un \u0101r\u0113j\u0101s strukt\u016bras dizains uzlabots tiecoties p\u0113c lab\u0101kas vad\u012bbas slapjos apst\u0101k\u013cos, kas savuk\u0101rt ir bijis viens no tr\u016bkumiem iepriek\u0161 izstr\u0101d\u0101tajam Sailun Altrezzo modelim.<\/p>\n","protected":false},"featured_media":876796,"template":"","meta":{"_acf_changed":false,"ngg_post_thumbnail":0},"product_brand":[],"product_cat":[23641],"product_tag":[],"class_list":{"0":"post-1475619","1":"product","2":"type-product","3":"status-publish","4":"has-post-thumbnail","6":"product_cat-summer-tyres","8":"first","9":"instock","10":"sale","11":"taxable","12":"shipping-taxable","13":"purchasable","14":"product-type-simple"},"acf":[],"yoast_head":"<!-- This site is optimized with the Yoast SEO Premium plugin v22.6 (Yoast SEO v27.3) - https:\/\/yoast.com\/product\/yoast-seo-premium-wordpress\/ -->\n<title>215\/65R15 Sailun Atrezzo ELITE 100H &#8226; MMK Riepas<\/title>\n<meta name=\"robots\" content=\"index, follow, max-snippet:-1, max-image-preview:large, max-video-preview:-1\" \/>\n<link rel=\"canonical\" href=\"https:\/\/mmkriepas.lv\/en\/p\/215-65r15-sailun-atrezzo-elite-100h\/\" \/>\n<meta property=\"og:locale\" content=\"en_US\" \/>\n<meta property=\"og:type\" content=\"article\" \/>\n<meta property=\"og:title\" content=\"215\/65R15 Sailun Atrezzo ELITE 100H\" \/>\n<meta property=\"og:description\" content=\"Sailun Atrezzo ELITE\u00a0ir augstas veiktsp\u0113jas vasaras modelis, kas paradz\u0113ts pla\u0161a spektra vieglaj\u0101m pasa\u017eieru automa\u0161\u012bn\u0101m. Riepas iek\u0161\u0113j\u0101s un \u0101r\u0113j\u0101s strukt\u016bras dizains uzlabots tiecoties p\u0113c lab\u0101kas vad\u012bbas slapjos apst\u0101k\u013cos, kas savuk\u0101rt ir bijis viens no tr\u016bkumiem iepriek\u0161 izstr\u0101d\u0101tajam Sailun Altrezzo modelim.\" \/>\n<meta property=\"og:url\" content=\"https:\/\/mmkriepas.lv\/en\/p\/215-65r15-sailun-atrezzo-elite-100h\/\" \/>\n<meta property=\"og:site_name\" content=\"MMK Riepas\" \/>\n<meta property=\"article:publisher\" content=\"https:\/\/www.facebook.com\/mmkserviss\/\" \/>\n<meta property=\"article:modified_time\" content=\"2026-03-31T17:59:39+00:00\" \/>\n<meta property=\"og:image\" content=\"https:\/\/mmkriepas.lv\/wp-content\/uploads\/2024\/03\/21560r17-sailun-atrezzo-elite-96v-vasaras-riepas.jpg\" \/>\n\t<meta property=\"og:image:width\" content=\"1920\" \/>\n\t<meta property=\"og:image:height\" content=\"1440\" \/>\n\t<meta property=\"og:image:type\" content=\"image\/jpeg\" \/>\n<meta name=\"twitter:card\" content=\"summary_large_image\" \/>\n<meta name=\"twitter:label1\" content=\"Price\" \/>\n\t<meta name=\"twitter:data1\" content=\"&euro;63.00\" \/>\n\t<meta name=\"twitter:label2\" content=\"Availability\" \/>\n\t<meta name=\"twitter:data2\" content=\"In stock\" \/>\n<script type=\"application\/ld+json\" class=\"yoast-schema-graph\">{\"@context\":\"https:\\\/\\\/schema.org\",\"@graph\":[{\"@type\":\"WebPage\",\"@id\":\"https:\\\/\\\/mmkriepas.lv\\\/en\\\/p\\\/215-65r15-sailun-atrezzo-elite-100h\\\/\",\"url\":\"https:\\\/\\\/mmkriepas.lv\\\/en\\\/p\\\/215-65r15-sailun-atrezzo-elite-100h\\\/\",\"name\":\"215\\\/65R15 Sailun Atrezzo ELITE 100H &#8226; MMK Riepas\",\"isPartOf\":{\"@id\":\"https:\\\/\\\/mmkriepas.lv\\\/en\\\/#website\"},\"primaryImageOfPage\":{\"@id\":\"https:\\\/\\\/mmkriepas.lv\\\/en\\\/p\\\/215-65r15-sailun-atrezzo-elite-100h\\\/#primaryimage\"},\"image\":{\"@id\":\"https:\\\/\\\/mmkriepas.lv\\\/en\\\/p\\\/215-65r15-sailun-atrezzo-elite-100h\\\/#primaryimage\"},\"thumbnailUrl\":\"https:\\\/\\\/mmkriepas.lv\\\/wp-content\\\/uploads\\\/2024\\\/03\\\/21560r17-sailun-atrezzo-elite-96v-vasaras-riepas.jpg\",\"datePublished\":\"2026-03-30T07:51:26+00:00\",\"dateModified\":\"2026-03-31T17:59:39+00:00\",\"breadcrumb\":{\"@id\":\"https:\\\/\\\/mmkriepas.lv\\\/en\\\/p\\\/215-65r15-sailun-atrezzo-elite-100h\\\/#breadcrumb\"},\"inLanguage\":\"en-US\",\"potentialAction\":[{\"@type\":\"ReadAction\",\"target\":[\"https:\\\/\\\/mmkriepas.lv\\\/en\\\/p\\\/215-65r15-sailun-atrezzo-elite-100h\\\/\"]}]},{\"@type\":\"ImageObject\",\"inLanguage\":\"en-US\",\"@id\":\"https:\\\/\\\/mmkriepas.lv\\\/en\\\/p\\\/215-65r15-sailun-atrezzo-elite-100h\\\/#primaryimage\",\"url\":\"https:\\\/\\\/mmkriepas.lv\\\/wp-content\\\/uploads\\\/2024\\\/03\\\/21560r17-sailun-atrezzo-elite-96v-vasaras-riepas.jpg\",\"contentUrl\":\"https:\\\/\\\/mmkriepas.lv\\\/wp-content\\\/uploads\\\/2024\\\/03\\\/21560r17-sailun-atrezzo-elite-96v-vasaras-riepas.jpg\",\"width\":1920,\"height\":1440,\"caption\":\"MMK Sailun Atrezzo ELITE MAIN\"},{\"@type\":\"BreadcrumbList\",\"@id\":\"https:\\\/\\\/mmkriepas.lv\\\/en\\\/p\\\/215-65r15-sailun-atrezzo-elite-100h\\\/#breadcrumb\",\"itemListElement\":[{\"@type\":\"ListItem\",\"position\":1,\"name\":\"S\u0101kums\",\"item\":\"https:\\\/\\\/mmkriepas.lv\\\/en\\\/\"},{\"@type\":\"ListItem\",\"position\":2,\"name\":\"215\\\/65R15 Sailun Atrezzo ELITE 100H\"}]},{\"@type\":\"WebSite\",\"@id\":\"https:\\\/\\\/mmkriepas.lv\\\/en\\\/#website\",\"url\":\"https:\\\/\\\/mmkriepas.lv\\\/en\\\/\",\"name\":\"MMK Riepas\",\"description\":\"MMK Riepas\",\"alternateName\":\"MMK Riepu Serviss\",\"potentialAction\":[{\"@type\":\"SearchAction\",\"target\":{\"@type\":\"EntryPoint\",\"urlTemplate\":\"https:\\\/\\\/mmkriepas.lv\\\/en\\\/?s={search_term_string}\"},\"query-input\":{\"@type\":\"PropertyValueSpecification\",\"valueRequired\":true,\"valueName\":\"search_term_string\"}}],\"inLanguage\":\"en-US\"},{\"@type\":\"ImageObject\",\"inLanguage\":\"en-US\",\"@id\":\"https:\\\/\\\/mmkriepas.lv\\\/en\\\/p\\\/215-65r15-sailun-atrezzo-elite-100h\\\/#local-main-organization-logo\",\"url\":\"\",\"contentUrl\":\"\",\"caption\":\"MMK Riepas\"}]}<\/script>\n<meta property=\"product:brand\" content=\"Sailun Atrezzo ELITE\" \/>\n<meta property=\"product:price:amount\" content=\"63.00\" \/>\n<meta property=\"product:price:currency\" content=\"EUR\" \/>\n<meta property=\"og:availability\" content=\"instock\" \/>\n<meta property=\"product:availability\" content=\"instock\" \/>\n<meta property=\"product:retailer_item_id\" content=\"TS2156515SAILU-58299\" \/>\n<meta property=\"product:condition\" content=\"new\" \/>\n<!-- \/ Yoast SEO Premium plugin. -->","yoast_head_json":{"title":"215\/65R15 Sailun Atrezzo ELITE 100H &#8226; MMK Riepas","robots":{"index":"index","follow":"follow","max-snippet":"max-snippet:-1","max-image-preview":"max-image-preview:large","max-video-preview":"max-video-preview:-1"},"canonical":"https:\/\/mmkriepas.lv\/en\/p\/215-65r15-sailun-atrezzo-elite-100h\/","og_locale":"en_US","og_type":"article","og_title":"215\/65R15 Sailun Atrezzo ELITE 100H","og_description":"Sailun Atrezzo ELITE\u00a0ir augstas veiktsp\u0113jas vasaras modelis, kas paradz\u0113ts pla\u0161a spektra vieglaj\u0101m pasa\u017eieru automa\u0161\u012bn\u0101m. Riepas iek\u0161\u0113j\u0101s un \u0101r\u0113j\u0101s strukt\u016bras dizains uzlabots tiecoties p\u0113c lab\u0101kas vad\u012bbas slapjos apst\u0101k\u013cos, kas savuk\u0101rt ir bijis viens no tr\u016bkumiem iepriek\u0161 izstr\u0101d\u0101tajam Sailun Altrezzo modelim.","og_url":"https:\/\/mmkriepas.lv\/en\/p\/215-65r15-sailun-atrezzo-elite-100h\/","og_site_name":"MMK Riepas","article_publisher":"https:\/\/www.facebook.com\/mmkserviss\/","article_modified_time":"2026-03-31T17:59:39+00:00","og_image":[{"width":1920,"height":1440,"url":"https:\/\/mmkriepas.lv\/wp-content\/uploads\/2024\/03\/21560r17-sailun-atrezzo-elite-96v-vasaras-riepas.jpg","type":"image\/jpeg"}],"twitter_card":"summary_large_image","twitter_misc":{"Price":"&euro;63.00","Availability":"In stock"},"schema":{"@context":"https:\/\/schema.org","@graph":[{"@type":"WebPage","@id":"https:\/\/mmkriepas.lv\/en\/p\/215-65r15-sailun-atrezzo-elite-100h\/","url":"https:\/\/mmkriepas.lv\/en\/p\/215-65r15-sailun-atrezzo-elite-100h\/","name":"215\/65R15 Sailun Atrezzo ELITE 100H &#8226; MMK Riepas","isPartOf":{"@id":"https:\/\/mmkriepas.lv\/en\/#website"},"primaryImageOfPage":{"@id":"https:\/\/mmkriepas.lv\/en\/p\/215-65r15-sailun-atrezzo-elite-100h\/#primaryimage"},"image":{"@id":"https:\/\/mmkriepas.lv\/en\/p\/215-65r15-sailun-atrezzo-elite-100h\/#primaryimage"},"thumbnailUrl":"https:\/\/mmkriepas.lv\/wp-content\/uploads\/2024\/03\/21560r17-sailun-atrezzo-elite-96v-vasaras-riepas.jpg","datePublished":"2026-03-30T07:51:26+00:00","dateModified":"2026-03-31T17:59:39+00:00","breadcrumb":{"@id":"https:\/\/mmkriepas.lv\/en\/p\/215-65r15-sailun-atrezzo-elite-100h\/#breadcrumb"},"inLanguage":"en-US","potentialAction":[{"@type":"ReadAction","target":["https:\/\/mmkriepas.lv\/en\/p\/215-65r15-sailun-atrezzo-elite-100h\/"]}]},{"@type":"ImageObject","inLanguage":"en-US","@id":"https:\/\/mmkriepas.lv\/en\/p\/215-65r15-sailun-atrezzo-elite-100h\/#primaryimage","url":"https:\/\/mmkriepas.lv\/wp-content\/uploads\/2024\/03\/21560r17-sailun-atrezzo-elite-96v-vasaras-riepas.jpg","contentUrl":"https:\/\/mmkriepas.lv\/wp-content\/uploads\/2024\/03\/21560r17-sailun-atrezzo-elite-96v-vasaras-riepas.jpg","width":1920,"height":1440,"caption":"MMK Sailun Atrezzo ELITE MAIN"},{"@type":"BreadcrumbList","@id":"https:\/\/mmkriepas.lv\/en\/p\/215-65r15-sailun-atrezzo-elite-100h\/#breadcrumb","itemListElement":[{"@type":"ListItem","position":1,"name":"S\u0101kums","item":"https:\/\/mmkriepas.lv\/en\/"},{"@type":"ListItem","position":2,"name":"215\/65R15 Sailun Atrezzo ELITE 100H"}]},{"@type":"WebSite","@id":"https:\/\/mmkriepas.lv\/en\/#website","url":"https:\/\/mmkriepas.lv\/en\/","name":"MMK Riepas","description":"MMK Riepas","alternateName":"MMK Riepu Serviss","potentialAction":[{"@type":"SearchAction","target":{"@type":"EntryPoint","urlTemplate":"https:\/\/mmkriepas.lv\/en\/?s={search_term_string}"},"query-input":{"@type":"PropertyValueSpecification","valueRequired":true,"valueName":"search_term_string"}}],"inLanguage":"en-US"},{"@type":"ImageObject","inLanguage":"en-US","@id":"https:\/\/mmkriepas.lv\/en\/p\/215-65r15-sailun-atrezzo-elite-100h\/#local-main-organization-logo","url":"","contentUrl":"","caption":"MMK Riepas"}]},"product_brand":"Sailun Atrezzo ELITE","product_price_amount":"63.00","product_price_currency":"EUR","og_availability":"instock","product_availability":"instock","product_retailer_item_id":"TS2156515SAILU-58299","product_condition":"new"},"_links":{"self":[{"href":"https:\/\/mmkriepas.lv\/en\/wp-json\/wp\/v2\/product\/1475619","targetHints":{"allow":["GET"]}}],"collection":[{"href":"https:\/\/mmkriepas.lv\/en\/wp-json\/wp\/v2\/product"}],"about":[{"href":"https:\/\/mmkriepas.lv\/en\/wp-json\/wp\/v2\/types\/product"}],"wp:featuredmedia":[{"embeddable":true,"href":"https:\/\/mmkriepas.lv\/en\/wp-json\/wp\/v2\/media\/876796"}],"wp:attachment":[{"href":"https:\/\/mmkriepas.lv\/en\/wp-json\/wp\/v2\/media?parent=1475619"}],"wp:term":[{"taxonomy":"product_brand","embeddable":true,"href":"https:\/\/mmkriepas.lv\/en\/wp-json\/wp\/v2\/product_brand?post=1475619"},{"taxonomy":"product_cat","embeddable":true,"href":"https:\/\/mmkriepas.lv\/en\/wp-json\/wp\/v2\/product_cat?post=1475619"},{"taxonomy":"product_tag","embeddable":true,"href":"https:\/\/mmkriepas.lv\/en\/wp-json\/wp\/v2\/product_tag?post=1475619"}],"curies":[{"name":"wp","href":"https:\/\/api.w.org\/{rel}","templated":true}]}}