{"id":1472231,"date":"2026-03-27T17:40:49","date_gmt":"2026-03-27T15:40:49","guid":{"rendered":"https:\/\/mmkriepas.lv\/?post_type=product&#038;p=1472231"},"modified":"2026-03-31T20:59:56","modified_gmt":"2026-03-31T17:59:56","slug":"185-60r15-gt-radial-fe2-88h-xl","status":"publish","type":"product","link":"https:\/\/mmkriepas.lv\/en\/p\/185-60r15-gt-radial-fe2-88h-xl\/","title":{"rendered":"185\/60R15 GT Radial FE2 88H XL"},"content":{"rendered":"<p class=\"western\"><span style=\"font-family: Arial, sans-serif;\"><strong>GT Radial FE2\u00a0<\/strong>ir \u013coti labas kvalit\u0101tes, vid\u0113j\u0101 cenu segmenta vasaras riepu modelis. Tas izce\u013cas ar teicamiem brauk\u0161anas komforta un dro\u0161\u012bbas r\u0101d\u012bt\u0101jiem uz asfalta pat lielos brauk\u0161anas \u0101trumos. \u0160is riepu modelis pieejams izm\u0113ru kl\u0101st\u0101 no R14 l\u012bdz R18 un paredz\u0113ts gan kompaktklases vieglaj\u0101m automa\u0161\u012bn\u0101m, gan vid\u0113ja izm\u0113ra krosoveriem.<\/span><\/p>\n<h3 class=\"western\"><strong><span style=\"font-family: Arial, sans-serif;\">GT Radial FE2 galven\u0101s \u012bpa\u0161\u012bbas<\/span><\/strong><\/h3>\n<p class=\"western\"><span style=\"font-family: Arial, sans-serif;\">+ Laba sa\u0137ere un manevr\u0113tsp\u0113ja pat lielos brauk\u0161anas \u0101trumos.<br \/>+ Zems akvaplan\u0113\u0161anas risks.<br \/>+ Palielin\u0101ta nodilumiztur\u012bba.<br \/>+ Degvielas ekonomija.<br \/>+ Izteikts akustiskais un brauk\u0161anas gaitas komforts.<\/span><\/p>\n<h3 class=\"western\"><span style=\"font-family: Arial, sans-serif;\"><strong>FE2 apr\u012bkojums<\/strong><\/span><\/h3>\n<p class=\"western\"><strong><span style=\"font-family: Arial, sans-serif;\">GT Radial FE2\u00a0<\/span><\/strong><span style=\"font-family: Arial, sans-serif;\">vasaras riepas apr\u012bkotas ar sportisku asimetrisko protektora rakstu. \u0160\u0101ds dizains sev\u012b apvieno teicamas dro\u0161\u012bbas un brauk\u0161anas komforta \u012bpa\u0161\u012bbas pat lielos brauk\u0161anas \u0101trumos.<\/span><\/p>\n<p class=\"western\"><span style=\"font-family: Arial, sans-serif;\">Asimetriskais protektors darin\u0101ts no elastrom\u0113riem bag\u0101ta gumijas sakaus\u0113juma. Tam pievienotie elastrom\u0113ri pal\u012bdz riepai veidot sa\u0137eri, k\u0101 ar\u012b uzlabo riepu nodilumizturibu.<\/span><\/p>\n","protected":false},"excerpt":{"rendered":"<p><span style=\"font-family: Arial, sans-serif;\"><strong>GT Radial FE2\u00a0<\/strong>ir \u013coti labas kvalit\u0101tes, vid\u0113j\u0101 cenu segmenta vasaras riepu modelis. Tas izce\u013cas ar teicamiem brauk\u0161anas komforta un dro\u0161\u012bbas r\u0101d\u012bt\u0101jiem uz asfalta pat lielos brauk\u0161anas \u0101trumos. \u0160is riepu modelis pieejams izm\u0113ru kl\u0101st\u0101 no R14 l\u012bdz R18 un paredz\u0113ts gan kompaktklases vieglaj\u0101m automa\u0161\u012bn\u0101m, gan vid\u0113ja izm\u0113ra krosoveriem.<\/span><\/p>\n","protected":false},"featured_media":890820,"template":"","meta":{"_acf_changed":false,"ngg_post_thumbnail":0},"product_brand":[],"product_cat":[46],"product_tag":[],"class_list":{"0":"post-1472231","1":"product","2":"type-product","3":"status-publish","4":"has-post-thumbnail","6":"product_cat-vasaras-riepas","8":"first","9":"instock","10":"sale","11":"taxable","12":"shipping-taxable","13":"purchasable","14":"product-type-simple"},"acf":[],"yoast_head":"<!-- This site is optimized with the Yoast SEO Premium plugin v22.6 (Yoast SEO v27.3) - https:\/\/yoast.com\/product\/yoast-seo-premium-wordpress\/ -->\n<title>185\/60R15 GT Radial FE2 88H XL &#8226; MMK Riepas<\/title>\n<meta name=\"robots\" content=\"index, follow, max-snippet:-1, max-image-preview:large, max-video-preview:-1\" \/>\n<link rel=\"canonical\" href=\"https:\/\/mmkriepas.lv\/en\/p\/185-60r15-gt-radial-fe2-88h-xl\/\" \/>\n<meta property=\"og:locale\" content=\"en_US\" \/>\n<meta property=\"og:type\" content=\"article\" \/>\n<meta property=\"og:title\" content=\"185\/60R15 GT Radial FE2 88H XL\" \/>\n<meta property=\"og:description\" content=\"GT Radial FE2\u00a0ir \u013coti labas kvalit\u0101tes, vid\u0113j\u0101 cenu segmenta vasaras riepu modelis. Tas izce\u013cas ar teicamiem brauk\u0161anas komforta un dro\u0161\u012bbas r\u0101d\u012bt\u0101jiem uz asfalta pat lielos brauk\u0161anas \u0101trumos. \u0160is riepu modelis pieejams izm\u0113ru kl\u0101st\u0101 no R14 l\u012bdz R18 un paredz\u0113ts gan kompaktklases vieglaj\u0101m automa\u0161\u012bn\u0101m, gan vid\u0113ja izm\u0113ra krosoveriem.\" \/>\n<meta property=\"og:url\" content=\"https:\/\/mmkriepas.lv\/en\/p\/185-60r15-gt-radial-fe2-88h-xl\/\" \/>\n<meta property=\"og:site_name\" content=\"MMK Riepas\" \/>\n<meta property=\"article:publisher\" content=\"https:\/\/www.facebook.com\/mmkserviss\/\" \/>\n<meta property=\"article:modified_time\" content=\"2026-03-31T17:59:56+00:00\" \/>\n<meta property=\"og:image\" content=\"https:\/\/mmkriepas.lv\/wp-content\/uploads\/2024\/04\/19550r15-gt-radial-fe2-82v-dot21-vasaras-riepas.jpg\" \/>\n\t<meta property=\"og:image:width\" content=\"1000\" \/>\n\t<meta property=\"og:image:height\" content=\"750\" \/>\n\t<meta property=\"og:image:type\" content=\"image\/jpeg\" \/>\n<meta name=\"twitter:card\" content=\"summary_large_image\" \/>\n<meta name=\"twitter:label1\" content=\"Price\" \/>\n\t<meta name=\"twitter:data1\" content=\"&euro;52.00\" \/>\n\t<meta name=\"twitter:label2\" content=\"Availability\" \/>\n\t<meta name=\"twitter:data2\" content=\"In stock\" \/>\n<script type=\"application\/ld+json\" class=\"yoast-schema-graph\">{\"@context\":\"https:\\\/\\\/schema.org\",\"@graph\":[{\"@type\":\"WebPage\",\"@id\":\"https:\\\/\\\/mmkriepas.lv\\\/en\\\/p\\\/185-60r15-gt-radial-fe2-88h-xl\\\/\",\"url\":\"https:\\\/\\\/mmkriepas.lv\\\/en\\\/p\\\/185-60r15-gt-radial-fe2-88h-xl\\\/\",\"name\":\"185\\\/60R15 GT Radial FE2 88H XL &#8226; MMK Riepas\",\"isPartOf\":{\"@id\":\"https:\\\/\\\/mmkriepas.lv\\\/en\\\/#website\"},\"primaryImageOfPage\":{\"@id\":\"https:\\\/\\\/mmkriepas.lv\\\/en\\\/p\\\/185-60r15-gt-radial-fe2-88h-xl\\\/#primaryimage\"},\"image\":{\"@id\":\"https:\\\/\\\/mmkriepas.lv\\\/en\\\/p\\\/185-60r15-gt-radial-fe2-88h-xl\\\/#primaryimage\"},\"thumbnailUrl\":\"https:\\\/\\\/mmkriepas.lv\\\/wp-content\\\/uploads\\\/2024\\\/04\\\/19550r15-gt-radial-fe2-82v-dot21-vasaras-riepas.jpg\",\"datePublished\":\"2026-03-27T15:40:49+00:00\",\"dateModified\":\"2026-03-31T17:59:56+00:00\",\"breadcrumb\":{\"@id\":\"https:\\\/\\\/mmkriepas.lv\\\/en\\\/p\\\/185-60r15-gt-radial-fe2-88h-xl\\\/#breadcrumb\"},\"inLanguage\":\"en-US\",\"potentialAction\":[{\"@type\":\"ReadAction\",\"target\":[\"https:\\\/\\\/mmkriepas.lv\\\/en\\\/p\\\/185-60r15-gt-radial-fe2-88h-xl\\\/\"]}]},{\"@type\":\"ImageObject\",\"inLanguage\":\"en-US\",\"@id\":\"https:\\\/\\\/mmkriepas.lv\\\/en\\\/p\\\/185-60r15-gt-radial-fe2-88h-xl\\\/#primaryimage\",\"url\":\"https:\\\/\\\/mmkriepas.lv\\\/wp-content\\\/uploads\\\/2024\\\/04\\\/19550r15-gt-radial-fe2-82v-dot21-vasaras-riepas.jpg\",\"contentUrl\":\"https:\\\/\\\/mmkriepas.lv\\\/wp-content\\\/uploads\\\/2024\\\/04\\\/19550r15-gt-radial-fe2-82v-dot21-vasaras-riepas.jpg\",\"width\":1000,\"height\":750,\"caption\":\"\u0160AURAIS MAIN\"},{\"@type\":\"BreadcrumbList\",\"@id\":\"https:\\\/\\\/mmkriepas.lv\\\/en\\\/p\\\/185-60r15-gt-radial-fe2-88h-xl\\\/#breadcrumb\",\"itemListElement\":[{\"@type\":\"ListItem\",\"position\":1,\"name\":\"S\u0101kums\",\"item\":\"https:\\\/\\\/mmkriepas.lv\\\/en\\\/\"},{\"@type\":\"ListItem\",\"position\":2,\"name\":\"185\\\/60R15 GT Radial FE2 88H XL\"}]},{\"@type\":\"WebSite\",\"@id\":\"https:\\\/\\\/mmkriepas.lv\\\/en\\\/#website\",\"url\":\"https:\\\/\\\/mmkriepas.lv\\\/en\\\/\",\"name\":\"MMK Riepas\",\"description\":\"MMK Riepas\",\"alternateName\":\"MMK Riepu Serviss\",\"potentialAction\":[{\"@type\":\"SearchAction\",\"target\":{\"@type\":\"EntryPoint\",\"urlTemplate\":\"https:\\\/\\\/mmkriepas.lv\\\/en\\\/?s={search_term_string}\"},\"query-input\":{\"@type\":\"PropertyValueSpecification\",\"valueRequired\":true,\"valueName\":\"search_term_string\"}}],\"inLanguage\":\"en-US\"},{\"@type\":\"ImageObject\",\"inLanguage\":\"en-US\",\"@id\":\"https:\\\/\\\/mmkriepas.lv\\\/en\\\/p\\\/185-60r15-gt-radial-fe2-88h-xl\\\/#local-main-organization-logo\",\"url\":\"\",\"contentUrl\":\"\",\"caption\":\"MMK Riepas\"}]}<\/script>\n<meta property=\"product:brand\" content=\"GT Radial FE2\" \/>\n<meta property=\"product:price:amount\" content=\"52.00\" \/>\n<meta property=\"product:price:currency\" content=\"EUR\" \/>\n<meta property=\"og:availability\" content=\"instock\" \/>\n<meta property=\"product:availability\" content=\"instock\" \/>\n<meta property=\"product:retailer_item_id\" content=\"TS1856015GTRAD-57977\" \/>\n<meta property=\"product:condition\" content=\"new\" \/>\n<!-- \/ Yoast SEO Premium plugin. -->","yoast_head_json":{"title":"185\/60R15 GT Radial FE2 88H XL &#8226; MMK Riepas","robots":{"index":"index","follow":"follow","max-snippet":"max-snippet:-1","max-image-preview":"max-image-preview:large","max-video-preview":"max-video-preview:-1"},"canonical":"https:\/\/mmkriepas.lv\/en\/p\/185-60r15-gt-radial-fe2-88h-xl\/","og_locale":"en_US","og_type":"article","og_title":"185\/60R15 GT Radial FE2 88H XL","og_description":"GT Radial FE2\u00a0ir \u013coti labas kvalit\u0101tes, vid\u0113j\u0101 cenu segmenta vasaras riepu modelis. Tas izce\u013cas ar teicamiem brauk\u0161anas komforta un dro\u0161\u012bbas r\u0101d\u012bt\u0101jiem uz asfalta pat lielos brauk\u0161anas \u0101trumos. \u0160is riepu modelis pieejams izm\u0113ru kl\u0101st\u0101 no R14 l\u012bdz R18 un paredz\u0113ts gan kompaktklases vieglaj\u0101m automa\u0161\u012bn\u0101m, gan vid\u0113ja izm\u0113ra krosoveriem.","og_url":"https:\/\/mmkriepas.lv\/en\/p\/185-60r15-gt-radial-fe2-88h-xl\/","og_site_name":"MMK Riepas","article_publisher":"https:\/\/www.facebook.com\/mmkserviss\/","article_modified_time":"2026-03-31T17:59:56+00:00","og_image":[{"width":1000,"height":750,"url":"https:\/\/mmkriepas.lv\/wp-content\/uploads\/2024\/04\/19550r15-gt-radial-fe2-82v-dot21-vasaras-riepas.jpg","type":"image\/jpeg"}],"twitter_card":"summary_large_image","twitter_misc":{"Price":"&euro;52.00","Availability":"In stock"},"schema":{"@context":"https:\/\/schema.org","@graph":[{"@type":"WebPage","@id":"https:\/\/mmkriepas.lv\/en\/p\/185-60r15-gt-radial-fe2-88h-xl\/","url":"https:\/\/mmkriepas.lv\/en\/p\/185-60r15-gt-radial-fe2-88h-xl\/","name":"185\/60R15 GT Radial FE2 88H XL &#8226; MMK Riepas","isPartOf":{"@id":"https:\/\/mmkriepas.lv\/en\/#website"},"primaryImageOfPage":{"@id":"https:\/\/mmkriepas.lv\/en\/p\/185-60r15-gt-radial-fe2-88h-xl\/#primaryimage"},"image":{"@id":"https:\/\/mmkriepas.lv\/en\/p\/185-60r15-gt-radial-fe2-88h-xl\/#primaryimage"},"thumbnailUrl":"https:\/\/mmkriepas.lv\/wp-content\/uploads\/2024\/04\/19550r15-gt-radial-fe2-82v-dot21-vasaras-riepas.jpg","datePublished":"2026-03-27T15:40:49+00:00","dateModified":"2026-03-31T17:59:56+00:00","breadcrumb":{"@id":"https:\/\/mmkriepas.lv\/en\/p\/185-60r15-gt-radial-fe2-88h-xl\/#breadcrumb"},"inLanguage":"en-US","potentialAction":[{"@type":"ReadAction","target":["https:\/\/mmkriepas.lv\/en\/p\/185-60r15-gt-radial-fe2-88h-xl\/"]}]},{"@type":"ImageObject","inLanguage":"en-US","@id":"https:\/\/mmkriepas.lv\/en\/p\/185-60r15-gt-radial-fe2-88h-xl\/#primaryimage","url":"https:\/\/mmkriepas.lv\/wp-content\/uploads\/2024\/04\/19550r15-gt-radial-fe2-82v-dot21-vasaras-riepas.jpg","contentUrl":"https:\/\/mmkriepas.lv\/wp-content\/uploads\/2024\/04\/19550r15-gt-radial-fe2-82v-dot21-vasaras-riepas.jpg","width":1000,"height":750,"caption":"\u0160AURAIS MAIN"},{"@type":"BreadcrumbList","@id":"https:\/\/mmkriepas.lv\/en\/p\/185-60r15-gt-radial-fe2-88h-xl\/#breadcrumb","itemListElement":[{"@type":"ListItem","position":1,"name":"S\u0101kums","item":"https:\/\/mmkriepas.lv\/en\/"},{"@type":"ListItem","position":2,"name":"185\/60R15 GT Radial FE2 88H XL"}]},{"@type":"WebSite","@id":"https:\/\/mmkriepas.lv\/en\/#website","url":"https:\/\/mmkriepas.lv\/en\/","name":"MMK Riepas","description":"MMK Riepas","alternateName":"MMK Riepu Serviss","potentialAction":[{"@type":"SearchAction","target":{"@type":"EntryPoint","urlTemplate":"https:\/\/mmkriepas.lv\/en\/?s={search_term_string}"},"query-input":{"@type":"PropertyValueSpecification","valueRequired":true,"valueName":"search_term_string"}}],"inLanguage":"en-US"},{"@type":"ImageObject","inLanguage":"en-US","@id":"https:\/\/mmkriepas.lv\/en\/p\/185-60r15-gt-radial-fe2-88h-xl\/#local-main-organization-logo","url":"","contentUrl":"","caption":"MMK Riepas"}]},"product_brand":"GT Radial FE2","product_price_amount":"52.00","product_price_currency":"EUR","og_availability":"instock","product_availability":"instock","product_retailer_item_id":"TS1856015GTRAD-57977","product_condition":"new"},"_links":{"self":[{"href":"https:\/\/mmkriepas.lv\/en\/wp-json\/wp\/v2\/product\/1472231","targetHints":{"allow":["GET"]}}],"collection":[{"href":"https:\/\/mmkriepas.lv\/en\/wp-json\/wp\/v2\/product"}],"about":[{"href":"https:\/\/mmkriepas.lv\/en\/wp-json\/wp\/v2\/types\/product"}],"wp:featuredmedia":[{"embeddable":true,"href":"https:\/\/mmkriepas.lv\/en\/wp-json\/wp\/v2\/media\/890820"}],"wp:attachment":[{"href":"https:\/\/mmkriepas.lv\/en\/wp-json\/wp\/v2\/media?parent=1472231"}],"wp:term":[{"taxonomy":"product_brand","embeddable":true,"href":"https:\/\/mmkriepas.lv\/en\/wp-json\/wp\/v2\/product_brand?post=1472231"},{"taxonomy":"product_cat","embeddable":true,"href":"https:\/\/mmkriepas.lv\/en\/wp-json\/wp\/v2\/product_cat?post=1472231"},{"taxonomy":"product_tag","embeddable":true,"href":"https:\/\/mmkriepas.lv\/en\/wp-json\/wp\/v2\/product_tag?post=1472231"}],"curies":[{"name":"wp","href":"https:\/\/api.w.org\/{rel}","templated":true}]}}