{"id":147152,"date":"2020-08-25T17:46:52","date_gmt":"2020-08-25T14:46:52","guid":{"rendered":"https:\/\/mmkserviss.lv\/?post_type=product&#038;p=147152"},"modified":"2022-11-03T11:52:01","modified_gmt":"2022-11-03T09:52:01","slug":"175-70r14-westlake-sw602-84t","status":"publish","type":"product","link":"https:\/\/mmkriepas.lv\/en\/p\/175-70r14-westlake-sw602-84t\/","title":{"rendered":"175\/70R14 Westlake SW602 84T"},"content":{"rendered":"<p><span style=\"font-weight: 400;\">WestLake SW602 ir jaunas paaudzes riepa, kas apvieno uz\u0146\u0113muma jaun\u0101kos tehnolo\u0123iskos sasniegumus ar laika gait\u0101 p\u0101rbaud\u012bt\u0101m ra\u017eo\u0161anas metod\u0113m.<\/span><\/p>\n<p><span style=\"font-weight: 400;\">Veidojot \u0161o modeli, tika izmantota piln\u012bgi jauna gumijas kompoz\u012bcija. Tas \u013c\u0101va iev\u0113rojami uzlabot riepu veiktsp\u0113ju un padar\u012bt to piem\u0113rot\u0101ku Krievijas, t\u0101tad ar\u012b Latvijas, tipa ce\u013ciem. \u0160\u012b gumijas sast\u0101va priek\u0161roc\u012bba ir l\u0113ns nodil\u0161anas process.<\/span><\/p>\n<h3><b>Westlake SW602 paz\u012bmes<\/b><\/h3>\n<p><span style=\"font-weight: 400;\">Protektoram ir \u012bpa\u0161s dizains, kas ne tikai palielina sa\u0137eri ar ce\u013ca segumu, bet ar\u012b nodro\u0161ina klus\u0101ku automa\u0161\u012bnas kust\u012bbu. Turkl\u0101t protektora z\u012bm\u0113jum\u0101 ir daudz papildelementu, kas garant\u0113 lab\u0101ku stabilit\u0101ti uz jebkura ce\u013ca seguma.<\/span><\/p>\n<p><span style=\"font-weight: 400;\">\u012apa\u0161\u0101s protektora strukt\u016bras d\u0113\u013c automob\u012b\u013ca rad\u012btais spiediens uz Westlake SW602 riep\u0101m tiek sadal\u012bts vienm\u0113r\u012bg\u0101k. T\u0101 ir papildu garantija, ka nodilums notiks l\u0113n\u0101k un vienm\u0113r\u012bgi.<\/span><\/p>\n<p><span style=\"font-weight: 400;\">\u012apa\u0161u uzman\u012bbu izstr\u0101d\u0101t\u0101ji piev\u0113rsa t\u0101m \u012bpa\u0161\u012bb\u0101m, kas ietekm\u0113 brauk\u0161anas veiktsp\u0113ju. Ja run\u0101jam par veiktsp\u0113jas raksturlielumiem, tad j\u0101atz\u012bm\u0113, ka \u0161\u012bs ir klusas riepas.<\/span><\/p>\n<p><span style=\"font-weight: 400;\">westlake SW602 All Season ir vissezonas riepu modelis, kur\u0161 pieder&nbsp; ekonomisk\u0101s klases riep\u0101m. Tas pied\u0101v\u0101 lielisku sniegumu gan sausos, gan mitros apst\u0101k\u013cos. Modelis ir pieejams 14-17 collu r\u0101diusa izm\u0113ros. \u012apa\u0161i izveidots virziena protektora raksts nodro\u0161ina stabilit\u0101ti da\u017e\u0101dos apst\u0101k\u013cos. Bl\u012bvu horizont\u0101lo protektora sl\u0101\u0146u sist\u0113ma uzlabo automa\u0161\u012bnas vad\u0101m\u012bbu. Dzi\u013c\u0101s lameles efekt\u012bvi piel\u012bp pie ce\u013ca, aizsarg\u0101jot pret nekontrol\u0113tu sl\u012bd\u0113\u0161anu.&nbsp;<\/span><\/p>\n<h3><b>Westlake SW602 galven\u0101s iez\u012bmes<\/b><\/h3>\n<p><span style=\"font-weight: 400;\">+ veiktsp\u0113jas zi\u0146\u0101 b\u016btiski neatpaliek no augst\u0101kas klases riep\u0101m;<\/span><\/p>\n<p><span style=\"font-weight: 400;\">+ laba sa\u0137ere visos laikapst\u0101k\u013cos;<\/span><\/p>\n<p><span style=\"font-weight: 400;\">+ sal\u012bdzino\u0161i \u012bss bremz\u0113\u0161anas ce\u013c\u0161 uz sausa, slapja sniega, sausa ledus un asfalta seguma;<\/span><\/p>\n<p><span style=\"font-weight: 400;\">+ kvalitat\u012bvs gumijas sast\u0101vs.<\/span><\/p>\n<h3><b>Westlake SW602 protektors<\/b><\/h3>\n<p><span style=\"font-weight: 400;\">Virziena protektora z\u012bm\u0113jums efekt\u012bvi izvada \u016bdeni un dub\u013cus no riepas protektora pat sp\u0113c\u012bg\u0101 liet\u016b. Tas nodro\u0161ina stabilu manevr\u0113\u0161anas sp\u0113ju un \u012bsu bremz\u0113\u0161anas ce\u013cu. Izmantotie materi\u0101li Westlake SW602 gumijas sast\u0101v\u0101 garant\u0113 pagarin\u0101tu protektora kalpo\u0161anas laiku.<\/span><\/p>\n<p><span style=\"font-weight: 400;\">Westlake ir labi zin\u0101ms \u0100zijas riepu ra\u017eot\u0101js, kuru atz\u012bst autovad\u012bt\u0101ji. Tai ir daudzu gadu desmitu ilga pieredze augstas kvalit\u0101tes ekonomisk\u0101s klases riepu ra\u017eo\u0161an\u0101. Westlake produktiem ir laba cenas un kvalit\u0101tes attiec\u012bba. Uz\u0146\u0113mums pied\u0101v\u0101 pla\u0161u riepu mode\u013cu kl\u0101stu vieglaj\u0101m automa\u0161\u012bn\u0101m, motocikliem, autobusiem un kravas automa\u0161\u012bn\u0101m. \u0136\u012bnie\u0161u z\u012bmols ra\u017eo gan sezonas, gan labas vissezonas riepas un Westlake SW602 ir tam lielisks piem\u0113rs.<\/span><\/p>\n<p>&nbsp;<\/p>\n<p><b>Westlake SW602<\/b><span style=\"font-weight: 400;\"> mode\u013ca lieto\u0161anas dro\u0161\u012bbu ziemas laika apst\u0101k\u013cos un t\u0101 atbilst\u012bbu valst\u012bm ar oblig\u0101tu sezon\u0101lo riepu mai\u0146u apstiprina mar\u0137\u0113jums sniegp\u0101rslas form\u0101 uz kalna fona ar trim virsotn\u0113m (3PMSF).<\/span><\/p>\n<p><span style=\"font-weight: 400;\">Viens no liel\u0101kajiem riepu ra\u017eot\u0101jiem bud\u017eeta segment\u0101. Alternat\u012bva Sailun, Antares, Westlake, Goodride, utt. Kvalit\u0101tes b\u016btiski neatpaliek no vid\u0113j\u0101s klases.&nbsp;<\/span><\/p>\n<p><span style=\"font-weight: 400;\">Westlake SW602 Ziemas riepas paredz\u0113tas viegalaj\u0101m automa\u0161\u012bn\u0101m! Pieejamas pla\u0161\u0101 kl\u0101st\u0101 uz vietas, abos MMK Riepu centros! Zem\u0101k\u0101s cenas garantija!<\/span><\/p>\n<p>&nbsp;<\/p>\n","protected":false},"excerpt":{"rendered":"<p>WestLake SW602 ir jaunas paaudzes riepa, kas apvieno uz\u0146\u0113muma jaun\u0101kos tehnolo\u0123iskos sasniegumus ar laika gait\u0101 p\u0101rbaud\u012bt\u0101m ra\u017eo\u0161anas metod\u0113m. Veidojot \u0161o modeli, tika izmantota piln\u012bgi jauna gumijas kompoz\u012bcija. Tas \u013c\u0101va iev\u0113rojami<\/p>\n","protected":false},"featured_media":70824,"template":"","meta":{"_acf_changed":false,"ngg_post_thumbnail":0},"product_brand":[],"product_cat":[47,45],"product_tag":[19634],"class_list":{"0":"post-147152","1":"product","2":"type-product","3":"status-publish","4":"has-post-thumbnail","6":"product_cat-vissezonas-riepas","7":"product_cat-ziemas-riepas","8":"product_tag-mmk","10":"first","11":"instock","12":"sale","13":"taxable","14":"shipping-taxable","15":"product-type-simple"},"acf":[],"yoast_head":"<!-- This site is optimized with the Yoast SEO Premium plugin v22.6 (Yoast SEO v27.3) - https:\/\/yoast.com\/product\/yoast-seo-premium-wordpress\/ -->\n<title>175\/70R14 Westlake SW602 84T &#8226; MMK Riepas<\/title>\n<meta name=\"description\" content=\"Westlake SW606- ar jaun\u0101kaj\u0101m tehnolo\u0123ij\u0101m apvelt\u012bta bud\u017eeta klases ziemas riepa. Pieejama abos MMK Riepu centros par visizdev\u012bg\u0101kaj\u0101m cen\u0101m!\" \/>\n<meta name=\"robots\" content=\"index, follow, max-snippet:-1, max-image-preview:large, max-video-preview:-1\" \/>\n<link rel=\"canonical\" href=\"https:\/\/mmkriepas.lv\/en\/p\/175-70r14-westlake-sw602-84t\/\" \/>\n<meta property=\"og:locale\" content=\"en_US\" \/>\n<meta property=\"og:type\" content=\"article\" \/>\n<meta property=\"og:title\" content=\"175\/70R14 Westlake SW602 84T\" \/>\n<meta property=\"og:description\" content=\"Westlake SW606- ar jaun\u0101kaj\u0101m tehnolo\u0123ij\u0101m apvelt\u012bta bud\u017eeta klases ziemas riepa. Pieejama abos MMK Riepu centros par visizdev\u012bg\u0101kaj\u0101m cen\u0101m!\" \/>\n<meta property=\"og:url\" content=\"https:\/\/mmkriepas.lv\/en\/p\/175-70r14-westlake-sw602-84t\/\" \/>\n<meta property=\"og:site_name\" content=\"MMK Riepas\" \/>\n<meta property=\"article:publisher\" content=\"https:\/\/www.facebook.com\/mmkserviss\/\" \/>\n<meta property=\"article:modified_time\" content=\"2022-11-03T09:52:01+00:00\" \/>\n<meta property=\"og:image\" content=\"https:\/\/mmkriepas.lv\/wp-content\/uploads\/2018\/09\/16570r14-westlake-sw602-81t-copy.jpeg\" \/>\n\t<meta property=\"og:image:width\" content=\"1024\" \/>\n\t<meta property=\"og:image:height\" content=\"768\" \/>\n\t<meta property=\"og:image:type\" content=\"image\/jpeg\" \/>\n<meta name=\"twitter:card\" content=\"summary_large_image\" \/>\n<meta name=\"twitter:label1\" content=\"Price\" \/>\n\t<meta name=\"twitter:data1\" content=\"&euro;41.00\" \/>\n\t<meta name=\"twitter:label2\" content=\"Availability\" \/>\n\t<meta name=\"twitter:data2\" content=\"In stock\" \/>\n<script type=\"application\/ld+json\" class=\"yoast-schema-graph\">{\"@context\":\"https:\\\/\\\/schema.org\",\"@graph\":[{\"@type\":\"WebPage\",\"@id\":\"https:\\\/\\\/mmkriepas.lv\\\/en\\\/p\\\/175-70r14-westlake-sw602-84t\\\/\",\"url\":\"https:\\\/\\\/mmkriepas.lv\\\/en\\\/p\\\/175-70r14-westlake-sw602-84t\\\/\",\"name\":\"175\\\/70R14 Westlake SW602 84T &#8226; MMK Riepas\",\"isPartOf\":{\"@id\":\"https:\\\/\\\/mmkriepas.lv\\\/en\\\/#website\"},\"primaryImageOfPage\":{\"@id\":\"https:\\\/\\\/mmkriepas.lv\\\/en\\\/p\\\/175-70r14-westlake-sw602-84t\\\/#primaryimage\"},\"image\":{\"@id\":\"https:\\\/\\\/mmkriepas.lv\\\/en\\\/p\\\/175-70r14-westlake-sw602-84t\\\/#primaryimage\"},\"thumbnailUrl\":\"https:\\\/\\\/mmkriepas.lv\\\/wp-content\\\/uploads\\\/2018\\\/09\\\/16570r14-westlake-sw602-81t-copy.jpeg\",\"datePublished\":\"2020-08-25T14:46:52+00:00\",\"dateModified\":\"2022-11-03T09:52:01+00:00\",\"description\":\"Westlake SW606- ar jaun\u0101kaj\u0101m tehnolo\u0123ij\u0101m apvelt\u012bta bud\u017eeta klases ziemas riepa. Pieejama abos MMK Riepu centros par visizdev\u012bg\u0101kaj\u0101m cen\u0101m!\",\"breadcrumb\":{\"@id\":\"https:\\\/\\\/mmkriepas.lv\\\/en\\\/p\\\/175-70r14-westlake-sw602-84t\\\/#breadcrumb\"},\"inLanguage\":\"en-US\",\"potentialAction\":[{\"@type\":\"ReadAction\",\"target\":[\"https:\\\/\\\/mmkriepas.lv\\\/en\\\/p\\\/175-70r14-westlake-sw602-84t\\\/\"]}]},{\"@type\":\"ImageObject\",\"inLanguage\":\"en-US\",\"@id\":\"https:\\\/\\\/mmkriepas.lv\\\/en\\\/p\\\/175-70r14-westlake-sw602-84t\\\/#primaryimage\",\"url\":\"https:\\\/\\\/mmkriepas.lv\\\/wp-content\\\/uploads\\\/2018\\\/09\\\/16570r14-westlake-sw602-81t-copy.jpeg\",\"contentUrl\":\"https:\\\/\\\/mmkriepas.lv\\\/wp-content\\\/uploads\\\/2018\\\/09\\\/16570r14-westlake-sw602-81t-copy.jpeg\",\"width\":1024,\"height\":768,\"caption\":\"165\\\/70R14 Westlake SW602 81T (Copy)\"},{\"@type\":\"BreadcrumbList\",\"@id\":\"https:\\\/\\\/mmkriepas.lv\\\/en\\\/p\\\/175-70r14-westlake-sw602-84t\\\/#breadcrumb\",\"itemListElement\":[{\"@type\":\"ListItem\",\"position\":1,\"name\":\"S\u0101kums\",\"item\":\"https:\\\/\\\/mmkriepas.lv\\\/en\\\/\"},{\"@type\":\"ListItem\",\"position\":2,\"name\":\"175\\\/70R14 Westlake SW602 84T\"}]},{\"@type\":\"WebSite\",\"@id\":\"https:\\\/\\\/mmkriepas.lv\\\/en\\\/#website\",\"url\":\"https:\\\/\\\/mmkriepas.lv\\\/en\\\/\",\"name\":\"MMK Riepas\",\"description\":\"MMK Riepas\",\"alternateName\":\"MMK Riepu Serviss\",\"potentialAction\":[{\"@type\":\"SearchAction\",\"target\":{\"@type\":\"EntryPoint\",\"urlTemplate\":\"https:\\\/\\\/mmkriepas.lv\\\/en\\\/?s={search_term_string}\"},\"query-input\":{\"@type\":\"PropertyValueSpecification\",\"valueRequired\":true,\"valueName\":\"search_term_string\"}}],\"inLanguage\":\"en-US\"},{\"@type\":\"ImageObject\",\"inLanguage\":\"en-US\",\"@id\":\"https:\\\/\\\/mmkriepas.lv\\\/en\\\/p\\\/175-70r14-westlake-sw602-84t\\\/#local-main-organization-logo\",\"url\":\"\",\"contentUrl\":\"\",\"caption\":\"MMK Riepas\"}]}<\/script>\n<meta property=\"product:brand\" content=\"Westlake SW602\" \/>\n<meta property=\"product:price:amount\" content=\"41.00\" \/>\n<meta property=\"product:price:currency\" content=\"EUR\" \/>\n<meta property=\"og:availability\" content=\"instock\" \/>\n<meta property=\"product:availability\" content=\"instock\" \/>\n<meta property=\"product:condition\" content=\"new\" \/>\n<!-- \/ Yoast SEO Premium plugin. -->","yoast_head_json":{"title":"175\/70R14 Westlake SW602 84T &#8226; MMK Riepas","description":"Westlake SW606- ar jaun\u0101kaj\u0101m tehnolo\u0123ij\u0101m apvelt\u012bta bud\u017eeta klases ziemas riepa. Pieejama abos MMK Riepu centros par visizdev\u012bg\u0101kaj\u0101m cen\u0101m!","robots":{"index":"index","follow":"follow","max-snippet":"max-snippet:-1","max-image-preview":"max-image-preview:large","max-video-preview":"max-video-preview:-1"},"canonical":"https:\/\/mmkriepas.lv\/en\/p\/175-70r14-westlake-sw602-84t\/","og_locale":"en_US","og_type":"article","og_title":"175\/70R14 Westlake SW602 84T","og_description":"Westlake SW606- ar jaun\u0101kaj\u0101m tehnolo\u0123ij\u0101m apvelt\u012bta bud\u017eeta klases ziemas riepa. Pieejama abos MMK Riepu centros par visizdev\u012bg\u0101kaj\u0101m cen\u0101m!","og_url":"https:\/\/mmkriepas.lv\/en\/p\/175-70r14-westlake-sw602-84t\/","og_site_name":"MMK Riepas","article_publisher":"https:\/\/www.facebook.com\/mmkserviss\/","article_modified_time":"2022-11-03T09:52:01+00:00","og_image":[{"width":1024,"height":768,"url":"https:\/\/mmkriepas.lv\/wp-content\/uploads\/2018\/09\/16570r14-westlake-sw602-81t-copy.jpeg","type":"image\/jpeg"}],"twitter_card":"summary_large_image","twitter_misc":{"Price":"&euro;41.00","Availability":"In stock"},"schema":{"@context":"https:\/\/schema.org","@graph":[{"@type":"WebPage","@id":"https:\/\/mmkriepas.lv\/en\/p\/175-70r14-westlake-sw602-84t\/","url":"https:\/\/mmkriepas.lv\/en\/p\/175-70r14-westlake-sw602-84t\/","name":"175\/70R14 Westlake SW602 84T &#8226; MMK Riepas","isPartOf":{"@id":"https:\/\/mmkriepas.lv\/en\/#website"},"primaryImageOfPage":{"@id":"https:\/\/mmkriepas.lv\/en\/p\/175-70r14-westlake-sw602-84t\/#primaryimage"},"image":{"@id":"https:\/\/mmkriepas.lv\/en\/p\/175-70r14-westlake-sw602-84t\/#primaryimage"},"thumbnailUrl":"https:\/\/mmkriepas.lv\/wp-content\/uploads\/2018\/09\/16570r14-westlake-sw602-81t-copy.jpeg","datePublished":"2020-08-25T14:46:52+00:00","dateModified":"2022-11-03T09:52:01+00:00","description":"Westlake SW606- ar jaun\u0101kaj\u0101m tehnolo\u0123ij\u0101m apvelt\u012bta bud\u017eeta klases ziemas riepa. Pieejama abos MMK Riepu centros par visizdev\u012bg\u0101kaj\u0101m cen\u0101m!","breadcrumb":{"@id":"https:\/\/mmkriepas.lv\/en\/p\/175-70r14-westlake-sw602-84t\/#breadcrumb"},"inLanguage":"en-US","potentialAction":[{"@type":"ReadAction","target":["https:\/\/mmkriepas.lv\/en\/p\/175-70r14-westlake-sw602-84t\/"]}]},{"@type":"ImageObject","inLanguage":"en-US","@id":"https:\/\/mmkriepas.lv\/en\/p\/175-70r14-westlake-sw602-84t\/#primaryimage","url":"https:\/\/mmkriepas.lv\/wp-content\/uploads\/2018\/09\/16570r14-westlake-sw602-81t-copy.jpeg","contentUrl":"https:\/\/mmkriepas.lv\/wp-content\/uploads\/2018\/09\/16570r14-westlake-sw602-81t-copy.jpeg","width":1024,"height":768,"caption":"165\/70R14 Westlake SW602 81T (Copy)"},{"@type":"BreadcrumbList","@id":"https:\/\/mmkriepas.lv\/en\/p\/175-70r14-westlake-sw602-84t\/#breadcrumb","itemListElement":[{"@type":"ListItem","position":1,"name":"S\u0101kums","item":"https:\/\/mmkriepas.lv\/en\/"},{"@type":"ListItem","position":2,"name":"175\/70R14 Westlake SW602 84T"}]},{"@type":"WebSite","@id":"https:\/\/mmkriepas.lv\/en\/#website","url":"https:\/\/mmkriepas.lv\/en\/","name":"MMK Riepas","description":"MMK Riepas","alternateName":"MMK Riepu Serviss","potentialAction":[{"@type":"SearchAction","target":{"@type":"EntryPoint","urlTemplate":"https:\/\/mmkriepas.lv\/en\/?s={search_term_string}"},"query-input":{"@type":"PropertyValueSpecification","valueRequired":true,"valueName":"search_term_string"}}],"inLanguage":"en-US"},{"@type":"ImageObject","inLanguage":"en-US","@id":"https:\/\/mmkriepas.lv\/en\/p\/175-70r14-westlake-sw602-84t\/#local-main-organization-logo","url":"","contentUrl":"","caption":"MMK Riepas"}]},"product_brand":"Westlake SW602","product_price_amount":"41.00","product_price_currency":"EUR","og_availability":"instock","product_availability":"instock","product_condition":"new"},"_links":{"self":[{"href":"https:\/\/mmkriepas.lv\/en\/wp-json\/wp\/v2\/product\/147152","targetHints":{"allow":["GET"]}}],"collection":[{"href":"https:\/\/mmkriepas.lv\/en\/wp-json\/wp\/v2\/product"}],"about":[{"href":"https:\/\/mmkriepas.lv\/en\/wp-json\/wp\/v2\/types\/product"}],"wp:featuredmedia":[{"embeddable":true,"href":"https:\/\/mmkriepas.lv\/en\/wp-json\/wp\/v2\/media\/70824"}],"wp:attachment":[{"href":"https:\/\/mmkriepas.lv\/en\/wp-json\/wp\/v2\/media?parent=147152"}],"wp:term":[{"taxonomy":"product_brand","embeddable":true,"href":"https:\/\/mmkriepas.lv\/en\/wp-json\/wp\/v2\/product_brand?post=147152"},{"taxonomy":"product_cat","embeddable":true,"href":"https:\/\/mmkriepas.lv\/en\/wp-json\/wp\/v2\/product_cat?post=147152"},{"taxonomy":"product_tag","embeddable":true,"href":"https:\/\/mmkriepas.lv\/en\/wp-json\/wp\/v2\/product_tag?post=147152"}],"curies":[{"name":"wp","href":"https:\/\/api.w.org\/{rel}","templated":true}]}}