{"id":147098,"date":"2020-08-25T16:47:20","date_gmt":"2020-08-25T13:47:20","guid":{"rendered":"https:\/\/mmkserviss.lv\/?post_type=product&#038;p=147098"},"modified":"2022-11-03T11:52:09","modified_gmt":"2022-11-03T09:52:09","slug":"235-75r15-westlake-sw658-105t","status":"publish","type":"product","link":"https:\/\/mmkriepas.lv\/en\/p\/235-75r15-westlake-sw658-105t\/","title":{"rendered":"235\/75R15 Westlake SW658 105T"},"content":{"rendered":"<p><strong>Westlake SW658<\/strong> ziemas riepas ir paredz\u0113ts apvidus auto un krosoveriem, kurus galvenok\u0101rt izmanto pils\u0113t\u0101s. M\u016bsdien\u0101s \u0161\u0101du auto pils\u0113tvid\u0113 nu jau ir vair\u0101kums, t\u0101p\u0113c ir gr\u016bti p\u0101rv\u0113rt\u0113t \u0161\u012b mode\u013ca atbilst\u012bbu. Jo \u012bpa\u0161i \u0146emot v\u0113r\u0101 ne tikai pievilc\u012bg\u0101s izmaksas, bet ar\u012b \u013coti augstos tehniskos parametrus. Tie tiek nodro\u0161in\u0101ti, izstr\u0101d\u0101jot un ra\u017eojot produktus p\u0113c jaun\u0101kaj\u0101m tehnolo\u0123ij\u0101m un materi\u0101liem, kurus nodro\u0161ina \u0136\u012bnas uz\u0146\u0113muma \u0101rvalstu partneri. Starp tiem ir pasaules l\u012bderi riepu r\u016bpniec\u012bb\u0101.<\/p>\n<p><strong>SW658 riepu galven\u0101s iez\u012bmes<\/strong><\/p>\n<p>&#8211; agres\u012bvs V formas protektors nodro\u0161ina maksim\u0101lu sa\u0137eri uz ziemotiem ce\u013ciem;<\/p>\n<p>&#8211; statiska, cieta garenisk\u0101 riba centr\u0101 uzlabo stabilit\u0101ti, \u0101tr\u0101k un prec\u012bz\u0101k sniedz riepu reakciju uz st\u016bres pagriezieniem, samazina degvielas pat\u0113ri\u0146u, optimiz\u0113 \u0101r\u0113j\u0101 spiediena sadal\u012bjumu pa kontakta pl\u0101ksteri;<\/p>\n<p>&#8211; protektora kantainais profils papla\u0161ina saskares vietu, pie\u0161\u0137irot tai gandr\u012bz kvadr\u0101tveida formu, kas iev\u0113rojami palielina sa\u0137eri;<\/p>\n<p>&#8211; vair\u0101k nek\u0101 5000 sa\u0137eres malu, ko veido daudz\u0101s lameles, nodro\u0161ina riepas stabilit\u0101ti un uzticam\u012bbu uz sniega un ledus;<\/p>\n<p>&#8211; \u0161\u0137\u0113rsenisk\u0101s dren\u0101\u017eas rievas, kas atrodas as\u0101 le\u0146\u0137\u012b pret kust\u012bbu, \u013cauj jums p\u0101rliecino\u0161i p\u0101rvietoties nelabv\u0113l\u012bgos ce\u013ca apst\u0101k\u013cos.<\/p>\n<h3><strong>SW658 protektora raksturojums<\/strong><\/h3>\n<p>Nav gr\u016bti uzmin\u0113t, ka <strong>Westlake SW658<\/strong> ir paredz\u0113ta izmanto\u0161anai galvenok\u0101rt uz ziemotiem, apsnigu\u0161iem asfelt\u0113tiem ce\u013ciem. Par to varam p\u0101rliecin\u0101ties tuv\u0101k apl\u016bkojat t\u0101s protektora dizaina iez\u012bmes. Tas satur pietiekami lielu skaitu atsevi\u0161\u0137u bloku, kas izvietoti sal\u012bdzino\u0161i neliel\u0101 att\u0101lum\u0101 viens no otra. Kombin\u0101cij\u0101 ar \u013coti gar\u0101m un \u013coti sl\u012bp\u0101m dren\u0101\u017eas riev\u0101m, tas riepai pie\u0161\u0137ir \u013coti agres\u012bvu izskatu.<\/p>\n<h3><strong>SW658 protektora centr\u0101 plata gareniska riba<\/strong><\/h3>\n<p>Viena no galvenaj\u0101m \u0161\u012bs riepas protektora dizaina iez\u012bm\u0113m ir gareniska, riepu visaptvero\u0161a riba, kas izvietota tie\u0161i pa vidu. \u0160im protektora elementam ir sal\u012bdzino\u0161i liels platums un t\u0101 ir nep\u0101rtraukta vis\u0101 t\u0101 garum\u0101. \u0160o faktoru kombin\u0101cija pie\u0161\u0137ir SW658 vair\u0101kas iev\u0113rojamas priek\u0161roc\u012bbas. Pirmk\u0101rt, t\u0101 ir stabilit\u0101te un lieliska riepas reakcijas precizit\u0101te uz vad\u012bt\u0101ja darb\u012bb\u0101m, veicot manevrus un pagrie\u017eoties. Turkl\u0101t stingra, plata riba protektora centr\u0101 samazina rites pretest\u012bbu, un, optimiz\u0113jot spiediena sadal\u012bjumu pa kontakta laukumu, nov\u0113r\u0161 nevienm\u0113r\u012bga nodiluma ra\u0161anos un att\u012bst\u012bbu.<\/p>\n<h3><strong>SW658 plecu zonas dizains<\/strong><\/h3>\n<p>Katra no plecu zon\u0101m ir neatkar\u012bgu bloku virkne, kas atrodas gandr\u012bz taisn\u0101 le\u0146\u0137\u012b un at\u0161\u0137iras p\u0113c izm\u0113riem. Kombin\u0101cij\u0101 ar gandr\u012bz 90 gr\u0101dos izveidotu riepas profilu, \u0161\u012b konstrukcija, no vienas puses, uzlabo riepu veiktsp\u0113ju bremz\u0113\u0161anas un pa\u0101trin\u0101juma laik\u0101. T\u0101 pat, no otras puses, iztur\u012bbu pret s\u0101nu sl\u012bd\u0113\u0161anu. Uz neatt\u012br\u012btiem sniegotiem ce\u013ciem plecu zonas bloki veido papildu sa\u0137eres malas. Ar \u0161\u0101du riepas dizainu, Westlake SW658 pievar\u0113t dzi\u013cu sniega segu, neb\u016bs nek\u0101du probl\u0113mu.<\/p>\n<h3><strong>SW658 lame\u013cu efektivit\u0101te<\/strong><\/h3>\n<p>\u0160ipu neesam\u012bba netrauc\u0113ja Westlake speci\u0101listiem nodro\u0161in\u0101t riepai lieliskus r\u0101d\u012bt\u0101jus sa\u0137erei uz slideniem ce\u013ciem. Tas tiek pan\u0101kts vair\u0101ku t\u016bksto\u0161u asu malu d\u0113\u013c, kas veidojas, saskaroties neskait\u0101maj\u0101m lamel\u0113m ar ce\u013ca virsmu. Taj\u0101 pa\u0161\u0101 laik\u0101 iegriezumu zigzaga forma ierobe\u017eo bloku kust\u012bgumu, kas palielina to stingr\u012bbu un taj\u0101 pa\u0161\u0101 laik\u0101 uzlabo vad\u0101m\u012bbu, braucot ar Westlake SW658 riep\u0101m.<\/p>\n<h3><strong>Efekt\u012bv\u0101 Westlake SW658 dren\u0101\u017eas sist\u0113ma<\/strong><\/h3>\n<p>\u0160\u012bs riepas atv\u0113rto protektora dizainu raksturo lielas atstarpes starp blokiem, kas t\u0101dej\u0101di pa\u0161i izveido daudzas gareniskas un \u0161\u0137\u0113rseniskas rievas. Turkl\u0101t otr\u0101s atrodas as\u0101 le\u0146\u0137\u012b pret kust\u012bbas virzienu. Kombin\u0101cij\u0101 ar lielu iek\u0161\u0113jo tilpumu \u0161\u0101ds dren\u0101\u017eas rievu izvietojums iev\u0113rojami palielina to caurlaid\u012bbu un taj\u0101 pa\u0161\u0101 laik\u0101 Westlake SW658 iztur\u012bbu pret akvaplan\u0113\u0161anu.<\/p>\n<p><strong>Westlake SW658<\/strong> mode\u013ca lieto\u0161anas dro\u0161\u012bbu ziemas laika apst\u0101k\u013cos un t\u0101 atbilst\u012bbu valst\u012bm ar oblig\u0101tu sezon\u0101lo riepu mai\u0146u apstiprina mar\u0137\u0113jums sniegp\u0101rslas form\u0101 uz kalna fona ar trim virsotn\u0113m (3PMSF).<\/p>\n","protected":false},"excerpt":{"rendered":"<p><b><span style=\"font-family: 'Arial',sans-serif;\">Westlake SW658<\/span><\/b><span style=\"font-family: 'Arial',sans-serif;\"> ziemas riepas ir paredz\u0113ts apvidus auto un krosoveriem, kurus galvenok\u0101rt izmanto pils\u0113t\u0101s. M\u016bsdien\u0101s \u0161\u0101du auto pils\u0113tvid\u0113 nu jau ir vair\u0101kums, t\u0101p\u0113c ir gr\u016bti p\u0101rv\u0113rt\u0113t \u0161\u012b mode\u013ca atbilst\u012bbu. Jo \u012bpa\u0161i \u0146emot v\u0113r\u0101 ne tikai pievilc\u012bg\u0101s izmaksas, bet ar\u012b \u013coti augstos tehniskos parametrus. Tie tiek nodro\u0161in\u0101ti, izstr\u0101d\u0101jot un ra\u017eojot produktus p\u0113c jaun\u0101kaj\u0101m tehnolo\u0123ij\u0101m un materi\u0101liem, kurus nodro\u0161ina \u0136\u012bnas uz\u0146\u0113muma \u0101rvalstu partneri. Starp tiem ir pasaules l\u012bderi riepu r\u016bpniec\u012bb\u0101.<o:p><\/o:p><\/span><\/p>\n","protected":false},"featured_media":102663,"template":"","meta":{"_acf_changed":false,"ngg_post_thumbnail":0},"product_brand":[],"product_cat":[47,45],"product_tag":[],"class_list":{"0":"post-147098","1":"product","2":"type-product","3":"status-publish","4":"has-post-thumbnail","6":"product_cat-vissezonas-riepas","7":"product_cat-ziemas-riepas","9":"first","10":"instock","11":"sale","12":"taxable","13":"shipping-taxable","14":"product-type-simple"},"acf":[],"yoast_head":"<!-- This site is optimized with the Yoast SEO Premium plugin v22.6 (Yoast SEO v27.3) - https:\/\/yoast.com\/product\/yoast-seo-premium-wordpress\/ -->\n<title>235\/75R15 Westlake SW658 105T &#8226; MMK Riepas<\/title>\n<meta name=\"description\" content=\"Westlake SW658 Ziemas Riepas ir izcili piem\u0113rotas brauk\u0161anai Latvijas barg\u0101kaj\u0101m ziem\u0101m! Pieejamas visos izm\u0113ros pla\u0161\u0101 skait\u0101 abos MMK Riepu centros!\" \/>\n<meta name=\"robots\" content=\"index, follow, max-snippet:-1, max-image-preview:large, max-video-preview:-1\" \/>\n<link rel=\"canonical\" href=\"https:\/\/mmkriepas.lv\/en\/p\/235-75r15-westlake-sw658-105t\/\" \/>\n<meta property=\"og:locale\" content=\"en_US\" \/>\n<meta property=\"og:type\" content=\"article\" \/>\n<meta property=\"og:title\" content=\"235\/75R15 Westlake SW658 105T\" \/>\n<meta property=\"og:description\" content=\"Westlake SW658 Ziemas Riepas ir izcili piem\u0113rotas brauk\u0161anai Latvijas barg\u0101kaj\u0101m ziem\u0101m! Pieejamas visos izm\u0113ros pla\u0161\u0101 skait\u0101 abos MMK Riepu centros!\" \/>\n<meta property=\"og:url\" content=\"https:\/\/mmkriepas.lv\/en\/p\/235-75r15-westlake-sw658-105t\/\" \/>\n<meta property=\"og:site_name\" content=\"MMK Riepas\" \/>\n<meta property=\"article:publisher\" content=\"https:\/\/www.facebook.com\/mmkserviss\/\" \/>\n<meta property=\"article:modified_time\" content=\"2022-11-03T09:52:09+00:00\" \/>\n<meta property=\"og:image\" content=\"https:\/\/mmkriepas.lv\/wp-content\/uploads\/2019\/09\/23555r18-westlake-sw658-104h-xl-ziemas-riepas.jpg\" \/>\n\t<meta property=\"og:image:width\" content=\"1920\" \/>\n\t<meta property=\"og:image:height\" content=\"1264\" \/>\n\t<meta property=\"og:image:type\" content=\"image\/jpeg\" \/>\n<meta name=\"twitter:card\" content=\"summary_large_image\" \/>\n<meta name=\"twitter:label1\" content=\"Price\" \/>\n\t<meta name=\"twitter:data1\" content=\"&euro;78.00\" \/>\n\t<meta name=\"twitter:label2\" content=\"Availability\" \/>\n\t<meta name=\"twitter:data2\" content=\"In stock\" \/>\n<script type=\"application\/ld+json\" class=\"yoast-schema-graph\">{\"@context\":\"https:\\\/\\\/schema.org\",\"@graph\":[{\"@type\":\"WebPage\",\"@id\":\"https:\\\/\\\/mmkriepas.lv\\\/en\\\/p\\\/235-75r15-westlake-sw658-105t\\\/\",\"url\":\"https:\\\/\\\/mmkriepas.lv\\\/en\\\/p\\\/235-75r15-westlake-sw658-105t\\\/\",\"name\":\"235\\\/75R15 Westlake SW658 105T &#8226; MMK Riepas\",\"isPartOf\":{\"@id\":\"https:\\\/\\\/mmkriepas.lv\\\/en\\\/#website\"},\"primaryImageOfPage\":{\"@id\":\"https:\\\/\\\/mmkriepas.lv\\\/en\\\/p\\\/235-75r15-westlake-sw658-105t\\\/#primaryimage\"},\"image\":{\"@id\":\"https:\\\/\\\/mmkriepas.lv\\\/en\\\/p\\\/235-75r15-westlake-sw658-105t\\\/#primaryimage\"},\"thumbnailUrl\":\"https:\\\/\\\/mmkriepas.lv\\\/wp-content\\\/uploads\\\/2019\\\/09\\\/23555r18-westlake-sw658-104h-xl-ziemas-riepas.jpg\",\"datePublished\":\"2020-08-25T13:47:20+00:00\",\"dateModified\":\"2022-11-03T09:52:09+00:00\",\"description\":\"Westlake SW658 Ziemas Riepas ir izcili piem\u0113rotas brauk\u0161anai Latvijas barg\u0101kaj\u0101m ziem\u0101m! Pieejamas visos izm\u0113ros pla\u0161\u0101 skait\u0101 abos MMK Riepu centros!\",\"breadcrumb\":{\"@id\":\"https:\\\/\\\/mmkriepas.lv\\\/en\\\/p\\\/235-75r15-westlake-sw658-105t\\\/#breadcrumb\"},\"inLanguage\":\"en-US\",\"potentialAction\":[{\"@type\":\"ReadAction\",\"target\":[\"https:\\\/\\\/mmkriepas.lv\\\/en\\\/p\\\/235-75r15-westlake-sw658-105t\\\/\"]}]},{\"@type\":\"ImageObject\",\"inLanguage\":\"en-US\",\"@id\":\"https:\\\/\\\/mmkriepas.lv\\\/en\\\/p\\\/235-75r15-westlake-sw658-105t\\\/#primaryimage\",\"url\":\"https:\\\/\\\/mmkriepas.lv\\\/wp-content\\\/uploads\\\/2019\\\/09\\\/23555r18-westlake-sw658-104h-xl-ziemas-riepas.jpg\",\"contentUrl\":\"https:\\\/\\\/mmkriepas.lv\\\/wp-content\\\/uploads\\\/2019\\\/09\\\/23555r18-westlake-sw658-104h-xl-ziemas-riepas.jpg\",\"width\":1920,\"height\":1264,\"caption\":\"235\\\/55R18 Westlake SW658 104H XL - Vissezonas riepas \\\/ Ziemas riepas\"},{\"@type\":\"BreadcrumbList\",\"@id\":\"https:\\\/\\\/mmkriepas.lv\\\/en\\\/p\\\/235-75r15-westlake-sw658-105t\\\/#breadcrumb\",\"itemListElement\":[{\"@type\":\"ListItem\",\"position\":1,\"name\":\"S\u0101kums\",\"item\":\"https:\\\/\\\/mmkriepas.lv\\\/en\\\/\"},{\"@type\":\"ListItem\",\"position\":2,\"name\":\"235\\\/75R15 Westlake SW658 105T\"}]},{\"@type\":\"WebSite\",\"@id\":\"https:\\\/\\\/mmkriepas.lv\\\/en\\\/#website\",\"url\":\"https:\\\/\\\/mmkriepas.lv\\\/en\\\/\",\"name\":\"MMK Riepas\",\"description\":\"MMK Riepas\",\"alternateName\":\"MMK Riepu Serviss\",\"potentialAction\":[{\"@type\":\"SearchAction\",\"target\":{\"@type\":\"EntryPoint\",\"urlTemplate\":\"https:\\\/\\\/mmkriepas.lv\\\/en\\\/?s={search_term_string}\"},\"query-input\":{\"@type\":\"PropertyValueSpecification\",\"valueRequired\":true,\"valueName\":\"search_term_string\"}}],\"inLanguage\":\"en-US\"},{\"@type\":\"ImageObject\",\"inLanguage\":\"en-US\",\"@id\":\"https:\\\/\\\/mmkriepas.lv\\\/en\\\/p\\\/235-75r15-westlake-sw658-105t\\\/#local-main-organization-logo\",\"url\":\"\",\"contentUrl\":\"\",\"caption\":\"MMK Riepas\"}]}<\/script>\n<meta property=\"product:brand\" content=\"Westlake SW658\" \/>\n<meta property=\"product:price:amount\" content=\"78.00\" \/>\n<meta property=\"product:price:currency\" content=\"EUR\" \/>\n<meta property=\"og:availability\" content=\"instock\" \/>\n<meta property=\"product:availability\" content=\"instock\" \/>\n<meta property=\"product:condition\" content=\"new\" \/>\n<!-- \/ Yoast SEO Premium plugin. -->","yoast_head_json":{"title":"235\/75R15 Westlake SW658 105T &#8226; MMK Riepas","description":"Westlake SW658 Ziemas Riepas ir izcili piem\u0113rotas brauk\u0161anai Latvijas barg\u0101kaj\u0101m ziem\u0101m! Pieejamas visos izm\u0113ros pla\u0161\u0101 skait\u0101 abos MMK Riepu centros!","robots":{"index":"index","follow":"follow","max-snippet":"max-snippet:-1","max-image-preview":"max-image-preview:large","max-video-preview":"max-video-preview:-1"},"canonical":"https:\/\/mmkriepas.lv\/en\/p\/235-75r15-westlake-sw658-105t\/","og_locale":"en_US","og_type":"article","og_title":"235\/75R15 Westlake SW658 105T","og_description":"Westlake SW658 Ziemas Riepas ir izcili piem\u0113rotas brauk\u0161anai Latvijas barg\u0101kaj\u0101m ziem\u0101m! Pieejamas visos izm\u0113ros pla\u0161\u0101 skait\u0101 abos MMK Riepu centros!","og_url":"https:\/\/mmkriepas.lv\/en\/p\/235-75r15-westlake-sw658-105t\/","og_site_name":"MMK Riepas","article_publisher":"https:\/\/www.facebook.com\/mmkserviss\/","article_modified_time":"2022-11-03T09:52:09+00:00","og_image":[{"width":1920,"height":1264,"url":"https:\/\/mmkriepas.lv\/wp-content\/uploads\/2019\/09\/23555r18-westlake-sw658-104h-xl-ziemas-riepas.jpg","type":"image\/jpeg"}],"twitter_card":"summary_large_image","twitter_misc":{"Price":"&euro;78.00","Availability":"In stock"},"schema":{"@context":"https:\/\/schema.org","@graph":[{"@type":"WebPage","@id":"https:\/\/mmkriepas.lv\/en\/p\/235-75r15-westlake-sw658-105t\/","url":"https:\/\/mmkriepas.lv\/en\/p\/235-75r15-westlake-sw658-105t\/","name":"235\/75R15 Westlake SW658 105T &#8226; MMK Riepas","isPartOf":{"@id":"https:\/\/mmkriepas.lv\/en\/#website"},"primaryImageOfPage":{"@id":"https:\/\/mmkriepas.lv\/en\/p\/235-75r15-westlake-sw658-105t\/#primaryimage"},"image":{"@id":"https:\/\/mmkriepas.lv\/en\/p\/235-75r15-westlake-sw658-105t\/#primaryimage"},"thumbnailUrl":"https:\/\/mmkriepas.lv\/wp-content\/uploads\/2019\/09\/23555r18-westlake-sw658-104h-xl-ziemas-riepas.jpg","datePublished":"2020-08-25T13:47:20+00:00","dateModified":"2022-11-03T09:52:09+00:00","description":"Westlake SW658 Ziemas Riepas ir izcili piem\u0113rotas brauk\u0161anai Latvijas barg\u0101kaj\u0101m ziem\u0101m! Pieejamas visos izm\u0113ros pla\u0161\u0101 skait\u0101 abos MMK Riepu centros!","breadcrumb":{"@id":"https:\/\/mmkriepas.lv\/en\/p\/235-75r15-westlake-sw658-105t\/#breadcrumb"},"inLanguage":"en-US","potentialAction":[{"@type":"ReadAction","target":["https:\/\/mmkriepas.lv\/en\/p\/235-75r15-westlake-sw658-105t\/"]}]},{"@type":"ImageObject","inLanguage":"en-US","@id":"https:\/\/mmkriepas.lv\/en\/p\/235-75r15-westlake-sw658-105t\/#primaryimage","url":"https:\/\/mmkriepas.lv\/wp-content\/uploads\/2019\/09\/23555r18-westlake-sw658-104h-xl-ziemas-riepas.jpg","contentUrl":"https:\/\/mmkriepas.lv\/wp-content\/uploads\/2019\/09\/23555r18-westlake-sw658-104h-xl-ziemas-riepas.jpg","width":1920,"height":1264,"caption":"235\/55R18 Westlake SW658 104H XL - Vissezonas riepas \/ Ziemas riepas"},{"@type":"BreadcrumbList","@id":"https:\/\/mmkriepas.lv\/en\/p\/235-75r15-westlake-sw658-105t\/#breadcrumb","itemListElement":[{"@type":"ListItem","position":1,"name":"S\u0101kums","item":"https:\/\/mmkriepas.lv\/en\/"},{"@type":"ListItem","position":2,"name":"235\/75R15 Westlake SW658 105T"}]},{"@type":"WebSite","@id":"https:\/\/mmkriepas.lv\/en\/#website","url":"https:\/\/mmkriepas.lv\/en\/","name":"MMK Riepas","description":"MMK Riepas","alternateName":"MMK Riepu Serviss","potentialAction":[{"@type":"SearchAction","target":{"@type":"EntryPoint","urlTemplate":"https:\/\/mmkriepas.lv\/en\/?s={search_term_string}"},"query-input":{"@type":"PropertyValueSpecification","valueRequired":true,"valueName":"search_term_string"}}],"inLanguage":"en-US"},{"@type":"ImageObject","inLanguage":"en-US","@id":"https:\/\/mmkriepas.lv\/en\/p\/235-75r15-westlake-sw658-105t\/#local-main-organization-logo","url":"","contentUrl":"","caption":"MMK Riepas"}]},"product_brand":"Westlake SW658","product_price_amount":"78.00","product_price_currency":"EUR","og_availability":"instock","product_availability":"instock","product_condition":"new"},"_links":{"self":[{"href":"https:\/\/mmkriepas.lv\/en\/wp-json\/wp\/v2\/product\/147098","targetHints":{"allow":["GET"]}}],"collection":[{"href":"https:\/\/mmkriepas.lv\/en\/wp-json\/wp\/v2\/product"}],"about":[{"href":"https:\/\/mmkriepas.lv\/en\/wp-json\/wp\/v2\/types\/product"}],"wp:featuredmedia":[{"embeddable":true,"href":"https:\/\/mmkriepas.lv\/en\/wp-json\/wp\/v2\/media\/102663"}],"wp:attachment":[{"href":"https:\/\/mmkriepas.lv\/en\/wp-json\/wp\/v2\/media?parent=147098"}],"wp:term":[{"taxonomy":"product_brand","embeddable":true,"href":"https:\/\/mmkriepas.lv\/en\/wp-json\/wp\/v2\/product_brand?post=147098"},{"taxonomy":"product_cat","embeddable":true,"href":"https:\/\/mmkriepas.lv\/en\/wp-json\/wp\/v2\/product_cat?post=147098"},{"taxonomy":"product_tag","embeddable":true,"href":"https:\/\/mmkriepas.lv\/en\/wp-json\/wp\/v2\/product_tag?post=147098"}],"curies":[{"name":"wp","href":"https:\/\/api.w.org\/{rel}","templated":true}]}}