{"id":1470520,"date":"2026-03-24T18:11:29","date_gmt":"2026-03-24T16:11:29","guid":{"rendered":"https:\/\/mmkriepas.lv\/?post_type=product&#038;p=1470520"},"modified":"2026-03-30T23:05:56","modified_gmt":"2026-03-30T20:05:56","slug":"255-60r18-rockblade-rock-719-h-t-112h-xl","status":"publish","type":"product","link":"https:\/\/mmkriepas.lv\/en\/p\/255-60r18-rockblade-rock-719-h-t-112h-xl\/","title":{"rendered":"255\/60R18 Rockblade Rock 719 H\/T 112H XL"},"content":{"rendered":"<p class=\"western\" align=\"left\"><span style=\"font-family: Arial, serif;\"><b><span>Rockblade Rock 719 H\/T<\/span><\/b><\/span><span style=\"font-family: Arial, serif;\"><span> ir labas kvalit\u0101tes, bud\u017eeta klases <\/span><\/span><span style=\"font-family: Arial, serif;\"><span>Highway-Terrain<\/span><\/span><span style=\"font-family: Arial, serif;\"><span> vasaras riepu modelis. Tas izce\u013cas ar \u013coti labiem nodilumiztur\u012bbas, sa\u0137eres un manevr\u0113tsp\u0113jas r\u0101d\u012bt\u0101jiem gan uz asfalta, gan grants un me\u017ea ce\u013ciem. Tas pieejams izm\u0113ru kl\u0101st\u0101 no R16 l\u012bdz R20 un paredz\u0113ts uzst\u0101d\u012b\u0161anai SUV jeb apvidus automa\u0161\u012bn\u0101m.<\/span><\/span><\/p>\n<h3 class=\"western\"><span style=\"font-family: Arial, serif;\"><span>Rockblade Rock 719 H\/T<\/span><\/span><span style=\"font-family: Arial, serif;\"><span> galven\u0101s \u012bpa\u0161\u012bbas<\/span><\/span><\/h3>\n<p class=\"western\"><span style=\"font-family: Arial, serif;\"><span>+ \u013boti laba sa\u0137ere un manevr\u0113tsp\u0113ja uz sausa un slapja asfalta, k\u0101 ar\u012b uz grants un me\u017ea ce\u013ciem.<br \/>+ Zems akvaplan\u0113\u0161anas risks.<br \/>+ Palialin\u0101ta nodilumiztur\u012bba.<br \/>+ Labs akustiskais un brauk\u0161anas gaitas komforts.<\/span><\/span><\/p>\n<h3 class=\"western\"><span style=\"font-family: Arial, serif;\"><span>Rock 719 H\/T<\/span><\/span><span style=\"font-family: Arial, serif;\"><span> apr\u012bkojums<\/span><\/span><\/h3>\n<p class=\"western\"><span style=\"font-family: Arial, serif;\"><span>Rockblade Rock 719 H\/T<\/span><\/span><span style=\"font-family: Arial, serif;\"><span> vasaras High<\/span><\/span><span style=\"font-family: Arial, serif;\"><span>way<\/span><\/span><span style=\"font-family: Arial, serif;\"><span>-Terrain riepu modelis apr\u012bkots ar sal\u012bdzino\u0161i rupju asimetrisko protektora rakstu. \u0160\u0101ds dizains sev\u012b apvieno labas sa\u0137eres un manevr\u0113tsp\u0113jas \u012bpa\u0161\u012bbas uz sausa un slapja asfalta, k\u0101 ar\u012b uz grants ce\u013ciem. Turkl\u0101t, palielin\u0101ts \u016bdens izvadkan\u0101lu skaits uzlabo riepu veiktsp\u0113ju uz slapja ce\u013ca seguma, samazinot ar\u012b akvaplan\u0113\u0161anas risku.<\/span><\/span><\/p>\n<p class=\"western\"><span style=\"color: #000000;\"><span style=\"font-family: Arial, serif;\"><span style=\"font-size: medium;\"><span>Asimetriski izvietotie protektora bloki darin\u0101ti no nodilumiztur\u012bga gumijas sakaus\u0113juma. Tam pievienotie \u0137\u012bmiskie savienojumi \u013cauj riepai saglab\u0101t elast\u012bbu un sa\u0137eres \u012bpa\u0161\u012bbas, nezaud\u0113jot nodilumiztur\u012bbu.<\/span><\/span><\/span><\/span><\/p>\n","protected":false},"excerpt":{"rendered":"<p><span style=\"font-family: Arial, serif;\"><b><span>Rockblade Rock 719 H\/T<\/span><\/b><\/span><span style=\"font-family: Arial, serif;\"><span> ir labas kvalit\u0101tes, bud\u017eeta klases <\/span><\/span><span style=\"font-family: Arial, serif;\"><span>Highway-Terrain<\/span><\/span><span style=\"font-family: Arial, serif;\"><span> vasaras riepu modelis. Tas izce\u013cas ar \u013coti labiem nodilumiztur\u012bbas, sa\u0137eres un manevr\u0113tsp\u0113jas r\u0101d\u012bt\u0101jiem gan uz asfalta, gan grants un me\u017ea ce\u013ciem. Tas pieejams izm\u0113ru kl\u0101st\u0101 no R16 l\u012bdz R20 un paredz\u0113ts uzst\u0101d\u012b\u0161anai SUV jeb apvidus automa\u0161\u012bn\u0101m.<\/span><\/span><\/p>\n","protected":false},"featured_media":1185952,"template":"","meta":{"_acf_changed":false,"ngg_post_thumbnail":0},"product_brand":[],"product_cat":[46],"product_tag":[],"class_list":{"0":"post-1470520","1":"product","2":"type-product","3":"status-publish","4":"has-post-thumbnail","6":"product_cat-vasaras-riepas","8":"first","9":"instock","10":"sale","11":"taxable","12":"shipping-taxable","13":"purchasable","14":"product-type-simple"},"acf":[],"yoast_head":"<!-- This site is optimized with the Yoast SEO Premium plugin v22.6 (Yoast SEO v27.3) - https:\/\/yoast.com\/product\/yoast-seo-premium-wordpress\/ -->\n<title>255\/60R18 Rockblade Rock 719 H\/T 112H XL &#8226; MMK Riepas<\/title>\n<meta name=\"robots\" content=\"index, follow, max-snippet:-1, max-image-preview:large, max-video-preview:-1\" \/>\n<link rel=\"canonical\" href=\"https:\/\/mmkriepas.lv\/en\/p\/255-60r18-rockblade-rock-719-h-t-112h-xl\/\" \/>\n<meta property=\"og:locale\" content=\"en_US\" \/>\n<meta property=\"og:type\" content=\"article\" \/>\n<meta property=\"og:title\" content=\"255\/60R18 Rockblade Rock 719 H\/T 112H XL\" \/>\n<meta property=\"og:description\" content=\"Rockblade Rock 719 H\/T ir labas kvalit\u0101tes, bud\u017eeta klases Highway-Terrain vasaras riepu modelis. Tas izce\u013cas ar \u013coti labiem nodilumiztur\u012bbas, sa\u0137eres un manevr\u0113tsp\u0113jas r\u0101d\u012bt\u0101jiem gan uz asfalta, gan grants un me\u017ea ce\u013ciem. Tas pieejams izm\u0113ru kl\u0101st\u0101 no R16 l\u012bdz R20 un paredz\u0113ts uzst\u0101d\u012b\u0161anai SUV jeb apvidus automa\u0161\u012bn\u0101m.\" \/>\n<meta property=\"og:url\" content=\"https:\/\/mmkriepas.lv\/en\/p\/255-60r18-rockblade-rock-719-h-t-112h-xl\/\" \/>\n<meta property=\"og:site_name\" content=\"MMK Riepas\" \/>\n<meta property=\"article:publisher\" content=\"https:\/\/www.facebook.com\/mmkserviss\/\" \/>\n<meta property=\"article:modified_time\" content=\"2026-03-30T20:05:56+00:00\" \/>\n<meta property=\"og:image\" content=\"https:\/\/mmkriepas.lv\/wp-content\/uploads\/2025\/02\/ROCKBLADE_ROCK_719_H_T.jpg\" \/>\n\t<meta property=\"og:image:width\" content=\"900\" \/>\n\t<meta property=\"og:image:height\" content=\"720\" \/>\n\t<meta property=\"og:image:type\" content=\"image\/jpeg\" \/>\n<meta name=\"twitter:card\" content=\"summary_large_image\" \/>\n<meta name=\"twitter:label1\" content=\"Price\" \/>\n\t<meta name=\"twitter:data1\" content=\"&euro;76.00\" \/>\n\t<meta name=\"twitter:label2\" content=\"Availability\" \/>\n\t<meta name=\"twitter:data2\" content=\"In stock\" \/>\n<script type=\"application\/ld+json\" class=\"yoast-schema-graph\">{\"@context\":\"https:\\\/\\\/schema.org\",\"@graph\":[{\"@type\":\"WebPage\",\"@id\":\"https:\\\/\\\/mmkriepas.lv\\\/en\\\/p\\\/255-60r18-rockblade-rock-719-h-t-112h-xl\\\/\",\"url\":\"https:\\\/\\\/mmkriepas.lv\\\/en\\\/p\\\/255-60r18-rockblade-rock-719-h-t-112h-xl\\\/\",\"name\":\"255\\\/60R18 Rockblade Rock 719 H\\\/T 112H XL &#8226; MMK Riepas\",\"isPartOf\":{\"@id\":\"https:\\\/\\\/mmkriepas.lv\\\/en\\\/#website\"},\"primaryImageOfPage\":{\"@id\":\"https:\\\/\\\/mmkriepas.lv\\\/en\\\/p\\\/255-60r18-rockblade-rock-719-h-t-112h-xl\\\/#primaryimage\"},\"image\":{\"@id\":\"https:\\\/\\\/mmkriepas.lv\\\/en\\\/p\\\/255-60r18-rockblade-rock-719-h-t-112h-xl\\\/#primaryimage\"},\"thumbnailUrl\":\"https:\\\/\\\/mmkriepas.lv\\\/wp-content\\\/uploads\\\/2025\\\/02\\\/ROCKBLADE_ROCK_719_H_T.jpg\",\"datePublished\":\"2026-03-24T16:11:29+00:00\",\"dateModified\":\"2026-03-30T20:05:56+00:00\",\"breadcrumb\":{\"@id\":\"https:\\\/\\\/mmkriepas.lv\\\/en\\\/p\\\/255-60r18-rockblade-rock-719-h-t-112h-xl\\\/#breadcrumb\"},\"inLanguage\":\"en-US\",\"potentialAction\":[{\"@type\":\"ReadAction\",\"target\":[\"https:\\\/\\\/mmkriepas.lv\\\/en\\\/p\\\/255-60r18-rockblade-rock-719-h-t-112h-xl\\\/\"]}]},{\"@type\":\"ImageObject\",\"inLanguage\":\"en-US\",\"@id\":\"https:\\\/\\\/mmkriepas.lv\\\/en\\\/p\\\/255-60r18-rockblade-rock-719-h-t-112h-xl\\\/#primaryimage\",\"url\":\"https:\\\/\\\/mmkriepas.lv\\\/wp-content\\\/uploads\\\/2025\\\/02\\\/ROCKBLADE_ROCK_719_H_T.jpg\",\"contentUrl\":\"https:\\\/\\\/mmkriepas.lv\\\/wp-content\\\/uploads\\\/2025\\\/02\\\/ROCKBLADE_ROCK_719_H_T.jpg\",\"width\":900,\"height\":720,\"caption\":\"MAIN\"},{\"@type\":\"BreadcrumbList\",\"@id\":\"https:\\\/\\\/mmkriepas.lv\\\/en\\\/p\\\/255-60r18-rockblade-rock-719-h-t-112h-xl\\\/#breadcrumb\",\"itemListElement\":[{\"@type\":\"ListItem\",\"position\":1,\"name\":\"S\u0101kums\",\"item\":\"https:\\\/\\\/mmkriepas.lv\\\/en\\\/\"},{\"@type\":\"ListItem\",\"position\":2,\"name\":\"255\\\/60R18 Rockblade Rock 719 H\\\/T 112H XL\"}]},{\"@type\":\"WebSite\",\"@id\":\"https:\\\/\\\/mmkriepas.lv\\\/en\\\/#website\",\"url\":\"https:\\\/\\\/mmkriepas.lv\\\/en\\\/\",\"name\":\"MMK Riepas\",\"description\":\"MMK Riepas\",\"alternateName\":\"MMK Riepu Serviss\",\"potentialAction\":[{\"@type\":\"SearchAction\",\"target\":{\"@type\":\"EntryPoint\",\"urlTemplate\":\"https:\\\/\\\/mmkriepas.lv\\\/en\\\/?s={search_term_string}\"},\"query-input\":{\"@type\":\"PropertyValueSpecification\",\"valueRequired\":true,\"valueName\":\"search_term_string\"}}],\"inLanguage\":\"en-US\"},{\"@type\":\"ImageObject\",\"inLanguage\":\"en-US\",\"@id\":\"https:\\\/\\\/mmkriepas.lv\\\/en\\\/p\\\/255-60r18-rockblade-rock-719-h-t-112h-xl\\\/#local-main-organization-logo\",\"url\":\"\",\"contentUrl\":\"\",\"caption\":\"MMK Riepas\"}]}<\/script>\n<meta property=\"product:brand\" content=\"Rockblade Rock 719 H\/T\" \/>\n<meta property=\"product:price:amount\" content=\"76.00\" \/>\n<meta property=\"product:price:currency\" content=\"EUR\" \/>\n<meta property=\"og:availability\" content=\"instock\" \/>\n<meta property=\"product:availability\" content=\"instock\" \/>\n<meta property=\"product:retailer_item_id\" content=\"TS2556018ROCKB-57883\" \/>\n<meta property=\"product:condition\" content=\"new\" \/>\n<!-- \/ Yoast SEO Premium plugin. -->","yoast_head_json":{"title":"255\/60R18 Rockblade Rock 719 H\/T 112H XL &#8226; MMK Riepas","robots":{"index":"index","follow":"follow","max-snippet":"max-snippet:-1","max-image-preview":"max-image-preview:large","max-video-preview":"max-video-preview:-1"},"canonical":"https:\/\/mmkriepas.lv\/en\/p\/255-60r18-rockblade-rock-719-h-t-112h-xl\/","og_locale":"en_US","og_type":"article","og_title":"255\/60R18 Rockblade Rock 719 H\/T 112H XL","og_description":"Rockblade Rock 719 H\/T ir labas kvalit\u0101tes, bud\u017eeta klases Highway-Terrain vasaras riepu modelis. Tas izce\u013cas ar \u013coti labiem nodilumiztur\u012bbas, sa\u0137eres un manevr\u0113tsp\u0113jas r\u0101d\u012bt\u0101jiem gan uz asfalta, gan grants un me\u017ea ce\u013ciem. Tas pieejams izm\u0113ru kl\u0101st\u0101 no R16 l\u012bdz R20 un paredz\u0113ts uzst\u0101d\u012b\u0161anai SUV jeb apvidus automa\u0161\u012bn\u0101m.","og_url":"https:\/\/mmkriepas.lv\/en\/p\/255-60r18-rockblade-rock-719-h-t-112h-xl\/","og_site_name":"MMK Riepas","article_publisher":"https:\/\/www.facebook.com\/mmkserviss\/","article_modified_time":"2026-03-30T20:05:56+00:00","og_image":[{"width":900,"height":720,"url":"https:\/\/mmkriepas.lv\/wp-content\/uploads\/2025\/02\/ROCKBLADE_ROCK_719_H_T.jpg","type":"image\/jpeg"}],"twitter_card":"summary_large_image","twitter_misc":{"Price":"&euro;76.00","Availability":"In stock"},"schema":{"@context":"https:\/\/schema.org","@graph":[{"@type":"WebPage","@id":"https:\/\/mmkriepas.lv\/en\/p\/255-60r18-rockblade-rock-719-h-t-112h-xl\/","url":"https:\/\/mmkriepas.lv\/en\/p\/255-60r18-rockblade-rock-719-h-t-112h-xl\/","name":"255\/60R18 Rockblade Rock 719 H\/T 112H XL &#8226; MMK Riepas","isPartOf":{"@id":"https:\/\/mmkriepas.lv\/en\/#website"},"primaryImageOfPage":{"@id":"https:\/\/mmkriepas.lv\/en\/p\/255-60r18-rockblade-rock-719-h-t-112h-xl\/#primaryimage"},"image":{"@id":"https:\/\/mmkriepas.lv\/en\/p\/255-60r18-rockblade-rock-719-h-t-112h-xl\/#primaryimage"},"thumbnailUrl":"https:\/\/mmkriepas.lv\/wp-content\/uploads\/2025\/02\/ROCKBLADE_ROCK_719_H_T.jpg","datePublished":"2026-03-24T16:11:29+00:00","dateModified":"2026-03-30T20:05:56+00:00","breadcrumb":{"@id":"https:\/\/mmkriepas.lv\/en\/p\/255-60r18-rockblade-rock-719-h-t-112h-xl\/#breadcrumb"},"inLanguage":"en-US","potentialAction":[{"@type":"ReadAction","target":["https:\/\/mmkriepas.lv\/en\/p\/255-60r18-rockblade-rock-719-h-t-112h-xl\/"]}]},{"@type":"ImageObject","inLanguage":"en-US","@id":"https:\/\/mmkriepas.lv\/en\/p\/255-60r18-rockblade-rock-719-h-t-112h-xl\/#primaryimage","url":"https:\/\/mmkriepas.lv\/wp-content\/uploads\/2025\/02\/ROCKBLADE_ROCK_719_H_T.jpg","contentUrl":"https:\/\/mmkriepas.lv\/wp-content\/uploads\/2025\/02\/ROCKBLADE_ROCK_719_H_T.jpg","width":900,"height":720,"caption":"MAIN"},{"@type":"BreadcrumbList","@id":"https:\/\/mmkriepas.lv\/en\/p\/255-60r18-rockblade-rock-719-h-t-112h-xl\/#breadcrumb","itemListElement":[{"@type":"ListItem","position":1,"name":"S\u0101kums","item":"https:\/\/mmkriepas.lv\/en\/"},{"@type":"ListItem","position":2,"name":"255\/60R18 Rockblade Rock 719 H\/T 112H XL"}]},{"@type":"WebSite","@id":"https:\/\/mmkriepas.lv\/en\/#website","url":"https:\/\/mmkriepas.lv\/en\/","name":"MMK Riepas","description":"MMK Riepas","alternateName":"MMK Riepu Serviss","potentialAction":[{"@type":"SearchAction","target":{"@type":"EntryPoint","urlTemplate":"https:\/\/mmkriepas.lv\/en\/?s={search_term_string}"},"query-input":{"@type":"PropertyValueSpecification","valueRequired":true,"valueName":"search_term_string"}}],"inLanguage":"en-US"},{"@type":"ImageObject","inLanguage":"en-US","@id":"https:\/\/mmkriepas.lv\/en\/p\/255-60r18-rockblade-rock-719-h-t-112h-xl\/#local-main-organization-logo","url":"","contentUrl":"","caption":"MMK Riepas"}]},"product_brand":"Rockblade Rock 719 H\/T","product_price_amount":"76.00","product_price_currency":"EUR","og_availability":"instock","product_availability":"instock","product_retailer_item_id":"TS2556018ROCKB-57883","product_condition":"new"},"_links":{"self":[{"href":"https:\/\/mmkriepas.lv\/en\/wp-json\/wp\/v2\/product\/1470520","targetHints":{"allow":["GET"]}}],"collection":[{"href":"https:\/\/mmkriepas.lv\/en\/wp-json\/wp\/v2\/product"}],"about":[{"href":"https:\/\/mmkriepas.lv\/en\/wp-json\/wp\/v2\/types\/product"}],"wp:featuredmedia":[{"embeddable":true,"href":"https:\/\/mmkriepas.lv\/en\/wp-json\/wp\/v2\/media\/1185952"}],"wp:attachment":[{"href":"https:\/\/mmkriepas.lv\/en\/wp-json\/wp\/v2\/media?parent=1470520"}],"wp:term":[{"taxonomy":"product_brand","embeddable":true,"href":"https:\/\/mmkriepas.lv\/en\/wp-json\/wp\/v2\/product_brand?post=1470520"},{"taxonomy":"product_cat","embeddable":true,"href":"https:\/\/mmkriepas.lv\/en\/wp-json\/wp\/v2\/product_cat?post=1470520"},{"taxonomy":"product_tag","embeddable":true,"href":"https:\/\/mmkriepas.lv\/en\/wp-json\/wp\/v2\/product_tag?post=1470520"}],"curies":[{"name":"wp","href":"https:\/\/api.w.org\/{rel}","templated":true}]}}