{"id":1470487,"date":"2026-03-24T18:09:36","date_gmt":"2026-03-24T16:09:36","guid":{"rendered":"https:\/\/mmkriepas.lv\/?post_type=product&#038;p=1470487"},"modified":"2026-03-30T13:01:43","modified_gmt":"2026-03-30T10:01:43","slug":"215-60r17-rockblade-rock-555-96t","status":"publish","type":"product","link":"https:\/\/mmkriepas.lv\/en\/p\/215-60r17-rockblade-rock-555-96t\/","title":{"rendered":"215\/60R17 Rockblade Rock 555 96T"},"content":{"rendered":"<p class=\"western\"><span style=\"font-family: Arial, serif;\"><b><span>Rockblade Rock 555<\/span><\/b><\/span><span style=\"font-family: Arial, serif;\"><span> ir \u013coti labas kvalit\u0101tes, bud\u017eeta klases vasaras riepu modelis. Tas izce\u013cas ar teicamiem komforta, degvielas ekonomijas un sa\u0137eres r\u0101d\u012bt\u0101jiem uz sausa un slapja asfalta. \u0160is riepu modelis speci\u0101li izstr\u0101d\u0101ts un paredz\u0113ts kompaktklases vieglaj\u0101m automa\u0161\u012bn\u0101m. Tas pieejams pla\u0161\u0101 izm\u0113ru kl\u0101st\u0101 no R13 l\u012bdz R16.<\/span><\/span><\/p>\n<h3 class=\"western\"><span style=\"font-family: Arial, serif;\"><span>Rockblade Rock 555<\/span><\/span><span style=\"font-family: Arial, serif;\"><span> galven\u0101s \u012bpa\u0161\u012bbas:<\/span><\/span><\/h3>\n<p class=\"western\"><span style=\"font-family: Arial, serif;\"><span>+ Laba sa\u0137ere un manevr\u0113tsp\u0113ja uz sausa un slapja asfalta.<br \/>+ Zems akvaplan\u0113\u0161anas risks, pateicoties efekt\u012bvai dren\u0101\u017eas jeb \u016bdens novadkan\u0101lu sist\u0113mai.<br \/>+Degvielas ekonomija!<br \/>+ Komfortabla un klusa gaita.<br \/>+ Teicama cenas un veiktsp\u0113jas attiec\u012bba!<\/span><\/span><\/p>\n<h3 class=\"western\"><span style=\"font-family: Arial, serif;\"><span>Rock 555<\/span><\/span><span style=\"font-family: Arial, serif;\"><span> apr\u012bkojums<\/span><\/span><\/h3>\n<p class=\"western\"><span style=\"font-family: Arial, serif;\"><span>Rockblade Rock 555<\/span><\/span><span style=\"font-family: Arial, serif;\"><span> vasaras riepas apr\u012bkotas ar asimetrisku protektora rakstu. \u0160\u0101ds dizains sev\u012b apvieno labas brauk\u0161anas komforta un dro\u0161\u012bbas \u012bpa\u0161\u012bbas pat lielos brauk\u0161anas \u0101trumos.<\/span><\/span><\/p>\n<p class=\"western\"><span style=\"font-family: Arial, serif;\"><span>Protektora bloku virknes darin\u0101tas no nodilumiztur\u012bga gumijas sakaus\u0113juma. T\u0101s speci\u0101li izvietotas, lai mazin\u0101tu rites pretest\u012bbu un trok\u0161\u0146u l\u012bmeni kompaktklases automa\u0161\u012bn\u0101m, kuru pakotne nereti nav t\u0101 izol\u0113jo\u0161\u0101k\u0101.<\/span><\/span><\/p>\n<p class=\"western\"><span style=\"color: #000000;\"><span style=\"font-family: Arial, serif;\"><span style=\"font-size: medium;\"><span>\u0160im riepu modelim izstr\u0101d\u0101ta efekt\u012bva dren\u0101\u017eas jeb \u016bdens novadkan\u0101lu sist\u0113ma. T\u0101 \u0101tri atbr\u012bvo riepas kontakta virsmu ar ce\u013cu no \u016bdens, samazinot akvaplan\u0113\u0161anas risku.<\/span><\/span><\/span><\/span><\/p>\n","protected":false},"excerpt":{"rendered":"<p><span style=\"font-family: Arial, serif;\"><b><span>Rockblade Rock 555<\/span><\/b><\/span><span style=\"font-family: Arial, serif;\"><span> ir \u013coti labas kvalit\u0101tes, bud\u017eeta klases vasaras riepu modelis. Tas izce\u013cas ar teicamiem komforta, degvielas ekonomijas un sa\u0137eres r\u0101d\u012bt\u0101jiem uz sausa un slapja asfalta. \u0160is riepu modelis speci\u0101li izstr\u0101d\u0101ts un paredz\u0113ts kompaktklases vieglaj\u0101m automa\u0161\u012bn\u0101m. Tas pieejams pla\u0161\u0101 izm\u0113ru kl\u0101st\u0101 no R13 l\u012bdz R16.<\/span><\/span><\/p>\n","protected":false},"featured_media":1185894,"template":"","meta":{"_acf_changed":false,"ngg_post_thumbnail":0},"product_brand":[],"product_cat":[46],"product_tag":[],"class_list":{"0":"post-1470487","1":"product","2":"type-product","3":"status-publish","4":"has-post-thumbnail","6":"product_cat-vasaras-riepas","8":"first","9":"instock","10":"sale","11":"taxable","12":"shipping-taxable","13":"purchasable","14":"product-type-simple"},"acf":[],"yoast_head":"<!-- This site is optimized with the Yoast SEO Premium plugin v22.6 (Yoast SEO v27.3) - https:\/\/yoast.com\/product\/yoast-seo-premium-wordpress\/ -->\n<title>215\/60R17 Rockblade Rock 555 96T &#8226; MMK Riepas<\/title>\n<meta name=\"robots\" content=\"index, follow, max-snippet:-1, max-image-preview:large, max-video-preview:-1\" \/>\n<link rel=\"canonical\" href=\"https:\/\/mmkriepas.lv\/en\/p\/215-60r17-rockblade-rock-555-96t\/\" \/>\n<meta property=\"og:locale\" content=\"en_US\" \/>\n<meta property=\"og:type\" content=\"article\" \/>\n<meta property=\"og:title\" content=\"215\/60R17 Rockblade Rock 555 96T\" \/>\n<meta property=\"og:description\" content=\"Rockblade Rock 555 ir \u013coti labas kvalit\u0101tes, bud\u017eeta klases vasaras riepu modelis. Tas izce\u013cas ar teicamiem komforta, degvielas ekonomijas un sa\u0137eres r\u0101d\u012bt\u0101jiem uz sausa un slapja asfalta. \u0160is riepu modelis speci\u0101li izstr\u0101d\u0101ts un paredz\u0113ts kompaktklases vieglaj\u0101m automa\u0161\u012bn\u0101m. Tas pieejams pla\u0161\u0101 izm\u0113ru kl\u0101st\u0101 no R13 l\u012bdz R16.\" \/>\n<meta property=\"og:url\" content=\"https:\/\/mmkriepas.lv\/en\/p\/215-60r17-rockblade-rock-555-96t\/\" \/>\n<meta property=\"og:site_name\" content=\"MMK Riepas\" \/>\n<meta property=\"article:publisher\" content=\"https:\/\/www.facebook.com\/mmkserviss\/\" \/>\n<meta property=\"article:modified_time\" content=\"2026-03-30T10:01:43+00:00\" \/>\n<meta property=\"og:image\" content=\"https:\/\/mmkriepas.lv\/wp-content\/uploads\/2025\/02\/ROCKBLADE-ROCK-555.jpg\" \/>\n\t<meta property=\"og:image:width\" content=\"900\" \/>\n\t<meta property=\"og:image:height\" content=\"720\" \/>\n\t<meta property=\"og:image:type\" content=\"image\/jpeg\" \/>\n<meta name=\"twitter:card\" content=\"summary_large_image\" \/>\n<meta name=\"twitter:label1\" content=\"Price\" \/>\n\t<meta name=\"twitter:data1\" content=\"&euro;54.00\" \/>\n\t<meta name=\"twitter:label2\" content=\"Availability\" \/>\n\t<meta name=\"twitter:data2\" content=\"In stock\" \/>\n<script type=\"application\/ld+json\" class=\"yoast-schema-graph\">{\"@context\":\"https:\\\/\\\/schema.org\",\"@graph\":[{\"@type\":\"WebPage\",\"@id\":\"https:\\\/\\\/mmkriepas.lv\\\/en\\\/p\\\/215-60r17-rockblade-rock-555-96t\\\/\",\"url\":\"https:\\\/\\\/mmkriepas.lv\\\/en\\\/p\\\/215-60r17-rockblade-rock-555-96t\\\/\",\"name\":\"215\\\/60R17 Rockblade Rock 555 96T &#8226; MMK Riepas\",\"isPartOf\":{\"@id\":\"https:\\\/\\\/mmkriepas.lv\\\/en\\\/#website\"},\"primaryImageOfPage\":{\"@id\":\"https:\\\/\\\/mmkriepas.lv\\\/en\\\/p\\\/215-60r17-rockblade-rock-555-96t\\\/#primaryimage\"},\"image\":{\"@id\":\"https:\\\/\\\/mmkriepas.lv\\\/en\\\/p\\\/215-60r17-rockblade-rock-555-96t\\\/#primaryimage\"},\"thumbnailUrl\":\"https:\\\/\\\/mmkriepas.lv\\\/wp-content\\\/uploads\\\/2025\\\/02\\\/ROCKBLADE-ROCK-555.jpg\",\"datePublished\":\"2026-03-24T16:09:36+00:00\",\"dateModified\":\"2026-03-30T10:01:43+00:00\",\"breadcrumb\":{\"@id\":\"https:\\\/\\\/mmkriepas.lv\\\/en\\\/p\\\/215-60r17-rockblade-rock-555-96t\\\/#breadcrumb\"},\"inLanguage\":\"en-US\",\"potentialAction\":[{\"@type\":\"ReadAction\",\"target\":[\"https:\\\/\\\/mmkriepas.lv\\\/en\\\/p\\\/215-60r17-rockblade-rock-555-96t\\\/\"]}]},{\"@type\":\"ImageObject\",\"inLanguage\":\"en-US\",\"@id\":\"https:\\\/\\\/mmkriepas.lv\\\/en\\\/p\\\/215-60r17-rockblade-rock-555-96t\\\/#primaryimage\",\"url\":\"https:\\\/\\\/mmkriepas.lv\\\/wp-content\\\/uploads\\\/2025\\\/02\\\/ROCKBLADE-ROCK-555.jpg\",\"contentUrl\":\"https:\\\/\\\/mmkriepas.lv\\\/wp-content\\\/uploads\\\/2025\\\/02\\\/ROCKBLADE-ROCK-555.jpg\",\"width\":900,\"height\":720,\"caption\":\"MAIN\"},{\"@type\":\"BreadcrumbList\",\"@id\":\"https:\\\/\\\/mmkriepas.lv\\\/en\\\/p\\\/215-60r17-rockblade-rock-555-96t\\\/#breadcrumb\",\"itemListElement\":[{\"@type\":\"ListItem\",\"position\":1,\"name\":\"S\u0101kums\",\"item\":\"https:\\\/\\\/mmkriepas.lv\\\/en\\\/\"},{\"@type\":\"ListItem\",\"position\":2,\"name\":\"215\\\/60R17 Rockblade Rock 555 96T\"}]},{\"@type\":\"WebSite\",\"@id\":\"https:\\\/\\\/mmkriepas.lv\\\/en\\\/#website\",\"url\":\"https:\\\/\\\/mmkriepas.lv\\\/en\\\/\",\"name\":\"MMK Riepas\",\"description\":\"MMK Riepas\",\"alternateName\":\"MMK Riepu Serviss\",\"potentialAction\":[{\"@type\":\"SearchAction\",\"target\":{\"@type\":\"EntryPoint\",\"urlTemplate\":\"https:\\\/\\\/mmkriepas.lv\\\/en\\\/?s={search_term_string}\"},\"query-input\":{\"@type\":\"PropertyValueSpecification\",\"valueRequired\":true,\"valueName\":\"search_term_string\"}}],\"inLanguage\":\"en-US\"},{\"@type\":\"ImageObject\",\"inLanguage\":\"en-US\",\"@id\":\"https:\\\/\\\/mmkriepas.lv\\\/en\\\/p\\\/215-60r17-rockblade-rock-555-96t\\\/#local-main-organization-logo\",\"url\":\"\",\"contentUrl\":\"\",\"caption\":\"MMK Riepas\"}]}<\/script>\n<meta property=\"product:brand\" content=\"Rockblade Rock 555\" \/>\n<meta property=\"product:price:amount\" content=\"54.00\" \/>\n<meta property=\"product:price:currency\" content=\"EUR\" \/>\n<meta property=\"og:availability\" content=\"instock\" \/>\n<meta property=\"product:availability\" content=\"instock\" \/>\n<meta property=\"product:retailer_item_id\" content=\"TS2156017ROCKB-57890\" \/>\n<meta property=\"product:condition\" content=\"new\" \/>\n<!-- \/ Yoast SEO Premium plugin. -->","yoast_head_json":{"title":"215\/60R17 Rockblade Rock 555 96T &#8226; MMK Riepas","robots":{"index":"index","follow":"follow","max-snippet":"max-snippet:-1","max-image-preview":"max-image-preview:large","max-video-preview":"max-video-preview:-1"},"canonical":"https:\/\/mmkriepas.lv\/en\/p\/215-60r17-rockblade-rock-555-96t\/","og_locale":"en_US","og_type":"article","og_title":"215\/60R17 Rockblade Rock 555 96T","og_description":"Rockblade Rock 555 ir \u013coti labas kvalit\u0101tes, bud\u017eeta klases vasaras riepu modelis. Tas izce\u013cas ar teicamiem komforta, degvielas ekonomijas un sa\u0137eres r\u0101d\u012bt\u0101jiem uz sausa un slapja asfalta. \u0160is riepu modelis speci\u0101li izstr\u0101d\u0101ts un paredz\u0113ts kompaktklases vieglaj\u0101m automa\u0161\u012bn\u0101m. Tas pieejams pla\u0161\u0101 izm\u0113ru kl\u0101st\u0101 no R13 l\u012bdz R16.","og_url":"https:\/\/mmkriepas.lv\/en\/p\/215-60r17-rockblade-rock-555-96t\/","og_site_name":"MMK Riepas","article_publisher":"https:\/\/www.facebook.com\/mmkserviss\/","article_modified_time":"2026-03-30T10:01:43+00:00","og_image":[{"width":900,"height":720,"url":"https:\/\/mmkriepas.lv\/wp-content\/uploads\/2025\/02\/ROCKBLADE-ROCK-555.jpg","type":"image\/jpeg"}],"twitter_card":"summary_large_image","twitter_misc":{"Price":"&euro;54.00","Availability":"In stock"},"schema":{"@context":"https:\/\/schema.org","@graph":[{"@type":"WebPage","@id":"https:\/\/mmkriepas.lv\/en\/p\/215-60r17-rockblade-rock-555-96t\/","url":"https:\/\/mmkriepas.lv\/en\/p\/215-60r17-rockblade-rock-555-96t\/","name":"215\/60R17 Rockblade Rock 555 96T &#8226; MMK Riepas","isPartOf":{"@id":"https:\/\/mmkriepas.lv\/en\/#website"},"primaryImageOfPage":{"@id":"https:\/\/mmkriepas.lv\/en\/p\/215-60r17-rockblade-rock-555-96t\/#primaryimage"},"image":{"@id":"https:\/\/mmkriepas.lv\/en\/p\/215-60r17-rockblade-rock-555-96t\/#primaryimage"},"thumbnailUrl":"https:\/\/mmkriepas.lv\/wp-content\/uploads\/2025\/02\/ROCKBLADE-ROCK-555.jpg","datePublished":"2026-03-24T16:09:36+00:00","dateModified":"2026-03-30T10:01:43+00:00","breadcrumb":{"@id":"https:\/\/mmkriepas.lv\/en\/p\/215-60r17-rockblade-rock-555-96t\/#breadcrumb"},"inLanguage":"en-US","potentialAction":[{"@type":"ReadAction","target":["https:\/\/mmkriepas.lv\/en\/p\/215-60r17-rockblade-rock-555-96t\/"]}]},{"@type":"ImageObject","inLanguage":"en-US","@id":"https:\/\/mmkriepas.lv\/en\/p\/215-60r17-rockblade-rock-555-96t\/#primaryimage","url":"https:\/\/mmkriepas.lv\/wp-content\/uploads\/2025\/02\/ROCKBLADE-ROCK-555.jpg","contentUrl":"https:\/\/mmkriepas.lv\/wp-content\/uploads\/2025\/02\/ROCKBLADE-ROCK-555.jpg","width":900,"height":720,"caption":"MAIN"},{"@type":"BreadcrumbList","@id":"https:\/\/mmkriepas.lv\/en\/p\/215-60r17-rockblade-rock-555-96t\/#breadcrumb","itemListElement":[{"@type":"ListItem","position":1,"name":"S\u0101kums","item":"https:\/\/mmkriepas.lv\/en\/"},{"@type":"ListItem","position":2,"name":"215\/60R17 Rockblade Rock 555 96T"}]},{"@type":"WebSite","@id":"https:\/\/mmkriepas.lv\/en\/#website","url":"https:\/\/mmkriepas.lv\/en\/","name":"MMK Riepas","description":"MMK Riepas","alternateName":"MMK Riepu Serviss","potentialAction":[{"@type":"SearchAction","target":{"@type":"EntryPoint","urlTemplate":"https:\/\/mmkriepas.lv\/en\/?s={search_term_string}"},"query-input":{"@type":"PropertyValueSpecification","valueRequired":true,"valueName":"search_term_string"}}],"inLanguage":"en-US"},{"@type":"ImageObject","inLanguage":"en-US","@id":"https:\/\/mmkriepas.lv\/en\/p\/215-60r17-rockblade-rock-555-96t\/#local-main-organization-logo","url":"","contentUrl":"","caption":"MMK Riepas"}]},"product_brand":"Rockblade Rock 555","product_price_amount":"54.00","product_price_currency":"EUR","og_availability":"instock","product_availability":"instock","product_retailer_item_id":"TS2156017ROCKB-57890","product_condition":"new"},"_links":{"self":[{"href":"https:\/\/mmkriepas.lv\/en\/wp-json\/wp\/v2\/product\/1470487","targetHints":{"allow":["GET"]}}],"collection":[{"href":"https:\/\/mmkriepas.lv\/en\/wp-json\/wp\/v2\/product"}],"about":[{"href":"https:\/\/mmkriepas.lv\/en\/wp-json\/wp\/v2\/types\/product"}],"wp:featuredmedia":[{"embeddable":true,"href":"https:\/\/mmkriepas.lv\/en\/wp-json\/wp\/v2\/media\/1185894"}],"wp:attachment":[{"href":"https:\/\/mmkriepas.lv\/en\/wp-json\/wp\/v2\/media?parent=1470487"}],"wp:term":[{"taxonomy":"product_brand","embeddable":true,"href":"https:\/\/mmkriepas.lv\/en\/wp-json\/wp\/v2\/product_brand?post=1470487"},{"taxonomy":"product_cat","embeddable":true,"href":"https:\/\/mmkriepas.lv\/en\/wp-json\/wp\/v2\/product_cat?post=1470487"},{"taxonomy":"product_tag","embeddable":true,"href":"https:\/\/mmkriepas.lv\/en\/wp-json\/wp\/v2\/product_tag?post=1470487"}],"curies":[{"name":"wp","href":"https:\/\/api.w.org\/{rel}","templated":true}]}}