{"id":146434,"date":"2020-08-25T12:00:02","date_gmt":"2020-08-25T09:00:02","guid":{"rendered":"https:\/\/mmkserviss.lv\/?post_type=product&#038;p=146434"},"modified":"2025-03-07T17:13:32","modified_gmt":"2025-03-07T15:13:32","slug":"205-55r16-cordiant-winter-drive-2-94t","status":"publish","type":"product","link":"https:\/\/mmkriepas.lv\/en\/p\/205-55r16-cordiant-winter-drive-2-94t\/","title":{"rendered":"205\/55R16 Cordiant Winter Drive 2 94T"},"content":{"rendered":"<p><b><span style=\"font-family: 'Arial',sans-serif;\">Cordiant Winter Drive 2<\/span><\/b><span style=\"font-family: 'Arial',sans-serif;\"> ir ziemas riepu modelis, kas paredz\u0113ts vieglaj\u0101m automa\u0161\u012bn\u0101m. Tas izce\u013cas ar labu manevr\u0113tsp\u0113ju, paildzin\u0101tu kalpotsp\u0113ju un sp\u0113ju piel\u0101goties pat \u013coti zem\u0101m gaisa temperat\u016br\u0101m. <o:p><\/o:p><\/span><\/p>\n<h3><span style=\"font-family: 'Arial',sans-serif;\">Cordiant Winter Drive 2 galven\u0101s iez\u012bmes<o:p><\/o:p><\/span><\/h3>\n<p><span style=\"font-family: 'Arial',sans-serif;\">+ Ar 3D model\u0113\u0161anas tehniku izveidots unik\u0101ls protektora raksts, kas ir \u012bpa\u0161i aero un hidrodinamisks. <o:p><\/o:p><\/span><\/p>\n<p><span style=\"font-family: 'Arial',sans-serif;\">+ Hidro-izol\u0113tas dren\u0101\u017eas rievas lieliski novada \u016bdeni, sausinot kontakta virsmu. <o:p><\/o:p><\/span><\/p>\n<p><span style=\"font-family: 'Arial',sans-serif;\">+ <b>CordiLowSound<\/b> tehnolo\u0123ija gaitu padara klus\u0101ku un komfortabl\u0101ku. <o:p><\/o:p><\/span><\/p>\n<p><span style=\"font-family: 'Arial',sans-serif;\">+ Uzlabots riepas gumijas sast\u0101vs, to padara elast\u012bg\u0101ku, uzlabojot sa\u0137eri ar ce\u013cu pat bargos ziemas apst\u0101k\u013cos. <o:p><\/o:p><\/span><\/p>\n<p><span style=\"font-family: 'Arial',sans-serif;\">+ Papildus brekera jeb kordu sl\u0101nis riepu padara triecieniztur\u012bg\u0101ku, paildzinot ar\u012b t\u0101s kalpotsp\u0113ju.<o:p><\/o:p><\/span><\/p>\n<h3><span style=\"font-family: 'Arial',sans-serif;\">Protektora \u012bpa\u0161\u012bbas<o:p><\/o:p><\/span><\/h3>\n<p><b><span style=\"font-family: 'Arial',sans-serif;\">Winter Drive 2<\/span><\/b><span style=\"font-family: 'Arial',sans-serif;\"> protektora raksts veidots, izmantojot 3d model\u0113\u0161anas tehniku. In\u017eenieriem, veidojot \u0161o modeli, ir izdevies izveidot vienu no aero un hidrodinamisk\u0101kajiem dizainiem, kas atg\u0101dina Nokian Hakkapeliitta protektoru.\u00a0 Protektora raksts apr\u012bkots ar virkni tehnolo\u0123iju, viena no kurm\u0101m ir CordiLowSnound. Pateicoties \u0161im risin\u0101jumam, riepa apsl\u0101p\u0113 ska\u0146u, padarot to daudz klus\u0101ku. Riepas gumijas mais\u012bjumam pievienota ar\u012b virkne elastrom\u0113ru, kas riepai liek saglab\u0101t elast\u012bbu pat zem\u0101s giasa temperat\u016br\u0101s. Elast\u012bga riepa daudz lab\u0101k veido sa\u0137eri ar ce\u013ca virsmu.\u00a0 K\u0101 v\u0113l vienu no svar\u012bgiem sa\u0137eres faktoriem var min\u0113t to, cik sausa ir riepas kontakta virsma ar ce\u013cu. \u0160is modelis ir bru\u0146ots ar hidro-izol\u0113t\u0101m dren\u0101\u017eas riev\u0101m, kuras, tand\u0113m\u0101 ar 3D lamel\u0113m, izcili novada \u016bdeni un sniegu, sausinot kontakta virsmu. <o:p><\/o:p><\/span><\/p>\n<p><b><span style=\"font-family: 'Arial',sans-serif;\">Cordiant Winter Drive 2<\/span><\/b><span style=\"font-family: 'Arial',sans-serif;\"> mode\u013ca lieto\u0161anas dro\u0161\u012bbu ziemas laika apst\u0101k\u013cos un t\u0101 atbilst\u012bbu valst\u012bm ar oblig\u0101tu sezon\u0101lo riepu mai\u0146u apstiprina mar\u0137\u0113jums sniegp\u0101rslas form\u0101 uz kalna fona ar trim virsotn\u0113m (3PMSF). <o:p><\/o:p><\/span><\/p>\n","protected":false},"excerpt":{"rendered":"<p><b><span style=\"font-family: 'Arial',sans-serif;\">Cordiant Winter Drive 2<\/span><\/b><span style=\"font-family: 'Arial',sans-serif;\"> ir ziemas riepu modelis, kas paredz\u0113ts vieglaj\u0101m automa\u0161\u012bn\u0101m. Tas izce\u013cas ar labu manevr\u0113tsp\u0113ju, paildzin\u0101tu kalpotsp\u0113ju un sp\u0113ju piel\u0101goties pat \u013coti zem\u0101m gaisa temperat\u016br\u0101m. <o:p><\/o:p><\/span><\/p>\n","protected":false},"featured_media":190105,"template":"","meta":{"_acf_changed":false,"ngg_post_thumbnail":0},"product_brand":[],"product_cat":[23644,23643],"product_tag":[19634],"class_list":{"0":"post-146434","1":"product","2":"type-product","3":"status-publish","4":"has-post-thumbnail","6":"product_cat-all-season-tyres","7":"product_cat-winter-tyres","8":"product_tag-mmk","10":"first","11":"outofstock","12":"sale","13":"taxable","14":"shipping-taxable","15":"product-type-simple"},"acf":[],"yoast_head":"<!-- This site is optimized with the Yoast SEO Premium plugin v22.6 (Yoast SEO v27.3) - https:\/\/yoast.com\/product\/yoast-seo-premium-wordpress\/ -->\n<title>205\/55R16 Cordiant Winter Drive 2 94T &#8226; MMK Riepas<\/title>\n<meta name=\"description\" content=\"Cordiant Winter Drive 2 - ar Nokian tehnolo\u0123ij\u0101m apvelt\u012bta bud\u017eeta klases ziemas riepa. Pieejama MMK Riepu centros par vislab\u0101kaj\u0101m cen\u0101m!\" \/>\n<meta name=\"robots\" content=\"index, follow, max-snippet:-1, max-image-preview:large, max-video-preview:-1\" \/>\n<link rel=\"canonical\" href=\"https:\/\/mmkriepas.lv\/en\/p\/205-55r16-cordiant-winter-drive-2-94t\/\" \/>\n<meta property=\"og:locale\" content=\"en_US\" \/>\n<meta property=\"og:type\" content=\"article\" \/>\n<meta property=\"og:title\" content=\"205\/55R16 Cordiant Winter Drive 2 94T\" \/>\n<meta property=\"og:description\" content=\"Cordiant Winter Drive 2 - ar Nokian tehnolo\u0123ij\u0101m apvelt\u012bta bud\u017eeta klases ziemas riepa. Pieejama MMK Riepu centros par vislab\u0101kaj\u0101m cen\u0101m!\" \/>\n<meta property=\"og:url\" content=\"https:\/\/mmkriepas.lv\/en\/p\/205-55r16-cordiant-winter-drive-2-94t\/\" \/>\n<meta property=\"og:site_name\" content=\"MMK Riepas\" \/>\n<meta property=\"article:publisher\" content=\"https:\/\/www.facebook.com\/mmkserviss\/\" \/>\n<meta property=\"article:modified_time\" content=\"2025-03-07T15:13:32+00:00\" \/>\n<meta property=\"og:image\" content=\"https:\/\/mmkriepas.lv\/wp-content\/uploads\/2021\/08\/25555r18-cordiant-winter-drive-2-109t-ziemas-riepas-2.jpg\" \/>\n\t<meta property=\"og:image:width\" content=\"1600\" \/>\n\t<meta property=\"og:image:height\" content=\"1200\" \/>\n\t<meta property=\"og:image:type\" content=\"image\/jpeg\" \/>\n<meta name=\"twitter:card\" content=\"summary_large_image\" \/>\n<meta name=\"twitter:label1\" content=\"Price\" \/>\n\t<meta name=\"twitter:data1\" content=\"&euro;55.00\" \/>\n\t<meta name=\"twitter:label2\" content=\"Availability\" \/>\n\t<meta name=\"twitter:data2\" content=\"Out of stock\" \/>\n<script type=\"application\/ld+json\" class=\"yoast-schema-graph\">{\"@context\":\"https:\\\/\\\/schema.org\",\"@graph\":[{\"@type\":\"WebPage\",\"@id\":\"https:\\\/\\\/mmkriepas.lv\\\/en\\\/p\\\/205-55r16-cordiant-winter-drive-2-94t\\\/\",\"url\":\"https:\\\/\\\/mmkriepas.lv\\\/en\\\/p\\\/205-55r16-cordiant-winter-drive-2-94t\\\/\",\"name\":\"205\\\/55R16 Cordiant Winter Drive 2 94T &#8226; MMK Riepas\",\"isPartOf\":{\"@id\":\"https:\\\/\\\/mmkriepas.lv\\\/en\\\/#website\"},\"primaryImageOfPage\":{\"@id\":\"https:\\\/\\\/mmkriepas.lv\\\/en\\\/p\\\/205-55r16-cordiant-winter-drive-2-94t\\\/#primaryimage\"},\"image\":{\"@id\":\"https:\\\/\\\/mmkriepas.lv\\\/en\\\/p\\\/205-55r16-cordiant-winter-drive-2-94t\\\/#primaryimage\"},\"thumbnailUrl\":\"https:\\\/\\\/mmkriepas.lv\\\/wp-content\\\/uploads\\\/2021\\\/08\\\/25555r18-cordiant-winter-drive-2-109t-ziemas-riepas-2.jpg\",\"datePublished\":\"2020-08-25T09:00:02+00:00\",\"dateModified\":\"2025-03-07T15:13:32+00:00\",\"description\":\"Cordiant Winter Drive 2 - ar Nokian tehnolo\u0123ij\u0101m apvelt\u012bta bud\u017eeta klases ziemas riepa. Pieejama MMK Riepu centros par vislab\u0101kaj\u0101m cen\u0101m!\",\"breadcrumb\":{\"@id\":\"https:\\\/\\\/mmkriepas.lv\\\/en\\\/p\\\/205-55r16-cordiant-winter-drive-2-94t\\\/#breadcrumb\"},\"inLanguage\":\"en-US\",\"potentialAction\":[{\"@type\":\"ReadAction\",\"target\":[\"https:\\\/\\\/mmkriepas.lv\\\/en\\\/p\\\/205-55r16-cordiant-winter-drive-2-94t\\\/\"]}]},{\"@type\":\"ImageObject\",\"inLanguage\":\"en-US\",\"@id\":\"https:\\\/\\\/mmkriepas.lv\\\/en\\\/p\\\/205-55r16-cordiant-winter-drive-2-94t\\\/#primaryimage\",\"url\":\"https:\\\/\\\/mmkriepas.lv\\\/wp-content\\\/uploads\\\/2021\\\/08\\\/25555r18-cordiant-winter-drive-2-109t-ziemas-riepas-2.jpg\",\"contentUrl\":\"https:\\\/\\\/mmkriepas.lv\\\/wp-content\\\/uploads\\\/2021\\\/08\\\/25555r18-cordiant-winter-drive-2-109t-ziemas-riepas-2.jpg\",\"width\":1600,\"height\":1200,\"caption\":\"255\\\/55R18 Cordiant Winter Drive 2 109T - Vissezonas riepas \\\/ Ziemas riepas\"},{\"@type\":\"BreadcrumbList\",\"@id\":\"https:\\\/\\\/mmkriepas.lv\\\/en\\\/p\\\/205-55r16-cordiant-winter-drive-2-94t\\\/#breadcrumb\",\"itemListElement\":[{\"@type\":\"ListItem\",\"position\":1,\"name\":\"S\u0101kums\",\"item\":\"https:\\\/\\\/mmkriepas.lv\\\/en\\\/\"},{\"@type\":\"ListItem\",\"position\":2,\"name\":\"205\\\/55R16 Cordiant Winter Drive 2 94T\"}]},{\"@type\":\"WebSite\",\"@id\":\"https:\\\/\\\/mmkriepas.lv\\\/en\\\/#website\",\"url\":\"https:\\\/\\\/mmkriepas.lv\\\/en\\\/\",\"name\":\"MMK Riepas\",\"description\":\"MMK Riepas\",\"alternateName\":\"MMK Riepu Serviss\",\"potentialAction\":[{\"@type\":\"SearchAction\",\"target\":{\"@type\":\"EntryPoint\",\"urlTemplate\":\"https:\\\/\\\/mmkriepas.lv\\\/en\\\/?s={search_term_string}\"},\"query-input\":{\"@type\":\"PropertyValueSpecification\",\"valueRequired\":true,\"valueName\":\"search_term_string\"}}],\"inLanguage\":\"en-US\"},{\"@type\":\"ImageObject\",\"inLanguage\":\"en-US\",\"@id\":\"https:\\\/\\\/mmkriepas.lv\\\/en\\\/p\\\/205-55r16-cordiant-winter-drive-2-94t\\\/#local-main-organization-logo\",\"url\":\"\",\"contentUrl\":\"\",\"caption\":\"MMK Riepas\"}]}<\/script>\n<meta property=\"product:brand\" content=\"Cordiant Winter Drive 2\" \/>\n<meta property=\"product:price:amount\" content=\"55.00\" \/>\n<meta property=\"product:price:currency\" content=\"EUR\" \/>\n<meta property=\"og:availability\" content=\"out of stock\" \/>\n<meta property=\"product:availability\" content=\"out of stock\" \/>\n<meta property=\"product:retailer_item_id\" content=\"TW2055516CORDI-1361\" \/>\n<meta property=\"product:condition\" content=\"new\" \/>\n<!-- \/ Yoast SEO Premium plugin. -->","yoast_head_json":{"title":"205\/55R16 Cordiant Winter Drive 2 94T &#8226; MMK Riepas","description":"Cordiant Winter Drive 2 - ar Nokian tehnolo\u0123ij\u0101m apvelt\u012bta bud\u017eeta klases ziemas riepa. Pieejama MMK Riepu centros par vislab\u0101kaj\u0101m cen\u0101m!","robots":{"index":"index","follow":"follow","max-snippet":"max-snippet:-1","max-image-preview":"max-image-preview:large","max-video-preview":"max-video-preview:-1"},"canonical":"https:\/\/mmkriepas.lv\/en\/p\/205-55r16-cordiant-winter-drive-2-94t\/","og_locale":"en_US","og_type":"article","og_title":"205\/55R16 Cordiant Winter Drive 2 94T","og_description":"Cordiant Winter Drive 2 - ar Nokian tehnolo\u0123ij\u0101m apvelt\u012bta bud\u017eeta klases ziemas riepa. Pieejama MMK Riepu centros par vislab\u0101kaj\u0101m cen\u0101m!","og_url":"https:\/\/mmkriepas.lv\/en\/p\/205-55r16-cordiant-winter-drive-2-94t\/","og_site_name":"MMK Riepas","article_publisher":"https:\/\/www.facebook.com\/mmkserviss\/","article_modified_time":"2025-03-07T15:13:32+00:00","og_image":[{"width":1600,"height":1200,"url":"https:\/\/mmkriepas.lv\/wp-content\/uploads\/2021\/08\/25555r18-cordiant-winter-drive-2-109t-ziemas-riepas-2.jpg","type":"image\/jpeg"}],"twitter_card":"summary_large_image","twitter_misc":{"Price":"&euro;55.00","Availability":"Out of stock"},"schema":{"@context":"https:\/\/schema.org","@graph":[{"@type":"WebPage","@id":"https:\/\/mmkriepas.lv\/en\/p\/205-55r16-cordiant-winter-drive-2-94t\/","url":"https:\/\/mmkriepas.lv\/en\/p\/205-55r16-cordiant-winter-drive-2-94t\/","name":"205\/55R16 Cordiant Winter Drive 2 94T &#8226; MMK Riepas","isPartOf":{"@id":"https:\/\/mmkriepas.lv\/en\/#website"},"primaryImageOfPage":{"@id":"https:\/\/mmkriepas.lv\/en\/p\/205-55r16-cordiant-winter-drive-2-94t\/#primaryimage"},"image":{"@id":"https:\/\/mmkriepas.lv\/en\/p\/205-55r16-cordiant-winter-drive-2-94t\/#primaryimage"},"thumbnailUrl":"https:\/\/mmkriepas.lv\/wp-content\/uploads\/2021\/08\/25555r18-cordiant-winter-drive-2-109t-ziemas-riepas-2.jpg","datePublished":"2020-08-25T09:00:02+00:00","dateModified":"2025-03-07T15:13:32+00:00","description":"Cordiant Winter Drive 2 - ar Nokian tehnolo\u0123ij\u0101m apvelt\u012bta bud\u017eeta klases ziemas riepa. Pieejama MMK Riepu centros par vislab\u0101kaj\u0101m cen\u0101m!","breadcrumb":{"@id":"https:\/\/mmkriepas.lv\/en\/p\/205-55r16-cordiant-winter-drive-2-94t\/#breadcrumb"},"inLanguage":"en-US","potentialAction":[{"@type":"ReadAction","target":["https:\/\/mmkriepas.lv\/en\/p\/205-55r16-cordiant-winter-drive-2-94t\/"]}]},{"@type":"ImageObject","inLanguage":"en-US","@id":"https:\/\/mmkriepas.lv\/en\/p\/205-55r16-cordiant-winter-drive-2-94t\/#primaryimage","url":"https:\/\/mmkriepas.lv\/wp-content\/uploads\/2021\/08\/25555r18-cordiant-winter-drive-2-109t-ziemas-riepas-2.jpg","contentUrl":"https:\/\/mmkriepas.lv\/wp-content\/uploads\/2021\/08\/25555r18-cordiant-winter-drive-2-109t-ziemas-riepas-2.jpg","width":1600,"height":1200,"caption":"255\/55R18 Cordiant Winter Drive 2 109T - Vissezonas riepas \/ Ziemas riepas"},{"@type":"BreadcrumbList","@id":"https:\/\/mmkriepas.lv\/en\/p\/205-55r16-cordiant-winter-drive-2-94t\/#breadcrumb","itemListElement":[{"@type":"ListItem","position":1,"name":"S\u0101kums","item":"https:\/\/mmkriepas.lv\/en\/"},{"@type":"ListItem","position":2,"name":"205\/55R16 Cordiant Winter Drive 2 94T"}]},{"@type":"WebSite","@id":"https:\/\/mmkriepas.lv\/en\/#website","url":"https:\/\/mmkriepas.lv\/en\/","name":"MMK Riepas","description":"MMK Riepas","alternateName":"MMK Riepu Serviss","potentialAction":[{"@type":"SearchAction","target":{"@type":"EntryPoint","urlTemplate":"https:\/\/mmkriepas.lv\/en\/?s={search_term_string}"},"query-input":{"@type":"PropertyValueSpecification","valueRequired":true,"valueName":"search_term_string"}}],"inLanguage":"en-US"},{"@type":"ImageObject","inLanguage":"en-US","@id":"https:\/\/mmkriepas.lv\/en\/p\/205-55r16-cordiant-winter-drive-2-94t\/#local-main-organization-logo","url":"","contentUrl":"","caption":"MMK Riepas"}]},"product_brand":"Cordiant Winter Drive 2","product_price_amount":"55.00","product_price_currency":"EUR","og_availability":"out of stock","product_availability":"out of stock","product_retailer_item_id":"TW2055516CORDI-1361","product_condition":"new"},"_links":{"self":[{"href":"https:\/\/mmkriepas.lv\/en\/wp-json\/wp\/v2\/product\/146434","targetHints":{"allow":["GET"]}}],"collection":[{"href":"https:\/\/mmkriepas.lv\/en\/wp-json\/wp\/v2\/product"}],"about":[{"href":"https:\/\/mmkriepas.lv\/en\/wp-json\/wp\/v2\/types\/product"}],"wp:featuredmedia":[{"embeddable":true,"href":"https:\/\/mmkriepas.lv\/en\/wp-json\/wp\/v2\/media\/190105"}],"wp:attachment":[{"href":"https:\/\/mmkriepas.lv\/en\/wp-json\/wp\/v2\/media?parent=146434"}],"wp:term":[{"taxonomy":"product_brand","embeddable":true,"href":"https:\/\/mmkriepas.lv\/en\/wp-json\/wp\/v2\/product_brand?post=146434"},{"taxonomy":"product_cat","embeddable":true,"href":"https:\/\/mmkriepas.lv\/en\/wp-json\/wp\/v2\/product_cat?post=146434"},{"taxonomy":"product_tag","embeddable":true,"href":"https:\/\/mmkriepas.lv\/en\/wp-json\/wp\/v2\/product_tag?post=146434"}],"curies":[{"name":"wp","href":"https:\/\/api.w.org\/{rel}","templated":true}]}}