{"id":146284,"date":"2020-08-24T17:35:49","date_gmt":"2020-08-24T14:35:49","guid":{"rendered":"https:\/\/mmkserviss.lv\/?post_type=product&#038;p=146284"},"modified":"2025-03-07T17:28:02","modified_gmt":"2025-03-07T15:28:02","slug":"225-75r16-gislaved-soft-frost-200-108t-xl","status":"publish","type":"product","link":"https:\/\/mmkriepas.lv\/en\/p\/225-75r16-gislaved-soft-frost-200-108t-xl\/","title":{"rendered":"225\/75R16 Gislaved Soft Frost 200 108T XL DOT"},"content":{"rendered":"<p><b>Gislaved Soft Frost 200<\/b><span style=\"font-weight: 400;\"> ir ziemas riepu modelis, kas paredz\u0113ts vieglajiem auto. Pateicoties vair\u0101k\u0101m protektora \u012bpa\u0161\u012bb\u0101m, \u0161is modelis uzr\u0101da p\u0101rliecino\u0161u veiktsp\u0113ju gan uz apledoju\u0161iem ce\u013ciem, gan slapja asfalta. Gislaved riepas tiek rad\u012btas Zviedrij\u0101 un t\u0101s tiek piem\u0113rotas skarbajam Skandin\u0101vijas ziemas klimatam.<\/span><\/p>\n<h3><b>Gislaved Soft Frost 200 galven\u0101s iez\u012bmes<\/b><\/h3>\n<p><span style=\"font-weight: 400;\">+Uzlabota manevr\u0113tsp\u0113ja!<\/span><\/p>\n<p><span style=\"font-weight: 400;\">+Sa\u0137eres elementi, kas uzlabo veiktsp\u0113ju snieg\u0101!<\/span><\/p>\n<p><span style=\"font-weight: 400;\">+Att\u012bst\u012bta lame\u013cu un dren\u0101\u017eas kan\u0101lu sist\u0113ma uzlabo \u016bdens un sniega novadi, sausinot kontakta virsmu!<\/span><\/p>\n<p><span style=\"font-weight: 400;\">+Pagarin\u0101ta eksplaut\u0101cijas ilgtsp\u0113ja!<\/span><\/p>\n<h3><b>Riepas veiktsp\u0113ja<\/b><\/h3>\n<p><span style=\"font-weight: 400;\">Protektora bloki izvietoti t\u0101, ka protektora raksts ir asimetrisks. Starp \u0161iem blokiem eso\u0161\u0101s rievas pal\u012bdz\u0113s c\u012b\u0146\u0101 ar ziemas laikapst\u0101k\u013cu stihij\u0101m un aizsnigu\u0161iem ce\u013ciem. Vis\u0101 riepas protektora virsm\u0101 iestr\u0101d\u0101ti vair\u0101ki t\u016bksto\u0161i lame\u013cu, kas ne tikai sausina kontakta virsmu, bet ar\u012b uzlabo sa\u0137eri uz ledus.<\/span><\/p>\n<p><span style=\"font-weight: 400;\">M<\/span><span style=\"font-weight: 400;\">ode\u013ca lieto\u0161anas dro\u0161\u012bbu ziemas laika apst\u0101k\u013cos un t\u0101 atbilst\u012bbu valst\u012bm ar oblig\u0101tu sezon\u0101lo riepu mai\u0146u apstiprina mar\u0137\u0113jums sniegp\u0101rslas form\u0101 uz kalna fona ar trim virsotn\u0113m (3PMSF).<\/span> <span style=\"font-weight: 400;\"><\/span><span style=\"font-weight: 400;\"><\/span><\/p>\n","protected":false},"excerpt":{"rendered":"<p><strong>Gislaved Soft Frost 200<\/strong> ir ziemas riepu modelis, kas paredz\u0113ts vieglajiem auto. Pateicoties vair\u0101k\u0101m protektora \u012bpa\u0161\u012bb\u0101m, \u0161is modelis uzr\u0101da p\u0101rliecino\u0161u veiktsp\u0113ju gan uz apledoju\u0161iem ce\u013ciem, gan slapja asfalta. Gislaved riepas tiek rad\u012btas Zviedrij\u0101 un t\u0101s tiek piem\u0113rotas skarbajam Skandin\u0101vijas ziemas klimatam.<\/p>\n","protected":false},"featured_media":341145,"template":"","meta":{"_acf_changed":false,"ngg_post_thumbnail":0},"product_brand":[],"product_cat":[47,45],"product_tag":[],"class_list":{"0":"post-146284","1":"product","2":"type-product","3":"status-publish","4":"has-post-thumbnail","6":"product_cat-vissezonas-riepas","7":"product_cat-ziemas-riepas","9":"first","10":"outofstock","11":"sale","12":"taxable","13":"shipping-taxable","14":"product-type-simple"},"acf":[],"yoast_head":"<!-- This site is optimized with the Yoast SEO Premium plugin v22.6 (Yoast SEO v27.3) - https:\/\/yoast.com\/product\/yoast-seo-premium-wordpress\/ -->\n<title>225\/75R16 Gislaved Soft Frost 200 108T XL DOT &#8226; MMK Riepas<\/title>\n<meta name=\"description\" content=\"Gislaved Soft Frost 200- ziema, kas rad\u012bta Skandin\u0101vij\u0101 un piem\u0113rota t\u0101s skarbajiem ziemas apst\u0101k\u013ciem! MMK riepu centros, visos izm\u0113ros, par lab\u0101ko cenu!\" \/>\n<meta name=\"robots\" content=\"index, follow, max-snippet:-1, max-image-preview:large, max-video-preview:-1\" \/>\n<link rel=\"canonical\" href=\"https:\/\/mmkriepas.lv\/en\/p\/225-75r16-gislaved-soft-frost-200-108t-xl\/\" \/>\n<meta property=\"og:locale\" content=\"en_US\" \/>\n<meta property=\"og:type\" content=\"article\" \/>\n<meta property=\"og:title\" content=\"225\/75R16 Gislaved Soft Frost 200 108T XL DOT\" \/>\n<meta property=\"og:description\" content=\"Gislaved Soft Frost 200- ziema, kas rad\u012bta Skandin\u0101vij\u0101 un piem\u0113rota t\u0101s skarbajiem ziemas apst\u0101k\u013ciem! MMK riepu centros, visos izm\u0113ros, par lab\u0101ko cenu!\" \/>\n<meta property=\"og:url\" content=\"https:\/\/mmkriepas.lv\/en\/p\/225-75r16-gislaved-soft-frost-200-108t-xl\/\" \/>\n<meta property=\"og:site_name\" content=\"MMK Riepas\" \/>\n<meta property=\"article:publisher\" content=\"https:\/\/www.facebook.com\/mmkserviss\/\" \/>\n<meta property=\"article:modified_time\" content=\"2025-03-07T15:28:02+00:00\" \/>\n<meta property=\"og:image\" content=\"https:\/\/mmkriepas.lv\/wp-content\/uploads\/2022\/09\/22575r16-gislaved-soft-frost-200-108t-xl-dot-ziemas-riepas.jpeg\" \/>\n\t<meta property=\"og:image:width\" content=\"1920\" \/>\n\t<meta property=\"og:image:height\" content=\"1440\" \/>\n\t<meta property=\"og:image:type\" content=\"image\/jpeg\" \/>\n<meta name=\"twitter:card\" content=\"summary_large_image\" \/>\n<meta name=\"twitter:label1\" content=\"Price\" \/>\n\t<meta name=\"twitter:data1\" content=\"&euro;75.00\" \/>\n\t<meta name=\"twitter:label2\" content=\"Availability\" \/>\n\t<meta name=\"twitter:data2\" content=\"Out of stock\" \/>\n<script type=\"application\/ld+json\" class=\"yoast-schema-graph\">{\"@context\":\"https:\\\/\\\/schema.org\",\"@graph\":[{\"@type\":\"WebPage\",\"@id\":\"https:\\\/\\\/mmkriepas.lv\\\/en\\\/p\\\/225-75r16-gislaved-soft-frost-200-108t-xl\\\/\",\"url\":\"https:\\\/\\\/mmkriepas.lv\\\/en\\\/p\\\/225-75r16-gislaved-soft-frost-200-108t-xl\\\/\",\"name\":\"225\\\/75R16 Gislaved Soft Frost 200 108T XL DOT &#8226; MMK Riepas\",\"isPartOf\":{\"@id\":\"https:\\\/\\\/mmkriepas.lv\\\/en\\\/#website\"},\"primaryImageOfPage\":{\"@id\":\"https:\\\/\\\/mmkriepas.lv\\\/en\\\/p\\\/225-75r16-gislaved-soft-frost-200-108t-xl\\\/#primaryimage\"},\"image\":{\"@id\":\"https:\\\/\\\/mmkriepas.lv\\\/en\\\/p\\\/225-75r16-gislaved-soft-frost-200-108t-xl\\\/#primaryimage\"},\"thumbnailUrl\":\"https:\\\/\\\/mmkriepas.lv\\\/wp-content\\\/uploads\\\/2022\\\/09\\\/22575r16-gislaved-soft-frost-200-108t-xl-dot-ziemas-riepas.jpeg\",\"datePublished\":\"2020-08-24T14:35:49+00:00\",\"dateModified\":\"2025-03-07T15:28:02+00:00\",\"description\":\"Gislaved Soft Frost 200- ziema, kas rad\u012bta Skandin\u0101vij\u0101 un piem\u0113rota t\u0101s skarbajiem ziemas apst\u0101k\u013ciem! MMK riepu centros, visos izm\u0113ros, par lab\u0101ko cenu!\",\"breadcrumb\":{\"@id\":\"https:\\\/\\\/mmkriepas.lv\\\/en\\\/p\\\/225-75r16-gislaved-soft-frost-200-108t-xl\\\/#breadcrumb\"},\"inLanguage\":\"en-US\",\"potentialAction\":[{\"@type\":\"ReadAction\",\"target\":[\"https:\\\/\\\/mmkriepas.lv\\\/en\\\/p\\\/225-75r16-gislaved-soft-frost-200-108t-xl\\\/\"]}]},{\"@type\":\"ImageObject\",\"inLanguage\":\"en-US\",\"@id\":\"https:\\\/\\\/mmkriepas.lv\\\/en\\\/p\\\/225-75r16-gislaved-soft-frost-200-108t-xl\\\/#primaryimage\",\"url\":\"https:\\\/\\\/mmkriepas.lv\\\/wp-content\\\/uploads\\\/2022\\\/09\\\/22575r16-gislaved-soft-frost-200-108t-xl-dot-ziemas-riepas.jpeg\",\"contentUrl\":\"https:\\\/\\\/mmkriepas.lv\\\/wp-content\\\/uploads\\\/2022\\\/09\\\/22575r16-gislaved-soft-frost-200-108t-xl-dot-ziemas-riepas.jpeg\",\"width\":1920,\"height\":1440,\"caption\":\"225\\\/75R16 Gislaved Soft Frost 200 108T XL DOT - Vissezonas riepas \\\/ Ziemas riepas\"},{\"@type\":\"BreadcrumbList\",\"@id\":\"https:\\\/\\\/mmkriepas.lv\\\/en\\\/p\\\/225-75r16-gislaved-soft-frost-200-108t-xl\\\/#breadcrumb\",\"itemListElement\":[{\"@type\":\"ListItem\",\"position\":1,\"name\":\"S\u0101kums\",\"item\":\"https:\\\/\\\/mmkriepas.lv\\\/en\\\/\"},{\"@type\":\"ListItem\",\"position\":2,\"name\":\"225\\\/75R16 Gislaved Soft Frost 200 108T XL DOT\"}]},{\"@type\":\"WebSite\",\"@id\":\"https:\\\/\\\/mmkriepas.lv\\\/en\\\/#website\",\"url\":\"https:\\\/\\\/mmkriepas.lv\\\/en\\\/\",\"name\":\"MMK Riepas\",\"description\":\"MMK Riepas\",\"alternateName\":\"MMK Riepu Serviss\",\"potentialAction\":[{\"@type\":\"SearchAction\",\"target\":{\"@type\":\"EntryPoint\",\"urlTemplate\":\"https:\\\/\\\/mmkriepas.lv\\\/en\\\/?s={search_term_string}\"},\"query-input\":{\"@type\":\"PropertyValueSpecification\",\"valueRequired\":true,\"valueName\":\"search_term_string\"}}],\"inLanguage\":\"en-US\"},{\"@type\":\"ImageObject\",\"inLanguage\":\"en-US\",\"@id\":\"https:\\\/\\\/mmkriepas.lv\\\/en\\\/p\\\/225-75r16-gislaved-soft-frost-200-108t-xl\\\/#local-main-organization-logo\",\"url\":\"\",\"contentUrl\":\"\",\"caption\":\"MMK Riepas\"}]}<\/script>\n<meta property=\"product:brand\" content=\"Gislaved Soft*Frost 200\" \/>\n<meta property=\"product:price:amount\" content=\"75.00\" \/>\n<meta property=\"product:price:currency\" content=\"EUR\" \/>\n<meta property=\"og:availability\" content=\"out of stock\" \/>\n<meta property=\"product:availability\" content=\"out of stock\" \/>\n<meta property=\"product:retailer_item_id\" content=\"TW2257516GISLA-1889\" \/>\n<meta property=\"product:condition\" content=\"new\" \/>\n<!-- \/ Yoast SEO Premium plugin. -->","yoast_head_json":{"title":"225\/75R16 Gislaved Soft Frost 200 108T XL DOT &#8226; MMK Riepas","description":"Gislaved Soft Frost 200- ziema, kas rad\u012bta Skandin\u0101vij\u0101 un piem\u0113rota t\u0101s skarbajiem ziemas apst\u0101k\u013ciem! MMK riepu centros, visos izm\u0113ros, par lab\u0101ko cenu!","robots":{"index":"index","follow":"follow","max-snippet":"max-snippet:-1","max-image-preview":"max-image-preview:large","max-video-preview":"max-video-preview:-1"},"canonical":"https:\/\/mmkriepas.lv\/en\/p\/225-75r16-gislaved-soft-frost-200-108t-xl\/","og_locale":"en_US","og_type":"article","og_title":"225\/75R16 Gislaved Soft Frost 200 108T XL DOT","og_description":"Gislaved Soft Frost 200- ziema, kas rad\u012bta Skandin\u0101vij\u0101 un piem\u0113rota t\u0101s skarbajiem ziemas apst\u0101k\u013ciem! MMK riepu centros, visos izm\u0113ros, par lab\u0101ko cenu!","og_url":"https:\/\/mmkriepas.lv\/en\/p\/225-75r16-gislaved-soft-frost-200-108t-xl\/","og_site_name":"MMK Riepas","article_publisher":"https:\/\/www.facebook.com\/mmkserviss\/","article_modified_time":"2025-03-07T15:28:02+00:00","og_image":[{"width":1920,"height":1440,"url":"https:\/\/mmkriepas.lv\/wp-content\/uploads\/2022\/09\/22575r16-gislaved-soft-frost-200-108t-xl-dot-ziemas-riepas.jpeg","type":"image\/jpeg"}],"twitter_card":"summary_large_image","twitter_misc":{"Price":"&euro;75.00","Availability":"Out of stock"},"schema":{"@context":"https:\/\/schema.org","@graph":[{"@type":"WebPage","@id":"https:\/\/mmkriepas.lv\/en\/p\/225-75r16-gislaved-soft-frost-200-108t-xl\/","url":"https:\/\/mmkriepas.lv\/en\/p\/225-75r16-gislaved-soft-frost-200-108t-xl\/","name":"225\/75R16 Gislaved Soft Frost 200 108T XL DOT &#8226; MMK Riepas","isPartOf":{"@id":"https:\/\/mmkriepas.lv\/en\/#website"},"primaryImageOfPage":{"@id":"https:\/\/mmkriepas.lv\/en\/p\/225-75r16-gislaved-soft-frost-200-108t-xl\/#primaryimage"},"image":{"@id":"https:\/\/mmkriepas.lv\/en\/p\/225-75r16-gislaved-soft-frost-200-108t-xl\/#primaryimage"},"thumbnailUrl":"https:\/\/mmkriepas.lv\/wp-content\/uploads\/2022\/09\/22575r16-gislaved-soft-frost-200-108t-xl-dot-ziemas-riepas.jpeg","datePublished":"2020-08-24T14:35:49+00:00","dateModified":"2025-03-07T15:28:02+00:00","description":"Gislaved Soft Frost 200- ziema, kas rad\u012bta Skandin\u0101vij\u0101 un piem\u0113rota t\u0101s skarbajiem ziemas apst\u0101k\u013ciem! MMK riepu centros, visos izm\u0113ros, par lab\u0101ko cenu!","breadcrumb":{"@id":"https:\/\/mmkriepas.lv\/en\/p\/225-75r16-gislaved-soft-frost-200-108t-xl\/#breadcrumb"},"inLanguage":"en-US","potentialAction":[{"@type":"ReadAction","target":["https:\/\/mmkriepas.lv\/en\/p\/225-75r16-gislaved-soft-frost-200-108t-xl\/"]}]},{"@type":"ImageObject","inLanguage":"en-US","@id":"https:\/\/mmkriepas.lv\/en\/p\/225-75r16-gislaved-soft-frost-200-108t-xl\/#primaryimage","url":"https:\/\/mmkriepas.lv\/wp-content\/uploads\/2022\/09\/22575r16-gislaved-soft-frost-200-108t-xl-dot-ziemas-riepas.jpeg","contentUrl":"https:\/\/mmkriepas.lv\/wp-content\/uploads\/2022\/09\/22575r16-gislaved-soft-frost-200-108t-xl-dot-ziemas-riepas.jpeg","width":1920,"height":1440,"caption":"225\/75R16 Gislaved Soft Frost 200 108T XL DOT - Vissezonas riepas \/ Ziemas riepas"},{"@type":"BreadcrumbList","@id":"https:\/\/mmkriepas.lv\/en\/p\/225-75r16-gislaved-soft-frost-200-108t-xl\/#breadcrumb","itemListElement":[{"@type":"ListItem","position":1,"name":"S\u0101kums","item":"https:\/\/mmkriepas.lv\/en\/"},{"@type":"ListItem","position":2,"name":"225\/75R16 Gislaved Soft Frost 200 108T XL DOT"}]},{"@type":"WebSite","@id":"https:\/\/mmkriepas.lv\/en\/#website","url":"https:\/\/mmkriepas.lv\/en\/","name":"MMK Riepas","description":"MMK Riepas","alternateName":"MMK Riepu Serviss","potentialAction":[{"@type":"SearchAction","target":{"@type":"EntryPoint","urlTemplate":"https:\/\/mmkriepas.lv\/en\/?s={search_term_string}"},"query-input":{"@type":"PropertyValueSpecification","valueRequired":true,"valueName":"search_term_string"}}],"inLanguage":"en-US"},{"@type":"ImageObject","inLanguage":"en-US","@id":"https:\/\/mmkriepas.lv\/en\/p\/225-75r16-gislaved-soft-frost-200-108t-xl\/#local-main-organization-logo","url":"","contentUrl":"","caption":"MMK Riepas"}]},"product_brand":"Gislaved Soft*Frost 200","product_price_amount":"75.00","product_price_currency":"EUR","og_availability":"out of stock","product_availability":"out of stock","product_retailer_item_id":"TW2257516GISLA-1889","product_condition":"new"},"_links":{"self":[{"href":"https:\/\/mmkriepas.lv\/en\/wp-json\/wp\/v2\/product\/146284","targetHints":{"allow":["GET"]}}],"collection":[{"href":"https:\/\/mmkriepas.lv\/en\/wp-json\/wp\/v2\/product"}],"about":[{"href":"https:\/\/mmkriepas.lv\/en\/wp-json\/wp\/v2\/types\/product"}],"wp:featuredmedia":[{"embeddable":true,"href":"https:\/\/mmkriepas.lv\/en\/wp-json\/wp\/v2\/media\/341145"}],"wp:attachment":[{"href":"https:\/\/mmkriepas.lv\/en\/wp-json\/wp\/v2\/media?parent=146284"}],"wp:term":[{"taxonomy":"product_brand","embeddable":true,"href":"https:\/\/mmkriepas.lv\/en\/wp-json\/wp\/v2\/product_brand?post=146284"},{"taxonomy":"product_cat","embeddable":true,"href":"https:\/\/mmkriepas.lv\/en\/wp-json\/wp\/v2\/product_cat?post=146284"},{"taxonomy":"product_tag","embeddable":true,"href":"https:\/\/mmkriepas.lv\/en\/wp-json\/wp\/v2\/product_tag?post=146284"}],"curies":[{"name":"wp","href":"https:\/\/api.w.org\/{rel}","templated":true}]}}