{"id":1458814,"date":"2026-03-16T13:30:37","date_gmt":"2026-03-16T11:30:37","guid":{"rendered":"https:\/\/mmkriepas.lv\/?post_type=product&#038;p=1458814"},"modified":"2026-04-02T15:06:35","modified_gmt":"2026-04-02T12:06:35","slug":"175-70r13-hifly-hf201-82t","status":"publish","type":"product","link":"https:\/\/mmkriepas.lv\/en\/p\/175-70r13-hifly-hf201-82t\/","title":{"rendered":"175\/70R13 Hifly HF201 82T (Sunfull)"},"content":{"rendered":"<p><strong>Hifly HF201<\/strong> ir vasaras riepas kuras piem\u0113rotas pla\u0161am vieglo automa\u0161\u012bnu kl\u0101stam, ieskaitot ar\u012b viskompakt\u0101k\u0101s. Riepas rakstur\u012bpa\u0161\u012bbas tiku\u0161as izv\u0113l\u0113tas, \u0146emot v\u0113r\u0101 darb\u012bbas \u012bpatn\u012bbas pils\u0113tas apst\u0101k\u013cos, kur \u0161is modelis demonstr\u0113 izcilu stabilit\u0101ti uz slapj\u0101m virsm\u0101m, nodilumiztur\u012bbu, degvielas ekonomiju un paaugstin\u0101tu brauk\u0161anas komfortu.<\/p>\n<h3>Hifly HF201 galven\u0101s iez\u012bmes:<\/h3>\n<p>+Bloku izvietojums, kas p\u0101rvietoti attiec\u012bb\u0101 pret otru, samazina troksni!<\/p>\n<p>+\u201cMini bloki\u201d plecu zon\u0101s palielina stabilit\u0101ti pagriezienos!<\/p>\n<p>+Bez\u0161uvju tehnolo\u0123ijas izmanto\u0161ana riepas uzb\u016bv\u0113 uzlabo komfortu un vad\u0101m\u012bbu!<\/p>\n<p>+Gumijas mais\u012bjums ar paaugstin\u0101tu termonotur\u012bbu samazina rites pretest\u012bbu!<\/p>\n<h3>HF201 apr\u012bkojums:<\/h3>\n<p>Protektora z\u012bm\u0113jums ar simetriski sak\u0101rtotiem elementiem tika izstr\u0101d\u0101ts, izmantojot modern\u0101kos datormodel\u0113\u0161anas r\u012bkus. \u010cetras garenisk\u0101s rievas palielina efektivit\u0101ti uz slapj\u0101m virsm\u0101m, samazinot akvaplan\u0113\u0161anas risku. Elementu izvietojums ar nob\u012bdi attiec\u012bb\u0101 pret otru samazina troksni, un \u201cmini bloki\u201d plecu zon\u0101s palielina stabilit\u0101ti pagriezienos. R\u0101mja aukla ir izgatavota, izmantojot \u201cbez\u0161uvju\u201d tehnolo\u0123iju, kas vienlaikus uzlabo akustisko komfortu un vad\u0101m\u012bbu, atrodoties ce\u013c\u0101.<\/p>\n<p><strong>Uzman\u012bbu:<\/strong> Uz vasaras riepu s\u0101nu bortiem var b\u016bt apz\u012bm\u0113jums M+S. \u0160is apz\u012bm\u0113jums nenoz\u012bm\u0113, ka t\u0101s ir M+S riepas un nav paredz\u0113ts ekspluat\u0113t Latvijas ziemas apst\u0101k\u013cos! S\u012bk\u0101k par \u0161o un citiem apz\u012bm\u0113jumu dro\u0161i jaut\u0101jiet MMK Riepu Serviss speci\u0101listiem.<\/p>\n","protected":false},"excerpt":{"rendered":"<p><strong>Hifly HF201<\/strong> ir vasaras riepas kuras piem\u0113rotas pla\u0161am vieglo automa\u0161\u012bnu kl\u0101stam, ieskaitot ar\u012b viskompakt\u0101k\u0101s. Riepas rakstur\u012bpa\u0161\u012bbas tiku\u0161as izv\u0113l\u0113tas, \u0146emot v\u0113r\u0101 darb\u012bbas \u012bpatn\u012bbas pils\u0113tas apst\u0101k\u013cos, kur \u0161is modelis demonstr\u0113 izcilu stabilit\u0101ti uz slapj\u0101m virsm\u0101m, nodilumiztur\u012bbu, degvielas ekonomiju un paaugstin\u0101tu brauk\u0161anas komfortu.<\/p>\n","protected":false},"featured_media":175273,"template":"","meta":{"_acf_changed":false,"ngg_post_thumbnail":0},"product_brand":[],"product_cat":[46],"product_tag":[],"class_list":{"0":"post-1458814","1":"product","2":"type-product","3":"status-publish","4":"has-post-thumbnail","6":"product_cat-vasaras-riepas","8":"first","9":"instock","10":"sale","11":"taxable","12":"shipping-taxable","13":"purchasable","14":"product-type-simple"},"acf":[],"yoast_head":"<!-- This site is optimized with the Yoast SEO Premium plugin v22.6 (Yoast SEO v27.3) - https:\/\/yoast.com\/product\/yoast-seo-premium-wordpress\/ -->\n<title>175\/70R13 Hifly HF201 82T (Sunfull) &#8226; MMK Riepas<\/title>\n<meta name=\"robots\" content=\"index, follow, max-snippet:-1, max-image-preview:large, max-video-preview:-1\" \/>\n<link rel=\"canonical\" href=\"https:\/\/mmkriepas.lv\/en\/p\/175-70r13-hifly-hf201-82t\/\" \/>\n<meta property=\"og:locale\" content=\"en_US\" \/>\n<meta property=\"og:type\" content=\"article\" \/>\n<meta property=\"og:title\" content=\"175\/70R13 Hifly HF201 82T (Sunfull)\" \/>\n<meta property=\"og:description\" content=\"Hifly HF201 ir vasaras riepas kuras piem\u0113rotas pla\u0161am vieglo automa\u0161\u012bnu kl\u0101stam, ieskaitot ar\u012b viskompakt\u0101k\u0101s. Riepas rakstur\u012bpa\u0161\u012bbas tiku\u0161as izv\u0113l\u0113tas, \u0146emot v\u0113r\u0101 darb\u012bbas \u012bpatn\u012bbas pils\u0113tas apst\u0101k\u013cos, kur \u0161is modelis demonstr\u0113 izcilu stabilit\u0101ti uz slapj\u0101m virsm\u0101m, nodilumiztur\u012bbu, degvielas ekonomiju un paaugstin\u0101tu brauk\u0161anas komfortu.\" \/>\n<meta property=\"og:url\" content=\"https:\/\/mmkriepas.lv\/en\/p\/175-70r13-hifly-hf201-82t\/\" \/>\n<meta property=\"og:site_name\" content=\"MMK Riepas\" \/>\n<meta property=\"article:publisher\" content=\"https:\/\/www.facebook.com\/mmkserviss\/\" \/>\n<meta property=\"article:modified_time\" content=\"2026-04-02T12:06:35+00:00\" \/>\n<meta property=\"og:image\" content=\"https:\/\/mmkriepas.lv\/wp-content\/uploads\/2021\/03\/18570r14-hifly-hf-201-88h-vasaras-riepas.jpg\" \/>\n\t<meta property=\"og:image:width\" content=\"1024\" \/>\n\t<meta property=\"og:image:height\" content=\"768\" \/>\n\t<meta property=\"og:image:type\" content=\"image\/jpeg\" \/>\n<meta name=\"twitter:card\" content=\"summary_large_image\" \/>\n<meta name=\"twitter:label1\" content=\"Price\" \/>\n\t<meta name=\"twitter:data1\" content=\"&euro;31.00\" \/>\n\t<meta name=\"twitter:label2\" content=\"Availability\" \/>\n\t<meta name=\"twitter:data2\" content=\"In stock\" \/>\n<script type=\"application\/ld+json\" class=\"yoast-schema-graph\">{\"@context\":\"https:\\\/\\\/schema.org\",\"@graph\":[{\"@type\":\"WebPage\",\"@id\":\"https:\\\/\\\/mmkriepas.lv\\\/en\\\/p\\\/175-70r13-hifly-hf201-82t\\\/\",\"url\":\"https:\\\/\\\/mmkriepas.lv\\\/en\\\/p\\\/175-70r13-hifly-hf201-82t\\\/\",\"name\":\"175\\\/70R13 Hifly HF201 82T (Sunfull) &#8226; MMK Riepas\",\"isPartOf\":{\"@id\":\"https:\\\/\\\/mmkriepas.lv\\\/en\\\/#website\"},\"primaryImageOfPage\":{\"@id\":\"https:\\\/\\\/mmkriepas.lv\\\/en\\\/p\\\/175-70r13-hifly-hf201-82t\\\/#primaryimage\"},\"image\":{\"@id\":\"https:\\\/\\\/mmkriepas.lv\\\/en\\\/p\\\/175-70r13-hifly-hf201-82t\\\/#primaryimage\"},\"thumbnailUrl\":\"https:\\\/\\\/mmkriepas.lv\\\/wp-content\\\/uploads\\\/2021\\\/03\\\/18570r14-hifly-hf-201-88h-vasaras-riepas.jpg\",\"datePublished\":\"2026-03-16T11:30:37+00:00\",\"dateModified\":\"2026-04-02T12:06:35+00:00\",\"breadcrumb\":{\"@id\":\"https:\\\/\\\/mmkriepas.lv\\\/en\\\/p\\\/175-70r13-hifly-hf201-82t\\\/#breadcrumb\"},\"inLanguage\":\"en-US\",\"potentialAction\":[{\"@type\":\"ReadAction\",\"target\":[\"https:\\\/\\\/mmkriepas.lv\\\/en\\\/p\\\/175-70r13-hifly-hf201-82t\\\/\"]}]},{\"@type\":\"ImageObject\",\"inLanguage\":\"en-US\",\"@id\":\"https:\\\/\\\/mmkriepas.lv\\\/en\\\/p\\\/175-70r13-hifly-hf201-82t\\\/#primaryimage\",\"url\":\"https:\\\/\\\/mmkriepas.lv\\\/wp-content\\\/uploads\\\/2021\\\/03\\\/18570r14-hifly-hf-201-88h-vasaras-riepas.jpg\",\"contentUrl\":\"https:\\\/\\\/mmkriepas.lv\\\/wp-content\\\/uploads\\\/2021\\\/03\\\/18570r14-hifly-hf-201-88h-vasaras-riepas.jpg\",\"width\":1024,\"height\":768,\"caption\":\"185\\\/70R14 Hifly HF-201 88H - Vasaras riepas\"},{\"@type\":\"BreadcrumbList\",\"@id\":\"https:\\\/\\\/mmkriepas.lv\\\/en\\\/p\\\/175-70r13-hifly-hf201-82t\\\/#breadcrumb\",\"itemListElement\":[{\"@type\":\"ListItem\",\"position\":1,\"name\":\"S\u0101kums\",\"item\":\"https:\\\/\\\/mmkriepas.lv\\\/en\\\/\"},{\"@type\":\"ListItem\",\"position\":2,\"name\":\"175\\\/70R13 Hifly HF201 82T (Sunfull)\"}]},{\"@type\":\"WebSite\",\"@id\":\"https:\\\/\\\/mmkriepas.lv\\\/en\\\/#website\",\"url\":\"https:\\\/\\\/mmkriepas.lv\\\/en\\\/\",\"name\":\"MMK Riepas\",\"description\":\"MMK Riepas\",\"alternateName\":\"MMK Riepu Serviss\",\"potentialAction\":[{\"@type\":\"SearchAction\",\"target\":{\"@type\":\"EntryPoint\",\"urlTemplate\":\"https:\\\/\\\/mmkriepas.lv\\\/en\\\/?s={search_term_string}\"},\"query-input\":{\"@type\":\"PropertyValueSpecification\",\"valueRequired\":true,\"valueName\":\"search_term_string\"}}],\"inLanguage\":\"en-US\"},{\"@type\":\"ImageObject\",\"inLanguage\":\"en-US\",\"@id\":\"https:\\\/\\\/mmkriepas.lv\\\/en\\\/p\\\/175-70r13-hifly-hf201-82t\\\/#local-main-organization-logo\",\"url\":\"\",\"contentUrl\":\"\",\"caption\":\"MMK Riepas\"}]}<\/script>\n<meta property=\"product:brand\" content=\"Hifly HF201\" \/>\n<meta property=\"product:price:amount\" content=\"31.00\" \/>\n<meta property=\"product:price:currency\" content=\"EUR\" \/>\n<meta property=\"og:availability\" content=\"instock\" \/>\n<meta property=\"product:availability\" content=\"instock\" \/>\n<meta property=\"product:retailer_item_id\" content=\"TS1757013HIFLY-57464\" \/>\n<meta property=\"product:condition\" content=\"new\" \/>\n<!-- \/ Yoast SEO Premium plugin. -->","yoast_head_json":{"title":"175\/70R13 Hifly HF201 82T (Sunfull) &#8226; MMK Riepas","robots":{"index":"index","follow":"follow","max-snippet":"max-snippet:-1","max-image-preview":"max-image-preview:large","max-video-preview":"max-video-preview:-1"},"canonical":"https:\/\/mmkriepas.lv\/en\/p\/175-70r13-hifly-hf201-82t\/","og_locale":"en_US","og_type":"article","og_title":"175\/70R13 Hifly HF201 82T (Sunfull)","og_description":"Hifly HF201 ir vasaras riepas kuras piem\u0113rotas pla\u0161am vieglo automa\u0161\u012bnu kl\u0101stam, ieskaitot ar\u012b viskompakt\u0101k\u0101s. Riepas rakstur\u012bpa\u0161\u012bbas tiku\u0161as izv\u0113l\u0113tas, \u0146emot v\u0113r\u0101 darb\u012bbas \u012bpatn\u012bbas pils\u0113tas apst\u0101k\u013cos, kur \u0161is modelis demonstr\u0113 izcilu stabilit\u0101ti uz slapj\u0101m virsm\u0101m, nodilumiztur\u012bbu, degvielas ekonomiju un paaugstin\u0101tu brauk\u0161anas komfortu.","og_url":"https:\/\/mmkriepas.lv\/en\/p\/175-70r13-hifly-hf201-82t\/","og_site_name":"MMK Riepas","article_publisher":"https:\/\/www.facebook.com\/mmkserviss\/","article_modified_time":"2026-04-02T12:06:35+00:00","og_image":[{"width":1024,"height":768,"url":"https:\/\/mmkriepas.lv\/wp-content\/uploads\/2021\/03\/18570r14-hifly-hf-201-88h-vasaras-riepas.jpg","type":"image\/jpeg"}],"twitter_card":"summary_large_image","twitter_misc":{"Price":"&euro;31.00","Availability":"In stock"},"schema":{"@context":"https:\/\/schema.org","@graph":[{"@type":"WebPage","@id":"https:\/\/mmkriepas.lv\/en\/p\/175-70r13-hifly-hf201-82t\/","url":"https:\/\/mmkriepas.lv\/en\/p\/175-70r13-hifly-hf201-82t\/","name":"175\/70R13 Hifly HF201 82T (Sunfull) &#8226; MMK Riepas","isPartOf":{"@id":"https:\/\/mmkriepas.lv\/en\/#website"},"primaryImageOfPage":{"@id":"https:\/\/mmkriepas.lv\/en\/p\/175-70r13-hifly-hf201-82t\/#primaryimage"},"image":{"@id":"https:\/\/mmkriepas.lv\/en\/p\/175-70r13-hifly-hf201-82t\/#primaryimage"},"thumbnailUrl":"https:\/\/mmkriepas.lv\/wp-content\/uploads\/2021\/03\/18570r14-hifly-hf-201-88h-vasaras-riepas.jpg","datePublished":"2026-03-16T11:30:37+00:00","dateModified":"2026-04-02T12:06:35+00:00","breadcrumb":{"@id":"https:\/\/mmkriepas.lv\/en\/p\/175-70r13-hifly-hf201-82t\/#breadcrumb"},"inLanguage":"en-US","potentialAction":[{"@type":"ReadAction","target":["https:\/\/mmkriepas.lv\/en\/p\/175-70r13-hifly-hf201-82t\/"]}]},{"@type":"ImageObject","inLanguage":"en-US","@id":"https:\/\/mmkriepas.lv\/en\/p\/175-70r13-hifly-hf201-82t\/#primaryimage","url":"https:\/\/mmkriepas.lv\/wp-content\/uploads\/2021\/03\/18570r14-hifly-hf-201-88h-vasaras-riepas.jpg","contentUrl":"https:\/\/mmkriepas.lv\/wp-content\/uploads\/2021\/03\/18570r14-hifly-hf-201-88h-vasaras-riepas.jpg","width":1024,"height":768,"caption":"185\/70R14 Hifly HF-201 88H - Vasaras riepas"},{"@type":"BreadcrumbList","@id":"https:\/\/mmkriepas.lv\/en\/p\/175-70r13-hifly-hf201-82t\/#breadcrumb","itemListElement":[{"@type":"ListItem","position":1,"name":"S\u0101kums","item":"https:\/\/mmkriepas.lv\/en\/"},{"@type":"ListItem","position":2,"name":"175\/70R13 Hifly HF201 82T (Sunfull)"}]},{"@type":"WebSite","@id":"https:\/\/mmkriepas.lv\/en\/#website","url":"https:\/\/mmkriepas.lv\/en\/","name":"MMK Riepas","description":"MMK Riepas","alternateName":"MMK Riepu Serviss","potentialAction":[{"@type":"SearchAction","target":{"@type":"EntryPoint","urlTemplate":"https:\/\/mmkriepas.lv\/en\/?s={search_term_string}"},"query-input":{"@type":"PropertyValueSpecification","valueRequired":true,"valueName":"search_term_string"}}],"inLanguage":"en-US"},{"@type":"ImageObject","inLanguage":"en-US","@id":"https:\/\/mmkriepas.lv\/en\/p\/175-70r13-hifly-hf201-82t\/#local-main-organization-logo","url":"","contentUrl":"","caption":"MMK Riepas"}]},"product_brand":"Hifly HF201","product_price_amount":"31.00","product_price_currency":"EUR","og_availability":"instock","product_availability":"instock","product_retailer_item_id":"TS1757013HIFLY-57464","product_condition":"new"},"_links":{"self":[{"href":"https:\/\/mmkriepas.lv\/en\/wp-json\/wp\/v2\/product\/1458814","targetHints":{"allow":["GET"]}}],"collection":[{"href":"https:\/\/mmkriepas.lv\/en\/wp-json\/wp\/v2\/product"}],"about":[{"href":"https:\/\/mmkriepas.lv\/en\/wp-json\/wp\/v2\/types\/product"}],"wp:featuredmedia":[{"embeddable":true,"href":"https:\/\/mmkriepas.lv\/en\/wp-json\/wp\/v2\/media\/175273"}],"wp:attachment":[{"href":"https:\/\/mmkriepas.lv\/en\/wp-json\/wp\/v2\/media?parent=1458814"}],"wp:term":[{"taxonomy":"product_brand","embeddable":true,"href":"https:\/\/mmkriepas.lv\/en\/wp-json\/wp\/v2\/product_brand?post=1458814"},{"taxonomy":"product_cat","embeddable":true,"href":"https:\/\/mmkriepas.lv\/en\/wp-json\/wp\/v2\/product_cat?post=1458814"},{"taxonomy":"product_tag","embeddable":true,"href":"https:\/\/mmkriepas.lv\/en\/wp-json\/wp\/v2\/product_tag?post=1458814"}],"curies":[{"name":"wp","href":"https:\/\/api.w.org\/{rel}","templated":true}]}}