{"id":1456926,"date":"2026-03-11T17:19:00","date_gmt":"2026-03-11T15:19:00","guid":{"rendered":"https:\/\/mmkriepas.lv\/?post_type=product&#038;p=1456926"},"modified":"2026-03-27T23:58:48","modified_gmt":"2026-03-27T21:58:48","slug":"225-45r17-kormoran-all-season-94v-xl-fr-michelin","status":"publish","type":"product","link":"https:\/\/mmkriepas.lv\/en\/p\/225-45r17-kormoran-all-season-94v-xl-fr-michelin\/","title":{"rendered":"225\/45R17 Kormoran All Season 94V XL FR (Michelin)"},"content":{"rendered":"<p><strong><span style=\"font-family: 'Arial',sans-serif;\">Kormoran All Season<\/span><\/strong><span style=\"font-family: 'Arial',sans-serif;\"> ir vissezonas riepa, kas paredz\u0113ta brauk\u0161anai Centr\u0101leiropas un Dienvideiropas klimat\u0101. Riepas protektora raksts izveidots p\u0113c &#8220;<strong>Fishbone<\/strong>&#8221; tehnolo\u0123ijas- riepas centr\u0101l\u0101 da\u013ca , formas un dren\u0101\u017eas rievu izvietojuma d\u0113\u013c, atg\u0101dina zivs skeletu.<o:p><\/o:p><\/span><\/p>\n<p><strong><span style=\"font-family: 'Arial',sans-serif;\">Kormoran All Season galven\u0101s iez\u012bmes<\/span><\/strong><span style=\"font-family: 'Arial',sans-serif;\"><o:p><\/o:p><\/span><\/p>\n<p><span style=\"font-family: 'Arial',sans-serif;\">+Vissezonas riepa, kas piel\u0101gojas pla\u0161am laikapst\u0101k\u013cu diapazonam.<o:p><\/o:p><\/span><\/p>\n<p><span style=\"font-family: 'Arial',sans-serif;\">+Fishbone protektora dizains samazina akvaplan\u0113\u0161anas risku.<o:p><\/o:p><\/span><\/p>\n<p><span style=\"font-family: 'Arial',sans-serif;\">+Riepas plecu bloku dizains uzlabo manevr\u0113tsp\u0113ju un samazina trok\u0161\u0146u l\u012bmeni.<o:p><\/o:p><\/span><\/p>\n<h3><span style=\"font-family: 'Arial',sans-serif;\">Kormoran All Season piem\u0113rot\u012bba Latvijas apst\u0101k\u013ciem<o:p><\/o:p><\/span><\/h3>\n<p><span style=\"font-family: 'Arial',sans-serif;\">Kormoran All Season ir paredz\u0113ta brauk\u0161anai Centr\u0101leiropas un Dienvideiropas kliemat\u0101, kur ziemas ir lietainas un temperat\u016bra ziem\u0101 bie\u017ei sv\u0101rst\u0101s ap 0\u00baC. \u0160\u0101das riepas izcili tiek gal\u0101 ar lietainiem apst\u0101k\u013ciem, turkl\u0101t to \u012bpa\u0161ais dizains b\u016btiski samazina akvaplan\u0113\u0161anas risku.<\/span><\/p>\n","protected":false},"excerpt":{"rendered":"<p><strong><span style=\"font-family: 'Arial',sans-serif;\">Kormoran All Season<\/span><\/strong><span style=\"font-family: 'Arial',sans-serif;\"> ir vissezonas riepa, kas paredz\u0113ta brauk\u0161anai Centr\u0101leiropas un Dienvideiropas klimat\u0101. Riepas protektora raksts izveidots p\u0113c &#8220;<strong>Fishbone<\/strong>&#8221; tehnolo\u0123ijas- riepas centr\u0101l\u0101 da\u013ca , formas un dren\u0101\u017eas rievu izvietojuma d\u0113\u013c, atg\u0101dina zivs skeletu.<\/span><\/p>\n","protected":false},"featured_media":1439689,"template":"","meta":{"_acf_changed":false,"ngg_post_thumbnail":0},"product_brand":[],"product_cat":[23644,23643],"product_tag":[],"class_list":{"0":"post-1456926","1":"product","2":"type-product","3":"status-publish","4":"has-post-thumbnail","6":"product_cat-all-season-tyres","7":"product_cat-winter-tyres","9":"first","10":"instock","11":"sale","12":"taxable","13":"shipping-taxable","14":"purchasable","15":"product-type-simple"},"acf":[],"yoast_head":"<!-- This site is optimized with the Yoast SEO Premium plugin v22.6 (Yoast SEO v27.3) - https:\/\/yoast.com\/product\/yoast-seo-premium-wordpress\/ -->\n<title>225\/45R17 Kormoran All Season 94V XL FR (Michelin) &#8226; MMK Riepas<\/title>\n<meta name=\"robots\" content=\"index, follow, max-snippet:-1, max-image-preview:large, max-video-preview:-1\" \/>\n<link rel=\"canonical\" href=\"https:\/\/mmkriepas.lv\/en\/p\/225-45r17-kormoran-all-season-94v-xl-fr-michelin\/\" \/>\n<meta property=\"og:locale\" content=\"en_US\" \/>\n<meta property=\"og:type\" content=\"article\" \/>\n<meta property=\"og:title\" content=\"225\/45R17 Kormoran All Season 94V XL FR (Michelin)\" \/>\n<meta property=\"og:description\" content=\"Kormoran All Season ir vissezonas riepa, kas paredz\u0113ta brauk\u0161anai Centr\u0101leiropas un Dienvideiropas klimat\u0101. Riepas protektora raksts izveidots p\u0113c &quot;Fishbone&quot; tehnolo\u0123ijas- riepas centr\u0101l\u0101 da\u013ca , formas un dren\u0101\u017eas rievu izvietojuma d\u0113\u013c, atg\u0101dina zivs skeletu.\" \/>\n<meta property=\"og:url\" content=\"https:\/\/mmkriepas.lv\/en\/p\/225-45r17-kormoran-all-season-94v-xl-fr-michelin\/\" \/>\n<meta property=\"og:site_name\" content=\"MMK Riepas\" \/>\n<meta property=\"article:publisher\" content=\"https:\/\/www.facebook.com\/mmkserviss\/\" \/>\n<meta property=\"article:modified_time\" content=\"2026-03-27T21:58:48+00:00\" \/>\n<meta property=\"og:image\" content=\"https:\/\/mmkriepas.lv\/wp-content\/uploads\/2026\/01\/22550r17-kormoran-all-season-98v-xl-fr-michelin-ziemas-riepas.jpg\" \/>\n\t<meta property=\"og:image:width\" content=\"900\" \/>\n\t<meta property=\"og:image:height\" content=\"720\" \/>\n\t<meta property=\"og:image:type\" content=\"image\/jpeg\" \/>\n<meta name=\"twitter:card\" content=\"summary_large_image\" \/>\n<meta name=\"twitter:label1\" content=\"Price\" \/>\n\t<meta name=\"twitter:data1\" content=\"&euro;69.00\" \/>\n\t<meta name=\"twitter:label2\" content=\"Availability\" \/>\n\t<meta name=\"twitter:data2\" content=\"In stock\" \/>\n<script type=\"application\/ld+json\" class=\"yoast-schema-graph\">{\"@context\":\"https:\\\/\\\/schema.org\",\"@graph\":[{\"@type\":\"WebPage\",\"@id\":\"https:\\\/\\\/mmkriepas.lv\\\/en\\\/p\\\/225-45r17-kormoran-all-season-94v-xl-fr-michelin\\\/\",\"url\":\"https:\\\/\\\/mmkriepas.lv\\\/en\\\/p\\\/225-45r17-kormoran-all-season-94v-xl-fr-michelin\\\/\",\"name\":\"225\\\/45R17 Kormoran All Season 94V XL FR (Michelin) &#8226; MMK Riepas\",\"isPartOf\":{\"@id\":\"https:\\\/\\\/mmkriepas.lv\\\/en\\\/#website\"},\"primaryImageOfPage\":{\"@id\":\"https:\\\/\\\/mmkriepas.lv\\\/en\\\/p\\\/225-45r17-kormoran-all-season-94v-xl-fr-michelin\\\/#primaryimage\"},\"image\":{\"@id\":\"https:\\\/\\\/mmkriepas.lv\\\/en\\\/p\\\/225-45r17-kormoran-all-season-94v-xl-fr-michelin\\\/#primaryimage\"},\"thumbnailUrl\":\"https:\\\/\\\/mmkriepas.lv\\\/wp-content\\\/uploads\\\/2026\\\/01\\\/22550r17-kormoran-all-season-98v-xl-fr-michelin-ziemas-riepas.jpg\",\"datePublished\":\"2026-03-11T15:19:00+00:00\",\"dateModified\":\"2026-03-27T21:58:48+00:00\",\"breadcrumb\":{\"@id\":\"https:\\\/\\\/mmkriepas.lv\\\/en\\\/p\\\/225-45r17-kormoran-all-season-94v-xl-fr-michelin\\\/#breadcrumb\"},\"inLanguage\":\"en-US\",\"potentialAction\":[{\"@type\":\"ReadAction\",\"target\":[\"https:\\\/\\\/mmkriepas.lv\\\/en\\\/p\\\/225-45r17-kormoran-all-season-94v-xl-fr-michelin\\\/\"]}]},{\"@type\":\"ImageObject\",\"inLanguage\":\"en-US\",\"@id\":\"https:\\\/\\\/mmkriepas.lv\\\/en\\\/p\\\/225-45r17-kormoran-all-season-94v-xl-fr-michelin\\\/#primaryimage\",\"url\":\"https:\\\/\\\/mmkriepas.lv\\\/wp-content\\\/uploads\\\/2026\\\/01\\\/22550r17-kormoran-all-season-98v-xl-fr-michelin-ziemas-riepas.jpg\",\"contentUrl\":\"https:\\\/\\\/mmkriepas.lv\\\/wp-content\\\/uploads\\\/2026\\\/01\\\/22550r17-kormoran-all-season-98v-xl-fr-michelin-ziemas-riepas.jpg\",\"width\":900,\"height\":720,\"caption\":\"MAIN\"},{\"@type\":\"BreadcrumbList\",\"@id\":\"https:\\\/\\\/mmkriepas.lv\\\/en\\\/p\\\/225-45r17-kormoran-all-season-94v-xl-fr-michelin\\\/#breadcrumb\",\"itemListElement\":[{\"@type\":\"ListItem\",\"position\":1,\"name\":\"S\u0101kums\",\"item\":\"https:\\\/\\\/mmkriepas.lv\\\/en\\\/\"},{\"@type\":\"ListItem\",\"position\":2,\"name\":\"225\\\/45R17 Kormoran All Season 94V XL FR (Michelin)\"}]},{\"@type\":\"WebSite\",\"@id\":\"https:\\\/\\\/mmkriepas.lv\\\/en\\\/#website\",\"url\":\"https:\\\/\\\/mmkriepas.lv\\\/en\\\/\",\"name\":\"MMK Riepas\",\"description\":\"MMK Riepas\",\"alternateName\":\"MMK Riepu Serviss\",\"potentialAction\":[{\"@type\":\"SearchAction\",\"target\":{\"@type\":\"EntryPoint\",\"urlTemplate\":\"https:\\\/\\\/mmkriepas.lv\\\/en\\\/?s={search_term_string}\"},\"query-input\":{\"@type\":\"PropertyValueSpecification\",\"valueRequired\":true,\"valueName\":\"search_term_string\"}}],\"inLanguage\":\"en-US\"},{\"@type\":\"ImageObject\",\"inLanguage\":\"en-US\",\"@id\":\"https:\\\/\\\/mmkriepas.lv\\\/en\\\/p\\\/225-45r17-kormoran-all-season-94v-xl-fr-michelin\\\/#local-main-organization-logo\",\"url\":\"\",\"contentUrl\":\"\",\"caption\":\"MMK Riepas\"}]}<\/script>\n<meta property=\"product:brand\" content=\"Kormoran All Season\" \/>\n<meta property=\"product:price:amount\" content=\"69.00\" \/>\n<meta property=\"product:price:currency\" content=\"EUR\" \/>\n<meta property=\"og:availability\" content=\"instock\" \/>\n<meta property=\"product:availability\" content=\"instock\" \/>\n<meta property=\"product:retailer_item_id\" content=\"TW2254517KORMO-57382\" \/>\n<meta property=\"product:condition\" content=\"new\" \/>\n<!-- \/ Yoast SEO Premium plugin. -->","yoast_head_json":{"title":"225\/45R17 Kormoran All Season 94V XL FR (Michelin) &#8226; MMK Riepas","robots":{"index":"index","follow":"follow","max-snippet":"max-snippet:-1","max-image-preview":"max-image-preview:large","max-video-preview":"max-video-preview:-1"},"canonical":"https:\/\/mmkriepas.lv\/en\/p\/225-45r17-kormoran-all-season-94v-xl-fr-michelin\/","og_locale":"en_US","og_type":"article","og_title":"225\/45R17 Kormoran All Season 94V XL FR (Michelin)","og_description":"Kormoran All Season ir vissezonas riepa, kas paredz\u0113ta brauk\u0161anai Centr\u0101leiropas un Dienvideiropas klimat\u0101. Riepas protektora raksts izveidots p\u0113c \"Fishbone\" tehnolo\u0123ijas- riepas centr\u0101l\u0101 da\u013ca , formas un dren\u0101\u017eas rievu izvietojuma d\u0113\u013c, atg\u0101dina zivs skeletu.","og_url":"https:\/\/mmkriepas.lv\/en\/p\/225-45r17-kormoran-all-season-94v-xl-fr-michelin\/","og_site_name":"MMK Riepas","article_publisher":"https:\/\/www.facebook.com\/mmkserviss\/","article_modified_time":"2026-03-27T21:58:48+00:00","og_image":[{"width":900,"height":720,"url":"https:\/\/mmkriepas.lv\/wp-content\/uploads\/2026\/01\/22550r17-kormoran-all-season-98v-xl-fr-michelin-ziemas-riepas.jpg","type":"image\/jpeg"}],"twitter_card":"summary_large_image","twitter_misc":{"Price":"&euro;69.00","Availability":"In stock"},"schema":{"@context":"https:\/\/schema.org","@graph":[{"@type":"WebPage","@id":"https:\/\/mmkriepas.lv\/en\/p\/225-45r17-kormoran-all-season-94v-xl-fr-michelin\/","url":"https:\/\/mmkriepas.lv\/en\/p\/225-45r17-kormoran-all-season-94v-xl-fr-michelin\/","name":"225\/45R17 Kormoran All Season 94V XL FR (Michelin) &#8226; MMK Riepas","isPartOf":{"@id":"https:\/\/mmkriepas.lv\/en\/#website"},"primaryImageOfPage":{"@id":"https:\/\/mmkriepas.lv\/en\/p\/225-45r17-kormoran-all-season-94v-xl-fr-michelin\/#primaryimage"},"image":{"@id":"https:\/\/mmkriepas.lv\/en\/p\/225-45r17-kormoran-all-season-94v-xl-fr-michelin\/#primaryimage"},"thumbnailUrl":"https:\/\/mmkriepas.lv\/wp-content\/uploads\/2026\/01\/22550r17-kormoran-all-season-98v-xl-fr-michelin-ziemas-riepas.jpg","datePublished":"2026-03-11T15:19:00+00:00","dateModified":"2026-03-27T21:58:48+00:00","breadcrumb":{"@id":"https:\/\/mmkriepas.lv\/en\/p\/225-45r17-kormoran-all-season-94v-xl-fr-michelin\/#breadcrumb"},"inLanguage":"en-US","potentialAction":[{"@type":"ReadAction","target":["https:\/\/mmkriepas.lv\/en\/p\/225-45r17-kormoran-all-season-94v-xl-fr-michelin\/"]}]},{"@type":"ImageObject","inLanguage":"en-US","@id":"https:\/\/mmkriepas.lv\/en\/p\/225-45r17-kormoran-all-season-94v-xl-fr-michelin\/#primaryimage","url":"https:\/\/mmkriepas.lv\/wp-content\/uploads\/2026\/01\/22550r17-kormoran-all-season-98v-xl-fr-michelin-ziemas-riepas.jpg","contentUrl":"https:\/\/mmkriepas.lv\/wp-content\/uploads\/2026\/01\/22550r17-kormoran-all-season-98v-xl-fr-michelin-ziemas-riepas.jpg","width":900,"height":720,"caption":"MAIN"},{"@type":"BreadcrumbList","@id":"https:\/\/mmkriepas.lv\/en\/p\/225-45r17-kormoran-all-season-94v-xl-fr-michelin\/#breadcrumb","itemListElement":[{"@type":"ListItem","position":1,"name":"S\u0101kums","item":"https:\/\/mmkriepas.lv\/en\/"},{"@type":"ListItem","position":2,"name":"225\/45R17 Kormoran All Season 94V XL FR (Michelin)"}]},{"@type":"WebSite","@id":"https:\/\/mmkriepas.lv\/en\/#website","url":"https:\/\/mmkriepas.lv\/en\/","name":"MMK Riepas","description":"MMK Riepas","alternateName":"MMK Riepu Serviss","potentialAction":[{"@type":"SearchAction","target":{"@type":"EntryPoint","urlTemplate":"https:\/\/mmkriepas.lv\/en\/?s={search_term_string}"},"query-input":{"@type":"PropertyValueSpecification","valueRequired":true,"valueName":"search_term_string"}}],"inLanguage":"en-US"},{"@type":"ImageObject","inLanguage":"en-US","@id":"https:\/\/mmkriepas.lv\/en\/p\/225-45r17-kormoran-all-season-94v-xl-fr-michelin\/#local-main-organization-logo","url":"","contentUrl":"","caption":"MMK Riepas"}]},"product_brand":"Kormoran All Season","product_price_amount":"69.00","product_price_currency":"EUR","og_availability":"instock","product_availability":"instock","product_retailer_item_id":"TW2254517KORMO-57382","product_condition":"new"},"_links":{"self":[{"href":"https:\/\/mmkriepas.lv\/en\/wp-json\/wp\/v2\/product\/1456926","targetHints":{"allow":["GET"]}}],"collection":[{"href":"https:\/\/mmkriepas.lv\/en\/wp-json\/wp\/v2\/product"}],"about":[{"href":"https:\/\/mmkriepas.lv\/en\/wp-json\/wp\/v2\/types\/product"}],"wp:featuredmedia":[{"embeddable":true,"href":"https:\/\/mmkriepas.lv\/en\/wp-json\/wp\/v2\/media\/1439689"}],"wp:attachment":[{"href":"https:\/\/mmkriepas.lv\/en\/wp-json\/wp\/v2\/media?parent=1456926"}],"wp:term":[{"taxonomy":"product_brand","embeddable":true,"href":"https:\/\/mmkriepas.lv\/en\/wp-json\/wp\/v2\/product_brand?post=1456926"},{"taxonomy":"product_cat","embeddable":true,"href":"https:\/\/mmkriepas.lv\/en\/wp-json\/wp\/v2\/product_cat?post=1456926"},{"taxonomy":"product_tag","embeddable":true,"href":"https:\/\/mmkriepas.lv\/en\/wp-json\/wp\/v2\/product_tag?post=1456926"}],"curies":[{"name":"wp","href":"https:\/\/api.w.org\/{rel}","templated":true}]}}