{"id":1453538,"date":"2026-03-04T16:01:00","date_gmt":"2026-03-04T14:01:00","guid":{"rendered":"https:\/\/mmkriepas.lv\/?post_type=product&#038;p=1453538"},"modified":"2026-04-03T22:19:33","modified_gmt":"2026-04-03T19:19:33","slug":"255-45r18-kormoran-summer-3-103y-xl-fr-michelin","status":"publish","type":"product","link":"https:\/\/mmkriepas.lv\/en\/p\/255-45r18-kormoran-summer-3-103y-xl-fr-michelin\/","title":{"rendered":"255\/45R18 Kormoran Summer 3 103Y XL FR (Michelin)"},"content":{"rendered":"<p><b data-path-to-node=\"2\" data-index-in-node=\"0\">Kormoran Summer 3<\/b> ir bud\u017eeta klases vasaras riepas, kas izstr\u0101d\u0101tas Eirop\u0101 Michelin koncerna pasp\u0101rn\u0113. \u0160\u012bs riepas ir rad\u012btas, lai nodro\u0161in\u0101tu dro\u0161u un ekonomisku brauk\u0161anu, apvienojot p\u0101rbaud\u012btas tehnolo\u0123ijas ar pieejamu cenu. Asimetriskais protektora raksts sniedz p\u0101rliecino\u0161u stabilit\u0101ti un labu vad\u0101m\u012bbu gan pils\u0113tas satiksm\u0113, gan uz \u0161osejas.<\/p>\n<p data-path-to-node=\"5\"><b data-path-to-node=\"5\" data-index-in-node=\"0\">Kormoran Summer 3 \u012bpa\u0161\u012bbas:<\/b><\/p>\n<ul data-path-to-node=\"6\">\n<li>\n<p data-path-to-node=\"6,0,0\"><b data-path-to-node=\"6,0,0\" data-index-in-node=\"0\">Degvielas ekonomija<\/b> \u2013 optimiz\u0113ta rites pretest\u012bba pal\u012bdz samazin\u0101t degvielas pat\u0113ri\u0146u,<\/p>\n<\/li>\n<li>\n<p data-path-to-node=\"6,1,0\"><b data-path-to-node=\"6,1,0\" data-index-in-node=\"0\">Michelin kvalit\u0101tes kontrole<\/b> \u2013 riepas ra\u017eotas Eiropas r\u016bpn\u012bc\u0101s, iev\u0113rojot augstus standartus,<\/p>\n<\/li>\n<li>\n<p data-path-to-node=\"6,2,0\"><b data-path-to-node=\"6,2,0\" data-index-in-node=\"0\">Asimetrisks protektora dizains<\/b>, kas nodro\u0161ina l\u012bdzsvarotu veiktsp\u0113ju uz da\u017e\u0101diem segumiem,<\/p>\n<\/li>\n<li>\n<p data-path-to-node=\"6,3,0\"><b data-path-to-node=\"6,3,0\" data-index-in-node=\"0\">Efekt\u012bva \u016bdens novad\u012b\u0161ana<\/b>, pateicoties plat\u0101m garenvirziena riev\u0101m,<\/p>\n<\/li>\n<li>\n<p data-path-to-node=\"6,4,0\"><b data-path-to-node=\"6,4,0\" data-index-in-node=\"0\">Paaugstin\u0101ta nodilumiztur\u012bba<\/b>, kas nodro\u0161ina ilg\u0101ku riepas m\u016b\u017eu un liel\u0101ku nobraukumu,<\/p>\n<\/li>\n<li>\n<p data-path-to-node=\"6,5,0\"><b data-path-to-node=\"6,5,0\" data-index-in-node=\"0\">Akustiskais komforts<\/b> \u2013 protektora raksts izstr\u0101d\u0101ts t\u0101, lai mazin\u0101tu trok\u0161\u0146u l\u012bmeni salon\u0101,<\/p>\n<\/li>\n<li>\n<p data-path-to-node=\"6,6,0\"><b data-path-to-node=\"6,6,0\" data-index-in-node=\"0\">Stabilit\u0101te l\u012bkumos<\/b>, pateicoties mas\u012bvajiem plecu blokiem,<\/p>\n<\/li>\n<li>\n<p data-path-to-node=\"6,7,0\"><b data-path-to-node=\"6,7,0\" data-index-in-node=\"0\">Pieejama cena<\/b>, kas padara \u0161\u012bs riepas par vienu no lab\u0101kaj\u0101m izv\u0113l\u0113m sav\u0101 segment\u0101,<\/p>\n<\/li>\n<li>\n<p data-path-to-node=\"6,8,0\"><b data-path-to-node=\"6,8,0\" data-index-in-node=\"0\">XL mode\u013ci<\/b> (atsevi\u0161\u0137iem izm\u0113riem) ar paaugstin\u0101tu kravnes\u012bbu un iztur\u012bbu pret triecieniem.<\/p>\n<\/li>\n<\/ul>\n<p data-path-to-node=\"7\"><b data-path-to-node=\"7\" data-index-in-node=\"0\">Kormoran Summer 3 iez\u012bmes:<\/b><\/p>\n<p data-path-to-node=\"8\">Asimetriskais protektora raksts ir galvenais elements, kas nodro\u0161ina daudzpus\u012bgu vad\u0101m\u012bbu. Riepas iek\u0161mala ir atbild\u012bga par efekt\u012bvu \u016bdens novad\u012b\u0161anu lietus laik\u0101, savuk\u0101rt pastiprin\u0101t\u0101 \u0101rmala nodro\u0161ina prec\u012bzu reakciju uz st\u016bres pagriezieniem un stabilit\u0101ti straujos manevros. \u010cetras platas garenisk\u0101s rievas kop\u0101 ar \u0161\u0137\u0113rseniskajiem kan\u0101liem minimiz\u0113 akvaplan\u0113\u0161anas risku, saglab\u0101jot sa\u0137eri pat uz \u013coti slapja asfalta.<\/p>\n<p data-path-to-node=\"9\">Jaunais gumijas sast\u0101vs uz sil\u012bcija b\u0101zes ne tikai uzlabo sa\u0137eri, bet ar\u012b pal\u012bdz riepai kalpot ilg\u0101k, vienm\u0113r\u012bgi sadalot slodzi pa visu kontakta virsmu. Tas noz\u012bm\u0113, ka riepa nedilst nevienm\u0113r\u012bgi, saglab\u0101jot savas dro\u0161\u012bbas \u012bpa\u0161\u012bbas vair\u0101kas sezonas p\u0113c k\u0101rtas. \u0160\u012b ir lieliska izv\u0113le autovad\u012bt\u0101jiem, kuri nov\u0113rt\u0113 Eiropas kvalit\u0101ti un dro\u0161\u012bbu par sapr\u0101t\u012bgu cenu.<\/p>\n<p data-path-to-node=\"10\"><b data-path-to-node=\"10\" data-index-in-node=\"0\">MMK Serviss nov\u0113rt\u0113jums:<\/b> &#8220;Kormoran ir viena no lab\u0101kaj\u0101m izv\u0113l\u0113m bud\u017eeta segment\u0101! B\u016bdams Michelin meitasuz\u0146\u0113mums, Kormoran pied\u0101v\u0101 Eirop\u0101 ra\u017eotu produktu ar \u013coti stabilu kvalit\u0101ti. Ide\u0101ls balanss starp cenu, dro\u0161\u012bbu un kalpo\u0161anas ilgumu ikdienas lieto\u0161anai.&#8221;<\/p>\n","protected":false},"excerpt":{"rendered":"<p><b data-path-to-node=\"2\" data-index-in-node=\"0\">Kormoran Summer 3<\/b> ir bud\u017eeta klases vasaras riepas, kas izstr\u0101d\u0101tas Eirop\u0101 Michelin koncerna pasp\u0101rn\u0113. \u0160\u012bs riepas ir rad\u012btas, lai nodro\u0161in\u0101tu dro\u0161u un ekonomisku brauk\u0161anu, apvienojot p\u0101rbaud\u012btas tehnolo\u0123ijas ar pieejamu cenu. Asimetriskais protektora raksts sniedz p\u0101rliecino\u0161u stabilit\u0101ti un labu vad\u0101m\u012bbu gan pils\u0113tas satiksm\u0113, gan uz \u0161osejas.<\/p>\n","protected":false},"featured_media":1439625,"template":"","meta":{"_acf_changed":false,"ngg_post_thumbnail":0},"product_brand":[],"product_cat":[46],"product_tag":[],"class_list":{"0":"post-1453538","1":"product","2":"type-product","3":"status-publish","4":"has-post-thumbnail","6":"product_cat-vasaras-riepas","8":"first","9":"instock","10":"sale","11":"taxable","12":"shipping-taxable","13":"purchasable","14":"product-type-simple"},"acf":[],"yoast_head":"<!-- This site is optimized with the Yoast SEO Premium plugin v22.6 (Yoast SEO v27.3) - https:\/\/yoast.com\/product\/yoast-seo-premium-wordpress\/ -->\n<title>255\/45R18 Kormoran Summer 3 103Y XL FR (Michelin) &#8226; MMK Riepas<\/title>\n<meta name=\"robots\" content=\"index, follow, max-snippet:-1, max-image-preview:large, max-video-preview:-1\" \/>\n<link rel=\"canonical\" href=\"https:\/\/mmkriepas.lv\/en\/p\/255-45r18-kormoran-summer-3-103y-xl-fr-michelin\/\" \/>\n<meta property=\"og:locale\" content=\"en_US\" \/>\n<meta property=\"og:type\" content=\"article\" \/>\n<meta property=\"og:title\" content=\"255\/45R18 Kormoran Summer 3 103Y XL FR (Michelin)\" \/>\n<meta property=\"og:description\" content=\"Kormoran Summer 3 ir bud\u017eeta klases vasaras riepas, kas izstr\u0101d\u0101tas Eirop\u0101 Michelin koncerna pasp\u0101rn\u0113. \u0160\u012bs riepas ir rad\u012btas, lai nodro\u0161in\u0101tu dro\u0161u un ekonomisku brauk\u0161anu, apvienojot p\u0101rbaud\u012btas tehnolo\u0123ijas ar pieejamu cenu. Asimetriskais protektora raksts sniedz p\u0101rliecino\u0161u stabilit\u0101ti un labu vad\u0101m\u012bbu gan pils\u0113tas satiksm\u0113, gan uz \u0161osejas.\" \/>\n<meta property=\"og:url\" content=\"https:\/\/mmkriepas.lv\/en\/p\/255-45r18-kormoran-summer-3-103y-xl-fr-michelin\/\" \/>\n<meta property=\"og:site_name\" content=\"MMK Riepas\" \/>\n<meta property=\"article:publisher\" content=\"https:\/\/www.facebook.com\/mmkserviss\/\" \/>\n<meta property=\"article:modified_time\" content=\"2026-04-03T19:19:33+00:00\" \/>\n<meta property=\"og:image\" content=\"https:\/\/mmkriepas.lv\/wp-content\/uploads\/2026\/01\/20555r17-kormoran-summer-3-95v-xl-michelin-vasaras-riepas.jpg\" \/>\n\t<meta property=\"og:image:width\" content=\"900\" \/>\n\t<meta property=\"og:image:height\" content=\"720\" \/>\n\t<meta property=\"og:image:type\" content=\"image\/jpeg\" \/>\n<meta name=\"twitter:card\" content=\"summary_large_image\" \/>\n<meta name=\"twitter:label1\" content=\"Price\" \/>\n\t<meta name=\"twitter:data1\" content=\"&euro;89.00\" \/>\n\t<meta name=\"twitter:label2\" content=\"Availability\" \/>\n\t<meta name=\"twitter:data2\" content=\"In stock\" \/>\n<script type=\"application\/ld+json\" class=\"yoast-schema-graph\">{\"@context\":\"https:\\\/\\\/schema.org\",\"@graph\":[{\"@type\":\"WebPage\",\"@id\":\"https:\\\/\\\/mmkriepas.lv\\\/en\\\/p\\\/255-45r18-kormoran-summer-3-103y-xl-fr-michelin\\\/\",\"url\":\"https:\\\/\\\/mmkriepas.lv\\\/en\\\/p\\\/255-45r18-kormoran-summer-3-103y-xl-fr-michelin\\\/\",\"name\":\"255\\\/45R18 Kormoran Summer 3 103Y XL FR (Michelin) &#8226; MMK Riepas\",\"isPartOf\":{\"@id\":\"https:\\\/\\\/mmkriepas.lv\\\/en\\\/#website\"},\"primaryImageOfPage\":{\"@id\":\"https:\\\/\\\/mmkriepas.lv\\\/en\\\/p\\\/255-45r18-kormoran-summer-3-103y-xl-fr-michelin\\\/#primaryimage\"},\"image\":{\"@id\":\"https:\\\/\\\/mmkriepas.lv\\\/en\\\/p\\\/255-45r18-kormoran-summer-3-103y-xl-fr-michelin\\\/#primaryimage\"},\"thumbnailUrl\":\"https:\\\/\\\/mmkriepas.lv\\\/wp-content\\\/uploads\\\/2026\\\/01\\\/20555r17-kormoran-summer-3-95v-xl-michelin-vasaras-riepas.jpg\",\"datePublished\":\"2026-03-04T14:01:00+00:00\",\"dateModified\":\"2026-04-03T19:19:33+00:00\",\"breadcrumb\":{\"@id\":\"https:\\\/\\\/mmkriepas.lv\\\/en\\\/p\\\/255-45r18-kormoran-summer-3-103y-xl-fr-michelin\\\/#breadcrumb\"},\"inLanguage\":\"en-US\",\"potentialAction\":[{\"@type\":\"ReadAction\",\"target\":[\"https:\\\/\\\/mmkriepas.lv\\\/en\\\/p\\\/255-45r18-kormoran-summer-3-103y-xl-fr-michelin\\\/\"]}]},{\"@type\":\"ImageObject\",\"inLanguage\":\"en-US\",\"@id\":\"https:\\\/\\\/mmkriepas.lv\\\/en\\\/p\\\/255-45r18-kormoran-summer-3-103y-xl-fr-michelin\\\/#primaryimage\",\"url\":\"https:\\\/\\\/mmkriepas.lv\\\/wp-content\\\/uploads\\\/2026\\\/01\\\/20555r17-kormoran-summer-3-95v-xl-michelin-vasaras-riepas.jpg\",\"contentUrl\":\"https:\\\/\\\/mmkriepas.lv\\\/wp-content\\\/uploads\\\/2026\\\/01\\\/20555r17-kormoran-summer-3-95v-xl-michelin-vasaras-riepas.jpg\",\"width\":900,\"height\":720,\"caption\":\"MAIN\"},{\"@type\":\"BreadcrumbList\",\"@id\":\"https:\\\/\\\/mmkriepas.lv\\\/en\\\/p\\\/255-45r18-kormoran-summer-3-103y-xl-fr-michelin\\\/#breadcrumb\",\"itemListElement\":[{\"@type\":\"ListItem\",\"position\":1,\"name\":\"S\u0101kums\",\"item\":\"https:\\\/\\\/mmkriepas.lv\\\/en\\\/\"},{\"@type\":\"ListItem\",\"position\":2,\"name\":\"255\\\/45R18 Kormoran Summer 3 103Y XL FR (Michelin)\"}]},{\"@type\":\"WebSite\",\"@id\":\"https:\\\/\\\/mmkriepas.lv\\\/en\\\/#website\",\"url\":\"https:\\\/\\\/mmkriepas.lv\\\/en\\\/\",\"name\":\"MMK Riepas\",\"description\":\"MMK Riepas\",\"alternateName\":\"MMK Riepu Serviss\",\"potentialAction\":[{\"@type\":\"SearchAction\",\"target\":{\"@type\":\"EntryPoint\",\"urlTemplate\":\"https:\\\/\\\/mmkriepas.lv\\\/en\\\/?s={search_term_string}\"},\"query-input\":{\"@type\":\"PropertyValueSpecification\",\"valueRequired\":true,\"valueName\":\"search_term_string\"}}],\"inLanguage\":\"en-US\"},{\"@type\":\"ImageObject\",\"inLanguage\":\"en-US\",\"@id\":\"https:\\\/\\\/mmkriepas.lv\\\/en\\\/p\\\/255-45r18-kormoran-summer-3-103y-xl-fr-michelin\\\/#local-main-organization-logo\",\"url\":\"\",\"contentUrl\":\"\",\"caption\":\"MMK Riepas\"}]}<\/script>\n<meta property=\"product:brand\" content=\"Kormoran Summer 3\" \/>\n<meta property=\"product:price:amount\" content=\"89.00\" \/>\n<meta property=\"product:price:currency\" content=\"EUR\" \/>\n<meta property=\"og:availability\" content=\"instock\" \/>\n<meta property=\"product:availability\" content=\"instock\" \/>\n<meta property=\"product:retailer_item_id\" content=\"TS2554518KORMO-57230\" \/>\n<meta property=\"product:condition\" content=\"new\" \/>\n<!-- \/ Yoast SEO Premium plugin. -->","yoast_head_json":{"title":"255\/45R18 Kormoran Summer 3 103Y XL FR (Michelin) &#8226; MMK Riepas","robots":{"index":"index","follow":"follow","max-snippet":"max-snippet:-1","max-image-preview":"max-image-preview:large","max-video-preview":"max-video-preview:-1"},"canonical":"https:\/\/mmkriepas.lv\/en\/p\/255-45r18-kormoran-summer-3-103y-xl-fr-michelin\/","og_locale":"en_US","og_type":"article","og_title":"255\/45R18 Kormoran Summer 3 103Y XL FR (Michelin)","og_description":"Kormoran Summer 3 ir bud\u017eeta klases vasaras riepas, kas izstr\u0101d\u0101tas Eirop\u0101 Michelin koncerna pasp\u0101rn\u0113. \u0160\u012bs riepas ir rad\u012btas, lai nodro\u0161in\u0101tu dro\u0161u un ekonomisku brauk\u0161anu, apvienojot p\u0101rbaud\u012btas tehnolo\u0123ijas ar pieejamu cenu. Asimetriskais protektora raksts sniedz p\u0101rliecino\u0161u stabilit\u0101ti un labu vad\u0101m\u012bbu gan pils\u0113tas satiksm\u0113, gan uz \u0161osejas.","og_url":"https:\/\/mmkriepas.lv\/en\/p\/255-45r18-kormoran-summer-3-103y-xl-fr-michelin\/","og_site_name":"MMK Riepas","article_publisher":"https:\/\/www.facebook.com\/mmkserviss\/","article_modified_time":"2026-04-03T19:19:33+00:00","og_image":[{"width":900,"height":720,"url":"https:\/\/mmkriepas.lv\/wp-content\/uploads\/2026\/01\/20555r17-kormoran-summer-3-95v-xl-michelin-vasaras-riepas.jpg","type":"image\/jpeg"}],"twitter_card":"summary_large_image","twitter_misc":{"Price":"&euro;89.00","Availability":"In stock"},"schema":{"@context":"https:\/\/schema.org","@graph":[{"@type":"WebPage","@id":"https:\/\/mmkriepas.lv\/en\/p\/255-45r18-kormoran-summer-3-103y-xl-fr-michelin\/","url":"https:\/\/mmkriepas.lv\/en\/p\/255-45r18-kormoran-summer-3-103y-xl-fr-michelin\/","name":"255\/45R18 Kormoran Summer 3 103Y XL FR (Michelin) &#8226; MMK Riepas","isPartOf":{"@id":"https:\/\/mmkriepas.lv\/en\/#website"},"primaryImageOfPage":{"@id":"https:\/\/mmkriepas.lv\/en\/p\/255-45r18-kormoran-summer-3-103y-xl-fr-michelin\/#primaryimage"},"image":{"@id":"https:\/\/mmkriepas.lv\/en\/p\/255-45r18-kormoran-summer-3-103y-xl-fr-michelin\/#primaryimage"},"thumbnailUrl":"https:\/\/mmkriepas.lv\/wp-content\/uploads\/2026\/01\/20555r17-kormoran-summer-3-95v-xl-michelin-vasaras-riepas.jpg","datePublished":"2026-03-04T14:01:00+00:00","dateModified":"2026-04-03T19:19:33+00:00","breadcrumb":{"@id":"https:\/\/mmkriepas.lv\/en\/p\/255-45r18-kormoran-summer-3-103y-xl-fr-michelin\/#breadcrumb"},"inLanguage":"en-US","potentialAction":[{"@type":"ReadAction","target":["https:\/\/mmkriepas.lv\/en\/p\/255-45r18-kormoran-summer-3-103y-xl-fr-michelin\/"]}]},{"@type":"ImageObject","inLanguage":"en-US","@id":"https:\/\/mmkriepas.lv\/en\/p\/255-45r18-kormoran-summer-3-103y-xl-fr-michelin\/#primaryimage","url":"https:\/\/mmkriepas.lv\/wp-content\/uploads\/2026\/01\/20555r17-kormoran-summer-3-95v-xl-michelin-vasaras-riepas.jpg","contentUrl":"https:\/\/mmkriepas.lv\/wp-content\/uploads\/2026\/01\/20555r17-kormoran-summer-3-95v-xl-michelin-vasaras-riepas.jpg","width":900,"height":720,"caption":"MAIN"},{"@type":"BreadcrumbList","@id":"https:\/\/mmkriepas.lv\/en\/p\/255-45r18-kormoran-summer-3-103y-xl-fr-michelin\/#breadcrumb","itemListElement":[{"@type":"ListItem","position":1,"name":"S\u0101kums","item":"https:\/\/mmkriepas.lv\/en\/"},{"@type":"ListItem","position":2,"name":"255\/45R18 Kormoran Summer 3 103Y XL FR (Michelin)"}]},{"@type":"WebSite","@id":"https:\/\/mmkriepas.lv\/en\/#website","url":"https:\/\/mmkriepas.lv\/en\/","name":"MMK Riepas","description":"MMK Riepas","alternateName":"MMK Riepu Serviss","potentialAction":[{"@type":"SearchAction","target":{"@type":"EntryPoint","urlTemplate":"https:\/\/mmkriepas.lv\/en\/?s={search_term_string}"},"query-input":{"@type":"PropertyValueSpecification","valueRequired":true,"valueName":"search_term_string"}}],"inLanguage":"en-US"},{"@type":"ImageObject","inLanguage":"en-US","@id":"https:\/\/mmkriepas.lv\/en\/p\/255-45r18-kormoran-summer-3-103y-xl-fr-michelin\/#local-main-organization-logo","url":"","contentUrl":"","caption":"MMK Riepas"}]},"product_brand":"Kormoran Summer 3","product_price_amount":"89.00","product_price_currency":"EUR","og_availability":"instock","product_availability":"instock","product_retailer_item_id":"TS2554518KORMO-57230","product_condition":"new"},"_links":{"self":[{"href":"https:\/\/mmkriepas.lv\/en\/wp-json\/wp\/v2\/product\/1453538","targetHints":{"allow":["GET"]}}],"collection":[{"href":"https:\/\/mmkriepas.lv\/en\/wp-json\/wp\/v2\/product"}],"about":[{"href":"https:\/\/mmkriepas.lv\/en\/wp-json\/wp\/v2\/types\/product"}],"wp:featuredmedia":[{"embeddable":true,"href":"https:\/\/mmkriepas.lv\/en\/wp-json\/wp\/v2\/media\/1439625"}],"wp:attachment":[{"href":"https:\/\/mmkriepas.lv\/en\/wp-json\/wp\/v2\/media?parent=1453538"}],"wp:term":[{"taxonomy":"product_brand","embeddable":true,"href":"https:\/\/mmkriepas.lv\/en\/wp-json\/wp\/v2\/product_brand?post=1453538"},{"taxonomy":"product_cat","embeddable":true,"href":"https:\/\/mmkriepas.lv\/en\/wp-json\/wp\/v2\/product_cat?post=1453538"},{"taxonomy":"product_tag","embeddable":true,"href":"https:\/\/mmkriepas.lv\/en\/wp-json\/wp\/v2\/product_tag?post=1453538"}],"curies":[{"name":"wp","href":"https:\/\/api.w.org\/{rel}","templated":true}]}}