{"id":1450391,"date":"2026-02-25T18:22:08","date_gmt":"2026-02-25T16:22:08","guid":{"rendered":"https:\/\/mmkriepas.lv\/?post_type=product&#038;p=1450391"},"modified":"2026-04-02T15:07:16","modified_gmt":"2026-04-02T12:07:16","slug":"225-45r17-pirelli-powergy-2-94y-xl-2","status":"publish","type":"product","link":"https:\/\/mmkriepas.lv\/en\/p\/225-45r17-pirelli-powergy-2-94y-xl-2\/","title":{"rendered":"225\/45R17 Pirelli POWERGY 2 94Y XL"},"content":{"rendered":"<p><b>Pirelli POWERGY 2<\/b><span style=\"font-weight: 400;\"> ir augstas veiktsp\u0113jas vasaras riepa, kas rad\u012bta m\u016bsdienu sedaniem, krosoveriem un SUV automa\u0161\u012bn\u0101m. T\u0101 ir izstr\u0101d\u0101ta, koncentr\u0113joties uz maksim\u0101lu sa\u0137eri uz slapja asfalta un zemu rites pretest\u012bbu, nodro\u0161inot dro\u0161u, klusu un ekonomisku brauk\u0161anu, nezaud\u0113jot Pirelli rakstur\u012bgo vad\u0101m\u012bbas precizit\u0101ti.<\/span><\/p>\n<h3><b>Pirelli POWERGY 2 galven\u0101s iez\u012bmes:<\/b><\/h3>\n<ul>\n<li style=\"font-weight: 400;\" aria-level=\"1\"><b>Izcila &#8220;A&#8221; klases sa\u0137ere uz slapja ce\u013ca:<\/b><span style=\"font-weight: 400;\"> Pateicoties specifiskam gumijas sast\u0101vam un \u016bdens novad\u012b\u0161anas rievu izk\u0101rtojumam, riepa nodro\u0161ina minim\u0101lu bremz\u0113\u0161anas ce\u013cu pat sp\u0113c\u012bg\u0101 liet\u016b.<\/span><\/li>\n<li style=\"font-weight: 400;\" aria-level=\"1\"><b>Paaugstin\u0101ta energoefektivit\u0101te:<\/b><span style=\"font-weight: 400;\"> Jaun\u0101k\u0101s paaudzes polim\u0113ri gumijas mais\u012bjum\u0101 samazina rites pretest\u012bbu, kas pal\u012bdz samazin\u0101t degvielas pat\u0113ri\u0146u un CO2 izme\u0161us.<\/span><\/li>\n<li style=\"font-weight: 400;\" aria-level=\"1\"><b>Akustiskais komforts:<\/b><span style=\"font-weight: 400;\"> Protektora z\u012bm\u0113jums ir veidots t\u0101, lai minimiz\u0113tu trok\u0161\u0146u rezonansi, nodro\u0161inot klusu gaitu, kas ir \u012bpa\u0161i svar\u012bgi premium klases automa\u0161\u012bn\u0101m.<\/span><\/li>\n<li style=\"font-weight: 400;\" aria-level=\"1\"><b>Prec\u012bza vad\u0101m\u012bba:<\/b><span style=\"font-weight: 400;\"> Stingr\u0101 centr\u0101l\u0101 da\u013ca un optimiz\u0113tie plecu bloki garant\u0113 t\u016bl\u012bt\u0113ju reakciju uz st\u016bres pagriezieniem un stabilit\u0101ti manos.<\/span><\/li>\n<\/ul>\n<p><b>Pirelli<\/b><span style=\"font-weight: 400;\"> ir viens no pasaules vado\u0161ajiem premium z\u012bmoliem, un Powergy s\u0113rija ir vi\u0146u &#8220;gudr\u0101 izv\u0113le&#8221; \u2013 riepa, kas apvieno le\u0123end\u0101ro it\u0101\u013cu veiktsp\u0113ju un dro\u0161\u012bbu ar uzsvaru uz efektivit\u0101ti, ilgtsp\u0113ju un pievilc\u012bg\u0101ku cenu nek\u0101 flagmanim P Zero.<\/span><\/p>\n<h3><b>Detaliz\u0113ts apskats:<\/b><\/h3>\n<p><span style=\"font-weight: 400;\">Pirelli POWERGY 2 priorit\u0101te ir <\/span><b>sabalans\u0113t\u012bba<\/b><span style=\"font-weight: 400;\">. Neatkar\u012bgajos Eiropas riepu testos Powergy s\u0113rija regul\u0101ri tiek slav\u0113ta par t\u0101s sniegumu uz slapja seguma un zemo akvaplan\u0113\u0161anas risku. Powergy 2 model\u012b in\u017eenieri ir v\u0113l vair\u0101k uzlaboju\u0161i riepas ilgm\u016b\u017e\u012bbu, padarot to par ekonomiski izdev\u012bg\u0101ku invest\u012bciju ilgtermi\u0146\u0101.<\/span><\/p>\n<p><span style=\"font-weight: 400;\">Riepas protektor\u0101 izmantot\u0101s &#8220;spuru&#8221; formas lameles efekt\u012bvi \u0161\u0137e\u013c \u016bdens pl\u0113vi, savuk\u0101rt pla\u0161\u0101s garenvirziena rievas nodro\u0161ina \u0101tru \u016bdens evaku\u0101ciju. Tas sniedz vad\u012bt\u0101jam augstu p\u0101rliec\u012bbas saj\u016btu main\u012bgos laikapst\u0101k\u013cos. Turkl\u0101t, pateicoties viegl\u0101kai karkasa konstrukcijai, riepa maz\u0101k sakarst, kas uzlabo t\u0101s veiktsp\u0113ju garos \u0161osejas braucienos karst\u0101 vasaras laik\u0101.<\/span><\/p>\n<p><b>Pirelli POWERGY 2<\/b><span style=\"font-weight: 400;\"> ir gudra izv\u0113le racion\u0101lam premium klases auto \u012bpa\u0161niekam, kur\u0161 nov\u0113rt\u0113 it\u0101\u013cu in\u017eenierijas trad\u012bcijas, bet mekl\u0113 m\u016bsdien\u012bgu, videi draudz\u012bgu un efekt\u012bvu risin\u0101jumu savam transportl\u012bdzeklim.<\/span><\/p>\n","protected":false},"excerpt":{"rendered":"<p><b>Pirelli POWERGY 2<\/b><span style=\"font-weight: 400;\"> ir augstas veiktsp\u0113jas vasaras riepa, kas rad\u012bta m\u016bsdienu sedaniem, krosoveriem un SUV automa\u0161\u012bn\u0101m. T\u0101 ir izstr\u0101d\u0101ta, koncentr\u0113joties uz maksim\u0101lu sa\u0137eri uz slapja asfalta un zemu rites pretest\u012bbu, nodro\u0161inot dro\u0161u, klusu un ekonomisku brauk\u0161anu, nezaud\u0113jot Pirelli rakstur\u012bgo vad\u0101m\u012bbas precizit\u0101ti.<\/span><\/p>\n","protected":false},"featured_media":1456409,"template":"","meta":{"_acf_changed":false,"ngg_post_thumbnail":0},"product_brand":[],"product_cat":[46],"product_tag":[],"class_list":{"0":"post-1450391","1":"product","2":"type-product","3":"status-publish","4":"has-post-thumbnail","6":"product_cat-vasaras-riepas","8":"first","9":"instock","10":"sale","11":"taxable","12":"shipping-taxable","13":"purchasable","14":"product-type-simple"},"acf":[],"yoast_head":"<!-- This site is optimized with the Yoast SEO Premium plugin v22.6 (Yoast SEO v27.3) - https:\/\/yoast.com\/product\/yoast-seo-premium-wordpress\/ -->\n<title>225\/45R17 Pirelli POWERGY 2 94Y XL &#8226; MMK Riepas<\/title>\n<meta name=\"robots\" content=\"index, follow, max-snippet:-1, max-image-preview:large, max-video-preview:-1\" \/>\n<link rel=\"canonical\" href=\"https:\/\/mmkriepas.lv\/en\/p\/225-45r17-pirelli-powergy-2-94y-xl-2\/\" \/>\n<meta property=\"og:locale\" content=\"en_US\" \/>\n<meta property=\"og:type\" content=\"article\" \/>\n<meta property=\"og:title\" content=\"225\/45R17 Pirelli POWERGY 2 94Y XL\" \/>\n<meta property=\"og:description\" content=\"Pirelli POWERGY 2 ir augstas veiktsp\u0113jas vasaras riepa, kas rad\u012bta m\u016bsdienu sedaniem, krosoveriem un SUV automa\u0161\u012bn\u0101m. T\u0101 ir izstr\u0101d\u0101ta, koncentr\u0113joties uz maksim\u0101lu sa\u0137eri uz slapja asfalta un zemu rites pretest\u012bbu, nodro\u0161inot dro\u0161u, klusu un ekonomisku brauk\u0161anu, nezaud\u0113jot Pirelli rakstur\u012bgo vad\u0101m\u012bbas precizit\u0101ti.\" \/>\n<meta property=\"og:url\" content=\"https:\/\/mmkriepas.lv\/en\/p\/225-45r17-pirelli-powergy-2-94y-xl-2\/\" \/>\n<meta property=\"og:site_name\" content=\"MMK Riepas\" \/>\n<meta property=\"article:publisher\" content=\"https:\/\/www.facebook.com\/mmkserviss\/\" \/>\n<meta property=\"article:modified_time\" content=\"2026-04-02T12:07:16+00:00\" \/>\n<meta property=\"og:image\" content=\"https:\/\/mmkriepas.lv\/wp-content\/uploads\/2026\/03\/21550r17-pirelli-powergy-2-95y-xl-vasaras-riepas.jpg\" \/>\n\t<meta property=\"og:image:width\" content=\"900\" \/>\n\t<meta property=\"og:image:height\" content=\"720\" \/>\n\t<meta property=\"og:image:type\" content=\"image\/jpeg\" \/>\n<meta name=\"twitter:card\" content=\"summary_large_image\" \/>\n<meta name=\"twitter:label1\" content=\"Price\" \/>\n\t<meta name=\"twitter:data1\" content=\"&euro;93.00\" \/>\n\t<meta name=\"twitter:label2\" content=\"Availability\" \/>\n\t<meta name=\"twitter:data2\" content=\"In stock\" \/>\n<script type=\"application\/ld+json\" class=\"yoast-schema-graph\">{\"@context\":\"https:\\\/\\\/schema.org\",\"@graph\":[{\"@type\":\"WebPage\",\"@id\":\"https:\\\/\\\/mmkriepas.lv\\\/en\\\/p\\\/225-45r17-pirelli-powergy-2-94y-xl-2\\\/\",\"url\":\"https:\\\/\\\/mmkriepas.lv\\\/en\\\/p\\\/225-45r17-pirelli-powergy-2-94y-xl-2\\\/\",\"name\":\"225\\\/45R17 Pirelli POWERGY 2 94Y XL &#8226; MMK Riepas\",\"isPartOf\":{\"@id\":\"https:\\\/\\\/mmkriepas.lv\\\/en\\\/#website\"},\"primaryImageOfPage\":{\"@id\":\"https:\\\/\\\/mmkriepas.lv\\\/en\\\/p\\\/225-45r17-pirelli-powergy-2-94y-xl-2\\\/#primaryimage\"},\"image\":{\"@id\":\"https:\\\/\\\/mmkriepas.lv\\\/en\\\/p\\\/225-45r17-pirelli-powergy-2-94y-xl-2\\\/#primaryimage\"},\"thumbnailUrl\":\"https:\\\/\\\/mmkriepas.lv\\\/wp-content\\\/uploads\\\/2026\\\/03\\\/21550r17-pirelli-powergy-2-95y-xl-vasaras-riepas.jpg\",\"datePublished\":\"2026-02-25T16:22:08+00:00\",\"dateModified\":\"2026-04-02T12:07:16+00:00\",\"breadcrumb\":{\"@id\":\"https:\\\/\\\/mmkriepas.lv\\\/en\\\/p\\\/225-45r17-pirelli-powergy-2-94y-xl-2\\\/#breadcrumb\"},\"inLanguage\":\"en-US\",\"potentialAction\":[{\"@type\":\"ReadAction\",\"target\":[\"https:\\\/\\\/mmkriepas.lv\\\/en\\\/p\\\/225-45r17-pirelli-powergy-2-94y-xl-2\\\/\"]}]},{\"@type\":\"ImageObject\",\"inLanguage\":\"en-US\",\"@id\":\"https:\\\/\\\/mmkriepas.lv\\\/en\\\/p\\\/225-45r17-pirelli-powergy-2-94y-xl-2\\\/#primaryimage\",\"url\":\"https:\\\/\\\/mmkriepas.lv\\\/wp-content\\\/uploads\\\/2026\\\/03\\\/21550r17-pirelli-powergy-2-95y-xl-vasaras-riepas.jpg\",\"contentUrl\":\"https:\\\/\\\/mmkriepas.lv\\\/wp-content\\\/uploads\\\/2026\\\/03\\\/21550r17-pirelli-powergy-2-95y-xl-vasaras-riepas.jpg\",\"width\":900,\"height\":720,\"caption\":\"MAIN\"},{\"@type\":\"BreadcrumbList\",\"@id\":\"https:\\\/\\\/mmkriepas.lv\\\/en\\\/p\\\/225-45r17-pirelli-powergy-2-94y-xl-2\\\/#breadcrumb\",\"itemListElement\":[{\"@type\":\"ListItem\",\"position\":1,\"name\":\"S\u0101kums\",\"item\":\"https:\\\/\\\/mmkriepas.lv\\\/en\\\/\"},{\"@type\":\"ListItem\",\"position\":2,\"name\":\"225\\\/45R17 Pirelli POWERGY 2 94Y XL\"}]},{\"@type\":\"WebSite\",\"@id\":\"https:\\\/\\\/mmkriepas.lv\\\/en\\\/#website\",\"url\":\"https:\\\/\\\/mmkriepas.lv\\\/en\\\/\",\"name\":\"MMK Riepas\",\"description\":\"MMK Riepas\",\"alternateName\":\"MMK Riepu Serviss\",\"potentialAction\":[{\"@type\":\"SearchAction\",\"target\":{\"@type\":\"EntryPoint\",\"urlTemplate\":\"https:\\\/\\\/mmkriepas.lv\\\/en\\\/?s={search_term_string}\"},\"query-input\":{\"@type\":\"PropertyValueSpecification\",\"valueRequired\":true,\"valueName\":\"search_term_string\"}}],\"inLanguage\":\"en-US\"},{\"@type\":\"ImageObject\",\"inLanguage\":\"en-US\",\"@id\":\"https:\\\/\\\/mmkriepas.lv\\\/en\\\/p\\\/225-45r17-pirelli-powergy-2-94y-xl-2\\\/#local-main-organization-logo\",\"url\":\"\",\"contentUrl\":\"\",\"caption\":\"MMK Riepas\"}]}<\/script>\n<meta property=\"product:brand\" content=\"Pirelli POWERGY 2\" \/>\n<meta property=\"product:price:amount\" content=\"93.00\" \/>\n<meta property=\"product:price:currency\" content=\"EUR\" \/>\n<meta property=\"og:availability\" content=\"instock\" \/>\n<meta property=\"product:availability\" content=\"instock\" \/>\n<meta property=\"product:retailer_item_id\" content=\"TS2254517PIREL-56935\" \/>\n<meta property=\"product:condition\" content=\"new\" \/>\n<!-- \/ Yoast SEO Premium plugin. -->","yoast_head_json":{"title":"225\/45R17 Pirelli POWERGY 2 94Y XL &#8226; MMK Riepas","robots":{"index":"index","follow":"follow","max-snippet":"max-snippet:-1","max-image-preview":"max-image-preview:large","max-video-preview":"max-video-preview:-1"},"canonical":"https:\/\/mmkriepas.lv\/en\/p\/225-45r17-pirelli-powergy-2-94y-xl-2\/","og_locale":"en_US","og_type":"article","og_title":"225\/45R17 Pirelli POWERGY 2 94Y XL","og_description":"Pirelli POWERGY 2 ir augstas veiktsp\u0113jas vasaras riepa, kas rad\u012bta m\u016bsdienu sedaniem, krosoveriem un SUV automa\u0161\u012bn\u0101m. T\u0101 ir izstr\u0101d\u0101ta, koncentr\u0113joties uz maksim\u0101lu sa\u0137eri uz slapja asfalta un zemu rites pretest\u012bbu, nodro\u0161inot dro\u0161u, klusu un ekonomisku brauk\u0161anu, nezaud\u0113jot Pirelli rakstur\u012bgo vad\u0101m\u012bbas precizit\u0101ti.","og_url":"https:\/\/mmkriepas.lv\/en\/p\/225-45r17-pirelli-powergy-2-94y-xl-2\/","og_site_name":"MMK Riepas","article_publisher":"https:\/\/www.facebook.com\/mmkserviss\/","article_modified_time":"2026-04-02T12:07:16+00:00","og_image":[{"width":900,"height":720,"url":"https:\/\/mmkriepas.lv\/wp-content\/uploads\/2026\/03\/21550r17-pirelli-powergy-2-95y-xl-vasaras-riepas.jpg","type":"image\/jpeg"}],"twitter_card":"summary_large_image","twitter_misc":{"Price":"&euro;93.00","Availability":"In stock"},"schema":{"@context":"https:\/\/schema.org","@graph":[{"@type":"WebPage","@id":"https:\/\/mmkriepas.lv\/en\/p\/225-45r17-pirelli-powergy-2-94y-xl-2\/","url":"https:\/\/mmkriepas.lv\/en\/p\/225-45r17-pirelli-powergy-2-94y-xl-2\/","name":"225\/45R17 Pirelli POWERGY 2 94Y XL &#8226; MMK Riepas","isPartOf":{"@id":"https:\/\/mmkriepas.lv\/en\/#website"},"primaryImageOfPage":{"@id":"https:\/\/mmkriepas.lv\/en\/p\/225-45r17-pirelli-powergy-2-94y-xl-2\/#primaryimage"},"image":{"@id":"https:\/\/mmkriepas.lv\/en\/p\/225-45r17-pirelli-powergy-2-94y-xl-2\/#primaryimage"},"thumbnailUrl":"https:\/\/mmkriepas.lv\/wp-content\/uploads\/2026\/03\/21550r17-pirelli-powergy-2-95y-xl-vasaras-riepas.jpg","datePublished":"2026-02-25T16:22:08+00:00","dateModified":"2026-04-02T12:07:16+00:00","breadcrumb":{"@id":"https:\/\/mmkriepas.lv\/en\/p\/225-45r17-pirelli-powergy-2-94y-xl-2\/#breadcrumb"},"inLanguage":"en-US","potentialAction":[{"@type":"ReadAction","target":["https:\/\/mmkriepas.lv\/en\/p\/225-45r17-pirelli-powergy-2-94y-xl-2\/"]}]},{"@type":"ImageObject","inLanguage":"en-US","@id":"https:\/\/mmkriepas.lv\/en\/p\/225-45r17-pirelli-powergy-2-94y-xl-2\/#primaryimage","url":"https:\/\/mmkriepas.lv\/wp-content\/uploads\/2026\/03\/21550r17-pirelli-powergy-2-95y-xl-vasaras-riepas.jpg","contentUrl":"https:\/\/mmkriepas.lv\/wp-content\/uploads\/2026\/03\/21550r17-pirelli-powergy-2-95y-xl-vasaras-riepas.jpg","width":900,"height":720,"caption":"MAIN"},{"@type":"BreadcrumbList","@id":"https:\/\/mmkriepas.lv\/en\/p\/225-45r17-pirelli-powergy-2-94y-xl-2\/#breadcrumb","itemListElement":[{"@type":"ListItem","position":1,"name":"S\u0101kums","item":"https:\/\/mmkriepas.lv\/en\/"},{"@type":"ListItem","position":2,"name":"225\/45R17 Pirelli POWERGY 2 94Y XL"}]},{"@type":"WebSite","@id":"https:\/\/mmkriepas.lv\/en\/#website","url":"https:\/\/mmkriepas.lv\/en\/","name":"MMK Riepas","description":"MMK Riepas","alternateName":"MMK Riepu Serviss","potentialAction":[{"@type":"SearchAction","target":{"@type":"EntryPoint","urlTemplate":"https:\/\/mmkriepas.lv\/en\/?s={search_term_string}"},"query-input":{"@type":"PropertyValueSpecification","valueRequired":true,"valueName":"search_term_string"}}],"inLanguage":"en-US"},{"@type":"ImageObject","inLanguage":"en-US","@id":"https:\/\/mmkriepas.lv\/en\/p\/225-45r17-pirelli-powergy-2-94y-xl-2\/#local-main-organization-logo","url":"","contentUrl":"","caption":"MMK Riepas"}]},"product_brand":"Pirelli POWERGY 2","product_price_amount":"93.00","product_price_currency":"EUR","og_availability":"instock","product_availability":"instock","product_retailer_item_id":"TS2254517PIREL-56935","product_condition":"new"},"_links":{"self":[{"href":"https:\/\/mmkriepas.lv\/en\/wp-json\/wp\/v2\/product\/1450391","targetHints":{"allow":["GET"]}}],"collection":[{"href":"https:\/\/mmkriepas.lv\/en\/wp-json\/wp\/v2\/product"}],"about":[{"href":"https:\/\/mmkriepas.lv\/en\/wp-json\/wp\/v2\/types\/product"}],"wp:featuredmedia":[{"embeddable":true,"href":"https:\/\/mmkriepas.lv\/en\/wp-json\/wp\/v2\/media\/1456409"}],"wp:attachment":[{"href":"https:\/\/mmkriepas.lv\/en\/wp-json\/wp\/v2\/media?parent=1450391"}],"wp:term":[{"taxonomy":"product_brand","embeddable":true,"href":"https:\/\/mmkriepas.lv\/en\/wp-json\/wp\/v2\/product_brand?post=1450391"},{"taxonomy":"product_cat","embeddable":true,"href":"https:\/\/mmkriepas.lv\/en\/wp-json\/wp\/v2\/product_cat?post=1450391"},{"taxonomy":"product_tag","embeddable":true,"href":"https:\/\/mmkriepas.lv\/en\/wp-json\/wp\/v2\/product_tag?post=1450391"}],"curies":[{"name":"wp","href":"https:\/\/api.w.org\/{rel}","templated":true}]}}