{"id":144997,"date":"2020-08-20T15:13:46","date_gmt":"2020-08-20T12:13:46","guid":{"rendered":"https:\/\/mmkserviss.lv\/?post_type=product&#038;p=144997"},"modified":"2023-07-27T17:04:33","modified_gmt":"2023-07-27T14:04:33","slug":"185-65r15-triangle-presa-ps01-92t","status":"publish","type":"product","link":"https:\/\/mmkriepas.lv\/en\/p\/185-65r15-triangle-presa-ps01-92t\/","title":{"rendered":"185\/65R15 Triangle Presa PS01 92T"},"content":{"rendered":"<p><span>Vid\u0113j\u0101 bud\u017eeta klase. Triangle riepas &#8211; laba kvalit\u0101te par labu cenu.&nbsp;<\/span><\/p>\n<p>Riepas tiek ra\u017eotas \u0136\u012bn\u0101, izmantojot Good Year tehnolo\u0123iju, tas nodro\u0161ina nemain\u012bgi lielisku riepu kvalit\u0101ti. Cenas gan ir krietni, krietni zem\u0101kas nek\u0101 produktiem, kas ra\u017eoti zem superbrenda nosaukuma!&nbsp;<\/p>\n<p><strong>Triangle riepu<\/strong> somu dizains apvienojum\u0101 ar \u0136\u012bnas darba tirgus pieredzi riepu ra\u017eo\u0161an\u0101 ir lieliska kombin\u0101cija, lai pat\u0113r\u0113t\u0101jiem pasaul\u0113 pied\u0101v\u0101tu riepas, kas apvieno augsta standarta inovat\u012bvu dizainu ar modern\u0101m un efekt\u012bv\u0101m ra\u017eo\u0161anas metod\u0113m.<\/p>\n<p><strong>TRIANGLE<\/strong> ziemas riepu modelis <strong>PRESA PS01<\/strong>&nbsp; ir paredz\u0113ts skarb\u0101kajiem ziemas apst\u0101k\u013ciem Zieme\u013cvalst\u012bs. <span style=\"color: #ff0000;\"><strong>\u0160is modelis ir pieejams gan ar radz\u0113m, gan bez t\u0101m.<\/strong><\/span> Tam ir rakstur\u012bga izcila sa\u0137ere, stabila vad\u0101m\u012bba un \u0101trs bremz\u0113\u0161anas laiks uz sniega un ledus.&nbsp;<\/p>\n<p>Radi\u0101l\u0101 ziemas riepa <strong>Triangle PS01<\/strong> paredz\u0113ta vieglaj\u0101m automa\u0161\u012bn\u0101m. Modeli raksturo sabalanc\u0113ts un uzticams sniegums da\u017e\u0101dos ziemas apst\u0101k\u013cos! \u0160\u0101ds sniegums neb\u016btu iesp\u0113jams bez modern\u0101ko tehnolo\u0123iju un materi\u0101lu izmanto\u0161anas riepas karkasa uzb\u016bv\u0113. T\u0101 pat jaunais uzlabotais, ar sil\u012bcija dioks\u012bdu pies\u0101tin\u0101tais, protektora gumija sast\u0101vs, nodro\u0161ina lieliskus veiktsp\u0113jas r\u0101d\u012bt\u0101jus!<\/p>\n<h3>Triangle PS01 galven\u0101s iez\u012bmes<\/h3>\n<p>&#8211; Agres\u012bvs V formas protektors uzlabo garenisko sa\u0137eri ar sliden\u0101m virsm\u0101m!<\/p>\n<p>&#8211; P\u0101rliecino\u0161u sa\u0137eri uz apledoju\u0161\u0101m virsm\u0101m nodro\u0161ina daudzas lameles un 16 rindu radzes!<\/p>\n<p>&#8211; Gumijas sast\u0101va savienojums, kas nodro\u0161ina riepu elast\u012bbu pie \u013coti zem\u0101m temperat\u016br\u0101m, k\u0101 ar\u012b iztur\u012bbu pret nodilumu un boj\u0101jumiem!<\/p>\n<h3>Lieliska efektivit\u0101te pie straujiem pa\u0101trin\u0101jumiem un bremz\u0113\u0161anas<\/h3>\n<p>Triangle PS01 tiek ra\u017eots ar V veida protektora dizainu. \u0160im modelim tika pielietoti vair\u0101ki ori\u0123in\u0101li tehniskie risin\u0101jumi. Galvenais no tiem ir centr\u0101l\u0101s protektora da\u013cas bloku pak\u0101penisks izvietojums. Kust\u012bbas laik\u0101 tie veido lielu skaitu \u013coti garu savienojuma malu, kas krustojas viena ar otru. Bloki izvietoti diezgan as\u0101 le\u0146\u0137\u012b, kas, no vienas puses, uzlabo sa\u0137eri garenvirzien\u0101, no otras puses, nov\u0113r\u0161 s\u0101nsl\u012bdi, palielinot virziena stabilit\u0101ti.<\/p>\n<h3>P\u0101rliecino\u0161s sniegums uz apledoju\u0161iem ce\u013ciem<\/h3>\n<p>Katr\u0101 protektora blok\u0101 ir vismaz da\u017ei \u0161auri iegriezumi. \u0160ie elementi iev\u0113rojami uzlabo vilkmi uz sliden\u0101m virsm\u0101m, kop\u0101 veidojot vair\u0101kus t\u016bksto\u0161us asu malu. Taj\u0101 pa\u0161\u0101 laik\u0101, to vi\u013c\u0146veida forma, ierobe\u017eo bloku kust\u012bgumu, pateicoties \u0161im aspektam, riepas \u013coti labi rea\u0123\u0113 uz st\u016bres pagriezieniem, kas ir \u012bpa\u0161i svar\u012bgi strauji manevr\u0113jot lielos \u0101trumos!<\/p>\n<p>Triangle PS01 riepas ir iesp\u0113jams sarad\u017eot. t\u0101d\u0101 gad\u012bjum\u0101 papildus lamel\u0113m, sa\u0137eri uz slidena ce\u013ca, nodro\u0161ina radzes, jeb \u0161ipi. Tie ir izvietoti speci\u0101l\u0101 sec\u012bb\u0101 t\u0101, lai kust\u012bbas laik\u0101 radzes veidotu 16 gareniskas rindas. Tas viss rezult\u0113jas stabil\u0101 un uzticam\u0101 sa\u0137er\u0113 visda\u017e\u0101d\u0101kajos ziemas apst\u0101k\u013cos.<\/p>\n<h2>Optimiz\u0113ts gumijas mais\u012bjums<\/h2>\n<p>Liela da\u013ca no lieliskajiem riepas veiktsp\u0113jas r\u0101d\u012bt\u0101jiem, tiek pan\u0101kta ar \u012bpa\u0161i izstr\u0101d\u0101ta gumijas sast\u0101va pal\u012bdz\u012bbu. Paaugstin\u0101t\u0101 sil\u012bcija dioks\u012bda satura d\u0113\u013c, riepa nesaciet\u0113, jeb &#8220;nep\u0101rkokojas&#8221; pat \u013coti zem\u0101 temperat\u016br\u0101. Pateicoties \u0161im gumijas sast\u0101vam, riepa pilda savas sa\u0137eres \u012bpa\u0161ibas ar\u012b vair\u0101kus gadus p\u0113c to ieg\u0101des. V\u0113l viena \u0161\u012b savienojuma priek\u0161roc\u012bba ir paaugstin\u0101ta stiepes un vilces iztur\u012bba. Tas iev\u0113rojami samazina riepas nodilumu un meh\u0101nisku boj\u0101jumu risku.<\/p>\n<p><strong>Triangle PS01<\/strong>&nbsp;mode\u013ca lieto\u0161anas dro\u0161\u012bbu ziemas laika apst\u0101k\u013cos un t\u0101 atbilst\u012bbu valst\u012bm ar oblig\u0101tu sezon\u0101lo riepu mai\u0146u apstiprina mar\u0137\u0113jums sniegp\u0101rslas form\u0101 uz kalna fona ar trim virsotn\u0113m (3PMSF).<\/p>\n<p><span>Viens no liel\u0101kajiem riepu ra\u017eot\u0101jiem bud\u017eeta segment\u0101. Alternat\u012bva Sailun, Antares, Westlake, Goodride, utt. Kvalit\u0101tes b\u016btiski neatpaliek no vid\u0113j\u0101s klases.&nbsp;<\/span><\/p>\n","protected":false},"excerpt":{"rendered":"<p><span><strong>Triangle PS01<\/strong> &#8211; Somij\u0101 dizain\u0113ts rad\u017eojamais riepu modelis, kas paredz\u0113ts \u012bpa\u0161i skarbiem brauk\u0161anas apst\u0101k\u013ciem. Piem\u0113rots vieglajiem auto, \u0161is modelis izce\u013cas ar paaugstin\u0101tu nodilumiztur\u012bbu, dzel\u017eainu sa\u0137eri uz ledus, k\u0101 ar\u012b lielisku cenas un veiktsp\u0113jas attiec\u012bbu.<\/span><\/p>\n","protected":false},"featured_media":0,"template":"","meta":{"_acf_changed":false,"ngg_post_thumbnail":0},"product_brand":[],"product_cat":[47,45],"product_tag":[19634],"class_list":{"0":"post-144997","1":"product","2":"type-product","3":"status-publish","5":"product_cat-vissezonas-riepas","6":"product_cat-ziemas-riepas","7":"product_tag-mmk","9":"first","10":"instock","11":"sale","12":"taxable","13":"shipping-taxable","14":"product-type-simple"},"acf":[],"yoast_head":"<!-- This site is optimized with the Yoast SEO Premium plugin v22.6 (Yoast SEO v27.3) - https:\/\/yoast.com\/product\/yoast-seo-premium-wordpress\/ -->\n<title>185\/65R15 Triangle Presa PS01 92T &#8226; MMK Riepas<\/title>\n<meta name=\"description\" content=\"Ziemas riepa Triangle PS01 paredz\u0113ta vieglaj\u0101m automa\u0161\u012bn\u0101m. Modeli raksturo sabalanc\u0113ts un uzticams sniegums da\u017e\u0101dos ziemas apst\u0101k\u013cos! MMK Iesaka!\" \/>\n<meta name=\"robots\" content=\"index, follow, max-snippet:-1, max-image-preview:large, max-video-preview:-1\" \/>\n<link rel=\"canonical\" href=\"https:\/\/mmkriepas.lv\/en\/p\/185-65r15-triangle-presa-ps01-92t\/\" \/>\n<meta property=\"og:locale\" content=\"en_US\" \/>\n<meta property=\"og:type\" content=\"article\" \/>\n<meta property=\"og:title\" content=\"185\/65R15 Triangle Presa PS01 92T\" \/>\n<meta property=\"og:description\" content=\"Ziemas riepa Triangle PS01 paredz\u0113ta vieglaj\u0101m automa\u0161\u012bn\u0101m. Modeli raksturo sabalanc\u0113ts un uzticams sniegums da\u017e\u0101dos ziemas apst\u0101k\u013cos! MMK Iesaka!\" \/>\n<meta property=\"og:url\" content=\"https:\/\/mmkriepas.lv\/en\/p\/185-65r15-triangle-presa-ps01-92t\/\" \/>\n<meta property=\"og:site_name\" content=\"MMK Riepas\" \/>\n<meta property=\"article:publisher\" content=\"https:\/\/www.facebook.com\/mmkserviss\/\" \/>\n<meta property=\"article:modified_time\" content=\"2023-07-27T14:04:33+00:00\" \/>\n<meta name=\"twitter:card\" content=\"summary_large_image\" \/>\n<meta name=\"twitter:label1\" content=\"Price\" \/>\n\t<meta name=\"twitter:data1\" content=\"&euro;41.00\" \/>\n\t<meta name=\"twitter:label2\" content=\"Availability\" \/>\n\t<meta name=\"twitter:data2\" content=\"In stock\" \/>\n<script type=\"application\/ld+json\" class=\"yoast-schema-graph\">{\"@context\":\"https:\\\/\\\/schema.org\",\"@graph\":[{\"@type\":\"WebPage\",\"@id\":\"https:\\\/\\\/mmkriepas.lv\\\/en\\\/p\\\/185-65r15-triangle-presa-ps01-92t\\\/\",\"url\":\"https:\\\/\\\/mmkriepas.lv\\\/en\\\/p\\\/185-65r15-triangle-presa-ps01-92t\\\/\",\"name\":\"185\\\/65R15 Triangle Presa PS01 92T &#8226; MMK Riepas\",\"isPartOf\":{\"@id\":\"https:\\\/\\\/mmkriepas.lv\\\/en\\\/#website\"},\"datePublished\":\"2020-08-20T12:13:46+00:00\",\"dateModified\":\"2023-07-27T14:04:33+00:00\",\"description\":\"Ziemas riepa Triangle PS01 paredz\u0113ta vieglaj\u0101m automa\u0161\u012bn\u0101m. Modeli raksturo sabalanc\u0113ts un uzticams sniegums da\u017e\u0101dos ziemas apst\u0101k\u013cos! MMK Iesaka!\",\"breadcrumb\":{\"@id\":\"https:\\\/\\\/mmkriepas.lv\\\/en\\\/p\\\/185-65r15-triangle-presa-ps01-92t\\\/#breadcrumb\"},\"inLanguage\":\"en-US\",\"potentialAction\":[{\"@type\":\"ReadAction\",\"target\":[\"https:\\\/\\\/mmkriepas.lv\\\/en\\\/p\\\/185-65r15-triangle-presa-ps01-92t\\\/\"]}]},{\"@type\":\"BreadcrumbList\",\"@id\":\"https:\\\/\\\/mmkriepas.lv\\\/en\\\/p\\\/185-65r15-triangle-presa-ps01-92t\\\/#breadcrumb\",\"itemListElement\":[{\"@type\":\"ListItem\",\"position\":1,\"name\":\"S\u0101kums\",\"item\":\"https:\\\/\\\/mmkriepas.lv\\\/en\\\/\"},{\"@type\":\"ListItem\",\"position\":2,\"name\":\"185\\\/65R15 Triangle Presa PS01 92T\"}]},{\"@type\":\"WebSite\",\"@id\":\"https:\\\/\\\/mmkriepas.lv\\\/en\\\/#website\",\"url\":\"https:\\\/\\\/mmkriepas.lv\\\/en\\\/\",\"name\":\"MMK Riepas\",\"description\":\"MMK Riepas\",\"alternateName\":\"MMK Riepu Serviss\",\"potentialAction\":[{\"@type\":\"SearchAction\",\"target\":{\"@type\":\"EntryPoint\",\"urlTemplate\":\"https:\\\/\\\/mmkriepas.lv\\\/en\\\/?s={search_term_string}\"},\"query-input\":{\"@type\":\"PropertyValueSpecification\",\"valueRequired\":true,\"valueName\":\"search_term_string\"}}],\"inLanguage\":\"en-US\"},{\"@type\":\"ImageObject\",\"inLanguage\":\"en-US\",\"@id\":\"https:\\\/\\\/mmkriepas.lv\\\/en\\\/p\\\/185-65r15-triangle-presa-ps01-92t\\\/#local-main-organization-logo\",\"url\":\"\",\"contentUrl\":\"\",\"caption\":\"MMK Riepas\"}]}<\/script>\n<meta property=\"product:brand\" content=\"Triangle Presa PS01\" \/>\n<meta property=\"product:price:amount\" content=\"41.00\" \/>\n<meta property=\"product:price:currency\" content=\"EUR\" \/>\n<meta property=\"og:availability\" content=\"instock\" \/>\n<meta property=\"product:availability\" content=\"instock\" \/>\n<meta property=\"product:condition\" content=\"new\" \/>\n<!-- \/ Yoast SEO Premium plugin. -->","yoast_head_json":{"title":"185\/65R15 Triangle Presa PS01 92T &#8226; MMK Riepas","description":"Ziemas riepa Triangle PS01 paredz\u0113ta vieglaj\u0101m automa\u0161\u012bn\u0101m. Modeli raksturo sabalanc\u0113ts un uzticams sniegums da\u017e\u0101dos ziemas apst\u0101k\u013cos! MMK Iesaka!","robots":{"index":"index","follow":"follow","max-snippet":"max-snippet:-1","max-image-preview":"max-image-preview:large","max-video-preview":"max-video-preview:-1"},"canonical":"https:\/\/mmkriepas.lv\/en\/p\/185-65r15-triangle-presa-ps01-92t\/","og_locale":"en_US","og_type":"article","og_title":"185\/65R15 Triangle Presa PS01 92T","og_description":"Ziemas riepa Triangle PS01 paredz\u0113ta vieglaj\u0101m automa\u0161\u012bn\u0101m. Modeli raksturo sabalanc\u0113ts un uzticams sniegums da\u017e\u0101dos ziemas apst\u0101k\u013cos! MMK Iesaka!","og_url":"https:\/\/mmkriepas.lv\/en\/p\/185-65r15-triangle-presa-ps01-92t\/","og_site_name":"MMK Riepas","article_publisher":"https:\/\/www.facebook.com\/mmkserviss\/","article_modified_time":"2023-07-27T14:04:33+00:00","twitter_card":"summary_large_image","twitter_misc":{"Price":"&euro;41.00","Availability":"In stock"},"schema":{"@context":"https:\/\/schema.org","@graph":[{"@type":"WebPage","@id":"https:\/\/mmkriepas.lv\/en\/p\/185-65r15-triangle-presa-ps01-92t\/","url":"https:\/\/mmkriepas.lv\/en\/p\/185-65r15-triangle-presa-ps01-92t\/","name":"185\/65R15 Triangle Presa PS01 92T &#8226; MMK Riepas","isPartOf":{"@id":"https:\/\/mmkriepas.lv\/en\/#website"},"datePublished":"2020-08-20T12:13:46+00:00","dateModified":"2023-07-27T14:04:33+00:00","description":"Ziemas riepa Triangle PS01 paredz\u0113ta vieglaj\u0101m automa\u0161\u012bn\u0101m. Modeli raksturo sabalanc\u0113ts un uzticams sniegums da\u017e\u0101dos ziemas apst\u0101k\u013cos! MMK Iesaka!","breadcrumb":{"@id":"https:\/\/mmkriepas.lv\/en\/p\/185-65r15-triangle-presa-ps01-92t\/#breadcrumb"},"inLanguage":"en-US","potentialAction":[{"@type":"ReadAction","target":["https:\/\/mmkriepas.lv\/en\/p\/185-65r15-triangle-presa-ps01-92t\/"]}]},{"@type":"BreadcrumbList","@id":"https:\/\/mmkriepas.lv\/en\/p\/185-65r15-triangle-presa-ps01-92t\/#breadcrumb","itemListElement":[{"@type":"ListItem","position":1,"name":"S\u0101kums","item":"https:\/\/mmkriepas.lv\/en\/"},{"@type":"ListItem","position":2,"name":"185\/65R15 Triangle Presa PS01 92T"}]},{"@type":"WebSite","@id":"https:\/\/mmkriepas.lv\/en\/#website","url":"https:\/\/mmkriepas.lv\/en\/","name":"MMK Riepas","description":"MMK Riepas","alternateName":"MMK Riepu Serviss","potentialAction":[{"@type":"SearchAction","target":{"@type":"EntryPoint","urlTemplate":"https:\/\/mmkriepas.lv\/en\/?s={search_term_string}"},"query-input":{"@type":"PropertyValueSpecification","valueRequired":true,"valueName":"search_term_string"}}],"inLanguage":"en-US"},{"@type":"ImageObject","inLanguage":"en-US","@id":"https:\/\/mmkriepas.lv\/en\/p\/185-65r15-triangle-presa-ps01-92t\/#local-main-organization-logo","url":"","contentUrl":"","caption":"MMK Riepas"}]},"product_brand":"Triangle Presa PS01","product_price_amount":"41.00","product_price_currency":"EUR","og_availability":"instock","product_availability":"instock","product_condition":"new"},"_links":{"self":[{"href":"https:\/\/mmkriepas.lv\/en\/wp-json\/wp\/v2\/product\/144997","targetHints":{"allow":["GET"]}}],"collection":[{"href":"https:\/\/mmkriepas.lv\/en\/wp-json\/wp\/v2\/product"}],"about":[{"href":"https:\/\/mmkriepas.lv\/en\/wp-json\/wp\/v2\/types\/product"}],"wp:attachment":[{"href":"https:\/\/mmkriepas.lv\/en\/wp-json\/wp\/v2\/media?parent=144997"}],"wp:term":[{"taxonomy":"product_brand","embeddable":true,"href":"https:\/\/mmkriepas.lv\/en\/wp-json\/wp\/v2\/product_brand?post=144997"},{"taxonomy":"product_cat","embeddable":true,"href":"https:\/\/mmkriepas.lv\/en\/wp-json\/wp\/v2\/product_cat?post=144997"},{"taxonomy":"product_tag","embeddable":true,"href":"https:\/\/mmkriepas.lv\/en\/wp-json\/wp\/v2\/product_tag?post=144997"}],"curies":[{"name":"wp","href":"https:\/\/api.w.org\/{rel}","templated":true}]}}