{"id":144576,"date":"2020-08-19T11:31:56","date_gmt":"2020-08-19T08:31:56","guid":{"rendered":"https:\/\/mmkserviss.lv\/?post_type=product&#038;p=144576"},"modified":"2023-02-24T11:40:16","modified_gmt":"2023-02-24T09:40:16","slug":"255-40r18-gripmax-status-pro-winter-99v","status":"publish","type":"product","link":"https:\/\/mmkriepas.lv\/en\/p\/255-40r18-gripmax-status-pro-winter-99v\/","title":{"rendered":"255\/40R18 Gripmax Status Pro Winter 99V"},"content":{"rendered":"<p><b>Gripmax Status Pro Winter<\/b><span style=\"font-weight: 400;\"> ir ziemas riepa, kas paredz\u0113ta krosoveriem un apvidus auto jeb SUV. \u0160is modelis ir lielisks piem\u0113rs tam, ka par sal\u012bdzino\u0161i zemu cenu tiek pied\u0101v\u0101ts tik tie\u0161\u0101m kvalitat\u012bvs produkts ar augstiem veiktsp\u0113jas r\u0101d\u012bt\u0101jiem. \u0160is modelis izce\u013cas ar labiem veiktsp\u0113jas r\u0101d\u012bt\u0101jiem visos aspektos.<\/span><\/p>\n<h3><b>Gripmax Status Pro Winter galven\u0101s iez\u012bmes<\/b><\/h3>\n<p><span style=\"font-weight: 400;\">+Riepas centr\u0101l\u0101s da\u013cas bloki nodro\u0161ina stabilas sa\u0137eres \u012bpa\u0161\u012bbas snieg\u0101.\u00a0<\/span> <span style=\"font-weight: 400;\">+Riepas protektor\u0101 iestr\u0101d\u0101ti &#8220;pies\u016bcek\u0146i&#8221;, kas sausina kontakta virsmu, palielinot sa\u0137eri ar vissliden\u0101kaj\u0101m virsm\u0101m.<\/span> <span style=\"font-weight: 400;\">+Lielais lame\u013cu skaits uzlabo veiktsp\u0113jas \u012bpa\u0161\u012bbas uz ledus.<\/span> <span style=\"font-weight: 400;\">+Platie dren\u0101\u017eas kan\u0101li nodro\u0161ina labu \u016bdens un sniega novadi, taj\u0101 pa\u0161\u0101 laik\u0101 uzlabojot ar\u012b sa\u0137eri snieg\u0101.\u00a0<\/span><\/p>\n<h3><b>Riepas centr\u0101lie protektora bloki<\/b><\/h3>\n<p><span style=\"font-weight: 400;\">\u0160\u012b mode\u013ca c<\/span><span style=\"font-weight: 400;\">entr\u0101l\u0101 protektora virkne jeb riba ir izveidota popul\u0101raj\u0101 modu\u013ca dizain\u0101. \u0160i protektora riba sast\u0101v no bultveida blokiem. Bultveida forma, tandem\u0101 ar mas\u012bvo izm\u0113ru, palielina kontakta virsmu, riepu padarot stabil\u0101ku un kalpotsp\u0113j\u012bg\u0101ku.<\/span><\/p>\n<h3><b>Gripmax Status Pro Winter pies\u016bcek\u0146u sist\u0113ma<\/b><\/h3>\n<p><span style=\"font-weight: 400;\">Pa visu protektora virsmu izvietots liels daudzums pies\u016bcek\u0146u, kas str\u0101d\u0101 kop\u0101 ar lamel\u0113m un dren\u0101\u017eas kan\u0101liem, sausinot kontakta virsmu. Sausa kontakta virsma daudz lab\u0101k veido sa\u0137eri ar visa veida kontakta virsm\u0101m. J\u0101\u0146em v\u0113r\u0101, ka liel\u0101ko b\u012bstam\u012bbu, braucot pa apledoju\u0161u ce\u013cu, veido pl\u0101na \u016bdens k\u0101rti\u0146a virs t\u0101!<\/span> <b>Gripmax Status Pro Winter <\/b><span style=\"font-weight: 400;\">mode\u013ca lieto\u0161anas dro\u0161\u012bbu ziemas laika apst\u0101k\u013cos un t\u0101 atbilst\u012bbu valst\u012bm ar oblig\u0101tu sezon\u0101lo riepu mai\u0146u apstiprina mar\u0137\u0113jums sniegp\u0101rslas form\u0101 uz kalna fona ar trim virsotn\u0113m (3PMSF).<\/span> <span style=\"font-weight: 400;\"><\/span><span style=\"font-weight: 400;\"><\/span><\/p>\n","protected":false},"excerpt":{"rendered":"<p><b><span style=\"font-family: 'Arial',sans-serif;\">Gripmax Status Pro Winter<\/span><\/b><span style=\"font-family: 'Arial',sans-serif;\"> ir ziemas riepa, kas paredz\u0113ta krosoveriem un apvidus auto jeb SUV. \u0160is modelis ir lielisks piem\u0113rs tam, ka par sal\u012bdzino\u0161i zemu cenu tiek pied\u0101v\u0101ts tik tie\u0161\u0101m kvalitat\u012bvs produkts ar augstiem veiktsp\u0113jas r\u0101d\u012bt\u0101jiem. \u0160is modelis izce\u013cas ar labiem veiktsp\u0113jas r\u0101d\u012bt\u0101jiem visos aspektos.<o:p><\/o:p><\/span><\/p>\n","protected":false},"featured_media":310802,"template":"","meta":{"_acf_changed":false,"ngg_post_thumbnail":0},"product_brand":[],"product_cat":[47,45],"product_tag":[],"class_list":{"0":"post-144576","1":"product","2":"type-product","3":"status-publish","4":"has-post-thumbnail","6":"product_cat-vissezonas-riepas","7":"product_cat-ziemas-riepas","9":"first","10":"instock","11":"sale","12":"taxable","13":"shipping-taxable","14":"product-type-simple"},"acf":[],"yoast_head":"<!-- This site is optimized with the Yoast SEO Premium plugin v22.6 (Yoast SEO v27.3) - https:\/\/yoast.com\/product\/yoast-seo-premium-wordpress\/ -->\n<title>255\/40R18 Gripmax Status Pro Winter 99V &#8226; MMK Riepas<\/title>\n<meta name=\"description\" content=\"Gripmax Status Pro Winter ar lielisku cenas\/veiktsp\u0113jas attiec\u012bbu! Abos MMK riepu centros, visos izm\u0113ros, par lab\u0101ko cenu!\" \/>\n<meta name=\"robots\" content=\"index, follow, max-snippet:-1, max-image-preview:large, max-video-preview:-1\" \/>\n<link rel=\"canonical\" href=\"https:\/\/mmkriepas.lv\/en\/p\/255-40r18-gripmax-status-pro-winter-99v\/\" \/>\n<meta property=\"og:locale\" content=\"en_US\" \/>\n<meta property=\"og:type\" content=\"article\" \/>\n<meta property=\"og:title\" content=\"255\/40R18 Gripmax Status Pro Winter 99V\" \/>\n<meta property=\"og:description\" content=\"Gripmax Status Pro Winter ar lielisku cenas\/veiktsp\u0113jas attiec\u012bbu! Abos MMK riepu centros, visos izm\u0113ros, par lab\u0101ko cenu!\" \/>\n<meta property=\"og:url\" content=\"https:\/\/mmkriepas.lv\/en\/p\/255-40r18-gripmax-status-pro-winter-99v\/\" \/>\n<meta property=\"og:site_name\" content=\"MMK Riepas\" \/>\n<meta property=\"article:publisher\" content=\"https:\/\/www.facebook.com\/mmkserviss\/\" \/>\n<meta property=\"article:modified_time\" content=\"2023-02-24T09:40:16+00:00\" \/>\n<meta property=\"og:image\" content=\"https:\/\/mmkriepas.lv\/wp-content\/uploads\/2022\/08\/24535r19-gripmax-suregrip-pro-winter-93v-ziemas-riepas.jpg\" \/>\n\t<meta property=\"og:image:width\" content=\"1920\" \/>\n\t<meta property=\"og:image:height\" content=\"1277\" \/>\n\t<meta property=\"og:image:type\" content=\"image\/jpeg\" \/>\n<meta name=\"twitter:card\" content=\"summary_large_image\" \/>\n<meta name=\"twitter:label1\" content=\"Price\" \/>\n\t<meta name=\"twitter:data1\" content=\"&euro;80.00\" \/>\n\t<meta name=\"twitter:label2\" content=\"Availability\" \/>\n\t<meta name=\"twitter:data2\" content=\"In stock\" \/>\n<script type=\"application\/ld+json\" class=\"yoast-schema-graph\">{\"@context\":\"https:\\\/\\\/schema.org\",\"@graph\":[{\"@type\":\"WebPage\",\"@id\":\"https:\\\/\\\/mmkriepas.lv\\\/en\\\/p\\\/255-40r18-gripmax-status-pro-winter-99v\\\/\",\"url\":\"https:\\\/\\\/mmkriepas.lv\\\/en\\\/p\\\/255-40r18-gripmax-status-pro-winter-99v\\\/\",\"name\":\"255\\\/40R18 Gripmax Status Pro Winter 99V &#8226; MMK Riepas\",\"isPartOf\":{\"@id\":\"https:\\\/\\\/mmkriepas.lv\\\/en\\\/#website\"},\"primaryImageOfPage\":{\"@id\":\"https:\\\/\\\/mmkriepas.lv\\\/en\\\/p\\\/255-40r18-gripmax-status-pro-winter-99v\\\/#primaryimage\"},\"image\":{\"@id\":\"https:\\\/\\\/mmkriepas.lv\\\/en\\\/p\\\/255-40r18-gripmax-status-pro-winter-99v\\\/#primaryimage\"},\"thumbnailUrl\":\"https:\\\/\\\/mmkriepas.lv\\\/wp-content\\\/uploads\\\/2022\\\/08\\\/24535r19-gripmax-suregrip-pro-winter-93v-ziemas-riepas.jpg\",\"datePublished\":\"2020-08-19T08:31:56+00:00\",\"dateModified\":\"2023-02-24T09:40:16+00:00\",\"description\":\"Gripmax Status Pro Winter ar lielisku cenas\\\/veiktsp\u0113jas attiec\u012bbu! Abos MMK riepu centros, visos izm\u0113ros, par lab\u0101ko cenu!\",\"breadcrumb\":{\"@id\":\"https:\\\/\\\/mmkriepas.lv\\\/en\\\/p\\\/255-40r18-gripmax-status-pro-winter-99v\\\/#breadcrumb\"},\"inLanguage\":\"en-US\",\"potentialAction\":[{\"@type\":\"ReadAction\",\"target\":[\"https:\\\/\\\/mmkriepas.lv\\\/en\\\/p\\\/255-40r18-gripmax-status-pro-winter-99v\\\/\"]}]},{\"@type\":\"ImageObject\",\"inLanguage\":\"en-US\",\"@id\":\"https:\\\/\\\/mmkriepas.lv\\\/en\\\/p\\\/255-40r18-gripmax-status-pro-winter-99v\\\/#primaryimage\",\"url\":\"https:\\\/\\\/mmkriepas.lv\\\/wp-content\\\/uploads\\\/2022\\\/08\\\/24535r19-gripmax-suregrip-pro-winter-93v-ziemas-riepas.jpg\",\"contentUrl\":\"https:\\\/\\\/mmkriepas.lv\\\/wp-content\\\/uploads\\\/2022\\\/08\\\/24535r19-gripmax-suregrip-pro-winter-93v-ziemas-riepas.jpg\",\"width\":1920,\"height\":1277,\"caption\":\"245\\\/35R19 Gripmax SureGrip Pro Winter 93V - Vissezonas riepas \\\/ Ziemas riepas\"},{\"@type\":\"BreadcrumbList\",\"@id\":\"https:\\\/\\\/mmkriepas.lv\\\/en\\\/p\\\/255-40r18-gripmax-status-pro-winter-99v\\\/#breadcrumb\",\"itemListElement\":[{\"@type\":\"ListItem\",\"position\":1,\"name\":\"S\u0101kums\",\"item\":\"https:\\\/\\\/mmkriepas.lv\\\/en\\\/\"},{\"@type\":\"ListItem\",\"position\":2,\"name\":\"255\\\/40R18 Gripmax Status Pro Winter 99V\"}]},{\"@type\":\"WebSite\",\"@id\":\"https:\\\/\\\/mmkriepas.lv\\\/en\\\/#website\",\"url\":\"https:\\\/\\\/mmkriepas.lv\\\/en\\\/\",\"name\":\"MMK Riepas\",\"description\":\"MMK Riepas\",\"alternateName\":\"MMK Riepu Serviss\",\"potentialAction\":[{\"@type\":\"SearchAction\",\"target\":{\"@type\":\"EntryPoint\",\"urlTemplate\":\"https:\\\/\\\/mmkriepas.lv\\\/en\\\/?s={search_term_string}\"},\"query-input\":{\"@type\":\"PropertyValueSpecification\",\"valueRequired\":true,\"valueName\":\"search_term_string\"}}],\"inLanguage\":\"en-US\"},{\"@type\":\"ImageObject\",\"inLanguage\":\"en-US\",\"@id\":\"https:\\\/\\\/mmkriepas.lv\\\/en\\\/p\\\/255-40r18-gripmax-status-pro-winter-99v\\\/#local-main-organization-logo\",\"url\":\"\",\"contentUrl\":\"\",\"caption\":\"MMK Riepas\"}]}<\/script>\n<meta property=\"product:brand\" content=\"Gripmax Status Pro Winter\" \/>\n<meta property=\"product:price:amount\" content=\"80.00\" \/>\n<meta property=\"product:price:currency\" content=\"EUR\" \/>\n<meta property=\"og:availability\" content=\"instock\" \/>\n<meta property=\"product:availability\" content=\"instock\" \/>\n<meta property=\"product:condition\" content=\"new\" \/>\n<!-- \/ Yoast SEO Premium plugin. -->","yoast_head_json":{"title":"255\/40R18 Gripmax Status Pro Winter 99V &#8226; MMK Riepas","description":"Gripmax Status Pro Winter ar lielisku cenas\/veiktsp\u0113jas attiec\u012bbu! Abos MMK riepu centros, visos izm\u0113ros, par lab\u0101ko cenu!","robots":{"index":"index","follow":"follow","max-snippet":"max-snippet:-1","max-image-preview":"max-image-preview:large","max-video-preview":"max-video-preview:-1"},"canonical":"https:\/\/mmkriepas.lv\/en\/p\/255-40r18-gripmax-status-pro-winter-99v\/","og_locale":"en_US","og_type":"article","og_title":"255\/40R18 Gripmax Status Pro Winter 99V","og_description":"Gripmax Status Pro Winter ar lielisku cenas\/veiktsp\u0113jas attiec\u012bbu! Abos MMK riepu centros, visos izm\u0113ros, par lab\u0101ko cenu!","og_url":"https:\/\/mmkriepas.lv\/en\/p\/255-40r18-gripmax-status-pro-winter-99v\/","og_site_name":"MMK Riepas","article_publisher":"https:\/\/www.facebook.com\/mmkserviss\/","article_modified_time":"2023-02-24T09:40:16+00:00","og_image":[{"width":1920,"height":1277,"url":"https:\/\/mmkriepas.lv\/wp-content\/uploads\/2022\/08\/24535r19-gripmax-suregrip-pro-winter-93v-ziemas-riepas.jpg","type":"image\/jpeg"}],"twitter_card":"summary_large_image","twitter_misc":{"Price":"&euro;80.00","Availability":"In stock"},"schema":{"@context":"https:\/\/schema.org","@graph":[{"@type":"WebPage","@id":"https:\/\/mmkriepas.lv\/en\/p\/255-40r18-gripmax-status-pro-winter-99v\/","url":"https:\/\/mmkriepas.lv\/en\/p\/255-40r18-gripmax-status-pro-winter-99v\/","name":"255\/40R18 Gripmax Status Pro Winter 99V &#8226; MMK Riepas","isPartOf":{"@id":"https:\/\/mmkriepas.lv\/en\/#website"},"primaryImageOfPage":{"@id":"https:\/\/mmkriepas.lv\/en\/p\/255-40r18-gripmax-status-pro-winter-99v\/#primaryimage"},"image":{"@id":"https:\/\/mmkriepas.lv\/en\/p\/255-40r18-gripmax-status-pro-winter-99v\/#primaryimage"},"thumbnailUrl":"https:\/\/mmkriepas.lv\/wp-content\/uploads\/2022\/08\/24535r19-gripmax-suregrip-pro-winter-93v-ziemas-riepas.jpg","datePublished":"2020-08-19T08:31:56+00:00","dateModified":"2023-02-24T09:40:16+00:00","description":"Gripmax Status Pro Winter ar lielisku cenas\/veiktsp\u0113jas attiec\u012bbu! Abos MMK riepu centros, visos izm\u0113ros, par lab\u0101ko cenu!","breadcrumb":{"@id":"https:\/\/mmkriepas.lv\/en\/p\/255-40r18-gripmax-status-pro-winter-99v\/#breadcrumb"},"inLanguage":"en-US","potentialAction":[{"@type":"ReadAction","target":["https:\/\/mmkriepas.lv\/en\/p\/255-40r18-gripmax-status-pro-winter-99v\/"]}]},{"@type":"ImageObject","inLanguage":"en-US","@id":"https:\/\/mmkriepas.lv\/en\/p\/255-40r18-gripmax-status-pro-winter-99v\/#primaryimage","url":"https:\/\/mmkriepas.lv\/wp-content\/uploads\/2022\/08\/24535r19-gripmax-suregrip-pro-winter-93v-ziemas-riepas.jpg","contentUrl":"https:\/\/mmkriepas.lv\/wp-content\/uploads\/2022\/08\/24535r19-gripmax-suregrip-pro-winter-93v-ziemas-riepas.jpg","width":1920,"height":1277,"caption":"245\/35R19 Gripmax SureGrip Pro Winter 93V - Vissezonas riepas \/ Ziemas riepas"},{"@type":"BreadcrumbList","@id":"https:\/\/mmkriepas.lv\/en\/p\/255-40r18-gripmax-status-pro-winter-99v\/#breadcrumb","itemListElement":[{"@type":"ListItem","position":1,"name":"S\u0101kums","item":"https:\/\/mmkriepas.lv\/en\/"},{"@type":"ListItem","position":2,"name":"255\/40R18 Gripmax Status Pro Winter 99V"}]},{"@type":"WebSite","@id":"https:\/\/mmkriepas.lv\/en\/#website","url":"https:\/\/mmkriepas.lv\/en\/","name":"MMK Riepas","description":"MMK Riepas","alternateName":"MMK Riepu Serviss","potentialAction":[{"@type":"SearchAction","target":{"@type":"EntryPoint","urlTemplate":"https:\/\/mmkriepas.lv\/en\/?s={search_term_string}"},"query-input":{"@type":"PropertyValueSpecification","valueRequired":true,"valueName":"search_term_string"}}],"inLanguage":"en-US"},{"@type":"ImageObject","inLanguage":"en-US","@id":"https:\/\/mmkriepas.lv\/en\/p\/255-40r18-gripmax-status-pro-winter-99v\/#local-main-organization-logo","url":"","contentUrl":"","caption":"MMK Riepas"}]},"product_brand":"Gripmax Status Pro Winter","product_price_amount":"80.00","product_price_currency":"EUR","og_availability":"instock","product_availability":"instock","product_condition":"new"},"_links":{"self":[{"href":"https:\/\/mmkriepas.lv\/en\/wp-json\/wp\/v2\/product\/144576","targetHints":{"allow":["GET"]}}],"collection":[{"href":"https:\/\/mmkriepas.lv\/en\/wp-json\/wp\/v2\/product"}],"about":[{"href":"https:\/\/mmkriepas.lv\/en\/wp-json\/wp\/v2\/types\/product"}],"wp:featuredmedia":[{"embeddable":true,"href":"https:\/\/mmkriepas.lv\/en\/wp-json\/wp\/v2\/media\/310802"}],"wp:attachment":[{"href":"https:\/\/mmkriepas.lv\/en\/wp-json\/wp\/v2\/media?parent=144576"}],"wp:term":[{"taxonomy":"product_brand","embeddable":true,"href":"https:\/\/mmkriepas.lv\/en\/wp-json\/wp\/v2\/product_brand?post=144576"},{"taxonomy":"product_cat","embeddable":true,"href":"https:\/\/mmkriepas.lv\/en\/wp-json\/wp\/v2\/product_cat?post=144576"},{"taxonomy":"product_tag","embeddable":true,"href":"https:\/\/mmkriepas.lv\/en\/wp-json\/wp\/v2\/product_tag?post=144576"}],"curies":[{"name":"wp","href":"https:\/\/api.w.org\/{rel}","templated":true}]}}