{"id":1443303,"date":"2026-02-07T15:00:43","date_gmt":"2026-02-07T13:00:43","guid":{"rendered":"https:\/\/mmkriepas.lv\/?post_type=product&#038;p=1443303"},"modified":"2026-04-02T22:12:43","modified_gmt":"2026-04-02T19:12:43","slug":"195-65r16c-diamondback-dw701-104-102t-dot23-triangle","status":"publish","type":"product","link":"https:\/\/mmkriepas.lv\/en\/p\/195-65r16c-diamondback-dw701-104-102t-dot23-triangle\/","title":{"rendered":"195\/65R16C Diamondback DW701 104\/102T DOT23 (Triangle)"},"content":{"rendered":"<p class=\"western\"><span style=\"color: #000000;\"><span style=\"font-family: Arial, serif;\"><b>Diamondback DW701<\/b><\/span><\/span><span style=\"color: #000000;\"><span style=\"font-family: Arial, serif;\"> ziemas riepu modelis ir paredz\u0113ts vieglajiem kravas automobi\u013ciem un komerctransportam.\u00a0 Tam ir uzlabota sa\u0137ere taisnvirziena kust\u012bb\u0101, palielin\u0101ta kravnes\u012bba un ilg\u0101ks kalpo\u0161anas laiks.<\/span><\/span><\/p>\n<p class=\"western\"><span style=\"color: #000000;\"><span style=\"font-family: Arial, serif;\"><span style=\"font-size: medium;\"><b>Diamondback DW701 galven\u0101s \u012bpa\u0161\u012bbas<\/b><\/span><\/span><\/span><\/p>\n<p class=\"western\"><span style=\"color: #000000;\"><span style=\"font-family: Arial, serif;\">&#8211; palielin\u0101ts lame\u013cu skaits, kas rezult\u0113jas bl\u012bv\u0101k\u0101 izvietojum\u0101 un uzlabo sa\u0137eri ar ledu, k\u0101 ar\u012b samazina akvaplan\u0113\u0161anas riksu;<\/span><\/span><\/p>\n<p class=\"western\"><span style=\"color: #000000;\"><span style=\"font-family: Arial, serif;\">&#8211; V veida dren\u0101\u017eas kan\u0101li nodro\u0161ina p\u0101rliecino\u0161u sniegumu uz apsnigu\u0161\u0101m ce\u013ca virsm\u0101m;<\/span><\/span><\/p>\n<p class=\"western\"><span style=\"color: #000000;\"><span style=\"font-family: Arial, serif;\">&#8211; riepas protektora da\u013ca ir plat\u0101ka k\u0101 iepriek\u0161\u0113jam modelim un lielie plecu bloki samazina nodilumu, uzlabo stabilit\u0101ti manevr\u0113jot, un palielina riepas kravnes\u012bbu;<\/span><\/span><\/p>\n<p class=\"western\"><span style=\"color: #000000;\"><span style=\"font-family: Arial, serif;\"><span style=\"font-size: medium;\"><b>Bl\u012bvs lame\u013cu izvietojums<\/b><\/span><\/span><\/span><\/p>\n<p class=\"western\"><span style=\"color: #000000;\"><span style=\"font-family: Arial, serif;\">Riepu <\/span><\/span><span style=\"color: #000000;\"><span style=\"font-family: Arial, serif;\"><b>Diamondback DW701<\/b><\/span><\/span><span style=\"color: #000000;\"><span style=\"font-family: Arial, serif;\"> protektora z\u012bm\u0113juma \u012bpatn\u012bba ir palielin\u0101ts lame\u013cu skaits. \u0160aur\u0101s spraugas, kas atrodas da\u017eu milimetru att\u0101lum\u0101 viena no otras, nodro\u0161ina lielisku sa\u0137eri ar ce\u013ca virsmu. Tie\u0161i lielais smalko lame\u013cu daudzums nodro\u0161ina riepas pie\u0137er\u0161anos apledoju\u0161ai virsmai, demonstr\u0113jot p\u0101rliecino\u0161u veiktsp\u0113ju ziemas apst\u0101k\u013cos, iztiekot bez radz\u0113m!<\/span><\/span><\/p>\n<p class=\"western\"><span style=\"color: #000000;\"><span style=\"font-family: Arial, serif;\">Uz sniegot\u0101m virsm\u0101m protektora efektivit\u0101ti pal\u012bdz nodro\u0161in\u0101t dren\u0101\u017eas rievu V veida dizains. Dren\u0101\u017eas rievas veido neskait\u0101mus asus le\u0146\u0137us, kas pal\u012bdz notvert un izvad\u012bt nokri\u0161\u0146us, vienlaikus uzlabojot veiktsp\u0113ju, it \u012bpa\u0161i snieg\u0101.<\/span><\/span><\/p>\n<p class=\"western\"><span style=\"color: #000000;\"><span style=\"font-family: Arial, serif;\"><span style=\"font-size: medium;\"><b>Protektora platums<\/b><\/span><\/span><\/span><\/p>\n<p class=\"western\"><span style=\"color: #000000;\"><span style=\"font-family: Arial, serif;\"><b>Diamondback DW701<\/b><\/span><\/span><span style=\"color: #000000;\"><span style=\"font-family: Arial, serif;\"> mode\u013ca centr\u0101laj\u0101 da\u013c\u0101 protektors ir praktiski plakans. Taj\u0101 pa\u0161\u0101 laik\u0101, plecu zon\u0101s ir iev\u0113rojams izliekums. \u0160is dizains \u013c\u0101vis palielin\u0101t protektora da\u013cas platumu un t\u0101d\u0113j\u0101di visu saskares laukumu. Vienlaikus, tas uzlabojis ar\u012b vair\u0101kas svar\u012bgas riepas veiktsp\u0113jas \u012bpa\u0161\u012bbas. Ac\u012bmredzam\u0101kais ir sa\u0137eres \u012bpa\u0161\u012bbu uzlabojums. Turkl\u0101t, iev\u0113rojami palielin\u0101ta nodilumiztur\u012bba, padarot to vienm\u0113r\u012bg\u0101ku, kas palielina riepas kalpo\u0161anas laiku.<\/span><\/span><\/p>\n<p class=\"western\"><span style=\"color: #000000;\"><span style=\"font-family: Arial, serif;\"><span style=\"font-size: medium;\"><b>Diamondback DW701 notur\u012bgs pret akvaplan\u0113\u0161anu un s\u0101nsl\u012bdi<\/b><\/span><\/span><\/span><\/p>\n<p class=\"western\"><span style=\"color: #000000;\"><span style=\"font-family: Arial, serif;\">Iepriek\u0161 min\u0113t\u0101 dren\u0101\u017eas kan\u0101lu funkcionalit\u0101te nav ap\u0161aub\u0101ma. \u0160ie protektora elementi izce\u013cas ar lielu ietilp\u012bbu un skaitu, kas \u013cauj no kontakta laukuma \u0101tri izvad\u012bt ne tikai \u016bdeni, bet ar\u012b sniega un dub\u013cu masu. Dren\u0101\u017eas kan\u0101lu izvietojums lieliski pal\u012bdz uz slapja asfalta, veiksm\u012bgi novadot \u016bdeni.<\/span><\/span><\/p>\n","protected":false},"excerpt":{"rendered":"<p><span style=\"color: #000000;\"><span style=\"font-family: Arial, serif;\"><b>Diamondback DW701<\/b><\/span><\/span><span style=\"color: #000000;\"><span style=\"font-family: Arial, serif;\"> ziemas riepu modelis ir paredz\u0113ts vieglajiem kravas automobi\u013ciem un komerctransportam.\u00a0 Tam ir uzlabota sa\u0137ere taisnvirziena kust\u012bb\u0101, palielin\u0101ta kravnes\u012bba un ilg\u0101ks kalpo\u0161anas laiks.<\/span><\/span><\/p>\n","protected":false},"featured_media":1117048,"template":"","meta":{"_acf_changed":false,"ngg_post_thumbnail":0},"product_brand":[],"product_cat":[47,45],"product_tag":[],"class_list":{"0":"post-1443303","1":"product","2":"type-product","3":"status-publish","4":"has-post-thumbnail","6":"product_cat-vissezonas-riepas","7":"product_cat-ziemas-riepas","9":"first","10":"instock","11":"sale","12":"taxable","13":"shipping-taxable","14":"purchasable","15":"product-type-simple"},"acf":[],"yoast_head":"<!-- This site is optimized with the Yoast SEO Premium plugin v22.6 (Yoast SEO v27.3) - https:\/\/yoast.com\/product\/yoast-seo-premium-wordpress\/ -->\n<title>195\/65R16C Diamondback DW701 104\/102T DOT23 (Triangle) &#8226; MMK Riepas<\/title>\n<meta name=\"robots\" content=\"index, follow, max-snippet:-1, max-image-preview:large, max-video-preview:-1\" \/>\n<link rel=\"canonical\" href=\"https:\/\/mmkriepas.lv\/en\/p\/195-65r16c-diamondback-dw701-104-102t-dot23-triangle\/\" \/>\n<meta property=\"og:locale\" content=\"en_US\" \/>\n<meta property=\"og:type\" content=\"article\" \/>\n<meta property=\"og:title\" content=\"195\/65R16C Diamondback DW701 104\/102T DOT23 (Triangle)\" \/>\n<meta property=\"og:description\" content=\"Diamondback DW701 ziemas riepu modelis ir paredz\u0113ts vieglajiem kravas automobi\u013ciem un komerctransportam.\u00a0 Tam ir uzlabota sa\u0137ere taisnvirziena kust\u012bb\u0101, palielin\u0101ta kravnes\u012bba un ilg\u0101ks kalpo\u0161anas laiks.\" \/>\n<meta property=\"og:url\" content=\"https:\/\/mmkriepas.lv\/en\/p\/195-65r16c-diamondback-dw701-104-102t-dot23-triangle\/\" \/>\n<meta property=\"og:site_name\" content=\"MMK Riepas\" \/>\n<meta property=\"article:publisher\" content=\"https:\/\/www.facebook.com\/mmkserviss\/\" \/>\n<meta property=\"article:modified_time\" content=\"2026-04-02T19:12:43+00:00\" \/>\n<meta property=\"og:image\" content=\"https:\/\/mmkriepas.lv\/wp-content\/uploads\/2024\/10\/DIAMONBACK-DW701.jpg\" \/>\n\t<meta property=\"og:image:width\" content=\"900\" \/>\n\t<meta property=\"og:image:height\" content=\"720\" \/>\n\t<meta property=\"og:image:type\" content=\"image\/jpeg\" \/>\n<meta name=\"twitter:card\" content=\"summary_large_image\" \/>\n<meta name=\"twitter:label1\" content=\"Price\" \/>\n\t<meta name=\"twitter:data1\" content=\"&euro;50.00\" \/>\n\t<meta name=\"twitter:label2\" content=\"Availability\" \/>\n\t<meta name=\"twitter:data2\" content=\"In stock\" \/>\n<script type=\"application\/ld+json\" class=\"yoast-schema-graph\">{\"@context\":\"https:\\\/\\\/schema.org\",\"@graph\":[{\"@type\":\"WebPage\",\"@id\":\"https:\\\/\\\/mmkriepas.lv\\\/en\\\/p\\\/195-65r16c-diamondback-dw701-104-102t-dot23-triangle\\\/\",\"url\":\"https:\\\/\\\/mmkriepas.lv\\\/en\\\/p\\\/195-65r16c-diamondback-dw701-104-102t-dot23-triangle\\\/\",\"name\":\"195\\\/65R16C Diamondback DW701 104\\\/102T DOT23 (Triangle) &#8226; MMK Riepas\",\"isPartOf\":{\"@id\":\"https:\\\/\\\/mmkriepas.lv\\\/en\\\/#website\"},\"primaryImageOfPage\":{\"@id\":\"https:\\\/\\\/mmkriepas.lv\\\/en\\\/p\\\/195-65r16c-diamondback-dw701-104-102t-dot23-triangle\\\/#primaryimage\"},\"image\":{\"@id\":\"https:\\\/\\\/mmkriepas.lv\\\/en\\\/p\\\/195-65r16c-diamondback-dw701-104-102t-dot23-triangle\\\/#primaryimage\"},\"thumbnailUrl\":\"https:\\\/\\\/mmkriepas.lv\\\/wp-content\\\/uploads\\\/2024\\\/10\\\/DIAMONBACK-DW701.jpg\",\"datePublished\":\"2026-02-07T13:00:43+00:00\",\"dateModified\":\"2026-04-02T19:12:43+00:00\",\"breadcrumb\":{\"@id\":\"https:\\\/\\\/mmkriepas.lv\\\/en\\\/p\\\/195-65r16c-diamondback-dw701-104-102t-dot23-triangle\\\/#breadcrumb\"},\"inLanguage\":\"en-US\",\"potentialAction\":[{\"@type\":\"ReadAction\",\"target\":[\"https:\\\/\\\/mmkriepas.lv\\\/en\\\/p\\\/195-65r16c-diamondback-dw701-104-102t-dot23-triangle\\\/\"]}]},{\"@type\":\"ImageObject\",\"inLanguage\":\"en-US\",\"@id\":\"https:\\\/\\\/mmkriepas.lv\\\/en\\\/p\\\/195-65r16c-diamondback-dw701-104-102t-dot23-triangle\\\/#primaryimage\",\"url\":\"https:\\\/\\\/mmkriepas.lv\\\/wp-content\\\/uploads\\\/2024\\\/10\\\/DIAMONBACK-DW701.jpg\",\"contentUrl\":\"https:\\\/\\\/mmkriepas.lv\\\/wp-content\\\/uploads\\\/2024\\\/10\\\/DIAMONBACK-DW701.jpg\",\"width\":900,\"height\":720,\"caption\":\"MAIN\"},{\"@type\":\"BreadcrumbList\",\"@id\":\"https:\\\/\\\/mmkriepas.lv\\\/en\\\/p\\\/195-65r16c-diamondback-dw701-104-102t-dot23-triangle\\\/#breadcrumb\",\"itemListElement\":[{\"@type\":\"ListItem\",\"position\":1,\"name\":\"S\u0101kums\",\"item\":\"https:\\\/\\\/mmkriepas.lv\\\/en\\\/\"},{\"@type\":\"ListItem\",\"position\":2,\"name\":\"195\\\/65R16C Diamondback DW701 104\\\/102T DOT23 (Triangle)\"}]},{\"@type\":\"WebSite\",\"@id\":\"https:\\\/\\\/mmkriepas.lv\\\/en\\\/#website\",\"url\":\"https:\\\/\\\/mmkriepas.lv\\\/en\\\/\",\"name\":\"MMK Riepas\",\"description\":\"MMK Riepas\",\"alternateName\":\"MMK Riepu Serviss\",\"potentialAction\":[{\"@type\":\"SearchAction\",\"target\":{\"@type\":\"EntryPoint\",\"urlTemplate\":\"https:\\\/\\\/mmkriepas.lv\\\/en\\\/?s={search_term_string}\"},\"query-input\":{\"@type\":\"PropertyValueSpecification\",\"valueRequired\":true,\"valueName\":\"search_term_string\"}}],\"inLanguage\":\"en-US\"},{\"@type\":\"ImageObject\",\"inLanguage\":\"en-US\",\"@id\":\"https:\\\/\\\/mmkriepas.lv\\\/en\\\/p\\\/195-65r16c-diamondback-dw701-104-102t-dot23-triangle\\\/#local-main-organization-logo\",\"url\":\"\",\"contentUrl\":\"\",\"caption\":\"MMK Riepas\"}]}<\/script>\n<meta property=\"product:brand\" content=\"Diamondback DW701\" \/>\n<meta property=\"product:price:amount\" content=\"50.00\" \/>\n<meta property=\"product:price:currency\" content=\"EUR\" \/>\n<meta property=\"og:availability\" content=\"instock\" \/>\n<meta property=\"product:availability\" content=\"instock\" \/>\n<meta property=\"product:retailer_item_id\" content=\"TW1956516DIAMO-L56556\" \/>\n<meta property=\"product:condition\" content=\"new\" \/>\n<!-- \/ Yoast SEO Premium plugin. -->","yoast_head_json":{"title":"195\/65R16C Diamondback DW701 104\/102T DOT23 (Triangle) &#8226; MMK Riepas","robots":{"index":"index","follow":"follow","max-snippet":"max-snippet:-1","max-image-preview":"max-image-preview:large","max-video-preview":"max-video-preview:-1"},"canonical":"https:\/\/mmkriepas.lv\/en\/p\/195-65r16c-diamondback-dw701-104-102t-dot23-triangle\/","og_locale":"en_US","og_type":"article","og_title":"195\/65R16C Diamondback DW701 104\/102T DOT23 (Triangle)","og_description":"Diamondback DW701 ziemas riepu modelis ir paredz\u0113ts vieglajiem kravas automobi\u013ciem un komerctransportam.\u00a0 Tam ir uzlabota sa\u0137ere taisnvirziena kust\u012bb\u0101, palielin\u0101ta kravnes\u012bba un ilg\u0101ks kalpo\u0161anas laiks.","og_url":"https:\/\/mmkriepas.lv\/en\/p\/195-65r16c-diamondback-dw701-104-102t-dot23-triangle\/","og_site_name":"MMK Riepas","article_publisher":"https:\/\/www.facebook.com\/mmkserviss\/","article_modified_time":"2026-04-02T19:12:43+00:00","og_image":[{"width":900,"height":720,"url":"https:\/\/mmkriepas.lv\/wp-content\/uploads\/2024\/10\/DIAMONBACK-DW701.jpg","type":"image\/jpeg"}],"twitter_card":"summary_large_image","twitter_misc":{"Price":"&euro;50.00","Availability":"In stock"},"schema":{"@context":"https:\/\/schema.org","@graph":[{"@type":"WebPage","@id":"https:\/\/mmkriepas.lv\/en\/p\/195-65r16c-diamondback-dw701-104-102t-dot23-triangle\/","url":"https:\/\/mmkriepas.lv\/en\/p\/195-65r16c-diamondback-dw701-104-102t-dot23-triangle\/","name":"195\/65R16C Diamondback DW701 104\/102T DOT23 (Triangle) &#8226; MMK Riepas","isPartOf":{"@id":"https:\/\/mmkriepas.lv\/en\/#website"},"primaryImageOfPage":{"@id":"https:\/\/mmkriepas.lv\/en\/p\/195-65r16c-diamondback-dw701-104-102t-dot23-triangle\/#primaryimage"},"image":{"@id":"https:\/\/mmkriepas.lv\/en\/p\/195-65r16c-diamondback-dw701-104-102t-dot23-triangle\/#primaryimage"},"thumbnailUrl":"https:\/\/mmkriepas.lv\/wp-content\/uploads\/2024\/10\/DIAMONBACK-DW701.jpg","datePublished":"2026-02-07T13:00:43+00:00","dateModified":"2026-04-02T19:12:43+00:00","breadcrumb":{"@id":"https:\/\/mmkriepas.lv\/en\/p\/195-65r16c-diamondback-dw701-104-102t-dot23-triangle\/#breadcrumb"},"inLanguage":"en-US","potentialAction":[{"@type":"ReadAction","target":["https:\/\/mmkriepas.lv\/en\/p\/195-65r16c-diamondback-dw701-104-102t-dot23-triangle\/"]}]},{"@type":"ImageObject","inLanguage":"en-US","@id":"https:\/\/mmkriepas.lv\/en\/p\/195-65r16c-diamondback-dw701-104-102t-dot23-triangle\/#primaryimage","url":"https:\/\/mmkriepas.lv\/wp-content\/uploads\/2024\/10\/DIAMONBACK-DW701.jpg","contentUrl":"https:\/\/mmkriepas.lv\/wp-content\/uploads\/2024\/10\/DIAMONBACK-DW701.jpg","width":900,"height":720,"caption":"MAIN"},{"@type":"BreadcrumbList","@id":"https:\/\/mmkriepas.lv\/en\/p\/195-65r16c-diamondback-dw701-104-102t-dot23-triangle\/#breadcrumb","itemListElement":[{"@type":"ListItem","position":1,"name":"S\u0101kums","item":"https:\/\/mmkriepas.lv\/en\/"},{"@type":"ListItem","position":2,"name":"195\/65R16C Diamondback DW701 104\/102T DOT23 (Triangle)"}]},{"@type":"WebSite","@id":"https:\/\/mmkriepas.lv\/en\/#website","url":"https:\/\/mmkriepas.lv\/en\/","name":"MMK Riepas","description":"MMK Riepas","alternateName":"MMK Riepu Serviss","potentialAction":[{"@type":"SearchAction","target":{"@type":"EntryPoint","urlTemplate":"https:\/\/mmkriepas.lv\/en\/?s={search_term_string}"},"query-input":{"@type":"PropertyValueSpecification","valueRequired":true,"valueName":"search_term_string"}}],"inLanguage":"en-US"},{"@type":"ImageObject","inLanguage":"en-US","@id":"https:\/\/mmkriepas.lv\/en\/p\/195-65r16c-diamondback-dw701-104-102t-dot23-triangle\/#local-main-organization-logo","url":"","contentUrl":"","caption":"MMK Riepas"}]},"product_brand":"Diamondback DW701","product_price_amount":"50.00","product_price_currency":"EUR","og_availability":"instock","product_availability":"instock","product_retailer_item_id":"TW1956516DIAMO-L56556","product_condition":"new"},"_links":{"self":[{"href":"https:\/\/mmkriepas.lv\/en\/wp-json\/wp\/v2\/product\/1443303","targetHints":{"allow":["GET"]}}],"collection":[{"href":"https:\/\/mmkriepas.lv\/en\/wp-json\/wp\/v2\/product"}],"about":[{"href":"https:\/\/mmkriepas.lv\/en\/wp-json\/wp\/v2\/types\/product"}],"wp:featuredmedia":[{"embeddable":true,"href":"https:\/\/mmkriepas.lv\/en\/wp-json\/wp\/v2\/media\/1117048"}],"wp:attachment":[{"href":"https:\/\/mmkriepas.lv\/en\/wp-json\/wp\/v2\/media?parent=1443303"}],"wp:term":[{"taxonomy":"product_brand","embeddable":true,"href":"https:\/\/mmkriepas.lv\/en\/wp-json\/wp\/v2\/product_brand?post=1443303"},{"taxonomy":"product_cat","embeddable":true,"href":"https:\/\/mmkriepas.lv\/en\/wp-json\/wp\/v2\/product_cat?post=1443303"},{"taxonomy":"product_tag","embeddable":true,"href":"https:\/\/mmkriepas.lv\/en\/wp-json\/wp\/v2\/product_tag?post=1443303"}],"curies":[{"name":"wp","href":"https:\/\/api.w.org\/{rel}","templated":true}]}}