{"id":1442629,"date":"2026-02-07T14:24:30","date_gmt":"2026-02-07T12:24:30","guid":{"rendered":"https:\/\/mmkriepas.lv\/?post_type=product&#038;p=1442629"},"modified":"2026-04-03T19:13:54","modified_gmt":"2026-04-03T16:13:54","slug":"205-45r17-lassa-driveways-sport-88w-xl-dot","status":"publish","type":"product","link":"https:\/\/mmkriepas.lv\/en\/p\/205-45r17-lassa-driveways-sport-88w-xl-dot\/","title":{"rendered":"205\/45R17 Lassa Driveways Sport+ 88W XL RP DOT23 (Bridgestone)"},"content":{"rendered":"<p class=\"western\"><span style=\"font-family: Arial, sans-serif;\"><b>Lassa Driveways Sport <\/b><\/span><span style=\"font-family: Arial, sans-serif;\">ir teicamas kvalit\u0101tes, vid\u0113j\u0101 cenu segmenta UHP jeb auhgstas veiktsp\u0113jas vasaras riepu modelis. \u0145emot v\u0113r\u0101, ka \u0161\u012bs riepas tiek ra\u017eotas Bridgestone r\u016bpn\u012bc\u0101s, t\u0101s izce\u013cas ar teicamu sa\u0137eri un manevr\u0113tsp\u0113ju gan uz sausa un slapja asfalta pat lielos brauk\u0161anas \u0101trumos. \u0160is riepu modelis pieejams pla\u0161\u0101 izm\u0113ru kl\u0101st\u0101 no R17 l\u012bdz R20 un sportiska tipa vieglaj\u0101m automa\u0161\u012bn\u0101m.<\/span><\/p>\n<h3 class=\"western\"><span style=\"font-family: Arial, sans-serif;\"><b>Lassa Driveways Sport galven\u0101s \u012bpa\u0161\u012bbas:<\/b><\/span><\/h3>\n<p class=\"western\"><span style=\"font-family: Arial, sans-serif;\">+ UHP jeb augstas veiktsp\u0113jas vasaras riepu modelis ar lieliem \u0101truma indeksiem.<br \/>+ Izteikts akustiskais un brauk\u0161anas komforta l\u012bmenis.<br \/>+ Degvielas ekonomija.<br \/>+ Riepas ra\u017eotas Bridgestone r\u016bpn\u012bc\u0101.<br \/>+ Zems akvaplan\u0113\u0161anas risks.<\/span><\/p>\n<h3 class=\"western\"><span style=\"font-family: Arial, sans-serif;\"><b>Driveways Sport apr\u012bkojums<\/b><\/span><\/h3>\n<p class=\"western\"><span style=\"font-family: Arial, sans-serif;\"><b>Lassa Driveways Sport <\/b>vasaras riepas apr\u012bkotas ar asimetrisku protektora rakstu. \u0160\u0101ds dizains sev\u012b apvieno teicamas komforta un veiktsp\u0113jas \u012bpa\u0161\u012bbas pat lielos brauk\u0161anas \u0101trumos.\u00a0<\/span><\/p>\n<p class=\"western\"><span style=\"font-family: Arial, sans-serif;\">Starp protektora blokiem izstr\u0101d\u0101ta efekt\u012bva dren\u0101\u017eas jeb \u016bdens novadkan\u0101lu sist\u0113ma. T\u0101 \u0101tri atbr\u012bvo riepu kontakta virsmu ar ce\u013cu no \u016bdens, b\u016btiski samazinot akvaplan\u0113\u0161anas risku.<\/span><\/p>\n<p class=\"western\"><span style=\"font-family: Arial, sans-serif;\">Riepas darin\u0101tas no augstv\u0113rt\u012bga kompoz\u012btmateri\u0101la. Tam pievienotie \u0137\u012bmiskie elementi padara riepu elast\u012bgu un nodilumiztur\u012bgu. K\u0101 zin\u0101ms, elast\u012bga riepa daudz lab\u0101k veido sa\u0137eri ar ce\u013cu, k\u0101 ar\u012b dilst vienm\u0113r\u012bg\u0101k.<\/span><\/p>\n","protected":false},"excerpt":{"rendered":"<p><span style=\"font-family: Arial, sans-serif;\"><b>Lassa Driveways Sport <\/b><\/span><span style=\"font-family: Arial, sans-serif;\">ir teicamas kvalit\u0101tes, vid\u0113j\u0101 cenu segmenta UHP jeb auhgstas veiktsp\u0113jas vasaras riepu modelis. \u0145emot v\u0113r\u0101, ka \u0161\u012bs riepas tiek ra\u017eotas Bridgestone r\u016bpn\u012bc\u0101s, t\u0101s izce\u013cas ar teicamu sa\u0137eri un manevr\u0113tsp\u0113ju gan uz sausa un slapja asfalta pat lielos brauk\u0161anas \u0101trumos. \u0160is riepu modelis pieejams pla\u0161\u0101 izm\u0113ru kl\u0101st\u0101 no R17 l\u012bdz R20 un sportiska tipa vieglaj\u0101m automa\u0161\u012bn\u0101m.<\/span><\/p>\n","protected":false},"featured_media":861382,"template":"","meta":{"_acf_changed":false,"ngg_post_thumbnail":0},"product_brand":[],"product_cat":[46],"product_tag":[],"class_list":{"0":"post-1442629","1":"product","2":"type-product","3":"status-publish","4":"has-post-thumbnail","6":"product_cat-vasaras-riepas","8":"first","9":"outofstock","10":"sale","11":"taxable","12":"shipping-taxable","13":"product-type-simple"},"acf":[],"yoast_head":"<!-- This site is optimized with the Yoast SEO Premium plugin v22.6 (Yoast SEO v27.3) - https:\/\/yoast.com\/product\/yoast-seo-premium-wordpress\/ -->\n<title>205\/45R17 Lassa Driveways Sport+ 88W XL RP DOT23 (Bridgestone) &#8226; MMK Riepas<\/title>\n<meta name=\"robots\" content=\"index, follow, max-snippet:-1, max-image-preview:large, max-video-preview:-1\" \/>\n<link rel=\"canonical\" href=\"https:\/\/mmkriepas.lv\/en\/p\/205-45r17-lassa-driveways-sport-88w-xl-dot\/\" \/>\n<meta property=\"og:locale\" content=\"en_US\" \/>\n<meta property=\"og:type\" content=\"article\" \/>\n<meta property=\"og:title\" content=\"205\/45R17 Lassa Driveways Sport+ 88W XL RP DOT23 (Bridgestone)\" \/>\n<meta property=\"og:description\" content=\"Lassa Driveways Sport ir teicamas kvalit\u0101tes, vid\u0113j\u0101 cenu segmenta UHP jeb auhgstas veiktsp\u0113jas vasaras riepu modelis. \u0145emot v\u0113r\u0101, ka \u0161\u012bs riepas tiek ra\u017eotas Bridgestone r\u016bpn\u012bc\u0101s, t\u0101s izce\u013cas ar teicamu sa\u0137eri un manevr\u0113tsp\u0113ju gan uz sausa un slapja asfalta pat lielos brauk\u0161anas \u0101trumos. \u0160is riepu modelis pieejams pla\u0161\u0101 izm\u0113ru kl\u0101st\u0101 no R17 l\u012bdz R20 un sportiska tipa vieglaj\u0101m automa\u0161\u012bn\u0101m.\" \/>\n<meta property=\"og:url\" content=\"https:\/\/mmkriepas.lv\/en\/p\/205-45r17-lassa-driveways-sport-88w-xl-dot\/\" \/>\n<meta property=\"og:site_name\" content=\"MMK Riepas\" \/>\n<meta property=\"article:publisher\" content=\"https:\/\/www.facebook.com\/mmkserviss\/\" \/>\n<meta property=\"article:modified_time\" content=\"2026-04-03T16:13:54+00:00\" \/>\n<meta property=\"og:image\" content=\"https:\/\/mmkriepas.lv\/wp-content\/uploads\/2024\/02\/22545r18-lassa-driveways-sport-95y-xl-bridgestone-vasaras-riepas.jpg\" \/>\n\t<meta property=\"og:image:width\" content=\"1920\" \/>\n\t<meta property=\"og:image:height\" content=\"1443\" \/>\n\t<meta property=\"og:image:type\" content=\"image\/jpeg\" \/>\n<meta name=\"twitter:card\" content=\"summary_large_image\" \/>\n<meta name=\"twitter:label1\" content=\"Price\" \/>\n\t<meta name=\"twitter:data1\" content=\"&euro;60.00\" \/>\n\t<meta name=\"twitter:label2\" content=\"Availability\" \/>\n\t<meta name=\"twitter:data2\" content=\"Out of stock\" \/>\n<script type=\"application\/ld+json\" class=\"yoast-schema-graph\">{\"@context\":\"https:\\\/\\\/schema.org\",\"@graph\":[{\"@type\":\"WebPage\",\"@id\":\"https:\\\/\\\/mmkriepas.lv\\\/en\\\/p\\\/205-45r17-lassa-driveways-sport-88w-xl-dot\\\/\",\"url\":\"https:\\\/\\\/mmkriepas.lv\\\/en\\\/p\\\/205-45r17-lassa-driveways-sport-88w-xl-dot\\\/\",\"name\":\"205\\\/45R17 Lassa Driveways Sport+ 88W XL RP DOT23 (Bridgestone) &#8226; MMK Riepas\",\"isPartOf\":{\"@id\":\"https:\\\/\\\/mmkriepas.lv\\\/en\\\/#website\"},\"primaryImageOfPage\":{\"@id\":\"https:\\\/\\\/mmkriepas.lv\\\/en\\\/p\\\/205-45r17-lassa-driveways-sport-88w-xl-dot\\\/#primaryimage\"},\"image\":{\"@id\":\"https:\\\/\\\/mmkriepas.lv\\\/en\\\/p\\\/205-45r17-lassa-driveways-sport-88w-xl-dot\\\/#primaryimage\"},\"thumbnailUrl\":\"https:\\\/\\\/mmkriepas.lv\\\/wp-content\\\/uploads\\\/2024\\\/02\\\/22545r18-lassa-driveways-sport-95y-xl-bridgestone-vasaras-riepas.jpg\",\"datePublished\":\"2026-02-07T12:24:30+00:00\",\"dateModified\":\"2026-04-03T16:13:54+00:00\",\"breadcrumb\":{\"@id\":\"https:\\\/\\\/mmkriepas.lv\\\/en\\\/p\\\/205-45r17-lassa-driveways-sport-88w-xl-dot\\\/#breadcrumb\"},\"inLanguage\":\"en-US\",\"potentialAction\":[{\"@type\":\"ReadAction\",\"target\":[\"https:\\\/\\\/mmkriepas.lv\\\/en\\\/p\\\/205-45r17-lassa-driveways-sport-88w-xl-dot\\\/\"]}]},{\"@type\":\"ImageObject\",\"inLanguage\":\"en-US\",\"@id\":\"https:\\\/\\\/mmkriepas.lv\\\/en\\\/p\\\/205-45r17-lassa-driveways-sport-88w-xl-dot\\\/#primaryimage\",\"url\":\"https:\\\/\\\/mmkriepas.lv\\\/wp-content\\\/uploads\\\/2024\\\/02\\\/22545r18-lassa-driveways-sport-95y-xl-bridgestone-vasaras-riepas.jpg\",\"contentUrl\":\"https:\\\/\\\/mmkriepas.lv\\\/wp-content\\\/uploads\\\/2024\\\/02\\\/22545r18-lassa-driveways-sport-95y-xl-bridgestone-vasaras-riepas.jpg\",\"width\":1920,\"height\":1443,\"caption\":\"Lassa vasaras riepas Driveways Sport MMK Riepu Serviss\"},{\"@type\":\"BreadcrumbList\",\"@id\":\"https:\\\/\\\/mmkriepas.lv\\\/en\\\/p\\\/205-45r17-lassa-driveways-sport-88w-xl-dot\\\/#breadcrumb\",\"itemListElement\":[{\"@type\":\"ListItem\",\"position\":1,\"name\":\"S\u0101kums\",\"item\":\"https:\\\/\\\/mmkriepas.lv\\\/en\\\/\"},{\"@type\":\"ListItem\",\"position\":2,\"name\":\"205\\\/45R17 Lassa Driveways Sport+ 88W XL RP DOT23 (Bridgestone)\"}]},{\"@type\":\"WebSite\",\"@id\":\"https:\\\/\\\/mmkriepas.lv\\\/en\\\/#website\",\"url\":\"https:\\\/\\\/mmkriepas.lv\\\/en\\\/\",\"name\":\"MMK Riepas\",\"description\":\"MMK Riepas\",\"alternateName\":\"MMK Riepu Serviss\",\"potentialAction\":[{\"@type\":\"SearchAction\",\"target\":{\"@type\":\"EntryPoint\",\"urlTemplate\":\"https:\\\/\\\/mmkriepas.lv\\\/en\\\/?s={search_term_string}\"},\"query-input\":{\"@type\":\"PropertyValueSpecification\",\"valueRequired\":true,\"valueName\":\"search_term_string\"}}],\"inLanguage\":\"en-US\"},{\"@type\":\"ImageObject\",\"inLanguage\":\"en-US\",\"@id\":\"https:\\\/\\\/mmkriepas.lv\\\/en\\\/p\\\/205-45r17-lassa-driveways-sport-88w-xl-dot\\\/#local-main-organization-logo\",\"url\":\"\",\"contentUrl\":\"\",\"caption\":\"MMK Riepas\"}]}<\/script>\n<meta property=\"product:brand\" content=\"Lassa Driveways Sport\" \/>\n<meta property=\"product:price:amount\" content=\"60.00\" \/>\n<meta property=\"product:price:currency\" content=\"EUR\" \/>\n<meta property=\"og:availability\" content=\"out of stock\" \/>\n<meta property=\"product:availability\" content=\"out of stock\" \/>\n<meta property=\"product:retailer_item_id\" content=\"TS2054517LASSA-L56388\" \/>\n<meta property=\"product:condition\" content=\"new\" \/>\n<!-- \/ Yoast SEO Premium plugin. -->","yoast_head_json":{"title":"205\/45R17 Lassa Driveways Sport+ 88W XL RP DOT23 (Bridgestone) &#8226; MMK Riepas","robots":{"index":"index","follow":"follow","max-snippet":"max-snippet:-1","max-image-preview":"max-image-preview:large","max-video-preview":"max-video-preview:-1"},"canonical":"https:\/\/mmkriepas.lv\/en\/p\/205-45r17-lassa-driveways-sport-88w-xl-dot\/","og_locale":"en_US","og_type":"article","og_title":"205\/45R17 Lassa Driveways Sport+ 88W XL RP DOT23 (Bridgestone)","og_description":"Lassa Driveways Sport ir teicamas kvalit\u0101tes, vid\u0113j\u0101 cenu segmenta UHP jeb auhgstas veiktsp\u0113jas vasaras riepu modelis. \u0145emot v\u0113r\u0101, ka \u0161\u012bs riepas tiek ra\u017eotas Bridgestone r\u016bpn\u012bc\u0101s, t\u0101s izce\u013cas ar teicamu sa\u0137eri un manevr\u0113tsp\u0113ju gan uz sausa un slapja asfalta pat lielos brauk\u0161anas \u0101trumos. \u0160is riepu modelis pieejams pla\u0161\u0101 izm\u0113ru kl\u0101st\u0101 no R17 l\u012bdz R20 un sportiska tipa vieglaj\u0101m automa\u0161\u012bn\u0101m.","og_url":"https:\/\/mmkriepas.lv\/en\/p\/205-45r17-lassa-driveways-sport-88w-xl-dot\/","og_site_name":"MMK Riepas","article_publisher":"https:\/\/www.facebook.com\/mmkserviss\/","article_modified_time":"2026-04-03T16:13:54+00:00","og_image":[{"width":1920,"height":1443,"url":"https:\/\/mmkriepas.lv\/wp-content\/uploads\/2024\/02\/22545r18-lassa-driveways-sport-95y-xl-bridgestone-vasaras-riepas.jpg","type":"image\/jpeg"}],"twitter_card":"summary_large_image","twitter_misc":{"Price":"&euro;60.00","Availability":"Out of stock"},"schema":{"@context":"https:\/\/schema.org","@graph":[{"@type":"WebPage","@id":"https:\/\/mmkriepas.lv\/en\/p\/205-45r17-lassa-driveways-sport-88w-xl-dot\/","url":"https:\/\/mmkriepas.lv\/en\/p\/205-45r17-lassa-driveways-sport-88w-xl-dot\/","name":"205\/45R17 Lassa Driveways Sport+ 88W XL RP DOT23 (Bridgestone) &#8226; MMK Riepas","isPartOf":{"@id":"https:\/\/mmkriepas.lv\/en\/#website"},"primaryImageOfPage":{"@id":"https:\/\/mmkriepas.lv\/en\/p\/205-45r17-lassa-driveways-sport-88w-xl-dot\/#primaryimage"},"image":{"@id":"https:\/\/mmkriepas.lv\/en\/p\/205-45r17-lassa-driveways-sport-88w-xl-dot\/#primaryimage"},"thumbnailUrl":"https:\/\/mmkriepas.lv\/wp-content\/uploads\/2024\/02\/22545r18-lassa-driveways-sport-95y-xl-bridgestone-vasaras-riepas.jpg","datePublished":"2026-02-07T12:24:30+00:00","dateModified":"2026-04-03T16:13:54+00:00","breadcrumb":{"@id":"https:\/\/mmkriepas.lv\/en\/p\/205-45r17-lassa-driveways-sport-88w-xl-dot\/#breadcrumb"},"inLanguage":"en-US","potentialAction":[{"@type":"ReadAction","target":["https:\/\/mmkriepas.lv\/en\/p\/205-45r17-lassa-driveways-sport-88w-xl-dot\/"]}]},{"@type":"ImageObject","inLanguage":"en-US","@id":"https:\/\/mmkriepas.lv\/en\/p\/205-45r17-lassa-driveways-sport-88w-xl-dot\/#primaryimage","url":"https:\/\/mmkriepas.lv\/wp-content\/uploads\/2024\/02\/22545r18-lassa-driveways-sport-95y-xl-bridgestone-vasaras-riepas.jpg","contentUrl":"https:\/\/mmkriepas.lv\/wp-content\/uploads\/2024\/02\/22545r18-lassa-driveways-sport-95y-xl-bridgestone-vasaras-riepas.jpg","width":1920,"height":1443,"caption":"Lassa vasaras riepas Driveways Sport MMK Riepu Serviss"},{"@type":"BreadcrumbList","@id":"https:\/\/mmkriepas.lv\/en\/p\/205-45r17-lassa-driveways-sport-88w-xl-dot\/#breadcrumb","itemListElement":[{"@type":"ListItem","position":1,"name":"S\u0101kums","item":"https:\/\/mmkriepas.lv\/en\/"},{"@type":"ListItem","position":2,"name":"205\/45R17 Lassa Driveways Sport+ 88W XL RP DOT23 (Bridgestone)"}]},{"@type":"WebSite","@id":"https:\/\/mmkriepas.lv\/en\/#website","url":"https:\/\/mmkriepas.lv\/en\/","name":"MMK Riepas","description":"MMK Riepas","alternateName":"MMK Riepu Serviss","potentialAction":[{"@type":"SearchAction","target":{"@type":"EntryPoint","urlTemplate":"https:\/\/mmkriepas.lv\/en\/?s={search_term_string}"},"query-input":{"@type":"PropertyValueSpecification","valueRequired":true,"valueName":"search_term_string"}}],"inLanguage":"en-US"},{"@type":"ImageObject","inLanguage":"en-US","@id":"https:\/\/mmkriepas.lv\/en\/p\/205-45r17-lassa-driveways-sport-88w-xl-dot\/#local-main-organization-logo","url":"","contentUrl":"","caption":"MMK Riepas"}]},"product_brand":"Lassa Driveways Sport","product_price_amount":"60.00","product_price_currency":"EUR","og_availability":"out of stock","product_availability":"out of stock","product_retailer_item_id":"TS2054517LASSA-L56388","product_condition":"new"},"_links":{"self":[{"href":"https:\/\/mmkriepas.lv\/en\/wp-json\/wp\/v2\/product\/1442629","targetHints":{"allow":["GET"]}}],"collection":[{"href":"https:\/\/mmkriepas.lv\/en\/wp-json\/wp\/v2\/product"}],"about":[{"href":"https:\/\/mmkriepas.lv\/en\/wp-json\/wp\/v2\/types\/product"}],"wp:featuredmedia":[{"embeddable":true,"href":"https:\/\/mmkriepas.lv\/en\/wp-json\/wp\/v2\/media\/861382"}],"wp:attachment":[{"href":"https:\/\/mmkriepas.lv\/en\/wp-json\/wp\/v2\/media?parent=1442629"}],"wp:term":[{"taxonomy":"product_brand","embeddable":true,"href":"https:\/\/mmkriepas.lv\/en\/wp-json\/wp\/v2\/product_brand?post=1442629"},{"taxonomy":"product_cat","embeddable":true,"href":"https:\/\/mmkriepas.lv\/en\/wp-json\/wp\/v2\/product_cat?post=1442629"},{"taxonomy":"product_tag","embeddable":true,"href":"https:\/\/mmkriepas.lv\/en\/wp-json\/wp\/v2\/product_tag?post=1442629"}],"curies":[{"name":"wp","href":"https:\/\/api.w.org\/{rel}","templated":true}]}}