{"id":1439551,"date":"2026-01-29T15:53:52","date_gmt":"2026-01-29T13:53:52","guid":{"rendered":"https:\/\/mmkriepas.lv\/?post_type=product&#038;p=1439551"},"modified":"2026-04-01T21:36:23","modified_gmt":"2026-04-01T18:36:23","slug":"225-40r18-sunfull-sf-985-pro-92y-xl","status":"publish","type":"product","link":"https:\/\/mmkriepas.lv\/en\/p\/225-40r18-sunfull-sf-985-pro-92y-xl\/","title":{"rendered":"225\/40R18 Sunfull SF-985 Pro 92Y XL"},"content":{"rendered":"<p data-path-to-node=\"5\"><b data-path-to-node=\"5\" data-index-in-node=\"0\">Sunfull SF-985 PRO \u012bpa\u0161\u012bbas:<\/b><\/p>\n<ul data-path-to-node=\"6\">\n<li>\n<p data-path-to-node=\"6,0,0\"><b data-path-to-node=\"6,0,0\" data-index-in-node=\"0\">Izcila stabilit\u0101te pie lieliem \u0101trumiem<\/b>, pateicoties pastiprin\u0101tai riepas konstrukcijai,<\/p>\n<\/li>\n<li>\n<p data-path-to-node=\"6,1,0\"><b data-path-to-node=\"6,1,0\" data-index-in-node=\"0\">Sportiska vad\u0101m\u012bba<\/b> un prec\u012bza reakcija uz st\u016bres kust\u012bb\u0101m,<\/p>\n<\/li>\n<li>\n<p data-path-to-node=\"6,2,0\"><b data-path-to-node=\"6,2,0\" data-index-in-node=\"0\">Efekt\u012bva bremz\u0113\u0161ana<\/b> gan uz sausa, gan mitra asfalta,<\/p>\n<\/li>\n<li>\n<p data-path-to-node=\"6,3,0\"><b data-path-to-node=\"6,3,0\" data-index-in-node=\"0\">Zems akvaplan\u0113\u0161anas risks<\/b>, ko nodro\u0161ina \u010detras platas \u016bdens novad\u012b\u0161anas rievas,<\/p>\n<\/li>\n<li>\n<p data-path-to-node=\"6,4,0\"><b data-path-to-node=\"6,4,0\" data-index-in-node=\"0\">Uzlabots gumijas sast\u0101vs<\/b> ar sil\u012bcija (silica) piedev\u0101m lab\u0101kai sa\u0137erei,<\/p>\n<\/li>\n<li>\n<p data-path-to-node=\"6,5,0\"><b data-path-to-node=\"6,5,0\" data-index-in-node=\"0\">Akustiskais komforts<\/b> \u2013 optimiz\u0113ts protektora raksts trok\u0161\u0146u samazin\u0101\u0161anai,<\/p>\n<\/li>\n<li>\n<p data-path-to-node=\"6,6,0\"><b data-path-to-node=\"6,6,0\" data-index-in-node=\"0\">M\u016bsdien\u012bgs, agres\u012bvs dizains<\/b>, kas pie\u0161\u0137ir automa\u0161\u012bnai sportisku izskatu,<\/p>\n<\/li>\n<li>\n<p data-path-to-node=\"6,7,0\"><b data-path-to-node=\"6,7,0\" data-index-in-node=\"0\">Augsta triecieniztur\u012bba<\/b>, kas pasarg\u0101 riepu pret boj\u0101jumiem uz nel\u012bdzeniem ce\u013ciem,<\/p>\n<\/li>\n<li>\n<p data-path-to-node=\"6,8,0\"><b data-path-to-node=\"6,8,0\" data-index-in-node=\"0\">Teicama cenas un kvalit\u0101tes attiec\u012bba<\/b> (lab\u0101ks sniegums nek\u0101 gaid\u012bts no bud\u017eeta klases).<\/p>\n<\/li>\n<\/ul>\n<p data-path-to-node=\"7\"><b data-path-to-node=\"7\" data-index-in-node=\"0\">Sunfull SF-985 PRO iez\u012bmes:<\/b><\/p>\n<p data-path-to-node=\"8\">Asimetriskais protektora raksts ir \u012bpa\u0161i piel\u0101gots augstas veiktsp\u0113jas automa\u0161\u012bn\u0101m. Riepas centr\u0101l\u0101 da\u013ca ar nep\u0101rtraukt\u0101m garenvirziena rib\u0101m nodro\u0161ina stabilit\u0101ti un &#8220;ce\u013ca saj\u016btu&#8221; taisnos posmos, savuk\u0101rt mas\u012bvie un stingrie plecu bloki garant\u0113 maksim\u0101lu sa\u0137eri l\u012bkumos, nov\u0113r\u0161ot automa\u0161\u012bnas s\u0101nsl\u012bdi.<\/p>\n<p data-path-to-node=\"9\">Inovat\u012bv\u0101s dren\u0101\u017eas rievas \u0101tri un efekt\u012bvi izvada \u016bdeni no kontakta virsmas, nodro\u0161inot dro\u0161u brauk\u0161anu sp\u0113c\u012bga lietus laik\u0101. Pateicoties speci\u0101li izstr\u0101d\u0101tajam gumijas sakaus\u0113jumam, SF-985 PRO modelis saglab\u0101 optim\u0101lu elast\u012bbu un sa\u0137eri da\u017e\u0101dos vasaras temperat\u016bras re\u017e\u012bmos, vienlaikus uzr\u0101dot labu nodilumiztur\u012bbu, kas \u013cauj veikt lielus att\u0101lumus bez b\u016btiskas veiktsp\u0113jas zaud\u0113\u0161anas.<\/p>\n<p data-path-to-node=\"10\"><b data-path-to-node=\"10\" data-index-in-node=\"0\">MMK Serviss nov\u0113rt\u0113jums:<\/b> &#8220;Sunfull SF-985 PRO ir pat\u012bkams p\u0101rsteigums bud\u017eeta klas\u0113! T\u0101s uzvedas k\u0101 d\u0101rg\u0101ka segmenta riepas \u2013 ir klusas, stabilas un \u013coti dro\u0161as uz slapja ce\u013ca. Ja mekl\u0113jat sportisku veiktsp\u0113ju un dro\u0161\u012bbu, neizt\u0113r\u0113jot veselu bag\u0101t\u012bbu, \u0161\u012b ir viena no lab\u0101kaj\u0101m izv\u0113l\u0113m tirg\u016b.&#8221;<\/p>\n","protected":false},"excerpt":{"rendered":"<p><b data-path-to-node=\"2\" data-index-in-node=\"0\">Sunfull SF-985 PRO<\/b> ir augstas veiktsp\u0113jas (UHP) vasaras riepas, kas izstr\u0101d\u0101tas, lai sniegtu maksim\u0101lu stabilit\u0101ti un kontroli pie liela brauk\u0161anas \u0101truma. \u0160is modelis apvieno sportisku vad\u0101m\u012bbu ar augstu dro\u0161\u012bbas l\u012bmeni uz slapja seguma, padarot t\u0101s par lielisku izv\u0113li autovad\u012bt\u0101jiem, kuri mekl\u0113 dinamisku brauk\u0161anu par pievilc\u012bgu cenu.<\/p>\n","protected":false},"featured_media":1439731,"template":"","meta":{"_acf_changed":false,"ngg_post_thumbnail":0},"product_brand":[],"product_cat":[46],"product_tag":[],"class_list":{"0":"post-1439551","1":"product","2":"type-product","3":"status-publish","4":"has-post-thumbnail","6":"product_cat-vasaras-riepas","8":"first","9":"outofstock","10":"sale","11":"taxable","12":"shipping-taxable","13":"product-type-simple"},"acf":[],"yoast_head":"<!-- This site is optimized with the Yoast SEO Premium plugin v22.6 (Yoast SEO v27.3) - https:\/\/yoast.com\/product\/yoast-seo-premium-wordpress\/ -->\n<title>225\/40R18 Sunfull SF-985 Pro 92Y XL &#8226; MMK Riepas<\/title>\n<meta name=\"robots\" content=\"index, follow, max-snippet:-1, max-image-preview:large, max-video-preview:-1\" \/>\n<link rel=\"canonical\" href=\"https:\/\/mmkriepas.lv\/en\/p\/225-40r18-sunfull-sf-985-pro-92y-xl\/\" \/>\n<meta property=\"og:locale\" content=\"en_US\" \/>\n<meta property=\"og:type\" content=\"article\" \/>\n<meta property=\"og:title\" content=\"225\/40R18 Sunfull SF-985 Pro 92Y XL\" \/>\n<meta property=\"og:description\" content=\"Sunfull SF-985 PRO ir augstas veiktsp\u0113jas (UHP) vasaras riepas, kas izstr\u0101d\u0101tas, lai sniegtu maksim\u0101lu stabilit\u0101ti un kontroli pie liela brauk\u0161anas \u0101truma. \u0160is modelis apvieno sportisku vad\u0101m\u012bbu ar augstu dro\u0161\u012bbas l\u012bmeni uz slapja seguma, padarot t\u0101s par lielisku izv\u0113li autovad\u012bt\u0101jiem, kuri mekl\u0113 dinamisku brauk\u0161anu par pievilc\u012bgu cenu.\" \/>\n<meta property=\"og:url\" content=\"https:\/\/mmkriepas.lv\/en\/p\/225-40r18-sunfull-sf-985-pro-92y-xl\/\" \/>\n<meta property=\"og:site_name\" content=\"MMK Riepas\" \/>\n<meta property=\"article:publisher\" content=\"https:\/\/www.facebook.com\/mmkserviss\/\" \/>\n<meta property=\"article:modified_time\" content=\"2026-04-01T18:36:23+00:00\" \/>\n<meta property=\"og:image\" content=\"https:\/\/mmkriepas.lv\/wp-content\/uploads\/2026\/01\/22540r18-sunfull-sf-985-pro-92y-xl-vasaras-riepas.jpg\" \/>\n\t<meta property=\"og:image:width\" content=\"900\" \/>\n\t<meta property=\"og:image:height\" content=\"720\" \/>\n\t<meta property=\"og:image:type\" content=\"image\/jpeg\" \/>\n<meta name=\"twitter:card\" content=\"summary_large_image\" \/>\n<meta name=\"twitter:label1\" content=\"Price\" \/>\n\t<meta name=\"twitter:data1\" content=\"&euro;57.00\" \/>\n\t<meta name=\"twitter:label2\" content=\"Availability\" \/>\n\t<meta name=\"twitter:data2\" content=\"Out of stock\" \/>\n<script type=\"application\/ld+json\" class=\"yoast-schema-graph\">{\"@context\":\"https:\\\/\\\/schema.org\",\"@graph\":[{\"@type\":\"WebPage\",\"@id\":\"https:\\\/\\\/mmkriepas.lv\\\/en\\\/p\\\/225-40r18-sunfull-sf-985-pro-92y-xl\\\/\",\"url\":\"https:\\\/\\\/mmkriepas.lv\\\/en\\\/p\\\/225-40r18-sunfull-sf-985-pro-92y-xl\\\/\",\"name\":\"225\\\/40R18 Sunfull SF-985 Pro 92Y XL &#8226; MMK Riepas\",\"isPartOf\":{\"@id\":\"https:\\\/\\\/mmkriepas.lv\\\/en\\\/#website\"},\"primaryImageOfPage\":{\"@id\":\"https:\\\/\\\/mmkriepas.lv\\\/en\\\/p\\\/225-40r18-sunfull-sf-985-pro-92y-xl\\\/#primaryimage\"},\"image\":{\"@id\":\"https:\\\/\\\/mmkriepas.lv\\\/en\\\/p\\\/225-40r18-sunfull-sf-985-pro-92y-xl\\\/#primaryimage\"},\"thumbnailUrl\":\"https:\\\/\\\/mmkriepas.lv\\\/wp-content\\\/uploads\\\/2026\\\/01\\\/22540r18-sunfull-sf-985-pro-92y-xl-vasaras-riepas.jpg\",\"datePublished\":\"2026-01-29T13:53:52+00:00\",\"dateModified\":\"2026-04-01T18:36:23+00:00\",\"breadcrumb\":{\"@id\":\"https:\\\/\\\/mmkriepas.lv\\\/en\\\/p\\\/225-40r18-sunfull-sf-985-pro-92y-xl\\\/#breadcrumb\"},\"inLanguage\":\"en-US\",\"potentialAction\":[{\"@type\":\"ReadAction\",\"target\":[\"https:\\\/\\\/mmkriepas.lv\\\/en\\\/p\\\/225-40r18-sunfull-sf-985-pro-92y-xl\\\/\"]}]},{\"@type\":\"ImageObject\",\"inLanguage\":\"en-US\",\"@id\":\"https:\\\/\\\/mmkriepas.lv\\\/en\\\/p\\\/225-40r18-sunfull-sf-985-pro-92y-xl\\\/#primaryimage\",\"url\":\"https:\\\/\\\/mmkriepas.lv\\\/wp-content\\\/uploads\\\/2026\\\/01\\\/22540r18-sunfull-sf-985-pro-92y-xl-vasaras-riepas.jpg\",\"contentUrl\":\"https:\\\/\\\/mmkriepas.lv\\\/wp-content\\\/uploads\\\/2026\\\/01\\\/22540r18-sunfull-sf-985-pro-92y-xl-vasaras-riepas.jpg\",\"width\":900,\"height\":720,\"caption\":\"MAIN\"},{\"@type\":\"BreadcrumbList\",\"@id\":\"https:\\\/\\\/mmkriepas.lv\\\/en\\\/p\\\/225-40r18-sunfull-sf-985-pro-92y-xl\\\/#breadcrumb\",\"itemListElement\":[{\"@type\":\"ListItem\",\"position\":1,\"name\":\"S\u0101kums\",\"item\":\"https:\\\/\\\/mmkriepas.lv\\\/en\\\/\"},{\"@type\":\"ListItem\",\"position\":2,\"name\":\"225\\\/40R18 Sunfull SF-985 Pro 92Y XL\"}]},{\"@type\":\"WebSite\",\"@id\":\"https:\\\/\\\/mmkriepas.lv\\\/en\\\/#website\",\"url\":\"https:\\\/\\\/mmkriepas.lv\\\/en\\\/\",\"name\":\"MMK Riepas\",\"description\":\"MMK Riepas\",\"alternateName\":\"MMK Riepu Serviss\",\"potentialAction\":[{\"@type\":\"SearchAction\",\"target\":{\"@type\":\"EntryPoint\",\"urlTemplate\":\"https:\\\/\\\/mmkriepas.lv\\\/en\\\/?s={search_term_string}\"},\"query-input\":{\"@type\":\"PropertyValueSpecification\",\"valueRequired\":true,\"valueName\":\"search_term_string\"}}],\"inLanguage\":\"en-US\"},{\"@type\":\"ImageObject\",\"inLanguage\":\"en-US\",\"@id\":\"https:\\\/\\\/mmkriepas.lv\\\/en\\\/p\\\/225-40r18-sunfull-sf-985-pro-92y-xl\\\/#local-main-organization-logo\",\"url\":\"\",\"contentUrl\":\"\",\"caption\":\"MMK Riepas\"}]}<\/script>\n<meta property=\"product:brand\" content=\"Sunfull SF-985 Pro\" \/>\n<meta property=\"product:price:amount\" content=\"57.00\" \/>\n<meta property=\"product:price:currency\" content=\"EUR\" \/>\n<meta property=\"og:availability\" content=\"out of stock\" \/>\n<meta property=\"product:availability\" content=\"out of stock\" \/>\n<meta property=\"product:retailer_item_id\" content=\"TS2254018SUNFU-55771\" \/>\n<meta property=\"product:condition\" content=\"new\" \/>\n<!-- \/ Yoast SEO Premium plugin. -->","yoast_head_json":{"title":"225\/40R18 Sunfull SF-985 Pro 92Y XL &#8226; MMK Riepas","robots":{"index":"index","follow":"follow","max-snippet":"max-snippet:-1","max-image-preview":"max-image-preview:large","max-video-preview":"max-video-preview:-1"},"canonical":"https:\/\/mmkriepas.lv\/en\/p\/225-40r18-sunfull-sf-985-pro-92y-xl\/","og_locale":"en_US","og_type":"article","og_title":"225\/40R18 Sunfull SF-985 Pro 92Y XL","og_description":"Sunfull SF-985 PRO ir augstas veiktsp\u0113jas (UHP) vasaras riepas, kas izstr\u0101d\u0101tas, lai sniegtu maksim\u0101lu stabilit\u0101ti un kontroli pie liela brauk\u0161anas \u0101truma. \u0160is modelis apvieno sportisku vad\u0101m\u012bbu ar augstu dro\u0161\u012bbas l\u012bmeni uz slapja seguma, padarot t\u0101s par lielisku izv\u0113li autovad\u012bt\u0101jiem, kuri mekl\u0113 dinamisku brauk\u0161anu par pievilc\u012bgu cenu.","og_url":"https:\/\/mmkriepas.lv\/en\/p\/225-40r18-sunfull-sf-985-pro-92y-xl\/","og_site_name":"MMK Riepas","article_publisher":"https:\/\/www.facebook.com\/mmkserviss\/","article_modified_time":"2026-04-01T18:36:23+00:00","og_image":[{"width":900,"height":720,"url":"https:\/\/mmkriepas.lv\/wp-content\/uploads\/2026\/01\/22540r18-sunfull-sf-985-pro-92y-xl-vasaras-riepas.jpg","type":"image\/jpeg"}],"twitter_card":"summary_large_image","twitter_misc":{"Price":"&euro;57.00","Availability":"Out of stock"},"schema":{"@context":"https:\/\/schema.org","@graph":[{"@type":"WebPage","@id":"https:\/\/mmkriepas.lv\/en\/p\/225-40r18-sunfull-sf-985-pro-92y-xl\/","url":"https:\/\/mmkriepas.lv\/en\/p\/225-40r18-sunfull-sf-985-pro-92y-xl\/","name":"225\/40R18 Sunfull SF-985 Pro 92Y XL &#8226; MMK Riepas","isPartOf":{"@id":"https:\/\/mmkriepas.lv\/en\/#website"},"primaryImageOfPage":{"@id":"https:\/\/mmkriepas.lv\/en\/p\/225-40r18-sunfull-sf-985-pro-92y-xl\/#primaryimage"},"image":{"@id":"https:\/\/mmkriepas.lv\/en\/p\/225-40r18-sunfull-sf-985-pro-92y-xl\/#primaryimage"},"thumbnailUrl":"https:\/\/mmkriepas.lv\/wp-content\/uploads\/2026\/01\/22540r18-sunfull-sf-985-pro-92y-xl-vasaras-riepas.jpg","datePublished":"2026-01-29T13:53:52+00:00","dateModified":"2026-04-01T18:36:23+00:00","breadcrumb":{"@id":"https:\/\/mmkriepas.lv\/en\/p\/225-40r18-sunfull-sf-985-pro-92y-xl\/#breadcrumb"},"inLanguage":"en-US","potentialAction":[{"@type":"ReadAction","target":["https:\/\/mmkriepas.lv\/en\/p\/225-40r18-sunfull-sf-985-pro-92y-xl\/"]}]},{"@type":"ImageObject","inLanguage":"en-US","@id":"https:\/\/mmkriepas.lv\/en\/p\/225-40r18-sunfull-sf-985-pro-92y-xl\/#primaryimage","url":"https:\/\/mmkriepas.lv\/wp-content\/uploads\/2026\/01\/22540r18-sunfull-sf-985-pro-92y-xl-vasaras-riepas.jpg","contentUrl":"https:\/\/mmkriepas.lv\/wp-content\/uploads\/2026\/01\/22540r18-sunfull-sf-985-pro-92y-xl-vasaras-riepas.jpg","width":900,"height":720,"caption":"MAIN"},{"@type":"BreadcrumbList","@id":"https:\/\/mmkriepas.lv\/en\/p\/225-40r18-sunfull-sf-985-pro-92y-xl\/#breadcrumb","itemListElement":[{"@type":"ListItem","position":1,"name":"S\u0101kums","item":"https:\/\/mmkriepas.lv\/en\/"},{"@type":"ListItem","position":2,"name":"225\/40R18 Sunfull SF-985 Pro 92Y XL"}]},{"@type":"WebSite","@id":"https:\/\/mmkriepas.lv\/en\/#website","url":"https:\/\/mmkriepas.lv\/en\/","name":"MMK Riepas","description":"MMK Riepas","alternateName":"MMK Riepu Serviss","potentialAction":[{"@type":"SearchAction","target":{"@type":"EntryPoint","urlTemplate":"https:\/\/mmkriepas.lv\/en\/?s={search_term_string}"},"query-input":{"@type":"PropertyValueSpecification","valueRequired":true,"valueName":"search_term_string"}}],"inLanguage":"en-US"},{"@type":"ImageObject","inLanguage":"en-US","@id":"https:\/\/mmkriepas.lv\/en\/p\/225-40r18-sunfull-sf-985-pro-92y-xl\/#local-main-organization-logo","url":"","contentUrl":"","caption":"MMK Riepas"}]},"product_brand":"Sunfull SF-985 Pro","product_price_amount":"57.00","product_price_currency":"EUR","og_availability":"out of stock","product_availability":"out of stock","product_retailer_item_id":"TS2254018SUNFU-55771","product_condition":"new"},"_links":{"self":[{"href":"https:\/\/mmkriepas.lv\/en\/wp-json\/wp\/v2\/product\/1439551","targetHints":{"allow":["GET"]}}],"collection":[{"href":"https:\/\/mmkriepas.lv\/en\/wp-json\/wp\/v2\/product"}],"about":[{"href":"https:\/\/mmkriepas.lv\/en\/wp-json\/wp\/v2\/types\/product"}],"wp:featuredmedia":[{"embeddable":true,"href":"https:\/\/mmkriepas.lv\/en\/wp-json\/wp\/v2\/media\/1439731"}],"wp:attachment":[{"href":"https:\/\/mmkriepas.lv\/en\/wp-json\/wp\/v2\/media?parent=1439551"}],"wp:term":[{"taxonomy":"product_brand","embeddable":true,"href":"https:\/\/mmkriepas.lv\/en\/wp-json\/wp\/v2\/product_brand?post=1439551"},{"taxonomy":"product_cat","embeddable":true,"href":"https:\/\/mmkriepas.lv\/en\/wp-json\/wp\/v2\/product_cat?post=1439551"},{"taxonomy":"product_tag","embeddable":true,"href":"https:\/\/mmkriepas.lv\/en\/wp-json\/wp\/v2\/product_tag?post=1439551"}],"curies":[{"name":"wp","href":"https:\/\/api.w.org\/{rel}","templated":true}]}}