{"id":143867,"date":"2020-08-17T14:05:39","date_gmt":"2020-08-17T11:05:39","guid":{"rendered":"https:\/\/mmkserviss.lv\/?post_type=product&#038;p=143867"},"modified":"2024-05-03T11:46:47","modified_gmt":"2024-05-03T08:46:47","slug":"245-70r16-sunfull-mont-pro-at782-107t","status":"publish","type":"product","link":"https:\/\/mmkriepas.lv\/en\/p\/245-70r16-sunfull-mont-pro-at782-107t\/","title":{"rendered":"245\/70R16 Sunfull Mont-Pro AT782 107T"},"content":{"rendered":"<p><span>Vid\u0113j\u0101 bud\u017eeta klase. Sunfull riepas &#8211; laba kvalit\u0101te par labu cenu!&nbsp;&nbsp;<\/span><\/p>\n<p><strong>Sunfull riepas<\/strong><span> \u0161obr\u012bd piedz\u012bvo strauju popularit\u0101tes pieaugumu vis\u0101 pasaul\u0113. \u0160\u012b ra\u017eot\u0101ja riepas ir ieguvu\u0161as b\u016btisku popularit\u0101ti ar\u012b Latvijas autobrauc\u0113ju un riepu tirgot\u0101ji vid\u016b. \u012apa\u0161nieks ir Shandong Hengfeng Rubber &amp; Plastic Co., kas ir viens no l\u012bderiem \u0136\u012bnas riepu ra\u017eo\u0161anas sektor\u0101.&nbsp; Komp\u0101nijas da\u017e\u0101do ra\u017eot\u0146u specializ\u0101cija dod uz\u0146\u0113muma kapacit\u0101ti ra\u017eot kvalitat\u012bvas riepas da\u017e\u0101d\u0101m pat\u0113r\u0113t\u0101ju grup\u0101m, uzsvaru liekot ne tikai uz<strong>&nbsp;Sunfull riepu<\/strong> kop\u0113jo kvalit\u0101ti, bet ar\u012b uz katra automobi\u013ca tipa pras\u012bb\u0101m. T\u0101d\u0113\u013c ir iesp\u0113jams nodro\u0161in\u0101t gan augstu kvalit\u0101ti, gan augstu specializ\u0101ciju da\u017e\u0101d\u0101m <strong>Sunfull riep\u0101m.<\/strong><\/span><\/p>\n<h2>Sunfull Mont-Pro AT782 riepu apraksts<\/h2>\n<p>Sunfull Mont-Pro AT782 ir viens no trim sunfull izstr\u0101d\u0101t\u0101s apvidus auto riepu l\u012bnijas mode\u013ciem. \u0160is produkts izstr\u0101d\u0101ts un paredz\u0113ts akt\u012bva dz\u012bvesveida piekrit\u0113jiem, vai autovad\u012bt\u0101jiem, kam darba vai citu iemeslu d\u0113\u013c n\u0101kas doties uz gr\u016bti sasniedzam\u0101m viet\u0101m. Sunfull Mount-Pro AT782 tika izstr\u0101d\u0101ts t\u0101, lai sasniegtu optim\u0101lo sniegumu gan uz asfalt\u0113tiem ce\u013ciem, gan grants, smilts, \u0161\u0137eldas un jebkura cieta veida ce\u013cu p\u0101rkl\u0101juma.<\/p>\n<h3>Sunfull Mont-Pro AT782 galven\u0101s iez\u012bmes:<\/h3>\n<p>&#8211; lieliska nodilumiztur\u012bba vissare\u017e\u0123\u012bt\u0101kajos ekspluat\u0101cijas apst\u0101k\u013cos, pateicoties optimiz\u0113tiem riepas gumijas sakaus\u0113jumam un pastiprin\u0101tam r\u0101mim;<br \/>\n-pateicoties \u0161\u0137\u0113rsenisko malu lielajam garumam un daudzvirzienu bloku novietojumam, ir pan\u0101kts izcils vilkmes sp\u0113ks \u012bpa\u0161i uz neasfalt\u0113tiem augsnes p\u0101rkl\u0101tiem segumiem;<br \/>\n-Daudz\u0101s lameles nodro\u0161ina lielu efektivit\u0101ti bremz\u0113jot uz asfalt\u0113tas virsmas.<\/p>\n<p>Protektora z\u012bm\u0113jumu raksturo to veidojo\u0161o bloku masveid\u012bba. Elementiem ir sare\u017e\u0123\u012bta forma ar daudziem le\u0146\u0137iem un daudzvirzienu mal\u0101m. Palielin\u0101tais protektora dzi\u013cums un att\u0101lums starp blokiem \u013cauj riepai efekt\u012bvi darboties uz slapjas virsmas un bezce\u013ca apst\u0101k\u013cos. Savuk\u0101rt \u012bpa\u0161s gumijas mais\u012bjums ar paaugstin\u0101tu elast\u012bbu un stiepes, spiedes iztur\u012bbu pie\u0161\u0137ir riepai v\u0113l liel\u0101ku daudzpus\u012bbu.<\/p>\n<p>\u0160\u012b riepa b\u016bs lieliski piem\u0113rota me\u017estr\u0101dniekiem, medniekiem, mak\u0161\u0137erniekiem, ce\u013cu uztur\u0113t\u0101jiem k\u0101 ar\u012b lauksaimniekiem un citiem autovad\u012bt\u0101jiem kam ikdiena paiet \u0101rpus valsts uztur\u0113tajiem ce\u013ciem.<\/p>\n<pre class=\"tw-data-text tw-text-large tw-ta\" data-placeholder=\"Tulkojums\" id=\"tw-target-text\" dir=\"ltr\"><\/pre>\n<p><span>Viens no liel\u0101kajiem riepu ra\u017eot\u0101jiem bud\u017eeta segment\u0101. Alternat\u012bva Sailun, Antares, Westlake, Goodride, utt. Kvalit\u0101tes b\u016btiski neatpaliek no vid\u0113j\u0101s klases.&nbsp;<\/span><\/p>\n","protected":false},"excerpt":{"rendered":"<p>Vid\u0113j\u0101 bud\u017eeta klase. Sunfull riepas &#8211; laba kvalit\u0101te par labu cenu!&nbsp;&nbsp; Sunfull riepas \u0161obr\u012bd piedz\u012bvo strauju popularit\u0101tes pieaugumu vis\u0101 pasaul\u0113. \u0160\u012b ra\u017eot\u0101ja riepas ir ieguvu\u0161as b\u016btisku popularit\u0101ti ar\u012b Latvijas autobrauc\u0113ju<\/p>\n","protected":false},"featured_media":174499,"template":"","meta":{"_acf_changed":false,"ngg_post_thumbnail":0},"product_brand":[],"product_cat":[46],"product_tag":[],"class_list":{"0":"post-143867","1":"product","2":"type-product","3":"status-publish","4":"has-post-thumbnail","6":"product_cat-vasaras-riepas","8":"first","9":"instock","10":"sale","11":"taxable","12":"shipping-taxable","13":"product-type-simple"},"acf":[],"yoast_head":"<!-- This site is optimized with the Yoast SEO Premium plugin v22.6 (Yoast SEO v27.3) - https:\/\/yoast.com\/product\/yoast-seo-premium-wordpress\/ -->\n<title>245\/70R16 Sunfull Mont-Pro AT782 107T &#8226; MMK Riepas<\/title>\n<meta name=\"description\" content=\"Sunfull dub\u013cu riepa Mont Pro AT782. Lab\u0101kais variants \u012bpa\u0161i gr\u016btiem brauk\u0161anas apst\u0101k\u013ciem! Pieejams abos MMK Riepu centros, R\u012bg\u0101!\" \/>\n<meta name=\"robots\" content=\"index, follow, max-snippet:-1, max-image-preview:large, max-video-preview:-1\" \/>\n<link rel=\"canonical\" href=\"https:\/\/mmkriepas.lv\/en\/p\/245-70r16-sunfull-mont-pro-at782-107t\/\" \/>\n<meta property=\"og:locale\" content=\"en_US\" \/>\n<meta property=\"og:type\" content=\"article\" \/>\n<meta property=\"og:title\" content=\"245\/70R16 Sunfull Mont-Pro AT782 107T\" \/>\n<meta property=\"og:description\" content=\"Sunfull dub\u013cu riepa Mont Pro AT782. Lab\u0101kais variants \u012bpa\u0161i gr\u016btiem brauk\u0161anas apst\u0101k\u013ciem! Pieejams abos MMK Riepu centros, R\u012bg\u0101!\" \/>\n<meta property=\"og:url\" content=\"https:\/\/mmkriepas.lv\/en\/p\/245-70r16-sunfull-mont-pro-at782-107t\/\" \/>\n<meta property=\"og:site_name\" content=\"MMK Riepas\" \/>\n<meta property=\"article:publisher\" content=\"https:\/\/www.facebook.com\/mmkserviss\/\" \/>\n<meta property=\"article:modified_time\" content=\"2024-05-03T08:46:47+00:00\" \/>\n<meta property=\"og:image\" content=\"https:\/\/mmkriepas.lv\/wp-content\/uploads\/2021\/03\/22575r16-sunfull-mont-pro-at782-115s-vasaras-riepas.jpg\" \/>\n\t<meta property=\"og:image:width\" content=\"1920\" \/>\n\t<meta property=\"og:image:height\" content=\"1278\" \/>\n\t<meta property=\"og:image:type\" content=\"image\/jpeg\" \/>\n<meta name=\"twitter:card\" content=\"summary_large_image\" \/>\n<meta name=\"twitter:label1\" content=\"Price\" \/>\n\t<meta name=\"twitter:data1\" content=\"&euro;71.00\" \/>\n\t<meta name=\"twitter:label2\" content=\"Availability\" \/>\n\t<meta name=\"twitter:data2\" content=\"In stock\" \/>\n<script type=\"application\/ld+json\" class=\"yoast-schema-graph\">{\"@context\":\"https:\\\/\\\/schema.org\",\"@graph\":[{\"@type\":\"WebPage\",\"@id\":\"https:\\\/\\\/mmkriepas.lv\\\/en\\\/p\\\/245-70r16-sunfull-mont-pro-at782-107t\\\/\",\"url\":\"https:\\\/\\\/mmkriepas.lv\\\/en\\\/p\\\/245-70r16-sunfull-mont-pro-at782-107t\\\/\",\"name\":\"245\\\/70R16 Sunfull Mont-Pro AT782 107T &#8226; MMK Riepas\",\"isPartOf\":{\"@id\":\"https:\\\/\\\/mmkriepas.lv\\\/en\\\/#website\"},\"primaryImageOfPage\":{\"@id\":\"https:\\\/\\\/mmkriepas.lv\\\/en\\\/p\\\/245-70r16-sunfull-mont-pro-at782-107t\\\/#primaryimage\"},\"image\":{\"@id\":\"https:\\\/\\\/mmkriepas.lv\\\/en\\\/p\\\/245-70r16-sunfull-mont-pro-at782-107t\\\/#primaryimage\"},\"thumbnailUrl\":\"https:\\\/\\\/mmkriepas.lv\\\/wp-content\\\/uploads\\\/2021\\\/03\\\/22575r16-sunfull-mont-pro-at782-115s-vasaras-riepas.jpg\",\"datePublished\":\"2020-08-17T11:05:39+00:00\",\"dateModified\":\"2024-05-03T08:46:47+00:00\",\"description\":\"Sunfull dub\u013cu riepa Mont Pro AT782. Lab\u0101kais variants \u012bpa\u0161i gr\u016btiem brauk\u0161anas apst\u0101k\u013ciem! Pieejams abos MMK Riepu centros, R\u012bg\u0101!\",\"breadcrumb\":{\"@id\":\"https:\\\/\\\/mmkriepas.lv\\\/en\\\/p\\\/245-70r16-sunfull-mont-pro-at782-107t\\\/#breadcrumb\"},\"inLanguage\":\"en-US\",\"potentialAction\":[{\"@type\":\"ReadAction\",\"target\":[\"https:\\\/\\\/mmkriepas.lv\\\/en\\\/p\\\/245-70r16-sunfull-mont-pro-at782-107t\\\/\"]}]},{\"@type\":\"ImageObject\",\"inLanguage\":\"en-US\",\"@id\":\"https:\\\/\\\/mmkriepas.lv\\\/en\\\/p\\\/245-70r16-sunfull-mont-pro-at782-107t\\\/#primaryimage\",\"url\":\"https:\\\/\\\/mmkriepas.lv\\\/wp-content\\\/uploads\\\/2021\\\/03\\\/22575r16-sunfull-mont-pro-at782-115s-vasaras-riepas.jpg\",\"contentUrl\":\"https:\\\/\\\/mmkriepas.lv\\\/wp-content\\\/uploads\\\/2021\\\/03\\\/22575r16-sunfull-mont-pro-at782-115s-vasaras-riepas.jpg\",\"width\":1920,\"height\":1278,\"caption\":\"225\\\/75R16 Sunfull Mont-Pro AT782 115S - Vasaras riepas \\\/ Vissezonas riepas\"},{\"@type\":\"BreadcrumbList\",\"@id\":\"https:\\\/\\\/mmkriepas.lv\\\/en\\\/p\\\/245-70r16-sunfull-mont-pro-at782-107t\\\/#breadcrumb\",\"itemListElement\":[{\"@type\":\"ListItem\",\"position\":1,\"name\":\"S\u0101kums\",\"item\":\"https:\\\/\\\/mmkriepas.lv\\\/en\\\/\"},{\"@type\":\"ListItem\",\"position\":2,\"name\":\"245\\\/70R16 Sunfull Mont-Pro AT782 107T\"}]},{\"@type\":\"WebSite\",\"@id\":\"https:\\\/\\\/mmkriepas.lv\\\/en\\\/#website\",\"url\":\"https:\\\/\\\/mmkriepas.lv\\\/en\\\/\",\"name\":\"MMK Riepas\",\"description\":\"MMK Riepas\",\"alternateName\":\"MMK Riepu Serviss\",\"potentialAction\":[{\"@type\":\"SearchAction\",\"target\":{\"@type\":\"EntryPoint\",\"urlTemplate\":\"https:\\\/\\\/mmkriepas.lv\\\/en\\\/?s={search_term_string}\"},\"query-input\":{\"@type\":\"PropertyValueSpecification\",\"valueRequired\":true,\"valueName\":\"search_term_string\"}}],\"inLanguage\":\"en-US\"},{\"@type\":\"ImageObject\",\"inLanguage\":\"en-US\",\"@id\":\"https:\\\/\\\/mmkriepas.lv\\\/en\\\/p\\\/245-70r16-sunfull-mont-pro-at782-107t\\\/#local-main-organization-logo\",\"url\":\"\",\"contentUrl\":\"\",\"caption\":\"MMK Riepas\"}]}<\/script>\n<meta property=\"product:brand\" content=\"Sunfull Mont-Pro AT782\" \/>\n<meta property=\"product:price:amount\" content=\"71.00\" \/>\n<meta property=\"product:price:currency\" content=\"EUR\" \/>\n<meta property=\"og:availability\" content=\"instock\" \/>\n<meta property=\"product:availability\" content=\"instock\" \/>\n<meta property=\"product:condition\" content=\"new\" \/>\n<!-- \/ Yoast SEO Premium plugin. -->","yoast_head_json":{"title":"245\/70R16 Sunfull Mont-Pro AT782 107T &#8226; MMK Riepas","description":"Sunfull dub\u013cu riepa Mont Pro AT782. Lab\u0101kais variants \u012bpa\u0161i gr\u016btiem brauk\u0161anas apst\u0101k\u013ciem! Pieejams abos MMK Riepu centros, R\u012bg\u0101!","robots":{"index":"index","follow":"follow","max-snippet":"max-snippet:-1","max-image-preview":"max-image-preview:large","max-video-preview":"max-video-preview:-1"},"canonical":"https:\/\/mmkriepas.lv\/en\/p\/245-70r16-sunfull-mont-pro-at782-107t\/","og_locale":"en_US","og_type":"article","og_title":"245\/70R16 Sunfull Mont-Pro AT782 107T","og_description":"Sunfull dub\u013cu riepa Mont Pro AT782. Lab\u0101kais variants \u012bpa\u0161i gr\u016btiem brauk\u0161anas apst\u0101k\u013ciem! Pieejams abos MMK Riepu centros, R\u012bg\u0101!","og_url":"https:\/\/mmkriepas.lv\/en\/p\/245-70r16-sunfull-mont-pro-at782-107t\/","og_site_name":"MMK Riepas","article_publisher":"https:\/\/www.facebook.com\/mmkserviss\/","article_modified_time":"2024-05-03T08:46:47+00:00","og_image":[{"width":1920,"height":1278,"url":"https:\/\/mmkriepas.lv\/wp-content\/uploads\/2021\/03\/22575r16-sunfull-mont-pro-at782-115s-vasaras-riepas.jpg","type":"image\/jpeg"}],"twitter_card":"summary_large_image","twitter_misc":{"Price":"&euro;71.00","Availability":"In stock"},"schema":{"@context":"https:\/\/schema.org","@graph":[{"@type":"WebPage","@id":"https:\/\/mmkriepas.lv\/en\/p\/245-70r16-sunfull-mont-pro-at782-107t\/","url":"https:\/\/mmkriepas.lv\/en\/p\/245-70r16-sunfull-mont-pro-at782-107t\/","name":"245\/70R16 Sunfull Mont-Pro AT782 107T &#8226; MMK Riepas","isPartOf":{"@id":"https:\/\/mmkriepas.lv\/en\/#website"},"primaryImageOfPage":{"@id":"https:\/\/mmkriepas.lv\/en\/p\/245-70r16-sunfull-mont-pro-at782-107t\/#primaryimage"},"image":{"@id":"https:\/\/mmkriepas.lv\/en\/p\/245-70r16-sunfull-mont-pro-at782-107t\/#primaryimage"},"thumbnailUrl":"https:\/\/mmkriepas.lv\/wp-content\/uploads\/2021\/03\/22575r16-sunfull-mont-pro-at782-115s-vasaras-riepas.jpg","datePublished":"2020-08-17T11:05:39+00:00","dateModified":"2024-05-03T08:46:47+00:00","description":"Sunfull dub\u013cu riepa Mont Pro AT782. Lab\u0101kais variants \u012bpa\u0161i gr\u016btiem brauk\u0161anas apst\u0101k\u013ciem! Pieejams abos MMK Riepu centros, R\u012bg\u0101!","breadcrumb":{"@id":"https:\/\/mmkriepas.lv\/en\/p\/245-70r16-sunfull-mont-pro-at782-107t\/#breadcrumb"},"inLanguage":"en-US","potentialAction":[{"@type":"ReadAction","target":["https:\/\/mmkriepas.lv\/en\/p\/245-70r16-sunfull-mont-pro-at782-107t\/"]}]},{"@type":"ImageObject","inLanguage":"en-US","@id":"https:\/\/mmkriepas.lv\/en\/p\/245-70r16-sunfull-mont-pro-at782-107t\/#primaryimage","url":"https:\/\/mmkriepas.lv\/wp-content\/uploads\/2021\/03\/22575r16-sunfull-mont-pro-at782-115s-vasaras-riepas.jpg","contentUrl":"https:\/\/mmkriepas.lv\/wp-content\/uploads\/2021\/03\/22575r16-sunfull-mont-pro-at782-115s-vasaras-riepas.jpg","width":1920,"height":1278,"caption":"225\/75R16 Sunfull Mont-Pro AT782 115S - Vasaras riepas \/ Vissezonas riepas"},{"@type":"BreadcrumbList","@id":"https:\/\/mmkriepas.lv\/en\/p\/245-70r16-sunfull-mont-pro-at782-107t\/#breadcrumb","itemListElement":[{"@type":"ListItem","position":1,"name":"S\u0101kums","item":"https:\/\/mmkriepas.lv\/en\/"},{"@type":"ListItem","position":2,"name":"245\/70R16 Sunfull Mont-Pro AT782 107T"}]},{"@type":"WebSite","@id":"https:\/\/mmkriepas.lv\/en\/#website","url":"https:\/\/mmkriepas.lv\/en\/","name":"MMK Riepas","description":"MMK Riepas","alternateName":"MMK Riepu Serviss","potentialAction":[{"@type":"SearchAction","target":{"@type":"EntryPoint","urlTemplate":"https:\/\/mmkriepas.lv\/en\/?s={search_term_string}"},"query-input":{"@type":"PropertyValueSpecification","valueRequired":true,"valueName":"search_term_string"}}],"inLanguage":"en-US"},{"@type":"ImageObject","inLanguage":"en-US","@id":"https:\/\/mmkriepas.lv\/en\/p\/245-70r16-sunfull-mont-pro-at782-107t\/#local-main-organization-logo","url":"","contentUrl":"","caption":"MMK Riepas"}]},"product_brand":"Sunfull Mont-Pro AT782","product_price_amount":"71.00","product_price_currency":"EUR","og_availability":"instock","product_availability":"instock","product_condition":"new"},"_links":{"self":[{"href":"https:\/\/mmkriepas.lv\/en\/wp-json\/wp\/v2\/product\/143867","targetHints":{"allow":["GET"]}}],"collection":[{"href":"https:\/\/mmkriepas.lv\/en\/wp-json\/wp\/v2\/product"}],"about":[{"href":"https:\/\/mmkriepas.lv\/en\/wp-json\/wp\/v2\/types\/product"}],"wp:featuredmedia":[{"embeddable":true,"href":"https:\/\/mmkriepas.lv\/en\/wp-json\/wp\/v2\/media\/174499"}],"wp:attachment":[{"href":"https:\/\/mmkriepas.lv\/en\/wp-json\/wp\/v2\/media?parent=143867"}],"wp:term":[{"taxonomy":"product_brand","embeddable":true,"href":"https:\/\/mmkriepas.lv\/en\/wp-json\/wp\/v2\/product_brand?post=143867"},{"taxonomy":"product_cat","embeddable":true,"href":"https:\/\/mmkriepas.lv\/en\/wp-json\/wp\/v2\/product_cat?post=143867"},{"taxonomy":"product_tag","embeddable":true,"href":"https:\/\/mmkriepas.lv\/en\/wp-json\/wp\/v2\/product_tag?post=143867"}],"curies":[{"name":"wp","href":"https:\/\/api.w.org\/{rel}","templated":true}]}}