{"id":1437214,"date":"2026-01-19T14:51:55","date_gmt":"2026-01-19T12:51:55","guid":{"rendered":"https:\/\/mmkriepas.lv\/?post_type=product&#038;p=1437214"},"modified":"2026-03-27T23:54:17","modified_gmt":"2026-03-27T21:54:17","slug":"215-55r18-sentury-seasonsdragon-2-99v-xl","status":"publish","type":"product","link":"https:\/\/mmkriepas.lv\/en\/p\/215-55r18-sentury-seasonsdragon-2-99v-xl\/","title":{"rendered":"215\/55R18 Sentury Seasonsdragon 2 99V XL"},"content":{"rendered":"<p align=\"left\"><span style=\"color: #c9211e;\"><span style=\"font-family: Arial, sans-serif;\"><span style=\"font-size: large;\"><strong><span style=\"color: #000000;\"><span style=\"font-size: medium;\">Sentury Seasonsdragon 2<\/span><\/span><\/strong><span style=\"color: #000000;\"><span style=\"font-size: medium;\"> ir vissezonas riepu modelis, kas izstr\u0101d\u0101ts ikdienas lieto\u0161anai visu gadu, nodro\u0161inot stabilu sniegumu gan vasaras, gan vieglos ziemas apst\u0101k\u013cos. <\/span><\/span><span style=\"color: #000000;\"><span style=\"font-size: medium;\">Modelis izce\u013cas ar<\/span><\/span><span style=\"color: #000000;\"><span style=\"font-size: medium;\"> l\u012bdzsvarotu sa\u0137eri <\/span><\/span><span style=\"color: #000000;\"><span style=\"font-size: medium;\">da\u017e\u0101dos laikapst\u0101k\u013cos<\/span><\/span><span style=\"color: #000000;\"><span style=\"font-size: medium;\">, efekt\u012bvu \u016bdens novadi un samazin\u0101tu t<\/span><\/span><span style=\"color: #000000;\"><span style=\"font-size: medium;\">rok\u0161\u0146a l\u012bmeni. <\/span><\/span><span style=\"color: #000000;\"><span style=\"font-size: medium;\">Praktiska <\/span><\/span><span style=\"color: #000000;\"><span style=\"font-size: medium;\">izv\u0113le autovad\u012bt\u0101jiem, kuri ikdien\u0101 p\u0101rvietojas pils\u0113t\u0101. <\/span><\/span><\/span><\/span><\/span><\/p>\n<p align=\"left\"><span style=\"color: #c9211e;\"><span style=\"font-family: Arial, sans-serif;\"><span style=\"font-size: medium;\"><b><span style=\"color: #000000;\">Seasonsdragon 2 galven\u0101s iez\u012bmes<\/span><\/b><\/span><\/span><\/span><\/p>\n<p align=\"left\"><span style=\"color: #c9211e;\"><span style=\"font-family: Arial, sans-serif;\"><span style=\"font-size: medium;\"><strong><span style=\"color: #000000;\"><span>+<\/span><\/span><\/strong><strong><span style=\"color: #000000;\"> <\/span><\/strong><strong><span style=\"color: #000000;\"><b>Pla\u0161i dren\u0101\u017eas kan\u0101li<\/b><\/span><\/strong><span style=\"color: #000000;\"> \u2013 nodro\u0161ina efekt\u012bvu \u016bdens un k\u016bsto\u0161a sniega novadi, uzlabojot sa\u0137eri un samazinot akvaplan\u0113\u0161anas risku.<\/span><\/span><\/span><\/span><\/p>\n<p align=\"left\"><span style=\"color: #000000;\"><span style=\"font-family: Arial, sans-serif;\"><span style=\"font-size: medium;\"><span>+ <\/span><\/span><\/span><\/span><strong><span style=\"color: #000000;\"><span style=\"font-family: Arial, sans-serif;\">3D lameles protektor\u0101<\/span><\/span><\/strong><span style=\"color: #000000;\"><span style=\"font-family: Arial, sans-serif;\"> \u2013 palielina stabilit\u0101ti uz slapjas virsmas un veicina vienm\u0113r\u012bg\u0101ku nodilumu.<\/span><\/span><\/p>\n<p align=\"left\"><span style=\"color: #000000;\"><span style=\"font-family: Arial, sans-serif;\"><span style=\"font-size: medium;\"><span>+ <\/span><\/span><\/span><\/span><strong><span style=\"color: #000000;\"><span style=\"font-family: Arial, sans-serif;\"><span style=\"font-size: medium;\">Zems rites troksnis<\/span><\/span><\/span><\/strong><span style=\"color: #000000;\"><span style=\"font-family: Arial, sans-serif;\"><span style=\"font-size: medium;\"><span> \u2013 protektora raksts ir optimiz\u0113ts, lai samazin\u0101tu rites trok\u0161\u0146a l\u012bmeni, nodro\u0161inot mier\u012bg\u0101ku un komfortabl\u0101ku brauk\u0161anas pieredzi.<\/span><\/span><\/span><\/span><\/p>\n<p align=\"left\"><span style=\"font-size: medium;\"><b><span style=\"color: #000000;\"><span style=\"font-family: Arial, sans-serif;\">Sentury Seasonsdragon 2 apr\u012bkojums<\/span><\/span><\/b><\/span><\/p>\n<p align=\"left\"><strong><span style=\"color: #000000;\"><span style=\"font-family: Arial, sans-serif;\"><span style=\"font-size: medium;\"><span>Sentury Seasonsdragon 2<\/span><\/span><\/span><\/span><\/strong><span style=\"color: #000000;\"><span style=\"font-family: Arial, sans-serif;\"><span style=\"font-size: medium;\"><span> <\/span><\/span><\/span><\/span><span style=\"color: #000000;\"><span style=\"font-family: Arial, sans-serif;\"><span style=\"font-size: medium;\"><span>modelis<\/span><\/span><\/span><\/span><span style=\"color: #000000;\"><span style=\"font-family: Arial, sans-serif;\"><span style=\"font-size: medium;\"><span> <\/span><\/span><\/span><\/span><span style=\"color: #000000;\"><span style=\"font-family: Arial, sans-serif;\"><span style=\"font-size: medium;\"><span>b\u016bs<\/span><\/span><\/span><\/span><span style=\"color: #000000;\"><span style=\"font-family: Arial, sans-serif;\"><span style=\"font-size: medium;\"><span> piem\u0113rot<\/span><\/span><\/span><\/span><span style=\"color: #000000;\"><span style=\"font-family: Arial, sans-serif;\"><span style=\"font-size: medium;\"><span>s<\/span><\/span><\/span><\/span><span style=\"color: #000000;\"><span style=\"font-family: Arial, sans-serif;\"><span style=\"font-size: medium;\"><span> auto<\/span><\/span><\/span><\/span><span style=\"color: #000000;\"><span style=\"font-family: Arial, sans-serif;\"><span style=\"font-size: medium;\"><span>vad\u012bt\u0101jiem<\/span><\/span><\/span><\/span><span style=\"color: #000000;\"><span style=\"font-family: Arial, sans-serif;\"><span style=\"font-size: medium;\"><span>, kuri v\u0113las univers\u0101lu risin\u0101jumu, kas tik<\/span><\/span><\/span><\/span><span style=\"color: #000000;\"><span style=\"font-family: Arial, sans-serif;\"><span style=\"font-size: medium;\"><span>s<\/span><\/span><\/span><\/span><span style=\"color: #000000;\"><span style=\"font-family: Arial, sans-serif;\"><span style=\"font-size: medium;\"><span> gal\u0101 ar sezon\u0101l\u0101m temperat\u016bras sv\u0101rst\u012bb\u0101m un main\u012bgiem ce\u013ca apst\u0101k\u013ciem <\/span><\/span><\/span><\/span><span style=\"color: #000000;\"><span style=\"font-family: Arial, sans-serif;\"><span style=\"font-size: medium;\"><span>gan<\/span><\/span><\/span><\/span><span style=\"color: #000000;\"><span style=\"font-family: Arial, sans-serif;\"><span style=\"font-size: medium;\"><span> vasaras liet<\/span><\/span><\/span><\/span><span style=\"color: #000000;\"><span style=\"font-family: Arial, sans-serif;\"><span style=\"font-size: medium;\"><span>\u016b, gan <\/span><\/span><\/span><\/span><span style=\"color: #000000;\"><span style=\"font-family: Arial, sans-serif;\"><span style=\"font-size: medium;\"><span>viegl<\/span><\/span><\/span><\/span><span style=\"color: #000000;\"><span style=\"font-family: Arial, sans-serif;\"><span style=\"font-size: medium;\"><span>as<\/span><\/span><\/span><\/span><span style=\"color: #000000;\"><span style=\"font-family: Arial, sans-serif;\"><span style=\"font-size: medium;\"><span> snig\u0161ana<\/span><\/span><\/span><\/span><span style=\"color: #000000;\"><span style=\"font-family: Arial, sans-serif;\"><span style=\"font-size: medium;\"><span>s laik\u0101<\/span><\/span><\/span><\/span><span style=\"color: #000000;\"><span style=\"font-family: Arial, sans-serif;\"><span style=\"font-size: medium;\"><span>.<\/span><\/span><\/span><\/span><\/p>\n<p align=\"left\"><strong><span style=\"color: #000000;\"><span style=\"font-family: Arial, sans-serif;\"><span style=\"font-size: medium;\"><span>Protektors nodro\u0161ina labu<\/span><\/span><\/span><\/span><\/strong><strong><span style=\"font-family: Arial, sans-serif;\"><span> sa\u0137er<\/span><\/span><\/strong><strong><span style=\"font-family: Arial, sans-serif;\"><span>i<\/span><\/span><\/strong><strong><span style=\"font-family: Arial, sans-serif;\"><span> uz slapjas virsmas<\/span><\/span><\/strong><span style=\"font-family: Arial, sans-serif;\"><span> pateicoties 3D lamel\u0113m un dren\u0101\u017eas kan\u0101liem<\/span><\/span><\/p>\n<p align=\"left\"><strong><span style=\"font-family: Arial, sans-serif;\"><span>Protektora raksts veidots, lai s<\/span><\/span><\/strong><strong><span style=\"font-family: Arial, sans-serif;\"><span>amazin\u0101t<\/span><\/span><\/strong><strong><span style=\"font-family: Arial, sans-serif;\"><span>u<\/span><\/span><\/strong><strong><span style=\"font-family: Arial, sans-serif;\"><span> rites troksni <\/span><\/span><\/strong><strong><span style=\"font-family: Arial, sans-serif;\"><span>un<\/span><\/span><\/strong><span style=\"font-family: Arial, sans-serif;\"><span> nodro\u0161in<\/span><\/span><span style=\"font-family: Arial, sans-serif;\"><span>\u0101tu<\/span><\/span><span style=\"font-family: Arial, sans-serif;\"><span> komfortab<\/span><\/span><span style=\"font-family: Arial, sans-serif;\"><span>lu<\/span><\/span><span style=\"font-family: Arial, sans-serif;\"><span> brauk\u0161anu <\/span><\/span><span style=\"font-family: Arial, sans-serif;\"><span>gan <\/span><\/span><span style=\"font-family: Arial, sans-serif;\"><span>pils\u0113t\u0101, <\/span><\/span><span style=\"font-family: Arial, sans-serif;\"><span>gan<\/span><\/span><span style=\"font-family: Arial, sans-serif;\"><span> uz \u0101trgaitas ce\u013ciem.<\/span><\/span><\/p>\n","protected":false},"excerpt":{"rendered":"<p align=\"left\"><span style=\"color: #c9211e;\"><span style=\"font-family: Arial, sans-serif;\"><span style=\"font-size: large;\"><strong><span style=\"color: #000000;\"><span style=\"font-size: medium;\">Sentury Seasonsdragon 2<\/span><\/span><\/strong><span style=\"color: #000000;\"><span style=\"font-size: medium;\"> ir vissezonas riepu modelis, kas izstr\u0101d\u0101ts ikdienas lieto\u0161anai visu gadu, nodro\u0161inot stabilu sniegumu gan vasaras, gan vieglos ziemas apst\u0101k\u013cos. <\/span><\/span><span style=\"color: #000000;\"><span style=\"font-size: medium;\">Modelis izce\u013cas ar<\/span><\/span><span style=\"color: #000000;\"><span style=\"font-size: medium;\"> l\u012bdzsvarotu sa\u0137eri <\/span><\/span><span style=\"color: #000000;\"><span style=\"font-size: medium;\">da\u017e\u0101dos laikapst\u0101k\u013cos<\/span><\/span><span style=\"color: #000000;\"><span style=\"font-size: medium;\">, efekt\u012bvu \u016bdens novadi un samazin\u0101tu t<\/span><\/span><span style=\"color: #000000;\"><span style=\"font-size: medium;\">rok\u0161\u0146a l\u012bmeni. <\/span><\/span><span style=\"color: #000000;\"><span style=\"font-size: medium;\">Praktiska <\/span><\/span><span style=\"color: #000000;\"><span style=\"font-size: medium;\">izv\u0113le autovad\u012bt\u0101jiem, kuri ikdien\u0101 p\u0101rvietojas pils\u0113t\u0101. <\/span><\/span><\/span><\/span><\/span><\/p>\n","protected":false},"featured_media":1437257,"template":"","meta":{"_acf_changed":false,"ngg_post_thumbnail":0},"product_brand":[],"product_cat":[47,45],"product_tag":[],"class_list":{"0":"post-1437214","1":"product","2":"type-product","3":"status-publish","4":"has-post-thumbnail","6":"product_cat-vissezonas-riepas","7":"product_cat-ziemas-riepas","9":"first","10":"instock","11":"sale","12":"taxable","13":"shipping-taxable","14":"purchasable","15":"product-type-simple"},"acf":[],"yoast_head":"<!-- This site is optimized with the Yoast SEO Premium plugin v22.6 (Yoast SEO v27.3) - https:\/\/yoast.com\/product\/yoast-seo-premium-wordpress\/ -->\n<title>215\/55R18 Sentury Seasonsdragon 2 99V XL &#8226; MMK Riepas<\/title>\n<meta name=\"robots\" content=\"index, follow, max-snippet:-1, max-image-preview:large, max-video-preview:-1\" \/>\n<link rel=\"canonical\" href=\"https:\/\/mmkriepas.lv\/en\/p\/215-55r18-sentury-seasonsdragon-2-99v-xl\/\" \/>\n<meta property=\"og:locale\" content=\"en_US\" \/>\n<meta property=\"og:type\" content=\"article\" \/>\n<meta property=\"og:title\" content=\"215\/55R18 Sentury Seasonsdragon 2 99V XL\" \/>\n<meta property=\"og:description\" content=\"Sentury Seasonsdragon 2 ir vissezonas riepu modelis, kas izstr\u0101d\u0101ts ikdienas lieto\u0161anai visu gadu, nodro\u0161inot stabilu sniegumu gan vasaras, gan vieglos ziemas apst\u0101k\u013cos. Modelis izce\u013cas ar l\u012bdzsvarotu sa\u0137eri da\u017e\u0101dos laikapst\u0101k\u013cos, efekt\u012bvu \u016bdens novadi un samazin\u0101tu trok\u0161\u0146a l\u012bmeni. Praktiska izv\u0113le autovad\u012bt\u0101jiem, kuri ikdien\u0101 p\u0101rvietojas pils\u0113t\u0101.\" \/>\n<meta property=\"og:url\" content=\"https:\/\/mmkriepas.lv\/en\/p\/215-55r18-sentury-seasonsdragon-2-99v-xl\/\" \/>\n<meta property=\"og:site_name\" content=\"MMK Riepas\" \/>\n<meta property=\"article:publisher\" content=\"https:\/\/www.facebook.com\/mmkserviss\/\" \/>\n<meta property=\"article:modified_time\" content=\"2026-03-27T21:54:17+00:00\" \/>\n<meta property=\"og:image\" content=\"https:\/\/mmkriepas.lv\/wp-content\/uploads\/2026\/01\/23555r19-sentury-seasonsdragon-2-105w-xl-ziemas-riepas.jpg\" \/>\n\t<meta property=\"og:image:width\" content=\"900\" \/>\n\t<meta property=\"og:image:height\" content=\"720\" \/>\n\t<meta property=\"og:image:type\" content=\"image\/jpeg\" \/>\n<meta name=\"twitter:card\" content=\"summary_large_image\" \/>\n<meta name=\"twitter:label1\" content=\"Price\" \/>\n\t<meta name=\"twitter:data1\" content=\"&euro;59.00\" \/>\n\t<meta name=\"twitter:label2\" content=\"Availability\" \/>\n\t<meta name=\"twitter:data2\" content=\"In stock\" \/>\n<script type=\"application\/ld+json\" class=\"yoast-schema-graph\">{\"@context\":\"https:\\\/\\\/schema.org\",\"@graph\":[{\"@type\":\"WebPage\",\"@id\":\"https:\\\/\\\/mmkriepas.lv\\\/en\\\/p\\\/215-55r18-sentury-seasonsdragon-2-99v-xl\\\/\",\"url\":\"https:\\\/\\\/mmkriepas.lv\\\/en\\\/p\\\/215-55r18-sentury-seasonsdragon-2-99v-xl\\\/\",\"name\":\"215\\\/55R18 Sentury Seasonsdragon 2 99V XL &#8226; MMK Riepas\",\"isPartOf\":{\"@id\":\"https:\\\/\\\/mmkriepas.lv\\\/en\\\/#website\"},\"primaryImageOfPage\":{\"@id\":\"https:\\\/\\\/mmkriepas.lv\\\/en\\\/p\\\/215-55r18-sentury-seasonsdragon-2-99v-xl\\\/#primaryimage\"},\"image\":{\"@id\":\"https:\\\/\\\/mmkriepas.lv\\\/en\\\/p\\\/215-55r18-sentury-seasonsdragon-2-99v-xl\\\/#primaryimage\"},\"thumbnailUrl\":\"https:\\\/\\\/mmkriepas.lv\\\/wp-content\\\/uploads\\\/2026\\\/01\\\/23555r19-sentury-seasonsdragon-2-105w-xl-ziemas-riepas.jpg\",\"datePublished\":\"2026-01-19T12:51:55+00:00\",\"dateModified\":\"2026-03-27T21:54:17+00:00\",\"breadcrumb\":{\"@id\":\"https:\\\/\\\/mmkriepas.lv\\\/en\\\/p\\\/215-55r18-sentury-seasonsdragon-2-99v-xl\\\/#breadcrumb\"},\"inLanguage\":\"en-US\",\"potentialAction\":[{\"@type\":\"ReadAction\",\"target\":[\"https:\\\/\\\/mmkriepas.lv\\\/en\\\/p\\\/215-55r18-sentury-seasonsdragon-2-99v-xl\\\/\"]}]},{\"@type\":\"ImageObject\",\"inLanguage\":\"en-US\",\"@id\":\"https:\\\/\\\/mmkriepas.lv\\\/en\\\/p\\\/215-55r18-sentury-seasonsdragon-2-99v-xl\\\/#primaryimage\",\"url\":\"https:\\\/\\\/mmkriepas.lv\\\/wp-content\\\/uploads\\\/2026\\\/01\\\/23555r19-sentury-seasonsdragon-2-105w-xl-ziemas-riepas.jpg\",\"contentUrl\":\"https:\\\/\\\/mmkriepas.lv\\\/wp-content\\\/uploads\\\/2026\\\/01\\\/23555r19-sentury-seasonsdragon-2-105w-xl-ziemas-riepas.jpg\",\"width\":900,\"height\":720,\"caption\":\"MAIN\"},{\"@type\":\"BreadcrumbList\",\"@id\":\"https:\\\/\\\/mmkriepas.lv\\\/en\\\/p\\\/215-55r18-sentury-seasonsdragon-2-99v-xl\\\/#breadcrumb\",\"itemListElement\":[{\"@type\":\"ListItem\",\"position\":1,\"name\":\"S\u0101kums\",\"item\":\"https:\\\/\\\/mmkriepas.lv\\\/en\\\/\"},{\"@type\":\"ListItem\",\"position\":2,\"name\":\"215\\\/55R18 Sentury Seasonsdragon 2 99V XL\"}]},{\"@type\":\"WebSite\",\"@id\":\"https:\\\/\\\/mmkriepas.lv\\\/en\\\/#website\",\"url\":\"https:\\\/\\\/mmkriepas.lv\\\/en\\\/\",\"name\":\"MMK Riepas\",\"description\":\"MMK Riepas\",\"alternateName\":\"MMK Riepu Serviss\",\"potentialAction\":[{\"@type\":\"SearchAction\",\"target\":{\"@type\":\"EntryPoint\",\"urlTemplate\":\"https:\\\/\\\/mmkriepas.lv\\\/en\\\/?s={search_term_string}\"},\"query-input\":{\"@type\":\"PropertyValueSpecification\",\"valueRequired\":true,\"valueName\":\"search_term_string\"}}],\"inLanguage\":\"en-US\"},{\"@type\":\"ImageObject\",\"inLanguage\":\"en-US\",\"@id\":\"https:\\\/\\\/mmkriepas.lv\\\/en\\\/p\\\/215-55r18-sentury-seasonsdragon-2-99v-xl\\\/#local-main-organization-logo\",\"url\":\"\",\"contentUrl\":\"\",\"caption\":\"MMK Riepas\"}]}<\/script>\n<meta property=\"product:brand\" content=\"Sentury Seasonsdragon 2\" \/>\n<meta property=\"product:price:amount\" content=\"59.00\" \/>\n<meta property=\"product:price:currency\" content=\"EUR\" \/>\n<meta property=\"og:availability\" content=\"instock\" \/>\n<meta property=\"product:availability\" content=\"instock\" \/>\n<meta property=\"product:retailer_item_id\" content=\"TW2155518SENTU-55565\" \/>\n<meta property=\"product:condition\" content=\"new\" \/>\n<!-- \/ Yoast SEO Premium plugin. -->","yoast_head_json":{"title":"215\/55R18 Sentury Seasonsdragon 2 99V XL &#8226; MMK Riepas","robots":{"index":"index","follow":"follow","max-snippet":"max-snippet:-1","max-image-preview":"max-image-preview:large","max-video-preview":"max-video-preview:-1"},"canonical":"https:\/\/mmkriepas.lv\/en\/p\/215-55r18-sentury-seasonsdragon-2-99v-xl\/","og_locale":"en_US","og_type":"article","og_title":"215\/55R18 Sentury Seasonsdragon 2 99V XL","og_description":"Sentury Seasonsdragon 2 ir vissezonas riepu modelis, kas izstr\u0101d\u0101ts ikdienas lieto\u0161anai visu gadu, nodro\u0161inot stabilu sniegumu gan vasaras, gan vieglos ziemas apst\u0101k\u013cos. Modelis izce\u013cas ar l\u012bdzsvarotu sa\u0137eri da\u017e\u0101dos laikapst\u0101k\u013cos, efekt\u012bvu \u016bdens novadi un samazin\u0101tu trok\u0161\u0146a l\u012bmeni. Praktiska izv\u0113le autovad\u012bt\u0101jiem, kuri ikdien\u0101 p\u0101rvietojas pils\u0113t\u0101.","og_url":"https:\/\/mmkriepas.lv\/en\/p\/215-55r18-sentury-seasonsdragon-2-99v-xl\/","og_site_name":"MMK Riepas","article_publisher":"https:\/\/www.facebook.com\/mmkserviss\/","article_modified_time":"2026-03-27T21:54:17+00:00","og_image":[{"width":900,"height":720,"url":"https:\/\/mmkriepas.lv\/wp-content\/uploads\/2026\/01\/23555r19-sentury-seasonsdragon-2-105w-xl-ziemas-riepas.jpg","type":"image\/jpeg"}],"twitter_card":"summary_large_image","twitter_misc":{"Price":"&euro;59.00","Availability":"In stock"},"schema":{"@context":"https:\/\/schema.org","@graph":[{"@type":"WebPage","@id":"https:\/\/mmkriepas.lv\/en\/p\/215-55r18-sentury-seasonsdragon-2-99v-xl\/","url":"https:\/\/mmkriepas.lv\/en\/p\/215-55r18-sentury-seasonsdragon-2-99v-xl\/","name":"215\/55R18 Sentury Seasonsdragon 2 99V XL &#8226; MMK Riepas","isPartOf":{"@id":"https:\/\/mmkriepas.lv\/en\/#website"},"primaryImageOfPage":{"@id":"https:\/\/mmkriepas.lv\/en\/p\/215-55r18-sentury-seasonsdragon-2-99v-xl\/#primaryimage"},"image":{"@id":"https:\/\/mmkriepas.lv\/en\/p\/215-55r18-sentury-seasonsdragon-2-99v-xl\/#primaryimage"},"thumbnailUrl":"https:\/\/mmkriepas.lv\/wp-content\/uploads\/2026\/01\/23555r19-sentury-seasonsdragon-2-105w-xl-ziemas-riepas.jpg","datePublished":"2026-01-19T12:51:55+00:00","dateModified":"2026-03-27T21:54:17+00:00","breadcrumb":{"@id":"https:\/\/mmkriepas.lv\/en\/p\/215-55r18-sentury-seasonsdragon-2-99v-xl\/#breadcrumb"},"inLanguage":"en-US","potentialAction":[{"@type":"ReadAction","target":["https:\/\/mmkriepas.lv\/en\/p\/215-55r18-sentury-seasonsdragon-2-99v-xl\/"]}]},{"@type":"ImageObject","inLanguage":"en-US","@id":"https:\/\/mmkriepas.lv\/en\/p\/215-55r18-sentury-seasonsdragon-2-99v-xl\/#primaryimage","url":"https:\/\/mmkriepas.lv\/wp-content\/uploads\/2026\/01\/23555r19-sentury-seasonsdragon-2-105w-xl-ziemas-riepas.jpg","contentUrl":"https:\/\/mmkriepas.lv\/wp-content\/uploads\/2026\/01\/23555r19-sentury-seasonsdragon-2-105w-xl-ziemas-riepas.jpg","width":900,"height":720,"caption":"MAIN"},{"@type":"BreadcrumbList","@id":"https:\/\/mmkriepas.lv\/en\/p\/215-55r18-sentury-seasonsdragon-2-99v-xl\/#breadcrumb","itemListElement":[{"@type":"ListItem","position":1,"name":"S\u0101kums","item":"https:\/\/mmkriepas.lv\/en\/"},{"@type":"ListItem","position":2,"name":"215\/55R18 Sentury Seasonsdragon 2 99V XL"}]},{"@type":"WebSite","@id":"https:\/\/mmkriepas.lv\/en\/#website","url":"https:\/\/mmkriepas.lv\/en\/","name":"MMK Riepas","description":"MMK Riepas","alternateName":"MMK Riepu Serviss","potentialAction":[{"@type":"SearchAction","target":{"@type":"EntryPoint","urlTemplate":"https:\/\/mmkriepas.lv\/en\/?s={search_term_string}"},"query-input":{"@type":"PropertyValueSpecification","valueRequired":true,"valueName":"search_term_string"}}],"inLanguage":"en-US"},{"@type":"ImageObject","inLanguage":"en-US","@id":"https:\/\/mmkriepas.lv\/en\/p\/215-55r18-sentury-seasonsdragon-2-99v-xl\/#local-main-organization-logo","url":"","contentUrl":"","caption":"MMK Riepas"}]},"product_brand":"Sentury Seasonsdragon 2","product_price_amount":"59.00","product_price_currency":"EUR","og_availability":"instock","product_availability":"instock","product_retailer_item_id":"TW2155518SENTU-55565","product_condition":"new"},"_links":{"self":[{"href":"https:\/\/mmkriepas.lv\/en\/wp-json\/wp\/v2\/product\/1437214","targetHints":{"allow":["GET"]}}],"collection":[{"href":"https:\/\/mmkriepas.lv\/en\/wp-json\/wp\/v2\/product"}],"about":[{"href":"https:\/\/mmkriepas.lv\/en\/wp-json\/wp\/v2\/types\/product"}],"wp:featuredmedia":[{"embeddable":true,"href":"https:\/\/mmkriepas.lv\/en\/wp-json\/wp\/v2\/media\/1437257"}],"wp:attachment":[{"href":"https:\/\/mmkriepas.lv\/en\/wp-json\/wp\/v2\/media?parent=1437214"}],"wp:term":[{"taxonomy":"product_brand","embeddable":true,"href":"https:\/\/mmkriepas.lv\/en\/wp-json\/wp\/v2\/product_brand?post=1437214"},{"taxonomy":"product_cat","embeddable":true,"href":"https:\/\/mmkriepas.lv\/en\/wp-json\/wp\/v2\/product_cat?post=1437214"},{"taxonomy":"product_tag","embeddable":true,"href":"https:\/\/mmkriepas.lv\/en\/wp-json\/wp\/v2\/product_tag?post=1437214"}],"curies":[{"name":"wp","href":"https:\/\/api.w.org\/{rel}","templated":true}]}}