{"id":1427375,"date":"2026-01-11T18:27:19","date_gmt":"2026-01-11T16:27:19","guid":{"rendered":"https:\/\/mmkriepas.lv\/?post_type=product&#038;p=1427375"},"modified":"2026-03-27T15:20:02","modified_gmt":"2026-03-27T13:20:02","slug":"195-80r15c-sailun-extmile-sl87n-106-104r-8pr","status":"publish","type":"product","link":"https:\/\/mmkriepas.lv\/en\/p\/195-80r15c-sailun-extmile-sl87n-106-104r-8pr\/","title":{"rendered":"195\/80R15C Sailun EXTMILE SL87N 106\/104R 8PR"},"content":{"rendered":"<p class=\"western\" align=\"left\"><span style=\"font-family: Arial, sans-serif;\"><span style=\"font-size: small;\"><b><span>Sailun EXTMILE SL87N<\/span><\/b><span> ir labas kvalit\u0101tes, bud\u017eeta klases komerctransporta vasaras riepu modelis. Tas izce\u013cas ar lab\u0101m kravnes\u012bbas, degvielas ekonomijas, nodilumiztur\u012bbas un sa\u0137eres \u012bpa\u0161\u012bb\u0101m uz sausa un slapja asfalta, k\u0101 ar\u012b uz grants ce\u013ciem. \u0160is riepu modelis pieejams izm\u0113ru kl\u0101st\u0101 R14 un R15 un piem\u0113rots mikroautobusiem un piekab\u0113m.\u00a0<\/span><\/span><\/span><\/p>\n<h3 class=\"western\" align=\"left\"><span style=\"font-family: Arial, sans-serif;\"><span>Sailun EXTMILE SL87N galven\u0101s \u012bpa\u0161\u012bbas<\/span><\/span><\/h3>\n<p class=\"western\" align=\"left\"><span style=\"font-family: Arial, sans-serif;\"><span>+ Lieli slodzes indeksi, kas smagas kravas at\u013caus p\u0101rvad\u0101t pat intens\u012bvas ekspluat\u0101cijas apst\u0101k\u013cos.<br \/>+ Palielin\u0101ta nodilumiztur\u012bba.<br \/>+ Zemi degvielas pat\u0113ri\u0146i.<br \/>+ Zems akvaplan\u0113\u0161anas risks.<br \/>+ Laba sa\u0137ere uz sausa un slapja asfalta, k\u0101 ar\u012b uz grants ce\u013ciem. <br \/>+ Labs akustiskais un brauk\u0161anas gaitas komforts.<\/span><\/span><\/p>\n<h3 class=\"western\" align=\"left\"><span style=\"font-family: Arial, sans-serif;\"><span>EXTMILE SL87N apr\u012bkojums<\/span><\/span><\/h3>\n<p class=\"western\" align=\"left\"><span style=\"font-family: Arial, sans-serif;\"><span>Sailun <\/span><span>EXTMILE <\/span><span>SL87N komerctransporta vasaras riepas apr\u012bkotas ar \u0161im riepu segmentam rakstur\u012bgu virzienveida protektora rakstu. \u0160\u0101ds dizains nereti tiek izv\u0113l\u0113ts c indeksa riep\u0101m, jo tas sevi apvieno labas kravnes\u012bbas un nodilumiztur\u012bbas \u012bpa\u0161\u012bbas.<\/span><\/span><\/p>\n<p class=\"western\" align=\"left\"><span style=\"font-family: Arial, sans-serif;\"><span>Mas\u012bv\u0101s, simetriski izvietot\u0101s protektora joslas nodro\u0161ina lielu kontakta virsmu ar ce\u013cu. Tas b\u016btiski uzlabo riepu kravnes\u012bbu, k\u0101 ar\u012b pal\u012bdz nodro\u0161in\u0101t l\u0113n\u0101ku un vienm\u0113r\u0113g\u0101ku nodilumu.<\/span><\/span><\/p>\n<p class=\"western\" align=\"left\"><span style=\"font-family: Arial, sans-serif;\"><span>Simetrisk\u0101 protektora pamatn\u0113 atrodams ar vair\u0101kiem kordu jeb brekera sl\u0101\u0146iem pastiprin\u0101ts karkass. Tas vienlaikus sp\u0113j iztur\u0113t paaugstin\u0101tas slodzes un triecienus, paildzinot riepu kalpo\u0161anas m\u016b\u017eu.<\/span><\/span><\/p>\n","protected":false},"excerpt":{"rendered":"<p><span style=\"font-family: Arial, sans-serif;\"><span style=\"font-size: small;\"><b><span>Sailun EXTMILE SL87N<\/span><\/b><span> ir labas kvalit\u0101tes, bud\u017eeta klases komerctransporta vasaras riepu modelis. Tas izce\u013cas ar lab\u0101m kravnes\u012bbas, degvielas ekonomijas, nodilumiztur\u012bbas un sa\u0137eres \u012bpa\u0161\u012bb\u0101m uz sausa un slapja asfalta, k\u0101 ar\u012b uz grants ce\u013ciem. \u0160is riepu modelis pieejams izm\u0113ru kl\u0101st\u0101 R14 un R15 un piem\u0113rots mikroautobusiem un piekab\u0113m.\u00a0<\/span><\/span><\/span><\/p>\n","protected":false},"featured_media":894172,"template":"","meta":{"_acf_changed":false,"ngg_post_thumbnail":0},"product_brand":[],"product_cat":[46],"product_tag":[],"class_list":{"0":"post-1427375","1":"product","2":"type-product","3":"status-publish","4":"has-post-thumbnail","6":"product_cat-vasaras-riepas","8":"first","9":"instock","10":"sale","11":"taxable","12":"shipping-taxable","13":"purchasable","14":"product-type-simple"},"acf":[],"yoast_head":"<!-- This site is optimized with the Yoast SEO Premium plugin v22.6 (Yoast SEO v27.3) - https:\/\/yoast.com\/product\/yoast-seo-premium-wordpress\/ -->\n<title>195\/80R15C Sailun EXTMILE SL87N 106\/104R 8PR &#8226; MMK Riepas<\/title>\n<meta name=\"robots\" content=\"index, follow, max-snippet:-1, max-image-preview:large, max-video-preview:-1\" \/>\n<link rel=\"canonical\" href=\"https:\/\/mmkriepas.lv\/en\/p\/195-80r15c-sailun-extmile-sl87n-106-104r-8pr\/\" \/>\n<meta property=\"og:locale\" content=\"en_US\" \/>\n<meta property=\"og:type\" content=\"article\" \/>\n<meta property=\"og:title\" content=\"195\/80R15C Sailun EXTMILE SL87N 106\/104R 8PR\" \/>\n<meta property=\"og:description\" content=\"Sailun EXTMILE SL87N ir labas kvalit\u0101tes, bud\u017eeta klases komerctransporta vasaras riepu modelis. Tas izce\u013cas ar lab\u0101m kravnes\u012bbas, degvielas ekonomijas, nodilumiztur\u012bbas un sa\u0137eres \u012bpa\u0161\u012bb\u0101m uz sausa un slapja asfalta, k\u0101 ar\u012b uz grants ce\u013ciem. \u0160is riepu modelis pieejams izm\u0113ru kl\u0101st\u0101 R14 un R15 un piem\u0113rots mikroautobusiem un piekab\u0113m.\u00a0\" \/>\n<meta property=\"og:url\" content=\"https:\/\/mmkriepas.lv\/en\/p\/195-80r15c-sailun-extmile-sl87n-106-104r-8pr\/\" \/>\n<meta property=\"og:site_name\" content=\"MMK Riepas\" \/>\n<meta property=\"article:publisher\" content=\"https:\/\/www.facebook.com\/mmkserviss\/\" \/>\n<meta property=\"article:modified_time\" content=\"2026-03-27T13:20:02+00:00\" \/>\n<meta property=\"og:image\" content=\"https:\/\/mmkriepas.lv\/wp-content\/uploads\/2024\/04\/18580r14c-sailun-extmile-sl87n-102100q-8pr-vasaras-riepas.jpg\" \/>\n\t<meta property=\"og:image:width\" content=\"1000\" \/>\n\t<meta property=\"og:image:height\" content=\"827\" \/>\n\t<meta property=\"og:image:type\" content=\"image\/jpeg\" \/>\n<meta name=\"twitter:card\" content=\"summary_large_image\" \/>\n<meta name=\"twitter:label1\" content=\"Price\" \/>\n\t<meta name=\"twitter:data1\" content=\"&euro;75.00\" \/>\n\t<meta name=\"twitter:label2\" content=\"Availability\" \/>\n\t<meta name=\"twitter:data2\" content=\"In stock\" \/>\n<script type=\"application\/ld+json\" class=\"yoast-schema-graph\">{\"@context\":\"https:\\\/\\\/schema.org\",\"@graph\":[{\"@type\":\"WebPage\",\"@id\":\"https:\\\/\\\/mmkriepas.lv\\\/en\\\/p\\\/195-80r15c-sailun-extmile-sl87n-106-104r-8pr\\\/\",\"url\":\"https:\\\/\\\/mmkriepas.lv\\\/en\\\/p\\\/195-80r15c-sailun-extmile-sl87n-106-104r-8pr\\\/\",\"name\":\"195\\\/80R15C Sailun EXTMILE SL87N 106\\\/104R 8PR &#8226; MMK Riepas\",\"isPartOf\":{\"@id\":\"https:\\\/\\\/mmkriepas.lv\\\/en\\\/#website\"},\"primaryImageOfPage\":{\"@id\":\"https:\\\/\\\/mmkriepas.lv\\\/en\\\/p\\\/195-80r15c-sailun-extmile-sl87n-106-104r-8pr\\\/#primaryimage\"},\"image\":{\"@id\":\"https:\\\/\\\/mmkriepas.lv\\\/en\\\/p\\\/195-80r15c-sailun-extmile-sl87n-106-104r-8pr\\\/#primaryimage\"},\"thumbnailUrl\":\"https:\\\/\\\/mmkriepas.lv\\\/wp-content\\\/uploads\\\/2024\\\/04\\\/18580r14c-sailun-extmile-sl87n-102100q-8pr-vasaras-riepas.jpg\",\"datePublished\":\"2026-01-11T16:27:19+00:00\",\"dateModified\":\"2026-03-27T13:20:02+00:00\",\"breadcrumb\":{\"@id\":\"https:\\\/\\\/mmkriepas.lv\\\/en\\\/p\\\/195-80r15c-sailun-extmile-sl87n-106-104r-8pr\\\/#breadcrumb\"},\"inLanguage\":\"en-US\",\"potentialAction\":[{\"@type\":\"ReadAction\",\"target\":[\"https:\\\/\\\/mmkriepas.lv\\\/en\\\/p\\\/195-80r15c-sailun-extmile-sl87n-106-104r-8pr\\\/\"]}]},{\"@type\":\"ImageObject\",\"inLanguage\":\"en-US\",\"@id\":\"https:\\\/\\\/mmkriepas.lv\\\/en\\\/p\\\/195-80r15c-sailun-extmile-sl87n-106-104r-8pr\\\/#primaryimage\",\"url\":\"https:\\\/\\\/mmkriepas.lv\\\/wp-content\\\/uploads\\\/2024\\\/04\\\/18580r14c-sailun-extmile-sl87n-102100q-8pr-vasaras-riepas.jpg\",\"contentUrl\":\"https:\\\/\\\/mmkriepas.lv\\\/wp-content\\\/uploads\\\/2024\\\/04\\\/18580r14c-sailun-extmile-sl87n-102100q-8pr-vasaras-riepas.jpg\",\"width\":1000,\"height\":827,\"caption\":\"MAIN\"},{\"@type\":\"BreadcrumbList\",\"@id\":\"https:\\\/\\\/mmkriepas.lv\\\/en\\\/p\\\/195-80r15c-sailun-extmile-sl87n-106-104r-8pr\\\/#breadcrumb\",\"itemListElement\":[{\"@type\":\"ListItem\",\"position\":1,\"name\":\"S\u0101kums\",\"item\":\"https:\\\/\\\/mmkriepas.lv\\\/en\\\/\"},{\"@type\":\"ListItem\",\"position\":2,\"name\":\"195\\\/80R15C Sailun EXTMILE SL87N 106\\\/104R 8PR\"}]},{\"@type\":\"WebSite\",\"@id\":\"https:\\\/\\\/mmkriepas.lv\\\/en\\\/#website\",\"url\":\"https:\\\/\\\/mmkriepas.lv\\\/en\\\/\",\"name\":\"MMK Riepas\",\"description\":\"MMK Riepas\",\"alternateName\":\"MMK Riepu Serviss\",\"potentialAction\":[{\"@type\":\"SearchAction\",\"target\":{\"@type\":\"EntryPoint\",\"urlTemplate\":\"https:\\\/\\\/mmkriepas.lv\\\/en\\\/?s={search_term_string}\"},\"query-input\":{\"@type\":\"PropertyValueSpecification\",\"valueRequired\":true,\"valueName\":\"search_term_string\"}}],\"inLanguage\":\"en-US\"},{\"@type\":\"ImageObject\",\"inLanguage\":\"en-US\",\"@id\":\"https:\\\/\\\/mmkriepas.lv\\\/en\\\/p\\\/195-80r15c-sailun-extmile-sl87n-106-104r-8pr\\\/#local-main-organization-logo\",\"url\":\"\",\"contentUrl\":\"\",\"caption\":\"MMK Riepas\"}]}<\/script>\n<meta property=\"product:brand\" content=\"Sailun EXTMILE SL87N\" \/>\n<meta property=\"product:price:amount\" content=\"75.00\" \/>\n<meta property=\"product:price:currency\" content=\"EUR\" \/>\n<meta property=\"og:availability\" content=\"instock\" \/>\n<meta property=\"product:availability\" content=\"instock\" \/>\n<meta property=\"product:retailer_item_id\" content=\"TS1958015SAILU-L55408\" \/>\n<meta property=\"product:condition\" content=\"new\" \/>\n<!-- \/ Yoast SEO Premium plugin. -->","yoast_head_json":{"title":"195\/80R15C Sailun EXTMILE SL87N 106\/104R 8PR &#8226; MMK Riepas","robots":{"index":"index","follow":"follow","max-snippet":"max-snippet:-1","max-image-preview":"max-image-preview:large","max-video-preview":"max-video-preview:-1"},"canonical":"https:\/\/mmkriepas.lv\/en\/p\/195-80r15c-sailun-extmile-sl87n-106-104r-8pr\/","og_locale":"en_US","og_type":"article","og_title":"195\/80R15C Sailun EXTMILE SL87N 106\/104R 8PR","og_description":"Sailun EXTMILE SL87N ir labas kvalit\u0101tes, bud\u017eeta klases komerctransporta vasaras riepu modelis. Tas izce\u013cas ar lab\u0101m kravnes\u012bbas, degvielas ekonomijas, nodilumiztur\u012bbas un sa\u0137eres \u012bpa\u0161\u012bb\u0101m uz sausa un slapja asfalta, k\u0101 ar\u012b uz grants ce\u013ciem. \u0160is riepu modelis pieejams izm\u0113ru kl\u0101st\u0101 R14 un R15 un piem\u0113rots mikroautobusiem un piekab\u0113m.\u00a0","og_url":"https:\/\/mmkriepas.lv\/en\/p\/195-80r15c-sailun-extmile-sl87n-106-104r-8pr\/","og_site_name":"MMK Riepas","article_publisher":"https:\/\/www.facebook.com\/mmkserviss\/","article_modified_time":"2026-03-27T13:20:02+00:00","og_image":[{"width":1000,"height":827,"url":"https:\/\/mmkriepas.lv\/wp-content\/uploads\/2024\/04\/18580r14c-sailun-extmile-sl87n-102100q-8pr-vasaras-riepas.jpg","type":"image\/jpeg"}],"twitter_card":"summary_large_image","twitter_misc":{"Price":"&euro;75.00","Availability":"In stock"},"schema":{"@context":"https:\/\/schema.org","@graph":[{"@type":"WebPage","@id":"https:\/\/mmkriepas.lv\/en\/p\/195-80r15c-sailun-extmile-sl87n-106-104r-8pr\/","url":"https:\/\/mmkriepas.lv\/en\/p\/195-80r15c-sailun-extmile-sl87n-106-104r-8pr\/","name":"195\/80R15C Sailun EXTMILE SL87N 106\/104R 8PR &#8226; MMK Riepas","isPartOf":{"@id":"https:\/\/mmkriepas.lv\/en\/#website"},"primaryImageOfPage":{"@id":"https:\/\/mmkriepas.lv\/en\/p\/195-80r15c-sailun-extmile-sl87n-106-104r-8pr\/#primaryimage"},"image":{"@id":"https:\/\/mmkriepas.lv\/en\/p\/195-80r15c-sailun-extmile-sl87n-106-104r-8pr\/#primaryimage"},"thumbnailUrl":"https:\/\/mmkriepas.lv\/wp-content\/uploads\/2024\/04\/18580r14c-sailun-extmile-sl87n-102100q-8pr-vasaras-riepas.jpg","datePublished":"2026-01-11T16:27:19+00:00","dateModified":"2026-03-27T13:20:02+00:00","breadcrumb":{"@id":"https:\/\/mmkriepas.lv\/en\/p\/195-80r15c-sailun-extmile-sl87n-106-104r-8pr\/#breadcrumb"},"inLanguage":"en-US","potentialAction":[{"@type":"ReadAction","target":["https:\/\/mmkriepas.lv\/en\/p\/195-80r15c-sailun-extmile-sl87n-106-104r-8pr\/"]}]},{"@type":"ImageObject","inLanguage":"en-US","@id":"https:\/\/mmkriepas.lv\/en\/p\/195-80r15c-sailun-extmile-sl87n-106-104r-8pr\/#primaryimage","url":"https:\/\/mmkriepas.lv\/wp-content\/uploads\/2024\/04\/18580r14c-sailun-extmile-sl87n-102100q-8pr-vasaras-riepas.jpg","contentUrl":"https:\/\/mmkriepas.lv\/wp-content\/uploads\/2024\/04\/18580r14c-sailun-extmile-sl87n-102100q-8pr-vasaras-riepas.jpg","width":1000,"height":827,"caption":"MAIN"},{"@type":"BreadcrumbList","@id":"https:\/\/mmkriepas.lv\/en\/p\/195-80r15c-sailun-extmile-sl87n-106-104r-8pr\/#breadcrumb","itemListElement":[{"@type":"ListItem","position":1,"name":"S\u0101kums","item":"https:\/\/mmkriepas.lv\/en\/"},{"@type":"ListItem","position":2,"name":"195\/80R15C Sailun EXTMILE SL87N 106\/104R 8PR"}]},{"@type":"WebSite","@id":"https:\/\/mmkriepas.lv\/en\/#website","url":"https:\/\/mmkriepas.lv\/en\/","name":"MMK Riepas","description":"MMK Riepas","alternateName":"MMK Riepu Serviss","potentialAction":[{"@type":"SearchAction","target":{"@type":"EntryPoint","urlTemplate":"https:\/\/mmkriepas.lv\/en\/?s={search_term_string}"},"query-input":{"@type":"PropertyValueSpecification","valueRequired":true,"valueName":"search_term_string"}}],"inLanguage":"en-US"},{"@type":"ImageObject","inLanguage":"en-US","@id":"https:\/\/mmkriepas.lv\/en\/p\/195-80r15c-sailun-extmile-sl87n-106-104r-8pr\/#local-main-organization-logo","url":"","contentUrl":"","caption":"MMK Riepas"}]},"product_brand":"Sailun EXTMILE SL87N","product_price_amount":"75.00","product_price_currency":"EUR","og_availability":"instock","product_availability":"instock","product_retailer_item_id":"TS1958015SAILU-L55408","product_condition":"new"},"_links":{"self":[{"href":"https:\/\/mmkriepas.lv\/en\/wp-json\/wp\/v2\/product\/1427375","targetHints":{"allow":["GET"]}}],"collection":[{"href":"https:\/\/mmkriepas.lv\/en\/wp-json\/wp\/v2\/product"}],"about":[{"href":"https:\/\/mmkriepas.lv\/en\/wp-json\/wp\/v2\/types\/product"}],"wp:featuredmedia":[{"embeddable":true,"href":"https:\/\/mmkriepas.lv\/en\/wp-json\/wp\/v2\/media\/894172"}],"wp:attachment":[{"href":"https:\/\/mmkriepas.lv\/en\/wp-json\/wp\/v2\/media?parent=1427375"}],"wp:term":[{"taxonomy":"product_brand","embeddable":true,"href":"https:\/\/mmkriepas.lv\/en\/wp-json\/wp\/v2\/product_brand?post=1427375"},{"taxonomy":"product_cat","embeddable":true,"href":"https:\/\/mmkriepas.lv\/en\/wp-json\/wp\/v2\/product_cat?post=1427375"},{"taxonomy":"product_tag","embeddable":true,"href":"https:\/\/mmkriepas.lv\/en\/wp-json\/wp\/v2\/product_tag?post=1427375"}],"curies":[{"name":"wp","href":"https:\/\/api.w.org\/{rel}","templated":true}]}}