{"id":142543,"date":"2020-08-13T12:13:13","date_gmt":"2020-08-13T09:13:13","guid":{"rendered":"https:\/\/mmkserviss.lv\/?post_type=product&#038;p=142543"},"modified":"2023-02-22T17:22:36","modified_gmt":"2023-02-22T15:22:36","slug":"235-50r19-hankook-i-cept-evo-w320a-103v","status":"publish","type":"product","link":"https:\/\/mmkriepas.lv\/en\/p\/235-50r19-hankook-i-cept-evo-w320a-103v\/","title":{"rendered":"235\/50R19 Hankook Winter i*cept evo2 SUV W320A 103V"},"content":{"rendered":"<p><strong>Hankook <\/strong><strong>Winter i*cept evo2 SUV W320A<\/strong> ir ziemas riepa, kas izstr\u0101d\u0101ta krosoveriem un apvidus auto (SUV). <strong>\u0160\u012b riepa izce\u013cas<\/strong> ar lieliskiem sa\u0137eres r\u0101d\u012bt\u0101jiem uz slapj\u0101m un sniegot\u0101m virsm\u0101m, manevr\u0113tsp\u0113ju un stabilit\u0101ti.<\/p>\n<h3><strong>Winter i*cept evo2 SUV <\/strong><strong>W320A galven\u0101s iez\u012bmes<\/strong><strong>:<\/strong><\/h3>\n<p>+ Asimetriskais protektora raksts ar vair\u0101ku tipu dren\u0101\u017eas kan\u0101liem uzlabo sa\u0137eri ar sniegotiem ce\u013ciem.<\/p>\n<p>+ Vair\u0101ki t\u016bksto\u0161i lame\u013cu b\u016btiski sa\u012bsina bremz\u0113\u0161an\u0101s ce\u013cu.<\/p>\n<p>+ Palielin\u0101tie plecu bloki palielina vad\u012b\u0161anas precizit\u0101ti un uzlabo manevr\u0113tsp\u0113ju.<\/p>\n<h3><strong>Winter <\/strong><strong>i<\/strong><strong>*<\/strong><strong>cept <\/strong><strong>e<\/strong><strong>vo2<\/strong><strong> SUV W320A<\/strong><strong> protektora raksts<\/strong><strong>:<\/strong><\/h3>\n<p><strong>Hankook W320A <\/strong>protektora raksts apvieno sev\u012b vair\u0101kus ori\u0123in\u0101lus risin\u0101jumus, kas uzlabo sa\u0137eri ar sliden\u0101m virsm\u0101m. Viens no \u0161iem risin\u0101jumiem ir dren\u0101\u017eas rievu kan\u0101li plecu zon\u0101, kas izveidoti ledus <strong>cirvja form\u0101.<\/strong> \u0160\u0101da dren\u0101\u017eas rievu forma uzlabo veiktsp\u0113ju uz sniegotiem ce\u013ciem. <strong>Vair\u0101ki t\u016bksto\u0161i 3D lame\u013cu<\/strong> , bru\u0146otu ar as\u0101m mal\u0101m, uzlabo sa\u0137eri ar apledoju\u0161\u0101m virsm\u0101m.<\/p>\n<h3><strong>Elastrom\u0113ri <\/strong><strong>W320A <\/strong><strong>gumijas sast\u0101v\u0101<\/strong><\/h3>\n<p><strong>Hankook W320A<\/strong> protektora raksts izgatavots no gumijas, kuras sast\u0101vam pievienota virkne elastrom\u0113ru. Hankook inovat\u012bvie risin\u0101jumi \u013cauj \u0161ai riepai saglab\u0101t elast\u012bbu pat \u013coti zem\u0101s gaisa temperat\u016br\u0101s, kas uzlabo sa\u0137eri un triecieniztur\u012bbu.<\/p>\n<h3><strong>Hibr\u012bdkonstrukcija Hankook W320A karkas\u0101<\/strong><\/h3>\n<p>K\u0101 v\u0113l vienu interesantu \u012bpa\u0161\u012bbu var min\u0113t karkasa uzb\u016bves <strong>hibr\u012bdsist\u0113mu. <\/strong>\u0160\u012b mode\u013ca karkasa kordu izgatavo\u0161an\u0101 izmantots tikai viens t\u0113rauda pavediens, visi p\u0101r\u0113jie ir izgatavoti no sint\u0113tiskiem materialiem. Tas padara riepu krietni viegl\u0101ku, padarot brauk\u0161anu dinamisk\u0101ku, turkl\u0101t riepa saglab\u0101 triecieniztur\u012bbu un ilglaic\u012bgas kalpotsp\u0113jas \u012bpa\u0161\u012bbas.<\/p>\n","protected":false},"excerpt":{"rendered":"<p><strong>Hankook <\/strong><strong>Winter i*cept evo2 SUV W320A<\/strong> ir ziemas riepa, kas izstr\u0101d\u0101ta krosoveriem un apvidus auto (SUV). <strong>\u0160\u012b riepa izce\u013cas<\/strong> ar lieliskiem sa\u0137eres r\u0101d\u012bt\u0101jiem uz slapj\u0101m un sniegot\u0101m virsm\u0101m, manevr\u0113tsp\u0113ju un stabilit\u0101ti.<\/p>\n","protected":false},"featured_media":1226413,"template":"","meta":{"_acf_changed":false,"ngg_post_thumbnail":0},"product_brand":[],"product_cat":[47,45],"product_tag":[],"class_list":{"0":"post-142543","1":"product","2":"type-product","3":"status-publish","4":"has-post-thumbnail","6":"product_cat-vissezonas-riepas","7":"product_cat-ziemas-riepas","9":"first","10":"instock","11":"sale","12":"taxable","13":"shipping-taxable","14":"product-type-simple"},"acf":[],"yoast_head":"<!-- This site is optimized with the Yoast SEO Premium plugin v22.6 (Yoast SEO v27.3) - https:\/\/yoast.com\/product\/yoast-seo-premium-wordpress\/ -->\n<title>235\/50R19 Hankook Winter i*cept evo2 SUV W320A 103V &#8226; MMK Riepas<\/title>\n<meta name=\"description\" content=\"Hankook i cept Evo W320 - premium ziemas riepa par labu cenu! Pieejama MMK riepu centros visos izm\u0113ros, par viszem\u0101kaj\u0101m cen\u0101m!\" \/>\n<meta name=\"robots\" content=\"index, follow, max-snippet:-1, max-image-preview:large, max-video-preview:-1\" \/>\n<link rel=\"canonical\" href=\"https:\/\/mmkriepas.lv\/en\/p\/235-50r19-hankook-i-cept-evo-w320a-103v\/\" \/>\n<meta property=\"og:locale\" content=\"en_US\" \/>\n<meta property=\"og:type\" content=\"article\" \/>\n<meta property=\"og:title\" content=\"235\/50R19 Hankook Winter i*cept evo2 SUV W320A 103V\" \/>\n<meta property=\"og:description\" content=\"Hankook i cept Evo W320 - premium ziemas riepa par labu cenu! Pieejama MMK riepu centros visos izm\u0113ros, par viszem\u0101kaj\u0101m cen\u0101m!\" \/>\n<meta property=\"og:url\" content=\"https:\/\/mmkriepas.lv\/en\/p\/235-50r19-hankook-i-cept-evo-w320a-103v\/\" \/>\n<meta property=\"og:site_name\" content=\"MMK Riepas\" \/>\n<meta property=\"article:publisher\" content=\"https:\/\/www.facebook.com\/mmkserviss\/\" \/>\n<meta property=\"article:modified_time\" content=\"2023-02-22T15:22:36+00:00\" \/>\n<meta property=\"og:image\" content=\"https:\/\/mmkriepas.lv\/wp-content\/uploads\/2025\/05\/22555r16-hankook-winter-icept-evo2-w320b-95h-runflat-rp-ziemas-riepas.jpg\" \/>\n\t<meta property=\"og:image:width\" content=\"900\" \/>\n\t<meta property=\"og:image:height\" content=\"720\" \/>\n\t<meta property=\"og:image:type\" content=\"image\/jpeg\" \/>\n<meta name=\"twitter:card\" content=\"summary_large_image\" \/>\n<meta name=\"twitter:label1\" content=\"Price\" \/>\n\t<meta name=\"twitter:data1\" content=\"&euro;165.00\" \/>\n\t<meta name=\"twitter:label2\" content=\"Availability\" \/>\n\t<meta name=\"twitter:data2\" content=\"In stock\" \/>\n<script type=\"application\/ld+json\" class=\"yoast-schema-graph\">{\"@context\":\"https:\\\/\\\/schema.org\",\"@graph\":[{\"@type\":\"WebPage\",\"@id\":\"https:\\\/\\\/mmkriepas.lv\\\/en\\\/p\\\/235-50r19-hankook-i-cept-evo-w320a-103v\\\/\",\"url\":\"https:\\\/\\\/mmkriepas.lv\\\/en\\\/p\\\/235-50r19-hankook-i-cept-evo-w320a-103v\\\/\",\"name\":\"235\\\/50R19 Hankook Winter i*cept evo2 SUV W320A 103V &#8226; MMK Riepas\",\"isPartOf\":{\"@id\":\"https:\\\/\\\/mmkriepas.lv\\\/en\\\/#website\"},\"primaryImageOfPage\":{\"@id\":\"https:\\\/\\\/mmkriepas.lv\\\/en\\\/p\\\/235-50r19-hankook-i-cept-evo-w320a-103v\\\/#primaryimage\"},\"image\":{\"@id\":\"https:\\\/\\\/mmkriepas.lv\\\/en\\\/p\\\/235-50r19-hankook-i-cept-evo-w320a-103v\\\/#primaryimage\"},\"thumbnailUrl\":\"https:\\\/\\\/mmkriepas.lv\\\/wp-content\\\/uploads\\\/2025\\\/05\\\/22555r16-hankook-winter-icept-evo2-w320b-95h-runflat-rp-ziemas-riepas.jpg\",\"datePublished\":\"2020-08-13T09:13:13+00:00\",\"dateModified\":\"2023-02-22T15:22:36+00:00\",\"description\":\"Hankook i cept Evo W320 - premium ziemas riepa par labu cenu! Pieejama MMK riepu centros visos izm\u0113ros, par viszem\u0101kaj\u0101m cen\u0101m!\",\"breadcrumb\":{\"@id\":\"https:\\\/\\\/mmkriepas.lv\\\/en\\\/p\\\/235-50r19-hankook-i-cept-evo-w320a-103v\\\/#breadcrumb\"},\"inLanguage\":\"en-US\",\"potentialAction\":[{\"@type\":\"ReadAction\",\"target\":[\"https:\\\/\\\/mmkriepas.lv\\\/en\\\/p\\\/235-50r19-hankook-i-cept-evo-w320a-103v\\\/\"]}]},{\"@type\":\"ImageObject\",\"inLanguage\":\"en-US\",\"@id\":\"https:\\\/\\\/mmkriepas.lv\\\/en\\\/p\\\/235-50r19-hankook-i-cept-evo-w320a-103v\\\/#primaryimage\",\"url\":\"https:\\\/\\\/mmkriepas.lv\\\/wp-content\\\/uploads\\\/2025\\\/05\\\/22555r16-hankook-winter-icept-evo2-w320b-95h-runflat-rp-ziemas-riepas.jpg\",\"contentUrl\":\"https:\\\/\\\/mmkriepas.lv\\\/wp-content\\\/uploads\\\/2025\\\/05\\\/22555r16-hankook-winter-icept-evo2-w320b-95h-runflat-rp-ziemas-riepas.jpg\",\"width\":900,\"height\":720,\"caption\":\"MAIN\"},{\"@type\":\"BreadcrumbList\",\"@id\":\"https:\\\/\\\/mmkriepas.lv\\\/en\\\/p\\\/235-50r19-hankook-i-cept-evo-w320a-103v\\\/#breadcrumb\",\"itemListElement\":[{\"@type\":\"ListItem\",\"position\":1,\"name\":\"S\u0101kums\",\"item\":\"https:\\\/\\\/mmkriepas.lv\\\/en\\\/\"},{\"@type\":\"ListItem\",\"position\":2,\"name\":\"235\\\/50R19 Hankook Winter i*cept evo2 SUV W320A 103V\"}]},{\"@type\":\"WebSite\",\"@id\":\"https:\\\/\\\/mmkriepas.lv\\\/en\\\/#website\",\"url\":\"https:\\\/\\\/mmkriepas.lv\\\/en\\\/\",\"name\":\"MMK Riepas\",\"description\":\"MMK Riepas\",\"alternateName\":\"MMK Riepu Serviss\",\"potentialAction\":[{\"@type\":\"SearchAction\",\"target\":{\"@type\":\"EntryPoint\",\"urlTemplate\":\"https:\\\/\\\/mmkriepas.lv\\\/en\\\/?s={search_term_string}\"},\"query-input\":{\"@type\":\"PropertyValueSpecification\",\"valueRequired\":true,\"valueName\":\"search_term_string\"}}],\"inLanguage\":\"en-US\"},{\"@type\":\"ImageObject\",\"inLanguage\":\"en-US\",\"@id\":\"https:\\\/\\\/mmkriepas.lv\\\/en\\\/p\\\/235-50r19-hankook-i-cept-evo-w320a-103v\\\/#local-main-organization-logo\",\"url\":\"\",\"contentUrl\":\"\",\"caption\":\"MMK Riepas\"}]}<\/script>\n<meta property=\"product:brand\" content=\"Hankook Winter i*cept evo2 SUV W320A\" \/>\n<meta property=\"product:price:amount\" content=\"165.00\" \/>\n<meta property=\"product:price:currency\" content=\"EUR\" \/>\n<meta property=\"og:availability\" content=\"instock\" \/>\n<meta property=\"product:availability\" content=\"instock\" \/>\n<meta property=\"product:condition\" content=\"new\" \/>\n<!-- \/ Yoast SEO Premium plugin. -->","yoast_head_json":{"title":"235\/50R19 Hankook Winter i*cept evo2 SUV W320A 103V &#8226; MMK Riepas","description":"Hankook i cept Evo W320 - premium ziemas riepa par labu cenu! Pieejama MMK riepu centros visos izm\u0113ros, par viszem\u0101kaj\u0101m cen\u0101m!","robots":{"index":"index","follow":"follow","max-snippet":"max-snippet:-1","max-image-preview":"max-image-preview:large","max-video-preview":"max-video-preview:-1"},"canonical":"https:\/\/mmkriepas.lv\/en\/p\/235-50r19-hankook-i-cept-evo-w320a-103v\/","og_locale":"en_US","og_type":"article","og_title":"235\/50R19 Hankook Winter i*cept evo2 SUV W320A 103V","og_description":"Hankook i cept Evo W320 - premium ziemas riepa par labu cenu! Pieejama MMK riepu centros visos izm\u0113ros, par viszem\u0101kaj\u0101m cen\u0101m!","og_url":"https:\/\/mmkriepas.lv\/en\/p\/235-50r19-hankook-i-cept-evo-w320a-103v\/","og_site_name":"MMK Riepas","article_publisher":"https:\/\/www.facebook.com\/mmkserviss\/","article_modified_time":"2023-02-22T15:22:36+00:00","og_image":[{"width":900,"height":720,"url":"https:\/\/mmkriepas.lv\/wp-content\/uploads\/2025\/05\/22555r16-hankook-winter-icept-evo2-w320b-95h-runflat-rp-ziemas-riepas.jpg","type":"image\/jpeg"}],"twitter_card":"summary_large_image","twitter_misc":{"Price":"&euro;165.00","Availability":"In stock"},"schema":{"@context":"https:\/\/schema.org","@graph":[{"@type":"WebPage","@id":"https:\/\/mmkriepas.lv\/en\/p\/235-50r19-hankook-i-cept-evo-w320a-103v\/","url":"https:\/\/mmkriepas.lv\/en\/p\/235-50r19-hankook-i-cept-evo-w320a-103v\/","name":"235\/50R19 Hankook Winter i*cept evo2 SUV W320A 103V &#8226; MMK Riepas","isPartOf":{"@id":"https:\/\/mmkriepas.lv\/en\/#website"},"primaryImageOfPage":{"@id":"https:\/\/mmkriepas.lv\/en\/p\/235-50r19-hankook-i-cept-evo-w320a-103v\/#primaryimage"},"image":{"@id":"https:\/\/mmkriepas.lv\/en\/p\/235-50r19-hankook-i-cept-evo-w320a-103v\/#primaryimage"},"thumbnailUrl":"https:\/\/mmkriepas.lv\/wp-content\/uploads\/2025\/05\/22555r16-hankook-winter-icept-evo2-w320b-95h-runflat-rp-ziemas-riepas.jpg","datePublished":"2020-08-13T09:13:13+00:00","dateModified":"2023-02-22T15:22:36+00:00","description":"Hankook i cept Evo W320 - premium ziemas riepa par labu cenu! Pieejama MMK riepu centros visos izm\u0113ros, par viszem\u0101kaj\u0101m cen\u0101m!","breadcrumb":{"@id":"https:\/\/mmkriepas.lv\/en\/p\/235-50r19-hankook-i-cept-evo-w320a-103v\/#breadcrumb"},"inLanguage":"en-US","potentialAction":[{"@type":"ReadAction","target":["https:\/\/mmkriepas.lv\/en\/p\/235-50r19-hankook-i-cept-evo-w320a-103v\/"]}]},{"@type":"ImageObject","inLanguage":"en-US","@id":"https:\/\/mmkriepas.lv\/en\/p\/235-50r19-hankook-i-cept-evo-w320a-103v\/#primaryimage","url":"https:\/\/mmkriepas.lv\/wp-content\/uploads\/2025\/05\/22555r16-hankook-winter-icept-evo2-w320b-95h-runflat-rp-ziemas-riepas.jpg","contentUrl":"https:\/\/mmkriepas.lv\/wp-content\/uploads\/2025\/05\/22555r16-hankook-winter-icept-evo2-w320b-95h-runflat-rp-ziemas-riepas.jpg","width":900,"height":720,"caption":"MAIN"},{"@type":"BreadcrumbList","@id":"https:\/\/mmkriepas.lv\/en\/p\/235-50r19-hankook-i-cept-evo-w320a-103v\/#breadcrumb","itemListElement":[{"@type":"ListItem","position":1,"name":"S\u0101kums","item":"https:\/\/mmkriepas.lv\/en\/"},{"@type":"ListItem","position":2,"name":"235\/50R19 Hankook Winter i*cept evo2 SUV W320A 103V"}]},{"@type":"WebSite","@id":"https:\/\/mmkriepas.lv\/en\/#website","url":"https:\/\/mmkriepas.lv\/en\/","name":"MMK Riepas","description":"MMK Riepas","alternateName":"MMK Riepu Serviss","potentialAction":[{"@type":"SearchAction","target":{"@type":"EntryPoint","urlTemplate":"https:\/\/mmkriepas.lv\/en\/?s={search_term_string}"},"query-input":{"@type":"PropertyValueSpecification","valueRequired":true,"valueName":"search_term_string"}}],"inLanguage":"en-US"},{"@type":"ImageObject","inLanguage":"en-US","@id":"https:\/\/mmkriepas.lv\/en\/p\/235-50r19-hankook-i-cept-evo-w320a-103v\/#local-main-organization-logo","url":"","contentUrl":"","caption":"MMK Riepas"}]},"product_brand":"Hankook Winter i*cept evo2 SUV W320A","product_price_amount":"165.00","product_price_currency":"EUR","og_availability":"instock","product_availability":"instock","product_condition":"new"},"_links":{"self":[{"href":"https:\/\/mmkriepas.lv\/en\/wp-json\/wp\/v2\/product\/142543","targetHints":{"allow":["GET"]}}],"collection":[{"href":"https:\/\/mmkriepas.lv\/en\/wp-json\/wp\/v2\/product"}],"about":[{"href":"https:\/\/mmkriepas.lv\/en\/wp-json\/wp\/v2\/types\/product"}],"wp:featuredmedia":[{"embeddable":true,"href":"https:\/\/mmkriepas.lv\/en\/wp-json\/wp\/v2\/media\/1226413"}],"wp:attachment":[{"href":"https:\/\/mmkriepas.lv\/en\/wp-json\/wp\/v2\/media?parent=142543"}],"wp:term":[{"taxonomy":"product_brand","embeddable":true,"href":"https:\/\/mmkriepas.lv\/en\/wp-json\/wp\/v2\/product_brand?post=142543"},{"taxonomy":"product_cat","embeddable":true,"href":"https:\/\/mmkriepas.lv\/en\/wp-json\/wp\/v2\/product_cat?post=142543"},{"taxonomy":"product_tag","embeddable":true,"href":"https:\/\/mmkriepas.lv\/en\/wp-json\/wp\/v2\/product_tag?post=142543"}],"curies":[{"name":"wp","href":"https:\/\/api.w.org\/{rel}","templated":true}]}}