{"id":1424478,"date":"2026-01-09T13:11:02","date_gmt":"2026-01-09T11:11:02","guid":{"rendered":"https:\/\/mmkriepas.lv\/?post_type=product&#038;p=1424478"},"modified":"2026-03-20T22:31:30","modified_gmt":"2026-03-20T20:31:30","slug":"225-50r17-superia-bluewin-uhp-98v-xl-2","status":"publish","type":"product","link":"https:\/\/mmkriepas.lv\/en\/p\/225-50r17-superia-bluewin-uhp-98v-xl-2\/","title":{"rendered":"225\/50R17 Superia Bluewin UHP 98V XL"},"content":{"rendered":"<p><strong>Superia Bluewin UHP<\/strong> ir bud\u017eeta klases vissezonas riepu modelis. Tas izce\u013cas ar labiem veiktsp\u0113jas r\u0101d\u012bt\u0101jiem gan uz sausa, gan slapja asfalta, k\u0101 ar\u012b m\u0113renas ziemas apst\u0101k\u013cos. \u0160is riepu modelis piem\u0113rots kompaktklases un vid\u0113ja izm\u0113ra vieglajiem auto.<\/p>\n<p><strong>Superia Bluewin UHP galven\u0101s iez\u012bmes<\/strong><\/p>\n<p>+ Laba sa\u0137ere uz sausa un slapja asfalta, k\u0101 ar\u012b m\u0113renas ziemas apst\u0101k\u013cos.<\/p>\n<p>+ Zems akvaplan\u0113\u0161anas risks.<\/p>\n<p>+ Laba nodilumiztur\u012bba.<\/p>\n<p>+ Degvielas ekonomija.<\/p>\n<p>+ Izteikts akustiskais un brauk\u0161anas gaitas komforts.<\/p>\n<p>+ Cena atbilst par to samaks\u0101tajai kvalit\u0101tei.<\/p>\n<p><strong>Bluewin UHP apr\u012bkojums<\/strong><\/p>\n<p><strong>Superia Bluewin UHP <\/strong>vissezonas riepas apr\u012bkotas ar sal\u012bdzino\u0161i vasar\u012bgu asimetrisko protektora rakstu. \u0160\u0101ds dizains izv\u0113l\u0113ts, jo \u0161is riepu modelis ir paredz\u0113ts lieto\u0161anai Rietumeiropas valst\u012bs, kur ziem\u0101 visbie\u017e\u0101k l\u012bst un temperat\u016bras stabi\u0146\u0161 sv\u0101rst\u0101s ap 0*C.\u00a0<\/p>\n<p>Asimetriski izvietotaj\u0101s protektora bloku virkn\u0113s iestr\u0101d\u0101ti dzi\u013ci iegriezumi jeb lameles. T\u0101s b\u016btiski uzlabo sa\u0137eri uz irdeniem ce\u013ca segumiem &#8211; grants un smilts.\u00a0<\/p>\n<p>\u0160o riepu modeli Latvij\u0101 izv\u0113las tie autobrauc\u0113ji, kas ziem\u0101 p\u0101rvietojas maz un tikai pa pils\u0113tu. Tas ide\u0101li piem\u0113rots ar\u012b autobrauc\u0113jiem, gada siltaj\u0101 laik\u0101 ikdien\u0101 p\u0101rvietojas pa grants ce\u013ciem un nev\u0113las zaud\u0113t komfortu, braucot pa asfaltu.\u00a0<\/p>\n","protected":false},"excerpt":{"rendered":"<p><strong>Superia Bluewin UHP<\/strong> ir bud\u017eeta klases vissezonas riepu modelis. Tas izce\u013cas ar labiem veiktsp\u0113jas r\u0101d\u012bt\u0101jiem gan uz sausa, gan slapja asfalta, k\u0101 ar\u012b m\u0113renas ziemas apst\u0101k\u013cos. \u0160is riepu modelis piem\u0113rots kompaktklases un vid\u0113ja izm\u0113ra vieglajiem auto.<\/p>\n","protected":false},"featured_media":1424512,"template":"","meta":{"_acf_changed":false,"ngg_post_thumbnail":0},"product_brand":[],"product_cat":[47,45],"product_tag":[],"class_list":{"0":"post-1424478","1":"product","2":"type-product","3":"status-publish","4":"has-post-thumbnail","6":"product_cat-vissezonas-riepas","7":"product_cat-ziemas-riepas","9":"first","10":"outofstock","11":"sale","12":"taxable","13":"shipping-taxable","14":"product-type-simple"},"acf":[],"yoast_head":"<!-- This site is optimized with the Yoast SEO Premium plugin v22.6 (Yoast SEO v27.3) - https:\/\/yoast.com\/product\/yoast-seo-premium-wordpress\/ -->\n<title>225\/50R17 Superia Bluewin UHP 98V XL &#8226; MMK Riepas<\/title>\n<meta name=\"robots\" content=\"index, follow, max-snippet:-1, max-image-preview:large, max-video-preview:-1\" \/>\n<link rel=\"canonical\" href=\"https:\/\/mmkriepas.lv\/en\/p\/225-50r17-superia-bluewin-uhp-98v-xl-2\/\" \/>\n<meta property=\"og:locale\" content=\"en_US\" \/>\n<meta property=\"og:type\" content=\"article\" \/>\n<meta property=\"og:title\" content=\"225\/50R17 Superia Bluewin UHP 98V XL\" \/>\n<meta property=\"og:description\" content=\"Superia Bluewin UHP ir bud\u017eeta klases vissezonas riepu modelis. Tas izce\u013cas ar labiem veiktsp\u0113jas r\u0101d\u012bt\u0101jiem gan uz sausa, gan slapja asfalta, k\u0101 ar\u012b m\u0113renas ziemas apst\u0101k\u013cos. \u0160is riepu modelis piem\u0113rots kompaktklases un vid\u0113ja izm\u0113ra vieglajiem auto.\" \/>\n<meta property=\"og:url\" content=\"https:\/\/mmkriepas.lv\/en\/p\/225-50r17-superia-bluewin-uhp-98v-xl-2\/\" \/>\n<meta property=\"og:site_name\" content=\"MMK Riepas\" \/>\n<meta property=\"article:publisher\" content=\"https:\/\/www.facebook.com\/mmkserviss\/\" \/>\n<meta property=\"article:modified_time\" content=\"2026-03-20T20:31:30+00:00\" \/>\n<meta property=\"og:image\" content=\"https:\/\/mmkriepas.lv\/wp-content\/uploads\/2026\/01\/SUPERIA_BLUEWIN_UHP.jpg\" \/>\n\t<meta property=\"og:image:width\" content=\"900\" \/>\n\t<meta property=\"og:image:height\" content=\"720\" \/>\n\t<meta property=\"og:image:type\" content=\"image\/jpeg\" \/>\n<meta name=\"twitter:card\" content=\"summary_large_image\" \/>\n<meta name=\"twitter:label1\" content=\"Price\" \/>\n\t<meta name=\"twitter:data1\" content=\"&euro;53.00\" \/>\n\t<meta name=\"twitter:label2\" content=\"Availability\" \/>\n\t<meta name=\"twitter:data2\" content=\"Out of stock\" \/>\n<script type=\"application\/ld+json\" class=\"yoast-schema-graph\">{\"@context\":\"https:\\\/\\\/schema.org\",\"@graph\":[{\"@type\":\"WebPage\",\"@id\":\"https:\\\/\\\/mmkriepas.lv\\\/en\\\/p\\\/225-50r17-superia-bluewin-uhp-98v-xl-2\\\/\",\"url\":\"https:\\\/\\\/mmkriepas.lv\\\/en\\\/p\\\/225-50r17-superia-bluewin-uhp-98v-xl-2\\\/\",\"name\":\"225\\\/50R17 Superia Bluewin UHP 98V XL &#8226; MMK Riepas\",\"isPartOf\":{\"@id\":\"https:\\\/\\\/mmkriepas.lv\\\/en\\\/#website\"},\"primaryImageOfPage\":{\"@id\":\"https:\\\/\\\/mmkriepas.lv\\\/en\\\/p\\\/225-50r17-superia-bluewin-uhp-98v-xl-2\\\/#primaryimage\"},\"image\":{\"@id\":\"https:\\\/\\\/mmkriepas.lv\\\/en\\\/p\\\/225-50r17-superia-bluewin-uhp-98v-xl-2\\\/#primaryimage\"},\"thumbnailUrl\":\"https:\\\/\\\/mmkriepas.lv\\\/wp-content\\\/uploads\\\/2026\\\/01\\\/SUPERIA_BLUEWIN_UHP.jpg\",\"datePublished\":\"2026-01-09T11:11:02+00:00\",\"dateModified\":\"2026-03-20T20:31:30+00:00\",\"breadcrumb\":{\"@id\":\"https:\\\/\\\/mmkriepas.lv\\\/en\\\/p\\\/225-50r17-superia-bluewin-uhp-98v-xl-2\\\/#breadcrumb\"},\"inLanguage\":\"en-US\",\"potentialAction\":[{\"@type\":\"ReadAction\",\"target\":[\"https:\\\/\\\/mmkriepas.lv\\\/en\\\/p\\\/225-50r17-superia-bluewin-uhp-98v-xl-2\\\/\"]}]},{\"@type\":\"ImageObject\",\"inLanguage\":\"en-US\",\"@id\":\"https:\\\/\\\/mmkriepas.lv\\\/en\\\/p\\\/225-50r17-superia-bluewin-uhp-98v-xl-2\\\/#primaryimage\",\"url\":\"https:\\\/\\\/mmkriepas.lv\\\/wp-content\\\/uploads\\\/2026\\\/01\\\/SUPERIA_BLUEWIN_UHP.jpg\",\"contentUrl\":\"https:\\\/\\\/mmkriepas.lv\\\/wp-content\\\/uploads\\\/2026\\\/01\\\/SUPERIA_BLUEWIN_UHP.jpg\",\"width\":900,\"height\":720,\"caption\":\"MAIN\"},{\"@type\":\"BreadcrumbList\",\"@id\":\"https:\\\/\\\/mmkriepas.lv\\\/en\\\/p\\\/225-50r17-superia-bluewin-uhp-98v-xl-2\\\/#breadcrumb\",\"itemListElement\":[{\"@type\":\"ListItem\",\"position\":1,\"name\":\"S\u0101kums\",\"item\":\"https:\\\/\\\/mmkriepas.lv\\\/en\\\/\"},{\"@type\":\"ListItem\",\"position\":2,\"name\":\"225\\\/50R17 Superia Bluewin UHP 98V XL\"}]},{\"@type\":\"WebSite\",\"@id\":\"https:\\\/\\\/mmkriepas.lv\\\/en\\\/#website\",\"url\":\"https:\\\/\\\/mmkriepas.lv\\\/en\\\/\",\"name\":\"MMK Riepas\",\"description\":\"MMK Riepas\",\"alternateName\":\"MMK Riepu Serviss\",\"potentialAction\":[{\"@type\":\"SearchAction\",\"target\":{\"@type\":\"EntryPoint\",\"urlTemplate\":\"https:\\\/\\\/mmkriepas.lv\\\/en\\\/?s={search_term_string}\"},\"query-input\":{\"@type\":\"PropertyValueSpecification\",\"valueRequired\":true,\"valueName\":\"search_term_string\"}}],\"inLanguage\":\"en-US\"},{\"@type\":\"ImageObject\",\"inLanguage\":\"en-US\",\"@id\":\"https:\\\/\\\/mmkriepas.lv\\\/en\\\/p\\\/225-50r17-superia-bluewin-uhp-98v-xl-2\\\/#local-main-organization-logo\",\"url\":\"\",\"contentUrl\":\"\",\"caption\":\"MMK Riepas\"}]}<\/script>\n<meta property=\"product:brand\" content=\"Superia Bluewin UHP\" \/>\n<meta property=\"product:price:amount\" content=\"53.00\" \/>\n<meta property=\"product:price:currency\" content=\"EUR\" \/>\n<meta property=\"og:availability\" content=\"out of stock\" \/>\n<meta property=\"product:availability\" content=\"out of stock\" \/>\n<meta property=\"product:retailer_item_id\" content=\"TW2255017SUPER-55387\" \/>\n<meta property=\"product:condition\" content=\"new\" \/>\n<!-- \/ Yoast SEO Premium plugin. -->","yoast_head_json":{"title":"225\/50R17 Superia Bluewin UHP 98V XL &#8226; MMK Riepas","robots":{"index":"index","follow":"follow","max-snippet":"max-snippet:-1","max-image-preview":"max-image-preview:large","max-video-preview":"max-video-preview:-1"},"canonical":"https:\/\/mmkriepas.lv\/en\/p\/225-50r17-superia-bluewin-uhp-98v-xl-2\/","og_locale":"en_US","og_type":"article","og_title":"225\/50R17 Superia Bluewin UHP 98V XL","og_description":"Superia Bluewin UHP ir bud\u017eeta klases vissezonas riepu modelis. Tas izce\u013cas ar labiem veiktsp\u0113jas r\u0101d\u012bt\u0101jiem gan uz sausa, gan slapja asfalta, k\u0101 ar\u012b m\u0113renas ziemas apst\u0101k\u013cos. \u0160is riepu modelis piem\u0113rots kompaktklases un vid\u0113ja izm\u0113ra vieglajiem auto.","og_url":"https:\/\/mmkriepas.lv\/en\/p\/225-50r17-superia-bluewin-uhp-98v-xl-2\/","og_site_name":"MMK Riepas","article_publisher":"https:\/\/www.facebook.com\/mmkserviss\/","article_modified_time":"2026-03-20T20:31:30+00:00","og_image":[{"width":900,"height":720,"url":"https:\/\/mmkriepas.lv\/wp-content\/uploads\/2026\/01\/SUPERIA_BLUEWIN_UHP.jpg","type":"image\/jpeg"}],"twitter_card":"summary_large_image","twitter_misc":{"Price":"&euro;53.00","Availability":"Out of stock"},"schema":{"@context":"https:\/\/schema.org","@graph":[{"@type":"WebPage","@id":"https:\/\/mmkriepas.lv\/en\/p\/225-50r17-superia-bluewin-uhp-98v-xl-2\/","url":"https:\/\/mmkriepas.lv\/en\/p\/225-50r17-superia-bluewin-uhp-98v-xl-2\/","name":"225\/50R17 Superia Bluewin UHP 98V XL &#8226; MMK Riepas","isPartOf":{"@id":"https:\/\/mmkriepas.lv\/en\/#website"},"primaryImageOfPage":{"@id":"https:\/\/mmkriepas.lv\/en\/p\/225-50r17-superia-bluewin-uhp-98v-xl-2\/#primaryimage"},"image":{"@id":"https:\/\/mmkriepas.lv\/en\/p\/225-50r17-superia-bluewin-uhp-98v-xl-2\/#primaryimage"},"thumbnailUrl":"https:\/\/mmkriepas.lv\/wp-content\/uploads\/2026\/01\/SUPERIA_BLUEWIN_UHP.jpg","datePublished":"2026-01-09T11:11:02+00:00","dateModified":"2026-03-20T20:31:30+00:00","breadcrumb":{"@id":"https:\/\/mmkriepas.lv\/en\/p\/225-50r17-superia-bluewin-uhp-98v-xl-2\/#breadcrumb"},"inLanguage":"en-US","potentialAction":[{"@type":"ReadAction","target":["https:\/\/mmkriepas.lv\/en\/p\/225-50r17-superia-bluewin-uhp-98v-xl-2\/"]}]},{"@type":"ImageObject","inLanguage":"en-US","@id":"https:\/\/mmkriepas.lv\/en\/p\/225-50r17-superia-bluewin-uhp-98v-xl-2\/#primaryimage","url":"https:\/\/mmkriepas.lv\/wp-content\/uploads\/2026\/01\/SUPERIA_BLUEWIN_UHP.jpg","contentUrl":"https:\/\/mmkriepas.lv\/wp-content\/uploads\/2026\/01\/SUPERIA_BLUEWIN_UHP.jpg","width":900,"height":720,"caption":"MAIN"},{"@type":"BreadcrumbList","@id":"https:\/\/mmkriepas.lv\/en\/p\/225-50r17-superia-bluewin-uhp-98v-xl-2\/#breadcrumb","itemListElement":[{"@type":"ListItem","position":1,"name":"S\u0101kums","item":"https:\/\/mmkriepas.lv\/en\/"},{"@type":"ListItem","position":2,"name":"225\/50R17 Superia Bluewin UHP 98V XL"}]},{"@type":"WebSite","@id":"https:\/\/mmkriepas.lv\/en\/#website","url":"https:\/\/mmkriepas.lv\/en\/","name":"MMK Riepas","description":"MMK Riepas","alternateName":"MMK Riepu Serviss","potentialAction":[{"@type":"SearchAction","target":{"@type":"EntryPoint","urlTemplate":"https:\/\/mmkriepas.lv\/en\/?s={search_term_string}"},"query-input":{"@type":"PropertyValueSpecification","valueRequired":true,"valueName":"search_term_string"}}],"inLanguage":"en-US"},{"@type":"ImageObject","inLanguage":"en-US","@id":"https:\/\/mmkriepas.lv\/en\/p\/225-50r17-superia-bluewin-uhp-98v-xl-2\/#local-main-organization-logo","url":"","contentUrl":"","caption":"MMK Riepas"}]},"product_brand":"Superia Bluewin UHP","product_price_amount":"53.00","product_price_currency":"EUR","og_availability":"out of stock","product_availability":"out of stock","product_retailer_item_id":"TW2255017SUPER-55387","product_condition":"new"},"_links":{"self":[{"href":"https:\/\/mmkriepas.lv\/en\/wp-json\/wp\/v2\/product\/1424478","targetHints":{"allow":["GET"]}}],"collection":[{"href":"https:\/\/mmkriepas.lv\/en\/wp-json\/wp\/v2\/product"}],"about":[{"href":"https:\/\/mmkriepas.lv\/en\/wp-json\/wp\/v2\/types\/product"}],"wp:featuredmedia":[{"embeddable":true,"href":"https:\/\/mmkriepas.lv\/en\/wp-json\/wp\/v2\/media\/1424512"}],"wp:attachment":[{"href":"https:\/\/mmkriepas.lv\/en\/wp-json\/wp\/v2\/media?parent=1424478"}],"wp:term":[{"taxonomy":"product_brand","embeddable":true,"href":"https:\/\/mmkriepas.lv\/en\/wp-json\/wp\/v2\/product_brand?post=1424478"},{"taxonomy":"product_cat","embeddable":true,"href":"https:\/\/mmkriepas.lv\/en\/wp-json\/wp\/v2\/product_cat?post=1424478"},{"taxonomy":"product_tag","embeddable":true,"href":"https:\/\/mmkriepas.lv\/en\/wp-json\/wp\/v2\/product_tag?post=1424478"}],"curies":[{"name":"wp","href":"https:\/\/api.w.org\/{rel}","templated":true}]}}