{"id":1422570,"date":"2026-01-07T13:17:13","date_gmt":"2026-01-07T11:17:13","guid":{"rendered":"https:\/\/mmkriepas.lv\/?post_type=product&#038;p=1422570"},"modified":"2026-03-27T23:54:19","modified_gmt":"2026-03-27T21:54:19","slug":"215-55r18-sunny-nw312-99s-xl","status":"publish","type":"product","link":"https:\/\/mmkriepas.lv\/en\/p\/215-55r18-sunny-nw312-99s-xl\/","title":{"rendered":"215\/55R18 Sunny NW312 99S XL"},"content":{"rendered":"<p><b>Sunny NW312<\/b><span style=\"font-weight: 400;\"> ir frikcijas tipa ziemas riepu modelis, kas apr\u012bkots ar asimetrisku protektora rakstu un izce\u013cas ar augstiem veiktsp\u0113j\u0101s r\u0101d\u012bt\u0101jiem gan snieg\u0101, gan ar\u012b uz slapja asfalta, padarot to piem\u0113rotu brauk\u0161anai gan pils\u0113t\u0101 un pa valsts ma\u0123istr\u0101laj\u0101m autotras\u0113m, gan ar\u012b pa reti t\u012br\u012btiem lauku ce\u013ciem.<\/span><\/p>\n<h3><b>Sunny NW312 galven\u0101s iez\u012bmes:<\/b><\/h3>\n<p><span style=\"font-weight: 400;\">+ Asimetrisks protektora raksts;<\/span><\/p>\n<p><span style=\"font-weight: 400;\">+ Uzlabots gumijas sast\u0101vs;<\/span><\/p>\n<p><span style=\"font-weight: 400;\">+ Lieliska nodilumiztur\u012bba;<\/span><\/p>\n<p><span style=\"font-weight: 400;\">+ Klusa, gluda un komfortabla gaita;<\/span><\/p>\n<p><span style=\"font-weight: 400;\">+ Teicama cenas un veiktsp\u0113jas attiec\u012bba.<\/span><\/p>\n<h3><b>NW312 apr\u012bkojums<\/b><\/h3>\n<p><span style=\"font-weight: 400;\">NW312 apr\u012bkots ar asimetrisku protektora dizainu un augsti att\u012bst\u012btu dren\u0101\u017eas kan\u0101lu sist\u0113mu, kas ne tikai lieliski tiek gal\u0101 ar sniega un \u016bdens novadi no kontakta vietas ar ce\u013cu, bet ar\u012b uzlabo brauk\u0161anas komfortu, padarot to klus\u0101ku.<\/span> <span style=\"font-weight: 400;\">Asimetriski izvietotie protektora bloki veidoti no kvalitat\u012bva, elastrom\u0113riem bag\u0101ta gumijas mais\u012bjuma, liekot riepai saglab\u0101t elast\u012bbu pat kaulus stindzino\u0161\u0101 sal\u0101. Protektor\u0101 bl\u012bvi izvietoti vair\u0101ki t\u016bksto\u0161i lame\u013cu, kas b\u016btiski uzlabo riepas veiktsp\u0113ju uz ledus un nobliet\u0113ta sniega, slidenaj\u0101s virsm\u0101s iec\u0113rtoties ar as\u0101m kant\u0113m.<\/span> <b>Sunny NW312 <\/b><span style=\"font-weight: 400;\">mode\u013ca lieto\u0161anas dro\u0161\u012bbu ziemas laika apst\u0101k\u013cos un t\u0101 atbilst\u012bbu valst\u012bm ar oblig\u0101tu sezon\u0101lo riepu mai\u0146u apstiprina mar\u0137\u0113jums sniegp\u0101rslas form\u0101 uz kalna fona ar trim virsotn\u0113m (3PMSF).<\/span> <span style=\"font-weight: 400;\"><\/span>\u00a0<\/p>\n<p><b>Sunny NW312-<\/b><span style=\"font-weight: 400;\"> Izdev\u012bgs ziemas riepu pied\u0101v\u0101jums Tavam auto!\u00a0 Pieejams abos MMK Riepu Centros par vislab\u0101kaj\u0101m cen\u0101m!<\/span><\/p>\n","protected":false},"excerpt":{"rendered":"<p><b>Sunny NW312<\/b><span style=\"font-weight: 400;\"> ir frikcijas tipa ziemas riepu modelis, kas apr\u012bkots ar asimetrisku protektora rakstu un izce\u013cas ar augstiem veiktsp\u0113j\u0101s r\u0101d\u012bt\u0101jiem gan snieg\u0101, gan ar\u012b uz slapja asfalta, padarot to piem\u0113rotu brauk\u0161anai gan pils\u0113t\u0101 un pa valsts ma\u0123istr\u0101laj\u0101m autotras\u0113m, gan ar\u012b pa reti t\u012br\u012btiem lauku ce\u013ciem.<\/span><\/p>\n","protected":false},"featured_media":1135142,"template":"","meta":{"_acf_changed":false,"ngg_post_thumbnail":0},"product_brand":[],"product_cat":[47,45],"product_tag":[],"class_list":{"0":"post-1422570","1":"product","2":"type-product","3":"status-publish","4":"has-post-thumbnail","6":"product_cat-vissezonas-riepas","7":"product_cat-ziemas-riepas","9":"first","10":"instock","11":"sale","12":"taxable","13":"shipping-taxable","14":"purchasable","15":"product-type-simple"},"acf":[],"yoast_head":"<!-- This site is optimized with the Yoast SEO Premium plugin v22.6 (Yoast SEO v27.3) - https:\/\/yoast.com\/product\/yoast-seo-premium-wordpress\/ -->\n<title>215\/55R18 Sunny NW312 99S XL &#8226; MMK Riepas<\/title>\n<meta name=\"robots\" content=\"index, follow, max-snippet:-1, max-image-preview:large, max-video-preview:-1\" \/>\n<link rel=\"canonical\" href=\"https:\/\/mmkriepas.lv\/en\/p\/215-55r18-sunny-nw312-99s-xl\/\" \/>\n<meta property=\"og:locale\" content=\"en_US\" \/>\n<meta property=\"og:type\" content=\"article\" \/>\n<meta property=\"og:title\" content=\"215\/55R18 Sunny NW312 99S XL\" \/>\n<meta property=\"og:description\" content=\"Sunny NW312 ir frikcijas tipa ziemas riepu modelis, kas apr\u012bkots ar asimetrisku protektora rakstu un izce\u013cas ar augstiem veiktsp\u0113j\u0101s r\u0101d\u012bt\u0101jiem gan snieg\u0101, gan ar\u012b uz slapja asfalta, padarot to piem\u0113rotu brauk\u0161anai gan pils\u0113t\u0101 un pa valsts ma\u0123istr\u0101laj\u0101m autotras\u0113m, gan ar\u012b pa reti t\u012br\u012btiem lauku ce\u013ciem.\" \/>\n<meta property=\"og:url\" content=\"https:\/\/mmkriepas.lv\/en\/p\/215-55r18-sunny-nw312-99s-xl\/\" \/>\n<meta property=\"og:site_name\" content=\"MMK Riepas\" \/>\n<meta property=\"article:publisher\" content=\"https:\/\/www.facebook.com\/mmkserviss\/\" \/>\n<meta property=\"article:modified_time\" content=\"2026-03-27T21:54:19+00:00\" \/>\n<meta property=\"og:image\" content=\"https:\/\/mmkriepas.lv\/wp-content\/uploads\/2024\/11\/24545r18-sunny-nw312-100s-xl-demo-ziemas-riepas.jpg\" \/>\n\t<meta property=\"og:image:width\" content=\"900\" \/>\n\t<meta property=\"og:image:height\" content=\"720\" \/>\n\t<meta property=\"og:image:type\" content=\"image\/jpeg\" \/>\n<meta name=\"twitter:card\" content=\"summary_large_image\" \/>\n<meta name=\"twitter:label1\" content=\"Price\" \/>\n\t<meta name=\"twitter:data1\" content=\"&euro;59.00\" \/>\n\t<meta name=\"twitter:label2\" content=\"Availability\" \/>\n\t<meta name=\"twitter:data2\" content=\"In stock\" \/>\n<script type=\"application\/ld+json\" class=\"yoast-schema-graph\">{\"@context\":\"https:\\\/\\\/schema.org\",\"@graph\":[{\"@type\":\"WebPage\",\"@id\":\"https:\\\/\\\/mmkriepas.lv\\\/en\\\/p\\\/215-55r18-sunny-nw312-99s-xl\\\/\",\"url\":\"https:\\\/\\\/mmkriepas.lv\\\/en\\\/p\\\/215-55r18-sunny-nw312-99s-xl\\\/\",\"name\":\"215\\\/55R18 Sunny NW312 99S XL &#8226; MMK Riepas\",\"isPartOf\":{\"@id\":\"https:\\\/\\\/mmkriepas.lv\\\/en\\\/#website\"},\"primaryImageOfPage\":{\"@id\":\"https:\\\/\\\/mmkriepas.lv\\\/en\\\/p\\\/215-55r18-sunny-nw312-99s-xl\\\/#primaryimage\"},\"image\":{\"@id\":\"https:\\\/\\\/mmkriepas.lv\\\/en\\\/p\\\/215-55r18-sunny-nw312-99s-xl\\\/#primaryimage\"},\"thumbnailUrl\":\"https:\\\/\\\/mmkriepas.lv\\\/wp-content\\\/uploads\\\/2024\\\/11\\\/24545r18-sunny-nw312-100s-xl-demo-ziemas-riepas.jpg\",\"datePublished\":\"2026-01-07T11:17:13+00:00\",\"dateModified\":\"2026-03-27T21:54:19+00:00\",\"breadcrumb\":{\"@id\":\"https:\\\/\\\/mmkriepas.lv\\\/en\\\/p\\\/215-55r18-sunny-nw312-99s-xl\\\/#breadcrumb\"},\"inLanguage\":\"en-US\",\"potentialAction\":[{\"@type\":\"ReadAction\",\"target\":[\"https:\\\/\\\/mmkriepas.lv\\\/en\\\/p\\\/215-55r18-sunny-nw312-99s-xl\\\/\"]}]},{\"@type\":\"ImageObject\",\"inLanguage\":\"en-US\",\"@id\":\"https:\\\/\\\/mmkriepas.lv\\\/en\\\/p\\\/215-55r18-sunny-nw312-99s-xl\\\/#primaryimage\",\"url\":\"https:\\\/\\\/mmkriepas.lv\\\/wp-content\\\/uploads\\\/2024\\\/11\\\/24545r18-sunny-nw312-100s-xl-demo-ziemas-riepas.jpg\",\"contentUrl\":\"https:\\\/\\\/mmkriepas.lv\\\/wp-content\\\/uploads\\\/2024\\\/11\\\/24545r18-sunny-nw312-100s-xl-demo-ziemas-riepas.jpg\",\"width\":900,\"height\":720,\"caption\":\"MAIN\"},{\"@type\":\"BreadcrumbList\",\"@id\":\"https:\\\/\\\/mmkriepas.lv\\\/en\\\/p\\\/215-55r18-sunny-nw312-99s-xl\\\/#breadcrumb\",\"itemListElement\":[{\"@type\":\"ListItem\",\"position\":1,\"name\":\"S\u0101kums\",\"item\":\"https:\\\/\\\/mmkriepas.lv\\\/en\\\/\"},{\"@type\":\"ListItem\",\"position\":2,\"name\":\"215\\\/55R18 Sunny NW312 99S XL\"}]},{\"@type\":\"WebSite\",\"@id\":\"https:\\\/\\\/mmkriepas.lv\\\/en\\\/#website\",\"url\":\"https:\\\/\\\/mmkriepas.lv\\\/en\\\/\",\"name\":\"MMK Riepas\",\"description\":\"MMK Riepas\",\"alternateName\":\"MMK Riepu Serviss\",\"potentialAction\":[{\"@type\":\"SearchAction\",\"target\":{\"@type\":\"EntryPoint\",\"urlTemplate\":\"https:\\\/\\\/mmkriepas.lv\\\/en\\\/?s={search_term_string}\"},\"query-input\":{\"@type\":\"PropertyValueSpecification\",\"valueRequired\":true,\"valueName\":\"search_term_string\"}}],\"inLanguage\":\"en-US\"},{\"@type\":\"ImageObject\",\"inLanguage\":\"en-US\",\"@id\":\"https:\\\/\\\/mmkriepas.lv\\\/en\\\/p\\\/215-55r18-sunny-nw312-99s-xl\\\/#local-main-organization-logo\",\"url\":\"\",\"contentUrl\":\"\",\"caption\":\"MMK Riepas\"}]}<\/script>\n<meta property=\"product:brand\" content=\"Sunny NW312\" \/>\n<meta property=\"product:price:amount\" content=\"59.00\" \/>\n<meta property=\"product:price:currency\" content=\"EUR\" \/>\n<meta property=\"og:availability\" content=\"instock\" \/>\n<meta property=\"product:availability\" content=\"instock\" \/>\n<meta property=\"product:retailer_item_id\" content=\"TW2155518SUNNY-55370\" \/>\n<meta property=\"product:condition\" content=\"new\" \/>\n<!-- \/ Yoast SEO Premium plugin. -->","yoast_head_json":{"title":"215\/55R18 Sunny NW312 99S XL &#8226; MMK Riepas","robots":{"index":"index","follow":"follow","max-snippet":"max-snippet:-1","max-image-preview":"max-image-preview:large","max-video-preview":"max-video-preview:-1"},"canonical":"https:\/\/mmkriepas.lv\/en\/p\/215-55r18-sunny-nw312-99s-xl\/","og_locale":"en_US","og_type":"article","og_title":"215\/55R18 Sunny NW312 99S XL","og_description":"Sunny NW312 ir frikcijas tipa ziemas riepu modelis, kas apr\u012bkots ar asimetrisku protektora rakstu un izce\u013cas ar augstiem veiktsp\u0113j\u0101s r\u0101d\u012bt\u0101jiem gan snieg\u0101, gan ar\u012b uz slapja asfalta, padarot to piem\u0113rotu brauk\u0161anai gan pils\u0113t\u0101 un pa valsts ma\u0123istr\u0101laj\u0101m autotras\u0113m, gan ar\u012b pa reti t\u012br\u012btiem lauku ce\u013ciem.","og_url":"https:\/\/mmkriepas.lv\/en\/p\/215-55r18-sunny-nw312-99s-xl\/","og_site_name":"MMK Riepas","article_publisher":"https:\/\/www.facebook.com\/mmkserviss\/","article_modified_time":"2026-03-27T21:54:19+00:00","og_image":[{"width":900,"height":720,"url":"https:\/\/mmkriepas.lv\/wp-content\/uploads\/2024\/11\/24545r18-sunny-nw312-100s-xl-demo-ziemas-riepas.jpg","type":"image\/jpeg"}],"twitter_card":"summary_large_image","twitter_misc":{"Price":"&euro;59.00","Availability":"In stock"},"schema":{"@context":"https:\/\/schema.org","@graph":[{"@type":"WebPage","@id":"https:\/\/mmkriepas.lv\/en\/p\/215-55r18-sunny-nw312-99s-xl\/","url":"https:\/\/mmkriepas.lv\/en\/p\/215-55r18-sunny-nw312-99s-xl\/","name":"215\/55R18 Sunny NW312 99S XL &#8226; MMK Riepas","isPartOf":{"@id":"https:\/\/mmkriepas.lv\/en\/#website"},"primaryImageOfPage":{"@id":"https:\/\/mmkriepas.lv\/en\/p\/215-55r18-sunny-nw312-99s-xl\/#primaryimage"},"image":{"@id":"https:\/\/mmkriepas.lv\/en\/p\/215-55r18-sunny-nw312-99s-xl\/#primaryimage"},"thumbnailUrl":"https:\/\/mmkriepas.lv\/wp-content\/uploads\/2024\/11\/24545r18-sunny-nw312-100s-xl-demo-ziemas-riepas.jpg","datePublished":"2026-01-07T11:17:13+00:00","dateModified":"2026-03-27T21:54:19+00:00","breadcrumb":{"@id":"https:\/\/mmkriepas.lv\/en\/p\/215-55r18-sunny-nw312-99s-xl\/#breadcrumb"},"inLanguage":"en-US","potentialAction":[{"@type":"ReadAction","target":["https:\/\/mmkriepas.lv\/en\/p\/215-55r18-sunny-nw312-99s-xl\/"]}]},{"@type":"ImageObject","inLanguage":"en-US","@id":"https:\/\/mmkriepas.lv\/en\/p\/215-55r18-sunny-nw312-99s-xl\/#primaryimage","url":"https:\/\/mmkriepas.lv\/wp-content\/uploads\/2024\/11\/24545r18-sunny-nw312-100s-xl-demo-ziemas-riepas.jpg","contentUrl":"https:\/\/mmkriepas.lv\/wp-content\/uploads\/2024\/11\/24545r18-sunny-nw312-100s-xl-demo-ziemas-riepas.jpg","width":900,"height":720,"caption":"MAIN"},{"@type":"BreadcrumbList","@id":"https:\/\/mmkriepas.lv\/en\/p\/215-55r18-sunny-nw312-99s-xl\/#breadcrumb","itemListElement":[{"@type":"ListItem","position":1,"name":"S\u0101kums","item":"https:\/\/mmkriepas.lv\/en\/"},{"@type":"ListItem","position":2,"name":"215\/55R18 Sunny NW312 99S XL"}]},{"@type":"WebSite","@id":"https:\/\/mmkriepas.lv\/en\/#website","url":"https:\/\/mmkriepas.lv\/en\/","name":"MMK Riepas","description":"MMK Riepas","alternateName":"MMK Riepu Serviss","potentialAction":[{"@type":"SearchAction","target":{"@type":"EntryPoint","urlTemplate":"https:\/\/mmkriepas.lv\/en\/?s={search_term_string}"},"query-input":{"@type":"PropertyValueSpecification","valueRequired":true,"valueName":"search_term_string"}}],"inLanguage":"en-US"},{"@type":"ImageObject","inLanguage":"en-US","@id":"https:\/\/mmkriepas.lv\/en\/p\/215-55r18-sunny-nw312-99s-xl\/#local-main-organization-logo","url":"","contentUrl":"","caption":"MMK Riepas"}]},"product_brand":"Sunny NW312","product_price_amount":"59.00","product_price_currency":"EUR","og_availability":"instock","product_availability":"instock","product_retailer_item_id":"TW2155518SUNNY-55370","product_condition":"new"},"_links":{"self":[{"href":"https:\/\/mmkriepas.lv\/en\/wp-json\/wp\/v2\/product\/1422570","targetHints":{"allow":["GET"]}}],"collection":[{"href":"https:\/\/mmkriepas.lv\/en\/wp-json\/wp\/v2\/product"}],"about":[{"href":"https:\/\/mmkriepas.lv\/en\/wp-json\/wp\/v2\/types\/product"}],"wp:featuredmedia":[{"embeddable":true,"href":"https:\/\/mmkriepas.lv\/en\/wp-json\/wp\/v2\/media\/1135142"}],"wp:attachment":[{"href":"https:\/\/mmkriepas.lv\/en\/wp-json\/wp\/v2\/media?parent=1422570"}],"wp:term":[{"taxonomy":"product_brand","embeddable":true,"href":"https:\/\/mmkriepas.lv\/en\/wp-json\/wp\/v2\/product_brand?post=1422570"},{"taxonomy":"product_cat","embeddable":true,"href":"https:\/\/mmkriepas.lv\/en\/wp-json\/wp\/v2\/product_cat?post=1422570"},{"taxonomy":"product_tag","embeddable":true,"href":"https:\/\/mmkriepas.lv\/en\/wp-json\/wp\/v2\/product_tag?post=1422570"}],"curies":[{"name":"wp","href":"https:\/\/api.w.org\/{rel}","templated":true}]}}