{"id":1422369,"date":"2026-01-07T11:17:07","date_gmt":"2026-01-07T09:17:07","guid":{"rendered":"https:\/\/mmkriepas.lv\/?post_type=product&#038;p=1422369"},"modified":"2026-04-05T14:14:25","modified_gmt":"2026-04-05T11:14:25","slug":"265-55r19-firemax-fm806-113t-xl","status":"publish","type":"product","link":"https:\/\/mmkriepas.lv\/en\/p\/265-55r19-firemax-fm806-113t-xl\/","title":{"rendered":"265\/55R19 Firemax FM806 113T XL"},"content":{"rendered":"<p><strong>Firemax FM806 <\/strong>ir Skandin\u0101vijas tipa jeb m\u012bkst\u0101 sast\u0101va ziemas riepu modelis ar izteikti agres\u012bvu protektora dizainu. Izce\u013cas ar paaugstin\u0101tu veiktsp\u0113ju skarb\u0101kajos ziemas apst\u0101k\u013cos. Piem\u0113rots krosoveriem un apvidus jeb SUV automa\u0161\u012bn\u0101m.<\/p>\n<p><strong>FM806 galven\u0101s iez\u012bmes:<\/strong><\/p>\n<p>+ Izteikti agres\u012bvs virzienveida protektors lab\u0101kai veiktsp\u0113jai snieg\u0101;<\/p>\n<p>+ Teicama sa\u0137ere uz ledus, pateicoties t\u016bksto\u0161iem lame\u013cu;<\/p>\n<p>+ Par l\u012bdz pat 30% dzi\u013c\u0101ks protektors, nek\u0101 citiem ziemas riepu mode\u013ciem;<\/p>\n<p>+ Izteikts komforta un dro\u0161\u012bbas l\u012bmenis.<\/p>\n<p><strong>FM806 apr\u012bkojums<\/strong><\/p>\n<p><strong>Firemax FM806 <\/strong>ziemas riepas apr\u012bkotas ar \u012bpa\u0161i dzi\u013cu un izteikti agres\u012bvu protektora dizainu, kas aizg\u016bts no Maxxis SS01. Mas\u012bvajos protektora blokos iestr\u0101d\u0101tas lameles, kas pal\u012bdz veidot sa\u0137eri ar ledu. Riepu gumijas sast\u0101vam pievienota virkne elastrom\u0113ru, kas pal\u012bdz \u0161im riepu modelim saglab\u0101t elast\u012bbu zem\u0101s gaisa temperat\u016br\u0101s. Starp protektora blokiem izvietota augsti att\u012bst\u012bta dren\u0101\u017eas kan\u0101lu sist\u0113ma, kas lieliski izvada \u016bdeni un sniegu no riepu kontakta virsmas ar ce\u013cu, uzlabojot veiktsp\u0113ju ar\u012b slapjdra\u0146\u0137\u012b.<\/p>\n","protected":false},"excerpt":{"rendered":"<p><strong>Firemax FM806 <\/strong>ir Skandin\u0101vijas tipa jeb m\u012bkst\u0101 sast\u0101va ziemas riepu modelis ar izteikti agres\u012bvu protektora dizainu. Izce\u013cas ar paaugstin\u0101tu veiktsp\u0113ju skarb\u0101kajos ziemas apst\u0101k\u013cos. Piem\u0113rots krosoveriem un apvidus jeb SUV automa\u0161\u012bn\u0101m.<\/p>\n","protected":false},"featured_media":803301,"template":"","meta":{"_acf_changed":false,"ngg_post_thumbnail":0},"product_brand":[],"product_cat":[47,45],"product_tag":[],"class_list":{"0":"post-1422369","1":"product","2":"type-product","3":"status-publish","4":"has-post-thumbnail","6":"product_cat-vissezonas-riepas","7":"product_cat-ziemas-riepas","9":"first","10":"instock","11":"sale","12":"taxable","13":"shipping-taxable","14":"purchasable","15":"product-type-simple"},"acf":[],"yoast_head":"<!-- This site is optimized with the Yoast SEO Premium plugin v22.6 (Yoast SEO v27.3) - https:\/\/yoast.com\/product\/yoast-seo-premium-wordpress\/ -->\n<title>265\/55R19 Firemax FM806 113T XL &#8226; MMK Riepas<\/title>\n<meta name=\"robots\" content=\"index, follow, max-snippet:-1, max-image-preview:large, max-video-preview:-1\" \/>\n<link rel=\"canonical\" href=\"https:\/\/mmkriepas.lv\/en\/p\/265-55r19-firemax-fm806-113t-xl\/\" \/>\n<meta property=\"og:locale\" content=\"en_US\" \/>\n<meta property=\"og:type\" content=\"article\" \/>\n<meta property=\"og:title\" content=\"265\/55R19 Firemax FM806 113T XL\" \/>\n<meta property=\"og:description\" content=\"Firemax FM806 ir Skandin\u0101vijas tipa jeb m\u012bkst\u0101 sast\u0101va ziemas riepu modelis ar izteikti agres\u012bvu protektora dizainu. Izce\u013cas ar paaugstin\u0101tu veiktsp\u0113ju skarb\u0101kajos ziemas apst\u0101k\u013cos. Piem\u0113rots krosoveriem un apvidus jeb SUV automa\u0161\u012bn\u0101m.\" \/>\n<meta property=\"og:url\" content=\"https:\/\/mmkriepas.lv\/en\/p\/265-55r19-firemax-fm806-113t-xl\/\" \/>\n<meta property=\"og:site_name\" content=\"MMK Riepas\" \/>\n<meta property=\"article:publisher\" content=\"https:\/\/www.facebook.com\/mmkserviss\/\" \/>\n<meta property=\"article:modified_time\" content=\"2026-04-05T11:14:25+00:00\" \/>\n<meta property=\"og:image\" content=\"https:\/\/mmkriepas.lv\/wp-content\/uploads\/2023\/10\/22560r18-firemax-fm806-104h-ziemas-riepas.jpg\" \/>\n\t<meta property=\"og:image:width\" content=\"1920\" \/>\n\t<meta property=\"og:image:height\" content=\"1920\" \/>\n\t<meta property=\"og:image:type\" content=\"image\/jpeg\" \/>\n<meta name=\"twitter:card\" content=\"summary_large_image\" \/>\n<meta name=\"twitter:label1\" content=\"Price\" \/>\n\t<meta name=\"twitter:data1\" content=\"&euro;102.00\" \/>\n\t<meta name=\"twitter:label2\" content=\"Availability\" \/>\n\t<meta name=\"twitter:data2\" content=\"In stock\" \/>\n<script type=\"application\/ld+json\" class=\"yoast-schema-graph\">{\"@context\":\"https:\\\/\\\/schema.org\",\"@graph\":[{\"@type\":\"WebPage\",\"@id\":\"https:\\\/\\\/mmkriepas.lv\\\/en\\\/p\\\/265-55r19-firemax-fm806-113t-xl\\\/\",\"url\":\"https:\\\/\\\/mmkriepas.lv\\\/en\\\/p\\\/265-55r19-firemax-fm806-113t-xl\\\/\",\"name\":\"265\\\/55R19 Firemax FM806 113T XL &#8226; MMK Riepas\",\"isPartOf\":{\"@id\":\"https:\\\/\\\/mmkriepas.lv\\\/en\\\/#website\"},\"primaryImageOfPage\":{\"@id\":\"https:\\\/\\\/mmkriepas.lv\\\/en\\\/p\\\/265-55r19-firemax-fm806-113t-xl\\\/#primaryimage\"},\"image\":{\"@id\":\"https:\\\/\\\/mmkriepas.lv\\\/en\\\/p\\\/265-55r19-firemax-fm806-113t-xl\\\/#primaryimage\"},\"thumbnailUrl\":\"https:\\\/\\\/mmkriepas.lv\\\/wp-content\\\/uploads\\\/2023\\\/10\\\/22560r18-firemax-fm806-104h-ziemas-riepas.jpg\",\"datePublished\":\"2026-01-07T09:17:07+00:00\",\"dateModified\":\"2026-04-05T11:14:25+00:00\",\"breadcrumb\":{\"@id\":\"https:\\\/\\\/mmkriepas.lv\\\/en\\\/p\\\/265-55r19-firemax-fm806-113t-xl\\\/#breadcrumb\"},\"inLanguage\":\"en-US\",\"potentialAction\":[{\"@type\":\"ReadAction\",\"target\":[\"https:\\\/\\\/mmkriepas.lv\\\/en\\\/p\\\/265-55r19-firemax-fm806-113t-xl\\\/\"]}]},{\"@type\":\"ImageObject\",\"inLanguage\":\"en-US\",\"@id\":\"https:\\\/\\\/mmkriepas.lv\\\/en\\\/p\\\/265-55r19-firemax-fm806-113t-xl\\\/#primaryimage\",\"url\":\"https:\\\/\\\/mmkriepas.lv\\\/wp-content\\\/uploads\\\/2023\\\/10\\\/22560r18-firemax-fm806-104h-ziemas-riepas.jpg\",\"contentUrl\":\"https:\\\/\\\/mmkriepas.lv\\\/wp-content\\\/uploads\\\/2023\\\/10\\\/22560r18-firemax-fm806-104h-ziemas-riepas.jpg\",\"width\":1920,\"height\":1920,\"caption\":\"225\\\/60R18 Firemax FM806 104H - Vissezonas riepas \\\/ Ziemas riepas\"},{\"@type\":\"BreadcrumbList\",\"@id\":\"https:\\\/\\\/mmkriepas.lv\\\/en\\\/p\\\/265-55r19-firemax-fm806-113t-xl\\\/#breadcrumb\",\"itemListElement\":[{\"@type\":\"ListItem\",\"position\":1,\"name\":\"S\u0101kums\",\"item\":\"https:\\\/\\\/mmkriepas.lv\\\/en\\\/\"},{\"@type\":\"ListItem\",\"position\":2,\"name\":\"265\\\/55R19 Firemax FM806 113T XL\"}]},{\"@type\":\"WebSite\",\"@id\":\"https:\\\/\\\/mmkriepas.lv\\\/en\\\/#website\",\"url\":\"https:\\\/\\\/mmkriepas.lv\\\/en\\\/\",\"name\":\"MMK Riepas\",\"description\":\"MMK Riepas\",\"alternateName\":\"MMK Riepu Serviss\",\"potentialAction\":[{\"@type\":\"SearchAction\",\"target\":{\"@type\":\"EntryPoint\",\"urlTemplate\":\"https:\\\/\\\/mmkriepas.lv\\\/en\\\/?s={search_term_string}\"},\"query-input\":{\"@type\":\"PropertyValueSpecification\",\"valueRequired\":true,\"valueName\":\"search_term_string\"}}],\"inLanguage\":\"en-US\"},{\"@type\":\"ImageObject\",\"inLanguage\":\"en-US\",\"@id\":\"https:\\\/\\\/mmkriepas.lv\\\/en\\\/p\\\/265-55r19-firemax-fm806-113t-xl\\\/#local-main-organization-logo\",\"url\":\"\",\"contentUrl\":\"\",\"caption\":\"MMK Riepas\"}]}<\/script>\n<meta property=\"product:brand\" content=\"Firemax FM806\" \/>\n<meta property=\"product:price:amount\" content=\"102.00\" \/>\n<meta property=\"product:price:currency\" content=\"EUR\" \/>\n<meta property=\"og:availability\" content=\"instock\" \/>\n<meta property=\"product:availability\" content=\"instock\" \/>\n<meta property=\"product:retailer_item_id\" content=\"TW2655519Firem-E55329\" \/>\n<meta property=\"product:condition\" content=\"new\" \/>\n<!-- \/ Yoast SEO Premium plugin. -->","yoast_head_json":{"title":"265\/55R19 Firemax FM806 113T XL &#8226; MMK Riepas","robots":{"index":"index","follow":"follow","max-snippet":"max-snippet:-1","max-image-preview":"max-image-preview:large","max-video-preview":"max-video-preview:-1"},"canonical":"https:\/\/mmkriepas.lv\/en\/p\/265-55r19-firemax-fm806-113t-xl\/","og_locale":"en_US","og_type":"article","og_title":"265\/55R19 Firemax FM806 113T XL","og_description":"Firemax FM806 ir Skandin\u0101vijas tipa jeb m\u012bkst\u0101 sast\u0101va ziemas riepu modelis ar izteikti agres\u012bvu protektora dizainu. Izce\u013cas ar paaugstin\u0101tu veiktsp\u0113ju skarb\u0101kajos ziemas apst\u0101k\u013cos. Piem\u0113rots krosoveriem un apvidus jeb SUV automa\u0161\u012bn\u0101m.","og_url":"https:\/\/mmkriepas.lv\/en\/p\/265-55r19-firemax-fm806-113t-xl\/","og_site_name":"MMK Riepas","article_publisher":"https:\/\/www.facebook.com\/mmkserviss\/","article_modified_time":"2026-04-05T11:14:25+00:00","og_image":[{"width":1920,"height":1920,"url":"https:\/\/mmkriepas.lv\/wp-content\/uploads\/2023\/10\/22560r18-firemax-fm806-104h-ziemas-riepas.jpg","type":"image\/jpeg"}],"twitter_card":"summary_large_image","twitter_misc":{"Price":"&euro;102.00","Availability":"In stock"},"schema":{"@context":"https:\/\/schema.org","@graph":[{"@type":"WebPage","@id":"https:\/\/mmkriepas.lv\/en\/p\/265-55r19-firemax-fm806-113t-xl\/","url":"https:\/\/mmkriepas.lv\/en\/p\/265-55r19-firemax-fm806-113t-xl\/","name":"265\/55R19 Firemax FM806 113T XL &#8226; MMK Riepas","isPartOf":{"@id":"https:\/\/mmkriepas.lv\/en\/#website"},"primaryImageOfPage":{"@id":"https:\/\/mmkriepas.lv\/en\/p\/265-55r19-firemax-fm806-113t-xl\/#primaryimage"},"image":{"@id":"https:\/\/mmkriepas.lv\/en\/p\/265-55r19-firemax-fm806-113t-xl\/#primaryimage"},"thumbnailUrl":"https:\/\/mmkriepas.lv\/wp-content\/uploads\/2023\/10\/22560r18-firemax-fm806-104h-ziemas-riepas.jpg","datePublished":"2026-01-07T09:17:07+00:00","dateModified":"2026-04-05T11:14:25+00:00","breadcrumb":{"@id":"https:\/\/mmkriepas.lv\/en\/p\/265-55r19-firemax-fm806-113t-xl\/#breadcrumb"},"inLanguage":"en-US","potentialAction":[{"@type":"ReadAction","target":["https:\/\/mmkriepas.lv\/en\/p\/265-55r19-firemax-fm806-113t-xl\/"]}]},{"@type":"ImageObject","inLanguage":"en-US","@id":"https:\/\/mmkriepas.lv\/en\/p\/265-55r19-firemax-fm806-113t-xl\/#primaryimage","url":"https:\/\/mmkriepas.lv\/wp-content\/uploads\/2023\/10\/22560r18-firemax-fm806-104h-ziemas-riepas.jpg","contentUrl":"https:\/\/mmkriepas.lv\/wp-content\/uploads\/2023\/10\/22560r18-firemax-fm806-104h-ziemas-riepas.jpg","width":1920,"height":1920,"caption":"225\/60R18 Firemax FM806 104H - Vissezonas riepas \/ Ziemas riepas"},{"@type":"BreadcrumbList","@id":"https:\/\/mmkriepas.lv\/en\/p\/265-55r19-firemax-fm806-113t-xl\/#breadcrumb","itemListElement":[{"@type":"ListItem","position":1,"name":"S\u0101kums","item":"https:\/\/mmkriepas.lv\/en\/"},{"@type":"ListItem","position":2,"name":"265\/55R19 Firemax FM806 113T XL"}]},{"@type":"WebSite","@id":"https:\/\/mmkriepas.lv\/en\/#website","url":"https:\/\/mmkriepas.lv\/en\/","name":"MMK Riepas","description":"MMK Riepas","alternateName":"MMK Riepu Serviss","potentialAction":[{"@type":"SearchAction","target":{"@type":"EntryPoint","urlTemplate":"https:\/\/mmkriepas.lv\/en\/?s={search_term_string}"},"query-input":{"@type":"PropertyValueSpecification","valueRequired":true,"valueName":"search_term_string"}}],"inLanguage":"en-US"},{"@type":"ImageObject","inLanguage":"en-US","@id":"https:\/\/mmkriepas.lv\/en\/p\/265-55r19-firemax-fm806-113t-xl\/#local-main-organization-logo","url":"","contentUrl":"","caption":"MMK Riepas"}]},"product_brand":"Firemax FM806","product_price_amount":"102.00","product_price_currency":"EUR","og_availability":"instock","product_availability":"instock","product_retailer_item_id":"TW2655519Firem-E55329","product_condition":"new"},"_links":{"self":[{"href":"https:\/\/mmkriepas.lv\/en\/wp-json\/wp\/v2\/product\/1422369","targetHints":{"allow":["GET"]}}],"collection":[{"href":"https:\/\/mmkriepas.lv\/en\/wp-json\/wp\/v2\/product"}],"about":[{"href":"https:\/\/mmkriepas.lv\/en\/wp-json\/wp\/v2\/types\/product"}],"wp:featuredmedia":[{"embeddable":true,"href":"https:\/\/mmkriepas.lv\/en\/wp-json\/wp\/v2\/media\/803301"}],"wp:attachment":[{"href":"https:\/\/mmkriepas.lv\/en\/wp-json\/wp\/v2\/media?parent=1422369"}],"wp:term":[{"taxonomy":"product_brand","embeddable":true,"href":"https:\/\/mmkriepas.lv\/en\/wp-json\/wp\/v2\/product_brand?post=1422369"},{"taxonomy":"product_cat","embeddable":true,"href":"https:\/\/mmkriepas.lv\/en\/wp-json\/wp\/v2\/product_cat?post=1422369"},{"taxonomy":"product_tag","embeddable":true,"href":"https:\/\/mmkriepas.lv\/en\/wp-json\/wp\/v2\/product_tag?post=1422369"}],"curies":[{"name":"wp","href":"https:\/\/api.w.org\/{rel}","templated":true}]}}