{"id":1417147,"date":"2025-12-17T00:01:28","date_gmt":"2025-12-16T22:01:28","guid":{"rendered":"https:\/\/mmkriepas.lv\/?post_type=product&#038;p=1417147"},"modified":"2026-04-24T23:33:41","modified_gmt":"2026-04-24T20:33:41","slug":"205-65r15-strial-ice-99t-xl-ar-radzem","status":"publish","type":"product","link":"https:\/\/mmkriepas.lv\/en\/p\/205-65r15-strial-ice-99t-xl-ar-radzem\/","title":{"rendered":"205\/65R15 Strial ICE 99T XL ar radz\u0113m"},"content":{"rendered":"<p><span style=\"font-family: Arial, sans-serif;\"><span style=\"font-size: medium;\"><b>Strial ICE<\/b><\/span><span style=\"font-size: medium;\"> ir rad\u017eotas ziemas riepas, kuru izgatavo\u0161an\u0101 piedal\u012bju\u0161ies <\/span><span style=\"font-size: medium;\"><b>Michelin in\u017eenieri<\/b><\/span><span style=\"font-size: medium;\">. T\u0101 izce\u013cas ar izcilu sa\u0137eri un manevr\u0113tsp\u0113ju, nokri\u0161\u0146u novadi pa dren\u0101\u017eas riev\u0101m un sa\u012bsin\u0101tu bremz\u0113\u0161anas ce\u013cu.<\/span><\/span><\/p>\n<p><span style=\"font-family: Arial, sans-serif;\"><b>Strial ICE galven\u0101s iez\u012bmes<\/b><\/span><\/p>\n<p><span style=\"font-family: Arial, sans-serif;\">+ Mas\u012bvie protektora bloki centr\u0101 padara riepu stabil\u0101ku un uzlabo sa\u0137eri. <\/span><\/p>\n<p><span style=\"font-family: Arial, sans-serif;\">+ Virz\u012bt\u0101 tipa protektora raksts un pla\u0161\u0101s dren\u0101\u017eas rievas uzlabo \u016bdens novadi un samazina akvaplan\u0113\u0161anas risku. <\/span><\/p>\n<p><span style=\"font-family: Arial, sans-serif;\">+ Se\u0161as rad\u017eu rindas, tand\u0113m\u0101 ar vair\u0101kiem t\u016bksto\u0161iem lame\u013cu, uzlabo sa\u0137eri ar apledoju\u0161iem ce\u013ciem.<\/span><\/p>\n<p><span style=\"font-family: Arial, sans-serif;\"><b>ICE protektora raksturojums<\/b><\/span><\/p>\n<p><span style=\"font-family: Arial, sans-serif;\">Strial ICE protektora raksts ir virz\u012bts, kas pal\u012bdz lab\u0101k novad\u012bt sniegu un \u016bdeni. Protektors papildin\u0101ts ar radz\u0113m, kas izcili veido sa\u0137eri ar sniegu un apledoju\u0161u ce\u013cu, turkl\u0101t protektora rakst\u0101 iestr\u0101d\u0101ti vair\u0101ki t\u016bksto\u0161i lame\u013cu tie\u0161i \u0161im m\u0113r\u0137im.<\/span><\/p>\n<p><span style=\"font-family: Arial, sans-serif;\"><span style=\"font-size: medium;\"><b>Strial ICE<\/b><\/span><span style=\"font-size: medium;\"> ir izcila bud\u017eeta klases ziemas riepa, kuru izstr\u0101d\u0101ju\u0161i Michelin in\u017eenieri. T\u0101 labi tiek gal\u0101 ar jebk\u0101diem ziemas apst\u0101k\u013ciem, uzr\u0101dot labus r\u0101d\u012bt\u0101jus gan uz ledus, gan ar\u012b slapjdra\u0146\u0137\u012b. \u0160\u012b riepa b\u016bs piem\u0113rota tiem, kas ikdien\u0101 bie\u017ei sastopas ar apledoju\u0161iem, gr\u016bti izbraucamiem un reti t\u012br\u012btiem<\/span><\/span><\/p>\n","protected":false},"excerpt":{"rendered":"<p><span style=\"font-family: Arial, sans-serif;\"><span style=\"font-size: medium;\"><b>Strial ICE<\/b><\/span><span style=\"font-size: medium;\"> ir rad\u017eotas ziemas riepas, kuru izgatavo\u0161an\u0101 piedal\u012bju\u0161ies <\/span><span style=\"font-size: medium;\"><b>Michelin in\u017eenieri<\/b><\/span><span style=\"font-size: medium;\">. T\u0101 izce\u013cas ar izcilu sa\u0137eri un manevr\u0113tsp\u0113ju, nokri\u0161\u0146u novadi pa dren\u0101\u017eas riev\u0101m un sa\u012bsin\u0101tu bremz\u0113\u0161anas ce\u013cu.<\/span><\/span><\/p>\n","protected":false},"featured_media":1373901,"template":"","meta":{"_acf_changed":false,"ngg_post_thumbnail":0},"product_brand":[],"product_cat":[45,48],"product_tag":[],"class_list":{"0":"post-1417147","1":"product","2":"type-product","3":"status-publish","4":"has-post-thumbnail","6":"product_cat-ziemas-riepas","7":"product_cat-ziemas-ar-radzem","9":"first","10":"instock","11":"sale","12":"taxable","13":"shipping-taxable","14":"purchasable","15":"product-type-simple"},"acf":[],"yoast_head":"<!-- This site is optimized with the Yoast SEO Premium plugin v22.6 (Yoast SEO v27.3) - https:\/\/yoast.com\/product\/yoast-seo-premium-wordpress\/ -->\n<title>205\/65R15 Strial ICE 99T XL ar radz\u0113m &#8226; MMK Riepas<\/title>\n<meta name=\"robots\" content=\"index, follow, max-snippet:-1, max-image-preview:large, max-video-preview:-1\" \/>\n<link rel=\"canonical\" href=\"https:\/\/mmkriepas.lv\/en\/p\/205-65r15-strial-ice-99t-xl-ar-radzem\/\" \/>\n<meta property=\"og:locale\" content=\"en_US\" \/>\n<meta property=\"og:type\" content=\"article\" \/>\n<meta property=\"og:title\" content=\"205\/65R15 Strial ICE 99T XL ar radz\u0113m\" \/>\n<meta property=\"og:description\" content=\"Strial ICE ir rad\u017eotas ziemas riepas, kuru izgatavo\u0161an\u0101 piedal\u012bju\u0161ies Michelin in\u017eenieri. T\u0101 izce\u013cas ar izcilu sa\u0137eri un manevr\u0113tsp\u0113ju, nokri\u0161\u0146u novadi pa dren\u0101\u017eas riev\u0101m un sa\u012bsin\u0101tu bremz\u0113\u0161anas ce\u013cu.\" \/>\n<meta property=\"og:url\" content=\"https:\/\/mmkriepas.lv\/en\/p\/205-65r15-strial-ice-99t-xl-ar-radzem\/\" \/>\n<meta property=\"og:site_name\" content=\"MMK Riepas\" \/>\n<meta property=\"article:publisher\" content=\"https:\/\/www.facebook.com\/mmkserviss\/\" \/>\n<meta property=\"article:modified_time\" content=\"2026-04-24T20:33:41+00:00\" \/>\n<meta property=\"og:image\" content=\"https:\/\/mmkriepas.lv\/wp-content\/uploads\/2025\/10\/26560r18-tigar-suv-ice-114t-xl-dot22-michelin-ar-radzem-ziemas-riepas-ziemas-ar-radzem-riepas.jpg\" \/>\n\t<meta property=\"og:image:width\" content=\"1800\" \/>\n\t<meta property=\"og:image:height\" content=\"1800\" \/>\n\t<meta property=\"og:image:type\" content=\"image\/jpeg\" \/>\n<meta name=\"twitter:card\" content=\"summary_large_image\" \/>\n<meta name=\"twitter:label1\" content=\"Price\" \/>\n\t<meta name=\"twitter:data1\" content=\"&euro;59.00\" \/>\n\t<meta name=\"twitter:label2\" content=\"Availability\" \/>\n\t<meta name=\"twitter:data2\" content=\"In stock\" \/>\n<script type=\"application\/ld+json\" class=\"yoast-schema-graph\">{\"@context\":\"https:\\\/\\\/schema.org\",\"@graph\":[{\"@type\":\"WebPage\",\"@id\":\"https:\\\/\\\/mmkriepas.lv\\\/en\\\/p\\\/205-65r15-strial-ice-99t-xl-ar-radzem\\\/\",\"url\":\"https:\\\/\\\/mmkriepas.lv\\\/en\\\/p\\\/205-65r15-strial-ice-99t-xl-ar-radzem\\\/\",\"name\":\"205\\\/65R15 Strial ICE 99T XL ar radz\u0113m &#8226; MMK Riepas\",\"isPartOf\":{\"@id\":\"https:\\\/\\\/mmkriepas.lv\\\/en\\\/#website\"},\"primaryImageOfPage\":{\"@id\":\"https:\\\/\\\/mmkriepas.lv\\\/en\\\/p\\\/205-65r15-strial-ice-99t-xl-ar-radzem\\\/#primaryimage\"},\"image\":{\"@id\":\"https:\\\/\\\/mmkriepas.lv\\\/en\\\/p\\\/205-65r15-strial-ice-99t-xl-ar-radzem\\\/#primaryimage\"},\"thumbnailUrl\":\"https:\\\/\\\/mmkriepas.lv\\\/wp-content\\\/uploads\\\/2025\\\/10\\\/26560r18-tigar-suv-ice-114t-xl-dot22-michelin-ar-radzem-ziemas-riepas-ziemas-ar-radzem-riepas.jpg\",\"datePublished\":\"2025-12-16T22:01:28+00:00\",\"dateModified\":\"2026-04-24T20:33:41+00:00\",\"breadcrumb\":{\"@id\":\"https:\\\/\\\/mmkriepas.lv\\\/en\\\/p\\\/205-65r15-strial-ice-99t-xl-ar-radzem\\\/#breadcrumb\"},\"inLanguage\":\"en-US\",\"potentialAction\":[{\"@type\":\"ReadAction\",\"target\":[\"https:\\\/\\\/mmkriepas.lv\\\/en\\\/p\\\/205-65r15-strial-ice-99t-xl-ar-radzem\\\/\"]}]},{\"@type\":\"ImageObject\",\"inLanguage\":\"en-US\",\"@id\":\"https:\\\/\\\/mmkriepas.lv\\\/en\\\/p\\\/205-65r15-strial-ice-99t-xl-ar-radzem\\\/#primaryimage\",\"url\":\"https:\\\/\\\/mmkriepas.lv\\\/wp-content\\\/uploads\\\/2025\\\/10\\\/26560r18-tigar-suv-ice-114t-xl-dot22-michelin-ar-radzem-ziemas-riepas-ziemas-ar-radzem-riepas.jpg\",\"contentUrl\":\"https:\\\/\\\/mmkriepas.lv\\\/wp-content\\\/uploads\\\/2025\\\/10\\\/26560r18-tigar-suv-ice-114t-xl-dot22-michelin-ar-radzem-ziemas-riepas-ziemas-ar-radzem-riepas.jpg\",\"width\":1800,\"height\":1800,\"caption\":\"265\\\/60R18 Tigar SUV Ice 114T XL DOT22 (Michelin) ar radz\u0113m - Ziemas riepas \\\/ Ziemas ar radz\u0113m riepas\"},{\"@type\":\"BreadcrumbList\",\"@id\":\"https:\\\/\\\/mmkriepas.lv\\\/en\\\/p\\\/205-65r15-strial-ice-99t-xl-ar-radzem\\\/#breadcrumb\",\"itemListElement\":[{\"@type\":\"ListItem\",\"position\":1,\"name\":\"S\u0101kums\",\"item\":\"https:\\\/\\\/mmkriepas.lv\\\/en\\\/\"},{\"@type\":\"ListItem\",\"position\":2,\"name\":\"205\\\/65R15 Strial ICE 99T XL ar radz\u0113m\"}]},{\"@type\":\"WebSite\",\"@id\":\"https:\\\/\\\/mmkriepas.lv\\\/en\\\/#website\",\"url\":\"https:\\\/\\\/mmkriepas.lv\\\/en\\\/\",\"name\":\"MMK Riepas\",\"description\":\"MMK Riepas\",\"alternateName\":\"MMK Riepu Serviss\",\"potentialAction\":[{\"@type\":\"SearchAction\",\"target\":{\"@type\":\"EntryPoint\",\"urlTemplate\":\"https:\\\/\\\/mmkriepas.lv\\\/en\\\/?s={search_term_string}\"},\"query-input\":{\"@type\":\"PropertyValueSpecification\",\"valueRequired\":true,\"valueName\":\"search_term_string\"}}],\"inLanguage\":\"en-US\"},{\"@type\":\"ImageObject\",\"inLanguage\":\"en-US\",\"@id\":\"https:\\\/\\\/mmkriepas.lv\\\/en\\\/p\\\/205-65r15-strial-ice-99t-xl-ar-radzem\\\/#local-main-organization-logo\",\"url\":\"\",\"contentUrl\":\"\",\"caption\":\"MMK Riepas\"}]}<\/script>\n<meta property=\"product:brand\" content=\"Strial ICE\" \/>\n<meta property=\"product:price:amount\" content=\"59.00\" \/>\n<meta property=\"product:price:currency\" content=\"EUR\" \/>\n<meta property=\"og:availability\" content=\"instock\" \/>\n<meta property=\"product:availability\" content=\"instock\" \/>\n<meta property=\"product:retailer_item_id\" content=\"TR2056515STRIA-L54922\" \/>\n<meta property=\"product:condition\" content=\"new\" \/>\n<!-- \/ Yoast SEO Premium plugin. -->","yoast_head_json":{"title":"205\/65R15 Strial ICE 99T XL ar radz\u0113m &#8226; MMK Riepas","robots":{"index":"index","follow":"follow","max-snippet":"max-snippet:-1","max-image-preview":"max-image-preview:large","max-video-preview":"max-video-preview:-1"},"canonical":"https:\/\/mmkriepas.lv\/en\/p\/205-65r15-strial-ice-99t-xl-ar-radzem\/","og_locale":"en_US","og_type":"article","og_title":"205\/65R15 Strial ICE 99T XL ar radz\u0113m","og_description":"Strial ICE ir rad\u017eotas ziemas riepas, kuru izgatavo\u0161an\u0101 piedal\u012bju\u0161ies Michelin in\u017eenieri. T\u0101 izce\u013cas ar izcilu sa\u0137eri un manevr\u0113tsp\u0113ju, nokri\u0161\u0146u novadi pa dren\u0101\u017eas riev\u0101m un sa\u012bsin\u0101tu bremz\u0113\u0161anas ce\u013cu.","og_url":"https:\/\/mmkriepas.lv\/en\/p\/205-65r15-strial-ice-99t-xl-ar-radzem\/","og_site_name":"MMK Riepas","article_publisher":"https:\/\/www.facebook.com\/mmkserviss\/","article_modified_time":"2026-04-24T20:33:41+00:00","og_image":[{"width":1800,"height":1800,"url":"https:\/\/mmkriepas.lv\/wp-content\/uploads\/2025\/10\/26560r18-tigar-suv-ice-114t-xl-dot22-michelin-ar-radzem-ziemas-riepas-ziemas-ar-radzem-riepas.jpg","type":"image\/jpeg"}],"twitter_card":"summary_large_image","twitter_misc":{"Price":"&euro;59.00","Availability":"In stock"},"schema":{"@context":"https:\/\/schema.org","@graph":[{"@type":"WebPage","@id":"https:\/\/mmkriepas.lv\/en\/p\/205-65r15-strial-ice-99t-xl-ar-radzem\/","url":"https:\/\/mmkriepas.lv\/en\/p\/205-65r15-strial-ice-99t-xl-ar-radzem\/","name":"205\/65R15 Strial ICE 99T XL ar radz\u0113m &#8226; MMK Riepas","isPartOf":{"@id":"https:\/\/mmkriepas.lv\/en\/#website"},"primaryImageOfPage":{"@id":"https:\/\/mmkriepas.lv\/en\/p\/205-65r15-strial-ice-99t-xl-ar-radzem\/#primaryimage"},"image":{"@id":"https:\/\/mmkriepas.lv\/en\/p\/205-65r15-strial-ice-99t-xl-ar-radzem\/#primaryimage"},"thumbnailUrl":"https:\/\/mmkriepas.lv\/wp-content\/uploads\/2025\/10\/26560r18-tigar-suv-ice-114t-xl-dot22-michelin-ar-radzem-ziemas-riepas-ziemas-ar-radzem-riepas.jpg","datePublished":"2025-12-16T22:01:28+00:00","dateModified":"2026-04-24T20:33:41+00:00","breadcrumb":{"@id":"https:\/\/mmkriepas.lv\/en\/p\/205-65r15-strial-ice-99t-xl-ar-radzem\/#breadcrumb"},"inLanguage":"en-US","potentialAction":[{"@type":"ReadAction","target":["https:\/\/mmkriepas.lv\/en\/p\/205-65r15-strial-ice-99t-xl-ar-radzem\/"]}]},{"@type":"ImageObject","inLanguage":"en-US","@id":"https:\/\/mmkriepas.lv\/en\/p\/205-65r15-strial-ice-99t-xl-ar-radzem\/#primaryimage","url":"https:\/\/mmkriepas.lv\/wp-content\/uploads\/2025\/10\/26560r18-tigar-suv-ice-114t-xl-dot22-michelin-ar-radzem-ziemas-riepas-ziemas-ar-radzem-riepas.jpg","contentUrl":"https:\/\/mmkriepas.lv\/wp-content\/uploads\/2025\/10\/26560r18-tigar-suv-ice-114t-xl-dot22-michelin-ar-radzem-ziemas-riepas-ziemas-ar-radzem-riepas.jpg","width":1800,"height":1800,"caption":"265\/60R18 Tigar SUV Ice 114T XL DOT22 (Michelin) ar radz\u0113m - Ziemas riepas \/ Ziemas ar radz\u0113m riepas"},{"@type":"BreadcrumbList","@id":"https:\/\/mmkriepas.lv\/en\/p\/205-65r15-strial-ice-99t-xl-ar-radzem\/#breadcrumb","itemListElement":[{"@type":"ListItem","position":1,"name":"S\u0101kums","item":"https:\/\/mmkriepas.lv\/en\/"},{"@type":"ListItem","position":2,"name":"205\/65R15 Strial ICE 99T XL ar radz\u0113m"}]},{"@type":"WebSite","@id":"https:\/\/mmkriepas.lv\/en\/#website","url":"https:\/\/mmkriepas.lv\/en\/","name":"MMK Riepas","description":"MMK Riepas","alternateName":"MMK Riepu Serviss","potentialAction":[{"@type":"SearchAction","target":{"@type":"EntryPoint","urlTemplate":"https:\/\/mmkriepas.lv\/en\/?s={search_term_string}"},"query-input":{"@type":"PropertyValueSpecification","valueRequired":true,"valueName":"search_term_string"}}],"inLanguage":"en-US"},{"@type":"ImageObject","inLanguage":"en-US","@id":"https:\/\/mmkriepas.lv\/en\/p\/205-65r15-strial-ice-99t-xl-ar-radzem\/#local-main-organization-logo","url":"","contentUrl":"","caption":"MMK Riepas"}]},"product_brand":"Strial ICE","product_price_amount":"59.00","product_price_currency":"EUR","og_availability":"instock","product_availability":"instock","product_retailer_item_id":"TR2056515STRIA-L54922","product_condition":"new"},"_links":{"self":[{"href":"https:\/\/mmkriepas.lv\/en\/wp-json\/wp\/v2\/product\/1417147","targetHints":{"allow":["GET"]}}],"collection":[{"href":"https:\/\/mmkriepas.lv\/en\/wp-json\/wp\/v2\/product"}],"about":[{"href":"https:\/\/mmkriepas.lv\/en\/wp-json\/wp\/v2\/types\/product"}],"wp:featuredmedia":[{"embeddable":true,"href":"https:\/\/mmkriepas.lv\/en\/wp-json\/wp\/v2\/media\/1373901"}],"wp:attachment":[{"href":"https:\/\/mmkriepas.lv\/en\/wp-json\/wp\/v2\/media?parent=1417147"}],"wp:term":[{"taxonomy":"product_brand","embeddable":true,"href":"https:\/\/mmkriepas.lv\/en\/wp-json\/wp\/v2\/product_brand?post=1417147"},{"taxonomy":"product_cat","embeddable":true,"href":"https:\/\/mmkriepas.lv\/en\/wp-json\/wp\/v2\/product_cat?post=1417147"},{"taxonomy":"product_tag","embeddable":true,"href":"https:\/\/mmkriepas.lv\/en\/wp-json\/wp\/v2\/product_tag?post=1417147"}],"curies":[{"name":"wp","href":"https:\/\/api.w.org\/{rel}","templated":true}]}}