{"id":1407485,"date":"2025-12-03T13:24:35","date_gmt":"2025-12-03T11:24:35","guid":{"rendered":"https:\/\/mmkriepas.lv\/?post_type=product&#038;p=1407485"},"modified":"2026-04-04T20:31:54","modified_gmt":"2026-04-04T17:31:54","slug":"205-55r16-kormoran-stud2-94t-xl-dot-ar-radzem","status":"publish","type":"product","link":"https:\/\/mmkriepas.lv\/en\/p\/205-55r16-kormoran-stud2-94t-xl-dot-ar-radzem\/","title":{"rendered":"205\/55R16 Kormoran Stud2 94T XL DOT ar radz\u0113m (Michelin)"},"content":{"rendered":"<p><span style=\"font-family: Arial, serif;\"><span style=\"font-size: medium;\"><b>Kormoran Stud2<\/b><\/span><\/span><span style=\"font-family: Arial, serif;\"><span style=\"font-size: medium;\"> ir rad\u017eo<\/span><\/span><span style=\"font-family: Arial, serif;\"><span style=\"font-size: medium;\">tas<\/span><\/span><span style=\"font-family: Arial, serif;\"><span style=\"font-size: medium;\"> ziemas riepas, kuru izgatavo\u0161an\u0101 piedal\u012bju\u0161ies <\/span><\/span><span style=\"font-family: Arial, serif;\"><span style=\"font-size: medium;\"><b>Michelin in\u017eenieri<\/b><\/span><\/span><span style=\"font-family: Arial, serif;\"><span style=\"font-size: medium;\">. T\u0101 izce\u013cas ar izcilu sa\u0137eri un manevr\u0113tsp\u0113ju, nokri\u0161\u0146u novadi pa dren\u0101\u017eas riev\u0101m un sa\u012bsin\u0101tu bremz\u0113\u0161anas ce\u013cu.<\/span><\/span><\/p>\n<p><span style=\"font-family: Arial, serif;\"><span style=\"font-size: large;\"><b>Stud2 galven\u0101s iez\u012bmes<\/b><\/span><\/span><\/p>\n<p><span style=\"font-family: Arial, serif;\"><span style=\"font-size: medium;\">+ Mas\u012bvie protektora bloki centr\u0101 padara riepu stabil\u0101ku un uzlabo sa\u0137eri. <\/span><\/span><\/p>\n<p><span style=\"font-family: Arial, serif;\"><span style=\"font-size: medium;\">+ Virz\u012bt\u0101 tipa protektora raksts un pla\u0161\u0101s dren\u0101\u017eas rievas uzlabo \u016bdens novadi un samazina akvaplan\u0113\u0161anas risku. <\/span><\/span><\/p>\n<p><span style=\"font-family: Arial, serif;\"><span style=\"font-size: medium;\">+ Se\u0161as rad\u017eu rindas, tand\u0113m\u0101 ar vair\u0101kiem t\u016bksto\u0161iem lame\u013cu, uzlabo sa\u0137eri ar apledoju\u0161iem ce\u013ciem.<\/span><\/span><\/p>\n<p><b><span style=\"font-family: Arial, serif;\"><span style=\"font-size: large;\">Stud2 <\/span><\/span><span style=\"font-family: Arial, serif;\"><span style=\"font-size: large;\">protektora raksturojums<\/span><\/span><\/b><\/p>\n<p><span style=\"font-family: Arial, serif;\"><span style=\"font-size: medium;\">Stud2 protektora raksts ir virz\u012bts, kas pal\u012bdz lab\u0101k novad\u012bt sniegu un \u016bdeni. Protektors papildin\u0101ts ar radz\u0113m, kas izcili veido sa\u0137eri ar sniegu un apledoju\u0161u ce\u013cu, turkl\u0101t protektora rakst\u0101 iestr\u0101d\u0101ti vair\u0101ki t\u016bksto\u0161i lame\u013cu tie\u0161i \u0161im m\u0113r\u0137im.<\/span><\/span><\/p>\n<p><span style=\"font-family: Arial, serif;\"><span style=\"font-size: large;\"><b>Kormoran Stud 2 piem\u0113rot\u012bba Latvijas apst\u0101k\u013ciem<\/b><\/span><\/span><\/p>\n<p><span style=\"font-family: Arial, serif;\"><span style=\"font-size: medium;\"><b>Stud 2<\/b><\/span><\/span><span style=\"font-family: Arial, serif;\"><span style=\"font-size: medium;\"> ir izcila bud\u017eeta klases ziemas riepa, kuru izstr\u0101d\u0101ju\u0161i Michelin in\u017eenieri. T\u0101 labi tiek gal\u0101 ar jebk\u0101diem ziemas apst\u0101k\u013ciem, uzr\u0101dot labus r\u0101d\u012bt\u0101jus gan uz ledus, gan ar\u012b slapjdra\u0146\u0137\u012b. \u0160\u012b riepa b\u016bs piem\u0113rota tiem, kas ikdien\u0101 bie\u017ei sastopas ar apledoju\u0161iem, gr\u016bti izbraucamiem un reti t\u012br\u012btiem ce\u013ciem.<\/span><\/span><\/p>\n","protected":false},"excerpt":{"rendered":"<p><span style=\"font-family: Arial, serif;\"><span style=\"font-size: medium;\"><b>Kormoran Stud2<\/b><\/span><\/span><span style=\"font-family: Arial, serif;\"><span style=\"font-size: medium;\"> ir rad\u017eo<\/span><\/span><span style=\"font-family: Arial, serif;\"><span style=\"font-size: medium;\">tas<\/span><\/span><span style=\"font-family: Arial, serif;\"><span style=\"font-size: medium;\"> ziemas riepas, kuru izgatavo\u0161an\u0101 piedal\u012bju\u0161ies <\/span><\/span><span style=\"font-family: Arial, serif;\"><span style=\"font-size: medium;\"><b>Michelin in\u017eenieri<\/b><\/span><\/span><span style=\"font-family: Arial, serif;\"><span style=\"font-size: medium;\">. T\u0101 izce\u013cas ar izcilu sa\u0137eri un manevr\u0113tsp\u0113ju, nokri\u0161\u0146u novadi pa dren\u0101\u017eas riev\u0101m un sa\u012bsin\u0101tu bremz\u0113\u0161anas ce\u013cu.<\/span><\/span><\/p>\n","protected":false},"featured_media":795732,"template":"","meta":{"_acf_changed":false,"ngg_post_thumbnail":0},"product_brand":[],"product_cat":[45,48],"product_tag":[],"class_list":{"0":"post-1407485","1":"product","2":"type-product","3":"status-publish","4":"has-post-thumbnail","6":"product_cat-ziemas-riepas","7":"product_cat-ziemas-ar-radzem","9":"first","10":"instock","11":"taxable","12":"shipping-taxable","13":"purchasable","14":"product-type-simple"},"acf":[],"yoast_head":"<!-- This site is optimized with the Yoast SEO Premium plugin v22.6 (Yoast SEO v27.3) - https:\/\/yoast.com\/product\/yoast-seo-premium-wordpress\/ -->\n<title>205\/55R16 Kormoran Stud2 94T XL DOT ar radz\u0113m (Michelin) &#8226; MMK Riepas<\/title>\n<meta name=\"robots\" content=\"index, follow, max-snippet:-1, max-image-preview:large, max-video-preview:-1\" \/>\n<link rel=\"canonical\" href=\"https:\/\/mmkriepas.lv\/en\/p\/205-55r16-kormoran-stud2-94t-xl-dot-ar-radzem\/\" \/>\n<meta property=\"og:locale\" content=\"en_US\" \/>\n<meta property=\"og:type\" content=\"article\" \/>\n<meta property=\"og:title\" content=\"205\/55R16 Kormoran Stud2 94T XL DOT ar radz\u0113m (Michelin)\" \/>\n<meta property=\"og:description\" content=\"Kormoran Stud2 ir rad\u017eotas ziemas riepas, kuru izgatavo\u0161an\u0101 piedal\u012bju\u0161ies Michelin in\u017eenieri. T\u0101 izce\u013cas ar izcilu sa\u0137eri un manevr\u0113tsp\u0113ju, nokri\u0161\u0146u novadi pa dren\u0101\u017eas riev\u0101m un sa\u012bsin\u0101tu bremz\u0113\u0161anas ce\u013cu.\" \/>\n<meta property=\"og:url\" content=\"https:\/\/mmkriepas.lv\/en\/p\/205-55r16-kormoran-stud2-94t-xl-dot-ar-radzem\/\" \/>\n<meta property=\"og:site_name\" content=\"MMK Riepas\" \/>\n<meta property=\"article:publisher\" content=\"https:\/\/www.facebook.com\/mmkserviss\/\" \/>\n<meta property=\"article:modified_time\" content=\"2026-04-04T17:31:54+00:00\" \/>\n<meta property=\"og:image\" content=\"https:\/\/mmkriepas.lv\/wp-content\/uploads\/2023\/09\/19560r15-kormoran-stud2-92t-michelin-ziemas-riepas.jpg\" \/>\n\t<meta property=\"og:image:width\" content=\"1920\" \/>\n\t<meta property=\"og:image:height\" content=\"1920\" \/>\n\t<meta property=\"og:image:type\" content=\"image\/jpeg\" \/>\n<meta name=\"twitter:card\" content=\"summary_large_image\" \/>\n<meta name=\"twitter:label1\" content=\"Price\" \/>\n\t<meta name=\"twitter:data1\" content=\"&euro;329.00\" \/>\n\t<meta name=\"twitter:label2\" content=\"Availability\" \/>\n\t<meta name=\"twitter:data2\" content=\"In stock\" \/>\n<script type=\"application\/ld+json\" class=\"yoast-schema-graph\">{\"@context\":\"https:\\\/\\\/schema.org\",\"@graph\":[{\"@type\":\"WebPage\",\"@id\":\"https:\\\/\\\/mmkriepas.lv\\\/en\\\/p\\\/205-55r16-kormoran-stud2-94t-xl-dot-ar-radzem\\\/\",\"url\":\"https:\\\/\\\/mmkriepas.lv\\\/en\\\/p\\\/205-55r16-kormoran-stud2-94t-xl-dot-ar-radzem\\\/\",\"name\":\"205\\\/55R16 Kormoran Stud2 94T XL DOT ar radz\u0113m (Michelin) &#8226; MMK Riepas\",\"isPartOf\":{\"@id\":\"https:\\\/\\\/mmkriepas.lv\\\/en\\\/#website\"},\"primaryImageOfPage\":{\"@id\":\"https:\\\/\\\/mmkriepas.lv\\\/en\\\/p\\\/205-55r16-kormoran-stud2-94t-xl-dot-ar-radzem\\\/#primaryimage\"},\"image\":{\"@id\":\"https:\\\/\\\/mmkriepas.lv\\\/en\\\/p\\\/205-55r16-kormoran-stud2-94t-xl-dot-ar-radzem\\\/#primaryimage\"},\"thumbnailUrl\":\"https:\\\/\\\/mmkriepas.lv\\\/wp-content\\\/uploads\\\/2023\\\/09\\\/19560r15-kormoran-stud2-92t-michelin-ziemas-riepas.jpg\",\"datePublished\":\"2025-12-03T11:24:35+00:00\",\"dateModified\":\"2026-04-04T17:31:54+00:00\",\"breadcrumb\":{\"@id\":\"https:\\\/\\\/mmkriepas.lv\\\/en\\\/p\\\/205-55r16-kormoran-stud2-94t-xl-dot-ar-radzem\\\/#breadcrumb\"},\"inLanguage\":\"en-US\",\"potentialAction\":[{\"@type\":\"ReadAction\",\"target\":[\"https:\\\/\\\/mmkriepas.lv\\\/en\\\/p\\\/205-55r16-kormoran-stud2-94t-xl-dot-ar-radzem\\\/\"]}]},{\"@type\":\"ImageObject\",\"inLanguage\":\"en-US\",\"@id\":\"https:\\\/\\\/mmkriepas.lv\\\/en\\\/p\\\/205-55r16-kormoran-stud2-94t-xl-dot-ar-radzem\\\/#primaryimage\",\"url\":\"https:\\\/\\\/mmkriepas.lv\\\/wp-content\\\/uploads\\\/2023\\\/09\\\/19560r15-kormoran-stud2-92t-michelin-ziemas-riepas.jpg\",\"contentUrl\":\"https:\\\/\\\/mmkriepas.lv\\\/wp-content\\\/uploads\\\/2023\\\/09\\\/19560r15-kormoran-stud2-92t-michelin-ziemas-riepas.jpg\",\"width\":1920,\"height\":1920,\"caption\":\"195\\\/60R15 Kormoran Stud2 92T (Michelin) - Vissezonas riepas \\\/ Ziemas riepas\"},{\"@type\":\"BreadcrumbList\",\"@id\":\"https:\\\/\\\/mmkriepas.lv\\\/en\\\/p\\\/205-55r16-kormoran-stud2-94t-xl-dot-ar-radzem\\\/#breadcrumb\",\"itemListElement\":[{\"@type\":\"ListItem\",\"position\":1,\"name\":\"S\u0101kums\",\"item\":\"https:\\\/\\\/mmkriepas.lv\\\/en\\\/\"},{\"@type\":\"ListItem\",\"position\":2,\"name\":\"205\\\/55R16 Kormoran Stud2 94T XL DOT ar radz\u0113m (Michelin)\"}]},{\"@type\":\"WebSite\",\"@id\":\"https:\\\/\\\/mmkriepas.lv\\\/en\\\/#website\",\"url\":\"https:\\\/\\\/mmkriepas.lv\\\/en\\\/\",\"name\":\"MMK Riepas\",\"description\":\"MMK Riepas\",\"alternateName\":\"MMK Riepu Serviss\",\"potentialAction\":[{\"@type\":\"SearchAction\",\"target\":{\"@type\":\"EntryPoint\",\"urlTemplate\":\"https:\\\/\\\/mmkriepas.lv\\\/en\\\/?s={search_term_string}\"},\"query-input\":{\"@type\":\"PropertyValueSpecification\",\"valueRequired\":true,\"valueName\":\"search_term_string\"}}],\"inLanguage\":\"en-US\"},{\"@type\":\"ImageObject\",\"inLanguage\":\"en-US\",\"@id\":\"https:\\\/\\\/mmkriepas.lv\\\/en\\\/p\\\/205-55r16-kormoran-stud2-94t-xl-dot-ar-radzem\\\/#local-main-organization-logo\",\"url\":\"\",\"contentUrl\":\"\",\"caption\":\"MMK Riepas\"}]}<\/script>\n<meta property=\"product:brand\" content=\"Kormoran Stud2\" \/>\n<meta property=\"product:price:amount\" content=\"329.00\" \/>\n<meta property=\"product:price:currency\" content=\"EUR\" \/>\n<meta property=\"og:availability\" content=\"instock\" \/>\n<meta property=\"product:availability\" content=\"instock\" \/>\n<meta property=\"product:retailer_item_id\" content=\"TR2055516KORMO-L54614\" \/>\n<meta property=\"product:condition\" content=\"new\" \/>\n<!-- \/ Yoast SEO Premium plugin. -->","yoast_head_json":{"title":"205\/55R16 Kormoran Stud2 94T XL DOT ar radz\u0113m (Michelin) &#8226; MMK Riepas","robots":{"index":"index","follow":"follow","max-snippet":"max-snippet:-1","max-image-preview":"max-image-preview:large","max-video-preview":"max-video-preview:-1"},"canonical":"https:\/\/mmkriepas.lv\/en\/p\/205-55r16-kormoran-stud2-94t-xl-dot-ar-radzem\/","og_locale":"en_US","og_type":"article","og_title":"205\/55R16 Kormoran Stud2 94T XL DOT ar radz\u0113m (Michelin)","og_description":"Kormoran Stud2 ir rad\u017eotas ziemas riepas, kuru izgatavo\u0161an\u0101 piedal\u012bju\u0161ies Michelin in\u017eenieri. T\u0101 izce\u013cas ar izcilu sa\u0137eri un manevr\u0113tsp\u0113ju, nokri\u0161\u0146u novadi pa dren\u0101\u017eas riev\u0101m un sa\u012bsin\u0101tu bremz\u0113\u0161anas ce\u013cu.","og_url":"https:\/\/mmkriepas.lv\/en\/p\/205-55r16-kormoran-stud2-94t-xl-dot-ar-radzem\/","og_site_name":"MMK Riepas","article_publisher":"https:\/\/www.facebook.com\/mmkserviss\/","article_modified_time":"2026-04-04T17:31:54+00:00","og_image":[{"width":1920,"height":1920,"url":"https:\/\/mmkriepas.lv\/wp-content\/uploads\/2023\/09\/19560r15-kormoran-stud2-92t-michelin-ziemas-riepas.jpg","type":"image\/jpeg"}],"twitter_card":"summary_large_image","twitter_misc":{"Price":"&euro;329.00","Availability":"In stock"},"schema":{"@context":"https:\/\/schema.org","@graph":[{"@type":"WebPage","@id":"https:\/\/mmkriepas.lv\/en\/p\/205-55r16-kormoran-stud2-94t-xl-dot-ar-radzem\/","url":"https:\/\/mmkriepas.lv\/en\/p\/205-55r16-kormoran-stud2-94t-xl-dot-ar-radzem\/","name":"205\/55R16 Kormoran Stud2 94T XL DOT ar radz\u0113m (Michelin) &#8226; MMK Riepas","isPartOf":{"@id":"https:\/\/mmkriepas.lv\/en\/#website"},"primaryImageOfPage":{"@id":"https:\/\/mmkriepas.lv\/en\/p\/205-55r16-kormoran-stud2-94t-xl-dot-ar-radzem\/#primaryimage"},"image":{"@id":"https:\/\/mmkriepas.lv\/en\/p\/205-55r16-kormoran-stud2-94t-xl-dot-ar-radzem\/#primaryimage"},"thumbnailUrl":"https:\/\/mmkriepas.lv\/wp-content\/uploads\/2023\/09\/19560r15-kormoran-stud2-92t-michelin-ziemas-riepas.jpg","datePublished":"2025-12-03T11:24:35+00:00","dateModified":"2026-04-04T17:31:54+00:00","breadcrumb":{"@id":"https:\/\/mmkriepas.lv\/en\/p\/205-55r16-kormoran-stud2-94t-xl-dot-ar-radzem\/#breadcrumb"},"inLanguage":"en-US","potentialAction":[{"@type":"ReadAction","target":["https:\/\/mmkriepas.lv\/en\/p\/205-55r16-kormoran-stud2-94t-xl-dot-ar-radzem\/"]}]},{"@type":"ImageObject","inLanguage":"en-US","@id":"https:\/\/mmkriepas.lv\/en\/p\/205-55r16-kormoran-stud2-94t-xl-dot-ar-radzem\/#primaryimage","url":"https:\/\/mmkriepas.lv\/wp-content\/uploads\/2023\/09\/19560r15-kormoran-stud2-92t-michelin-ziemas-riepas.jpg","contentUrl":"https:\/\/mmkriepas.lv\/wp-content\/uploads\/2023\/09\/19560r15-kormoran-stud2-92t-michelin-ziemas-riepas.jpg","width":1920,"height":1920,"caption":"195\/60R15 Kormoran Stud2 92T (Michelin) - Vissezonas riepas \/ Ziemas riepas"},{"@type":"BreadcrumbList","@id":"https:\/\/mmkriepas.lv\/en\/p\/205-55r16-kormoran-stud2-94t-xl-dot-ar-radzem\/#breadcrumb","itemListElement":[{"@type":"ListItem","position":1,"name":"S\u0101kums","item":"https:\/\/mmkriepas.lv\/en\/"},{"@type":"ListItem","position":2,"name":"205\/55R16 Kormoran Stud2 94T XL DOT ar radz\u0113m (Michelin)"}]},{"@type":"WebSite","@id":"https:\/\/mmkriepas.lv\/en\/#website","url":"https:\/\/mmkriepas.lv\/en\/","name":"MMK Riepas","description":"MMK Riepas","alternateName":"MMK Riepu Serviss","potentialAction":[{"@type":"SearchAction","target":{"@type":"EntryPoint","urlTemplate":"https:\/\/mmkriepas.lv\/en\/?s={search_term_string}"},"query-input":{"@type":"PropertyValueSpecification","valueRequired":true,"valueName":"search_term_string"}}],"inLanguage":"en-US"},{"@type":"ImageObject","inLanguage":"en-US","@id":"https:\/\/mmkriepas.lv\/en\/p\/205-55r16-kormoran-stud2-94t-xl-dot-ar-radzem\/#local-main-organization-logo","url":"","contentUrl":"","caption":"MMK Riepas"}]},"product_brand":"Kormoran Stud2","product_price_amount":"329.00","product_price_currency":"EUR","og_availability":"instock","product_availability":"instock","product_retailer_item_id":"TR2055516KORMO-L54614","product_condition":"new"},"_links":{"self":[{"href":"https:\/\/mmkriepas.lv\/en\/wp-json\/wp\/v2\/product\/1407485","targetHints":{"allow":["GET"]}}],"collection":[{"href":"https:\/\/mmkriepas.lv\/en\/wp-json\/wp\/v2\/product"}],"about":[{"href":"https:\/\/mmkriepas.lv\/en\/wp-json\/wp\/v2\/types\/product"}],"wp:featuredmedia":[{"embeddable":true,"href":"https:\/\/mmkriepas.lv\/en\/wp-json\/wp\/v2\/media\/795732"}],"wp:attachment":[{"href":"https:\/\/mmkriepas.lv\/en\/wp-json\/wp\/v2\/media?parent=1407485"}],"wp:term":[{"taxonomy":"product_brand","embeddable":true,"href":"https:\/\/mmkriepas.lv\/en\/wp-json\/wp\/v2\/product_brand?post=1407485"},{"taxonomy":"product_cat","embeddable":true,"href":"https:\/\/mmkriepas.lv\/en\/wp-json\/wp\/v2\/product_cat?post=1407485"},{"taxonomy":"product_tag","embeddable":true,"href":"https:\/\/mmkriepas.lv\/en\/wp-json\/wp\/v2\/product_tag?post=1407485"}],"curies":[{"name":"wp","href":"https:\/\/api.w.org\/{rel}","templated":true}]}}