{"id":140248,"date":"2020-08-10T17:17:04","date_gmt":"2020-08-10T14:17:04","guid":{"rendered":"https:\/\/mmkserviss.lv\/?post_type=product&#038;p=140248"},"modified":"2025-03-07T17:28:09","modified_gmt":"2025-03-07T15:28:09","slug":"225-75r16c-kormoran-vanpro-winter-118-116r","status":"publish","type":"product","link":"https:\/\/mmkriepas.lv\/en\/p\/225-75r16c-kormoran-vanpro-winter-118-116r\/","title":{"rendered":"225\/75R16C Kormoran Vanpro Winter 118\/116R (Michelin)"},"content":{"rendered":"<p>Kormoran VanPro Winter<\/p>\n<p><strong>Kormoran VanPro Winter<\/strong> ir rad\u017eojama ziemas riepa, kas paredz\u0113ta komerctransportam &#8211; mikroautobusiem un vieglajiem kravas auto. \u0160is modelis izce\u013cas ar labu sa\u0137eri un veiktsp\u0113ju uz da\u017e\u0101d\u0101m ce\u013ca virsm\u0101m. \u0160is modelis ir pieejams gan ar radz\u0113m, gan bez t\u0101m!<\/p>\n<h3>VanPro Winter galven\u0101s iez\u012bmes<\/h3>\n<p>+ Pastiprin\u0101tie s\u0101nu bloki padara \u0161o modeli triecieniztur\u012bg\u0101ku un kalpotsp\u0113j\u012bg\u0101ku.<\/p>\n<p>+ Ilgu kalpo\u0161anas laiku garant\u0113 biezais protektora sl\u0101nis!<\/p>\n<p>+ Sa\u0137eres efektivit\u0101te gan uz slapja asfalta, gan grants ce\u013ciem.<\/p>\n<p>+ Patecoties plataj\u0101m dren\u0101\u017eas riev\u0101m, riepa \u0101tri att\u012br\u0101s no net\u012brumiem un novada \u016bdeni.<\/p>\n<p>+ Samazin\u0101ts akvaplan\u0113\u0161anas risks.<\/p>\n<h3>VanPro Winter veiktsp\u0113ja uz da\u017e\u0101d\u0101m ce\u013ca virsm\u0101m<\/h3>\n<p><strong>Kormoran VanPro\u00a0Winter<\/strong>, protektora dizaina un plato dren\u0101\u017eas rievu d\u0113\u013c, lieliski novada \u016bdeni un sniegu mitros laikapst\u0101k\u013cos, turkl\u0101t viegli att\u012br\u0101s no net\u012brumiem un samazina akvaplan\u0113\u0161anas risku. \u0160\u012b riepa labi pier\u0101da sevi ar\u012b uz ledus, t\u0101s gumijas sast\u0101v\u0101 izmantots dab\u012bgais kau\u010duks, kas pal\u012bdz protektoram nezaud\u0113t elast\u012bbu pat zem\u0101s gaisa temperat\u016br\u0101s.<\/p>\n","protected":false},"excerpt":{"rendered":"<p><strong><span style=\"font-family: 'Arial',sans-serif;\">Kormoran VanPro Winter<\/span><\/strong><span style=\"font-family: 'Arial',sans-serif;\"> ir rad\u017eojama ziemas riepa, kas paredz\u0113ta komerctransportam &#8211; mikroautobusiem un vieglajiem kravas auto. \u0160is modelis izce\u013cas ar labu sa\u0137eri un veiktsp\u0113ju uz da\u017e\u0101d\u0101m ce\u013ca virsm\u0101m. <span style=\"color: red;\">\u0160is modelis ir pieejams gan ar radz\u0113m, gan bez t\u0101m!<\/span><o:p><\/o:p><\/span><\/p>\n","protected":false},"featured_media":320438,"template":"","meta":{"_acf_changed":false,"ngg_post_thumbnail":0},"product_brand":[],"product_cat":[47,45],"product_tag":[],"class_list":{"0":"post-140248","1":"product","2":"type-product","3":"status-publish","4":"has-post-thumbnail","6":"product_cat-vissezonas-riepas","7":"product_cat-ziemas-riepas","9":"first","10":"outofstock","11":"sale","12":"taxable","13":"shipping-taxable","14":"product-type-simple"},"acf":[],"yoast_head":"<!-- This site is optimized with the Yoast SEO Premium plugin v22.6 (Yoast SEO v27.3) - https:\/\/yoast.com\/product\/yoast-seo-premium-wordpress\/ -->\n<title>225\/75R16C Kormoran Vanpro Winter 118\/116R (Michelin) &#8226; MMK Riepas<\/title>\n<meta name=\"description\" content=\"Kormoran VanPro Winter- triecieniztur\u012bga ziemas riepa ar radz\u0113m. Mekl\u0113 MMK riepu centros, visas riepas, visos izm\u0113ros, par visizdev\u012bg\u0101kaj\u0101m cen\u0101m!\" \/>\n<meta name=\"robots\" content=\"index, follow, max-snippet:-1, max-image-preview:large, max-video-preview:-1\" \/>\n<link rel=\"canonical\" href=\"https:\/\/mmkriepas.lv\/en\/p\/225-75r16c-kormoran-vanpro-winter-118-116r\/\" \/>\n<meta property=\"og:locale\" content=\"en_US\" \/>\n<meta property=\"og:type\" content=\"article\" \/>\n<meta property=\"og:title\" content=\"225\/75R16C Kormoran Vanpro Winter 118\/116R (Michelin)\" \/>\n<meta property=\"og:description\" content=\"Kormoran VanPro Winter- triecieniztur\u012bga ziemas riepa ar radz\u0113m. Mekl\u0113 MMK riepu centros, visas riepas, visos izm\u0113ros, par visizdev\u012bg\u0101kaj\u0101m cen\u0101m!\" \/>\n<meta property=\"og:url\" content=\"https:\/\/mmkriepas.lv\/en\/p\/225-75r16c-kormoran-vanpro-winter-118-116r\/\" \/>\n<meta property=\"og:site_name\" content=\"MMK Riepas\" \/>\n<meta property=\"article:publisher\" content=\"https:\/\/www.facebook.com\/mmkserviss\/\" \/>\n<meta property=\"article:modified_time\" content=\"2025-03-07T15:28:09+00:00\" \/>\n<meta property=\"og:image\" content=\"https:\/\/mmkriepas.lv\/wp-content\/uploads\/2022\/09\/20565r16c-kormoran-vanpro-winter-107105r-ziemas-riepas.jpg\" \/>\n\t<meta property=\"og:image:width\" content=\"1920\" \/>\n\t<meta property=\"og:image:height\" content=\"1440\" \/>\n\t<meta property=\"og:image:type\" content=\"image\/jpeg\" \/>\n<meta name=\"twitter:card\" content=\"summary_large_image\" \/>\n<meta name=\"twitter:label1\" content=\"Price\" \/>\n\t<meta name=\"twitter:data1\" content=\"&euro;98.00\" \/>\n\t<meta name=\"twitter:label2\" content=\"Availability\" \/>\n\t<meta name=\"twitter:data2\" content=\"Out of stock\" \/>\n<script type=\"application\/ld+json\" class=\"yoast-schema-graph\">{\"@context\":\"https:\\\/\\\/schema.org\",\"@graph\":[{\"@type\":\"WebPage\",\"@id\":\"https:\\\/\\\/mmkriepas.lv\\\/en\\\/p\\\/225-75r16c-kormoran-vanpro-winter-118-116r\\\/\",\"url\":\"https:\\\/\\\/mmkriepas.lv\\\/en\\\/p\\\/225-75r16c-kormoran-vanpro-winter-118-116r\\\/\",\"name\":\"225\\\/75R16C Kormoran Vanpro Winter 118\\\/116R (Michelin) &#8226; MMK Riepas\",\"isPartOf\":{\"@id\":\"https:\\\/\\\/mmkriepas.lv\\\/en\\\/#website\"},\"primaryImageOfPage\":{\"@id\":\"https:\\\/\\\/mmkriepas.lv\\\/en\\\/p\\\/225-75r16c-kormoran-vanpro-winter-118-116r\\\/#primaryimage\"},\"image\":{\"@id\":\"https:\\\/\\\/mmkriepas.lv\\\/en\\\/p\\\/225-75r16c-kormoran-vanpro-winter-118-116r\\\/#primaryimage\"},\"thumbnailUrl\":\"https:\\\/\\\/mmkriepas.lv\\\/wp-content\\\/uploads\\\/2022\\\/09\\\/20565r16c-kormoran-vanpro-winter-107105r-ziemas-riepas.jpg\",\"datePublished\":\"2020-08-10T14:17:04+00:00\",\"dateModified\":\"2025-03-07T15:28:09+00:00\",\"description\":\"Kormoran VanPro Winter- triecieniztur\u012bga ziemas riepa ar radz\u0113m. Mekl\u0113 MMK riepu centros, visas riepas, visos izm\u0113ros, par visizdev\u012bg\u0101kaj\u0101m cen\u0101m!\",\"breadcrumb\":{\"@id\":\"https:\\\/\\\/mmkriepas.lv\\\/en\\\/p\\\/225-75r16c-kormoran-vanpro-winter-118-116r\\\/#breadcrumb\"},\"inLanguage\":\"en-US\",\"potentialAction\":[{\"@type\":\"ReadAction\",\"target\":[\"https:\\\/\\\/mmkriepas.lv\\\/en\\\/p\\\/225-75r16c-kormoran-vanpro-winter-118-116r\\\/\"]}]},{\"@type\":\"ImageObject\",\"inLanguage\":\"en-US\",\"@id\":\"https:\\\/\\\/mmkriepas.lv\\\/en\\\/p\\\/225-75r16c-kormoran-vanpro-winter-118-116r\\\/#primaryimage\",\"url\":\"https:\\\/\\\/mmkriepas.lv\\\/wp-content\\\/uploads\\\/2022\\\/09\\\/20565r16c-kormoran-vanpro-winter-107105r-ziemas-riepas.jpg\",\"contentUrl\":\"https:\\\/\\\/mmkriepas.lv\\\/wp-content\\\/uploads\\\/2022\\\/09\\\/20565r16c-kormoran-vanpro-winter-107105r-ziemas-riepas.jpg\",\"width\":1920,\"height\":1440,\"caption\":\"Kormoran VanPro Winter\"},{\"@type\":\"BreadcrumbList\",\"@id\":\"https:\\\/\\\/mmkriepas.lv\\\/en\\\/p\\\/225-75r16c-kormoran-vanpro-winter-118-116r\\\/#breadcrumb\",\"itemListElement\":[{\"@type\":\"ListItem\",\"position\":1,\"name\":\"S\u0101kums\",\"item\":\"https:\\\/\\\/mmkriepas.lv\\\/en\\\/\"},{\"@type\":\"ListItem\",\"position\":2,\"name\":\"225\\\/75R16C Kormoran Vanpro Winter 118\\\/116R (Michelin)\"}]},{\"@type\":\"WebSite\",\"@id\":\"https:\\\/\\\/mmkriepas.lv\\\/en\\\/#website\",\"url\":\"https:\\\/\\\/mmkriepas.lv\\\/en\\\/\",\"name\":\"MMK Riepas\",\"description\":\"MMK Riepas\",\"alternateName\":\"MMK Riepu Serviss\",\"potentialAction\":[{\"@type\":\"SearchAction\",\"target\":{\"@type\":\"EntryPoint\",\"urlTemplate\":\"https:\\\/\\\/mmkriepas.lv\\\/en\\\/?s={search_term_string}\"},\"query-input\":{\"@type\":\"PropertyValueSpecification\",\"valueRequired\":true,\"valueName\":\"search_term_string\"}}],\"inLanguage\":\"en-US\"},{\"@type\":\"ImageObject\",\"inLanguage\":\"en-US\",\"@id\":\"https:\\\/\\\/mmkriepas.lv\\\/en\\\/p\\\/225-75r16c-kormoran-vanpro-winter-118-116r\\\/#local-main-organization-logo\",\"url\":\"\",\"contentUrl\":\"\",\"caption\":\"MMK Riepas\"}]}<\/script>\n<meta property=\"product:brand\" content=\"Kormoran Vanpro Winter\" \/>\n<meta property=\"product:price:amount\" content=\"98.00\" \/>\n<meta property=\"product:price:currency\" content=\"EUR\" \/>\n<meta property=\"og:availability\" content=\"out of stock\" \/>\n<meta property=\"product:availability\" content=\"out of stock\" \/>\n<meta property=\"product:retailer_item_id\" content=\"TW2257516CKORMO-1893\" \/>\n<meta property=\"product:condition\" content=\"new\" \/>\n<!-- \/ Yoast SEO Premium plugin. -->","yoast_head_json":{"title":"225\/75R16C Kormoran Vanpro Winter 118\/116R (Michelin) &#8226; MMK Riepas","description":"Kormoran VanPro Winter- triecieniztur\u012bga ziemas riepa ar radz\u0113m. Mekl\u0113 MMK riepu centros, visas riepas, visos izm\u0113ros, par visizdev\u012bg\u0101kaj\u0101m cen\u0101m!","robots":{"index":"index","follow":"follow","max-snippet":"max-snippet:-1","max-image-preview":"max-image-preview:large","max-video-preview":"max-video-preview:-1"},"canonical":"https:\/\/mmkriepas.lv\/en\/p\/225-75r16c-kormoran-vanpro-winter-118-116r\/","og_locale":"en_US","og_type":"article","og_title":"225\/75R16C Kormoran Vanpro Winter 118\/116R (Michelin)","og_description":"Kormoran VanPro Winter- triecieniztur\u012bga ziemas riepa ar radz\u0113m. Mekl\u0113 MMK riepu centros, visas riepas, visos izm\u0113ros, par visizdev\u012bg\u0101kaj\u0101m cen\u0101m!","og_url":"https:\/\/mmkriepas.lv\/en\/p\/225-75r16c-kormoran-vanpro-winter-118-116r\/","og_site_name":"MMK Riepas","article_publisher":"https:\/\/www.facebook.com\/mmkserviss\/","article_modified_time":"2025-03-07T15:28:09+00:00","og_image":[{"width":1920,"height":1440,"url":"https:\/\/mmkriepas.lv\/wp-content\/uploads\/2022\/09\/20565r16c-kormoran-vanpro-winter-107105r-ziemas-riepas.jpg","type":"image\/jpeg"}],"twitter_card":"summary_large_image","twitter_misc":{"Price":"&euro;98.00","Availability":"Out of stock"},"schema":{"@context":"https:\/\/schema.org","@graph":[{"@type":"WebPage","@id":"https:\/\/mmkriepas.lv\/en\/p\/225-75r16c-kormoran-vanpro-winter-118-116r\/","url":"https:\/\/mmkriepas.lv\/en\/p\/225-75r16c-kormoran-vanpro-winter-118-116r\/","name":"225\/75R16C Kormoran Vanpro Winter 118\/116R (Michelin) &#8226; MMK Riepas","isPartOf":{"@id":"https:\/\/mmkriepas.lv\/en\/#website"},"primaryImageOfPage":{"@id":"https:\/\/mmkriepas.lv\/en\/p\/225-75r16c-kormoran-vanpro-winter-118-116r\/#primaryimage"},"image":{"@id":"https:\/\/mmkriepas.lv\/en\/p\/225-75r16c-kormoran-vanpro-winter-118-116r\/#primaryimage"},"thumbnailUrl":"https:\/\/mmkriepas.lv\/wp-content\/uploads\/2022\/09\/20565r16c-kormoran-vanpro-winter-107105r-ziemas-riepas.jpg","datePublished":"2020-08-10T14:17:04+00:00","dateModified":"2025-03-07T15:28:09+00:00","description":"Kormoran VanPro Winter- triecieniztur\u012bga ziemas riepa ar radz\u0113m. Mekl\u0113 MMK riepu centros, visas riepas, visos izm\u0113ros, par visizdev\u012bg\u0101kaj\u0101m cen\u0101m!","breadcrumb":{"@id":"https:\/\/mmkriepas.lv\/en\/p\/225-75r16c-kormoran-vanpro-winter-118-116r\/#breadcrumb"},"inLanguage":"en-US","potentialAction":[{"@type":"ReadAction","target":["https:\/\/mmkriepas.lv\/en\/p\/225-75r16c-kormoran-vanpro-winter-118-116r\/"]}]},{"@type":"ImageObject","inLanguage":"en-US","@id":"https:\/\/mmkriepas.lv\/en\/p\/225-75r16c-kormoran-vanpro-winter-118-116r\/#primaryimage","url":"https:\/\/mmkriepas.lv\/wp-content\/uploads\/2022\/09\/20565r16c-kormoran-vanpro-winter-107105r-ziemas-riepas.jpg","contentUrl":"https:\/\/mmkriepas.lv\/wp-content\/uploads\/2022\/09\/20565r16c-kormoran-vanpro-winter-107105r-ziemas-riepas.jpg","width":1920,"height":1440,"caption":"Kormoran VanPro Winter"},{"@type":"BreadcrumbList","@id":"https:\/\/mmkriepas.lv\/en\/p\/225-75r16c-kormoran-vanpro-winter-118-116r\/#breadcrumb","itemListElement":[{"@type":"ListItem","position":1,"name":"S\u0101kums","item":"https:\/\/mmkriepas.lv\/en\/"},{"@type":"ListItem","position":2,"name":"225\/75R16C Kormoran Vanpro Winter 118\/116R (Michelin)"}]},{"@type":"WebSite","@id":"https:\/\/mmkriepas.lv\/en\/#website","url":"https:\/\/mmkriepas.lv\/en\/","name":"MMK Riepas","description":"MMK Riepas","alternateName":"MMK Riepu Serviss","potentialAction":[{"@type":"SearchAction","target":{"@type":"EntryPoint","urlTemplate":"https:\/\/mmkriepas.lv\/en\/?s={search_term_string}"},"query-input":{"@type":"PropertyValueSpecification","valueRequired":true,"valueName":"search_term_string"}}],"inLanguage":"en-US"},{"@type":"ImageObject","inLanguage":"en-US","@id":"https:\/\/mmkriepas.lv\/en\/p\/225-75r16c-kormoran-vanpro-winter-118-116r\/#local-main-organization-logo","url":"","contentUrl":"","caption":"MMK Riepas"}]},"product_brand":"Kormoran Vanpro Winter","product_price_amount":"98.00","product_price_currency":"EUR","og_availability":"out of stock","product_availability":"out of stock","product_retailer_item_id":"TW2257516CKORMO-1893","product_condition":"new"},"_links":{"self":[{"href":"https:\/\/mmkriepas.lv\/en\/wp-json\/wp\/v2\/product\/140248","targetHints":{"allow":["GET"]}}],"collection":[{"href":"https:\/\/mmkriepas.lv\/en\/wp-json\/wp\/v2\/product"}],"about":[{"href":"https:\/\/mmkriepas.lv\/en\/wp-json\/wp\/v2\/types\/product"}],"wp:featuredmedia":[{"embeddable":true,"href":"https:\/\/mmkriepas.lv\/en\/wp-json\/wp\/v2\/media\/320438"}],"wp:attachment":[{"href":"https:\/\/mmkriepas.lv\/en\/wp-json\/wp\/v2\/media?parent=140248"}],"wp:term":[{"taxonomy":"product_brand","embeddable":true,"href":"https:\/\/mmkriepas.lv\/en\/wp-json\/wp\/v2\/product_brand?post=140248"},{"taxonomy":"product_cat","embeddable":true,"href":"https:\/\/mmkriepas.lv\/en\/wp-json\/wp\/v2\/product_cat?post=140248"},{"taxonomy":"product_tag","embeddable":true,"href":"https:\/\/mmkriepas.lv\/en\/wp-json\/wp\/v2\/product_tag?post=140248"}],"curies":[{"name":"wp","href":"https:\/\/api.w.org\/{rel}","templated":true}]}}