{"id":1401032,"date":"2025-11-23T17:17:13","date_gmt":"2025-11-23T15:17:13","guid":{"rendered":"https:\/\/mmkriepas.lv\/?post_type=product&#038;p=1401032"},"modified":"2026-03-30T15:34:23","modified_gmt":"2026-03-30T12:34:23","slug":"315-35r21-rotalla-s500-111h-xl-ar-radzem","status":"publish","type":"product","link":"https:\/\/mmkriepas.lv\/en\/p\/315-35r21-rotalla-s500-111h-xl-ar-radzem\/","title":{"rendered":"315\/35R21 Rotalla Setula W Race S500 111H XL ar radz\u0113m"},"content":{"rendered":"<p><b>Rotalla Setula W Race S500 <\/b><span style=\"font-weight: 400;\">ir labas kvalit\u0101tes, bud\u017eeta klases rad\u017eojamais ziemas riepu modelis. Tas izce\u013cas ar \u013coti labiem nodilumiztur\u012bbas, sa\u0137eres un manecr\u0113tsp\u0113jas r\u0101d\u012bt\u0101jiem pat skarbos ziemas apst\u0101k\u013cos &#8211; dzi\u013c\u0101 snieg\u0101 un uz apledoju\u0161iem ce\u013ca posmiem.<\/span><\/p>\n<h3><b>Rotalla Setula W Race S500 galven\u0101s iez\u012bmes<\/b><\/h3>\n<p><span style=\"font-weight: 400;\">+ Laba veiktsp\u0113ja snieg\u0101 un uz sausa asfalta.<\/span><\/p>\n<p><span style=\"font-weight: 400;\">+ Komfortabla gaita.<\/span><\/p>\n<p><span style=\"font-weight: 400;\">+ Palielin\u0101ta nodilumiztur\u012bba.<\/span><\/p>\n<p><span style=\"font-weight: 400;\">+ Dzi\u013c\u0161 un agres\u012bvs protektors.<\/span><\/p>\n<p><span style=\"font-weight: 400;\">+ Iesp\u0113ja protektor\u0101 iestr\u0101d\u0101t radzes, lai uzlabotu sa\u0137eri un paildzin\u0101tu riepu kalpo\u0161anas m\u016b\u017eu.<\/span><\/p>\n<p><span style=\"font-weight: 400;\">+ Zems akvaplan\u0113\u0161anas risks.<\/span><\/p>\n<h3><b>Setula W Race S500 apr\u012bkojums<\/b><\/h3>\n<p><b>Rotalla Setula W Race S500 <\/b><span style=\"font-weight: 400;\">ziemas riepas apr\u012bkotas ar agres\u012bvu virzienveida protektora rakstu. T\u0101 mas\u012bvajos V-formas protektora blokos bl\u012bvi iestr\u0101d\u0101tas lameles, kas vienlaikus uzlabo sa\u0137eri ar ledu, un pal\u012bdz sausin\u0101t riepu kontakta virsmu ar ce\u013cu.<\/span><\/p>\n<p><span style=\"font-weight: 400;\">\u0160is riepu modelis darin\u0101ts no elastrom\u0113riem bag\u0101ta kompoz\u012btmateri\u0101la. Tas pal\u012bdz riep\u0101m saglab\u0101t elast\u012bbu pat \u013coti zem\u0101s gaisa temperat\u016br\u0101s, nodro\u0161inot labu sa\u0137eri taj\u0101s.\u00a0<\/span><\/p>\n<p><span style=\"font-weight: 400;\">Protektora blokos iesp\u0113jams iestr\u0101d\u0101t radzes. T\u0101s b\u016btiski uzlabo sa\u0137eri uz apledoju\u0161iem ce\u013ca posmiem un sabl\u012bv\u0113ta sniega, k\u0101 ar\u012b krietni paildzina riepu kalpo\u0161anas m\u016b\u017eu.<\/span><\/p>\n","protected":false},"excerpt":{"rendered":"<p><b>Rotalla Setula W Race S500 <\/b><span style=\"font-weight: 400;\">ir labas kvalit\u0101tes, bud\u017eeta klases rad\u017eojamais ziemas riepu modelis. Tas izce\u013cas ar \u013coti labiem nodilumiztur\u012bbas, sa\u0137eres un manecr\u0113tsp\u0113jas r\u0101d\u012bt\u0101jiem pat skarbos ziemas apst\u0101k\u013cos &#8211; dzi\u013c\u0101 snieg\u0101 un uz apledoju\u0161iem ce\u013ca posmiem.<\/span><\/p>\n","protected":false},"featured_media":821161,"template":"","meta":{"_acf_changed":false,"ngg_post_thumbnail":0},"product_brand":[],"product_cat":[45,48],"product_tag":[],"class_list":{"0":"post-1401032","1":"product","2":"type-product","3":"status-publish","4":"has-post-thumbnail","6":"product_cat-ziemas-riepas","7":"product_cat-ziemas-ar-radzem","9":"first","10":"instock","11":"sale","12":"taxable","13":"shipping-taxable","14":"purchasable","15":"product-type-simple"},"acf":[],"yoast_head":"<!-- This site is optimized with the Yoast SEO Premium plugin v22.6 (Yoast SEO v27.3) - https:\/\/yoast.com\/product\/yoast-seo-premium-wordpress\/ -->\n<title>315\/35R21 Rotalla Setula W Race S500 111H XL ar radz\u0113m &#8226; MMK Riepas<\/title>\n<meta name=\"robots\" content=\"index, follow, max-snippet:-1, max-image-preview:large, max-video-preview:-1\" \/>\n<link rel=\"canonical\" href=\"https:\/\/mmkriepas.lv\/en\/p\/315-35r21-rotalla-s500-111h-xl-ar-radzem\/\" \/>\n<meta property=\"og:locale\" content=\"en_US\" \/>\n<meta property=\"og:type\" content=\"article\" \/>\n<meta property=\"og:title\" content=\"315\/35R21 Rotalla Setula W Race S500 111H XL ar radz\u0113m\" \/>\n<meta property=\"og:description\" content=\"Rotalla Setula W Race S500 ir labas kvalit\u0101tes, bud\u017eeta klases rad\u017eojamais ziemas riepu modelis. Tas izce\u013cas ar \u013coti labiem nodilumiztur\u012bbas, sa\u0137eres un manecr\u0113tsp\u0113jas r\u0101d\u012bt\u0101jiem pat skarbos ziemas apst\u0101k\u013cos - dzi\u013c\u0101 snieg\u0101 un uz apledoju\u0161iem ce\u013ca posmiem.\" \/>\n<meta property=\"og:url\" content=\"https:\/\/mmkriepas.lv\/en\/p\/315-35r21-rotalla-s500-111h-xl-ar-radzem\/\" \/>\n<meta property=\"og:site_name\" content=\"MMK Riepas\" \/>\n<meta property=\"article:publisher\" content=\"https:\/\/www.facebook.com\/mmkserviss\/\" \/>\n<meta property=\"article:modified_time\" content=\"2026-03-30T12:34:23+00:00\" \/>\n<meta property=\"og:image\" content=\"https:\/\/mmkriepas.lv\/wp-content\/uploads\/2023\/11\/26550r20-rotalla-setula-w-race-s500-111t-xl-ar-radzem-ziemas-riepas-ziemas-ar-radzem-riepas.jpg\" \/>\n\t<meta property=\"og:image:width\" content=\"1920\" \/>\n\t<meta property=\"og:image:height\" content=\"1920\" \/>\n\t<meta property=\"og:image:type\" content=\"image\/jpeg\" \/>\n<meta name=\"twitter:card\" content=\"summary_large_image\" \/>\n<meta name=\"twitter:label1\" content=\"Price\" \/>\n\t<meta name=\"twitter:data1\" content=\"&euro;175.00\" \/>\n\t<meta name=\"twitter:label2\" content=\"Availability\" \/>\n\t<meta name=\"twitter:data2\" content=\"In stock\" \/>\n<script type=\"application\/ld+json\" class=\"yoast-schema-graph\">{\"@context\":\"https:\\\/\\\/schema.org\",\"@graph\":[{\"@type\":\"WebPage\",\"@id\":\"https:\\\/\\\/mmkriepas.lv\\\/en\\\/p\\\/315-35r21-rotalla-s500-111h-xl-ar-radzem\\\/\",\"url\":\"https:\\\/\\\/mmkriepas.lv\\\/en\\\/p\\\/315-35r21-rotalla-s500-111h-xl-ar-radzem\\\/\",\"name\":\"315\\\/35R21 Rotalla Setula W Race S500 111H XL ar radz\u0113m &#8226; MMK Riepas\",\"isPartOf\":{\"@id\":\"https:\\\/\\\/mmkriepas.lv\\\/en\\\/#website\"},\"primaryImageOfPage\":{\"@id\":\"https:\\\/\\\/mmkriepas.lv\\\/en\\\/p\\\/315-35r21-rotalla-s500-111h-xl-ar-radzem\\\/#primaryimage\"},\"image\":{\"@id\":\"https:\\\/\\\/mmkriepas.lv\\\/en\\\/p\\\/315-35r21-rotalla-s500-111h-xl-ar-radzem\\\/#primaryimage\"},\"thumbnailUrl\":\"https:\\\/\\\/mmkriepas.lv\\\/wp-content\\\/uploads\\\/2023\\\/11\\\/26550r20-rotalla-setula-w-race-s500-111t-xl-ar-radzem-ziemas-riepas-ziemas-ar-radzem-riepas.jpg\",\"datePublished\":\"2025-11-23T15:17:13+00:00\",\"dateModified\":\"2026-03-30T12:34:23+00:00\",\"breadcrumb\":{\"@id\":\"https:\\\/\\\/mmkriepas.lv\\\/en\\\/p\\\/315-35r21-rotalla-s500-111h-xl-ar-radzem\\\/#breadcrumb\"},\"inLanguage\":\"en-US\",\"potentialAction\":[{\"@type\":\"ReadAction\",\"target\":[\"https:\\\/\\\/mmkriepas.lv\\\/en\\\/p\\\/315-35r21-rotalla-s500-111h-xl-ar-radzem\\\/\"]}]},{\"@type\":\"ImageObject\",\"inLanguage\":\"en-US\",\"@id\":\"https:\\\/\\\/mmkriepas.lv\\\/en\\\/p\\\/315-35r21-rotalla-s500-111h-xl-ar-radzem\\\/#primaryimage\",\"url\":\"https:\\\/\\\/mmkriepas.lv\\\/wp-content\\\/uploads\\\/2023\\\/11\\\/26550r20-rotalla-setula-w-race-s500-111t-xl-ar-radzem-ziemas-riepas-ziemas-ar-radzem-riepas.jpg\",\"contentUrl\":\"https:\\\/\\\/mmkriepas.lv\\\/wp-content\\\/uploads\\\/2023\\\/11\\\/26550r20-rotalla-setula-w-race-s500-111t-xl-ar-radzem-ziemas-riepas-ziemas-ar-radzem-riepas.jpg\",\"width\":1920,\"height\":1920,\"caption\":\"265\\\/50R20 Rotalla Setula W Race S500 111T XL ar radz\u0113m - Ziemas riepas \\\/ Ziemas ar radz\u0113m riepas\"},{\"@type\":\"BreadcrumbList\",\"@id\":\"https:\\\/\\\/mmkriepas.lv\\\/en\\\/p\\\/315-35r21-rotalla-s500-111h-xl-ar-radzem\\\/#breadcrumb\",\"itemListElement\":[{\"@type\":\"ListItem\",\"position\":1,\"name\":\"S\u0101kums\",\"item\":\"https:\\\/\\\/mmkriepas.lv\\\/en\\\/\"},{\"@type\":\"ListItem\",\"position\":2,\"name\":\"315\\\/35R21 Rotalla Setula W Race S500 111H XL ar radz\u0113m\"}]},{\"@type\":\"WebSite\",\"@id\":\"https:\\\/\\\/mmkriepas.lv\\\/en\\\/#website\",\"url\":\"https:\\\/\\\/mmkriepas.lv\\\/en\\\/\",\"name\":\"MMK Riepas\",\"description\":\"MMK Riepas\",\"alternateName\":\"MMK Riepu Serviss\",\"potentialAction\":[{\"@type\":\"SearchAction\",\"target\":{\"@type\":\"EntryPoint\",\"urlTemplate\":\"https:\\\/\\\/mmkriepas.lv\\\/en\\\/?s={search_term_string}\"},\"query-input\":{\"@type\":\"PropertyValueSpecification\",\"valueRequired\":true,\"valueName\":\"search_term_string\"}}],\"inLanguage\":\"en-US\"},{\"@type\":\"ImageObject\",\"inLanguage\":\"en-US\",\"@id\":\"https:\\\/\\\/mmkriepas.lv\\\/en\\\/p\\\/315-35r21-rotalla-s500-111h-xl-ar-radzem\\\/#local-main-organization-logo\",\"url\":\"\",\"contentUrl\":\"\",\"caption\":\"MMK Riepas\"}]}<\/script>\n<meta property=\"product:brand\" content=\"Rotalla Setula W Race S500\" \/>\n<meta property=\"product:price:amount\" content=\"175.00\" \/>\n<meta property=\"product:price:currency\" content=\"EUR\" \/>\n<meta property=\"og:availability\" content=\"instock\" \/>\n<meta property=\"product:availability\" content=\"instock\" \/>\n<meta property=\"product:retailer_item_id\" content=\"TR3153521ROTAL-L54244\" \/>\n<meta property=\"product:condition\" content=\"new\" \/>\n<!-- \/ Yoast SEO Premium plugin. -->","yoast_head_json":{"title":"315\/35R21 Rotalla Setula W Race S500 111H XL ar radz\u0113m &#8226; MMK Riepas","robots":{"index":"index","follow":"follow","max-snippet":"max-snippet:-1","max-image-preview":"max-image-preview:large","max-video-preview":"max-video-preview:-1"},"canonical":"https:\/\/mmkriepas.lv\/en\/p\/315-35r21-rotalla-s500-111h-xl-ar-radzem\/","og_locale":"en_US","og_type":"article","og_title":"315\/35R21 Rotalla Setula W Race S500 111H XL ar radz\u0113m","og_description":"Rotalla Setula W Race S500 ir labas kvalit\u0101tes, bud\u017eeta klases rad\u017eojamais ziemas riepu modelis. Tas izce\u013cas ar \u013coti labiem nodilumiztur\u012bbas, sa\u0137eres un manecr\u0113tsp\u0113jas r\u0101d\u012bt\u0101jiem pat skarbos ziemas apst\u0101k\u013cos - dzi\u013c\u0101 snieg\u0101 un uz apledoju\u0161iem ce\u013ca posmiem.","og_url":"https:\/\/mmkriepas.lv\/en\/p\/315-35r21-rotalla-s500-111h-xl-ar-radzem\/","og_site_name":"MMK Riepas","article_publisher":"https:\/\/www.facebook.com\/mmkserviss\/","article_modified_time":"2026-03-30T12:34:23+00:00","og_image":[{"width":1920,"height":1920,"url":"https:\/\/mmkriepas.lv\/wp-content\/uploads\/2023\/11\/26550r20-rotalla-setula-w-race-s500-111t-xl-ar-radzem-ziemas-riepas-ziemas-ar-radzem-riepas.jpg","type":"image\/jpeg"}],"twitter_card":"summary_large_image","twitter_misc":{"Price":"&euro;175.00","Availability":"In stock"},"schema":{"@context":"https:\/\/schema.org","@graph":[{"@type":"WebPage","@id":"https:\/\/mmkriepas.lv\/en\/p\/315-35r21-rotalla-s500-111h-xl-ar-radzem\/","url":"https:\/\/mmkriepas.lv\/en\/p\/315-35r21-rotalla-s500-111h-xl-ar-radzem\/","name":"315\/35R21 Rotalla Setula W Race S500 111H XL ar radz\u0113m &#8226; MMK Riepas","isPartOf":{"@id":"https:\/\/mmkriepas.lv\/en\/#website"},"primaryImageOfPage":{"@id":"https:\/\/mmkriepas.lv\/en\/p\/315-35r21-rotalla-s500-111h-xl-ar-radzem\/#primaryimage"},"image":{"@id":"https:\/\/mmkriepas.lv\/en\/p\/315-35r21-rotalla-s500-111h-xl-ar-radzem\/#primaryimage"},"thumbnailUrl":"https:\/\/mmkriepas.lv\/wp-content\/uploads\/2023\/11\/26550r20-rotalla-setula-w-race-s500-111t-xl-ar-radzem-ziemas-riepas-ziemas-ar-radzem-riepas.jpg","datePublished":"2025-11-23T15:17:13+00:00","dateModified":"2026-03-30T12:34:23+00:00","breadcrumb":{"@id":"https:\/\/mmkriepas.lv\/en\/p\/315-35r21-rotalla-s500-111h-xl-ar-radzem\/#breadcrumb"},"inLanguage":"en-US","potentialAction":[{"@type":"ReadAction","target":["https:\/\/mmkriepas.lv\/en\/p\/315-35r21-rotalla-s500-111h-xl-ar-radzem\/"]}]},{"@type":"ImageObject","inLanguage":"en-US","@id":"https:\/\/mmkriepas.lv\/en\/p\/315-35r21-rotalla-s500-111h-xl-ar-radzem\/#primaryimage","url":"https:\/\/mmkriepas.lv\/wp-content\/uploads\/2023\/11\/26550r20-rotalla-setula-w-race-s500-111t-xl-ar-radzem-ziemas-riepas-ziemas-ar-radzem-riepas.jpg","contentUrl":"https:\/\/mmkriepas.lv\/wp-content\/uploads\/2023\/11\/26550r20-rotalla-setula-w-race-s500-111t-xl-ar-radzem-ziemas-riepas-ziemas-ar-radzem-riepas.jpg","width":1920,"height":1920,"caption":"265\/50R20 Rotalla Setula W Race S500 111T XL ar radz\u0113m - Ziemas riepas \/ Ziemas ar radz\u0113m riepas"},{"@type":"BreadcrumbList","@id":"https:\/\/mmkriepas.lv\/en\/p\/315-35r21-rotalla-s500-111h-xl-ar-radzem\/#breadcrumb","itemListElement":[{"@type":"ListItem","position":1,"name":"S\u0101kums","item":"https:\/\/mmkriepas.lv\/en\/"},{"@type":"ListItem","position":2,"name":"315\/35R21 Rotalla Setula W Race S500 111H XL ar radz\u0113m"}]},{"@type":"WebSite","@id":"https:\/\/mmkriepas.lv\/en\/#website","url":"https:\/\/mmkriepas.lv\/en\/","name":"MMK Riepas","description":"MMK Riepas","alternateName":"MMK Riepu Serviss","potentialAction":[{"@type":"SearchAction","target":{"@type":"EntryPoint","urlTemplate":"https:\/\/mmkriepas.lv\/en\/?s={search_term_string}"},"query-input":{"@type":"PropertyValueSpecification","valueRequired":true,"valueName":"search_term_string"}}],"inLanguage":"en-US"},{"@type":"ImageObject","inLanguage":"en-US","@id":"https:\/\/mmkriepas.lv\/en\/p\/315-35r21-rotalla-s500-111h-xl-ar-radzem\/#local-main-organization-logo","url":"","contentUrl":"","caption":"MMK Riepas"}]},"product_brand":"Rotalla Setula W Race S500","product_price_amount":"175.00","product_price_currency":"EUR","og_availability":"instock","product_availability":"instock","product_retailer_item_id":"TR3153521ROTAL-L54244","product_condition":"new"},"_links":{"self":[{"href":"https:\/\/mmkriepas.lv\/en\/wp-json\/wp\/v2\/product\/1401032","targetHints":{"allow":["GET"]}}],"collection":[{"href":"https:\/\/mmkriepas.lv\/en\/wp-json\/wp\/v2\/product"}],"about":[{"href":"https:\/\/mmkriepas.lv\/en\/wp-json\/wp\/v2\/types\/product"}],"wp:featuredmedia":[{"embeddable":true,"href":"https:\/\/mmkriepas.lv\/en\/wp-json\/wp\/v2\/media\/821161"}],"wp:attachment":[{"href":"https:\/\/mmkriepas.lv\/en\/wp-json\/wp\/v2\/media?parent=1401032"}],"wp:term":[{"taxonomy":"product_brand","embeddable":true,"href":"https:\/\/mmkriepas.lv\/en\/wp-json\/wp\/v2\/product_brand?post=1401032"},{"taxonomy":"product_cat","embeddable":true,"href":"https:\/\/mmkriepas.lv\/en\/wp-json\/wp\/v2\/product_cat?post=1401032"},{"taxonomy":"product_tag","embeddable":true,"href":"https:\/\/mmkriepas.lv\/en\/wp-json\/wp\/v2\/product_tag?post=1401032"}],"curies":[{"name":"wp","href":"https:\/\/api.w.org\/{rel}","templated":true}]}}