{"id":140072,"date":"2020-08-10T16:32:18","date_gmt":"2020-08-10T13:32:18","guid":{"rendered":"https:\/\/mmkserviss.lv\/?post_type=product&#038;p=140072"},"modified":"2026-03-28T00:07:03","modified_gmt":"2026-03-27T22:07:03","slug":"235-45r17-blacklion-winter-tamer-bw56-94h","status":"publish","type":"product","link":"https:\/\/mmkriepas.lv\/en\/p\/235-45r17-blacklion-winter-tamer-bw56-94h\/","title":{"rendered":"235\/45R17 Blacklion Winter Tamer BW56 94H"},"content":{"rendered":"<p><strong>Blacklion Winter Tamer BW56\u00a0<\/strong>ir ziemas riepa, kas paredz\u0113ta lieto\u0161anai pils\u0113tas apst\u0101k\u013cos. \u0160\u012bs riepas gumijas sast\u0101vs ir uzlabots ar virkni inov\u0101ciju, kas pal\u012bdz \u0161ai riepai saglab\u0101t elast\u012bbu pat \u013coti zem\u0101s gaisa temperat\u016br\u0101s.<\/p>\n<p><strong>Winter Tamer BW56 galven\u0101s iez\u012bmes<\/strong><\/p>\n<p>+Riepas gumijas sast\u0101vs saglab\u0101 elast\u012bbu pat skarbos ziemas apst\u0101k\u013cos, kas nodro\u0161ina lab\u0101ku sa\u0137eri ar apsnigu\u0161iem un apledoju\u0161iem ce\u013ciem.<\/p>\n<p>+Dren\u0101\u017eas rievu forma nodro\u0161ina ne tikai labu \u016bdens un sniega novadi, bet ar\u012b uzlabo veiktsp\u0113ju snieg\u0101.<\/p>\n<p>+Virz\u012btais protektora raksts, kur\u0101 iestr\u0101d\u0101tas lameles uzlabo sa\u0137eri ar apledoju\u0161iem ce\u013ciem.<\/p>\n<p><strong>Winter Tamer BW56 protektora raksts<\/strong><\/p>\n<p>Virz\u012bt\u0101 tipa protektora raksts ar \u012bpa\u0161u dren\u0101\u017eas rievu formu labi tiek gal\u0101 ar \u016bdens un sniega novadi. Protektora rakst\u0101 ir iestr\u0101d\u0101tas lameles, kas uzlabo sa\u0137eri ar sliden\u0101m ce\u013ca virsm\u0101m.\u00a0 Black Lion k\u0101 bud\u017eeta klases riepu ra\u017eot\u0101js sevi labi pier\u0101d\u012bjis Latvijas tirg\u016b. \u0160is riepu modeli b\u016bs piem\u0113rots brauk\u0161anai ziem\u0101 Latvijas un main\u012bgajos apst\u0101k\u013cos. M\u016bsdienu riepu tirgus tendences att\u012bst\u0101s tik \u0101tri, ka pat maz paz\u012bstami riepu ra\u017eot\u0101ji var p\u0113k\u0161\u0146i n\u0101kt klaj\u0101 ar konkur\u0113tsp\u0113j\u012bgu produktu ar augst\u0101m veiktsp\u0113jas \u012bpa\u0161\u012bb\u0101m. K\u0101 vienu no spilgt\u0101kajiem piem\u0113riem \u0161\u0101du produktu \u0161auraj\u0101 kategorij\u0101 var\u0113tu min\u0113t <strong>Blacklion BW56.\u00a0<\/strong><\/p>\n","protected":false},"excerpt":{"rendered":"<p><strong>Blacklion Winter Tamer BW56\u00a0<\/strong>ir ziemas riepa, kas paredz\u0113ta lieto\u0161anai pils\u0113tas apst\u0101k\u013cos. \u0160\u012bs riepas gumijas sast\u0101vs ir uzlabots ar virkni inov\u0101ciju, kas pal\u012bdz \u0161ai riepai saglab\u0101t elast\u012bbu pat \u013coti zem\u0101s gaisa temperat\u016br\u0101s.<\/p>\n","protected":false},"featured_media":341137,"template":"","meta":{"_acf_changed":false,"ngg_post_thumbnail":0},"product_brand":[],"product_cat":[47,45],"product_tag":[],"class_list":{"0":"post-140072","1":"product","2":"type-product","3":"status-publish","4":"has-post-thumbnail","6":"product_cat-vissezonas-riepas","7":"product_cat-ziemas-riepas","9":"first","10":"instock","11":"sale","12":"taxable","13":"shipping-taxable","14":"purchasable","15":"product-type-simple"},"acf":[],"yoast_head":"<!-- This site is optimized with the Yoast SEO Premium plugin v22.6 (Yoast SEO v27.3) - https:\/\/yoast.com\/product\/yoast-seo-premium-wordpress\/ -->\n<title>235\/45R17 Blacklion Winter Tamer BW56 94H &#8226; MMK Riepas<\/title>\n<meta name=\"description\" content=\"Blacklion\" \/>\n<meta name=\"robots\" content=\"index, follow, max-snippet:-1, max-image-preview:large, max-video-preview:-1\" \/>\n<link rel=\"canonical\" href=\"https:\/\/mmkriepas.lv\/en\/p\/235-45r17-blacklion-winter-tamer-bw56-94h\/\" \/>\n<meta property=\"og:locale\" content=\"en_US\" \/>\n<meta property=\"og:type\" content=\"article\" \/>\n<meta property=\"og:title\" content=\"235\/45R17 Blacklion Winter Tamer BW56 94H\" \/>\n<meta property=\"og:description\" content=\"Blacklion\" \/>\n<meta property=\"og:url\" content=\"https:\/\/mmkriepas.lv\/en\/p\/235-45r17-blacklion-winter-tamer-bw56-94h\/\" \/>\n<meta property=\"og:site_name\" content=\"MMK Riepas\" \/>\n<meta property=\"article:publisher\" content=\"https:\/\/www.facebook.com\/mmkserviss\/\" \/>\n<meta property=\"article:modified_time\" content=\"2026-03-27T22:07:03+00:00\" \/>\n<meta property=\"og:image\" content=\"https:\/\/mmkriepas.lv\/wp-content\/uploads\/2022\/09\/21565r16-blacklion-winter-tamer-bw56-98h-ziemas-riepas.jpeg\" \/>\n\t<meta property=\"og:image:width\" content=\"1920\" \/>\n\t<meta property=\"og:image:height\" content=\"1440\" \/>\n\t<meta property=\"og:image:type\" content=\"image\/jpeg\" \/>\n<meta name=\"twitter:card\" content=\"summary_large_image\" \/>\n<meta name=\"twitter:label1\" content=\"Price\" \/>\n\t<meta name=\"twitter:data1\" content=\"&euro;48.00\" \/>\n\t<meta name=\"twitter:label2\" content=\"Availability\" \/>\n\t<meta name=\"twitter:data2\" content=\"In stock\" \/>\n<script type=\"application\/ld+json\" class=\"yoast-schema-graph\">{\"@context\":\"https:\\\/\\\/schema.org\",\"@graph\":[{\"@type\":\"WebPage\",\"@id\":\"https:\\\/\\\/mmkriepas.lv\\\/en\\\/p\\\/235-45r17-blacklion-winter-tamer-bw56-94h\\\/\",\"url\":\"https:\\\/\\\/mmkriepas.lv\\\/en\\\/p\\\/235-45r17-blacklion-winter-tamer-bw56-94h\\\/\",\"name\":\"235\\\/45R17 Blacklion Winter Tamer BW56 94H &#8226; MMK Riepas\",\"isPartOf\":{\"@id\":\"https:\\\/\\\/mmkriepas.lv\\\/en\\\/#website\"},\"primaryImageOfPage\":{\"@id\":\"https:\\\/\\\/mmkriepas.lv\\\/en\\\/p\\\/235-45r17-blacklion-winter-tamer-bw56-94h\\\/#primaryimage\"},\"image\":{\"@id\":\"https:\\\/\\\/mmkriepas.lv\\\/en\\\/p\\\/235-45r17-blacklion-winter-tamer-bw56-94h\\\/#primaryimage\"},\"thumbnailUrl\":\"https:\\\/\\\/mmkriepas.lv\\\/wp-content\\\/uploads\\\/2022\\\/09\\\/21565r16-blacklion-winter-tamer-bw56-98h-ziemas-riepas.jpeg\",\"datePublished\":\"2020-08-10T13:32:18+00:00\",\"dateModified\":\"2026-03-27T22:07:03+00:00\",\"description\":\"Blacklion\",\"breadcrumb\":{\"@id\":\"https:\\\/\\\/mmkriepas.lv\\\/en\\\/p\\\/235-45r17-blacklion-winter-tamer-bw56-94h\\\/#breadcrumb\"},\"inLanguage\":\"en-US\",\"potentialAction\":[{\"@type\":\"ReadAction\",\"target\":[\"https:\\\/\\\/mmkriepas.lv\\\/en\\\/p\\\/235-45r17-blacklion-winter-tamer-bw56-94h\\\/\"]}]},{\"@type\":\"ImageObject\",\"inLanguage\":\"en-US\",\"@id\":\"https:\\\/\\\/mmkriepas.lv\\\/en\\\/p\\\/235-45r17-blacklion-winter-tamer-bw56-94h\\\/#primaryimage\",\"url\":\"https:\\\/\\\/mmkriepas.lv\\\/wp-content\\\/uploads\\\/2022\\\/09\\\/21565r16-blacklion-winter-tamer-bw56-98h-ziemas-riepas.jpeg\",\"contentUrl\":\"https:\\\/\\\/mmkriepas.lv\\\/wp-content\\\/uploads\\\/2022\\\/09\\\/21565r16-blacklion-winter-tamer-bw56-98h-ziemas-riepas.jpeg\",\"width\":1920,\"height\":1440,\"caption\":\"215\\\/65R16 Blacklion Winter Tamer BW56 98H - Vissezonas riepas \\\/ Ziemas riepas\"},{\"@type\":\"BreadcrumbList\",\"@id\":\"https:\\\/\\\/mmkriepas.lv\\\/en\\\/p\\\/235-45r17-blacklion-winter-tamer-bw56-94h\\\/#breadcrumb\",\"itemListElement\":[{\"@type\":\"ListItem\",\"position\":1,\"name\":\"S\u0101kums\",\"item\":\"https:\\\/\\\/mmkriepas.lv\\\/en\\\/\"},{\"@type\":\"ListItem\",\"position\":2,\"name\":\"235\\\/45R17 Blacklion Winter Tamer BW56 94H\"}]},{\"@type\":\"WebSite\",\"@id\":\"https:\\\/\\\/mmkriepas.lv\\\/en\\\/#website\",\"url\":\"https:\\\/\\\/mmkriepas.lv\\\/en\\\/\",\"name\":\"MMK Riepas\",\"description\":\"MMK Riepas\",\"alternateName\":\"MMK Riepu Serviss\",\"potentialAction\":[{\"@type\":\"SearchAction\",\"target\":{\"@type\":\"EntryPoint\",\"urlTemplate\":\"https:\\\/\\\/mmkriepas.lv\\\/en\\\/?s={search_term_string}\"},\"query-input\":{\"@type\":\"PropertyValueSpecification\",\"valueRequired\":true,\"valueName\":\"search_term_string\"}}],\"inLanguage\":\"en-US\"},{\"@type\":\"ImageObject\",\"inLanguage\":\"en-US\",\"@id\":\"https:\\\/\\\/mmkriepas.lv\\\/en\\\/p\\\/235-45r17-blacklion-winter-tamer-bw56-94h\\\/#local-main-organization-logo\",\"url\":\"\",\"contentUrl\":\"\",\"caption\":\"MMK Riepas\"}]}<\/script>\n<meta property=\"product:brand\" content=\"Blacklion Winter Tamer BW56\" \/>\n<meta property=\"product:price:amount\" content=\"48.00\" \/>\n<meta property=\"product:price:currency\" content=\"EUR\" \/>\n<meta property=\"og:availability\" content=\"instock\" \/>\n<meta property=\"product:availability\" content=\"instock\" \/>\n<meta property=\"product:retailer_item_id\" content=\"TW2354517BLACK-1922\" \/>\n<meta property=\"product:condition\" content=\"new\" \/>\n<!-- \/ Yoast SEO Premium plugin. -->","yoast_head_json":{"title":"235\/45R17 Blacklion Winter Tamer BW56 94H &#8226; MMK Riepas","description":"Blacklion","robots":{"index":"index","follow":"follow","max-snippet":"max-snippet:-1","max-image-preview":"max-image-preview:large","max-video-preview":"max-video-preview:-1"},"canonical":"https:\/\/mmkriepas.lv\/en\/p\/235-45r17-blacklion-winter-tamer-bw56-94h\/","og_locale":"en_US","og_type":"article","og_title":"235\/45R17 Blacklion Winter Tamer BW56 94H","og_description":"Blacklion","og_url":"https:\/\/mmkriepas.lv\/en\/p\/235-45r17-blacklion-winter-tamer-bw56-94h\/","og_site_name":"MMK Riepas","article_publisher":"https:\/\/www.facebook.com\/mmkserviss\/","article_modified_time":"2026-03-27T22:07:03+00:00","og_image":[{"width":1920,"height":1440,"url":"https:\/\/mmkriepas.lv\/wp-content\/uploads\/2022\/09\/21565r16-blacklion-winter-tamer-bw56-98h-ziemas-riepas.jpeg","type":"image\/jpeg"}],"twitter_card":"summary_large_image","twitter_misc":{"Price":"&euro;48.00","Availability":"In stock"},"schema":{"@context":"https:\/\/schema.org","@graph":[{"@type":"WebPage","@id":"https:\/\/mmkriepas.lv\/en\/p\/235-45r17-blacklion-winter-tamer-bw56-94h\/","url":"https:\/\/mmkriepas.lv\/en\/p\/235-45r17-blacklion-winter-tamer-bw56-94h\/","name":"235\/45R17 Blacklion Winter Tamer BW56 94H &#8226; MMK Riepas","isPartOf":{"@id":"https:\/\/mmkriepas.lv\/en\/#website"},"primaryImageOfPage":{"@id":"https:\/\/mmkriepas.lv\/en\/p\/235-45r17-blacklion-winter-tamer-bw56-94h\/#primaryimage"},"image":{"@id":"https:\/\/mmkriepas.lv\/en\/p\/235-45r17-blacklion-winter-tamer-bw56-94h\/#primaryimage"},"thumbnailUrl":"https:\/\/mmkriepas.lv\/wp-content\/uploads\/2022\/09\/21565r16-blacklion-winter-tamer-bw56-98h-ziemas-riepas.jpeg","datePublished":"2020-08-10T13:32:18+00:00","dateModified":"2026-03-27T22:07:03+00:00","description":"Blacklion","breadcrumb":{"@id":"https:\/\/mmkriepas.lv\/en\/p\/235-45r17-blacklion-winter-tamer-bw56-94h\/#breadcrumb"},"inLanguage":"en-US","potentialAction":[{"@type":"ReadAction","target":["https:\/\/mmkriepas.lv\/en\/p\/235-45r17-blacklion-winter-tamer-bw56-94h\/"]}]},{"@type":"ImageObject","inLanguage":"en-US","@id":"https:\/\/mmkriepas.lv\/en\/p\/235-45r17-blacklion-winter-tamer-bw56-94h\/#primaryimage","url":"https:\/\/mmkriepas.lv\/wp-content\/uploads\/2022\/09\/21565r16-blacklion-winter-tamer-bw56-98h-ziemas-riepas.jpeg","contentUrl":"https:\/\/mmkriepas.lv\/wp-content\/uploads\/2022\/09\/21565r16-blacklion-winter-tamer-bw56-98h-ziemas-riepas.jpeg","width":1920,"height":1440,"caption":"215\/65R16 Blacklion Winter Tamer BW56 98H - Vissezonas riepas \/ Ziemas riepas"},{"@type":"BreadcrumbList","@id":"https:\/\/mmkriepas.lv\/en\/p\/235-45r17-blacklion-winter-tamer-bw56-94h\/#breadcrumb","itemListElement":[{"@type":"ListItem","position":1,"name":"S\u0101kums","item":"https:\/\/mmkriepas.lv\/en\/"},{"@type":"ListItem","position":2,"name":"235\/45R17 Blacklion Winter Tamer BW56 94H"}]},{"@type":"WebSite","@id":"https:\/\/mmkriepas.lv\/en\/#website","url":"https:\/\/mmkriepas.lv\/en\/","name":"MMK Riepas","description":"MMK Riepas","alternateName":"MMK Riepu Serviss","potentialAction":[{"@type":"SearchAction","target":{"@type":"EntryPoint","urlTemplate":"https:\/\/mmkriepas.lv\/en\/?s={search_term_string}"},"query-input":{"@type":"PropertyValueSpecification","valueRequired":true,"valueName":"search_term_string"}}],"inLanguage":"en-US"},{"@type":"ImageObject","inLanguage":"en-US","@id":"https:\/\/mmkriepas.lv\/en\/p\/235-45r17-blacklion-winter-tamer-bw56-94h\/#local-main-organization-logo","url":"","contentUrl":"","caption":"MMK Riepas"}]},"product_brand":"Blacklion Winter Tamer BW56","product_price_amount":"48.00","product_price_currency":"EUR","og_availability":"instock","product_availability":"instock","product_retailer_item_id":"TW2354517BLACK-1922","product_condition":"new"},"_links":{"self":[{"href":"https:\/\/mmkriepas.lv\/en\/wp-json\/wp\/v2\/product\/140072","targetHints":{"allow":["GET"]}}],"collection":[{"href":"https:\/\/mmkriepas.lv\/en\/wp-json\/wp\/v2\/product"}],"about":[{"href":"https:\/\/mmkriepas.lv\/en\/wp-json\/wp\/v2\/types\/product"}],"wp:featuredmedia":[{"embeddable":true,"href":"https:\/\/mmkriepas.lv\/en\/wp-json\/wp\/v2\/media\/341137"}],"wp:attachment":[{"href":"https:\/\/mmkriepas.lv\/en\/wp-json\/wp\/v2\/media?parent=140072"}],"wp:term":[{"taxonomy":"product_brand","embeddable":true,"href":"https:\/\/mmkriepas.lv\/en\/wp-json\/wp\/v2\/product_brand?post=140072"},{"taxonomy":"product_cat","embeddable":true,"href":"https:\/\/mmkriepas.lv\/en\/wp-json\/wp\/v2\/product_cat?post=140072"},{"taxonomy":"product_tag","embeddable":true,"href":"https:\/\/mmkriepas.lv\/en\/wp-json\/wp\/v2\/product_tag?post=140072"}],"curies":[{"name":"wp","href":"https:\/\/api.w.org\/{rel}","templated":true}]}}