{"id":1400038,"date":"2025-11-23T16:26:55","date_gmt":"2025-11-23T14:26:55","guid":{"rendered":"https:\/\/mmkriepas.lv\/?post_type=product&#038;p=1400038"},"modified":"2026-03-30T15:06:45","modified_gmt":"2026-03-30T12:06:45","slug":"285-40r21-mark-ma-snow-master-109h-xl","status":"publish","type":"product","link":"https:\/\/mmkriepas.lv\/en\/p\/285-40r21-mark-ma-snow-master-109h-xl\/","title":{"rendered":"285\/40R21 Mark Ma Snow Master 109H XL"},"content":{"rendered":"<p><strong>Mark Ma Snow Master<\/strong> ir labs rad\u017eojamais ziemas riepu modelis. Tas izce\u013cas ar lab\u0101m sa\u0137eres un manevr\u0113tsp\u0113jas \u012bpa\u0161\u012bb\u0101m gan uz sausa un slapja aslfalta, gan snieg\u0101. Turkl\u0101t, protektor\u0101 iesp\u0113jams iestr\u0101d\u0101t radzes, kas b\u016btiski uzlabo veiktsp\u0113ju uz apledoju\u0161iem ce\u013ca posmiem. Modelis paredz\u0113ts apvidus auto jeb SUV un pieejams izm\u0113ru kl\u0101st\u0101 l\u012bdz pat R21.<\/p>\n<p><strong>Snow Master galven\u0101s iez\u012bmes<\/strong><\/p>\n<p>+ Labas sa\u0137eres un manevr\u0113tsp\u0113jas \u012bpa\u0161\u012bbas gan uz sausa un slapja asfalta, gan snieg\u0101.<\/p>\n<p>+ Palielin\u0101ta nodilumiztur\u012bba.<\/p>\n<p>+ Zems akvaplan\u0113\u0161anas risks.<\/p>\n<p>+ Iesp\u0113ja protektoru apr\u012bkot ar radz\u0113m, uzlabojot riepu sa\u0137eri uz apledoju\u0161iem ce\u013ca posmiem.<\/p>\n<p><strong>+ Kvalit\u0101te atbilst cenai!<\/strong><\/p>\n<p><strong>Snow Master protektors<\/strong><\/p>\n<p><strong>Mark Ma Snow Master <\/strong>ziemas riepas apr\u012bkotas ar agres\u012bvu un dzi\u013cu virzienveida protektora rakstu. \u0160\u0101ds dizains izv\u0113l\u0113ts, lai veicin\u0101tu sa\u0137eres \u012bpa\u0161\u012bbas slapjdra\u0146\u0137\u012b un dzi\u013c\u0101 snieg\u0101. Turkl\u0101t, \u0161im riepu modelim ir asas s\u0101nu kantes, kas iev\u0113rojami uzlabo t\u0101 manevr\u0113tsp\u0113ju.<\/p>\n<p>Mas\u012bvie, V-veid\u0101 izvietotie protektora bloki apr\u012bkoti ar dzi\u013ciem iegriezumiem jeb lamel\u0113m. T\u0101s veicina sa\u0137eres \u012bpa\u0161\u012bbas ar ledu un sabliet\u0113tu sniegu, slidenaj\u0101s virsm\u0101s iec\u0113rtoties ar simtiem asu kan\u0161u.<\/p>\n<p>Riepas darin\u0101tas no vid\u0113ji cieta gumijas sakaus\u0113juma. Tam pievienotie elastrom\u0113ri pal\u012bdz saglab\u0101t elast\u012bbu pat zem\u0101s gaisa temperat\u016br\u0101s. K\u0101 zin\u0101ms, elast\u012bga riepa daudz lab\u0101k veido sa\u0137eri ar ce\u013cu, k\u0101 ar\u012b dilst vienm\u0113r\u012bg\u0101k.<\/p>\n","protected":false},"excerpt":{"rendered":"<p><strong>Mark Ma Snow Master<\/strong> ir labs rad\u017eojamais ziemas riepu modelis. Tas izce\u013cas ar lab\u0101m sa\u0137eres un manevr\u0113tsp\u0113jas \u012bpa\u0161\u012bb\u0101m gan uz sausa un slapja aslfalta, gan snieg\u0101. Turkl\u0101t, protektor\u0101 iesp\u0113jams iestr\u0101d\u0101t radzes, kas b\u016btiski uzlabo veiktsp\u0113ju uz apledoju\u0161iem ce\u013ca posmiem. Modelis paredz\u0113ts apvidus auto jeb SUV un pieejams izm\u0113ru kl\u0101st\u0101 l\u012bdz pat R21.<\/p>\n","protected":false},"featured_media":767681,"template":"","meta":{"_acf_changed":false,"ngg_post_thumbnail":0},"product_brand":[],"product_cat":[47,45],"product_tag":[],"class_list":{"0":"post-1400038","1":"product","2":"type-product","3":"status-publish","4":"has-post-thumbnail","6":"product_cat-vissezonas-riepas","7":"product_cat-ziemas-riepas","9":"first","10":"instock","11":"sale","12":"taxable","13":"shipping-taxable","14":"purchasable","15":"product-type-simple"},"acf":[],"yoast_head":"<!-- This site is optimized with the Yoast SEO Premium plugin v22.6 (Yoast SEO v27.3) - https:\/\/yoast.com\/product\/yoast-seo-premium-wordpress\/ -->\n<title>285\/40R21 Mark Ma Snow Master 109H XL &#8226; MMK Riepas<\/title>\n<meta name=\"robots\" content=\"index, follow, max-snippet:-1, max-image-preview:large, max-video-preview:-1\" \/>\n<link rel=\"canonical\" href=\"https:\/\/mmkriepas.lv\/en\/p\/285-40r21-mark-ma-snow-master-109h-xl\/\" \/>\n<meta property=\"og:locale\" content=\"en_US\" \/>\n<meta property=\"og:type\" content=\"article\" \/>\n<meta property=\"og:title\" content=\"285\/40R21 Mark Ma Snow Master 109H XL\" \/>\n<meta property=\"og:description\" content=\"Mark Ma Snow Master ir labs rad\u017eojamais ziemas riepu modelis. Tas izce\u013cas ar lab\u0101m sa\u0137eres un manevr\u0113tsp\u0113jas \u012bpa\u0161\u012bb\u0101m gan uz sausa un slapja aslfalta, gan snieg\u0101. Turkl\u0101t, protektor\u0101 iesp\u0113jams iestr\u0101d\u0101t radzes, kas b\u016btiski uzlabo veiktsp\u0113ju uz apledoju\u0161iem ce\u013ca posmiem. Modelis paredz\u0113ts apvidus auto jeb SUV un pieejams izm\u0113ru kl\u0101st\u0101 l\u012bdz pat R21.\" \/>\n<meta property=\"og:url\" content=\"https:\/\/mmkriepas.lv\/en\/p\/285-40r21-mark-ma-snow-master-109h-xl\/\" \/>\n<meta property=\"og:site_name\" content=\"MMK Riepas\" \/>\n<meta property=\"article:publisher\" content=\"https:\/\/www.facebook.com\/mmkserviss\/\" \/>\n<meta property=\"article:modified_time\" content=\"2026-03-30T12:06:45+00:00\" \/>\n<meta property=\"og:image\" content=\"https:\/\/mmkriepas.lv\/wp-content\/uploads\/2023\/07\/27535r20-mark-ma-snow-master-102h-xl-ziemas-riepas.jpeg\" \/>\n\t<meta property=\"og:image:width\" content=\"955\" \/>\n\t<meta property=\"og:image:height\" content=\"716\" \/>\n\t<meta property=\"og:image:type\" content=\"image\/jpeg\" \/>\n<meta name=\"twitter:card\" content=\"summary_large_image\" \/>\n<meta name=\"twitter:label1\" content=\"Price\" \/>\n\t<meta name=\"twitter:data1\" content=\"&euro;197.00\" \/>\n\t<meta name=\"twitter:label2\" content=\"Availability\" \/>\n\t<meta name=\"twitter:data2\" content=\"In stock\" \/>\n<script type=\"application\/ld+json\" class=\"yoast-schema-graph\">{\"@context\":\"https:\\\/\\\/schema.org\",\"@graph\":[{\"@type\":\"WebPage\",\"@id\":\"https:\\\/\\\/mmkriepas.lv\\\/en\\\/p\\\/285-40r21-mark-ma-snow-master-109h-xl\\\/\",\"url\":\"https:\\\/\\\/mmkriepas.lv\\\/en\\\/p\\\/285-40r21-mark-ma-snow-master-109h-xl\\\/\",\"name\":\"285\\\/40R21 Mark Ma Snow Master 109H XL &#8226; MMK Riepas\",\"isPartOf\":{\"@id\":\"https:\\\/\\\/mmkriepas.lv\\\/en\\\/#website\"},\"primaryImageOfPage\":{\"@id\":\"https:\\\/\\\/mmkriepas.lv\\\/en\\\/p\\\/285-40r21-mark-ma-snow-master-109h-xl\\\/#primaryimage\"},\"image\":{\"@id\":\"https:\\\/\\\/mmkriepas.lv\\\/en\\\/p\\\/285-40r21-mark-ma-snow-master-109h-xl\\\/#primaryimage\"},\"thumbnailUrl\":\"https:\\\/\\\/mmkriepas.lv\\\/wp-content\\\/uploads\\\/2023\\\/07\\\/27535r20-mark-ma-snow-master-102h-xl-ziemas-riepas.jpeg\",\"datePublished\":\"2025-11-23T14:26:55+00:00\",\"dateModified\":\"2026-03-30T12:06:45+00:00\",\"breadcrumb\":{\"@id\":\"https:\\\/\\\/mmkriepas.lv\\\/en\\\/p\\\/285-40r21-mark-ma-snow-master-109h-xl\\\/#breadcrumb\"},\"inLanguage\":\"en-US\",\"potentialAction\":[{\"@type\":\"ReadAction\",\"target\":[\"https:\\\/\\\/mmkriepas.lv\\\/en\\\/p\\\/285-40r21-mark-ma-snow-master-109h-xl\\\/\"]}]},{\"@type\":\"ImageObject\",\"inLanguage\":\"en-US\",\"@id\":\"https:\\\/\\\/mmkriepas.lv\\\/en\\\/p\\\/285-40r21-mark-ma-snow-master-109h-xl\\\/#primaryimage\",\"url\":\"https:\\\/\\\/mmkriepas.lv\\\/wp-content\\\/uploads\\\/2023\\\/07\\\/27535r20-mark-ma-snow-master-102h-xl-ziemas-riepas.jpeg\",\"contentUrl\":\"https:\\\/\\\/mmkriepas.lv\\\/wp-content\\\/uploads\\\/2023\\\/07\\\/27535r20-mark-ma-snow-master-102h-xl-ziemas-riepas.jpeg\",\"width\":955,\"height\":716,\"caption\":\"275\\\/35R20 Mark Ma Snow Master 102H XL - Vissezonas riepas \\\/ Ziemas riepas\"},{\"@type\":\"BreadcrumbList\",\"@id\":\"https:\\\/\\\/mmkriepas.lv\\\/en\\\/p\\\/285-40r21-mark-ma-snow-master-109h-xl\\\/#breadcrumb\",\"itemListElement\":[{\"@type\":\"ListItem\",\"position\":1,\"name\":\"S\u0101kums\",\"item\":\"https:\\\/\\\/mmkriepas.lv\\\/en\\\/\"},{\"@type\":\"ListItem\",\"position\":2,\"name\":\"285\\\/40R21 Mark Ma Snow Master 109H XL\"}]},{\"@type\":\"WebSite\",\"@id\":\"https:\\\/\\\/mmkriepas.lv\\\/en\\\/#website\",\"url\":\"https:\\\/\\\/mmkriepas.lv\\\/en\\\/\",\"name\":\"MMK Riepas\",\"description\":\"MMK Riepas\",\"alternateName\":\"MMK Riepu Serviss\",\"potentialAction\":[{\"@type\":\"SearchAction\",\"target\":{\"@type\":\"EntryPoint\",\"urlTemplate\":\"https:\\\/\\\/mmkriepas.lv\\\/en\\\/?s={search_term_string}\"},\"query-input\":{\"@type\":\"PropertyValueSpecification\",\"valueRequired\":true,\"valueName\":\"search_term_string\"}}],\"inLanguage\":\"en-US\"},{\"@type\":\"ImageObject\",\"inLanguage\":\"en-US\",\"@id\":\"https:\\\/\\\/mmkriepas.lv\\\/en\\\/p\\\/285-40r21-mark-ma-snow-master-109h-xl\\\/#local-main-organization-logo\",\"url\":\"\",\"contentUrl\":\"\",\"caption\":\"MMK Riepas\"}]}<\/script>\n<meta property=\"product:brand\" content=\"Mark Ma Snow Master\" \/>\n<meta property=\"product:price:amount\" content=\"197.00\" \/>\n<meta property=\"product:price:currency\" content=\"EUR\" \/>\n<meta property=\"og:availability\" content=\"instock\" \/>\n<meta property=\"product:availability\" content=\"instock\" \/>\n<meta property=\"product:retailer_item_id\" content=\"TW2854021MarkM-E54130\" \/>\n<meta property=\"product:condition\" content=\"new\" \/>\n<!-- \/ Yoast SEO Premium plugin. -->","yoast_head_json":{"title":"285\/40R21 Mark Ma Snow Master 109H XL &#8226; MMK Riepas","robots":{"index":"index","follow":"follow","max-snippet":"max-snippet:-1","max-image-preview":"max-image-preview:large","max-video-preview":"max-video-preview:-1"},"canonical":"https:\/\/mmkriepas.lv\/en\/p\/285-40r21-mark-ma-snow-master-109h-xl\/","og_locale":"en_US","og_type":"article","og_title":"285\/40R21 Mark Ma Snow Master 109H XL","og_description":"Mark Ma Snow Master ir labs rad\u017eojamais ziemas riepu modelis. Tas izce\u013cas ar lab\u0101m sa\u0137eres un manevr\u0113tsp\u0113jas \u012bpa\u0161\u012bb\u0101m gan uz sausa un slapja aslfalta, gan snieg\u0101. Turkl\u0101t, protektor\u0101 iesp\u0113jams iestr\u0101d\u0101t radzes, kas b\u016btiski uzlabo veiktsp\u0113ju uz apledoju\u0161iem ce\u013ca posmiem. Modelis paredz\u0113ts apvidus auto jeb SUV un pieejams izm\u0113ru kl\u0101st\u0101 l\u012bdz pat R21.","og_url":"https:\/\/mmkriepas.lv\/en\/p\/285-40r21-mark-ma-snow-master-109h-xl\/","og_site_name":"MMK Riepas","article_publisher":"https:\/\/www.facebook.com\/mmkserviss\/","article_modified_time":"2026-03-30T12:06:45+00:00","og_image":[{"width":955,"height":716,"url":"https:\/\/mmkriepas.lv\/wp-content\/uploads\/2023\/07\/27535r20-mark-ma-snow-master-102h-xl-ziemas-riepas.jpeg","type":"image\/jpeg"}],"twitter_card":"summary_large_image","twitter_misc":{"Price":"&euro;197.00","Availability":"In stock"},"schema":{"@context":"https:\/\/schema.org","@graph":[{"@type":"WebPage","@id":"https:\/\/mmkriepas.lv\/en\/p\/285-40r21-mark-ma-snow-master-109h-xl\/","url":"https:\/\/mmkriepas.lv\/en\/p\/285-40r21-mark-ma-snow-master-109h-xl\/","name":"285\/40R21 Mark Ma Snow Master 109H XL &#8226; MMK Riepas","isPartOf":{"@id":"https:\/\/mmkriepas.lv\/en\/#website"},"primaryImageOfPage":{"@id":"https:\/\/mmkriepas.lv\/en\/p\/285-40r21-mark-ma-snow-master-109h-xl\/#primaryimage"},"image":{"@id":"https:\/\/mmkriepas.lv\/en\/p\/285-40r21-mark-ma-snow-master-109h-xl\/#primaryimage"},"thumbnailUrl":"https:\/\/mmkriepas.lv\/wp-content\/uploads\/2023\/07\/27535r20-mark-ma-snow-master-102h-xl-ziemas-riepas.jpeg","datePublished":"2025-11-23T14:26:55+00:00","dateModified":"2026-03-30T12:06:45+00:00","breadcrumb":{"@id":"https:\/\/mmkriepas.lv\/en\/p\/285-40r21-mark-ma-snow-master-109h-xl\/#breadcrumb"},"inLanguage":"en-US","potentialAction":[{"@type":"ReadAction","target":["https:\/\/mmkriepas.lv\/en\/p\/285-40r21-mark-ma-snow-master-109h-xl\/"]}]},{"@type":"ImageObject","inLanguage":"en-US","@id":"https:\/\/mmkriepas.lv\/en\/p\/285-40r21-mark-ma-snow-master-109h-xl\/#primaryimage","url":"https:\/\/mmkriepas.lv\/wp-content\/uploads\/2023\/07\/27535r20-mark-ma-snow-master-102h-xl-ziemas-riepas.jpeg","contentUrl":"https:\/\/mmkriepas.lv\/wp-content\/uploads\/2023\/07\/27535r20-mark-ma-snow-master-102h-xl-ziemas-riepas.jpeg","width":955,"height":716,"caption":"275\/35R20 Mark Ma Snow Master 102H XL - Vissezonas riepas \/ Ziemas riepas"},{"@type":"BreadcrumbList","@id":"https:\/\/mmkriepas.lv\/en\/p\/285-40r21-mark-ma-snow-master-109h-xl\/#breadcrumb","itemListElement":[{"@type":"ListItem","position":1,"name":"S\u0101kums","item":"https:\/\/mmkriepas.lv\/en\/"},{"@type":"ListItem","position":2,"name":"285\/40R21 Mark Ma Snow Master 109H XL"}]},{"@type":"WebSite","@id":"https:\/\/mmkriepas.lv\/en\/#website","url":"https:\/\/mmkriepas.lv\/en\/","name":"MMK Riepas","description":"MMK Riepas","alternateName":"MMK Riepu Serviss","potentialAction":[{"@type":"SearchAction","target":{"@type":"EntryPoint","urlTemplate":"https:\/\/mmkriepas.lv\/en\/?s={search_term_string}"},"query-input":{"@type":"PropertyValueSpecification","valueRequired":true,"valueName":"search_term_string"}}],"inLanguage":"en-US"},{"@type":"ImageObject","inLanguage":"en-US","@id":"https:\/\/mmkriepas.lv\/en\/p\/285-40r21-mark-ma-snow-master-109h-xl\/#local-main-organization-logo","url":"","contentUrl":"","caption":"MMK Riepas"}]},"product_brand":"Mark Ma Snow Master","product_price_amount":"197.00","product_price_currency":"EUR","og_availability":"instock","product_availability":"instock","product_retailer_item_id":"TW2854021MarkM-E54130","product_condition":"new"},"_links":{"self":[{"href":"https:\/\/mmkriepas.lv\/en\/wp-json\/wp\/v2\/product\/1400038","targetHints":{"allow":["GET"]}}],"collection":[{"href":"https:\/\/mmkriepas.lv\/en\/wp-json\/wp\/v2\/product"}],"about":[{"href":"https:\/\/mmkriepas.lv\/en\/wp-json\/wp\/v2\/types\/product"}],"wp:featuredmedia":[{"embeddable":true,"href":"https:\/\/mmkriepas.lv\/en\/wp-json\/wp\/v2\/media\/767681"}],"wp:attachment":[{"href":"https:\/\/mmkriepas.lv\/en\/wp-json\/wp\/v2\/media?parent=1400038"}],"wp:term":[{"taxonomy":"product_brand","embeddable":true,"href":"https:\/\/mmkriepas.lv\/en\/wp-json\/wp\/v2\/product_brand?post=1400038"},{"taxonomy":"product_cat","embeddable":true,"href":"https:\/\/mmkriepas.lv\/en\/wp-json\/wp\/v2\/product_cat?post=1400038"},{"taxonomy":"product_tag","embeddable":true,"href":"https:\/\/mmkriepas.lv\/en\/wp-json\/wp\/v2\/product_tag?post=1400038"}],"curies":[{"name":"wp","href":"https:\/\/api.w.org\/{rel}","templated":true}]}}