{"id":1399858,"date":"2025-11-23T16:17:50","date_gmt":"2025-11-23T14:17:50","guid":{"rendered":"https:\/\/mmkriepas.lv\/?post_type=product&#038;p=1399858"},"modified":"2026-03-30T14:51:42","modified_gmt":"2026-03-30T11:51:42","slug":"185-55r16-bridgestone-blizzak-ice-83s-2","status":"publish","type":"product","link":"https:\/\/mmkriepas.lv\/en\/p\/185-55r16-bridgestone-blizzak-ice-83s-2\/","title":{"rendered":"185\/55R16 Bridgestone Blizzak Ice 83S"},"content":{"rendered":"<p><b>Bridgestone Blizzak Ice<\/b><span style=\"font-weight: 400;\"> ir premium klases, frikcijas tipa ziemas riepa, kas paredz\u0113ta vieglajiem auto. \u0160\u012b mode\u013ca protektora raksts ir asimetrisks, turkl\u0101t tas it optimiz\u0113ts ar MultiCell tehnolo\u0123iju. \u0160\u012b riepa izce\u013cas ar lielisk\u0101m veiktsp\u0113jas \u012bpa\u0161\u012bb\u0101m ziemas brauk\u0161anas apst\u0101k\u013cos.<\/span><\/p>\n<h3><b>Bridgestone Blizzak Ice galven\u0101s iez\u012bmes<\/b><\/h3>\n<p><span style=\"font-weight: 400;\">+Laba veiktsp\u0113ja uz ledus!<\/span><\/p>\n<p><span style=\"font-weight: 400;\">+Uzlabots riepas gumijas sast\u0101vs!<\/span><\/p>\n<p><span style=\"font-weight: 400;\">+Sa\u012bsin\u0101ts bremz\u0113\u0161anas ce\u013c\u0161!<\/span><\/p>\n<p><span style=\"font-weight: 400;\">+Paildzin\u0101ta kalpotsp\u0113ja!<\/span><\/p>\n<h3><b>Bridgestone Blizzak Ice \u012bpa\u0161ais gumijas sast\u0101vs<\/b><\/h3>\n<p><span style=\"font-weight: 400;\">Par \u0161\u012b mode\u013ca pan\u0101kumu atsl\u0113gu kalpo \u012bpa\u0161\u0101 Bridgestone <\/span><b>MultiCell<\/b><span style=\"font-weight: 400;\"> tehnolo\u0123ija. Riepas gumijas sast\u0101vam pievienots \u012bpa\u0161s porveida mais\u012bjums, kas, tand\u0113m\u0101 ar dren\u0101\u017eas kan\u0101liem un lamel\u0113m, sausina riepas kontakta virsmu. Brauk\u0161anu pa apledoju\u0161u ce\u013cu b\u012bstamu padara \u016bdens k\u0101rti\u0146a uz ledus. Multicell tehnolo\u0123ija burtiski absorb\u0113 starp riepu un ce\u013ca virsmu nok\u013cuvu\u0161o mitrumu, padarot to sausu un \u013caujot darboties riepas protektora elementiem pat uz sliden\u0101kaj\u0101m ce\u013ca virsm\u0101m. Tas ir at\u013c\u0101vis \u0161im modelim, sal\u012bdzin\u0101jum\u0101 ar iepriek\u0161\u0113jo, uzr\u0101d\u012bt <\/span><b>par 10% \u012bs\u0101ku bremz\u0113\u0161anas ce\u013cu.<\/b><span style=\"font-weight: 400;\"> Gumijas sast\u0101va uzlabojumi ir padar\u012bju\u0161i riepu ar\u012b ilgsp\u0113j\u012bg\u0101ku, t\u0101 kalpos par 22% ilg\u0101k, nek\u0101 iepriek\u0161\u0113jais modelis.<\/span><\/p>\n<p><b>Bridgestone Blizzak Ice <\/b><span style=\"font-weight: 400;\">mode\u013ca lieto\u0161anas dro\u0161\u012bbu ziemas laika apst\u0101k\u013cos un t\u0101 atbilst\u012bbu valst\u012bm ar oblig\u0101tu sezon\u0101lo riepu mai\u0146u apstiprina mar\u0137\u0113jums sniegp\u0101rslas form\u0101 uz kalna fona ar trim virsotn\u0113m (3PMSF).<\/span><\/p>\n","protected":false},"excerpt":{"rendered":"<p><b>Bridgestone Blizzak Ice<\/b><span style=\"font-weight: 400;\"> ir premium klases, frikcijas tipa ziemas riepa, kas paredz\u0113ta vieglajiem auto. \u0160\u012b mode\u013ca protektora raksts ir asimetrisks, turkl\u0101t tas it optimiz\u0113ts ar MultiCell tehnolo\u0123iju. \u0160\u012b riepa izce\u013cas ar lielisk\u0101m veiktsp\u0113jas \u012bpa\u0161\u012bb\u0101m ziemas brauk\u0161anas apst\u0101k\u013cos.<\/span><\/p>\n","protected":false},"featured_media":1111794,"template":"","meta":{"_acf_changed":false,"ngg_post_thumbnail":0},"product_brand":[],"product_cat":[23644,23643],"product_tag":[],"class_list":{"0":"post-1399858","1":"product","2":"type-product","3":"status-publish","4":"has-post-thumbnail","6":"product_cat-all-season-tyres","7":"product_cat-winter-tyres","9":"first","10":"instock","11":"sale","12":"taxable","13":"shipping-taxable","14":"purchasable","15":"product-type-simple"},"acf":[],"yoast_head":"<!-- This site is optimized with the Yoast SEO Premium plugin v22.6 (Yoast SEO v27.3) - https:\/\/yoast.com\/product\/yoast-seo-premium-wordpress\/ -->\n<title>185\/55R16 Bridgestone Blizzak Ice 83S &#8226; MMK Riepas<\/title>\n<meta name=\"robots\" content=\"index, follow, max-snippet:-1, max-image-preview:large, max-video-preview:-1\" \/>\n<link rel=\"canonical\" href=\"https:\/\/mmkriepas.lv\/en\/p\/185-55r16-bridgestone-blizzak-ice-83s-2\/\" \/>\n<meta property=\"og:locale\" content=\"en_US\" \/>\n<meta property=\"og:type\" content=\"article\" \/>\n<meta property=\"og:title\" content=\"185\/55R16 Bridgestone Blizzak Ice 83S\" \/>\n<meta property=\"og:description\" content=\"Bridgestone Blizzak Ice ir premium klases, frikcijas tipa ziemas riepa, kas paredz\u0113ta vieglajiem auto. \u0160\u012b mode\u013ca protektora raksts ir asimetrisks, turkl\u0101t tas it optimiz\u0113ts ar MultiCell tehnolo\u0123iju. \u0160\u012b riepa izce\u013cas ar lielisk\u0101m veiktsp\u0113jas \u012bpa\u0161\u012bb\u0101m ziemas brauk\u0161anas apst\u0101k\u013cos.\" \/>\n<meta property=\"og:url\" content=\"https:\/\/mmkriepas.lv\/en\/p\/185-55r16-bridgestone-blizzak-ice-83s-2\/\" \/>\n<meta property=\"og:site_name\" content=\"MMK Riepas\" \/>\n<meta property=\"article:publisher\" content=\"https:\/\/www.facebook.com\/mmkserviss\/\" \/>\n<meta property=\"article:modified_time\" content=\"2026-03-30T11:51:42+00:00\" \/>\n<meta property=\"og:image\" content=\"https:\/\/mmkriepas.lv\/wp-content\/uploads\/2024\/10\/BRIDGESTONE-BLIZZAK-ICE.jpg\" \/>\n\t<meta property=\"og:image:width\" content=\"900\" \/>\n\t<meta property=\"og:image:height\" content=\"720\" \/>\n\t<meta property=\"og:image:type\" content=\"image\/jpeg\" \/>\n<meta name=\"twitter:card\" content=\"summary_large_image\" \/>\n<meta name=\"twitter:label1\" content=\"Price\" \/>\n\t<meta name=\"twitter:data1\" content=\"&euro;118.00\" \/>\n\t<meta name=\"twitter:label2\" content=\"Availability\" \/>\n\t<meta name=\"twitter:data2\" content=\"In stock\" \/>\n<script type=\"application\/ld+json\" class=\"yoast-schema-graph\">{\"@context\":\"https:\\\/\\\/schema.org\",\"@graph\":[{\"@type\":\"WebPage\",\"@id\":\"https:\\\/\\\/mmkriepas.lv\\\/en\\\/p\\\/185-55r16-bridgestone-blizzak-ice-83s-2\\\/\",\"url\":\"https:\\\/\\\/mmkriepas.lv\\\/en\\\/p\\\/185-55r16-bridgestone-blizzak-ice-83s-2\\\/\",\"name\":\"185\\\/55R16 Bridgestone Blizzak Ice 83S &#8226; MMK Riepas\",\"isPartOf\":{\"@id\":\"https:\\\/\\\/mmkriepas.lv\\\/en\\\/#website\"},\"primaryImageOfPage\":{\"@id\":\"https:\\\/\\\/mmkriepas.lv\\\/en\\\/p\\\/185-55r16-bridgestone-blizzak-ice-83s-2\\\/#primaryimage\"},\"image\":{\"@id\":\"https:\\\/\\\/mmkriepas.lv\\\/en\\\/p\\\/185-55r16-bridgestone-blizzak-ice-83s-2\\\/#primaryimage\"},\"thumbnailUrl\":\"https:\\\/\\\/mmkriepas.lv\\\/wp-content\\\/uploads\\\/2024\\\/10\\\/BRIDGESTONE-BLIZZAK-ICE.jpg\",\"datePublished\":\"2025-11-23T14:17:50+00:00\",\"dateModified\":\"2026-03-30T11:51:42+00:00\",\"breadcrumb\":{\"@id\":\"https:\\\/\\\/mmkriepas.lv\\\/en\\\/p\\\/185-55r16-bridgestone-blizzak-ice-83s-2\\\/#breadcrumb\"},\"inLanguage\":\"en-US\",\"potentialAction\":[{\"@type\":\"ReadAction\",\"target\":[\"https:\\\/\\\/mmkriepas.lv\\\/en\\\/p\\\/185-55r16-bridgestone-blizzak-ice-83s-2\\\/\"]}]},{\"@type\":\"ImageObject\",\"inLanguage\":\"en-US\",\"@id\":\"https:\\\/\\\/mmkriepas.lv\\\/en\\\/p\\\/185-55r16-bridgestone-blizzak-ice-83s-2\\\/#primaryimage\",\"url\":\"https:\\\/\\\/mmkriepas.lv\\\/wp-content\\\/uploads\\\/2024\\\/10\\\/BRIDGESTONE-BLIZZAK-ICE.jpg\",\"contentUrl\":\"https:\\\/\\\/mmkriepas.lv\\\/wp-content\\\/uploads\\\/2024\\\/10\\\/BRIDGESTONE-BLIZZAK-ICE.jpg\",\"width\":900,\"height\":720,\"caption\":\"MAIN\"},{\"@type\":\"BreadcrumbList\",\"@id\":\"https:\\\/\\\/mmkriepas.lv\\\/en\\\/p\\\/185-55r16-bridgestone-blizzak-ice-83s-2\\\/#breadcrumb\",\"itemListElement\":[{\"@type\":\"ListItem\",\"position\":1,\"name\":\"S\u0101kums\",\"item\":\"https:\\\/\\\/mmkriepas.lv\\\/en\\\/\"},{\"@type\":\"ListItem\",\"position\":2,\"name\":\"185\\\/55R16 Bridgestone Blizzak Ice 83S\"}]},{\"@type\":\"WebSite\",\"@id\":\"https:\\\/\\\/mmkriepas.lv\\\/en\\\/#website\",\"url\":\"https:\\\/\\\/mmkriepas.lv\\\/en\\\/\",\"name\":\"MMK Riepas\",\"description\":\"MMK Riepas\",\"alternateName\":\"MMK Riepu Serviss\",\"potentialAction\":[{\"@type\":\"SearchAction\",\"target\":{\"@type\":\"EntryPoint\",\"urlTemplate\":\"https:\\\/\\\/mmkriepas.lv\\\/en\\\/?s={search_term_string}\"},\"query-input\":{\"@type\":\"PropertyValueSpecification\",\"valueRequired\":true,\"valueName\":\"search_term_string\"}}],\"inLanguage\":\"en-US\"},{\"@type\":\"ImageObject\",\"inLanguage\":\"en-US\",\"@id\":\"https:\\\/\\\/mmkriepas.lv\\\/en\\\/p\\\/185-55r16-bridgestone-blizzak-ice-83s-2\\\/#local-main-organization-logo\",\"url\":\"\",\"contentUrl\":\"\",\"caption\":\"MMK Riepas\"}]}<\/script>\n<meta property=\"product:brand\" content=\"Bridgestone Blizzak Ice\" \/>\n<meta property=\"product:price:amount\" content=\"118.00\" \/>\n<meta property=\"product:price:currency\" content=\"EUR\" \/>\n<meta property=\"og:availability\" content=\"instock\" \/>\n<meta property=\"product:availability\" content=\"instock\" \/>\n<meta property=\"product:retailer_item_id\" content=\"TW1855516Bridg-E54277\" \/>\n<meta property=\"product:condition\" content=\"new\" \/>\n<!-- \/ Yoast SEO Premium plugin. -->","yoast_head_json":{"title":"185\/55R16 Bridgestone Blizzak Ice 83S &#8226; MMK Riepas","robots":{"index":"index","follow":"follow","max-snippet":"max-snippet:-1","max-image-preview":"max-image-preview:large","max-video-preview":"max-video-preview:-1"},"canonical":"https:\/\/mmkriepas.lv\/en\/p\/185-55r16-bridgestone-blizzak-ice-83s-2\/","og_locale":"en_US","og_type":"article","og_title":"185\/55R16 Bridgestone Blizzak Ice 83S","og_description":"Bridgestone Blizzak Ice ir premium klases, frikcijas tipa ziemas riepa, kas paredz\u0113ta vieglajiem auto. \u0160\u012b mode\u013ca protektora raksts ir asimetrisks, turkl\u0101t tas it optimiz\u0113ts ar MultiCell tehnolo\u0123iju. \u0160\u012b riepa izce\u013cas ar lielisk\u0101m veiktsp\u0113jas \u012bpa\u0161\u012bb\u0101m ziemas brauk\u0161anas apst\u0101k\u013cos.","og_url":"https:\/\/mmkriepas.lv\/en\/p\/185-55r16-bridgestone-blizzak-ice-83s-2\/","og_site_name":"MMK Riepas","article_publisher":"https:\/\/www.facebook.com\/mmkserviss\/","article_modified_time":"2026-03-30T11:51:42+00:00","og_image":[{"width":900,"height":720,"url":"https:\/\/mmkriepas.lv\/wp-content\/uploads\/2024\/10\/BRIDGESTONE-BLIZZAK-ICE.jpg","type":"image\/jpeg"}],"twitter_card":"summary_large_image","twitter_misc":{"Price":"&euro;118.00","Availability":"In stock"},"schema":{"@context":"https:\/\/schema.org","@graph":[{"@type":"WebPage","@id":"https:\/\/mmkriepas.lv\/en\/p\/185-55r16-bridgestone-blizzak-ice-83s-2\/","url":"https:\/\/mmkriepas.lv\/en\/p\/185-55r16-bridgestone-blizzak-ice-83s-2\/","name":"185\/55R16 Bridgestone Blizzak Ice 83S &#8226; MMK Riepas","isPartOf":{"@id":"https:\/\/mmkriepas.lv\/en\/#website"},"primaryImageOfPage":{"@id":"https:\/\/mmkriepas.lv\/en\/p\/185-55r16-bridgestone-blizzak-ice-83s-2\/#primaryimage"},"image":{"@id":"https:\/\/mmkriepas.lv\/en\/p\/185-55r16-bridgestone-blizzak-ice-83s-2\/#primaryimage"},"thumbnailUrl":"https:\/\/mmkriepas.lv\/wp-content\/uploads\/2024\/10\/BRIDGESTONE-BLIZZAK-ICE.jpg","datePublished":"2025-11-23T14:17:50+00:00","dateModified":"2026-03-30T11:51:42+00:00","breadcrumb":{"@id":"https:\/\/mmkriepas.lv\/en\/p\/185-55r16-bridgestone-blizzak-ice-83s-2\/#breadcrumb"},"inLanguage":"en-US","potentialAction":[{"@type":"ReadAction","target":["https:\/\/mmkriepas.lv\/en\/p\/185-55r16-bridgestone-blizzak-ice-83s-2\/"]}]},{"@type":"ImageObject","inLanguage":"en-US","@id":"https:\/\/mmkriepas.lv\/en\/p\/185-55r16-bridgestone-blizzak-ice-83s-2\/#primaryimage","url":"https:\/\/mmkriepas.lv\/wp-content\/uploads\/2024\/10\/BRIDGESTONE-BLIZZAK-ICE.jpg","contentUrl":"https:\/\/mmkriepas.lv\/wp-content\/uploads\/2024\/10\/BRIDGESTONE-BLIZZAK-ICE.jpg","width":900,"height":720,"caption":"MAIN"},{"@type":"BreadcrumbList","@id":"https:\/\/mmkriepas.lv\/en\/p\/185-55r16-bridgestone-blizzak-ice-83s-2\/#breadcrumb","itemListElement":[{"@type":"ListItem","position":1,"name":"S\u0101kums","item":"https:\/\/mmkriepas.lv\/en\/"},{"@type":"ListItem","position":2,"name":"185\/55R16 Bridgestone Blizzak Ice 83S"}]},{"@type":"WebSite","@id":"https:\/\/mmkriepas.lv\/en\/#website","url":"https:\/\/mmkriepas.lv\/en\/","name":"MMK Riepas","description":"MMK Riepas","alternateName":"MMK Riepu Serviss","potentialAction":[{"@type":"SearchAction","target":{"@type":"EntryPoint","urlTemplate":"https:\/\/mmkriepas.lv\/en\/?s={search_term_string}"},"query-input":{"@type":"PropertyValueSpecification","valueRequired":true,"valueName":"search_term_string"}}],"inLanguage":"en-US"},{"@type":"ImageObject","inLanguage":"en-US","@id":"https:\/\/mmkriepas.lv\/en\/p\/185-55r16-bridgestone-blizzak-ice-83s-2\/#local-main-organization-logo","url":"","contentUrl":"","caption":"MMK Riepas"}]},"product_brand":"Bridgestone Blizzak Ice","product_price_amount":"118.00","product_price_currency":"EUR","og_availability":"instock","product_availability":"instock","product_retailer_item_id":"TW1855516Bridg-E54277","product_condition":"new"},"_links":{"self":[{"href":"https:\/\/mmkriepas.lv\/en\/wp-json\/wp\/v2\/product\/1399858","targetHints":{"allow":["GET"]}}],"collection":[{"href":"https:\/\/mmkriepas.lv\/en\/wp-json\/wp\/v2\/product"}],"about":[{"href":"https:\/\/mmkriepas.lv\/en\/wp-json\/wp\/v2\/types\/product"}],"wp:featuredmedia":[{"embeddable":true,"href":"https:\/\/mmkriepas.lv\/en\/wp-json\/wp\/v2\/media\/1111794"}],"wp:attachment":[{"href":"https:\/\/mmkriepas.lv\/en\/wp-json\/wp\/v2\/media?parent=1399858"}],"wp:term":[{"taxonomy":"product_brand","embeddable":true,"href":"https:\/\/mmkriepas.lv\/en\/wp-json\/wp\/v2\/product_brand?post=1399858"},{"taxonomy":"product_cat","embeddable":true,"href":"https:\/\/mmkriepas.lv\/en\/wp-json\/wp\/v2\/product_cat?post=1399858"},{"taxonomy":"product_tag","embeddable":true,"href":"https:\/\/mmkriepas.lv\/en\/wp-json\/wp\/v2\/product_tag?post=1399858"}],"curies":[{"name":"wp","href":"https:\/\/api.w.org\/{rel}","templated":true}]}}