{"id":1399630,"date":"2025-11-23T16:05:46","date_gmt":"2025-11-23T14:05:46","guid":{"rendered":"https:\/\/mmkriepas.lv\/?post_type=product&#038;p=1399630"},"modified":"2026-03-30T16:08:13","modified_gmt":"2026-03-30T13:08:13","slug":"225-45r17-aptany-rw211-94v-xl-2","status":"publish","type":"product","link":"https:\/\/mmkriepas.lv\/en\/p\/225-45r17-aptany-rw211-94v-xl-2\/","title":{"rendered":"225\/45R17 Aptany RW211 94V XL"},"content":{"rendered":"<p><span style=\"font-family: Times New Roman, serif;\"><span style=\"font-size: medium;\"><strong><span style=\"font-family: Arial, serif;\">Aptany RW211<\/span><\/strong><span style=\"font-family: Arial, serif;\"> ir ziemas riepa, kas piem\u0113rota visda\u017e\u0101d\u0101kajiem vieglajiem auto, turkl\u0101t t\u0101 tiek pied\u0101v\u0101ta \u013coti pla\u0161\u0101 izm\u0113ru kl\u0101st\u0101. Neskatoties uz to, ka \u0161is modelis ir bez radz\u0113m, tas izce\u013cas ar lab\u0101m veiktsp\u0113jas \u012bpa\u0161\u012bb\u0101m uz apledoju\u0161iem ce\u013ciem.<\/span><\/span><\/span><\/p>\n<h3 class=\"western\"><span style=\"font-family: Arial, serif;\">R<\/span><span style=\"font-family: Arial, serif;\">W211 galven\u0101s iez\u012bmes<\/span><\/h3>\n<p><span style=\"font-family: Times New Roman, serif;\"><span style=\"font-size: medium;\"><span style=\"font-family: Arial, serif;\">+Lieliski r\u0101d\u012bt\u0101ji uz ledus, pateicoties lame\u013cu hibr\u012bdsist\u0113mai.<\/span><\/span><\/span><\/p>\n<p><span style=\"font-family: Times New Roman, serif;\"><span style=\"font-size: medium;\"><span style=\"font-family: Arial, serif;\">+Asimetriskais protektora raksts, kas uzlabo sa\u0137eri un palielina komforta l\u012bmeni.<\/span><\/span><\/span><\/p>\n<p><span style=\"font-family: Times New Roman, serif;\"><span style=\"font-size: medium;\"><span style=\"font-family: Arial, serif;\">+Riepa saglab\u0101 elast\u012bbu pat zem\u0101s gaisa temperat\u016br\u0101s.<\/span><\/span><\/span><\/p>\n<h3 class=\"western\"><span style=\"font-family: Arial, serif;\">R<\/span><span style=\"font-family: Arial, serif;\">W211 lame\u013cu hibr\u012bdsist\u0113ma<\/span><\/h3>\n<p><span style=\"font-family: Times New Roman, serif;\"><span style=\"font-size: medium;\"><span style=\"font-family: Arial, serif;\">Aptany<\/span><span style=\"font-family: Arial, serif;\"> <\/span><span style=\"font-family: Arial, serif;\">R<\/span><span style=\"font-family: Arial, serif;\">W211 asimetriskaj\u0101 protektora rakst\u0101 iestr\u0101d\u0101tas vair\u0101ku tipu lameles. <\/span><strong><span style=\"font-family: Arial, serif;\">Vi\u013c\u0146veida lameles<\/span><\/strong><span style=\"font-family: Arial, serif;\"> rada pastiprin\u0101tu sa\u0137eri ar ledu, ta\u010du otrs lame\u013cu tips <\/span><strong><span style=\"font-family: Arial, serif;\">stiprina protektora blokus<\/span><\/strong><span style=\"font-family: Arial, serif;\">, uzlabojot stabilit\u0101ti uz ce\u013ca, manevr\u0113tsp\u0113ju un padara riepu kalpotsp\u0113j\u012bg\u0101ku.<\/span><\/span><\/span><\/p>\n<h3 class=\"western\"><span style=\"font-family: Arial, serif;\">Elastrom\u0113ri <\/span><span style=\"font-family: Arial, serif;\">Aptany<\/span><span style=\"font-family: Arial, serif;\"> <\/span><span style=\"font-family: Arial, serif;\">R<\/span><span style=\"font-family: Arial, serif;\">W211 gumijas sast\u0101v\u0101<\/span><\/h3>\n<p><span style=\"font-family: Times New Roman, serif;\"><span style=\"font-size: medium;\"><span style=\"font-family: Arial, serif;\">Aptany<\/span><span style=\"font-family: Arial, serif;\"> <\/span><span style=\"font-family: Arial, serif;\">R<\/span><span style=\"font-family: Arial, serif;\">W211 izgatavo\u0161anai izmantot\u0101 gumija satur virkni elastrom\u0113ru, kas pal\u012bdz riepai saglab\u0101t elast\u012bbu pat zem\u0101s gaisa temperat\u016br\u0101s. Elast\u012bga riepa lab\u0101k absorb\u0113 triecienu un veidosa\u0137eri ar ce\u013cu.<\/span><\/span><\/span><\/p>\n","protected":false},"excerpt":{"rendered":"<p><span style=\"font-family: Times New Roman, serif;\"><span style=\"font-size: medium;\"><strong><span style=\"font-family: Arial, serif;\">Aptany RW211<\/span><\/strong><span style=\"font-family: Arial, serif;\"> ir ziemas riepa, kas piem\u0113rota visda\u017e\u0101d\u0101kajiem vieglajiem auto, turkl\u0101t t\u0101 tiek pied\u0101v\u0101ta \u013coti pla\u0161\u0101 izm\u0113ru kl\u0101st\u0101. Neskatoties uz to, ka \u0161is modelis ir bez radz\u0113m, tas izce\u013cas ar lab\u0101m veiktsp\u0113jas \u012bpa\u0161\u012bb\u0101m uz apledoju\u0161iem ce\u013ciem.<\/span><\/span><\/span><\/p>\n","protected":false},"featured_media":1151516,"template":"","meta":{"_acf_changed":false,"ngg_post_thumbnail":0},"product_brand":[],"product_cat":[47,45],"product_tag":[],"class_list":{"0":"post-1399630","1":"product","2":"type-product","3":"status-publish","4":"has-post-thumbnail","6":"product_cat-vissezonas-riepas","7":"product_cat-ziemas-riepas","9":"first","10":"instock","11":"sale","12":"taxable","13":"shipping-taxable","14":"purchasable","15":"product-type-simple"},"acf":[],"yoast_head":"<!-- This site is optimized with the Yoast SEO Premium plugin v22.6 (Yoast SEO v27.3) - https:\/\/yoast.com\/product\/yoast-seo-premium-wordpress\/ -->\n<title>225\/45R17 Aptany RW211 94V XL &#8226; MMK Riepas<\/title>\n<meta name=\"robots\" content=\"index, follow, max-snippet:-1, max-image-preview:large, max-video-preview:-1\" \/>\n<link rel=\"canonical\" href=\"https:\/\/mmkriepas.lv\/en\/p\/225-45r17-aptany-rw211-94v-xl-2\/\" \/>\n<meta property=\"og:locale\" content=\"en_US\" \/>\n<meta property=\"og:type\" content=\"article\" \/>\n<meta property=\"og:title\" content=\"225\/45R17 Aptany RW211 94V XL\" \/>\n<meta property=\"og:description\" content=\"Aptany RW211 ir ziemas riepa, kas piem\u0113rota visda\u017e\u0101d\u0101kajiem vieglajiem auto, turkl\u0101t t\u0101 tiek pied\u0101v\u0101ta \u013coti pla\u0161\u0101 izm\u0113ru kl\u0101st\u0101. Neskatoties uz to, ka \u0161is modelis ir bez radz\u0113m, tas izce\u013cas ar lab\u0101m veiktsp\u0113jas \u012bpa\u0161\u012bb\u0101m uz apledoju\u0161iem ce\u013ciem.\" \/>\n<meta property=\"og:url\" content=\"https:\/\/mmkriepas.lv\/en\/p\/225-45r17-aptany-rw211-94v-xl-2\/\" \/>\n<meta property=\"og:site_name\" content=\"MMK Riepas\" \/>\n<meta property=\"article:publisher\" content=\"https:\/\/www.facebook.com\/mmkserviss\/\" \/>\n<meta property=\"article:modified_time\" content=\"2026-03-30T13:08:13+00:00\" \/>\n<meta property=\"og:image\" content=\"https:\/\/mmkriepas.lv\/wp-content\/uploads\/2025\/01\/APTANY-RW211.jpg\" \/>\n\t<meta property=\"og:image:width\" content=\"900\" \/>\n\t<meta property=\"og:image:height\" content=\"720\" \/>\n\t<meta property=\"og:image:type\" content=\"image\/jpeg\" \/>\n<meta name=\"twitter:card\" content=\"summary_large_image\" \/>\n<meta name=\"twitter:label1\" content=\"Price\" \/>\n\t<meta name=\"twitter:data1\" content=\"&euro;46.00\" \/>\n\t<meta name=\"twitter:label2\" content=\"Availability\" \/>\n\t<meta name=\"twitter:data2\" content=\"In stock\" \/>\n<script type=\"application\/ld+json\" class=\"yoast-schema-graph\">{\"@context\":\"https:\\\/\\\/schema.org\",\"@graph\":[{\"@type\":\"WebPage\",\"@id\":\"https:\\\/\\\/mmkriepas.lv\\\/en\\\/p\\\/225-45r17-aptany-rw211-94v-xl-2\\\/\",\"url\":\"https:\\\/\\\/mmkriepas.lv\\\/en\\\/p\\\/225-45r17-aptany-rw211-94v-xl-2\\\/\",\"name\":\"225\\\/45R17 Aptany RW211 94V XL &#8226; MMK Riepas\",\"isPartOf\":{\"@id\":\"https:\\\/\\\/mmkriepas.lv\\\/en\\\/#website\"},\"primaryImageOfPage\":{\"@id\":\"https:\\\/\\\/mmkriepas.lv\\\/en\\\/p\\\/225-45r17-aptany-rw211-94v-xl-2\\\/#primaryimage\"},\"image\":{\"@id\":\"https:\\\/\\\/mmkriepas.lv\\\/en\\\/p\\\/225-45r17-aptany-rw211-94v-xl-2\\\/#primaryimage\"},\"thumbnailUrl\":\"https:\\\/\\\/mmkriepas.lv\\\/wp-content\\\/uploads\\\/2025\\\/01\\\/APTANY-RW211.jpg\",\"datePublished\":\"2025-11-23T14:05:46+00:00\",\"dateModified\":\"2026-03-30T13:08:13+00:00\",\"breadcrumb\":{\"@id\":\"https:\\\/\\\/mmkriepas.lv\\\/en\\\/p\\\/225-45r17-aptany-rw211-94v-xl-2\\\/#breadcrumb\"},\"inLanguage\":\"en-US\",\"potentialAction\":[{\"@type\":\"ReadAction\",\"target\":[\"https:\\\/\\\/mmkriepas.lv\\\/en\\\/p\\\/225-45r17-aptany-rw211-94v-xl-2\\\/\"]}]},{\"@type\":\"ImageObject\",\"inLanguage\":\"en-US\",\"@id\":\"https:\\\/\\\/mmkriepas.lv\\\/en\\\/p\\\/225-45r17-aptany-rw211-94v-xl-2\\\/#primaryimage\",\"url\":\"https:\\\/\\\/mmkriepas.lv\\\/wp-content\\\/uploads\\\/2025\\\/01\\\/APTANY-RW211.jpg\",\"contentUrl\":\"https:\\\/\\\/mmkriepas.lv\\\/wp-content\\\/uploads\\\/2025\\\/01\\\/APTANY-RW211.jpg\",\"width\":900,\"height\":720,\"caption\":\"MAIN\"},{\"@type\":\"BreadcrumbList\",\"@id\":\"https:\\\/\\\/mmkriepas.lv\\\/en\\\/p\\\/225-45r17-aptany-rw211-94v-xl-2\\\/#breadcrumb\",\"itemListElement\":[{\"@type\":\"ListItem\",\"position\":1,\"name\":\"S\u0101kums\",\"item\":\"https:\\\/\\\/mmkriepas.lv\\\/en\\\/\"},{\"@type\":\"ListItem\",\"position\":2,\"name\":\"225\\\/45R17 Aptany RW211 94V XL\"}]},{\"@type\":\"WebSite\",\"@id\":\"https:\\\/\\\/mmkriepas.lv\\\/en\\\/#website\",\"url\":\"https:\\\/\\\/mmkriepas.lv\\\/en\\\/\",\"name\":\"MMK Riepas\",\"description\":\"MMK Riepas\",\"alternateName\":\"MMK Riepu Serviss\",\"potentialAction\":[{\"@type\":\"SearchAction\",\"target\":{\"@type\":\"EntryPoint\",\"urlTemplate\":\"https:\\\/\\\/mmkriepas.lv\\\/en\\\/?s={search_term_string}\"},\"query-input\":{\"@type\":\"PropertyValueSpecification\",\"valueRequired\":true,\"valueName\":\"search_term_string\"}}],\"inLanguage\":\"en-US\"},{\"@type\":\"ImageObject\",\"inLanguage\":\"en-US\",\"@id\":\"https:\\\/\\\/mmkriepas.lv\\\/en\\\/p\\\/225-45r17-aptany-rw211-94v-xl-2\\\/#local-main-organization-logo\",\"url\":\"\",\"contentUrl\":\"\",\"caption\":\"MMK Riepas\"}]}<\/script>\n<meta property=\"product:brand\" content=\"Aptany RW211\" \/>\n<meta property=\"product:price:amount\" content=\"46.00\" \/>\n<meta property=\"product:price:currency\" content=\"EUR\" \/>\n<meta property=\"og:availability\" content=\"instock\" \/>\n<meta property=\"product:availability\" content=\"instock\" \/>\n<meta property=\"product:retailer_item_id\" content=\"TW2254517Aptan-E54069\" \/>\n<meta property=\"product:condition\" content=\"new\" \/>\n<!-- \/ Yoast SEO Premium plugin. -->","yoast_head_json":{"title":"225\/45R17 Aptany RW211 94V XL &#8226; MMK Riepas","robots":{"index":"index","follow":"follow","max-snippet":"max-snippet:-1","max-image-preview":"max-image-preview:large","max-video-preview":"max-video-preview:-1"},"canonical":"https:\/\/mmkriepas.lv\/en\/p\/225-45r17-aptany-rw211-94v-xl-2\/","og_locale":"en_US","og_type":"article","og_title":"225\/45R17 Aptany RW211 94V XL","og_description":"Aptany RW211 ir ziemas riepa, kas piem\u0113rota visda\u017e\u0101d\u0101kajiem vieglajiem auto, turkl\u0101t t\u0101 tiek pied\u0101v\u0101ta \u013coti pla\u0161\u0101 izm\u0113ru kl\u0101st\u0101. Neskatoties uz to, ka \u0161is modelis ir bez radz\u0113m, tas izce\u013cas ar lab\u0101m veiktsp\u0113jas \u012bpa\u0161\u012bb\u0101m uz apledoju\u0161iem ce\u013ciem.","og_url":"https:\/\/mmkriepas.lv\/en\/p\/225-45r17-aptany-rw211-94v-xl-2\/","og_site_name":"MMK Riepas","article_publisher":"https:\/\/www.facebook.com\/mmkserviss\/","article_modified_time":"2026-03-30T13:08:13+00:00","og_image":[{"width":900,"height":720,"url":"https:\/\/mmkriepas.lv\/wp-content\/uploads\/2025\/01\/APTANY-RW211.jpg","type":"image\/jpeg"}],"twitter_card":"summary_large_image","twitter_misc":{"Price":"&euro;46.00","Availability":"In stock"},"schema":{"@context":"https:\/\/schema.org","@graph":[{"@type":"WebPage","@id":"https:\/\/mmkriepas.lv\/en\/p\/225-45r17-aptany-rw211-94v-xl-2\/","url":"https:\/\/mmkriepas.lv\/en\/p\/225-45r17-aptany-rw211-94v-xl-2\/","name":"225\/45R17 Aptany RW211 94V XL &#8226; MMK Riepas","isPartOf":{"@id":"https:\/\/mmkriepas.lv\/en\/#website"},"primaryImageOfPage":{"@id":"https:\/\/mmkriepas.lv\/en\/p\/225-45r17-aptany-rw211-94v-xl-2\/#primaryimage"},"image":{"@id":"https:\/\/mmkriepas.lv\/en\/p\/225-45r17-aptany-rw211-94v-xl-2\/#primaryimage"},"thumbnailUrl":"https:\/\/mmkriepas.lv\/wp-content\/uploads\/2025\/01\/APTANY-RW211.jpg","datePublished":"2025-11-23T14:05:46+00:00","dateModified":"2026-03-30T13:08:13+00:00","breadcrumb":{"@id":"https:\/\/mmkriepas.lv\/en\/p\/225-45r17-aptany-rw211-94v-xl-2\/#breadcrumb"},"inLanguage":"en-US","potentialAction":[{"@type":"ReadAction","target":["https:\/\/mmkriepas.lv\/en\/p\/225-45r17-aptany-rw211-94v-xl-2\/"]}]},{"@type":"ImageObject","inLanguage":"en-US","@id":"https:\/\/mmkriepas.lv\/en\/p\/225-45r17-aptany-rw211-94v-xl-2\/#primaryimage","url":"https:\/\/mmkriepas.lv\/wp-content\/uploads\/2025\/01\/APTANY-RW211.jpg","contentUrl":"https:\/\/mmkriepas.lv\/wp-content\/uploads\/2025\/01\/APTANY-RW211.jpg","width":900,"height":720,"caption":"MAIN"},{"@type":"BreadcrumbList","@id":"https:\/\/mmkriepas.lv\/en\/p\/225-45r17-aptany-rw211-94v-xl-2\/#breadcrumb","itemListElement":[{"@type":"ListItem","position":1,"name":"S\u0101kums","item":"https:\/\/mmkriepas.lv\/en\/"},{"@type":"ListItem","position":2,"name":"225\/45R17 Aptany RW211 94V XL"}]},{"@type":"WebSite","@id":"https:\/\/mmkriepas.lv\/en\/#website","url":"https:\/\/mmkriepas.lv\/en\/","name":"MMK Riepas","description":"MMK Riepas","alternateName":"MMK Riepu Serviss","potentialAction":[{"@type":"SearchAction","target":{"@type":"EntryPoint","urlTemplate":"https:\/\/mmkriepas.lv\/en\/?s={search_term_string}"},"query-input":{"@type":"PropertyValueSpecification","valueRequired":true,"valueName":"search_term_string"}}],"inLanguage":"en-US"},{"@type":"ImageObject","inLanguage":"en-US","@id":"https:\/\/mmkriepas.lv\/en\/p\/225-45r17-aptany-rw211-94v-xl-2\/#local-main-organization-logo","url":"","contentUrl":"","caption":"MMK Riepas"}]},"product_brand":"Aptany RW211","product_price_amount":"46.00","product_price_currency":"EUR","og_availability":"instock","product_availability":"instock","product_retailer_item_id":"TW2254517Aptan-E54069","product_condition":"new"},"_links":{"self":[{"href":"https:\/\/mmkriepas.lv\/en\/wp-json\/wp\/v2\/product\/1399630","targetHints":{"allow":["GET"]}}],"collection":[{"href":"https:\/\/mmkriepas.lv\/en\/wp-json\/wp\/v2\/product"}],"about":[{"href":"https:\/\/mmkriepas.lv\/en\/wp-json\/wp\/v2\/types\/product"}],"wp:featuredmedia":[{"embeddable":true,"href":"https:\/\/mmkriepas.lv\/en\/wp-json\/wp\/v2\/media\/1151516"}],"wp:attachment":[{"href":"https:\/\/mmkriepas.lv\/en\/wp-json\/wp\/v2\/media?parent=1399630"}],"wp:term":[{"taxonomy":"product_brand","embeddable":true,"href":"https:\/\/mmkriepas.lv\/en\/wp-json\/wp\/v2\/product_brand?post=1399630"},{"taxonomy":"product_cat","embeddable":true,"href":"https:\/\/mmkriepas.lv\/en\/wp-json\/wp\/v2\/product_cat?post=1399630"},{"taxonomy":"product_tag","embeddable":true,"href":"https:\/\/mmkriepas.lv\/en\/wp-json\/wp\/v2\/product_tag?post=1399630"}],"curies":[{"name":"wp","href":"https:\/\/api.w.org\/{rel}","templated":true}]}}