{"id":139672,"date":"2020-08-10T14:29:03","date_gmt":"2020-08-10T11:29:03","guid":{"rendered":"https:\/\/mmkserviss.lv\/?post_type=product&#038;p=139672"},"modified":"2022-11-03T12:20:41","modified_gmt":"2022-11-03T10:20:41","slug":"215-50r17-blacklion-w506-91t-xl-ar-radzem","status":"publish","type":"product","link":"https:\/\/mmkriepas.lv\/en\/p\/215-50r17-blacklion-w506-91t-xl-ar-radzem\/","title":{"rendered":"215\/50R17 Blacklion Winter Tamer W506 91T ar radz\u0113m"},"content":{"rendered":"<p><strong><span style=\"font-family: 'Arial',sans-serif;\">Blacklion Winter Tamer W506<\/span><\/strong><span style=\"font-family: 'Arial',sans-serif;\"> ir rad\u017eojama ziemas riepa, kas paredz\u0113ta vid\u0113ja izm\u0113ra vieglajiem auto. Izce\u013cas ar augstiem sa\u0137eres r\u0101d\u012bt\u0101jiem uz sliden\u0101m ce\u013ca virsm\u0101m. <span style=\"color: red;\">\u0160is modelis pieejams gan ar radz\u0113m, gan bez t\u0101m.<\/span><o:p><\/o:p><\/span><\/p>\n<h3><strong><span style=\"font-family: 'Arial',sans-serif;\">Winter Tamer W506 galven\u0101s iez\u012bmes<\/span><\/strong><span style=\"font-family: 'Arial',sans-serif;\"><o:p><\/o:p><\/span><\/h3>\n<p><span style=\"font-family: 'Arial',sans-serif;\">+Plata centr\u0101l\u0101 riba uzlabo manevr\u0113tsp\u0113ju, stabilit\u0101ti, sa\u0137eri un degvielas ekonomiju. <o:p><\/o:p><\/span><\/p>\n<p><span style=\"font-family: 'Arial',sans-serif;\">+Plat\u0101s\u00a0 &#8220;naga formas&#8221; dren\u0101\u017eas rievas uzlabo veiktsp\u0113ju skarbos, sniegotos apst\u0101k\u013cos.<o:p><\/o:p><\/span><\/p>\n<p><span style=\"font-family: 'Arial',sans-serif;\">+Pa\u0161blo\u0137\u0113jo\u0161\u0101s lameles nodro\u0161ina lab\u0101ku sa\u0137eri ar ledu.<o:p><\/o:p><\/span><\/p>\n<h3><strong><span style=\"font-family: 'Arial',sans-serif;\">Winter Tamer W506 protektora raksts<\/span><\/strong><span style=\"font-family: 'Arial',sans-serif;\"><o:p><\/o:p><\/span><\/h3>\n<p><span style=\"font-family: 'Arial',sans-serif;\">Protektora raksta centr\u0101 atrodas plata centr\u0101l\u0101 riba, kas vienlaikus uzlabo vair\u0101kus svar\u012bg\u0101kos brauk\u0161anas elementus. Tiek uzlabota ne tikai manevr\u0113tsp\u0113ja un stabilit\u0101te, bet ar\u012b sa\u0137ere ar ce\u013ca virsm\u0101m un samazin\u0101ts degvielas pat\u0113ri\u0146\u0161. <o:p><\/o:p><\/span><\/p>\n<p><strong><span style=\"font-family: 'Arial',sans-serif;\">Blacklion Winter Tamer W506 <\/span><\/strong><span style=\"font-family: 'Arial',sans-serif;\">protektor\u0101 var iestr\u0101d\u0101t radzes, kas v\u0113l vair\u0101k uzlabos veiktsp\u0113ju skarbos ziemas apst\u0101k\u013cos. Blacklion k\u0101 bud\u017eeta klases riepu ra\u017eot\u0101js sevi labi pier\u0101d\u012bjis Latvijas tirg\u016b. \u0160is riepu modeli b\u016bs piem\u0113rots brauk\u0161anai ziem\u0101 Latvijas un main\u012bgajos apst\u0101k\u013cos.<o:p><\/o:p><\/span><\/p>\n","protected":false},"excerpt":{"rendered":"<p><strong><span style=\"font-family: 'Arial',sans-serif;\">Blacklion Winter Tamer W506<\/span><\/strong><span style=\"font-family: 'Arial',sans-serif;\"> ir rad\u017eojama ziemas riepa, kas paredz\u0113ta vid\u0113ja izm\u0113ra vieglajiem auto. Izce\u013cas ar augstiem sa\u0137eres r\u0101d\u012bt\u0101jiem uz sliden\u0101m ce\u013ca virsm\u0101m. <span style=\"color: red;\">\u0160is modelis pieejams gan ar radz\u0113m, gan bez t\u0101m.<\/span><o:p><\/o:p><\/span><\/p>\n","protected":false},"featured_media":169056,"template":"","meta":{"_acf_changed":false,"ngg_post_thumbnail":0},"product_brand":[],"product_cat":[48],"product_tag":[19634],"class_list":{"0":"post-139672","1":"product","2":"type-product","3":"status-publish","4":"has-post-thumbnail","6":"product_cat-ziemas-ar-radzem","7":"product_tag-mmk","9":"first","10":"instock","11":"sale","12":"taxable","13":"shipping-taxable","14":"product-type-simple"},"acf":[],"yoast_head":"<!-- This site is optimized with the Yoast SEO Premium plugin v22.6 (Yoast SEO v27.3) - https:\/\/yoast.com\/product\/yoast-seo-premium-wordpress\/ -->\n<title>215\/50R17 Blacklion Winter Tamer W506 91T ar radz\u0113m &#8226; MMK Riepas<\/title>\n<meta name=\"description\" content=\"Blacklion W506- kvalit\u0101te, kas p\u0101rsniedz cenu. MMK Riepu centros Blacklion riepas visos izm\u0113ros,par lab\u0101ko cenu! Bi\u0137ernieku iel\u0101 121k un M\u016bkusalas iel\u0101 72d!\" \/>\n<meta name=\"robots\" content=\"index, follow, max-snippet:-1, max-image-preview:large, max-video-preview:-1\" \/>\n<link rel=\"canonical\" href=\"https:\/\/mmkriepas.lv\/en\/p\/215-50r17-blacklion-w506-91t-xl-ar-radzem\/\" \/>\n<meta property=\"og:locale\" content=\"en_US\" \/>\n<meta property=\"og:type\" content=\"article\" \/>\n<meta property=\"og:title\" content=\"215\/50R17 Blacklion Winter Tamer W506 91T ar radz\u0113m\" \/>\n<meta property=\"og:description\" content=\"Blacklion W506- kvalit\u0101te, kas p\u0101rsniedz cenu. MMK Riepu centros Blacklion riepas visos izm\u0113ros,par lab\u0101ko cenu! Bi\u0137ernieku iel\u0101 121k un M\u016bkusalas iel\u0101 72d!\" \/>\n<meta property=\"og:url\" content=\"https:\/\/mmkriepas.lv\/en\/p\/215-50r17-blacklion-w506-91t-xl-ar-radzem\/\" \/>\n<meta property=\"og:site_name\" content=\"MMK Riepas\" \/>\n<meta property=\"article:publisher\" content=\"https:\/\/www.facebook.com\/mmkserviss\/\" \/>\n<meta property=\"article:modified_time\" content=\"2022-11-03T10:20:41+00:00\" \/>\n<meta property=\"og:image\" content=\"https:\/\/mmkriepas.lv\/wp-content\/uploads\/2021\/01\/20565r15-blacklion-w506-94h-ar-radzc493m-ziemas-ar-radzem-riepas.jpeg\" \/>\n\t<meta property=\"og:image:width\" content=\"1600\" \/>\n\t<meta property=\"og:image:height\" content=\"1200\" \/>\n\t<meta property=\"og:image:type\" content=\"image\/jpeg\" \/>\n<meta name=\"twitter:card\" content=\"summary_large_image\" \/>\n<meta name=\"twitter:label1\" content=\"Price\" \/>\n\t<meta name=\"twitter:data1\" content=\"&euro;70.00\" \/>\n\t<meta name=\"twitter:label2\" content=\"Availability\" \/>\n\t<meta name=\"twitter:data2\" content=\"In stock\" \/>\n<script type=\"application\/ld+json\" class=\"yoast-schema-graph\">{\"@context\":\"https:\\\/\\\/schema.org\",\"@graph\":[{\"@type\":\"WebPage\",\"@id\":\"https:\\\/\\\/mmkriepas.lv\\\/en\\\/p\\\/215-50r17-blacklion-w506-91t-xl-ar-radzem\\\/\",\"url\":\"https:\\\/\\\/mmkriepas.lv\\\/en\\\/p\\\/215-50r17-blacklion-w506-91t-xl-ar-radzem\\\/\",\"name\":\"215\\\/50R17 Blacklion Winter Tamer W506 91T ar radz\u0113m &#8226; MMK Riepas\",\"isPartOf\":{\"@id\":\"https:\\\/\\\/mmkriepas.lv\\\/en\\\/#website\"},\"primaryImageOfPage\":{\"@id\":\"https:\\\/\\\/mmkriepas.lv\\\/en\\\/p\\\/215-50r17-blacklion-w506-91t-xl-ar-radzem\\\/#primaryimage\"},\"image\":{\"@id\":\"https:\\\/\\\/mmkriepas.lv\\\/en\\\/p\\\/215-50r17-blacklion-w506-91t-xl-ar-radzem\\\/#primaryimage\"},\"thumbnailUrl\":\"https:\\\/\\\/mmkriepas.lv\\\/wp-content\\\/uploads\\\/2021\\\/01\\\/20565r15-blacklion-w506-94h-ar-radzc493m-ziemas-ar-radzem-riepas.jpeg\",\"datePublished\":\"2020-08-10T11:29:03+00:00\",\"dateModified\":\"2022-11-03T10:20:41+00:00\",\"description\":\"Blacklion W506- kvalit\u0101te, kas p\u0101rsniedz cenu. MMK Riepu centros Blacklion riepas visos izm\u0113ros,par lab\u0101ko cenu! Bi\u0137ernieku iel\u0101 121k un M\u016bkusalas iel\u0101 72d!\",\"breadcrumb\":{\"@id\":\"https:\\\/\\\/mmkriepas.lv\\\/en\\\/p\\\/215-50r17-blacklion-w506-91t-xl-ar-radzem\\\/#breadcrumb\"},\"inLanguage\":\"en-US\",\"potentialAction\":[{\"@type\":\"ReadAction\",\"target\":[\"https:\\\/\\\/mmkriepas.lv\\\/en\\\/p\\\/215-50r17-blacklion-w506-91t-xl-ar-radzem\\\/\"]}]},{\"@type\":\"ImageObject\",\"inLanguage\":\"en-US\",\"@id\":\"https:\\\/\\\/mmkriepas.lv\\\/en\\\/p\\\/215-50r17-blacklion-w506-91t-xl-ar-radzem\\\/#primaryimage\",\"url\":\"https:\\\/\\\/mmkriepas.lv\\\/wp-content\\\/uploads\\\/2021\\\/01\\\/20565r15-blacklion-w506-94h-ar-radzc493m-ziemas-ar-radzem-riepas.jpeg\",\"contentUrl\":\"https:\\\/\\\/mmkriepas.lv\\\/wp-content\\\/uploads\\\/2021\\\/01\\\/20565r15-blacklion-w506-94h-ar-radzc493m-ziemas-ar-radzem-riepas.jpeg\",\"width\":1600,\"height\":1200,\"caption\":\"205\\\/65R15 Blacklion W506 94H ar radz\u0113m - Ziemas ar radz\u0113m riepas\"},{\"@type\":\"BreadcrumbList\",\"@id\":\"https:\\\/\\\/mmkriepas.lv\\\/en\\\/p\\\/215-50r17-blacklion-w506-91t-xl-ar-radzem\\\/#breadcrumb\",\"itemListElement\":[{\"@type\":\"ListItem\",\"position\":1,\"name\":\"S\u0101kums\",\"item\":\"https:\\\/\\\/mmkriepas.lv\\\/en\\\/\"},{\"@type\":\"ListItem\",\"position\":2,\"name\":\"215\\\/50R17 Blacklion Winter Tamer W506 91T ar radz\u0113m\"}]},{\"@type\":\"WebSite\",\"@id\":\"https:\\\/\\\/mmkriepas.lv\\\/en\\\/#website\",\"url\":\"https:\\\/\\\/mmkriepas.lv\\\/en\\\/\",\"name\":\"MMK Riepas\",\"description\":\"MMK Riepas\",\"alternateName\":\"MMK Riepu Serviss\",\"potentialAction\":[{\"@type\":\"SearchAction\",\"target\":{\"@type\":\"EntryPoint\",\"urlTemplate\":\"https:\\\/\\\/mmkriepas.lv\\\/en\\\/?s={search_term_string}\"},\"query-input\":{\"@type\":\"PropertyValueSpecification\",\"valueRequired\":true,\"valueName\":\"search_term_string\"}}],\"inLanguage\":\"en-US\"},{\"@type\":\"ImageObject\",\"inLanguage\":\"en-US\",\"@id\":\"https:\\\/\\\/mmkriepas.lv\\\/en\\\/p\\\/215-50r17-blacklion-w506-91t-xl-ar-radzem\\\/#local-main-organization-logo\",\"url\":\"\",\"contentUrl\":\"\",\"caption\":\"MMK Riepas\"}]}<\/script>\n<meta property=\"product:brand\" content=\"Blacklion Winter Tamer W506\" \/>\n<meta property=\"product:price:amount\" content=\"70.00\" \/>\n<meta property=\"product:price:currency\" content=\"EUR\" \/>\n<meta property=\"og:availability\" content=\"instock\" \/>\n<meta property=\"product:availability\" content=\"instock\" \/>\n<meta property=\"product:condition\" content=\"new\" \/>\n<!-- \/ Yoast SEO Premium plugin. -->","yoast_head_json":{"title":"215\/50R17 Blacklion Winter Tamer W506 91T ar radz\u0113m &#8226; MMK Riepas","description":"Blacklion W506- kvalit\u0101te, kas p\u0101rsniedz cenu. MMK Riepu centros Blacklion riepas visos izm\u0113ros,par lab\u0101ko cenu! Bi\u0137ernieku iel\u0101 121k un M\u016bkusalas iel\u0101 72d!","robots":{"index":"index","follow":"follow","max-snippet":"max-snippet:-1","max-image-preview":"max-image-preview:large","max-video-preview":"max-video-preview:-1"},"canonical":"https:\/\/mmkriepas.lv\/en\/p\/215-50r17-blacklion-w506-91t-xl-ar-radzem\/","og_locale":"en_US","og_type":"article","og_title":"215\/50R17 Blacklion Winter Tamer W506 91T ar radz\u0113m","og_description":"Blacklion W506- kvalit\u0101te, kas p\u0101rsniedz cenu. MMK Riepu centros Blacklion riepas visos izm\u0113ros,par lab\u0101ko cenu! Bi\u0137ernieku iel\u0101 121k un M\u016bkusalas iel\u0101 72d!","og_url":"https:\/\/mmkriepas.lv\/en\/p\/215-50r17-blacklion-w506-91t-xl-ar-radzem\/","og_site_name":"MMK Riepas","article_publisher":"https:\/\/www.facebook.com\/mmkserviss\/","article_modified_time":"2022-11-03T10:20:41+00:00","og_image":[{"width":1600,"height":1200,"url":"https:\/\/mmkriepas.lv\/wp-content\/uploads\/2021\/01\/20565r15-blacklion-w506-94h-ar-radzc493m-ziemas-ar-radzem-riepas.jpeg","type":"image\/jpeg"}],"twitter_card":"summary_large_image","twitter_misc":{"Price":"&euro;70.00","Availability":"In stock"},"schema":{"@context":"https:\/\/schema.org","@graph":[{"@type":"WebPage","@id":"https:\/\/mmkriepas.lv\/en\/p\/215-50r17-blacklion-w506-91t-xl-ar-radzem\/","url":"https:\/\/mmkriepas.lv\/en\/p\/215-50r17-blacklion-w506-91t-xl-ar-radzem\/","name":"215\/50R17 Blacklion Winter Tamer W506 91T ar radz\u0113m &#8226; MMK Riepas","isPartOf":{"@id":"https:\/\/mmkriepas.lv\/en\/#website"},"primaryImageOfPage":{"@id":"https:\/\/mmkriepas.lv\/en\/p\/215-50r17-blacklion-w506-91t-xl-ar-radzem\/#primaryimage"},"image":{"@id":"https:\/\/mmkriepas.lv\/en\/p\/215-50r17-blacklion-w506-91t-xl-ar-radzem\/#primaryimage"},"thumbnailUrl":"https:\/\/mmkriepas.lv\/wp-content\/uploads\/2021\/01\/20565r15-blacklion-w506-94h-ar-radzc493m-ziemas-ar-radzem-riepas.jpeg","datePublished":"2020-08-10T11:29:03+00:00","dateModified":"2022-11-03T10:20:41+00:00","description":"Blacklion W506- kvalit\u0101te, kas p\u0101rsniedz cenu. MMK Riepu centros Blacklion riepas visos izm\u0113ros,par lab\u0101ko cenu! Bi\u0137ernieku iel\u0101 121k un M\u016bkusalas iel\u0101 72d!","breadcrumb":{"@id":"https:\/\/mmkriepas.lv\/en\/p\/215-50r17-blacklion-w506-91t-xl-ar-radzem\/#breadcrumb"},"inLanguage":"en-US","potentialAction":[{"@type":"ReadAction","target":["https:\/\/mmkriepas.lv\/en\/p\/215-50r17-blacklion-w506-91t-xl-ar-radzem\/"]}]},{"@type":"ImageObject","inLanguage":"en-US","@id":"https:\/\/mmkriepas.lv\/en\/p\/215-50r17-blacklion-w506-91t-xl-ar-radzem\/#primaryimage","url":"https:\/\/mmkriepas.lv\/wp-content\/uploads\/2021\/01\/20565r15-blacklion-w506-94h-ar-radzc493m-ziemas-ar-radzem-riepas.jpeg","contentUrl":"https:\/\/mmkriepas.lv\/wp-content\/uploads\/2021\/01\/20565r15-blacklion-w506-94h-ar-radzc493m-ziemas-ar-radzem-riepas.jpeg","width":1600,"height":1200,"caption":"205\/65R15 Blacklion W506 94H ar radz\u0113m - Ziemas ar radz\u0113m riepas"},{"@type":"BreadcrumbList","@id":"https:\/\/mmkriepas.lv\/en\/p\/215-50r17-blacklion-w506-91t-xl-ar-radzem\/#breadcrumb","itemListElement":[{"@type":"ListItem","position":1,"name":"S\u0101kums","item":"https:\/\/mmkriepas.lv\/en\/"},{"@type":"ListItem","position":2,"name":"215\/50R17 Blacklion Winter Tamer W506 91T ar radz\u0113m"}]},{"@type":"WebSite","@id":"https:\/\/mmkriepas.lv\/en\/#website","url":"https:\/\/mmkriepas.lv\/en\/","name":"MMK Riepas","description":"MMK Riepas","alternateName":"MMK Riepu Serviss","potentialAction":[{"@type":"SearchAction","target":{"@type":"EntryPoint","urlTemplate":"https:\/\/mmkriepas.lv\/en\/?s={search_term_string}"},"query-input":{"@type":"PropertyValueSpecification","valueRequired":true,"valueName":"search_term_string"}}],"inLanguage":"en-US"},{"@type":"ImageObject","inLanguage":"en-US","@id":"https:\/\/mmkriepas.lv\/en\/p\/215-50r17-blacklion-w506-91t-xl-ar-radzem\/#local-main-organization-logo","url":"","contentUrl":"","caption":"MMK Riepas"}]},"product_brand":"Blacklion Winter Tamer W506","product_price_amount":"70.00","product_price_currency":"EUR","og_availability":"instock","product_availability":"instock","product_condition":"new"},"_links":{"self":[{"href":"https:\/\/mmkriepas.lv\/en\/wp-json\/wp\/v2\/product\/139672","targetHints":{"allow":["GET"]}}],"collection":[{"href":"https:\/\/mmkriepas.lv\/en\/wp-json\/wp\/v2\/product"}],"about":[{"href":"https:\/\/mmkriepas.lv\/en\/wp-json\/wp\/v2\/types\/product"}],"wp:featuredmedia":[{"embeddable":true,"href":"https:\/\/mmkriepas.lv\/en\/wp-json\/wp\/v2\/media\/169056"}],"wp:attachment":[{"href":"https:\/\/mmkriepas.lv\/en\/wp-json\/wp\/v2\/media?parent=139672"}],"wp:term":[{"taxonomy":"product_brand","embeddable":true,"href":"https:\/\/mmkriepas.lv\/en\/wp-json\/wp\/v2\/product_brand?post=139672"},{"taxonomy":"product_cat","embeddable":true,"href":"https:\/\/mmkriepas.lv\/en\/wp-json\/wp\/v2\/product_cat?post=139672"},{"taxonomy":"product_tag","embeddable":true,"href":"https:\/\/mmkriepas.lv\/en\/wp-json\/wp\/v2\/product_tag?post=139672"}],"curies":[{"name":"wp","href":"https:\/\/api.w.org\/{rel}","templated":true}]}}