{"id":1379085,"date":"2025-10-31T20:31:57","date_gmt":"2025-10-31T18:31:57","guid":{"rendered":"https:\/\/mmkriepas.lv\/?post_type=product&#038;p=1379085"},"modified":"2026-03-30T15:47:22","modified_gmt":"2026-03-30T12:47:22","slug":"215-60r16-yokohama-bluearth-4s-aw21-99h","status":"publish","type":"product","link":"https:\/\/mmkriepas.lv\/en\/p\/215-60r16-yokohama-bluearth-4s-aw21-99h\/","title":{"rendered":"215\/60R16 Yokohama BluEarth-4S AW21 99H"},"content":{"rendered":"<p><span style=\"font-family: Times New Roman, serif;\"><span style=\"font-size: medium;\"><span style=\"color: #000000;\"><span style=\"font-family: Arial, serif;\"><span style=\"font-size: small;\"><b>Yokohama BluEarth-4S AW21<\/b><\/span><\/span><\/span><span style=\"color: #000000;\"><span style=\"font-family: Arial, serif;\"><span style=\"font-size: small;\"> ir augstas kvalit\u0101tes jeb jap\u0101\u0146u Premium klases vissezonas riepu modelis. Tas izce\u013cas ar augstu nodilumiztur\u012bbu, akustisko un brauk\u0161anas komfortu, k\u0101 ar\u012b izcil\u0101m sa\u0137eres \u012bpa\u0161\u012bb\u0101m gan uz sausa un slapja asfalta, gan snieg\u0101. Modelis paredz\u0113ts gan vieglajiem auto, gan krosoveriem un pat apvidus auto jeb SUV. Tas pieejams pla\u0161\u0101 izm\u0113ru kl\u0101st\u0101 no R14, l\u012bdz pat R20.<\/span><\/span><\/span><\/span><\/span><\/p>\n<h3 class=\"western\"><span style=\"color: #000000;\"><span style=\"font-family: Arial, serif;\"><span style=\"font-size: medium;\">Yokohama BluEarth 4S AW21 galven\u0101s iez\u012bmes<\/span><\/span><\/span><\/h3>\n<p><span style=\"font-family: Times New Roman, serif;\"><span style=\"font-size: medium;\"><span style=\"color: #000000;\"><span style=\"font-family: Arial, serif;\"><span style=\"font-size: small;\">+ Izcilas sa\u0137eres un manevr\u0113tsp\u0113jas \u012bpa\u0161\u012bbas gan uz sausa un slapja asfalta, gan snieg\u0101.<\/span><\/span><\/span><\/span><\/span><\/p>\n<p><span style=\"font-family: Times New Roman, serif;\"><span style=\"font-size: medium;\"><span style=\"color: #000000;\"><span style=\"font-family: Arial, serif;\"><span style=\"font-size: small;\">+ Vado\u0161\u0101s riepu giganta Yokohama tehnolo\u0123ijas.<\/span><\/span><\/span><\/span><\/span><\/p>\n<p><span style=\"font-family: Times New Roman, serif;\"><span style=\"font-size: medium;\"><span style=\"color: #000000;\"><span style=\"font-family: Arial, serif;\"><span style=\"font-size: small;\">+ Degvielas ekonomija!<\/span><\/span><\/span><\/span><\/span><\/p>\n<p><span style=\"font-family: Times New Roman, serif;\"><span style=\"font-size: medium;\"><span style=\"color: #000000;\"><span style=\"font-family: Arial, serif;\"><span style=\"font-size: small;\">+ Zems akvaplan\u0113\u0161anas risks.<\/span><\/span><\/span><\/span><\/span><\/p>\n<p><span style=\"font-family: Times New Roman, serif;\"><span style=\"font-size: medium;\"><span style=\"color: #000000;\"><span style=\"font-family: Arial, serif;\"><span style=\"font-size: small;\">+ Palielin\u0101ta nodilumiztur\u012bba.<\/span><\/span><\/span><\/span><\/span><\/p>\n<h3 class=\"western\"><span style=\"color: #000000;\"><span style=\"font-family: Arial, serif;\"><span style=\"font-size: medium;\">BluEarth 4S AW21 apr\u012bkojums<\/span><\/span><\/span><\/h3>\n<p><span style=\"font-family: Times New Roman, serif;\"><span style=\"font-size: medium;\"><span style=\"color: #000000;\"><span style=\"font-family: Arial, serif;\"><span style=\"font-size: small;\"><b>Yokohama BluEarth 4S AW21 <\/b><\/span><\/span><\/span><span style=\"color: #000000;\"><span style=\"font-family: Arial, serif;\"><span style=\"font-size: small;\">vissezonas jeb m+s riepu modelis apr\u012bkots ar uzlabotu virzienveida protektora raksta versiju. \u0160\u0101du dizainu jap\u0101\u0146u in\u017eenieri izv\u0113l\u0113ju\u0161ies, jo tas sev\u012b apvieno optim\u0101las sa\u0137eres \u012bpa\u0161\u012bbas snieg\u0101, samazinot ar\u012b akvaplan\u0113\u0161anas risku, braucot gada siltaj\u0101 pus\u0113.<\/span><\/span><\/span><\/span><\/span><\/p>\n<p><span style=\"font-family: Times New Roman, serif;\"><span style=\"font-size: medium;\"><span style=\"color: #000000;\"><span style=\"font-family: Arial, serif;\"><span style=\"font-size: small;\">V-veid\u0101 izvietotie protektora bloki apr\u012bkoti ar simtiem s\u012bku iegriezumu jeb lame\u013cu. T\u0101s, darbojoties l\u012bdz\u012bgi radz\u0113m, veicina sa\u0137eri ar sabliet\u0113tu sniegu un ledu, slidenaj\u0101s virsm\u0101s iec\u0113rtoties ar as\u0101m kant\u0113m.<\/span><\/span><\/span><\/span><\/span><\/p>\n<p><span style=\"font-family: Times New Roman, serif;\"><span style=\"font-size: medium;\"><span style=\"color: #000000;\"><span style=\"font-family: Arial, serif;\"><span style=\"font-size: small;\">Riepas darinatas no augstv\u0113rt\u012bga kompoz\u012btmateri\u0101la. Tam pievienota virkne jaun\u0101ko \u0137\u012bmisko savienojumu, kuri pal\u012bdz riepai saglab\u0101t t\u0101s elast\u012bbu zem\u0101s gaisa temperat\u016br\u0101s. K\u0101 zin\u0101ms, elast\u012bga riepa daudz lab\u0101k veido sa\u0137eri ar ce\u013cu, k\u0101 ar\u012b dilst vienm\u0113r\u012bg\u0101k.<\/span><\/span><\/span><\/span><\/span><\/p>\n","protected":false},"excerpt":{"rendered":"<p><span style=\"font-family: Times New Roman, serif;\"><span style=\"font-size: medium;\"><span style=\"color: #000000;\"><span style=\"font-family: Arial, serif;\"><span style=\"font-size: small;\"><b>Yokohama BluEarth-4S AW21<\/b><\/span><\/span><\/span><span style=\"color: #000000;\"><span style=\"font-family: Arial, serif;\"><span style=\"font-size: small;\"> ir augstas kvalit\u0101tes jeb jap\u0101\u0146u Premium klases vissezonas riepu modelis. Tas izce\u013cas ar augstu nodilumiztur\u012bbu, akustisko un brauk\u0161anas komfortu, k\u0101 ar\u012b izcil\u0101m sa\u0137eres \u012bpa\u0161\u012bb\u0101m gan uz sausa un slapja asfalta, gan snieg\u0101. Modelis paredz\u0113ts gan vieglajiem auto, gan krosoveriem un pat apvidus auto jeb SUV. Tas pieejams pla\u0161\u0101 izm\u0113ru kl\u0101st\u0101 no R14, l\u012bdz pat R20.<\/span><\/span><\/span><\/span><\/span><\/p>\n","protected":false},"featured_media":904162,"template":"","meta":{"_acf_changed":false,"ngg_post_thumbnail":0},"product_brand":[],"product_cat":[47,45],"product_tag":[],"class_list":{"0":"post-1379085","1":"product","2":"type-product","3":"status-publish","4":"has-post-thumbnail","6":"product_cat-vissezonas-riepas","7":"product_cat-ziemas-riepas","9":"first","10":"instock","11":"sale","12":"taxable","13":"shipping-taxable","14":"purchasable","15":"product-type-simple"},"acf":[],"yoast_head":"<!-- This site is optimized with the Yoast SEO Premium plugin v22.6 (Yoast SEO v27.3) - https:\/\/yoast.com\/product\/yoast-seo-premium-wordpress\/ -->\n<title>215\/60R16 Yokohama BluEarth-4S AW21 99H &#8226; MMK Riepas<\/title>\n<meta name=\"robots\" content=\"index, follow, max-snippet:-1, max-image-preview:large, max-video-preview:-1\" \/>\n<link rel=\"canonical\" href=\"https:\/\/mmkriepas.lv\/en\/p\/215-60r16-yokohama-bluearth-4s-aw21-99h\/\" \/>\n<meta property=\"og:locale\" content=\"en_US\" \/>\n<meta property=\"og:type\" content=\"article\" \/>\n<meta property=\"og:title\" content=\"215\/60R16 Yokohama BluEarth-4S AW21 99H\" \/>\n<meta property=\"og:description\" content=\"Yokohama BluEarth-4S AW21 ir augstas kvalit\u0101tes jeb jap\u0101\u0146u Premium klases vissezonas riepu modelis. Tas izce\u013cas ar augstu nodilumiztur\u012bbu, akustisko un brauk\u0161anas komfortu, k\u0101 ar\u012b izcil\u0101m sa\u0137eres \u012bpa\u0161\u012bb\u0101m gan uz sausa un slapja asfalta, gan snieg\u0101. Modelis paredz\u0113ts gan vieglajiem auto, gan krosoveriem un pat apvidus auto jeb SUV. Tas pieejams pla\u0161\u0101 izm\u0113ru kl\u0101st\u0101 no R14, l\u012bdz pat R20.\" \/>\n<meta property=\"og:url\" content=\"https:\/\/mmkriepas.lv\/en\/p\/215-60r16-yokohama-bluearth-4s-aw21-99h\/\" \/>\n<meta property=\"og:site_name\" content=\"MMK Riepas\" \/>\n<meta property=\"article:publisher\" content=\"https:\/\/www.facebook.com\/mmkserviss\/\" \/>\n<meta property=\"article:modified_time\" content=\"2026-03-30T12:47:22+00:00\" \/>\n<meta property=\"og:image\" content=\"https:\/\/mmkriepas.lv\/wp-content\/uploads\/2024\/05\/yokohama-bluearth-4s-aw21.jpg\" \/>\n\t<meta property=\"og:image:width\" content=\"900\" \/>\n\t<meta property=\"og:image:height\" content=\"720\" \/>\n\t<meta property=\"og:image:type\" content=\"image\/jpeg\" \/>\n<meta name=\"twitter:card\" content=\"summary_large_image\" \/>\n<meta name=\"twitter:label1\" content=\"Price\" \/>\n\t<meta name=\"twitter:data1\" content=\"&euro;112.00\" \/>\n\t<meta name=\"twitter:label2\" content=\"Availability\" \/>\n\t<meta name=\"twitter:data2\" content=\"In stock\" \/>\n<script type=\"application\/ld+json\" class=\"yoast-schema-graph\">{\"@context\":\"https:\\\/\\\/schema.org\",\"@graph\":[{\"@type\":\"WebPage\",\"@id\":\"https:\\\/\\\/mmkriepas.lv\\\/en\\\/p\\\/215-60r16-yokohama-bluearth-4s-aw21-99h\\\/\",\"url\":\"https:\\\/\\\/mmkriepas.lv\\\/en\\\/p\\\/215-60r16-yokohama-bluearth-4s-aw21-99h\\\/\",\"name\":\"215\\\/60R16 Yokohama BluEarth-4S AW21 99H &#8226; MMK Riepas\",\"isPartOf\":{\"@id\":\"https:\\\/\\\/mmkriepas.lv\\\/en\\\/#website\"},\"primaryImageOfPage\":{\"@id\":\"https:\\\/\\\/mmkriepas.lv\\\/en\\\/p\\\/215-60r16-yokohama-bluearth-4s-aw21-99h\\\/#primaryimage\"},\"image\":{\"@id\":\"https:\\\/\\\/mmkriepas.lv\\\/en\\\/p\\\/215-60r16-yokohama-bluearth-4s-aw21-99h\\\/#primaryimage\"},\"thumbnailUrl\":\"https:\\\/\\\/mmkriepas.lv\\\/wp-content\\\/uploads\\\/2024\\\/05\\\/yokohama-bluearth-4s-aw21.jpg\",\"datePublished\":\"2025-10-31T18:31:57+00:00\",\"dateModified\":\"2026-03-30T12:47:22+00:00\",\"breadcrumb\":{\"@id\":\"https:\\\/\\\/mmkriepas.lv\\\/en\\\/p\\\/215-60r16-yokohama-bluearth-4s-aw21-99h\\\/#breadcrumb\"},\"inLanguage\":\"en-US\",\"potentialAction\":[{\"@type\":\"ReadAction\",\"target\":[\"https:\\\/\\\/mmkriepas.lv\\\/en\\\/p\\\/215-60r16-yokohama-bluearth-4s-aw21-99h\\\/\"]}]},{\"@type\":\"ImageObject\",\"inLanguage\":\"en-US\",\"@id\":\"https:\\\/\\\/mmkriepas.lv\\\/en\\\/p\\\/215-60r16-yokohama-bluearth-4s-aw21-99h\\\/#primaryimage\",\"url\":\"https:\\\/\\\/mmkriepas.lv\\\/wp-content\\\/uploads\\\/2024\\\/05\\\/yokohama-bluearth-4s-aw21.jpg\",\"contentUrl\":\"https:\\\/\\\/mmkriepas.lv\\\/wp-content\\\/uploads\\\/2024\\\/05\\\/yokohama-bluearth-4s-aw21.jpg\",\"width\":900,\"height\":720,\"caption\":\"MAIN\"},{\"@type\":\"BreadcrumbList\",\"@id\":\"https:\\\/\\\/mmkriepas.lv\\\/en\\\/p\\\/215-60r16-yokohama-bluearth-4s-aw21-99h\\\/#breadcrumb\",\"itemListElement\":[{\"@type\":\"ListItem\",\"position\":1,\"name\":\"S\u0101kums\",\"item\":\"https:\\\/\\\/mmkriepas.lv\\\/en\\\/\"},{\"@type\":\"ListItem\",\"position\":2,\"name\":\"215\\\/60R16 Yokohama BluEarth-4S AW21 99H\"}]},{\"@type\":\"WebSite\",\"@id\":\"https:\\\/\\\/mmkriepas.lv\\\/en\\\/#website\",\"url\":\"https:\\\/\\\/mmkriepas.lv\\\/en\\\/\",\"name\":\"MMK Riepas\",\"description\":\"MMK Riepas\",\"alternateName\":\"MMK Riepu Serviss\",\"potentialAction\":[{\"@type\":\"SearchAction\",\"target\":{\"@type\":\"EntryPoint\",\"urlTemplate\":\"https:\\\/\\\/mmkriepas.lv\\\/en\\\/?s={search_term_string}\"},\"query-input\":{\"@type\":\"PropertyValueSpecification\",\"valueRequired\":true,\"valueName\":\"search_term_string\"}}],\"inLanguage\":\"en-US\"},{\"@type\":\"ImageObject\",\"inLanguage\":\"en-US\",\"@id\":\"https:\\\/\\\/mmkriepas.lv\\\/en\\\/p\\\/215-60r16-yokohama-bluearth-4s-aw21-99h\\\/#local-main-organization-logo\",\"url\":\"\",\"contentUrl\":\"\",\"caption\":\"MMK Riepas\"}]}<\/script>\n<meta property=\"product:brand\" content=\"Yokohama BluEarth-4S AW21\" \/>\n<meta property=\"product:price:amount\" content=\"112.00\" \/>\n<meta property=\"product:price:currency\" content=\"EUR\" \/>\n<meta property=\"og:availability\" content=\"instock\" \/>\n<meta property=\"product:availability\" content=\"instock\" \/>\n<meta property=\"product:retailer_item_id\" content=\"TW2156016Yokoh-E53764\" \/>\n<meta property=\"product:condition\" content=\"new\" \/>\n<!-- \/ Yoast SEO Premium plugin. -->","yoast_head_json":{"title":"215\/60R16 Yokohama BluEarth-4S AW21 99H &#8226; MMK Riepas","robots":{"index":"index","follow":"follow","max-snippet":"max-snippet:-1","max-image-preview":"max-image-preview:large","max-video-preview":"max-video-preview:-1"},"canonical":"https:\/\/mmkriepas.lv\/en\/p\/215-60r16-yokohama-bluearth-4s-aw21-99h\/","og_locale":"en_US","og_type":"article","og_title":"215\/60R16 Yokohama BluEarth-4S AW21 99H","og_description":"Yokohama BluEarth-4S AW21 ir augstas kvalit\u0101tes jeb jap\u0101\u0146u Premium klases vissezonas riepu modelis. Tas izce\u013cas ar augstu nodilumiztur\u012bbu, akustisko un brauk\u0161anas komfortu, k\u0101 ar\u012b izcil\u0101m sa\u0137eres \u012bpa\u0161\u012bb\u0101m gan uz sausa un slapja asfalta, gan snieg\u0101. Modelis paredz\u0113ts gan vieglajiem auto, gan krosoveriem un pat apvidus auto jeb SUV. Tas pieejams pla\u0161\u0101 izm\u0113ru kl\u0101st\u0101 no R14, l\u012bdz pat R20.","og_url":"https:\/\/mmkriepas.lv\/en\/p\/215-60r16-yokohama-bluearth-4s-aw21-99h\/","og_site_name":"MMK Riepas","article_publisher":"https:\/\/www.facebook.com\/mmkserviss\/","article_modified_time":"2026-03-30T12:47:22+00:00","og_image":[{"width":900,"height":720,"url":"https:\/\/mmkriepas.lv\/wp-content\/uploads\/2024\/05\/yokohama-bluearth-4s-aw21.jpg","type":"image\/jpeg"}],"twitter_card":"summary_large_image","twitter_misc":{"Price":"&euro;112.00","Availability":"In stock"},"schema":{"@context":"https:\/\/schema.org","@graph":[{"@type":"WebPage","@id":"https:\/\/mmkriepas.lv\/en\/p\/215-60r16-yokohama-bluearth-4s-aw21-99h\/","url":"https:\/\/mmkriepas.lv\/en\/p\/215-60r16-yokohama-bluearth-4s-aw21-99h\/","name":"215\/60R16 Yokohama BluEarth-4S AW21 99H &#8226; MMK Riepas","isPartOf":{"@id":"https:\/\/mmkriepas.lv\/en\/#website"},"primaryImageOfPage":{"@id":"https:\/\/mmkriepas.lv\/en\/p\/215-60r16-yokohama-bluearth-4s-aw21-99h\/#primaryimage"},"image":{"@id":"https:\/\/mmkriepas.lv\/en\/p\/215-60r16-yokohama-bluearth-4s-aw21-99h\/#primaryimage"},"thumbnailUrl":"https:\/\/mmkriepas.lv\/wp-content\/uploads\/2024\/05\/yokohama-bluearth-4s-aw21.jpg","datePublished":"2025-10-31T18:31:57+00:00","dateModified":"2026-03-30T12:47:22+00:00","breadcrumb":{"@id":"https:\/\/mmkriepas.lv\/en\/p\/215-60r16-yokohama-bluearth-4s-aw21-99h\/#breadcrumb"},"inLanguage":"en-US","potentialAction":[{"@type":"ReadAction","target":["https:\/\/mmkriepas.lv\/en\/p\/215-60r16-yokohama-bluearth-4s-aw21-99h\/"]}]},{"@type":"ImageObject","inLanguage":"en-US","@id":"https:\/\/mmkriepas.lv\/en\/p\/215-60r16-yokohama-bluearth-4s-aw21-99h\/#primaryimage","url":"https:\/\/mmkriepas.lv\/wp-content\/uploads\/2024\/05\/yokohama-bluearth-4s-aw21.jpg","contentUrl":"https:\/\/mmkriepas.lv\/wp-content\/uploads\/2024\/05\/yokohama-bluearth-4s-aw21.jpg","width":900,"height":720,"caption":"MAIN"},{"@type":"BreadcrumbList","@id":"https:\/\/mmkriepas.lv\/en\/p\/215-60r16-yokohama-bluearth-4s-aw21-99h\/#breadcrumb","itemListElement":[{"@type":"ListItem","position":1,"name":"S\u0101kums","item":"https:\/\/mmkriepas.lv\/en\/"},{"@type":"ListItem","position":2,"name":"215\/60R16 Yokohama BluEarth-4S AW21 99H"}]},{"@type":"WebSite","@id":"https:\/\/mmkriepas.lv\/en\/#website","url":"https:\/\/mmkriepas.lv\/en\/","name":"MMK Riepas","description":"MMK Riepas","alternateName":"MMK Riepu Serviss","potentialAction":[{"@type":"SearchAction","target":{"@type":"EntryPoint","urlTemplate":"https:\/\/mmkriepas.lv\/en\/?s={search_term_string}"},"query-input":{"@type":"PropertyValueSpecification","valueRequired":true,"valueName":"search_term_string"}}],"inLanguage":"en-US"},{"@type":"ImageObject","inLanguage":"en-US","@id":"https:\/\/mmkriepas.lv\/en\/p\/215-60r16-yokohama-bluearth-4s-aw21-99h\/#local-main-organization-logo","url":"","contentUrl":"","caption":"MMK Riepas"}]},"product_brand":"Yokohama BluEarth-4S AW21","product_price_amount":"112.00","product_price_currency":"EUR","og_availability":"instock","product_availability":"instock","product_retailer_item_id":"TW2156016Yokoh-E53764","product_condition":"new"},"_links":{"self":[{"href":"https:\/\/mmkriepas.lv\/en\/wp-json\/wp\/v2\/product\/1379085","targetHints":{"allow":["GET"]}}],"collection":[{"href":"https:\/\/mmkriepas.lv\/en\/wp-json\/wp\/v2\/product"}],"about":[{"href":"https:\/\/mmkriepas.lv\/en\/wp-json\/wp\/v2\/types\/product"}],"wp:featuredmedia":[{"embeddable":true,"href":"https:\/\/mmkriepas.lv\/en\/wp-json\/wp\/v2\/media\/904162"}],"wp:attachment":[{"href":"https:\/\/mmkriepas.lv\/en\/wp-json\/wp\/v2\/media?parent=1379085"}],"wp:term":[{"taxonomy":"product_brand","embeddable":true,"href":"https:\/\/mmkriepas.lv\/en\/wp-json\/wp\/v2\/product_brand?post=1379085"},{"taxonomy":"product_cat","embeddable":true,"href":"https:\/\/mmkriepas.lv\/en\/wp-json\/wp\/v2\/product_cat?post=1379085"},{"taxonomy":"product_tag","embeddable":true,"href":"https:\/\/mmkriepas.lv\/en\/wp-json\/wp\/v2\/product_tag?post=1379085"}],"curies":[{"name":"wp","href":"https:\/\/api.w.org\/{rel}","templated":true}]}}