{"id":1372446,"date":"2025-10-25T11:06:16","date_gmt":"2025-10-25T08:06:16","guid":{"rendered":"https:\/\/mmkriepas.lv\/?post_type=product&#038;p=1372446"},"modified":"2026-03-19T00:41:49","modified_gmt":"2026-03-18T22:41:49","slug":"235-60r18-antares-grip-60-ice-107s-xl-ar-radzem","status":"publish","type":"product","link":"https:\/\/mmkriepas.lv\/en\/p\/235-60r18-antares-grip-60-ice-107s-xl-ar-radzem\/","title":{"rendered":"235\/60R18 Antares GRIP 60 ice 107S XL ar radz\u0113m"},"content":{"rendered":"<p><b><span style=\"font-family: 'Arial',sans-serif;\">Antares GRIP 60 ice<\/span><\/b><span style=\"font-family: 'Arial',sans-serif;\"> ir ziemas riepa, kas paredz\u0113ta sp\u0113c\u012bgiem ledus un sniega apst\u0101k\u013ciem. Riepas netiek rad\u017eotas r\u016bpn\u012bc\u0101, bet ir iesp\u0113jams t\u0101s sarad\u017eot, ja nepiecie\u0161ams papildu tv\u0113riens uz ledus. \u0160is modelis izce\u013cas ar rupju, agres\u012bvu protektoru, kas lieliski rokas cauri un veido sa\u0137eri ar sniegu.<b> <span style=\"color: red;\">Riepas pieejamas gan ar radz\u0113m, gan bez t\u0101m.<\/span><\/b><o:p><\/o:p><\/span><\/p>\n<p><b><span style=\"font-family: 'Arial',sans-serif;\">Antares GRIP 60 ice<\/span><\/b><span style=\"font-family: 'Arial',sans-serif;\">, sal\u012bdzin\u0101jum\u0101 ar cit\u0101m rad\u017eot\u0101m riep\u0101m no lab\u0101k paz\u012bstamiem z\u012bmoliem, b\u016bs krietni l\u0113t\u0101kas. Neskatoties uz pieejamo cenu, t\u0101s joproj\u0101m nodro\u0161in\u0101s lielisku sa\u0137eri da\u017e\u0101dos ziemas apst\u0101k\u013cos.<o:p><\/o:p><\/span><\/p>\n<h3><span style=\"font-family: 'Arial',sans-serif;\">GRIP 60 ice galven\u0101s iez\u012bmes<o:p><\/o:p><\/span><\/h3>\n<p><span style=\"font-family: 'Arial',sans-serif;\">+Lieliska sa\u0137ere da\u017e\u0101dos ziemas apst\u0101k\u013cos.<o:p><\/o:p><\/span><\/p>\n<p><span style=\"font-family: 'Arial',sans-serif;\">+Pieejama ce\u013ca.<o:p><\/o:p><\/span><\/p>\n<p><span style=\"font-family: 'Arial',sans-serif;\">+Riepa izstr\u0101d\u0101ta Zieme\u013ceiropas un Kan\u0101das tirgum.<o:p><\/o:p><\/span><\/p>\n<p><span style=\"font-family: 'Arial',sans-serif;\">+Lielie protektora bloki centr\u0101 nodro\u0161ina liel\u0101ku stabilit\u0101tiun lab\u0101ku manevr\u0113tsp\u0113ju.<o:p><\/o:p><\/span><\/p>\n<h3><span style=\"font-family: 'Arial',sans-serif;\">GRIP 60 ice piem\u0113rot\u012bba Latvijas apst\u0101k\u013ciem<o:p><\/o:p><\/span><\/h3>\n<p><span style=\"font-family: 'Arial',sans-serif;\">T\u0101 k\u0101 Antares GRIP 60 ir paredz\u0113ta brauk\u0161anai pa ledu un snieg\u0101, riepas ra\u017eo\u0161an\u0101 tiek izmantota protektora gumija, kas ir \u012bpa\u0161i izstr\u0101d\u0101ta, lai saglab\u0101tu iztur\u012bbu pat \u0101rk\u0101rt\u012bgi zem\u0101s temperat\u016br\u0101s. Elast\u012bga gumija daudz lab\u0101k veido sa\u0137eri ar ce\u013cu. <o:p><\/o:p><\/span><\/p>\n<p><b><span style=\"font-family: 'Arial',sans-serif;\">Antares GRIP 60<\/span><\/b><span style=\"font-family: 'Arial',sans-serif;\"> <b>ice<\/b> mode\u013ca lieto\u0161anas dro\u0161\u012bbu ziemas laika apst\u0101k\u013cos un t\u0101 atbilst\u012bbu valst\u012bm ar oblig\u0101tu sezon\u0101lo riepu mai\u0146u apstiprina mar\u0137\u0113jums sniegp\u0101rslas form\u0101 uz kalna fona ar trim virsotn\u0113m (3PMSF).<\/span><\/p>\n","protected":false},"excerpt":{"rendered":"<p><b><span style=\"font-family: 'Arial',sans-serif;\">Antares GRIP 60 ice<\/span><\/b><span style=\"font-family: 'Arial',sans-serif;\"> ir ziemas riepa, kas paredz\u0113ta sp\u0113c\u012bgiem ledus un sniega apst\u0101k\u013ciem. Riepas netiek rad\u017eotas r\u016bpn\u012bc\u0101, bet ir iesp\u0113jams t\u0101s sarad\u017eot, ja nepiecie\u0161ams papildu tv\u0113riens uz ledus. \u0160is modelis izce\u013cas ar rupju, agres\u012bvu protektoru, kas lieliski rokas cauri un veido sa\u0137eri ar sniegu.<b> <span style=\"color: red;\">Riepas pieejamas gan ar radz\u0113m, gan bez t\u0101m.<\/span><\/b><\/span><\/p>\n","protected":false},"featured_media":862192,"template":"","meta":{"_acf_changed":false,"ngg_post_thumbnail":0},"product_brand":[],"product_cat":[45,48],"product_tag":[],"class_list":{"0":"post-1372446","1":"product","2":"type-product","3":"status-publish","4":"has-post-thumbnail","6":"product_cat-ziemas-riepas","7":"product_cat-ziemas-ar-radzem","9":"first","10":"outofstock","11":"sale","12":"taxable","13":"shipping-taxable","14":"product-type-simple"},"acf":[],"yoast_head":"<!-- This site is optimized with the Yoast SEO Premium plugin v22.6 (Yoast SEO v27.3) - https:\/\/yoast.com\/product\/yoast-seo-premium-wordpress\/ -->\n<title>235\/60R18 Antares GRIP 60 ice 107S XL ar radz\u0113m &#8226; MMK Riepas<\/title>\n<meta name=\"robots\" content=\"index, follow, max-snippet:-1, max-image-preview:large, max-video-preview:-1\" \/>\n<link rel=\"canonical\" href=\"https:\/\/mmkriepas.lv\/en\/p\/235-60r18-antares-grip-60-ice-107s-xl-ar-radzem\/\" \/>\n<meta property=\"og:locale\" content=\"en_US\" \/>\n<meta property=\"og:type\" content=\"article\" \/>\n<meta property=\"og:title\" content=\"235\/60R18 Antares GRIP 60 ice 107S XL ar radz\u0113m\" \/>\n<meta property=\"og:description\" content=\"Antares GRIP 60 ice ir ziemas riepa, kas paredz\u0113ta sp\u0113c\u012bgiem ledus un sniega apst\u0101k\u013ciem. Riepas netiek rad\u017eotas r\u016bpn\u012bc\u0101, bet ir iesp\u0113jams t\u0101s sarad\u017eot, ja nepiecie\u0161ams papildu tv\u0113riens uz ledus. \u0160is modelis izce\u013cas ar rupju, agres\u012bvu protektoru, kas lieliski rokas cauri un veido sa\u0137eri ar sniegu. Riepas pieejamas gan ar radz\u0113m, gan bez t\u0101m.\" \/>\n<meta property=\"og:url\" content=\"https:\/\/mmkriepas.lv\/en\/p\/235-60r18-antares-grip-60-ice-107s-xl-ar-radzem\/\" \/>\n<meta property=\"og:site_name\" content=\"MMK Riepas\" \/>\n<meta property=\"article:publisher\" content=\"https:\/\/www.facebook.com\/mmkserviss\/\" \/>\n<meta property=\"article:modified_time\" content=\"2026-03-18T22:41:49+00:00\" \/>\n<meta property=\"og:image\" content=\"https:\/\/mmkriepas.lv\/wp-content\/uploads\/2024\/02\/21570r16-antares-grip60-ice-100s-ar-radzem-ziemas-riepas-ziemas-ar-radzem-riepas.jpg\" \/>\n\t<meta property=\"og:image:width\" content=\"1920\" \/>\n\t<meta property=\"og:image:height\" content=\"1440\" \/>\n\t<meta property=\"og:image:type\" content=\"image\/jpeg\" \/>\n<meta name=\"twitter:card\" content=\"summary_large_image\" \/>\n<meta name=\"twitter:label1\" content=\"Price\" \/>\n\t<meta name=\"twitter:data1\" content=\"&euro;89.00\" \/>\n\t<meta name=\"twitter:label2\" content=\"Availability\" \/>\n\t<meta name=\"twitter:data2\" content=\"Out of stock\" \/>\n<script type=\"application\/ld+json\" class=\"yoast-schema-graph\">{\"@context\":\"https:\\\/\\\/schema.org\",\"@graph\":[{\"@type\":\"WebPage\",\"@id\":\"https:\\\/\\\/mmkriepas.lv\\\/en\\\/p\\\/235-60r18-antares-grip-60-ice-107s-xl-ar-radzem\\\/\",\"url\":\"https:\\\/\\\/mmkriepas.lv\\\/en\\\/p\\\/235-60r18-antares-grip-60-ice-107s-xl-ar-radzem\\\/\",\"name\":\"235\\\/60R18 Antares GRIP 60 ice 107S XL ar radz\u0113m &#8226; MMK Riepas\",\"isPartOf\":{\"@id\":\"https:\\\/\\\/mmkriepas.lv\\\/en\\\/#website\"},\"primaryImageOfPage\":{\"@id\":\"https:\\\/\\\/mmkriepas.lv\\\/en\\\/p\\\/235-60r18-antares-grip-60-ice-107s-xl-ar-radzem\\\/#primaryimage\"},\"image\":{\"@id\":\"https:\\\/\\\/mmkriepas.lv\\\/en\\\/p\\\/235-60r18-antares-grip-60-ice-107s-xl-ar-radzem\\\/#primaryimage\"},\"thumbnailUrl\":\"https:\\\/\\\/mmkriepas.lv\\\/wp-content\\\/uploads\\\/2024\\\/02\\\/21570r16-antares-grip60-ice-100s-ar-radzem-ziemas-riepas-ziemas-ar-radzem-riepas.jpg\",\"datePublished\":\"2025-10-25T08:06:16+00:00\",\"dateModified\":\"2026-03-18T22:41:49+00:00\",\"breadcrumb\":{\"@id\":\"https:\\\/\\\/mmkriepas.lv\\\/en\\\/p\\\/235-60r18-antares-grip-60-ice-107s-xl-ar-radzem\\\/#breadcrumb\"},\"inLanguage\":\"en-US\",\"potentialAction\":[{\"@type\":\"ReadAction\",\"target\":[\"https:\\\/\\\/mmkriepas.lv\\\/en\\\/p\\\/235-60r18-antares-grip-60-ice-107s-xl-ar-radzem\\\/\"]}]},{\"@type\":\"ImageObject\",\"inLanguage\":\"en-US\",\"@id\":\"https:\\\/\\\/mmkriepas.lv\\\/en\\\/p\\\/235-60r18-antares-grip-60-ice-107s-xl-ar-radzem\\\/#primaryimage\",\"url\":\"https:\\\/\\\/mmkriepas.lv\\\/wp-content\\\/uploads\\\/2024\\\/02\\\/21570r16-antares-grip60-ice-100s-ar-radzem-ziemas-riepas-ziemas-ar-radzem-riepas.jpg\",\"contentUrl\":\"https:\\\/\\\/mmkriepas.lv\\\/wp-content\\\/uploads\\\/2024\\\/02\\\/21570r16-antares-grip60-ice-100s-ar-radzem-ziemas-riepas-ziemas-ar-radzem-riepas.jpg\",\"width\":1920,\"height\":1440,\"caption\":\"MAIN\"},{\"@type\":\"BreadcrumbList\",\"@id\":\"https:\\\/\\\/mmkriepas.lv\\\/en\\\/p\\\/235-60r18-antares-grip-60-ice-107s-xl-ar-radzem\\\/#breadcrumb\",\"itemListElement\":[{\"@type\":\"ListItem\",\"position\":1,\"name\":\"S\u0101kums\",\"item\":\"https:\\\/\\\/mmkriepas.lv\\\/en\\\/\"},{\"@type\":\"ListItem\",\"position\":2,\"name\":\"235\\\/60R18 Antares GRIP 60 ice 107S XL ar radz\u0113m\"}]},{\"@type\":\"WebSite\",\"@id\":\"https:\\\/\\\/mmkriepas.lv\\\/en\\\/#website\",\"url\":\"https:\\\/\\\/mmkriepas.lv\\\/en\\\/\",\"name\":\"MMK Riepas\",\"description\":\"MMK Riepas\",\"alternateName\":\"MMK Riepu Serviss\",\"potentialAction\":[{\"@type\":\"SearchAction\",\"target\":{\"@type\":\"EntryPoint\",\"urlTemplate\":\"https:\\\/\\\/mmkriepas.lv\\\/en\\\/?s={search_term_string}\"},\"query-input\":{\"@type\":\"PropertyValueSpecification\",\"valueRequired\":true,\"valueName\":\"search_term_string\"}}],\"inLanguage\":\"en-US\"},{\"@type\":\"ImageObject\",\"inLanguage\":\"en-US\",\"@id\":\"https:\\\/\\\/mmkriepas.lv\\\/en\\\/p\\\/235-60r18-antares-grip-60-ice-107s-xl-ar-radzem\\\/#local-main-organization-logo\",\"url\":\"\",\"contentUrl\":\"\",\"caption\":\"MMK Riepas\"}]}<\/script>\n<meta property=\"product:brand\" content=\"Antares GRIP 60 ice\" \/>\n<meta property=\"product:price:amount\" content=\"89.00\" \/>\n<meta property=\"product:price:currency\" content=\"EUR\" \/>\n<meta property=\"og:availability\" content=\"out of stock\" \/>\n<meta property=\"product:availability\" content=\"out of stock\" \/>\n<meta property=\"product:retailer_item_id\" content=\"TR2356018ANTAR-53407\" \/>\n<meta property=\"product:condition\" content=\"new\" \/>\n<!-- \/ Yoast SEO Premium plugin. -->","yoast_head_json":{"title":"235\/60R18 Antares GRIP 60 ice 107S XL ar radz\u0113m &#8226; MMK Riepas","robots":{"index":"index","follow":"follow","max-snippet":"max-snippet:-1","max-image-preview":"max-image-preview:large","max-video-preview":"max-video-preview:-1"},"canonical":"https:\/\/mmkriepas.lv\/en\/p\/235-60r18-antares-grip-60-ice-107s-xl-ar-radzem\/","og_locale":"en_US","og_type":"article","og_title":"235\/60R18 Antares GRIP 60 ice 107S XL ar radz\u0113m","og_description":"Antares GRIP 60 ice ir ziemas riepa, kas paredz\u0113ta sp\u0113c\u012bgiem ledus un sniega apst\u0101k\u013ciem. Riepas netiek rad\u017eotas r\u016bpn\u012bc\u0101, bet ir iesp\u0113jams t\u0101s sarad\u017eot, ja nepiecie\u0161ams papildu tv\u0113riens uz ledus. \u0160is modelis izce\u013cas ar rupju, agres\u012bvu protektoru, kas lieliski rokas cauri un veido sa\u0137eri ar sniegu. Riepas pieejamas gan ar radz\u0113m, gan bez t\u0101m.","og_url":"https:\/\/mmkriepas.lv\/en\/p\/235-60r18-antares-grip-60-ice-107s-xl-ar-radzem\/","og_site_name":"MMK Riepas","article_publisher":"https:\/\/www.facebook.com\/mmkserviss\/","article_modified_time":"2026-03-18T22:41:49+00:00","og_image":[{"width":1920,"height":1440,"url":"https:\/\/mmkriepas.lv\/wp-content\/uploads\/2024\/02\/21570r16-antares-grip60-ice-100s-ar-radzem-ziemas-riepas-ziemas-ar-radzem-riepas.jpg","type":"image\/jpeg"}],"twitter_card":"summary_large_image","twitter_misc":{"Price":"&euro;89.00","Availability":"Out of stock"},"schema":{"@context":"https:\/\/schema.org","@graph":[{"@type":"WebPage","@id":"https:\/\/mmkriepas.lv\/en\/p\/235-60r18-antares-grip-60-ice-107s-xl-ar-radzem\/","url":"https:\/\/mmkriepas.lv\/en\/p\/235-60r18-antares-grip-60-ice-107s-xl-ar-radzem\/","name":"235\/60R18 Antares GRIP 60 ice 107S XL ar radz\u0113m &#8226; MMK Riepas","isPartOf":{"@id":"https:\/\/mmkriepas.lv\/en\/#website"},"primaryImageOfPage":{"@id":"https:\/\/mmkriepas.lv\/en\/p\/235-60r18-antares-grip-60-ice-107s-xl-ar-radzem\/#primaryimage"},"image":{"@id":"https:\/\/mmkriepas.lv\/en\/p\/235-60r18-antares-grip-60-ice-107s-xl-ar-radzem\/#primaryimage"},"thumbnailUrl":"https:\/\/mmkriepas.lv\/wp-content\/uploads\/2024\/02\/21570r16-antares-grip60-ice-100s-ar-radzem-ziemas-riepas-ziemas-ar-radzem-riepas.jpg","datePublished":"2025-10-25T08:06:16+00:00","dateModified":"2026-03-18T22:41:49+00:00","breadcrumb":{"@id":"https:\/\/mmkriepas.lv\/en\/p\/235-60r18-antares-grip-60-ice-107s-xl-ar-radzem\/#breadcrumb"},"inLanguage":"en-US","potentialAction":[{"@type":"ReadAction","target":["https:\/\/mmkriepas.lv\/en\/p\/235-60r18-antares-grip-60-ice-107s-xl-ar-radzem\/"]}]},{"@type":"ImageObject","inLanguage":"en-US","@id":"https:\/\/mmkriepas.lv\/en\/p\/235-60r18-antares-grip-60-ice-107s-xl-ar-radzem\/#primaryimage","url":"https:\/\/mmkriepas.lv\/wp-content\/uploads\/2024\/02\/21570r16-antares-grip60-ice-100s-ar-radzem-ziemas-riepas-ziemas-ar-radzem-riepas.jpg","contentUrl":"https:\/\/mmkriepas.lv\/wp-content\/uploads\/2024\/02\/21570r16-antares-grip60-ice-100s-ar-radzem-ziemas-riepas-ziemas-ar-radzem-riepas.jpg","width":1920,"height":1440,"caption":"MAIN"},{"@type":"BreadcrumbList","@id":"https:\/\/mmkriepas.lv\/en\/p\/235-60r18-antares-grip-60-ice-107s-xl-ar-radzem\/#breadcrumb","itemListElement":[{"@type":"ListItem","position":1,"name":"S\u0101kums","item":"https:\/\/mmkriepas.lv\/en\/"},{"@type":"ListItem","position":2,"name":"235\/60R18 Antares GRIP 60 ice 107S XL ar radz\u0113m"}]},{"@type":"WebSite","@id":"https:\/\/mmkriepas.lv\/en\/#website","url":"https:\/\/mmkriepas.lv\/en\/","name":"MMK Riepas","description":"MMK Riepas","alternateName":"MMK Riepu Serviss","potentialAction":[{"@type":"SearchAction","target":{"@type":"EntryPoint","urlTemplate":"https:\/\/mmkriepas.lv\/en\/?s={search_term_string}"},"query-input":{"@type":"PropertyValueSpecification","valueRequired":true,"valueName":"search_term_string"}}],"inLanguage":"en-US"},{"@type":"ImageObject","inLanguage":"en-US","@id":"https:\/\/mmkriepas.lv\/en\/p\/235-60r18-antares-grip-60-ice-107s-xl-ar-radzem\/#local-main-organization-logo","url":"","contentUrl":"","caption":"MMK Riepas"}]},"product_brand":"Antares GRIP 60 ice","product_price_amount":"89.00","product_price_currency":"EUR","og_availability":"out of stock","product_availability":"out of stock","product_retailer_item_id":"TR2356018ANTAR-53407","product_condition":"new"},"_links":{"self":[{"href":"https:\/\/mmkriepas.lv\/en\/wp-json\/wp\/v2\/product\/1372446","targetHints":{"allow":["GET"]}}],"collection":[{"href":"https:\/\/mmkriepas.lv\/en\/wp-json\/wp\/v2\/product"}],"about":[{"href":"https:\/\/mmkriepas.lv\/en\/wp-json\/wp\/v2\/types\/product"}],"wp:featuredmedia":[{"embeddable":true,"href":"https:\/\/mmkriepas.lv\/en\/wp-json\/wp\/v2\/media\/862192"}],"wp:attachment":[{"href":"https:\/\/mmkriepas.lv\/en\/wp-json\/wp\/v2\/media?parent=1372446"}],"wp:term":[{"taxonomy":"product_brand","embeddable":true,"href":"https:\/\/mmkriepas.lv\/en\/wp-json\/wp\/v2\/product_brand?post=1372446"},{"taxonomy":"product_cat","embeddable":true,"href":"https:\/\/mmkriepas.lv\/en\/wp-json\/wp\/v2\/product_cat?post=1372446"},{"taxonomy":"product_tag","embeddable":true,"href":"https:\/\/mmkriepas.lv\/en\/wp-json\/wp\/v2\/product_tag?post=1372446"}],"curies":[{"name":"wp","href":"https:\/\/api.w.org\/{rel}","templated":true}]}}