{"id":136942,"date":"2020-08-07T16:19:27","date_gmt":"2020-08-07T13:19:27","guid":{"rendered":"https:\/\/mmkserviss.lv\/?post_type=product&#038;p=136942"},"modified":"2023-02-15T18:53:12","modified_gmt":"2023-02-15T16:53:12","slug":"285-40r21-nokian-wr-suv-4-109v-xl","status":"publish","type":"product","link":"https:\/\/mmkriepas.lv\/en\/p\/285-40r21-nokian-wr-suv-4-109v-xl\/","title":{"rendered":"285\/40R21 Nokian WR SUV 4 109V XL"},"content":{"rendered":"<p><strong>Nokian WR SUV 4 <\/strong>ir riepa, kas paredz\u0113ta krosoveriem un apvidus auto, brauk\u0161anai ziemas apst\u0101k\u013cos, kur temperat\u016bra bie\u017ei sv\u0101rst\u0101s ap 0\u00baC. \u0160ai riepai ir virz\u012bts protektora raksts ar plat\u0101m dren\u0101\u017eas riev\u0101m, kas at\u013cauj p\u0101rvietoties \u012bpa\u0161i mitros apst\u0101k\u013cos un samazin\u0101t akvaplan\u0113\u0161anas risku, turkl\u0101t \u0161\u012b riepa ir iztur\u012bga un ekonomiska.<o:p><\/o:p><\/p>\n<h3>WR SUV 4 inov\u0101cijas<o:p><\/o:p><\/h3>\n<p>Riepas izstr\u0101d\u0113 izmantots <strong>aram\u012bda tekstils<\/strong>, kur\u0161 ir \u013coti viegls un neticami iztur\u012bgs, un pasarg\u0101 riepu no boj\u0101jumiem, turkl\u0101t riepa kalpo ilg\u0101k. <strong>Nokian WR SUV 4<\/strong> gumijas materi\u0101la izgatavo\u0161an\u0101 izmantota <strong>Climate Grip<\/strong> tehnolo\u0123ija, kas piel\u0101go riepas elast\u012bgumu pla\u0161am temperat\u016bru diapazonam, pal\u012bdzot saglab\u0101t lielisku sa\u0137eri.<o:p><\/o:p><\/p>\n<h3>WR SUV 4 galven\u0101s iez\u012bmes<o:p><\/o:p><\/h3>\n<p>+Inovat\u012bvi risin\u0101jumi, kas pilnveido riepas veiktsp\u0113ju ziemas apst\u0101k\u013cos. <o:p><\/o:p><\/p>\n<p>+Iztur\u012bga s\u0101nu konstrukcija, pateicoties aram\u012bda tekstilam, kas izmantots riepas uzb\u016bv\u0113. <o:p><\/o:p><\/p>\n<p>+Vi\u013c\u0146veida lameles, kuras pal\u012bdz saglab\u0101t sa\u0137eri uz sliden\u0101m ce\u013ca virsm\u0101m. <o:p><\/o:p><\/p>\n<p>+Taisnas lameles plecu blokos, kas pal\u012bdz saglab\u0101t sa\u0137eri snieg\u0101. <o:p><\/o:p><\/p>\n<p>+&#8221;L\u0101\u010da nagu&#8221; formas dren\u0101\u017eas kan\u0101li, kas pal\u012bdz, braucot pa m\u012bkstu, irdenu ce\u013ca virsmu.<o:p><\/o:p><\/p>\n<h3>WR SUV 4 dren\u0101\u017eas rievas<o:p><\/o:p><\/h3>\n<p>Dren\u0101\u017eas rievas, kuras izveidotas l\u0101\u010da nagu form\u0101 pal\u012bdz ne tikai izcili novad\u012bt sniegu un \u016bdeni, bet ar\u012b veido sa\u0137eri, braucot pa m\u012bkst\u0101m un irden\u0101m ce\u013ca virsm\u0101m, k\u0101 piem\u0113ram, sniega putru pils\u0113t\u0101s. <strong>Nokian WR SUV 4<\/strong> dren\u0101\u017eas rievas ir pul\u0113tas, kas t\u0101s padara \u013coti gludas, samazinot akvaplan\u0113\u0161anas riskus.<o:p><\/o:p><\/p>\n<h3>Nokian WR SUV 4 piem\u0113rot\u012bba Latvijas apst\u0101k\u013ciem<o:p><\/o:p><\/h3>\n<p>\u0160\u012b ciet\u0101 sast\u0101va jeb Centr\u0101leiropas tipa ziemas riepa lieliski tiek gal\u0101 k\u0101 ar mitru asfaltu, t\u0101 ar\u012b ar sniegotiem ce\u013ciem, pateicoties Nokian ieviestaj\u0101m inov\u0101cij\u0101m. <strong>Nokian WR SUV 4<\/strong> b\u016bs ide\u0101li piem\u0113rota Krosoveru un Apvidus auto vad\u012bt\u0101jiem, kas visbie\u017e\u0101k p\u0101rvietojas pa pils\u0113tu un \u0161osej\u0101m. <o:p><\/o:p><\/p>\n<p><b>Nokian WR SUV 4 <\/b>mode\u013ca lieto\u0161anas dro\u0161\u012bbu ziemas laika apst\u0101k\u013cos un t\u0101 atbilst\u012bbu valst\u012bm ar oblig\u0101tu sezon\u0101lo riepu mai\u0146u apstiprina mar\u0137\u0113jums sniegp\u0101rslas form\u0101 uz kalna fona ar trim virsotn\u0113m (3PMSF).<o:p><\/o:p><\/p>\n","protected":false},"excerpt":{"rendered":"<p><strong>Nokian WR SUV 4 <\/strong>ir riepa, kas paredz\u0113ta krosoveriem un apvidus auto, brauk\u0161anai ziemas apst\u0101k\u013cos, kur temperat\u016bra bie\u017ei sv\u0101rst\u0101s ap 0\u00baC. \u0160ai riepai ir virz\u012bts protektora raksts ar plat\u0101m dren\u0101\u017eas riev\u0101m, kas at\u013cauj p\u0101rvietoties \u012bpa\u0161i mitros apst\u0101k\u013cos un samazin\u0101t akvaplan\u0113\u0161anas risku, turkl\u0101t \u0161\u012b riepa ir iztur\u012bga un ekonomiska.<o:p><\/o:p><\/p>\n","protected":false},"featured_media":1420206,"template":"","meta":{"_acf_changed":false,"ngg_post_thumbnail":0},"product_brand":[],"product_cat":[47,45],"product_tag":[],"class_list":{"0":"post-136942","1":"product","2":"type-product","3":"status-publish","4":"has-post-thumbnail","6":"product_cat-vissezonas-riepas","7":"product_cat-ziemas-riepas","9":"first","10":"instock","11":"sale","12":"taxable","13":"shipping-taxable","14":"product-type-simple"},"acf":[],"yoast_head":"<!-- This site is optimized with the Yoast SEO Premium plugin v22.6 (Yoast SEO v27.3) - https:\/\/yoast.com\/product\/yoast-seo-premium-wordpress\/ -->\n<title>285\/40R21 Nokian WR SUV 4 109V XL &#8226; MMK Riepas<\/title>\n<meta name=\"description\" content=\"Izcilais Somu riepu ra\u017e\u014dt\u0101js Nokian pied\u0101v\u0101 ziemas modeli tie\u0161i apvidus auto - WR SUV 4! Abos MMK Riepu centros R\u012bg\u0101 pla\u0161\u0101k\u0101 Nokian ziemas riepu izv\u0113le!\" \/>\n<meta name=\"robots\" content=\"index, follow, max-snippet:-1, max-image-preview:large, max-video-preview:-1\" \/>\n<link rel=\"canonical\" href=\"https:\/\/mmkriepas.lv\/en\/p\/285-40r21-nokian-wr-suv-4-109v-xl\/\" \/>\n<meta property=\"og:locale\" content=\"en_US\" \/>\n<meta property=\"og:type\" content=\"article\" \/>\n<meta property=\"og:title\" content=\"285\/40R21 Nokian WR SUV 4 109V XL\" \/>\n<meta property=\"og:description\" content=\"Izcilais Somu riepu ra\u017e\u014dt\u0101js Nokian pied\u0101v\u0101 ziemas modeli tie\u0161i apvidus auto - WR SUV 4! Abos MMK Riepu centros R\u012bg\u0101 pla\u0161\u0101k\u0101 Nokian ziemas riepu izv\u0113le!\" \/>\n<meta property=\"og:url\" content=\"https:\/\/mmkriepas.lv\/en\/p\/285-40r21-nokian-wr-suv-4-109v-xl\/\" \/>\n<meta property=\"og:site_name\" content=\"MMK Riepas\" \/>\n<meta property=\"article:publisher\" content=\"https:\/\/www.facebook.com\/mmkserviss\/\" \/>\n<meta property=\"article:modified_time\" content=\"2023-02-15T16:53:12+00:00\" \/>\n<meta property=\"og:image\" content=\"https:\/\/mmkriepas.lv\/wp-content\/uploads\/2025\/12\/23555r18-nokian-wr-suv-4-104h-xl-ziemas-riepas.webp\" \/>\n\t<meta property=\"og:image:width\" content=\"1024\" \/>\n\t<meta property=\"og:image:height\" content=\"1024\" \/>\n\t<meta property=\"og:image:type\" content=\"image\/webp\" \/>\n<meta name=\"twitter:card\" content=\"summary_large_image\" \/>\n<meta name=\"twitter:label1\" content=\"Price\" \/>\n\t<meta name=\"twitter:data1\" content=\"&euro;277.00\" \/>\n\t<meta name=\"twitter:label2\" content=\"Availability\" \/>\n\t<meta name=\"twitter:data2\" content=\"In stock\" \/>\n<script type=\"application\/ld+json\" class=\"yoast-schema-graph\">{\"@context\":\"https:\\\/\\\/schema.org\",\"@graph\":[{\"@type\":\"WebPage\",\"@id\":\"https:\\\/\\\/mmkriepas.lv\\\/en\\\/p\\\/285-40r21-nokian-wr-suv-4-109v-xl\\\/\",\"url\":\"https:\\\/\\\/mmkriepas.lv\\\/en\\\/p\\\/285-40r21-nokian-wr-suv-4-109v-xl\\\/\",\"name\":\"285\\\/40R21 Nokian WR SUV 4 109V XL &#8226; MMK Riepas\",\"isPartOf\":{\"@id\":\"https:\\\/\\\/mmkriepas.lv\\\/en\\\/#website\"},\"primaryImageOfPage\":{\"@id\":\"https:\\\/\\\/mmkriepas.lv\\\/en\\\/p\\\/285-40r21-nokian-wr-suv-4-109v-xl\\\/#primaryimage\"},\"image\":{\"@id\":\"https:\\\/\\\/mmkriepas.lv\\\/en\\\/p\\\/285-40r21-nokian-wr-suv-4-109v-xl\\\/#primaryimage\"},\"thumbnailUrl\":\"https:\\\/\\\/mmkriepas.lv\\\/wp-content\\\/uploads\\\/2025\\\/12\\\/23555r18-nokian-wr-suv-4-104h-xl-ziemas-riepas.webp\",\"datePublished\":\"2020-08-07T13:19:27+00:00\",\"dateModified\":\"2023-02-15T16:53:12+00:00\",\"description\":\"Izcilais Somu riepu ra\u017e\u014dt\u0101js Nokian pied\u0101v\u0101 ziemas modeli tie\u0161i apvidus auto - WR SUV 4! Abos MMK Riepu centros R\u012bg\u0101 pla\u0161\u0101k\u0101 Nokian ziemas riepu izv\u0113le!\",\"breadcrumb\":{\"@id\":\"https:\\\/\\\/mmkriepas.lv\\\/en\\\/p\\\/285-40r21-nokian-wr-suv-4-109v-xl\\\/#breadcrumb\"},\"inLanguage\":\"en-US\",\"potentialAction\":[{\"@type\":\"ReadAction\",\"target\":[\"https:\\\/\\\/mmkriepas.lv\\\/en\\\/p\\\/285-40r21-nokian-wr-suv-4-109v-xl\\\/\"]}]},{\"@type\":\"ImageObject\",\"inLanguage\":\"en-US\",\"@id\":\"https:\\\/\\\/mmkriepas.lv\\\/en\\\/p\\\/285-40r21-nokian-wr-suv-4-109v-xl\\\/#primaryimage\",\"url\":\"https:\\\/\\\/mmkriepas.lv\\\/wp-content\\\/uploads\\\/2025\\\/12\\\/23555r18-nokian-wr-suv-4-104h-xl-ziemas-riepas.webp\",\"contentUrl\":\"https:\\\/\\\/mmkriepas.lv\\\/wp-content\\\/uploads\\\/2025\\\/12\\\/23555r18-nokian-wr-suv-4-104h-xl-ziemas-riepas.webp\",\"width\":1024,\"height\":1024,\"caption\":\"235\\\/55R18 Nokian WR SUV 4 104H XL - Vissezonas riepas \\\/ Ziemas riepas\"},{\"@type\":\"BreadcrumbList\",\"@id\":\"https:\\\/\\\/mmkriepas.lv\\\/en\\\/p\\\/285-40r21-nokian-wr-suv-4-109v-xl\\\/#breadcrumb\",\"itemListElement\":[{\"@type\":\"ListItem\",\"position\":1,\"name\":\"S\u0101kums\",\"item\":\"https:\\\/\\\/mmkriepas.lv\\\/en\\\/\"},{\"@type\":\"ListItem\",\"position\":2,\"name\":\"285\\\/40R21 Nokian WR SUV 4 109V XL\"}]},{\"@type\":\"WebSite\",\"@id\":\"https:\\\/\\\/mmkriepas.lv\\\/en\\\/#website\",\"url\":\"https:\\\/\\\/mmkriepas.lv\\\/en\\\/\",\"name\":\"MMK Riepas\",\"description\":\"MMK Riepas\",\"alternateName\":\"MMK Riepu Serviss\",\"potentialAction\":[{\"@type\":\"SearchAction\",\"target\":{\"@type\":\"EntryPoint\",\"urlTemplate\":\"https:\\\/\\\/mmkriepas.lv\\\/en\\\/?s={search_term_string}\"},\"query-input\":{\"@type\":\"PropertyValueSpecification\",\"valueRequired\":true,\"valueName\":\"search_term_string\"}}],\"inLanguage\":\"en-US\"},{\"@type\":\"ImageObject\",\"inLanguage\":\"en-US\",\"@id\":\"https:\\\/\\\/mmkriepas.lv\\\/en\\\/p\\\/285-40r21-nokian-wr-suv-4-109v-xl\\\/#local-main-organization-logo\",\"url\":\"\",\"contentUrl\":\"\",\"caption\":\"MMK Riepas\"}]}<\/script>\n<meta property=\"product:brand\" content=\"Nokian WR SUV 4\" \/>\n<meta property=\"product:price:amount\" content=\"277.00\" \/>\n<meta property=\"product:price:currency\" content=\"EUR\" \/>\n<meta property=\"og:availability\" content=\"instock\" \/>\n<meta property=\"product:availability\" content=\"instock\" \/>\n<meta property=\"product:condition\" content=\"new\" \/>\n<!-- \/ Yoast SEO Premium plugin. -->","yoast_head_json":{"title":"285\/40R21 Nokian WR SUV 4 109V XL &#8226; MMK Riepas","description":"Izcilais Somu riepu ra\u017e\u014dt\u0101js Nokian pied\u0101v\u0101 ziemas modeli tie\u0161i apvidus auto - WR SUV 4! Abos MMK Riepu centros R\u012bg\u0101 pla\u0161\u0101k\u0101 Nokian ziemas riepu izv\u0113le!","robots":{"index":"index","follow":"follow","max-snippet":"max-snippet:-1","max-image-preview":"max-image-preview:large","max-video-preview":"max-video-preview:-1"},"canonical":"https:\/\/mmkriepas.lv\/en\/p\/285-40r21-nokian-wr-suv-4-109v-xl\/","og_locale":"en_US","og_type":"article","og_title":"285\/40R21 Nokian WR SUV 4 109V XL","og_description":"Izcilais Somu riepu ra\u017e\u014dt\u0101js Nokian pied\u0101v\u0101 ziemas modeli tie\u0161i apvidus auto - WR SUV 4! Abos MMK Riepu centros R\u012bg\u0101 pla\u0161\u0101k\u0101 Nokian ziemas riepu izv\u0113le!","og_url":"https:\/\/mmkriepas.lv\/en\/p\/285-40r21-nokian-wr-suv-4-109v-xl\/","og_site_name":"MMK Riepas","article_publisher":"https:\/\/www.facebook.com\/mmkserviss\/","article_modified_time":"2023-02-15T16:53:12+00:00","og_image":[{"width":1024,"height":1024,"url":"https:\/\/mmkriepas.lv\/wp-content\/uploads\/2025\/12\/23555r18-nokian-wr-suv-4-104h-xl-ziemas-riepas.webp","type":"image\/webp"}],"twitter_card":"summary_large_image","twitter_misc":{"Price":"&euro;277.00","Availability":"In stock"},"schema":{"@context":"https:\/\/schema.org","@graph":[{"@type":"WebPage","@id":"https:\/\/mmkriepas.lv\/en\/p\/285-40r21-nokian-wr-suv-4-109v-xl\/","url":"https:\/\/mmkriepas.lv\/en\/p\/285-40r21-nokian-wr-suv-4-109v-xl\/","name":"285\/40R21 Nokian WR SUV 4 109V XL &#8226; MMK Riepas","isPartOf":{"@id":"https:\/\/mmkriepas.lv\/en\/#website"},"primaryImageOfPage":{"@id":"https:\/\/mmkriepas.lv\/en\/p\/285-40r21-nokian-wr-suv-4-109v-xl\/#primaryimage"},"image":{"@id":"https:\/\/mmkriepas.lv\/en\/p\/285-40r21-nokian-wr-suv-4-109v-xl\/#primaryimage"},"thumbnailUrl":"https:\/\/mmkriepas.lv\/wp-content\/uploads\/2025\/12\/23555r18-nokian-wr-suv-4-104h-xl-ziemas-riepas.webp","datePublished":"2020-08-07T13:19:27+00:00","dateModified":"2023-02-15T16:53:12+00:00","description":"Izcilais Somu riepu ra\u017e\u014dt\u0101js Nokian pied\u0101v\u0101 ziemas modeli tie\u0161i apvidus auto - WR SUV 4! Abos MMK Riepu centros R\u012bg\u0101 pla\u0161\u0101k\u0101 Nokian ziemas riepu izv\u0113le!","breadcrumb":{"@id":"https:\/\/mmkriepas.lv\/en\/p\/285-40r21-nokian-wr-suv-4-109v-xl\/#breadcrumb"},"inLanguage":"en-US","potentialAction":[{"@type":"ReadAction","target":["https:\/\/mmkriepas.lv\/en\/p\/285-40r21-nokian-wr-suv-4-109v-xl\/"]}]},{"@type":"ImageObject","inLanguage":"en-US","@id":"https:\/\/mmkriepas.lv\/en\/p\/285-40r21-nokian-wr-suv-4-109v-xl\/#primaryimage","url":"https:\/\/mmkriepas.lv\/wp-content\/uploads\/2025\/12\/23555r18-nokian-wr-suv-4-104h-xl-ziemas-riepas.webp","contentUrl":"https:\/\/mmkriepas.lv\/wp-content\/uploads\/2025\/12\/23555r18-nokian-wr-suv-4-104h-xl-ziemas-riepas.webp","width":1024,"height":1024,"caption":"235\/55R18 Nokian WR SUV 4 104H XL - Vissezonas riepas \/ Ziemas riepas"},{"@type":"BreadcrumbList","@id":"https:\/\/mmkriepas.lv\/en\/p\/285-40r21-nokian-wr-suv-4-109v-xl\/#breadcrumb","itemListElement":[{"@type":"ListItem","position":1,"name":"S\u0101kums","item":"https:\/\/mmkriepas.lv\/en\/"},{"@type":"ListItem","position":2,"name":"285\/40R21 Nokian WR SUV 4 109V XL"}]},{"@type":"WebSite","@id":"https:\/\/mmkriepas.lv\/en\/#website","url":"https:\/\/mmkriepas.lv\/en\/","name":"MMK Riepas","description":"MMK Riepas","alternateName":"MMK Riepu Serviss","potentialAction":[{"@type":"SearchAction","target":{"@type":"EntryPoint","urlTemplate":"https:\/\/mmkriepas.lv\/en\/?s={search_term_string}"},"query-input":{"@type":"PropertyValueSpecification","valueRequired":true,"valueName":"search_term_string"}}],"inLanguage":"en-US"},{"@type":"ImageObject","inLanguage":"en-US","@id":"https:\/\/mmkriepas.lv\/en\/p\/285-40r21-nokian-wr-suv-4-109v-xl\/#local-main-organization-logo","url":"","contentUrl":"","caption":"MMK Riepas"}]},"product_brand":"Nokian WR SUV 4","product_price_amount":"277.00","product_price_currency":"EUR","og_availability":"instock","product_availability":"instock","product_condition":"new"},"_links":{"self":[{"href":"https:\/\/mmkriepas.lv\/en\/wp-json\/wp\/v2\/product\/136942","targetHints":{"allow":["GET"]}}],"collection":[{"href":"https:\/\/mmkriepas.lv\/en\/wp-json\/wp\/v2\/product"}],"about":[{"href":"https:\/\/mmkriepas.lv\/en\/wp-json\/wp\/v2\/types\/product"}],"wp:featuredmedia":[{"embeddable":true,"href":"https:\/\/mmkriepas.lv\/en\/wp-json\/wp\/v2\/media\/1420206"}],"wp:attachment":[{"href":"https:\/\/mmkriepas.lv\/en\/wp-json\/wp\/v2\/media?parent=136942"}],"wp:term":[{"taxonomy":"product_brand","embeddable":true,"href":"https:\/\/mmkriepas.lv\/en\/wp-json\/wp\/v2\/product_brand?post=136942"},{"taxonomy":"product_cat","embeddable":true,"href":"https:\/\/mmkriepas.lv\/en\/wp-json\/wp\/v2\/product_cat?post=136942"},{"taxonomy":"product_tag","embeddable":true,"href":"https:\/\/mmkriepas.lv\/en\/wp-json\/wp\/v2\/product_tag?post=136942"}],"curies":[{"name":"wp","href":"https:\/\/api.w.org\/{rel}","templated":true}]}}