{"id":1363076,"date":"2025-10-15T21:31:51","date_gmt":"2025-10-15T18:31:51","guid":{"rendered":"https:\/\/mmkriepas.lv\/?post_type=product&#038;p=1363076"},"modified":"2026-04-05T21:35:36","modified_gmt":"2026-04-05T18:35:36","slug":"225-60r18-superia-bluewin-suv2-104v-xl","status":"publish","type":"product","link":"https:\/\/mmkriepas.lv\/en\/p\/225-60r18-superia-bluewin-suv2-104v-xl\/","title":{"rendered":"225\/60R18 Superia Bluewin SUV2 104V XL"},"content":{"rendered":"<p><b>Superia Bluewin SUV 2 <\/b><span style=\"font-weight: 400;\">ir labas kvalit\u0101tes, bud\u017eeta klases vissezonas\/ziemas riepu modelis. Tasizce\u013cas ar lab\u0101m sa\u0137eres un manevr\u0113tsp\u0113jas \u012bpa\u0161\u012bb\u0101m gan vasaras, gan ar\u012b ziemas brauk\u0161anas apst\u0101k\u013cos. K\u0101 jau p\u0113c nosaukuma sprie\u017eams, \u0161is riepu modelis paredz\u0113ts uzst\u0101d\u012b\u0161anai apvidus automa\u0161\u012bn\u0101m jeb SUV.<\/span><\/p>\n<h3><b>Superia Bluewin SUV 2 galven\u0101s iez\u012bmes<\/b><\/h3>\n<p><span style=\"font-weight: 400;\">+ Laba sa\u0137ere un manevr\u0113tsp\u0113ja gan vasaras, gan ziemas brauk\u0161anas apst\u0101k\u013cos.<\/span><\/p>\n<p><span style=\"font-weight: 400;\">+ Zems akvaplan\u0113\u0161anas risks.<\/span><\/p>\n<p><span style=\"font-weight: 400;\">+ Palielin\u0101ta nodilumiztur\u012bba.<\/span><\/p>\n<p><span style=\"font-weight: 400;\">+ Izteikts akustiskais un brauk\u0161anas gaitas komforts.<\/span><\/p>\n<p><span style=\"font-weight: 400;\">+ Kvalit\u0101te atbilst par to samaks\u0101tajai cenai.<\/span><\/p>\n<h3><b>Bluewin SUV 2 apr\u012bkojums<\/b><\/h3>\n<p><b>Superia Bluewin SUV <\/b><span style=\"font-weight: 400;\">Vissezonas jeb Centr\u0101leiropas ziemas riepas apr\u012bkotas ar virzienveida protektora rakstu. \u0160\u0101ds dizains izv\u0113l\u0113ts, lai nodro\u0161in\u0101tu augstu veiktsp\u0113ju gan snieg\u0101, gan uz slapja asfalta, vienlaikus samazinot ar\u012b akvaplan\u0113\u0161anas risku.<\/span><\/p>\n<p><span style=\"font-weight: 400;\">V-veid\u0101 izvietotie protektora bloki apr\u012bkoti ar vair\u0101kiem t\u016bksto\u0161iem s\u012bku iegriezumu jeb lame\u013cu. T\u0101s ar as\u0101m kant\u0113m iec\u0113rtas sabliet\u0113t\u0101 snieg\u0101 un led\u016b, ar slidenaj\u0101m virsm\u0101m veidojot cie\u0161u sa\u0137eri.<\/span><\/p>\n<p><span style=\"font-weight: 400;\">Protektora elementi darin\u0101ti no augstas kvalit\u0101tes gumijas sakaus\u0113juma. Tam pievienotie elastrom\u0113ri pal\u012bdz riep\u0101m saglab\u0101t elast\u012bbu pat zem\u0101s gaisa temperat\u016br\u0101s. K\u0101 zin\u0101ms, elast\u012bga riepa daudz lab\u0101k veido sa\u0137eri ar ce\u013cu, k\u0101 ar\u012b dilst vienm\u0113r\u012bg\u0101k.<\/span><\/p>\n","protected":false},"excerpt":{"rendered":"<p><b><span style=\"font-size: 11.0pt; font-family: 'Arial',sans-serif; color: black;\">Superia Bluewin SUV 2 <\/span><\/b><span style=\"white-space: pre-wrap;\"><span style=\"font-size: 11.0pt; font-family: 'Arial',sans-serif; color: black;\">ir labas kvalit\u0101tes, bud\u017eeta klases vissezonas\/ziemas riepu modelis. Tasizce\u013cas ar lab\u0101m sa\u0137eres un manevr\u0113tsp\u0113jas \u012bpa\u0161\u012bb\u0101m gan vasaras, gan ar\u012b ziemas brauk\u0161anas apst\u0101k\u013cos. K\u0101 jau p\u0113c nosaukuma sprie\u017eams, \u0161is riepu modelis paredz\u0113ts uzst\u0101d\u012b\u0161anai apvidus automa\u0161\u012bn\u0101m jeb SUV.<\/span><\/span><\/p>\n","protected":false},"featured_media":687348,"template":"","meta":{"_acf_changed":false,"ngg_post_thumbnail":0},"product_brand":[],"product_cat":[47,45],"product_tag":[],"class_list":{"0":"post-1363076","1":"product","2":"type-product","3":"status-publish","4":"has-post-thumbnail","6":"product_cat-vissezonas-riepas","7":"product_cat-ziemas-riepas","9":"first","10":"instock","11":"sale","12":"taxable","13":"shipping-taxable","14":"purchasable","15":"product-type-simple"},"acf":[],"yoast_head":"<!-- This site is optimized with the Yoast SEO Premium plugin v22.6 (Yoast SEO v27.3) - https:\/\/yoast.com\/product\/yoast-seo-premium-wordpress\/ -->\n<title>225\/60R18 Superia Bluewin SUV2 104V XL &#8226; MMK Riepas<\/title>\n<meta name=\"robots\" content=\"index, follow, max-snippet:-1, max-image-preview:large, max-video-preview:-1\" \/>\n<link rel=\"canonical\" href=\"https:\/\/mmkriepas.lv\/en\/p\/225-60r18-superia-bluewin-suv2-104v-xl\/\" \/>\n<meta property=\"og:locale\" content=\"en_US\" \/>\n<meta property=\"og:type\" content=\"article\" \/>\n<meta property=\"og:title\" content=\"225\/60R18 Superia Bluewin SUV2 104V XL\" \/>\n<meta property=\"og:description\" content=\"Superia Bluewin SUV 2 ir labas kvalit\u0101tes, bud\u017eeta klases vissezonas\/ziemas riepu modelis. Tasizce\u013cas ar lab\u0101m sa\u0137eres un manevr\u0113tsp\u0113jas \u012bpa\u0161\u012bb\u0101m gan vasaras, gan ar\u012b ziemas brauk\u0161anas apst\u0101k\u013cos. K\u0101 jau p\u0113c nosaukuma sprie\u017eams, \u0161is riepu modelis paredz\u0113ts uzst\u0101d\u012b\u0161anai apvidus automa\u0161\u012bn\u0101m jeb SUV.\" \/>\n<meta property=\"og:url\" content=\"https:\/\/mmkriepas.lv\/en\/p\/225-60r18-superia-bluewin-suv2-104v-xl\/\" \/>\n<meta property=\"og:site_name\" content=\"MMK Riepas\" \/>\n<meta property=\"article:publisher\" content=\"https:\/\/www.facebook.com\/mmkserviss\/\" \/>\n<meta property=\"article:modified_time\" content=\"2026-04-05T18:35:36+00:00\" \/>\n<meta property=\"og:image\" content=\"https:\/\/mmkriepas.lv\/wp-content\/uploads\/2023\/04\/23550r18-superia-bluewin-suv-2-101v-xl-ziemas-riepas.jpeg\" \/>\n\t<meta property=\"og:image:width\" content=\"1435\" \/>\n\t<meta property=\"og:image:height\" content=\"1166\" \/>\n\t<meta property=\"og:image:type\" content=\"image\/jpeg\" \/>\n<meta name=\"twitter:card\" content=\"summary_large_image\" \/>\n<meta name=\"twitter:label1\" content=\"Price\" \/>\n\t<meta name=\"twitter:data1\" content=\"&euro;73.00\" \/>\n\t<meta name=\"twitter:label2\" content=\"Availability\" \/>\n\t<meta name=\"twitter:data2\" content=\"In stock\" \/>\n<script type=\"application\/ld+json\" class=\"yoast-schema-graph\">{\"@context\":\"https:\\\/\\\/schema.org\",\"@graph\":[{\"@type\":\"WebPage\",\"@id\":\"https:\\\/\\\/mmkriepas.lv\\\/en\\\/p\\\/225-60r18-superia-bluewin-suv2-104v-xl\\\/\",\"url\":\"https:\\\/\\\/mmkriepas.lv\\\/en\\\/p\\\/225-60r18-superia-bluewin-suv2-104v-xl\\\/\",\"name\":\"225\\\/60R18 Superia Bluewin SUV2 104V XL &#8226; MMK Riepas\",\"isPartOf\":{\"@id\":\"https:\\\/\\\/mmkriepas.lv\\\/en\\\/#website\"},\"primaryImageOfPage\":{\"@id\":\"https:\\\/\\\/mmkriepas.lv\\\/en\\\/p\\\/225-60r18-superia-bluewin-suv2-104v-xl\\\/#primaryimage\"},\"image\":{\"@id\":\"https:\\\/\\\/mmkriepas.lv\\\/en\\\/p\\\/225-60r18-superia-bluewin-suv2-104v-xl\\\/#primaryimage\"},\"thumbnailUrl\":\"https:\\\/\\\/mmkriepas.lv\\\/wp-content\\\/uploads\\\/2023\\\/04\\\/23550r18-superia-bluewin-suv-2-101v-xl-ziemas-riepas.jpeg\",\"datePublished\":\"2025-10-15T18:31:51+00:00\",\"dateModified\":\"2026-04-05T18:35:36+00:00\",\"breadcrumb\":{\"@id\":\"https:\\\/\\\/mmkriepas.lv\\\/en\\\/p\\\/225-60r18-superia-bluewin-suv2-104v-xl\\\/#breadcrumb\"},\"inLanguage\":\"en-US\",\"potentialAction\":[{\"@type\":\"ReadAction\",\"target\":[\"https:\\\/\\\/mmkriepas.lv\\\/en\\\/p\\\/225-60r18-superia-bluewin-suv2-104v-xl\\\/\"]}]},{\"@type\":\"ImageObject\",\"inLanguage\":\"en-US\",\"@id\":\"https:\\\/\\\/mmkriepas.lv\\\/en\\\/p\\\/225-60r18-superia-bluewin-suv2-104v-xl\\\/#primaryimage\",\"url\":\"https:\\\/\\\/mmkriepas.lv\\\/wp-content\\\/uploads\\\/2023\\\/04\\\/23550r18-superia-bluewin-suv-2-101v-xl-ziemas-riepas.jpeg\",\"contentUrl\":\"https:\\\/\\\/mmkriepas.lv\\\/wp-content\\\/uploads\\\/2023\\\/04\\\/23550r18-superia-bluewin-suv-2-101v-xl-ziemas-riepas.jpeg\",\"width\":1435,\"height\":1166,\"caption\":\"235\\\/50R18 Superia Bluewin SUV 2 101V XL - Vissezonas riepas \\\/ Ziemas riepas\"},{\"@type\":\"BreadcrumbList\",\"@id\":\"https:\\\/\\\/mmkriepas.lv\\\/en\\\/p\\\/225-60r18-superia-bluewin-suv2-104v-xl\\\/#breadcrumb\",\"itemListElement\":[{\"@type\":\"ListItem\",\"position\":1,\"name\":\"S\u0101kums\",\"item\":\"https:\\\/\\\/mmkriepas.lv\\\/en\\\/\"},{\"@type\":\"ListItem\",\"position\":2,\"name\":\"225\\\/60R18 Superia Bluewin SUV2 104V XL\"}]},{\"@type\":\"WebSite\",\"@id\":\"https:\\\/\\\/mmkriepas.lv\\\/en\\\/#website\",\"url\":\"https:\\\/\\\/mmkriepas.lv\\\/en\\\/\",\"name\":\"MMK Riepas\",\"description\":\"MMK Riepas\",\"alternateName\":\"MMK Riepu Serviss\",\"potentialAction\":[{\"@type\":\"SearchAction\",\"target\":{\"@type\":\"EntryPoint\",\"urlTemplate\":\"https:\\\/\\\/mmkriepas.lv\\\/en\\\/?s={search_term_string}\"},\"query-input\":{\"@type\":\"PropertyValueSpecification\",\"valueRequired\":true,\"valueName\":\"search_term_string\"}}],\"inLanguage\":\"en-US\"},{\"@type\":\"ImageObject\",\"inLanguage\":\"en-US\",\"@id\":\"https:\\\/\\\/mmkriepas.lv\\\/en\\\/p\\\/225-60r18-superia-bluewin-suv2-104v-xl\\\/#local-main-organization-logo\",\"url\":\"\",\"contentUrl\":\"\",\"caption\":\"MMK Riepas\"}]}<\/script>\n<meta property=\"product:brand\" content=\"Superia Bluewin SUV2\" \/>\n<meta property=\"product:price:amount\" content=\"73.00\" \/>\n<meta property=\"product:price:currency\" content=\"EUR\" \/>\n<meta property=\"og:availability\" content=\"instock\" \/>\n<meta property=\"product:availability\" content=\"instock\" \/>\n<meta property=\"product:retailer_item_id\" content=\"TW2256018Super-E53224\" \/>\n<meta property=\"product:condition\" content=\"new\" \/>\n<!-- \/ Yoast SEO Premium plugin. -->","yoast_head_json":{"title":"225\/60R18 Superia Bluewin SUV2 104V XL &#8226; MMK Riepas","robots":{"index":"index","follow":"follow","max-snippet":"max-snippet:-1","max-image-preview":"max-image-preview:large","max-video-preview":"max-video-preview:-1"},"canonical":"https:\/\/mmkriepas.lv\/en\/p\/225-60r18-superia-bluewin-suv2-104v-xl\/","og_locale":"en_US","og_type":"article","og_title":"225\/60R18 Superia Bluewin SUV2 104V XL","og_description":"Superia Bluewin SUV 2 ir labas kvalit\u0101tes, bud\u017eeta klases vissezonas\/ziemas riepu modelis. Tasizce\u013cas ar lab\u0101m sa\u0137eres un manevr\u0113tsp\u0113jas \u012bpa\u0161\u012bb\u0101m gan vasaras, gan ar\u012b ziemas brauk\u0161anas apst\u0101k\u013cos. K\u0101 jau p\u0113c nosaukuma sprie\u017eams, \u0161is riepu modelis paredz\u0113ts uzst\u0101d\u012b\u0161anai apvidus automa\u0161\u012bn\u0101m jeb SUV.","og_url":"https:\/\/mmkriepas.lv\/en\/p\/225-60r18-superia-bluewin-suv2-104v-xl\/","og_site_name":"MMK Riepas","article_publisher":"https:\/\/www.facebook.com\/mmkserviss\/","article_modified_time":"2026-04-05T18:35:36+00:00","og_image":[{"width":1435,"height":1166,"url":"https:\/\/mmkriepas.lv\/wp-content\/uploads\/2023\/04\/23550r18-superia-bluewin-suv-2-101v-xl-ziemas-riepas.jpeg","type":"image\/jpeg"}],"twitter_card":"summary_large_image","twitter_misc":{"Price":"&euro;73.00","Availability":"In stock"},"schema":{"@context":"https:\/\/schema.org","@graph":[{"@type":"WebPage","@id":"https:\/\/mmkriepas.lv\/en\/p\/225-60r18-superia-bluewin-suv2-104v-xl\/","url":"https:\/\/mmkriepas.lv\/en\/p\/225-60r18-superia-bluewin-suv2-104v-xl\/","name":"225\/60R18 Superia Bluewin SUV2 104V XL &#8226; MMK Riepas","isPartOf":{"@id":"https:\/\/mmkriepas.lv\/en\/#website"},"primaryImageOfPage":{"@id":"https:\/\/mmkriepas.lv\/en\/p\/225-60r18-superia-bluewin-suv2-104v-xl\/#primaryimage"},"image":{"@id":"https:\/\/mmkriepas.lv\/en\/p\/225-60r18-superia-bluewin-suv2-104v-xl\/#primaryimage"},"thumbnailUrl":"https:\/\/mmkriepas.lv\/wp-content\/uploads\/2023\/04\/23550r18-superia-bluewin-suv-2-101v-xl-ziemas-riepas.jpeg","datePublished":"2025-10-15T18:31:51+00:00","dateModified":"2026-04-05T18:35:36+00:00","breadcrumb":{"@id":"https:\/\/mmkriepas.lv\/en\/p\/225-60r18-superia-bluewin-suv2-104v-xl\/#breadcrumb"},"inLanguage":"en-US","potentialAction":[{"@type":"ReadAction","target":["https:\/\/mmkriepas.lv\/en\/p\/225-60r18-superia-bluewin-suv2-104v-xl\/"]}]},{"@type":"ImageObject","inLanguage":"en-US","@id":"https:\/\/mmkriepas.lv\/en\/p\/225-60r18-superia-bluewin-suv2-104v-xl\/#primaryimage","url":"https:\/\/mmkriepas.lv\/wp-content\/uploads\/2023\/04\/23550r18-superia-bluewin-suv-2-101v-xl-ziemas-riepas.jpeg","contentUrl":"https:\/\/mmkriepas.lv\/wp-content\/uploads\/2023\/04\/23550r18-superia-bluewin-suv-2-101v-xl-ziemas-riepas.jpeg","width":1435,"height":1166,"caption":"235\/50R18 Superia Bluewin SUV 2 101V XL - Vissezonas riepas \/ Ziemas riepas"},{"@type":"BreadcrumbList","@id":"https:\/\/mmkriepas.lv\/en\/p\/225-60r18-superia-bluewin-suv2-104v-xl\/#breadcrumb","itemListElement":[{"@type":"ListItem","position":1,"name":"S\u0101kums","item":"https:\/\/mmkriepas.lv\/en\/"},{"@type":"ListItem","position":2,"name":"225\/60R18 Superia Bluewin SUV2 104V XL"}]},{"@type":"WebSite","@id":"https:\/\/mmkriepas.lv\/en\/#website","url":"https:\/\/mmkriepas.lv\/en\/","name":"MMK Riepas","description":"MMK Riepas","alternateName":"MMK Riepu Serviss","potentialAction":[{"@type":"SearchAction","target":{"@type":"EntryPoint","urlTemplate":"https:\/\/mmkriepas.lv\/en\/?s={search_term_string}"},"query-input":{"@type":"PropertyValueSpecification","valueRequired":true,"valueName":"search_term_string"}}],"inLanguage":"en-US"},{"@type":"ImageObject","inLanguage":"en-US","@id":"https:\/\/mmkriepas.lv\/en\/p\/225-60r18-superia-bluewin-suv2-104v-xl\/#local-main-organization-logo","url":"","contentUrl":"","caption":"MMK Riepas"}]},"product_brand":"Superia Bluewin SUV2","product_price_amount":"73.00","product_price_currency":"EUR","og_availability":"instock","product_availability":"instock","product_retailer_item_id":"TW2256018Super-E53224","product_condition":"new"},"_links":{"self":[{"href":"https:\/\/mmkriepas.lv\/en\/wp-json\/wp\/v2\/product\/1363076","targetHints":{"allow":["GET"]}}],"collection":[{"href":"https:\/\/mmkriepas.lv\/en\/wp-json\/wp\/v2\/product"}],"about":[{"href":"https:\/\/mmkriepas.lv\/en\/wp-json\/wp\/v2\/types\/product"}],"wp:featuredmedia":[{"embeddable":true,"href":"https:\/\/mmkriepas.lv\/en\/wp-json\/wp\/v2\/media\/687348"}],"wp:attachment":[{"href":"https:\/\/mmkriepas.lv\/en\/wp-json\/wp\/v2\/media?parent=1363076"}],"wp:term":[{"taxonomy":"product_brand","embeddable":true,"href":"https:\/\/mmkriepas.lv\/en\/wp-json\/wp\/v2\/product_brand?post=1363076"},{"taxonomy":"product_cat","embeddable":true,"href":"https:\/\/mmkriepas.lv\/en\/wp-json\/wp\/v2\/product_cat?post=1363076"},{"taxonomy":"product_tag","embeddable":true,"href":"https:\/\/mmkriepas.lv\/en\/wp-json\/wp\/v2\/product_tag?post=1363076"}],"curies":[{"name":"wp","href":"https:\/\/api.w.org\/{rel}","templated":true}]}}