{"id":1361533,"date":"2025-10-14T21:20:41","date_gmt":"2025-10-14T18:20:41","guid":{"rendered":"https:\/\/mmkriepas.lv\/?post_type=product&#038;p=1361533"},"modified":"2026-04-09T01:40:50","modified_gmt":"2026-04-08T22:40:50","slug":"195-65r16c-zmax-icepioneer-989-104-102r","status":"publish","type":"product","link":"https:\/\/mmkriepas.lv\/en\/p\/195-65r16c-zmax-icepioneer-989-104-102r\/","title":{"rendered":"195\/65R16C Zmax Icepioneer 989 104\/102R"},"content":{"rendered":"<p><span style=\"font-family: Arial, sans-serif;\"><span style=\"font-size: medium;\"><span style=\"color: #000000;\"><span style=\"font-size: small;\"><b>Zmax Icepioneer <\/b><\/span><\/span><span style=\"color: #000000;\"><span style=\"font-size: small;\"><b>989<\/b><\/span><\/span><span style=\"color: #000000;\"><span style=\"font-size: small;\"> ir \u013coti labs ziemas\/vissezonas komerctransporta riepu modelis. Tas izce\u013cas ar lab\u0101m sa\u0137eres, nodilumiztur\u012bbas un degvielas ekonomijas \u012bpa\u0161\u012bb\u0101m pla\u0161\u0101 brauk\u0161anas apst\u0101k\u013cu spektr\u0101.<\/span><\/span><\/span><\/span><\/p>\n<h3 class=\"western\"><span style=\"font-family: Arial, sans-serif;\"><span style=\"color: #000000;\"><span style=\"font-size: medium;\">Icepioneer <\/span><\/span><span style=\"color: #000000;\"><span style=\"font-size: medium;\">989 galven\u0101s iez\u012bmes<\/span><\/span><\/span><\/h3>\n<p><span style=\"font-family: Arial, sans-serif;\"><span style=\"font-size: medium;\"><span style=\"color: #000000;\"><span style=\"font-size: small;\">+ Paaugstin\u0101ti slodzes indeksi at\u013cauj p\u0101rvad\u0101t smagas kravas, saglab\u0101jot nodilumiztur\u012bbu, pat intens\u012bvas ekspluat\u0101cijas apst\u0101k\u013cos.<\/span><\/span><\/span><\/span><\/p>\n<p><span style=\"font-family: Arial, sans-serif;\"><span style=\"font-size: medium;\"><span style=\"color: #000000;\"><span style=\"font-size: small;\">+ Degvielas ekonomija.<\/span><\/span><\/span><\/span><\/p>\n<p><span style=\"font-family: Arial, sans-serif;\"><span style=\"font-size: medium;\"><span style=\"color: #000000;\"><span style=\"font-size: small;\">+ Zems akvaplan\u0113\u0161anas risks.<\/span><\/span><\/span><\/span><\/p>\n<p><span style=\"font-family: Arial, sans-serif;\"><span style=\"font-size: medium;\"><span style=\"color: #000000;\"><span style=\"font-size: small;\">+ Augsta nodilumiztur\u012bba.<\/span><\/span><\/span><\/span><\/p>\n<h3 class=\"western\"><span style=\"font-family: Arial, sans-serif;\"><span style=\"color: #000000;\"><span style=\"font-size: medium;\">Icepioneer <\/span><\/span><span style=\"color: #000000;\"><span style=\"font-size: medium;\">989 apr\u012bkojums<\/span><\/span><\/span><\/h3>\n<p><span style=\"font-family: Arial, sans-serif;\"><span style=\"font-size: medium;\"><span style=\"color: #000000;\"><span style=\"font-size: small;\"><b>Zmax Icepioneer <\/b><\/span><\/span><span style=\"color: #000000;\"><span style=\"font-size: small;\"><b>989 <\/b><\/span><\/span><span style=\"color: #000000;\"><span style=\"font-size: small;\">komerctransporta jeb busu vissezonas riepas apr\u012bkotas ar klasisku simetrisko protektora rakstu. T\u0101 mas\u012bvie protektora bloki nodro\u0161ina lielu riepu kontakta virsmu ar ce\u013cu, palielinot kravnes\u012bbu un nodro\u0161inot vienm\u0113r\u012bg\u0101ku nodilumu.<\/span><\/span><\/span><\/span><\/p>\n<p><span style=\"font-family: Arial, sans-serif;\"><span style=\"font-size: medium;\"><span style=\"color: #000000;\"><span style=\"font-size: small;\">\u0160\u012b mode\u013ca riepu gumijas sast\u0101vam pievienota virkne elastrom\u0113ru. \u0160ie \u0137\u012bmiskie savienojumi at\u013cauj saglab\u0101t elast\u012bbu pat zem\u0101s gaisa temperat\u016br\u0101s, b\u016btiski uzlabojot sa\u0137eri. Protektora blokos iestr\u0101d\u0101tas ar\u012b lameles, kuras veido sa\u0137eri ar ledu, slidenaj\u0101 virsm\u0101 iec\u0113rtoties ar as\u0101m kant\u0113m.<\/span><\/span><\/span><\/span><\/p>\n","protected":false},"excerpt":{"rendered":"<p><span style=\"font-family: Arial, sans-serif;\"><span style=\"font-size: medium;\"><span style=\"color: #000000;\"><span style=\"font-size: small;\"><b>Zmax Icepioneer <\/b><\/span><\/span><span style=\"color: #000000;\"><span style=\"font-size: small;\"><b>989<\/b><\/span><\/span><span style=\"color: #000000;\"><span style=\"font-size: small;\"> ir \u013coti labs ziemas\/vissezonas komerctransporta riepu modelis. Tas izce\u013cas ar lab\u0101m sa\u0137eres, nodilumiztur\u012bbas un degvielas ekonomijas \u012bpa\u0161\u012bb\u0101m pla\u0161\u0101 brauk\u0161anas apst\u0101k\u013cu spektr\u0101.<\/span><\/span><\/span><\/span><\/p>\n","protected":false},"featured_media":843800,"template":"","meta":{"_acf_changed":false,"ngg_post_thumbnail":0},"product_brand":[],"product_cat":[47,45],"product_tag":[],"class_list":{"0":"post-1361533","1":"product","2":"type-product","3":"status-publish","4":"has-post-thumbnail","6":"product_cat-vissezonas-riepas","7":"product_cat-ziemas-riepas","9":"first","10":"outofstock","11":"sale","12":"taxable","13":"shipping-taxable","14":"product-type-simple"},"acf":[],"yoast_head":"<!-- This site is optimized with the Yoast SEO Premium plugin v22.6 (Yoast SEO v27.3) - https:\/\/yoast.com\/product\/yoast-seo-premium-wordpress\/ -->\n<title>195\/65R16C Zmax Icepioneer 989 104\/102R &#8226; MMK Riepas<\/title>\n<meta name=\"robots\" content=\"index, follow, max-snippet:-1, max-image-preview:large, max-video-preview:-1\" \/>\n<link rel=\"canonical\" href=\"https:\/\/mmkriepas.lv\/en\/p\/195-65r16c-zmax-icepioneer-989-104-102r\/\" \/>\n<meta property=\"og:locale\" content=\"en_US\" \/>\n<meta property=\"og:type\" content=\"article\" \/>\n<meta property=\"og:title\" content=\"195\/65R16C Zmax Icepioneer 989 104\/102R\" \/>\n<meta property=\"og:description\" content=\"Zmax Icepioneer 989 ir \u013coti labs ziemas\/vissezonas komerctransporta riepu modelis. Tas izce\u013cas ar lab\u0101m sa\u0137eres, nodilumiztur\u012bbas un degvielas ekonomijas \u012bpa\u0161\u012bb\u0101m pla\u0161\u0101 brauk\u0161anas apst\u0101k\u013cu spektr\u0101.\" \/>\n<meta property=\"og:url\" content=\"https:\/\/mmkriepas.lv\/en\/p\/195-65r16c-zmax-icepioneer-989-104-102r\/\" \/>\n<meta property=\"og:site_name\" content=\"MMK Riepas\" \/>\n<meta property=\"article:publisher\" content=\"https:\/\/www.facebook.com\/mmkserviss\/\" \/>\n<meta property=\"article:modified_time\" content=\"2026-04-08T22:40:50+00:00\" \/>\n<meta property=\"og:image\" content=\"https:\/\/mmkriepas.lv\/wp-content\/uploads\/2024\/01\/20565r16c-zmax-icepioneer-989-107105r-ziemas-riepas.jpg\" \/>\n\t<meta property=\"og:image:width\" content=\"1920\" \/>\n\t<meta property=\"og:image:height\" content=\"1920\" \/>\n\t<meta property=\"og:image:type\" content=\"image\/jpeg\" \/>\n<meta name=\"twitter:card\" content=\"summary_large_image\" \/>\n<meta name=\"twitter:label1\" content=\"Price\" \/>\n\t<meta name=\"twitter:data1\" content=\"&euro;48.00\" \/>\n\t<meta name=\"twitter:label2\" content=\"Availability\" \/>\n\t<meta name=\"twitter:data2\" content=\"Out of stock\" \/>\n<script type=\"application\/ld+json\" class=\"yoast-schema-graph\">{\"@context\":\"https:\\\/\\\/schema.org\",\"@graph\":[{\"@type\":\"WebPage\",\"@id\":\"https:\\\/\\\/mmkriepas.lv\\\/en\\\/p\\\/195-65r16c-zmax-icepioneer-989-104-102r\\\/\",\"url\":\"https:\\\/\\\/mmkriepas.lv\\\/en\\\/p\\\/195-65r16c-zmax-icepioneer-989-104-102r\\\/\",\"name\":\"195\\\/65R16C Zmax Icepioneer 989 104\\\/102R &#8226; MMK Riepas\",\"isPartOf\":{\"@id\":\"https:\\\/\\\/mmkriepas.lv\\\/en\\\/#website\"},\"primaryImageOfPage\":{\"@id\":\"https:\\\/\\\/mmkriepas.lv\\\/en\\\/p\\\/195-65r16c-zmax-icepioneer-989-104-102r\\\/#primaryimage\"},\"image\":{\"@id\":\"https:\\\/\\\/mmkriepas.lv\\\/en\\\/p\\\/195-65r16c-zmax-icepioneer-989-104-102r\\\/#primaryimage\"},\"thumbnailUrl\":\"https:\\\/\\\/mmkriepas.lv\\\/wp-content\\\/uploads\\\/2024\\\/01\\\/20565r16c-zmax-icepioneer-989-107105r-ziemas-riepas.jpg\",\"datePublished\":\"2025-10-14T18:20:41+00:00\",\"dateModified\":\"2026-04-08T22:40:50+00:00\",\"breadcrumb\":{\"@id\":\"https:\\\/\\\/mmkriepas.lv\\\/en\\\/p\\\/195-65r16c-zmax-icepioneer-989-104-102r\\\/#breadcrumb\"},\"inLanguage\":\"en-US\",\"potentialAction\":[{\"@type\":\"ReadAction\",\"target\":[\"https:\\\/\\\/mmkriepas.lv\\\/en\\\/p\\\/195-65r16c-zmax-icepioneer-989-104-102r\\\/\"]}]},{\"@type\":\"ImageObject\",\"inLanguage\":\"en-US\",\"@id\":\"https:\\\/\\\/mmkriepas.lv\\\/en\\\/p\\\/195-65r16c-zmax-icepioneer-989-104-102r\\\/#primaryimage\",\"url\":\"https:\\\/\\\/mmkriepas.lv\\\/wp-content\\\/uploads\\\/2024\\\/01\\\/20565r16c-zmax-icepioneer-989-107105r-ziemas-riepas.jpg\",\"contentUrl\":\"https:\\\/\\\/mmkriepas.lv\\\/wp-content\\\/uploads\\\/2024\\\/01\\\/20565r16c-zmax-icepioneer-989-107105r-ziemas-riepas.jpg\",\"width\":1920,\"height\":1920,\"caption\":\"205\\\/65R16C Zmax Icepioneer 989 107\\\/105R - Vissezonas riepas \\\/ Ziemas riepas\"},{\"@type\":\"BreadcrumbList\",\"@id\":\"https:\\\/\\\/mmkriepas.lv\\\/en\\\/p\\\/195-65r16c-zmax-icepioneer-989-104-102r\\\/#breadcrumb\",\"itemListElement\":[{\"@type\":\"ListItem\",\"position\":1,\"name\":\"S\u0101kums\",\"item\":\"https:\\\/\\\/mmkriepas.lv\\\/en\\\/\"},{\"@type\":\"ListItem\",\"position\":2,\"name\":\"195\\\/65R16C Zmax Icepioneer 989 104\\\/102R\"}]},{\"@type\":\"WebSite\",\"@id\":\"https:\\\/\\\/mmkriepas.lv\\\/en\\\/#website\",\"url\":\"https:\\\/\\\/mmkriepas.lv\\\/en\\\/\",\"name\":\"MMK Riepas\",\"description\":\"MMK Riepas\",\"alternateName\":\"MMK Riepu Serviss\",\"potentialAction\":[{\"@type\":\"SearchAction\",\"target\":{\"@type\":\"EntryPoint\",\"urlTemplate\":\"https:\\\/\\\/mmkriepas.lv\\\/en\\\/?s={search_term_string}\"},\"query-input\":{\"@type\":\"PropertyValueSpecification\",\"valueRequired\":true,\"valueName\":\"search_term_string\"}}],\"inLanguage\":\"en-US\"},{\"@type\":\"ImageObject\",\"inLanguage\":\"en-US\",\"@id\":\"https:\\\/\\\/mmkriepas.lv\\\/en\\\/p\\\/195-65r16c-zmax-icepioneer-989-104-102r\\\/#local-main-organization-logo\",\"url\":\"\",\"contentUrl\":\"\",\"caption\":\"MMK Riepas\"}]}<\/script>\n<meta property=\"product:brand\" content=\"Zmax Icepioneer 989\" \/>\n<meta property=\"product:price:amount\" content=\"48.00\" \/>\n<meta property=\"product:price:currency\" content=\"EUR\" \/>\n<meta property=\"og:availability\" content=\"out of stock\" \/>\n<meta property=\"product:availability\" content=\"out of stock\" \/>\n<meta property=\"product:retailer_item_id\" content=\"TW1956516CZMAX-53065\" \/>\n<meta property=\"product:condition\" content=\"new\" \/>\n<!-- \/ Yoast SEO Premium plugin. -->","yoast_head_json":{"title":"195\/65R16C Zmax Icepioneer 989 104\/102R &#8226; MMK Riepas","robots":{"index":"index","follow":"follow","max-snippet":"max-snippet:-1","max-image-preview":"max-image-preview:large","max-video-preview":"max-video-preview:-1"},"canonical":"https:\/\/mmkriepas.lv\/en\/p\/195-65r16c-zmax-icepioneer-989-104-102r\/","og_locale":"en_US","og_type":"article","og_title":"195\/65R16C Zmax Icepioneer 989 104\/102R","og_description":"Zmax Icepioneer 989 ir \u013coti labs ziemas\/vissezonas komerctransporta riepu modelis. Tas izce\u013cas ar lab\u0101m sa\u0137eres, nodilumiztur\u012bbas un degvielas ekonomijas \u012bpa\u0161\u012bb\u0101m pla\u0161\u0101 brauk\u0161anas apst\u0101k\u013cu spektr\u0101.","og_url":"https:\/\/mmkriepas.lv\/en\/p\/195-65r16c-zmax-icepioneer-989-104-102r\/","og_site_name":"MMK Riepas","article_publisher":"https:\/\/www.facebook.com\/mmkserviss\/","article_modified_time":"2026-04-08T22:40:50+00:00","og_image":[{"width":1920,"height":1920,"url":"https:\/\/mmkriepas.lv\/wp-content\/uploads\/2024\/01\/20565r16c-zmax-icepioneer-989-107105r-ziemas-riepas.jpg","type":"image\/jpeg"}],"twitter_card":"summary_large_image","twitter_misc":{"Price":"&euro;48.00","Availability":"Out of stock"},"schema":{"@context":"https:\/\/schema.org","@graph":[{"@type":"WebPage","@id":"https:\/\/mmkriepas.lv\/en\/p\/195-65r16c-zmax-icepioneer-989-104-102r\/","url":"https:\/\/mmkriepas.lv\/en\/p\/195-65r16c-zmax-icepioneer-989-104-102r\/","name":"195\/65R16C Zmax Icepioneer 989 104\/102R &#8226; MMK Riepas","isPartOf":{"@id":"https:\/\/mmkriepas.lv\/en\/#website"},"primaryImageOfPage":{"@id":"https:\/\/mmkriepas.lv\/en\/p\/195-65r16c-zmax-icepioneer-989-104-102r\/#primaryimage"},"image":{"@id":"https:\/\/mmkriepas.lv\/en\/p\/195-65r16c-zmax-icepioneer-989-104-102r\/#primaryimage"},"thumbnailUrl":"https:\/\/mmkriepas.lv\/wp-content\/uploads\/2024\/01\/20565r16c-zmax-icepioneer-989-107105r-ziemas-riepas.jpg","datePublished":"2025-10-14T18:20:41+00:00","dateModified":"2026-04-08T22:40:50+00:00","breadcrumb":{"@id":"https:\/\/mmkriepas.lv\/en\/p\/195-65r16c-zmax-icepioneer-989-104-102r\/#breadcrumb"},"inLanguage":"en-US","potentialAction":[{"@type":"ReadAction","target":["https:\/\/mmkriepas.lv\/en\/p\/195-65r16c-zmax-icepioneer-989-104-102r\/"]}]},{"@type":"ImageObject","inLanguage":"en-US","@id":"https:\/\/mmkriepas.lv\/en\/p\/195-65r16c-zmax-icepioneer-989-104-102r\/#primaryimage","url":"https:\/\/mmkriepas.lv\/wp-content\/uploads\/2024\/01\/20565r16c-zmax-icepioneer-989-107105r-ziemas-riepas.jpg","contentUrl":"https:\/\/mmkriepas.lv\/wp-content\/uploads\/2024\/01\/20565r16c-zmax-icepioneer-989-107105r-ziemas-riepas.jpg","width":1920,"height":1920,"caption":"205\/65R16C Zmax Icepioneer 989 107\/105R - Vissezonas riepas \/ Ziemas riepas"},{"@type":"BreadcrumbList","@id":"https:\/\/mmkriepas.lv\/en\/p\/195-65r16c-zmax-icepioneer-989-104-102r\/#breadcrumb","itemListElement":[{"@type":"ListItem","position":1,"name":"S\u0101kums","item":"https:\/\/mmkriepas.lv\/en\/"},{"@type":"ListItem","position":2,"name":"195\/65R16C Zmax Icepioneer 989 104\/102R"}]},{"@type":"WebSite","@id":"https:\/\/mmkriepas.lv\/en\/#website","url":"https:\/\/mmkriepas.lv\/en\/","name":"MMK Riepas","description":"MMK Riepas","alternateName":"MMK Riepu Serviss","potentialAction":[{"@type":"SearchAction","target":{"@type":"EntryPoint","urlTemplate":"https:\/\/mmkriepas.lv\/en\/?s={search_term_string}"},"query-input":{"@type":"PropertyValueSpecification","valueRequired":true,"valueName":"search_term_string"}}],"inLanguage":"en-US"},{"@type":"ImageObject","inLanguage":"en-US","@id":"https:\/\/mmkriepas.lv\/en\/p\/195-65r16c-zmax-icepioneer-989-104-102r\/#local-main-organization-logo","url":"","contentUrl":"","caption":"MMK Riepas"}]},"product_brand":"Zmax Icepioneer 989","product_price_amount":"48.00","product_price_currency":"EUR","og_availability":"out of stock","product_availability":"out of stock","product_retailer_item_id":"TW1956516CZMAX-53065","product_condition":"new"},"_links":{"self":[{"href":"https:\/\/mmkriepas.lv\/en\/wp-json\/wp\/v2\/product\/1361533","targetHints":{"allow":["GET"]}}],"collection":[{"href":"https:\/\/mmkriepas.lv\/en\/wp-json\/wp\/v2\/product"}],"about":[{"href":"https:\/\/mmkriepas.lv\/en\/wp-json\/wp\/v2\/types\/product"}],"wp:featuredmedia":[{"embeddable":true,"href":"https:\/\/mmkriepas.lv\/en\/wp-json\/wp\/v2\/media\/843800"}],"wp:attachment":[{"href":"https:\/\/mmkriepas.lv\/en\/wp-json\/wp\/v2\/media?parent=1361533"}],"wp:term":[{"taxonomy":"product_brand","embeddable":true,"href":"https:\/\/mmkriepas.lv\/en\/wp-json\/wp\/v2\/product_brand?post=1361533"},{"taxonomy":"product_cat","embeddable":true,"href":"https:\/\/mmkriepas.lv\/en\/wp-json\/wp\/v2\/product_cat?post=1361533"},{"taxonomy":"product_tag","embeddable":true,"href":"https:\/\/mmkriepas.lv\/en\/wp-json\/wp\/v2\/product_tag?post=1361533"}],"curies":[{"name":"wp","href":"https:\/\/api.w.org\/{rel}","templated":true}]}}