{"id":1357735,"date":"2025-10-10T20:52:12","date_gmt":"2025-10-10T17:52:12","guid":{"rendered":"https:\/\/mmkriepas.lv\/?post_type=product&#038;p=1357735"},"modified":"2026-03-30T14:47:48","modified_gmt":"2026-03-30T11:47:48","slug":"215-70r16-bridgestone-blizzak-dm-v3-100s-dot24","status":"publish","type":"product","link":"https:\/\/mmkriepas.lv\/en\/p\/215-70r16-bridgestone-blizzak-dm-v3-100s-dot24\/","title":{"rendered":"215\/70R16 Bridgestone Blizzak DM-V3 100S"},"content":{"rendered":"<p><b>Bridgestone Blizzak DM-V3<\/b><span style=\"font-weight: 400;\"> ir frikcijas jeb Skandin\u0101vijas tipa ziemas riepa ar virz\u012btu protektora rakstu. \u0160is modelis tirg\u016b ien\u0101cis 2019. gad\u0101 un izce\u013cas ar stabilu sa\u0137eri un sa\u012bsin\u0101tu bremz\u0113\u0161anas ce\u013cu uz sniegot\u0101m, apledoju\u0161\u0101m un slapj\u0101m ce\u013ca virsm\u0101m, kalpotsp\u0113j\u012bbu un augstu komforta l\u012bmeni. Apvelt\u012bts ar virkni jaun\u0101ko tehnolo\u0123iju no liel\u0101k\u0101 riepu ra\u017eot\u0101ja pasaul\u0113!<\/span><\/p>\n<h3><b>Bridgestone Blizzak DM-V3 galven\u0101s iez\u012bmes<\/b><\/h3>\n<p><span style=\"font-weight: 400;\">+Paredz\u0113tas apvidus jeb SUV automobi\u013ciem.<\/span><\/p>\n<p><span style=\"font-weight: 400;\">+B\u016btiski uzlabojumi no iepriek\u0161\u0113j\u0101 mode\u013ca.<\/span><\/p>\n<p><span style=\"font-weight: 400;\">+Active Foam Rubber 2 tehnolo\u0123ija riepas gumijas sast\u0101v\u0101.<\/span><\/p>\n<p><span style=\"font-weight: 400;\">+Palielin\u0101ts dren\u0101\u017eas rievu skaits.<\/span><\/p>\n<p><span style=\"font-weight: 400;\">+Augsts komforta l\u012bmenis.<\/span><\/p>\n<p>+Apvelt\u012bts ar virkni jaun\u0101ko Bridgestone tehnolo\u0123iju.<\/p>\n<h3><b>Protektora \u012bpa\u0161\u012bbas<\/b><\/h3>\n<p><span style=\"font-weight: 400;\">Sal\u012bdzin\u0101jum\u0101 ar iepriek\u0161\u0113jo modeli, Bridgestone Blizzak DM-V3 protektor\u0101 ir veseli \u010detri dren\u0101\u017eas kan\u0101li, kas novada sniegu un \u016bdeni no kontakta virsmas, to sausinot. <\/span><b>Active Foam Rubber 2<\/b><span style=\"font-weight: 400;\"> tehnolo\u0123ija, kas pievienota riepas protektora gumijas sast\u0101vam, turpina veicin\u0101t kontakta virsmas sausin\u0101\u0161anu, burtiski absorb\u0113jot mitrumu, kas nok\u013cuvis starp riepu un ce\u013cu. \u0160\u0101da sausin\u0101\u0161ana b\u016btiski uzlabo veiktsp\u0113jas \u012bpa\u0161\u012bbas uz ledus, jo liel\u0101ko b\u012bstam\u012bbu veido slapj\u0161 ledus. Jap\u0101nas riepu ra\u017eo\u0161anas gigantam ir izdevies sa\u012bsin\u0101t bremz\u0113\u0161anas ce\u013cu, no iepriek\u0161\u0113j\u0101 mode\u013ca jau t\u0101 augst\u0101 veikuma, par veseliem 9%, turkl\u0101t palielin\u0101jusies ar\u012b kalpotsp\u0113ja- DM-V3 riepas var\u0113s lietot pat par 25% ilg\u0101k.<\/span><\/p>\n","protected":false},"excerpt":{"rendered":"<p><b>Bridgestone Blizzak DM-V3<\/b><span style=\"font-weight: 400;\"> ir frikcijas jeb Skandin\u0101vijas tipa ziemas riepa ar virz\u012btu protektora rakstu. \u0160is modelis tirg\u016b ien\u0101cis 2019. gad\u0101 un izce\u013cas ar stabilu sa\u0137eri un sa\u012bsin\u0101tu bremz\u0113\u0161anas ce\u013cu uz sniegot\u0101m, apledoju\u0161\u0101m un slapj\u0101m ce\u013ca virsm\u0101m, kalpotsp\u0113j\u012bbu un augstu komforta l\u012bmeni. Apvelt\u012bts ar virkni jaun\u0101ko tehnolo\u0123iju no liel\u0101k\u0101 riepu ra\u017eot\u0101ja pasaul\u0113!<\/span><\/p>\n","protected":false},"featured_media":1186337,"template":"","meta":{"_acf_changed":false,"ngg_post_thumbnail":0},"product_brand":[],"product_cat":[47,45],"product_tag":[],"class_list":{"0":"post-1357735","1":"product","2":"type-product","3":"status-publish","4":"has-post-thumbnail","6":"product_cat-vissezonas-riepas","7":"product_cat-ziemas-riepas","9":"first","10":"instock","11":"sale","12":"taxable","13":"shipping-taxable","14":"purchasable","15":"product-type-simple"},"acf":[],"yoast_head":"<!-- This site is optimized with the Yoast SEO Premium plugin v22.6 (Yoast SEO v27.3) - https:\/\/yoast.com\/product\/yoast-seo-premium-wordpress\/ -->\n<title>215\/70R16 Bridgestone Blizzak DM-V3 100S &#8226; MMK Riepas<\/title>\n<meta name=\"robots\" content=\"index, follow, max-snippet:-1, max-image-preview:large, max-video-preview:-1\" \/>\n<link rel=\"canonical\" href=\"https:\/\/mmkriepas.lv\/en\/p\/215-70r16-bridgestone-blizzak-dm-v3-100s-dot24\/\" \/>\n<meta property=\"og:locale\" content=\"en_US\" \/>\n<meta property=\"og:type\" content=\"article\" \/>\n<meta property=\"og:title\" content=\"215\/70R16 Bridgestone Blizzak DM-V3 100S\" \/>\n<meta property=\"og:description\" content=\"Bridgestone Blizzak DM-V3 ir frikcijas jeb Skandin\u0101vijas tipa ziemas riepa ar virz\u012btu protektora rakstu. \u0160is modelis tirg\u016b ien\u0101cis 2019. gad\u0101 un izce\u013cas ar stabilu sa\u0137eri un sa\u012bsin\u0101tu bremz\u0113\u0161anas ce\u013cu uz sniegot\u0101m, apledoju\u0161\u0101m un slapj\u0101m ce\u013ca virsm\u0101m, kalpotsp\u0113j\u012bbu un augstu komforta l\u012bmeni. Apvelt\u012bts ar virkni jaun\u0101ko tehnolo\u0123iju no liel\u0101k\u0101 riepu ra\u017eot\u0101ja pasaul\u0113!\" \/>\n<meta property=\"og:url\" content=\"https:\/\/mmkriepas.lv\/en\/p\/215-70r16-bridgestone-blizzak-dm-v3-100s-dot24\/\" \/>\n<meta property=\"og:site_name\" content=\"MMK Riepas\" \/>\n<meta property=\"article:publisher\" content=\"https:\/\/www.facebook.com\/mmkserviss\/\" \/>\n<meta property=\"article:modified_time\" content=\"2026-03-30T11:47:48+00:00\" \/>\n<meta property=\"og:image\" content=\"https:\/\/mmkriepas.lv\/wp-content\/uploads\/2025\/02\/27570r16-bridgestone-blizzak-dm-v3-114r-dot-ziemas-riepas.jpg\" \/>\n\t<meta property=\"og:image:width\" content=\"800\" \/>\n\t<meta property=\"og:image:height\" content=\"800\" \/>\n\t<meta property=\"og:image:type\" content=\"image\/jpeg\" \/>\n<meta name=\"twitter:card\" content=\"summary_large_image\" \/>\n<meta name=\"twitter:label1\" content=\"Price\" \/>\n\t<meta name=\"twitter:data1\" content=\"&euro;140.00\" \/>\n\t<meta name=\"twitter:label2\" content=\"Availability\" \/>\n\t<meta name=\"twitter:data2\" content=\"In stock\" \/>\n<script type=\"application\/ld+json\" class=\"yoast-schema-graph\">{\"@context\":\"https:\\\/\\\/schema.org\",\"@graph\":[{\"@type\":\"WebPage\",\"@id\":\"https:\\\/\\\/mmkriepas.lv\\\/en\\\/p\\\/215-70r16-bridgestone-blizzak-dm-v3-100s-dot24\\\/\",\"url\":\"https:\\\/\\\/mmkriepas.lv\\\/en\\\/p\\\/215-70r16-bridgestone-blizzak-dm-v3-100s-dot24\\\/\",\"name\":\"215\\\/70R16 Bridgestone Blizzak DM-V3 100S &#8226; MMK Riepas\",\"isPartOf\":{\"@id\":\"https:\\\/\\\/mmkriepas.lv\\\/en\\\/#website\"},\"primaryImageOfPage\":{\"@id\":\"https:\\\/\\\/mmkriepas.lv\\\/en\\\/p\\\/215-70r16-bridgestone-blizzak-dm-v3-100s-dot24\\\/#primaryimage\"},\"image\":{\"@id\":\"https:\\\/\\\/mmkriepas.lv\\\/en\\\/p\\\/215-70r16-bridgestone-blizzak-dm-v3-100s-dot24\\\/#primaryimage\"},\"thumbnailUrl\":\"https:\\\/\\\/mmkriepas.lv\\\/wp-content\\\/uploads\\\/2025\\\/02\\\/27570r16-bridgestone-blizzak-dm-v3-114r-dot-ziemas-riepas.jpg\",\"datePublished\":\"2025-10-10T17:52:12+00:00\",\"dateModified\":\"2026-03-30T11:47:48+00:00\",\"breadcrumb\":{\"@id\":\"https:\\\/\\\/mmkriepas.lv\\\/en\\\/p\\\/215-70r16-bridgestone-blizzak-dm-v3-100s-dot24\\\/#breadcrumb\"},\"inLanguage\":\"en-US\",\"potentialAction\":[{\"@type\":\"ReadAction\",\"target\":[\"https:\\\/\\\/mmkriepas.lv\\\/en\\\/p\\\/215-70r16-bridgestone-blizzak-dm-v3-100s-dot24\\\/\"]}]},{\"@type\":\"ImageObject\",\"inLanguage\":\"en-US\",\"@id\":\"https:\\\/\\\/mmkriepas.lv\\\/en\\\/p\\\/215-70r16-bridgestone-blizzak-dm-v3-100s-dot24\\\/#primaryimage\",\"url\":\"https:\\\/\\\/mmkriepas.lv\\\/wp-content\\\/uploads\\\/2025\\\/02\\\/27570r16-bridgestone-blizzak-dm-v3-114r-dot-ziemas-riepas.jpg\",\"contentUrl\":\"https:\\\/\\\/mmkriepas.lv\\\/wp-content\\\/uploads\\\/2025\\\/02\\\/27570r16-bridgestone-blizzak-dm-v3-114r-dot-ziemas-riepas.jpg\",\"width\":800,\"height\":800,\"caption\":\"275\\\/70R16 BRIDGESTONE BLIZZAK DM-V3 114R DOT - Ziemas riepas\"},{\"@type\":\"BreadcrumbList\",\"@id\":\"https:\\\/\\\/mmkriepas.lv\\\/en\\\/p\\\/215-70r16-bridgestone-blizzak-dm-v3-100s-dot24\\\/#breadcrumb\",\"itemListElement\":[{\"@type\":\"ListItem\",\"position\":1,\"name\":\"S\u0101kums\",\"item\":\"https:\\\/\\\/mmkriepas.lv\\\/en\\\/\"},{\"@type\":\"ListItem\",\"position\":2,\"name\":\"215\\\/70R16 Bridgestone Blizzak DM-V3 100S\"}]},{\"@type\":\"WebSite\",\"@id\":\"https:\\\/\\\/mmkriepas.lv\\\/en\\\/#website\",\"url\":\"https:\\\/\\\/mmkriepas.lv\\\/en\\\/\",\"name\":\"MMK Riepas\",\"description\":\"MMK Riepas\",\"alternateName\":\"MMK Riepu Serviss\",\"potentialAction\":[{\"@type\":\"SearchAction\",\"target\":{\"@type\":\"EntryPoint\",\"urlTemplate\":\"https:\\\/\\\/mmkriepas.lv\\\/en\\\/?s={search_term_string}\"},\"query-input\":{\"@type\":\"PropertyValueSpecification\",\"valueRequired\":true,\"valueName\":\"search_term_string\"}}],\"inLanguage\":\"en-US\"},{\"@type\":\"ImageObject\",\"inLanguage\":\"en-US\",\"@id\":\"https:\\\/\\\/mmkriepas.lv\\\/en\\\/p\\\/215-70r16-bridgestone-blizzak-dm-v3-100s-dot24\\\/#local-main-organization-logo\",\"url\":\"\",\"contentUrl\":\"\",\"caption\":\"MMK Riepas\"}]}<\/script>\n<meta property=\"product:brand\" content=\"Bridgestone Blizzak DM-V3\" \/>\n<meta property=\"product:price:amount\" content=\"140.00\" \/>\n<meta property=\"product:price:currency\" content=\"EUR\" \/>\n<meta property=\"og:availability\" content=\"instock\" \/>\n<meta property=\"product:availability\" content=\"instock\" \/>\n<meta property=\"product:retailer_item_id\" content=\"TW2157016Bridg-E52643\" \/>\n<meta property=\"product:condition\" content=\"new\" \/>\n<!-- \/ Yoast SEO Premium plugin. -->","yoast_head_json":{"title":"215\/70R16 Bridgestone Blizzak DM-V3 100S &#8226; MMK Riepas","robots":{"index":"index","follow":"follow","max-snippet":"max-snippet:-1","max-image-preview":"max-image-preview:large","max-video-preview":"max-video-preview:-1"},"canonical":"https:\/\/mmkriepas.lv\/en\/p\/215-70r16-bridgestone-blizzak-dm-v3-100s-dot24\/","og_locale":"en_US","og_type":"article","og_title":"215\/70R16 Bridgestone Blizzak DM-V3 100S","og_description":"Bridgestone Blizzak DM-V3 ir frikcijas jeb Skandin\u0101vijas tipa ziemas riepa ar virz\u012btu protektora rakstu. \u0160is modelis tirg\u016b ien\u0101cis 2019. gad\u0101 un izce\u013cas ar stabilu sa\u0137eri un sa\u012bsin\u0101tu bremz\u0113\u0161anas ce\u013cu uz sniegot\u0101m, apledoju\u0161\u0101m un slapj\u0101m ce\u013ca virsm\u0101m, kalpotsp\u0113j\u012bbu un augstu komforta l\u012bmeni. Apvelt\u012bts ar virkni jaun\u0101ko tehnolo\u0123iju no liel\u0101k\u0101 riepu ra\u017eot\u0101ja pasaul\u0113!","og_url":"https:\/\/mmkriepas.lv\/en\/p\/215-70r16-bridgestone-blizzak-dm-v3-100s-dot24\/","og_site_name":"MMK Riepas","article_publisher":"https:\/\/www.facebook.com\/mmkserviss\/","article_modified_time":"2026-03-30T11:47:48+00:00","og_image":[{"width":800,"height":800,"url":"https:\/\/mmkriepas.lv\/wp-content\/uploads\/2025\/02\/27570r16-bridgestone-blizzak-dm-v3-114r-dot-ziemas-riepas.jpg","type":"image\/jpeg"}],"twitter_card":"summary_large_image","twitter_misc":{"Price":"&euro;140.00","Availability":"In stock"},"schema":{"@context":"https:\/\/schema.org","@graph":[{"@type":"WebPage","@id":"https:\/\/mmkriepas.lv\/en\/p\/215-70r16-bridgestone-blizzak-dm-v3-100s-dot24\/","url":"https:\/\/mmkriepas.lv\/en\/p\/215-70r16-bridgestone-blizzak-dm-v3-100s-dot24\/","name":"215\/70R16 Bridgestone Blizzak DM-V3 100S &#8226; MMK Riepas","isPartOf":{"@id":"https:\/\/mmkriepas.lv\/en\/#website"},"primaryImageOfPage":{"@id":"https:\/\/mmkriepas.lv\/en\/p\/215-70r16-bridgestone-blizzak-dm-v3-100s-dot24\/#primaryimage"},"image":{"@id":"https:\/\/mmkriepas.lv\/en\/p\/215-70r16-bridgestone-blizzak-dm-v3-100s-dot24\/#primaryimage"},"thumbnailUrl":"https:\/\/mmkriepas.lv\/wp-content\/uploads\/2025\/02\/27570r16-bridgestone-blizzak-dm-v3-114r-dot-ziemas-riepas.jpg","datePublished":"2025-10-10T17:52:12+00:00","dateModified":"2026-03-30T11:47:48+00:00","breadcrumb":{"@id":"https:\/\/mmkriepas.lv\/en\/p\/215-70r16-bridgestone-blizzak-dm-v3-100s-dot24\/#breadcrumb"},"inLanguage":"en-US","potentialAction":[{"@type":"ReadAction","target":["https:\/\/mmkriepas.lv\/en\/p\/215-70r16-bridgestone-blizzak-dm-v3-100s-dot24\/"]}]},{"@type":"ImageObject","inLanguage":"en-US","@id":"https:\/\/mmkriepas.lv\/en\/p\/215-70r16-bridgestone-blizzak-dm-v3-100s-dot24\/#primaryimage","url":"https:\/\/mmkriepas.lv\/wp-content\/uploads\/2025\/02\/27570r16-bridgestone-blizzak-dm-v3-114r-dot-ziemas-riepas.jpg","contentUrl":"https:\/\/mmkriepas.lv\/wp-content\/uploads\/2025\/02\/27570r16-bridgestone-blizzak-dm-v3-114r-dot-ziemas-riepas.jpg","width":800,"height":800,"caption":"275\/70R16 BRIDGESTONE BLIZZAK DM-V3 114R DOT - Ziemas riepas"},{"@type":"BreadcrumbList","@id":"https:\/\/mmkriepas.lv\/en\/p\/215-70r16-bridgestone-blizzak-dm-v3-100s-dot24\/#breadcrumb","itemListElement":[{"@type":"ListItem","position":1,"name":"S\u0101kums","item":"https:\/\/mmkriepas.lv\/en\/"},{"@type":"ListItem","position":2,"name":"215\/70R16 Bridgestone Blizzak DM-V3 100S"}]},{"@type":"WebSite","@id":"https:\/\/mmkriepas.lv\/en\/#website","url":"https:\/\/mmkriepas.lv\/en\/","name":"MMK Riepas","description":"MMK Riepas","alternateName":"MMK Riepu Serviss","potentialAction":[{"@type":"SearchAction","target":{"@type":"EntryPoint","urlTemplate":"https:\/\/mmkriepas.lv\/en\/?s={search_term_string}"},"query-input":{"@type":"PropertyValueSpecification","valueRequired":true,"valueName":"search_term_string"}}],"inLanguage":"en-US"},{"@type":"ImageObject","inLanguage":"en-US","@id":"https:\/\/mmkriepas.lv\/en\/p\/215-70r16-bridgestone-blizzak-dm-v3-100s-dot24\/#local-main-organization-logo","url":"","contentUrl":"","caption":"MMK Riepas"}]},"product_brand":"Bridgestone Blizzak DM-V3","product_price_amount":"140.00","product_price_currency":"EUR","og_availability":"instock","product_availability":"instock","product_retailer_item_id":"TW2157016Bridg-E52643","product_condition":"new"},"_links":{"self":[{"href":"https:\/\/mmkriepas.lv\/en\/wp-json\/wp\/v2\/product\/1357735","targetHints":{"allow":["GET"]}}],"collection":[{"href":"https:\/\/mmkriepas.lv\/en\/wp-json\/wp\/v2\/product"}],"about":[{"href":"https:\/\/mmkriepas.lv\/en\/wp-json\/wp\/v2\/types\/product"}],"wp:featuredmedia":[{"embeddable":true,"href":"https:\/\/mmkriepas.lv\/en\/wp-json\/wp\/v2\/media\/1186337"}],"wp:attachment":[{"href":"https:\/\/mmkriepas.lv\/en\/wp-json\/wp\/v2\/media?parent=1357735"}],"wp:term":[{"taxonomy":"product_brand","embeddable":true,"href":"https:\/\/mmkriepas.lv\/en\/wp-json\/wp\/v2\/product_brand?post=1357735"},{"taxonomy":"product_cat","embeddable":true,"href":"https:\/\/mmkriepas.lv\/en\/wp-json\/wp\/v2\/product_cat?post=1357735"},{"taxonomy":"product_tag","embeddable":true,"href":"https:\/\/mmkriepas.lv\/en\/wp-json\/wp\/v2\/product_tag?post=1357735"}],"curies":[{"name":"wp","href":"https:\/\/api.w.org\/{rel}","templated":true}]}}