{"id":1357165,"date":"2025-10-10T14:56:36","date_gmt":"2025-10-10T11:56:36","guid":{"rendered":"https:\/\/mmkriepas.lv\/?post_type=product&#038;p=1357165"},"modified":"2025-12-27T17:40:05","modified_gmt":"2025-12-27T15:40:05","slug":"265-45r21-antares-grip-wp-104h-2","status":"publish","type":"product","link":"https:\/\/mmkriepas.lv\/en\/p\/265-45r21-antares-grip-wp-104h-2\/","title":{"rendered":"265\/45R21 Antares GRIP WP 104H"},"content":{"rendered":"<p style=\"margin: 12.0pt 0cm 12.0pt 0cm;\"><b><span style=\"font-size: 11.0pt; font-family: 'Arial',sans-serif; color: black;\">Antares GRIP WP <\/span><\/b><span style=\"font-size: 11.0pt; font-family: 'Arial',sans-serif; color: black;\">ir labs Skandin\u0101vijas tipa jeb m\u012bkst\u0101 sast\u0101va ziemas riepu modelis. Izce\u013cas ar optim\u0101lu veiktsp\u0113ju gan skarbos ziemas apst\u0101k\u013cos, gan pils\u0113tas \u2018\u2019\u0161\u013cur\u0101\u201d. Pla\u0161ie \u016bdens novadkan\u0101li pal\u012bdz samazin\u0101t ar\u012b akvaplan\u0113\u0161anas risku, braucot pa \u0161oseju. Turkl\u0101t, asimetriskais protektora dizains, braucienu padara klusu un komfortablu.<\/span><o:p><\/o:p><\/p>\n<h3 style=\"margin: 14.0pt 0cm 4.0pt 0cm;\"><span style=\"font-size: 13.0pt; font-family: 'Arial',sans-serif; color: black;\">GRIP WP galven\u0101s iez\u012bmes<\/span><o:p><\/o:p><\/h3>\n<p style=\"margin: 12.0pt 0cm 12.0pt 0cm;\"><span style=\"font-size: 11.0pt; font-family: 'Arial',sans-serif; color: black;\">+ Laba sa\u0137ere gan ar sniegu, gan apledoju\u0161\u0101m ce\u013ca virsm\u0101m.<\/span><o:p><\/o:p><\/p>\n<p style=\"margin: 12.0pt 0cm 12.0pt 0cm;\"><span style=\"font-size: 11.0pt; font-family: 'Arial',sans-serif; color: black;\">+ Laba manevr\u0113tsp\u0113ja, pateicoties as\u0101m s\u0101nu kant\u0113m.<\/span><o:p><\/o:p><\/p>\n<p style=\"margin: 12.0pt 0cm 12.0pt 0cm;\"><span style=\"font-size: 11.0pt; font-family: 'Arial',sans-serif; color: black;\">+ Izteikts akustiskais komforts, pateicoties asimetriskam protektora rakstam.<\/span><o:p><\/o:p><\/p>\n<p style=\"margin: 12.0pt 0cm 12.0pt 0cm;\"><span style=\"font-size: 11.0pt; font-family: 'Arial',sans-serif; color: black;\">+ Kvalit\u0101te atbilst cenai.<\/span><o:p><\/o:p><\/p>\n<h3 style=\"margin: 14.0pt 0cm 4.0pt 0cm;\"><span style=\"font-size: 13.0pt; font-family: 'Arial',sans-serif; color: black;\">GRIP WP apr\u012bkojums<\/span><o:p><\/o:p><\/h3>\n<p style=\"margin: 12.0pt 0cm 12.0pt 0cm;\"><b><span style=\"font-size: 11.0pt; font-family: 'Arial',sans-serif; color: black;\">Antares GRIP WP <\/span><\/b><span style=\"font-size: 11.0pt; font-family: 'Arial',sans-serif; color: black;\">ziemas riepas apr\u012bkotas ar m\u012bksta sast\u0101va asimetrisko protektora rakstu. \u0160\u0101ds gumijas sast\u0101va un protektora tipa tand\u0113ms padara \u0161o riepu modeli piem\u0113rotu tiem Latvijas autobrauc\u0113jiem, kas ziem\u0101 p\u0101rvietojas pa pils\u0113tu un valsts ma\u0123istr\u0101lajiem autoce\u013ciem.<\/span><o:p><\/o:p><\/p>\n<p style=\"margin: 12.0pt 0cm 12.0pt 0cm;\"><span style=\"font-size: 11.0pt; font-family: 'Arial',sans-serif; color: black;\">Veiktsp\u0113ju pils\u0113t\u0101, saskarsm\u0113 ar sniega putru, nodro\u0161ina pla\u0161i izvadkan\u0101li. Tie b\u016btiski uzlabo sa\u0137eri, lieko sniegu un \u016bdeni izvadot no riepu kontakta virsmas ar ce\u013cu. Savuk\u0101rt c\u012b\u0146\u0101 ar apledojumiem, pal\u012bdz\u0113s t\u016bksto\u0161iem lame\u013cu, kuras ir bl\u012bvi iestr\u0101d\u0101tas riepas asimetriski izvietotajos protektora blokos.\u00a0<\/span><o:p><\/o:p><\/p>\n<p style=\"margin: 12.0pt 0cm 12.0pt 0cm;\"><span style=\"font-size: 11.0pt; font-family: 'Arial',sans-serif; color: black;\">Jau iepriek\u0161 min\u0113tie, pla\u0161ie \u016bdens novadkan\u0101li pal\u012bdz samazin\u0101t ar\u012b akvaplan\u0113\u0161anas risku, braucot pa \u0161oseju. Turkl\u0101t, asimetriskais protektora dizains, braucienu padara klusu un komfortablu.<\/span><\/p>\n","protected":false},"excerpt":{"rendered":"<p><b><span style=\"font-size: 11.0pt; font-family: 'Arial',sans-serif; color: black;\">Antares GRIP WP <\/span><\/b><span style=\"font-size: 11.0pt; font-family: 'Arial',sans-serif; color: black;\">ir labs Skandin\u0101vijas tipa jeb m\u012bkst\u0101 sast\u0101va ziemas riepu modelis. Izce\u013cas ar optim\u0101lu veiktsp\u0113ju gan skarbos ziemas apst\u0101k\u013cos, gan pils\u0113tas \u2018\u2019\u0161\u013cur\u0101\u201d. Pla\u0161ie \u016bdens novadkan\u0101li pal\u012bdz samazin\u0101t ar\u012b akvaplan\u0113\u0161anas risku, braucot pa \u0161oseju. Turkl\u0101t, asimetriskais protektora dizains, braucienu padara klusu un komfortablu.<\/span><\/p>\n","protected":false},"featured_media":1111712,"template":"","meta":{"_acf_changed":false,"ngg_post_thumbnail":0},"product_brand":[],"product_cat":[47,45],"product_tag":[],"class_list":{"0":"post-1357165","1":"product","2":"type-product","3":"status-publish","4":"has-post-thumbnail","6":"product_cat-vissezonas-riepas","7":"product_cat-ziemas-riepas","9":"first","10":"outofstock","11":"sale","12":"taxable","13":"shipping-taxable","14":"product-type-simple"},"acf":[],"yoast_head":"<!-- This site is optimized with the Yoast SEO Premium plugin v22.6 (Yoast SEO v27.3) - https:\/\/yoast.com\/product\/yoast-seo-premium-wordpress\/ -->\n<title>265\/45R21 Antares GRIP WP 104H &#8226; MMK Riepas<\/title>\n<meta name=\"robots\" content=\"index, follow, max-snippet:-1, max-image-preview:large, max-video-preview:-1\" \/>\n<link rel=\"canonical\" href=\"https:\/\/mmkriepas.lv\/en\/p\/265-45r21-antares-grip-wp-104h-2\/\" \/>\n<meta property=\"og:locale\" content=\"en_US\" \/>\n<meta property=\"og:type\" content=\"article\" \/>\n<meta property=\"og:title\" content=\"265\/45R21 Antares GRIP WP 104H\" \/>\n<meta property=\"og:description\" content=\"Antares GRIP WP ir labs Skandin\u0101vijas tipa jeb m\u012bkst\u0101 sast\u0101va ziemas riepu modelis. Izce\u013cas ar optim\u0101lu veiktsp\u0113ju gan skarbos ziemas apst\u0101k\u013cos, gan pils\u0113tas \u2018\u2019\u0161\u013cur\u0101\u201d. Pla\u0161ie \u016bdens novadkan\u0101li pal\u012bdz samazin\u0101t ar\u012b akvaplan\u0113\u0161anas risku, braucot pa \u0161oseju. Turkl\u0101t, asimetriskais protektora dizains, braucienu padara klusu un komfortablu.\" \/>\n<meta property=\"og:url\" content=\"https:\/\/mmkriepas.lv\/en\/p\/265-45r21-antares-grip-wp-104h-2\/\" \/>\n<meta property=\"og:site_name\" content=\"MMK Riepas\" \/>\n<meta property=\"article:publisher\" content=\"https:\/\/www.facebook.com\/mmkserviss\/\" \/>\n<meta property=\"article:modified_time\" content=\"2025-12-27T15:40:05+00:00\" \/>\n<meta property=\"og:image\" content=\"https:\/\/mmkriepas.lv\/wp-content\/uploads\/2024\/10\/ANTARES-GRIP-WP.jpg\" \/>\n\t<meta property=\"og:image:width\" content=\"900\" \/>\n\t<meta property=\"og:image:height\" content=\"720\" \/>\n\t<meta property=\"og:image:type\" content=\"image\/jpeg\" \/>\n<meta name=\"twitter:card\" content=\"summary_large_image\" \/>\n<meta name=\"twitter:label1\" content=\"Price\" \/>\n\t<meta name=\"twitter:data1\" content=\"&euro;95.00\" \/>\n\t<meta name=\"twitter:label2\" content=\"Availability\" \/>\n\t<meta name=\"twitter:data2\" content=\"Out of stock\" \/>\n<script type=\"application\/ld+json\" class=\"yoast-schema-graph\">{\"@context\":\"https:\\\/\\\/schema.org\",\"@graph\":[{\"@type\":\"WebPage\",\"@id\":\"https:\\\/\\\/mmkriepas.lv\\\/en\\\/p\\\/265-45r21-antares-grip-wp-104h-2\\\/\",\"url\":\"https:\\\/\\\/mmkriepas.lv\\\/en\\\/p\\\/265-45r21-antares-grip-wp-104h-2\\\/\",\"name\":\"265\\\/45R21 Antares GRIP WP 104H &#8226; MMK Riepas\",\"isPartOf\":{\"@id\":\"https:\\\/\\\/mmkriepas.lv\\\/en\\\/#website\"},\"primaryImageOfPage\":{\"@id\":\"https:\\\/\\\/mmkriepas.lv\\\/en\\\/p\\\/265-45r21-antares-grip-wp-104h-2\\\/#primaryimage\"},\"image\":{\"@id\":\"https:\\\/\\\/mmkriepas.lv\\\/en\\\/p\\\/265-45r21-antares-grip-wp-104h-2\\\/#primaryimage\"},\"thumbnailUrl\":\"https:\\\/\\\/mmkriepas.lv\\\/wp-content\\\/uploads\\\/2024\\\/10\\\/ANTARES-GRIP-WP.jpg\",\"datePublished\":\"2025-10-10T11:56:36+00:00\",\"dateModified\":\"2025-12-27T15:40:05+00:00\",\"breadcrumb\":{\"@id\":\"https:\\\/\\\/mmkriepas.lv\\\/en\\\/p\\\/265-45r21-antares-grip-wp-104h-2\\\/#breadcrumb\"},\"inLanguage\":\"en-US\",\"potentialAction\":[{\"@type\":\"ReadAction\",\"target\":[\"https:\\\/\\\/mmkriepas.lv\\\/en\\\/p\\\/265-45r21-antares-grip-wp-104h-2\\\/\"]}]},{\"@type\":\"ImageObject\",\"inLanguage\":\"en-US\",\"@id\":\"https:\\\/\\\/mmkriepas.lv\\\/en\\\/p\\\/265-45r21-antares-grip-wp-104h-2\\\/#primaryimage\",\"url\":\"https:\\\/\\\/mmkriepas.lv\\\/wp-content\\\/uploads\\\/2024\\\/10\\\/ANTARES-GRIP-WP.jpg\",\"contentUrl\":\"https:\\\/\\\/mmkriepas.lv\\\/wp-content\\\/uploads\\\/2024\\\/10\\\/ANTARES-GRIP-WP.jpg\",\"width\":900,\"height\":720,\"caption\":\"MAIN\"},{\"@type\":\"BreadcrumbList\",\"@id\":\"https:\\\/\\\/mmkriepas.lv\\\/en\\\/p\\\/265-45r21-antares-grip-wp-104h-2\\\/#breadcrumb\",\"itemListElement\":[{\"@type\":\"ListItem\",\"position\":1,\"name\":\"S\u0101kums\",\"item\":\"https:\\\/\\\/mmkriepas.lv\\\/en\\\/\"},{\"@type\":\"ListItem\",\"position\":2,\"name\":\"265\\\/45R21 Antares GRIP WP 104H\"}]},{\"@type\":\"WebSite\",\"@id\":\"https:\\\/\\\/mmkriepas.lv\\\/en\\\/#website\",\"url\":\"https:\\\/\\\/mmkriepas.lv\\\/en\\\/\",\"name\":\"MMK Riepas\",\"description\":\"MMK Riepas\",\"alternateName\":\"MMK Riepu Serviss\",\"potentialAction\":[{\"@type\":\"SearchAction\",\"target\":{\"@type\":\"EntryPoint\",\"urlTemplate\":\"https:\\\/\\\/mmkriepas.lv\\\/en\\\/?s={search_term_string}\"},\"query-input\":{\"@type\":\"PropertyValueSpecification\",\"valueRequired\":true,\"valueName\":\"search_term_string\"}}],\"inLanguage\":\"en-US\"},{\"@type\":\"ImageObject\",\"inLanguage\":\"en-US\",\"@id\":\"https:\\\/\\\/mmkriepas.lv\\\/en\\\/p\\\/265-45r21-antares-grip-wp-104h-2\\\/#local-main-organization-logo\",\"url\":\"\",\"contentUrl\":\"\",\"caption\":\"MMK Riepas\"}]}<\/script>\n<meta property=\"product:brand\" content=\"Antares GRIP WP\" \/>\n<meta property=\"product:price:amount\" content=\"95.00\" \/>\n<meta property=\"product:price:currency\" content=\"EUR\" \/>\n<meta property=\"og:availability\" content=\"out of stock\" \/>\n<meta property=\"product:availability\" content=\"out of stock\" \/>\n<meta property=\"product:retailer_item_id\" content=\"TW2654521ANTAR-52600\" \/>\n<meta property=\"product:condition\" content=\"new\" \/>\n<!-- \/ Yoast SEO Premium plugin. -->","yoast_head_json":{"title":"265\/45R21 Antares GRIP WP 104H &#8226; MMK Riepas","robots":{"index":"index","follow":"follow","max-snippet":"max-snippet:-1","max-image-preview":"max-image-preview:large","max-video-preview":"max-video-preview:-1"},"canonical":"https:\/\/mmkriepas.lv\/en\/p\/265-45r21-antares-grip-wp-104h-2\/","og_locale":"en_US","og_type":"article","og_title":"265\/45R21 Antares GRIP WP 104H","og_description":"Antares GRIP WP ir labs Skandin\u0101vijas tipa jeb m\u012bkst\u0101 sast\u0101va ziemas riepu modelis. Izce\u013cas ar optim\u0101lu veiktsp\u0113ju gan skarbos ziemas apst\u0101k\u013cos, gan pils\u0113tas \u2018\u2019\u0161\u013cur\u0101\u201d. Pla\u0161ie \u016bdens novadkan\u0101li pal\u012bdz samazin\u0101t ar\u012b akvaplan\u0113\u0161anas risku, braucot pa \u0161oseju. Turkl\u0101t, asimetriskais protektora dizains, braucienu padara klusu un komfortablu.","og_url":"https:\/\/mmkriepas.lv\/en\/p\/265-45r21-antares-grip-wp-104h-2\/","og_site_name":"MMK Riepas","article_publisher":"https:\/\/www.facebook.com\/mmkserviss\/","article_modified_time":"2025-12-27T15:40:05+00:00","og_image":[{"width":900,"height":720,"url":"https:\/\/mmkriepas.lv\/wp-content\/uploads\/2024\/10\/ANTARES-GRIP-WP.jpg","type":"image\/jpeg"}],"twitter_card":"summary_large_image","twitter_misc":{"Price":"&euro;95.00","Availability":"Out of stock"},"schema":{"@context":"https:\/\/schema.org","@graph":[{"@type":"WebPage","@id":"https:\/\/mmkriepas.lv\/en\/p\/265-45r21-antares-grip-wp-104h-2\/","url":"https:\/\/mmkriepas.lv\/en\/p\/265-45r21-antares-grip-wp-104h-2\/","name":"265\/45R21 Antares GRIP WP 104H &#8226; MMK Riepas","isPartOf":{"@id":"https:\/\/mmkriepas.lv\/en\/#website"},"primaryImageOfPage":{"@id":"https:\/\/mmkriepas.lv\/en\/p\/265-45r21-antares-grip-wp-104h-2\/#primaryimage"},"image":{"@id":"https:\/\/mmkriepas.lv\/en\/p\/265-45r21-antares-grip-wp-104h-2\/#primaryimage"},"thumbnailUrl":"https:\/\/mmkriepas.lv\/wp-content\/uploads\/2024\/10\/ANTARES-GRIP-WP.jpg","datePublished":"2025-10-10T11:56:36+00:00","dateModified":"2025-12-27T15:40:05+00:00","breadcrumb":{"@id":"https:\/\/mmkriepas.lv\/en\/p\/265-45r21-antares-grip-wp-104h-2\/#breadcrumb"},"inLanguage":"en-US","potentialAction":[{"@type":"ReadAction","target":["https:\/\/mmkriepas.lv\/en\/p\/265-45r21-antares-grip-wp-104h-2\/"]}]},{"@type":"ImageObject","inLanguage":"en-US","@id":"https:\/\/mmkriepas.lv\/en\/p\/265-45r21-antares-grip-wp-104h-2\/#primaryimage","url":"https:\/\/mmkriepas.lv\/wp-content\/uploads\/2024\/10\/ANTARES-GRIP-WP.jpg","contentUrl":"https:\/\/mmkriepas.lv\/wp-content\/uploads\/2024\/10\/ANTARES-GRIP-WP.jpg","width":900,"height":720,"caption":"MAIN"},{"@type":"BreadcrumbList","@id":"https:\/\/mmkriepas.lv\/en\/p\/265-45r21-antares-grip-wp-104h-2\/#breadcrumb","itemListElement":[{"@type":"ListItem","position":1,"name":"S\u0101kums","item":"https:\/\/mmkriepas.lv\/en\/"},{"@type":"ListItem","position":2,"name":"265\/45R21 Antares GRIP WP 104H"}]},{"@type":"WebSite","@id":"https:\/\/mmkriepas.lv\/en\/#website","url":"https:\/\/mmkriepas.lv\/en\/","name":"MMK Riepas","description":"MMK Riepas","alternateName":"MMK Riepu Serviss","potentialAction":[{"@type":"SearchAction","target":{"@type":"EntryPoint","urlTemplate":"https:\/\/mmkriepas.lv\/en\/?s={search_term_string}"},"query-input":{"@type":"PropertyValueSpecification","valueRequired":true,"valueName":"search_term_string"}}],"inLanguage":"en-US"},{"@type":"ImageObject","inLanguage":"en-US","@id":"https:\/\/mmkriepas.lv\/en\/p\/265-45r21-antares-grip-wp-104h-2\/#local-main-organization-logo","url":"","contentUrl":"","caption":"MMK Riepas"}]},"product_brand":"Antares GRIP WP","product_price_amount":"95.00","product_price_currency":"EUR","og_availability":"out of stock","product_availability":"out of stock","product_retailer_item_id":"TW2654521ANTAR-52600","product_condition":"new"},"_links":{"self":[{"href":"https:\/\/mmkriepas.lv\/en\/wp-json\/wp\/v2\/product\/1357165","targetHints":{"allow":["GET"]}}],"collection":[{"href":"https:\/\/mmkriepas.lv\/en\/wp-json\/wp\/v2\/product"}],"about":[{"href":"https:\/\/mmkriepas.lv\/en\/wp-json\/wp\/v2\/types\/product"}],"wp:featuredmedia":[{"embeddable":true,"href":"https:\/\/mmkriepas.lv\/en\/wp-json\/wp\/v2\/media\/1111712"}],"wp:attachment":[{"href":"https:\/\/mmkriepas.lv\/en\/wp-json\/wp\/v2\/media?parent=1357165"}],"wp:term":[{"taxonomy":"product_brand","embeddable":true,"href":"https:\/\/mmkriepas.lv\/en\/wp-json\/wp\/v2\/product_brand?post=1357165"},{"taxonomy":"product_cat","embeddable":true,"href":"https:\/\/mmkriepas.lv\/en\/wp-json\/wp\/v2\/product_cat?post=1357165"},{"taxonomy":"product_tag","embeddable":true,"href":"https:\/\/mmkriepas.lv\/en\/wp-json\/wp\/v2\/product_tag?post=1357165"}],"curies":[{"name":"wp","href":"https:\/\/api.w.org\/{rel}","templated":true}]}}