{"id":1345836,"date":"2025-09-30T11:59:22","date_gmt":"2025-09-30T08:59:22","guid":{"rendered":"https:\/\/mmkriepas.lv\/?post_type=product&#038;p=1345836"},"modified":"2026-01-08T00:40:10","modified_gmt":"2026-01-07T22:40:10","slug":"255-35r19-michelin-pilot-alpin-5-rp-96v-xl","status":"publish","type":"product","link":"https:\/\/mmkriepas.lv\/en\/p\/255-35r19-michelin-pilot-alpin-5-rp-96v-xl\/","title":{"rendered":"255\/35R19 Michelin Pilot Alpin 5 RP 96V XL"},"content":{"rendered":"<p><span style=\"font-family: Times New Roman, serif;\"><span style=\"font-size: medium;\"><span style=\"color: #000000;\"><span style=\"font-family: Arial, serif;\"><span style=\"font-size: small;\"><b>Michelin Pilot Alpin 5<\/b><\/span><\/span><\/span><span style=\"color: #000000;\"><span style=\"font-family: Arial, serif;\"><span style=\"font-size: small;\"> ir augst\u0101k\u0101s kvalit\u0101tes jeb Premium klases vissezonas\/ziemas riepu modelis. Tas, k\u0101 jau visi riepu giganta Michelin Pilot s\u0113rijas riepu mode\u013ci, paredz\u0113ti jaud\u012bg\u0101m luksus klases automa\u0161\u012bn\u0101m. \u0160is riepu modelis izce\u013cas ar teicamiem sa\u0137eres, manevr\u0113tsp\u0113jas un brauk\u0161anas komforta r\u0101d\u012bt\u0101jiem gan siltos laikapst\u0101k\u013cos, gan t\u0101dos, kur temperat\u016bra bie\u017ei sv\u0101rst\u0101s ap 0\u00b0C.<\/span><\/span><\/span><\/span><\/span><\/p>\n<h3 class=\"western\"><span style=\"color: #000000;\"><span style=\"font-family: Arial, serif;\"><span style=\"font-size: medium;\">Michelin Pilot Alpin 5 galven\u0101s iez\u012bmes:<\/span><\/span><\/span><\/h3>\n<p><span style=\"font-family: Times New Roman, serif;\"><span style=\"font-size: medium;\"><span style=\"color: #000000;\"><span style=\"font-family: Arial, serif;\"><span style=\"font-size: small;\">+ Uzlabotas veiktsp\u0113jas \u012bpa\u0161\u012bbas snieg\u0101 un uz slapja asfalta, pateicoties jaunam virzienveida protektora dizainam.<\/span><\/span><\/span><\/span><\/span><\/p>\n<p><span style=\"font-family: Times New Roman, serif;\"><span style=\"font-size: medium;\"><span style=\"color: #000000;\"><span style=\"font-family: Arial, serif;\"><span style=\"font-size: small;\">+ Palielin\u0101ts kontakta virsmas laukums ar ce\u013cu uzlabo sa\u0137eres \u012bpa\u0161\u012bbas un nodro\u0161ina vienm\u0113r\u012bg\u0101ku nodilumu.<\/span><\/span><\/span><\/span><\/span><\/p>\n<p><span style=\"font-family: Times New Roman, serif;\"><span style=\"font-size: medium;\"><span style=\"color: #000000;\"><span style=\"font-family: Arial, serif;\"><span style=\"font-size: small;\">+ Vair\u0101ku veidu lameles uzlabo sa\u0137eri uz apledoju\u0161\u0101m ce\u013ca virsm\u0101m.<\/span><\/span><\/span><\/span><\/span><\/p>\n<p><span style=\"font-family: Times New Roman, serif;\"><span style=\"font-size: medium;\"><span style=\"color: #000000;\"><span style=\"font-family: Arial, serif;\"><span style=\"font-size: small;\">+ Izteikts akustiskais un brauk\u0161anas komforts.<\/span><\/span><\/span><\/span><\/span><\/p>\n<p><span style=\"font-family: Times New Roman, serif;\"><span style=\"font-size: medium;\"><span style=\"color: #000000;\"><span style=\"font-family: Arial, serif;\"><span style=\"font-size: small;\">+ Lieli \u0101truma indeksi.<\/span><\/span><\/span><\/span><\/span><\/p>\n<p><span style=\"font-family: Times New Roman, serif;\"><span style=\"font-size: medium;\"><span style=\"color: #000000;\"><span style=\"font-family: Arial, serif;\"><span style=\"font-size: small;\">+ Degvielas ekonomija.<\/span><\/span><\/span><\/span><\/span><\/p>\n<h3 class=\"western\"><span style=\"color: #000000;\"><span style=\"font-family: Arial, serif;\"><span style=\"font-size: medium;\">Pilot Alpin 5 apr\u012bkojums<\/span><\/span><\/span><\/h3>\n<p><span style=\"font-family: Times New Roman, serif;\"><span style=\"font-size: medium;\"><span style=\"color: #000000;\"><span style=\"font-family: Arial, serif;\"><span style=\"font-size: small;\"><b>Michelin Pilot Alpin 5<\/b><\/span><\/span><\/span><span style=\"color: #000000;\"><span style=\"font-family: Arial, serif;\"><span style=\"font-size: small;\"> apr\u012bkotas ar jauna dizaina virzienveida protektoru. Jaunais protektora dizains, sal\u012bdzin\u0101jum\u0101 ar \u0161\u012b mode\u013ca priek\u0161teci, uzr\u0101da lab\u0101kus veiktsp\u0113jas r\u0101d\u012bt\u0101jus snieg\u0101 un uz slapja asfalta. Palielin\u0101ts ar\u012b protektora bloku skaits, kas noz\u012bm\u0113 vair\u0101k sa\u0137eres kan\u0161u riepu kontakta virsm\u0101 ar ce\u013cu, uzlabojot sa\u0137eri ar apledoju\u0161\u0101m ce\u013ca virsm\u0101m un sniegu.<\/span><\/span><\/span><\/span><\/span><\/p>\n<p><span style=\"font-family: Times New Roman, serif;\"><span style=\"font-size: medium;\"><span style=\"color: #000000;\"><span style=\"font-family: Arial, serif;\"><span style=\"font-size: small;\">Izmain\u012bts ne tikai protektora dizains, bet ar\u012b t\u0101 forma. Jaun\u0101, ieliekt\u0101 forma nodro\u0161ina liel\u0101ku kontakta virsmu ar ce\u013cu, uzlabojot sa\u0137eres un ilgtsp\u0113j\u012bbas \u012bpa\u0161\u012bbas.<\/span><\/span><\/span><\/span><\/span><\/p>\n<p><span style=\"font-family: Times New Roman, serif;\"><span style=\"font-size: medium;\"><span style=\"color: #000000;\"><span style=\"font-family: Arial, serif;\"><span style=\"font-size: small;\">V-veid\u0101 izvietotajos protektora blokos bl\u012bvi iestr\u0101d\u0101ti vair\u0101ki lame\u013cu tipi. Lameles, l\u012bdz\u012bgi k\u0101 radzes, iec\u0113rtas led\u016b un sabliet\u0113t\u0101 snieg\u0101 ar as\u0101m kant\u0113m, uzlabojot sa\u0137eres \u012bpa\u0161\u012bbas.<\/span><\/span><\/span><\/span><\/span><\/p>\n<p><span style=\"font-family: Times New Roman, serif;\"><span style=\"font-size: medium;\"><span style=\"color: #000000;\"><span style=\"font-family: Arial, serif;\"><span style=\"font-size: small;\"><b>Michelin Pilot Alpin 5 <\/b><\/span><\/span><\/span><span style=\"color: #000000;\"><span style=\"font-family: Arial, serif;\"><span style=\"font-size: small;\">riepas darin\u0101tas no jauna, uzlabota gumijas sakaus\u0113juma. Tam pievienotie \u0137\u012bmiskie elementi pal\u012bdz riep\u0101m saglab\u0101t elast\u012bbu zem\u0101s gaisa temperat\u016br\u0101s, k\u0101 ar\u012b uzlabo nodilumiztur\u012bbu un pat sl\u0101p\u0113 ska\u0146u. V\u0113rts min\u0113t, ka elast\u012bga riepa daudz lab\u0101k veido sa\u0137eri ar ce\u013cu.<\/span><\/span><\/span><\/span><\/span><\/p>\n","protected":false},"excerpt":{"rendered":"<p><span style=\"font-family: Times New Roman, serif;\"><span style=\"font-size: medium;\"><span style=\"color: #000000;\"><span style=\"font-family: Arial, serif;\"><span style=\"font-size: small;\"><b>Michelin Pilot Alpin 5<\/b><\/span><\/span><\/span><span style=\"color: #000000;\"><span style=\"font-family: Arial, serif;\"><span style=\"font-size: small;\"> ir augst\u0101k\u0101s kvalit\u0101tes jeb Premium klases vissezonas\/ziemas riepu modelis. Tas, k\u0101 jau visi riepu giganta Michelin Pilot s\u0113rijas riepu mode\u013ci, paredz\u0113ti jaud\u012bg\u0101m luksus klases automa\u0161\u012bn\u0101m. \u0160is riepu modelis izce\u013cas ar teicamiem sa\u0137eres, manevr\u0113tsp\u0113jas un brauk\u0161anas komforta r\u0101d\u012bt\u0101jiem gan siltos laikapst\u0101k\u013cos, gan t\u0101dos, kur temperat\u016bra bie\u017ei sv\u0101rst\u0101s ap 0\u00b0C.<\/span><\/span><\/span><\/span><\/span><\/p>\n","protected":false},"featured_media":1137951,"template":"","meta":{"_acf_changed":false,"ngg_post_thumbnail":0},"product_brand":[],"product_cat":[47,45],"product_tag":[],"class_list":{"0":"post-1345836","1":"product","2":"type-product","3":"status-publish","4":"has-post-thumbnail","6":"product_cat-vissezonas-riepas","7":"product_cat-ziemas-riepas","9":"first","10":"instock","11":"sale","12":"taxable","13":"shipping-taxable","14":"product-type-simple"},"acf":[],"yoast_head":"<!-- This site is optimized with the Yoast SEO Premium plugin v22.6 (Yoast SEO v27.3) - https:\/\/yoast.com\/product\/yoast-seo-premium-wordpress\/ -->\n<title>255\/35R19 Michelin Pilot Alpin 5 RP 96V XL &#8226; MMK Riepas<\/title>\n<meta name=\"robots\" content=\"index, follow, max-snippet:-1, max-image-preview:large, max-video-preview:-1\" \/>\n<link rel=\"canonical\" href=\"https:\/\/mmkriepas.lv\/en\/p\/255-35r19-michelin-pilot-alpin-5-rp-96v-xl\/\" \/>\n<meta property=\"og:locale\" content=\"en_US\" \/>\n<meta property=\"og:type\" content=\"article\" \/>\n<meta property=\"og:title\" content=\"255\/35R19 Michelin Pilot Alpin 5 RP 96V XL\" \/>\n<meta property=\"og:description\" content=\"Michelin Pilot Alpin 5 ir augst\u0101k\u0101s kvalit\u0101tes jeb Premium klases vissezonas\/ziemas riepu modelis. Tas, k\u0101 jau visi riepu giganta Michelin Pilot s\u0113rijas riepu mode\u013ci, paredz\u0113ti jaud\u012bg\u0101m luksus klases automa\u0161\u012bn\u0101m. \u0160is riepu modelis izce\u013cas ar teicamiem sa\u0137eres, manevr\u0113tsp\u0113jas un brauk\u0161anas komforta r\u0101d\u012bt\u0101jiem gan siltos laikapst\u0101k\u013cos, gan t\u0101dos, kur temperat\u016bra bie\u017ei sv\u0101rst\u0101s ap 0\u00b0C.\" \/>\n<meta property=\"og:url\" content=\"https:\/\/mmkriepas.lv\/en\/p\/255-35r19-michelin-pilot-alpin-5-rp-96v-xl\/\" \/>\n<meta property=\"og:site_name\" content=\"MMK Riepas\" \/>\n<meta property=\"article:publisher\" content=\"https:\/\/www.facebook.com\/mmkserviss\/\" \/>\n<meta property=\"article:modified_time\" content=\"2026-01-07T22:40:10+00:00\" \/>\n<meta property=\"og:image\" content=\"https:\/\/mmkriepas.lv\/wp-content\/uploads\/2024\/11\/MICHELIN-PILOT-ALPIN-5.jpg\" \/>\n\t<meta property=\"og:image:width\" content=\"900\" \/>\n\t<meta property=\"og:image:height\" content=\"720\" \/>\n\t<meta property=\"og:image:type\" content=\"image\/jpeg\" \/>\n<meta name=\"twitter:card\" content=\"summary_large_image\" \/>\n<meta name=\"twitter:label1\" content=\"Price\" \/>\n\t<meta name=\"twitter:data1\" content=\"&euro;271.00\" \/>\n\t<meta name=\"twitter:label2\" content=\"Availability\" \/>\n\t<meta name=\"twitter:data2\" content=\"In stock\" \/>\n<script type=\"application\/ld+json\" class=\"yoast-schema-graph\">{\"@context\":\"https:\\\/\\\/schema.org\",\"@graph\":[{\"@type\":\"WebPage\",\"@id\":\"https:\\\/\\\/mmkriepas.lv\\\/en\\\/p\\\/255-35r19-michelin-pilot-alpin-5-rp-96v-xl\\\/\",\"url\":\"https:\\\/\\\/mmkriepas.lv\\\/en\\\/p\\\/255-35r19-michelin-pilot-alpin-5-rp-96v-xl\\\/\",\"name\":\"255\\\/35R19 Michelin Pilot Alpin 5 RP 96V XL &#8226; MMK Riepas\",\"isPartOf\":{\"@id\":\"https:\\\/\\\/mmkriepas.lv\\\/en\\\/#website\"},\"primaryImageOfPage\":{\"@id\":\"https:\\\/\\\/mmkriepas.lv\\\/en\\\/p\\\/255-35r19-michelin-pilot-alpin-5-rp-96v-xl\\\/#primaryimage\"},\"image\":{\"@id\":\"https:\\\/\\\/mmkriepas.lv\\\/en\\\/p\\\/255-35r19-michelin-pilot-alpin-5-rp-96v-xl\\\/#primaryimage\"},\"thumbnailUrl\":\"https:\\\/\\\/mmkriepas.lv\\\/wp-content\\\/uploads\\\/2024\\\/11\\\/MICHELIN-PILOT-ALPIN-5.jpg\",\"datePublished\":\"2025-09-30T08:59:22+00:00\",\"dateModified\":\"2026-01-07T22:40:10+00:00\",\"breadcrumb\":{\"@id\":\"https:\\\/\\\/mmkriepas.lv\\\/en\\\/p\\\/255-35r19-michelin-pilot-alpin-5-rp-96v-xl\\\/#breadcrumb\"},\"inLanguage\":\"en-US\",\"potentialAction\":[{\"@type\":\"ReadAction\",\"target\":[\"https:\\\/\\\/mmkriepas.lv\\\/en\\\/p\\\/255-35r19-michelin-pilot-alpin-5-rp-96v-xl\\\/\"]}]},{\"@type\":\"ImageObject\",\"inLanguage\":\"en-US\",\"@id\":\"https:\\\/\\\/mmkriepas.lv\\\/en\\\/p\\\/255-35r19-michelin-pilot-alpin-5-rp-96v-xl\\\/#primaryimage\",\"url\":\"https:\\\/\\\/mmkriepas.lv\\\/wp-content\\\/uploads\\\/2024\\\/11\\\/MICHELIN-PILOT-ALPIN-5.jpg\",\"contentUrl\":\"https:\\\/\\\/mmkriepas.lv\\\/wp-content\\\/uploads\\\/2024\\\/11\\\/MICHELIN-PILOT-ALPIN-5.jpg\",\"width\":900,\"height\":720,\"caption\":\"MAIN\"},{\"@type\":\"BreadcrumbList\",\"@id\":\"https:\\\/\\\/mmkriepas.lv\\\/en\\\/p\\\/255-35r19-michelin-pilot-alpin-5-rp-96v-xl\\\/#breadcrumb\",\"itemListElement\":[{\"@type\":\"ListItem\",\"position\":1,\"name\":\"S\u0101kums\",\"item\":\"https:\\\/\\\/mmkriepas.lv\\\/en\\\/\"},{\"@type\":\"ListItem\",\"position\":2,\"name\":\"255\\\/35R19 Michelin Pilot Alpin 5 RP 96V XL\"}]},{\"@type\":\"WebSite\",\"@id\":\"https:\\\/\\\/mmkriepas.lv\\\/en\\\/#website\",\"url\":\"https:\\\/\\\/mmkriepas.lv\\\/en\\\/\",\"name\":\"MMK Riepas\",\"description\":\"MMK Riepas\",\"alternateName\":\"MMK Riepu Serviss\",\"potentialAction\":[{\"@type\":\"SearchAction\",\"target\":{\"@type\":\"EntryPoint\",\"urlTemplate\":\"https:\\\/\\\/mmkriepas.lv\\\/en\\\/?s={search_term_string}\"},\"query-input\":{\"@type\":\"PropertyValueSpecification\",\"valueRequired\":true,\"valueName\":\"search_term_string\"}}],\"inLanguage\":\"en-US\"},{\"@type\":\"ImageObject\",\"inLanguage\":\"en-US\",\"@id\":\"https:\\\/\\\/mmkriepas.lv\\\/en\\\/p\\\/255-35r19-michelin-pilot-alpin-5-rp-96v-xl\\\/#local-main-organization-logo\",\"url\":\"\",\"contentUrl\":\"\",\"caption\":\"MMK Riepas\"}]}<\/script>\n<meta property=\"product:brand\" content=\"Michelin Pilot Alpin 5\" \/>\n<meta property=\"product:price:amount\" content=\"271.00\" \/>\n<meta property=\"product:price:currency\" content=\"EUR\" \/>\n<meta property=\"og:availability\" content=\"instock\" \/>\n<meta property=\"product:availability\" content=\"instock\" \/>\n<meta property=\"product:retailer_item_id\" content=\"TW2553519Miche-E52270\" \/>\n<meta property=\"product:condition\" content=\"new\" \/>\n<!-- \/ Yoast SEO Premium plugin. -->","yoast_head_json":{"title":"255\/35R19 Michelin Pilot Alpin 5 RP 96V XL &#8226; MMK Riepas","robots":{"index":"index","follow":"follow","max-snippet":"max-snippet:-1","max-image-preview":"max-image-preview:large","max-video-preview":"max-video-preview:-1"},"canonical":"https:\/\/mmkriepas.lv\/en\/p\/255-35r19-michelin-pilot-alpin-5-rp-96v-xl\/","og_locale":"en_US","og_type":"article","og_title":"255\/35R19 Michelin Pilot Alpin 5 RP 96V XL","og_description":"Michelin Pilot Alpin 5 ir augst\u0101k\u0101s kvalit\u0101tes jeb Premium klases vissezonas\/ziemas riepu modelis. Tas, k\u0101 jau visi riepu giganta Michelin Pilot s\u0113rijas riepu mode\u013ci, paredz\u0113ti jaud\u012bg\u0101m luksus klases automa\u0161\u012bn\u0101m. \u0160is riepu modelis izce\u013cas ar teicamiem sa\u0137eres, manevr\u0113tsp\u0113jas un brauk\u0161anas komforta r\u0101d\u012bt\u0101jiem gan siltos laikapst\u0101k\u013cos, gan t\u0101dos, kur temperat\u016bra bie\u017ei sv\u0101rst\u0101s ap 0\u00b0C.","og_url":"https:\/\/mmkriepas.lv\/en\/p\/255-35r19-michelin-pilot-alpin-5-rp-96v-xl\/","og_site_name":"MMK Riepas","article_publisher":"https:\/\/www.facebook.com\/mmkserviss\/","article_modified_time":"2026-01-07T22:40:10+00:00","og_image":[{"width":900,"height":720,"url":"https:\/\/mmkriepas.lv\/wp-content\/uploads\/2024\/11\/MICHELIN-PILOT-ALPIN-5.jpg","type":"image\/jpeg"}],"twitter_card":"summary_large_image","twitter_misc":{"Price":"&euro;271.00","Availability":"In stock"},"schema":{"@context":"https:\/\/schema.org","@graph":[{"@type":"WebPage","@id":"https:\/\/mmkriepas.lv\/en\/p\/255-35r19-michelin-pilot-alpin-5-rp-96v-xl\/","url":"https:\/\/mmkriepas.lv\/en\/p\/255-35r19-michelin-pilot-alpin-5-rp-96v-xl\/","name":"255\/35R19 Michelin Pilot Alpin 5 RP 96V XL &#8226; MMK Riepas","isPartOf":{"@id":"https:\/\/mmkriepas.lv\/en\/#website"},"primaryImageOfPage":{"@id":"https:\/\/mmkriepas.lv\/en\/p\/255-35r19-michelin-pilot-alpin-5-rp-96v-xl\/#primaryimage"},"image":{"@id":"https:\/\/mmkriepas.lv\/en\/p\/255-35r19-michelin-pilot-alpin-5-rp-96v-xl\/#primaryimage"},"thumbnailUrl":"https:\/\/mmkriepas.lv\/wp-content\/uploads\/2024\/11\/MICHELIN-PILOT-ALPIN-5.jpg","datePublished":"2025-09-30T08:59:22+00:00","dateModified":"2026-01-07T22:40:10+00:00","breadcrumb":{"@id":"https:\/\/mmkriepas.lv\/en\/p\/255-35r19-michelin-pilot-alpin-5-rp-96v-xl\/#breadcrumb"},"inLanguage":"en-US","potentialAction":[{"@type":"ReadAction","target":["https:\/\/mmkriepas.lv\/en\/p\/255-35r19-michelin-pilot-alpin-5-rp-96v-xl\/"]}]},{"@type":"ImageObject","inLanguage":"en-US","@id":"https:\/\/mmkriepas.lv\/en\/p\/255-35r19-michelin-pilot-alpin-5-rp-96v-xl\/#primaryimage","url":"https:\/\/mmkriepas.lv\/wp-content\/uploads\/2024\/11\/MICHELIN-PILOT-ALPIN-5.jpg","contentUrl":"https:\/\/mmkriepas.lv\/wp-content\/uploads\/2024\/11\/MICHELIN-PILOT-ALPIN-5.jpg","width":900,"height":720,"caption":"MAIN"},{"@type":"BreadcrumbList","@id":"https:\/\/mmkriepas.lv\/en\/p\/255-35r19-michelin-pilot-alpin-5-rp-96v-xl\/#breadcrumb","itemListElement":[{"@type":"ListItem","position":1,"name":"S\u0101kums","item":"https:\/\/mmkriepas.lv\/en\/"},{"@type":"ListItem","position":2,"name":"255\/35R19 Michelin Pilot Alpin 5 RP 96V XL"}]},{"@type":"WebSite","@id":"https:\/\/mmkriepas.lv\/en\/#website","url":"https:\/\/mmkriepas.lv\/en\/","name":"MMK Riepas","description":"MMK Riepas","alternateName":"MMK Riepu Serviss","potentialAction":[{"@type":"SearchAction","target":{"@type":"EntryPoint","urlTemplate":"https:\/\/mmkriepas.lv\/en\/?s={search_term_string}"},"query-input":{"@type":"PropertyValueSpecification","valueRequired":true,"valueName":"search_term_string"}}],"inLanguage":"en-US"},{"@type":"ImageObject","inLanguage":"en-US","@id":"https:\/\/mmkriepas.lv\/en\/p\/255-35r19-michelin-pilot-alpin-5-rp-96v-xl\/#local-main-organization-logo","url":"","contentUrl":"","caption":"MMK Riepas"}]},"product_brand":"Michelin Pilot Alpin 5","product_price_amount":"271.00","product_price_currency":"EUR","og_availability":"instock","product_availability":"instock","product_retailer_item_id":"TW2553519Miche-E52270","product_condition":"new"},"_links":{"self":[{"href":"https:\/\/mmkriepas.lv\/en\/wp-json\/wp\/v2\/product\/1345836","targetHints":{"allow":["GET"]}}],"collection":[{"href":"https:\/\/mmkriepas.lv\/en\/wp-json\/wp\/v2\/product"}],"about":[{"href":"https:\/\/mmkriepas.lv\/en\/wp-json\/wp\/v2\/types\/product"}],"wp:featuredmedia":[{"embeddable":true,"href":"https:\/\/mmkriepas.lv\/en\/wp-json\/wp\/v2\/media\/1137951"}],"wp:attachment":[{"href":"https:\/\/mmkriepas.lv\/en\/wp-json\/wp\/v2\/media?parent=1345836"}],"wp:term":[{"taxonomy":"product_brand","embeddable":true,"href":"https:\/\/mmkriepas.lv\/en\/wp-json\/wp\/v2\/product_brand?post=1345836"},{"taxonomy":"product_cat","embeddable":true,"href":"https:\/\/mmkriepas.lv\/en\/wp-json\/wp\/v2\/product_cat?post=1345836"},{"taxonomy":"product_tag","embeddable":true,"href":"https:\/\/mmkriepas.lv\/en\/wp-json\/wp\/v2\/product_tag?post=1345836"}],"curies":[{"name":"wp","href":"https:\/\/api.w.org\/{rel}","templated":true}]}}