{"id":1345759,"date":"2025-09-30T11:56:02","date_gmt":"2025-09-30T08:56:02","guid":{"rendered":"https:\/\/mmkriepas.lv\/?post_type=product&#038;p=1345759"},"modified":"2026-03-30T16:05:28","modified_gmt":"2026-03-30T13:05:28","slug":"215-65r16-laufenn-i-fit-ice-lw71-98t-hankook","status":"publish","type":"product","link":"https:\/\/mmkriepas.lv\/en\/p\/215-65r16-laufenn-i-fit-ice-lw71-98t-hankook\/","title":{"rendered":"215\/65R16 Laufenn I FIT Ice LW71 98T (Hankook)"},"content":{"rendered":"<p style=\"text-align: left;\"><strong>Laufenn I FIT Ice LW71<\/strong> ir rad\u017eojama ziemas riepa, kas projekt\u0113ta skarbajiem Skandin\u0101vijas ziemas apst\u0101k\u013ciem. Pateicoties tam, dotais modelis izce\u013cas ar augstu veiktsp\u0113ju uz apledoju\u0161\u0101m un sniegot\u0101m virsm\u0101m. Turkl\u0101t m\u016bsdien\u012bgas Hankook inov\u0101cijas ir padar\u012bju\u0161as riepu ilgtsp\u0113j\u012bg\u0101ku. <strong>\u0160is modelis ir pieejams gan ar radz\u0113m, gan bez t\u0101m!<\/strong><\/p>\n<p style=\"text-align: left;\"><strong>I FIT Ice LW71 galven\u0101s iez\u012bmes:<\/strong><\/p>\n<p style=\"text-align: left;\">+Tr\u012bsk\u0101r\u0161as lameles izcili veido sa\u0137eri ar apledoju\u0161iem ce\u013ciem.<\/p>\n<p style=\"text-align: left;\">+Centr\u0101l\u0101 riepas riba ar &#8220;ilk\u0146iem&#8221; uzlabo vilkni un sa\u012bsina bremz\u0113\u0161an\u0101s ce\u013cu.<\/p>\n<p style=\"text-align: left;\">+Vienm\u0113r\u012bgs rad\u017eu izvietojums, kas palielina sa\u0137eri ar apledoju\u0161u ce\u013cu.<\/p>\n<p style=\"text-align: left;\"><strong>I FIT Ice LW71 protektora \u012bpa\u0161\u012bbas:<\/strong><\/p>\n<p style=\"text-align: left;\">Laufenn I FIT Ice LW71 protektora rakst\u0101 iestr\u0101d\u0101tas tr\u012bspak\u0101pju lameles, kas lieliski veido sa\u0137eri ar apledoju\u0161\u0101m virsm\u0101m un nodro\u0161ina labu manevr\u0113tsp\u0113ju. Protektora centr\u0101l\u0101 riba ir ar iestr\u0101d\u0101tiem ilk\u0146iem un t\u0101 ne tikai veido izcilu stabilit\u0101ti, bet ar\u012b uzlabo vilkni un sa\u012bsina bremz\u0113\u0161an\u0101s ce\u013cu.<\/p>\n<p style=\"text-align: left;\"><strong>Laufenn I FIT Ice LW71 <\/strong>mode\u013ca lieto\u0161anas dro\u0161\u012bbu ziemas laika apst\u0101k\u013cos un t\u0101 atbilst\u012bbu valst\u012bm ar oblig\u0101tu sezon\u0101lo riepu mai\u0146u apstiprina mar\u0137\u0113jums sniegp\u0101rslas form\u0101 uz kalna fona ar trim virsotn\u0113m (3PMSF).<\/p>\n","protected":false},"excerpt":{"rendered":"<p><strong>Laufenn I FIT Ice LW71<\/strong> ir rad\u017eojama ziemas riepa, kas projekt\u0113ta skarbajiem Skandin\u0101vijas ziemas apst\u0101k\u013ciem. Pateicoties tam, dotais modelis izce\u013cas ar augstu veiktsp\u0113ju uz apledoju\u0161\u0101m un sniegot\u0101m virsm\u0101m. Turkl\u0101t m\u016bsdien\u012bgas Hankook inov\u0101cijas ir padar\u012bju\u0161as riepu ilgtsp\u0113j\u012bg\u0101ku. <strong>\u0160is modelis ir pieejams gan ar radz\u0113m, gan bez t\u0101m!<\/strong><\/p>\n","protected":false},"featured_media":767699,"template":"","meta":{"_acf_changed":false,"ngg_post_thumbnail":0},"product_brand":[],"product_cat":[23644,23643],"product_tag":[],"class_list":{"0":"post-1345759","1":"product","2":"type-product","3":"status-publish","4":"has-post-thumbnail","6":"product_cat-all-season-tyres","7":"product_cat-winter-tyres","9":"first","10":"instock","11":"sale","12":"taxable","13":"shipping-taxable","14":"purchasable","15":"product-type-simple"},"acf":[],"yoast_head":"<!-- This site is optimized with the Yoast SEO Premium plugin v22.6 (Yoast SEO v27.3) - https:\/\/yoast.com\/product\/yoast-seo-premium-wordpress\/ -->\n<title>215\/65R16 Laufenn I FIT Ice LW71 98T (Hankook) &#8226; MMK Riepas<\/title>\n<meta name=\"robots\" content=\"index, follow, max-snippet:-1, max-image-preview:large, max-video-preview:-1\" \/>\n<link rel=\"canonical\" href=\"https:\/\/mmkriepas.lv\/en\/p\/215-65r16-laufenn-i-fit-ice-lw71-98t-hankook\/\" \/>\n<meta property=\"og:locale\" content=\"en_US\" \/>\n<meta property=\"og:type\" content=\"article\" \/>\n<meta property=\"og:title\" content=\"215\/65R16 Laufenn I FIT Ice LW71 98T (Hankook)\" \/>\n<meta property=\"og:description\" content=\"Laufenn I FIT Ice LW71 ir rad\u017eojama ziemas riepa, kas projekt\u0113ta skarbajiem Skandin\u0101vijas ziemas apst\u0101k\u013ciem. Pateicoties tam, dotais modelis izce\u013cas ar augstu veiktsp\u0113ju uz apledoju\u0161\u0101m un sniegot\u0101m virsm\u0101m. Turkl\u0101t m\u016bsdien\u012bgas Hankook inov\u0101cijas ir padar\u012bju\u0161as riepu ilgtsp\u0113j\u012bg\u0101ku. \u0160is modelis ir pieejams gan ar radz\u0113m, gan bez t\u0101m!\" \/>\n<meta property=\"og:url\" content=\"https:\/\/mmkriepas.lv\/en\/p\/215-65r16-laufenn-i-fit-ice-lw71-98t-hankook\/\" \/>\n<meta property=\"og:site_name\" content=\"MMK Riepas\" \/>\n<meta property=\"article:publisher\" content=\"https:\/\/www.facebook.com\/mmkserviss\/\" \/>\n<meta property=\"article:modified_time\" content=\"2026-03-30T13:05:28+00:00\" \/>\n<meta property=\"og:image\" content=\"https:\/\/mmkriepas.lv\/wp-content\/uploads\/2023\/07\/20555r16-laufenn-i-fit-ice-lw71-91t-hankook-ziemas-riepas.jpeg\" \/>\n\t<meta property=\"og:image:width\" content=\"1920\" \/>\n\t<meta property=\"og:image:height\" content=\"1440\" \/>\n\t<meta property=\"og:image:type\" content=\"image\/jpeg\" \/>\n<meta name=\"twitter:card\" content=\"summary_large_image\" \/>\n<meta name=\"twitter:label1\" content=\"Price\" \/>\n\t<meta name=\"twitter:data1\" content=\"&euro;83.00\" \/>\n\t<meta name=\"twitter:label2\" content=\"Availability\" \/>\n\t<meta name=\"twitter:data2\" content=\"In stock\" \/>\n<script type=\"application\/ld+json\" class=\"yoast-schema-graph\">{\"@context\":\"https:\\\/\\\/schema.org\",\"@graph\":[{\"@type\":\"WebPage\",\"@id\":\"https:\\\/\\\/mmkriepas.lv\\\/en\\\/p\\\/215-65r16-laufenn-i-fit-ice-lw71-98t-hankook\\\/\",\"url\":\"https:\\\/\\\/mmkriepas.lv\\\/en\\\/p\\\/215-65r16-laufenn-i-fit-ice-lw71-98t-hankook\\\/\",\"name\":\"215\\\/65R16 Laufenn I FIT Ice LW71 98T (Hankook) &#8226; MMK Riepas\",\"isPartOf\":{\"@id\":\"https:\\\/\\\/mmkriepas.lv\\\/en\\\/#website\"},\"primaryImageOfPage\":{\"@id\":\"https:\\\/\\\/mmkriepas.lv\\\/en\\\/p\\\/215-65r16-laufenn-i-fit-ice-lw71-98t-hankook\\\/#primaryimage\"},\"image\":{\"@id\":\"https:\\\/\\\/mmkriepas.lv\\\/en\\\/p\\\/215-65r16-laufenn-i-fit-ice-lw71-98t-hankook\\\/#primaryimage\"},\"thumbnailUrl\":\"https:\\\/\\\/mmkriepas.lv\\\/wp-content\\\/uploads\\\/2023\\\/07\\\/20555r16-laufenn-i-fit-ice-lw71-91t-hankook-ziemas-riepas.jpeg\",\"datePublished\":\"2025-09-30T08:56:02+00:00\",\"dateModified\":\"2026-03-30T13:05:28+00:00\",\"breadcrumb\":{\"@id\":\"https:\\\/\\\/mmkriepas.lv\\\/en\\\/p\\\/215-65r16-laufenn-i-fit-ice-lw71-98t-hankook\\\/#breadcrumb\"},\"inLanguage\":\"en-US\",\"potentialAction\":[{\"@type\":\"ReadAction\",\"target\":[\"https:\\\/\\\/mmkriepas.lv\\\/en\\\/p\\\/215-65r16-laufenn-i-fit-ice-lw71-98t-hankook\\\/\"]}]},{\"@type\":\"ImageObject\",\"inLanguage\":\"en-US\",\"@id\":\"https:\\\/\\\/mmkriepas.lv\\\/en\\\/p\\\/215-65r16-laufenn-i-fit-ice-lw71-98t-hankook\\\/#primaryimage\",\"url\":\"https:\\\/\\\/mmkriepas.lv\\\/wp-content\\\/uploads\\\/2023\\\/07\\\/20555r16-laufenn-i-fit-ice-lw71-91t-hankook-ziemas-riepas.jpeg\",\"contentUrl\":\"https:\\\/\\\/mmkriepas.lv\\\/wp-content\\\/uploads\\\/2023\\\/07\\\/20555r16-laufenn-i-fit-ice-lw71-91t-hankook-ziemas-riepas.jpeg\",\"width\":1920,\"height\":1440,\"caption\":\"205\\\/55R16 Laufenn I FIT Ice LW71 91T (Hankook) - Vissezonas riepas \\\/ Ziemas riepas\"},{\"@type\":\"BreadcrumbList\",\"@id\":\"https:\\\/\\\/mmkriepas.lv\\\/en\\\/p\\\/215-65r16-laufenn-i-fit-ice-lw71-98t-hankook\\\/#breadcrumb\",\"itemListElement\":[{\"@type\":\"ListItem\",\"position\":1,\"name\":\"S\u0101kums\",\"item\":\"https:\\\/\\\/mmkriepas.lv\\\/en\\\/\"},{\"@type\":\"ListItem\",\"position\":2,\"name\":\"215\\\/65R16 Laufenn I FIT Ice LW71 98T (Hankook)\"}]},{\"@type\":\"WebSite\",\"@id\":\"https:\\\/\\\/mmkriepas.lv\\\/en\\\/#website\",\"url\":\"https:\\\/\\\/mmkriepas.lv\\\/en\\\/\",\"name\":\"MMK Riepas\",\"description\":\"MMK Riepas\",\"alternateName\":\"MMK Riepu Serviss\",\"potentialAction\":[{\"@type\":\"SearchAction\",\"target\":{\"@type\":\"EntryPoint\",\"urlTemplate\":\"https:\\\/\\\/mmkriepas.lv\\\/en\\\/?s={search_term_string}\"},\"query-input\":{\"@type\":\"PropertyValueSpecification\",\"valueRequired\":true,\"valueName\":\"search_term_string\"}}],\"inLanguage\":\"en-US\"},{\"@type\":\"ImageObject\",\"inLanguage\":\"en-US\",\"@id\":\"https:\\\/\\\/mmkriepas.lv\\\/en\\\/p\\\/215-65r16-laufenn-i-fit-ice-lw71-98t-hankook\\\/#local-main-organization-logo\",\"url\":\"\",\"contentUrl\":\"\",\"caption\":\"MMK Riepas\"}]}<\/script>\n<meta property=\"product:brand\" content=\"Laufenn I FIT Ice LW71\" \/>\n<meta property=\"product:price:amount\" content=\"83.00\" \/>\n<meta property=\"product:price:currency\" content=\"EUR\" \/>\n<meta property=\"og:availability\" content=\"instock\" \/>\n<meta property=\"product:availability\" content=\"instock\" \/>\n<meta property=\"product:retailer_item_id\" content=\"TW2156516Laufe-E52253\" \/>\n<meta property=\"product:condition\" content=\"new\" \/>\n<!-- \/ Yoast SEO Premium plugin. -->","yoast_head_json":{"title":"215\/65R16 Laufenn I FIT Ice LW71 98T (Hankook) &#8226; MMK Riepas","robots":{"index":"index","follow":"follow","max-snippet":"max-snippet:-1","max-image-preview":"max-image-preview:large","max-video-preview":"max-video-preview:-1"},"canonical":"https:\/\/mmkriepas.lv\/en\/p\/215-65r16-laufenn-i-fit-ice-lw71-98t-hankook\/","og_locale":"en_US","og_type":"article","og_title":"215\/65R16 Laufenn I FIT Ice LW71 98T (Hankook)","og_description":"Laufenn I FIT Ice LW71 ir rad\u017eojama ziemas riepa, kas projekt\u0113ta skarbajiem Skandin\u0101vijas ziemas apst\u0101k\u013ciem. Pateicoties tam, dotais modelis izce\u013cas ar augstu veiktsp\u0113ju uz apledoju\u0161\u0101m un sniegot\u0101m virsm\u0101m. Turkl\u0101t m\u016bsdien\u012bgas Hankook inov\u0101cijas ir padar\u012bju\u0161as riepu ilgtsp\u0113j\u012bg\u0101ku. \u0160is modelis ir pieejams gan ar radz\u0113m, gan bez t\u0101m!","og_url":"https:\/\/mmkriepas.lv\/en\/p\/215-65r16-laufenn-i-fit-ice-lw71-98t-hankook\/","og_site_name":"MMK Riepas","article_publisher":"https:\/\/www.facebook.com\/mmkserviss\/","article_modified_time":"2026-03-30T13:05:28+00:00","og_image":[{"width":1920,"height":1440,"url":"https:\/\/mmkriepas.lv\/wp-content\/uploads\/2023\/07\/20555r16-laufenn-i-fit-ice-lw71-91t-hankook-ziemas-riepas.jpeg","type":"image\/jpeg"}],"twitter_card":"summary_large_image","twitter_misc":{"Price":"&euro;83.00","Availability":"In stock"},"schema":{"@context":"https:\/\/schema.org","@graph":[{"@type":"WebPage","@id":"https:\/\/mmkriepas.lv\/en\/p\/215-65r16-laufenn-i-fit-ice-lw71-98t-hankook\/","url":"https:\/\/mmkriepas.lv\/en\/p\/215-65r16-laufenn-i-fit-ice-lw71-98t-hankook\/","name":"215\/65R16 Laufenn I FIT Ice LW71 98T (Hankook) &#8226; MMK Riepas","isPartOf":{"@id":"https:\/\/mmkriepas.lv\/en\/#website"},"primaryImageOfPage":{"@id":"https:\/\/mmkriepas.lv\/en\/p\/215-65r16-laufenn-i-fit-ice-lw71-98t-hankook\/#primaryimage"},"image":{"@id":"https:\/\/mmkriepas.lv\/en\/p\/215-65r16-laufenn-i-fit-ice-lw71-98t-hankook\/#primaryimage"},"thumbnailUrl":"https:\/\/mmkriepas.lv\/wp-content\/uploads\/2023\/07\/20555r16-laufenn-i-fit-ice-lw71-91t-hankook-ziemas-riepas.jpeg","datePublished":"2025-09-30T08:56:02+00:00","dateModified":"2026-03-30T13:05:28+00:00","breadcrumb":{"@id":"https:\/\/mmkriepas.lv\/en\/p\/215-65r16-laufenn-i-fit-ice-lw71-98t-hankook\/#breadcrumb"},"inLanguage":"en-US","potentialAction":[{"@type":"ReadAction","target":["https:\/\/mmkriepas.lv\/en\/p\/215-65r16-laufenn-i-fit-ice-lw71-98t-hankook\/"]}]},{"@type":"ImageObject","inLanguage":"en-US","@id":"https:\/\/mmkriepas.lv\/en\/p\/215-65r16-laufenn-i-fit-ice-lw71-98t-hankook\/#primaryimage","url":"https:\/\/mmkriepas.lv\/wp-content\/uploads\/2023\/07\/20555r16-laufenn-i-fit-ice-lw71-91t-hankook-ziemas-riepas.jpeg","contentUrl":"https:\/\/mmkriepas.lv\/wp-content\/uploads\/2023\/07\/20555r16-laufenn-i-fit-ice-lw71-91t-hankook-ziemas-riepas.jpeg","width":1920,"height":1440,"caption":"205\/55R16 Laufenn I FIT Ice LW71 91T (Hankook) - Vissezonas riepas \/ Ziemas riepas"},{"@type":"BreadcrumbList","@id":"https:\/\/mmkriepas.lv\/en\/p\/215-65r16-laufenn-i-fit-ice-lw71-98t-hankook\/#breadcrumb","itemListElement":[{"@type":"ListItem","position":1,"name":"S\u0101kums","item":"https:\/\/mmkriepas.lv\/en\/"},{"@type":"ListItem","position":2,"name":"215\/65R16 Laufenn I FIT Ice LW71 98T (Hankook)"}]},{"@type":"WebSite","@id":"https:\/\/mmkriepas.lv\/en\/#website","url":"https:\/\/mmkriepas.lv\/en\/","name":"MMK Riepas","description":"MMK Riepas","alternateName":"MMK Riepu Serviss","potentialAction":[{"@type":"SearchAction","target":{"@type":"EntryPoint","urlTemplate":"https:\/\/mmkriepas.lv\/en\/?s={search_term_string}"},"query-input":{"@type":"PropertyValueSpecification","valueRequired":true,"valueName":"search_term_string"}}],"inLanguage":"en-US"},{"@type":"ImageObject","inLanguage":"en-US","@id":"https:\/\/mmkriepas.lv\/en\/p\/215-65r16-laufenn-i-fit-ice-lw71-98t-hankook\/#local-main-organization-logo","url":"","contentUrl":"","caption":"MMK Riepas"}]},"product_brand":"Laufenn I FIT Ice LW71","product_price_amount":"83.00","product_price_currency":"EUR","og_availability":"instock","product_availability":"instock","product_retailer_item_id":"TW2156516Laufe-E52253","product_condition":"new"},"_links":{"self":[{"href":"https:\/\/mmkriepas.lv\/en\/wp-json\/wp\/v2\/product\/1345759","targetHints":{"allow":["GET"]}}],"collection":[{"href":"https:\/\/mmkriepas.lv\/en\/wp-json\/wp\/v2\/product"}],"about":[{"href":"https:\/\/mmkriepas.lv\/en\/wp-json\/wp\/v2\/types\/product"}],"wp:featuredmedia":[{"embeddable":true,"href":"https:\/\/mmkriepas.lv\/en\/wp-json\/wp\/v2\/media\/767699"}],"wp:attachment":[{"href":"https:\/\/mmkriepas.lv\/en\/wp-json\/wp\/v2\/media?parent=1345759"}],"wp:term":[{"taxonomy":"product_brand","embeddable":true,"href":"https:\/\/mmkriepas.lv\/en\/wp-json\/wp\/v2\/product_brand?post=1345759"},{"taxonomy":"product_cat","embeddable":true,"href":"https:\/\/mmkriepas.lv\/en\/wp-json\/wp\/v2\/product_cat?post=1345759"},{"taxonomy":"product_tag","embeddable":true,"href":"https:\/\/mmkriepas.lv\/en\/wp-json\/wp\/v2\/product_tag?post=1345759"}],"curies":[{"name":"wp","href":"https:\/\/api.w.org\/{rel}","templated":true}]}}