{"id":1345012,"date":"2025-09-30T11:20:22","date_gmt":"2025-09-30T08:20:22","guid":{"rendered":"https:\/\/mmkriepas.lv\/?post_type=product&#038;p=1345012"},"modified":"2026-03-30T15:18:24","modified_gmt":"2026-03-30T12:18:24","slug":"265-50r20-hankook-winter-ipike-x-w429a-111t-xl-ar-radzem-3","status":"publish","type":"product","link":"https:\/\/mmkriepas.lv\/en\/p\/265-50r20-hankook-winter-ipike-x-w429a-111t-xl-ar-radzem-3\/","title":{"rendered":"265\/50R20 Hankook Winter i*pike X W429A 111T XL ar radz\u0113m"},"content":{"rendered":"<p><strong>Hankook Winter i*pike X<\/strong> <strong>W429A<\/strong> ir rad\u017eojamas ziemas riepas, viens no jaun\u0101kajiem produktiem, ko slavenais Korejas riepu ra\u017eot\u0101js ir sagatavojis apvidus auto (SUV) entuziastiem. \u0160\u012b riepa ir vec\u0101 mode\u013ca W419 uzlabotais turpin\u0101jums. T\u0101pat k\u0101 t\u0101 priek\u0161g\u0101j\u0113js, W429 ir paredz\u0113ts skarbajiem ziemas apst\u0101k\u013ciem Zieme\u013ceiropas un Skandin\u0101vijas valst\u012bs, kas noz\u012bm\u0113, ka tas ir lieliski piem\u0113rots c\u012b\u0146ai ar Latvijas klimatiskajiem apst\u0101k\u013ciem. Jau p\u0101rdo\u0161anas s\u0101kum\u0101 ra\u017eot\u0101ji nojauta, ka ir izdevies kas veiksm\u012bgs t\u0101p\u0113c \u0161is modelis ir paredz\u0113ts tie\u0161i krosoveriem un apvidus auto jeb SUV.<\/p>\n<h3>Hankook Winter i*pike X W429A galven\u0101s iez\u012bmes<\/h3>\n<p>&#8211; optimiz\u0113ts V veida simetriskais protektora z\u012bm\u0113jums uzlabo sa\u0137eres un vad\u0101m\u012bbas \u012bpa\u0161\u012bbas visa veida ziemas apst\u0101k\u013cos;<\/p>\n<p>&#8211; jauns gumijas mais\u012bjums uzlaboja riepu elast\u012bbu zem\u0101 temperat\u016br\u0101;<\/p>\n<p>&#8211; R\u016bp\u012bgi apr\u0113\u0137in\u0101ts bloku izk\u0101rtojums un forma nodro\u0161ina augst\u0101ku komforta l\u012bmeni;<\/p>\n<p>-\u0160ipi lieliski pal\u012bdz \u012bpa\u0161i skarbiem ziemas apst\u0101k\u013ciem, nodro\u0161inot v\u0113l teicam\u0101ku sa\u0137eres momentu.<\/p>\n<p>K\u0101 mantojums no iepriek\u0161\u0113j\u0101 mode\u013ca, ar\u012b <strong>i*pike X<\/strong> tika pie\u0161\u0137irts protektors ar V formas virziena simetrisku z\u012bm\u0113jumu, kas tom\u0113r ir iev\u0113rojami izmain\u012bts. Protektora centr\u0101 tagad ir mas\u012bv\u0101ka garenisk\u0101 riba, kuras augst\u0101 stingr\u012bba nodro\u0161ina izcilu virziena stabilit\u0101ti un augstu veiktsp\u0113ju, braucot pa ziemai rakstur\u012bgiem ce\u013ca apst\u0101k\u013ciem. Ap centr\u0101lo ribu uz ab\u0101m pus\u0113m, t\u0101pat k\u0101 iepriek\u0161, ir mas\u012bvi patst\u0101v\u012bgi bloki, kas tagad atrodas as\u0101k\u0101 le\u0146\u0137\u012b attiec\u012bb\u0101 pret kust\u012bbas virzienu. Tas iev\u0113rojami uzlaboja vilkmi snieg\u0101.<\/p>\n<p><strong>I*pike X<\/strong> <strong>W429A<\/strong> plecu zonas ir divas atsevi\u0161\u0137as protektara bloku\u00a0 rindas. Sal\u012bdzinot ar t\u0101 priek\u0161g\u0101j\u0113ju, \u0161ie protektora bloki ir k\u013cuvu\u0161i iev\u0113rojami liel\u0101ki, un att\u0101lums starp tiem ir iev\u0113rojami palielin\u0101jies.<\/p>\n<p>Pateicoties palielin\u0101tajam lame\u013cu skaitam, kontakta laukumam ar ce\u013ca segumu uzlaboj\u0101s adh\u0113zijas \u012bpa\u0161\u012bbas, kas uzlaboja vad\u0101m\u012bbas sp\u0113ju uz sliden\u0101m virsm\u0101m. Turkl\u0101t t\u0101 jau lielais rad\u017eu skaits ir iev\u0113rojami pieaudzis, atkar\u012bb\u0101 no <strong>Hankook i*pike X<\/strong> <strong>W429A <\/strong>izm\u0113ra rad\u017eu skaits un to izvietojums ir veidots t\u0101, lai sniegtu maksim\u0101lu sa\u0137eri gan uz ledus, gan snieg\u0101.<\/p>\n","protected":false},"excerpt":{"rendered":"<p><strong>Hankook Winter i*pike X<\/strong> <strong>W429A<\/strong> ir rad\u017eojamas ziemas riepas, viens no jaun\u0101kajiem produktiem, ko slavenais Korejas riepu ra\u017eot\u0101js ir sagatavojis apvidus auto (SUV) entuziastiem. \u0160\u012b riepa ir vec\u0101 mode\u013ca W419 uzlabotais turpin\u0101jums. T\u0101pat k\u0101 t\u0101 priek\u0161g\u0101j\u0113js, W429 ir paredz\u0113ts skarbajiem ziemas apst\u0101k\u013ciem Zieme\u013ceiropas un Skandin\u0101vijas valst\u012bs, kas noz\u012bm\u0113, ka tas ir lieliski piem\u0113rots c\u012b\u0146ai ar Latvijas klimatiskajiem apst\u0101k\u013ciem. Jau p\u0101rdo\u0161anas s\u0101kum\u0101 ra\u017eot\u0101ji nojauta, ka ir izdevies kas veiksm\u012bgs t\u0101p\u0113c \u0161is modelis ir paredz\u0113ts tie\u0161i krosoveriem un apvidus auto jeb SUV.<\/p>\n","protected":false},"featured_media":836293,"template":"","meta":{"_acf_changed":false,"ngg_post_thumbnail":0},"product_brand":[],"product_cat":[45,48],"product_tag":[],"class_list":{"0":"post-1345012","1":"product","2":"type-product","3":"status-publish","4":"has-post-thumbnail","6":"product_cat-ziemas-riepas","7":"product_cat-ziemas-ar-radzem","9":"first","10":"instock","11":"taxable","12":"shipping-taxable","13":"purchasable","14":"product-type-simple"},"acf":[],"yoast_head":"<!-- This site is optimized with the Yoast SEO Premium plugin v22.6 (Yoast SEO v27.3) - https:\/\/yoast.com\/product\/yoast-seo-premium-wordpress\/ -->\n<title>265\/50R20 Hankook Winter i*pike X W429A 111T XL ar radz\u0113m &#8226; MMK Riepas<\/title>\n<meta name=\"robots\" content=\"index, follow, max-snippet:-1, max-image-preview:large, max-video-preview:-1\" \/>\n<link rel=\"canonical\" href=\"https:\/\/mmkriepas.lv\/en\/p\/265-50r20-hankook-winter-ipike-x-w429a-111t-xl-ar-radzem-3\/\" \/>\n<meta property=\"og:locale\" content=\"en_US\" \/>\n<meta property=\"og:type\" content=\"article\" \/>\n<meta property=\"og:title\" content=\"265\/50R20 Hankook Winter i*pike X W429A 111T XL ar radz\u0113m\" \/>\n<meta property=\"og:description\" content=\"Hankook Winter i*pike X W429A ir rad\u017eojamas ziemas riepas, viens no jaun\u0101kajiem produktiem, ko slavenais Korejas riepu ra\u017eot\u0101js ir sagatavojis apvidus auto (SUV) entuziastiem. \u0160\u012b riepa ir vec\u0101 mode\u013ca W419 uzlabotais turpin\u0101jums. T\u0101pat k\u0101 t\u0101 priek\u0161g\u0101j\u0113js, W429 ir paredz\u0113ts skarbajiem ziemas apst\u0101k\u013ciem Zieme\u013ceiropas un Skandin\u0101vijas valst\u012bs, kas noz\u012bm\u0113, ka tas ir lieliski piem\u0113rots c\u012b\u0146ai ar Latvijas klimatiskajiem apst\u0101k\u013ciem. Jau p\u0101rdo\u0161anas s\u0101kum\u0101 ra\u017eot\u0101ji nojauta, ka ir izdevies kas veiksm\u012bgs t\u0101p\u0113c \u0161is modelis ir paredz\u0113ts tie\u0161i krosoveriem un apvidus auto jeb SUV.\" \/>\n<meta property=\"og:url\" content=\"https:\/\/mmkriepas.lv\/en\/p\/265-50r20-hankook-winter-ipike-x-w429a-111t-xl-ar-radzem-3\/\" \/>\n<meta property=\"og:site_name\" content=\"MMK Riepas\" \/>\n<meta property=\"article:publisher\" content=\"https:\/\/www.facebook.com\/mmkserviss\/\" \/>\n<meta property=\"article:modified_time\" content=\"2026-03-30T12:18:24+00:00\" \/>\n<meta property=\"og:image\" content=\"https:\/\/mmkriepas.lv\/wp-content\/uploads\/2023\/12\/25550r19-hankook-winter-ipike-x-w429a-107t-xl-rp-ar-radzem-ziemas-riepas-ziemas-ar-radzem-riepas.jpg\" \/>\n\t<meta property=\"og:image:width\" content=\"1920\" \/>\n\t<meta property=\"og:image:height\" content=\"1920\" \/>\n\t<meta property=\"og:image:type\" content=\"image\/jpeg\" \/>\n<meta name=\"twitter:card\" content=\"summary_large_image\" \/>\n<meta name=\"twitter:label1\" content=\"Price\" \/>\n\t<meta name=\"twitter:data1\" content=\"&euro;213.00\" \/>\n\t<meta name=\"twitter:label2\" content=\"Availability\" \/>\n\t<meta name=\"twitter:data2\" content=\"In stock\" \/>\n<script type=\"application\/ld+json\" class=\"yoast-schema-graph\">{\"@context\":\"https:\\\/\\\/schema.org\",\"@graph\":[{\"@type\":\"WebPage\",\"@id\":\"https:\\\/\\\/mmkriepas.lv\\\/en\\\/p\\\/265-50r20-hankook-winter-ipike-x-w429a-111t-xl-ar-radzem-3\\\/\",\"url\":\"https:\\\/\\\/mmkriepas.lv\\\/en\\\/p\\\/265-50r20-hankook-winter-ipike-x-w429a-111t-xl-ar-radzem-3\\\/\",\"name\":\"265\\\/50R20 Hankook Winter i*pike X W429A 111T XL ar radz\u0113m &#8226; MMK Riepas\",\"isPartOf\":{\"@id\":\"https:\\\/\\\/mmkriepas.lv\\\/en\\\/#website\"},\"primaryImageOfPage\":{\"@id\":\"https:\\\/\\\/mmkriepas.lv\\\/en\\\/p\\\/265-50r20-hankook-winter-ipike-x-w429a-111t-xl-ar-radzem-3\\\/#primaryimage\"},\"image\":{\"@id\":\"https:\\\/\\\/mmkriepas.lv\\\/en\\\/p\\\/265-50r20-hankook-winter-ipike-x-w429a-111t-xl-ar-radzem-3\\\/#primaryimage\"},\"thumbnailUrl\":\"https:\\\/\\\/mmkriepas.lv\\\/wp-content\\\/uploads\\\/2023\\\/12\\\/25550r19-hankook-winter-ipike-x-w429a-107t-xl-rp-ar-radzem-ziemas-riepas-ziemas-ar-radzem-riepas.jpg\",\"datePublished\":\"2025-09-30T08:20:22+00:00\",\"dateModified\":\"2026-03-30T12:18:24+00:00\",\"breadcrumb\":{\"@id\":\"https:\\\/\\\/mmkriepas.lv\\\/en\\\/p\\\/265-50r20-hankook-winter-ipike-x-w429a-111t-xl-ar-radzem-3\\\/#breadcrumb\"},\"inLanguage\":\"en-US\",\"potentialAction\":[{\"@type\":\"ReadAction\",\"target\":[\"https:\\\/\\\/mmkriepas.lv\\\/en\\\/p\\\/265-50r20-hankook-winter-ipike-x-w429a-111t-xl-ar-radzem-3\\\/\"]}]},{\"@type\":\"ImageObject\",\"inLanguage\":\"en-US\",\"@id\":\"https:\\\/\\\/mmkriepas.lv\\\/en\\\/p\\\/265-50r20-hankook-winter-ipike-x-w429a-111t-xl-ar-radzem-3\\\/#primaryimage\",\"url\":\"https:\\\/\\\/mmkriepas.lv\\\/wp-content\\\/uploads\\\/2023\\\/12\\\/25550r19-hankook-winter-ipike-x-w429a-107t-xl-rp-ar-radzem-ziemas-riepas-ziemas-ar-radzem-riepas.jpg\",\"contentUrl\":\"https:\\\/\\\/mmkriepas.lv\\\/wp-content\\\/uploads\\\/2023\\\/12\\\/25550r19-hankook-winter-ipike-x-w429a-107t-xl-rp-ar-radzem-ziemas-riepas-ziemas-ar-radzem-riepas.jpg\",\"width\":1920,\"height\":1920,\"caption\":\"MAIN\"},{\"@type\":\"BreadcrumbList\",\"@id\":\"https:\\\/\\\/mmkriepas.lv\\\/en\\\/p\\\/265-50r20-hankook-winter-ipike-x-w429a-111t-xl-ar-radzem-3\\\/#breadcrumb\",\"itemListElement\":[{\"@type\":\"ListItem\",\"position\":1,\"name\":\"S\u0101kums\",\"item\":\"https:\\\/\\\/mmkriepas.lv\\\/en\\\/\"},{\"@type\":\"ListItem\",\"position\":2,\"name\":\"265\\\/50R20 Hankook Winter i*pike X W429A 111T XL ar radz\u0113m\"}]},{\"@type\":\"WebSite\",\"@id\":\"https:\\\/\\\/mmkriepas.lv\\\/en\\\/#website\",\"url\":\"https:\\\/\\\/mmkriepas.lv\\\/en\\\/\",\"name\":\"MMK Riepas\",\"description\":\"MMK Riepas\",\"alternateName\":\"MMK Riepu Serviss\",\"potentialAction\":[{\"@type\":\"SearchAction\",\"target\":{\"@type\":\"EntryPoint\",\"urlTemplate\":\"https:\\\/\\\/mmkriepas.lv\\\/en\\\/?s={search_term_string}\"},\"query-input\":{\"@type\":\"PropertyValueSpecification\",\"valueRequired\":true,\"valueName\":\"search_term_string\"}}],\"inLanguage\":\"en-US\"},{\"@type\":\"ImageObject\",\"inLanguage\":\"en-US\",\"@id\":\"https:\\\/\\\/mmkriepas.lv\\\/en\\\/p\\\/265-50r20-hankook-winter-ipike-x-w429a-111t-xl-ar-radzem-3\\\/#local-main-organization-logo\",\"url\":\"\",\"contentUrl\":\"\",\"caption\":\"MMK Riepas\"}]}<\/script>\n<meta property=\"product:brand\" content=\"Hankook Winter i*pike X W429A\" \/>\n<meta property=\"product:price:amount\" content=\"213.00\" \/>\n<meta property=\"product:price:currency\" content=\"EUR\" \/>\n<meta property=\"og:availability\" content=\"instock\" \/>\n<meta property=\"product:availability\" content=\"instock\" \/>\n<meta property=\"product:retailer_item_id\" content=\"TR2655020Hanko-E52350\" \/>\n<meta property=\"product:condition\" content=\"new\" \/>\n<!-- \/ Yoast SEO Premium plugin. -->","yoast_head_json":{"title":"265\/50R20 Hankook Winter i*pike X W429A 111T XL ar radz\u0113m &#8226; MMK Riepas","robots":{"index":"index","follow":"follow","max-snippet":"max-snippet:-1","max-image-preview":"max-image-preview:large","max-video-preview":"max-video-preview:-1"},"canonical":"https:\/\/mmkriepas.lv\/en\/p\/265-50r20-hankook-winter-ipike-x-w429a-111t-xl-ar-radzem-3\/","og_locale":"en_US","og_type":"article","og_title":"265\/50R20 Hankook Winter i*pike X W429A 111T XL ar radz\u0113m","og_description":"Hankook Winter i*pike X W429A ir rad\u017eojamas ziemas riepas, viens no jaun\u0101kajiem produktiem, ko slavenais Korejas riepu ra\u017eot\u0101js ir sagatavojis apvidus auto (SUV) entuziastiem. \u0160\u012b riepa ir vec\u0101 mode\u013ca W419 uzlabotais turpin\u0101jums. T\u0101pat k\u0101 t\u0101 priek\u0161g\u0101j\u0113js, W429 ir paredz\u0113ts skarbajiem ziemas apst\u0101k\u013ciem Zieme\u013ceiropas un Skandin\u0101vijas valst\u012bs, kas noz\u012bm\u0113, ka tas ir lieliski piem\u0113rots c\u012b\u0146ai ar Latvijas klimatiskajiem apst\u0101k\u013ciem. Jau p\u0101rdo\u0161anas s\u0101kum\u0101 ra\u017eot\u0101ji nojauta, ka ir izdevies kas veiksm\u012bgs t\u0101p\u0113c \u0161is modelis ir paredz\u0113ts tie\u0161i krosoveriem un apvidus auto jeb SUV.","og_url":"https:\/\/mmkriepas.lv\/en\/p\/265-50r20-hankook-winter-ipike-x-w429a-111t-xl-ar-radzem-3\/","og_site_name":"MMK Riepas","article_publisher":"https:\/\/www.facebook.com\/mmkserviss\/","article_modified_time":"2026-03-30T12:18:24+00:00","og_image":[{"width":1920,"height":1920,"url":"https:\/\/mmkriepas.lv\/wp-content\/uploads\/2023\/12\/25550r19-hankook-winter-ipike-x-w429a-107t-xl-rp-ar-radzem-ziemas-riepas-ziemas-ar-radzem-riepas.jpg","type":"image\/jpeg"}],"twitter_card":"summary_large_image","twitter_misc":{"Price":"&euro;213.00","Availability":"In stock"},"schema":{"@context":"https:\/\/schema.org","@graph":[{"@type":"WebPage","@id":"https:\/\/mmkriepas.lv\/en\/p\/265-50r20-hankook-winter-ipike-x-w429a-111t-xl-ar-radzem-3\/","url":"https:\/\/mmkriepas.lv\/en\/p\/265-50r20-hankook-winter-ipike-x-w429a-111t-xl-ar-radzem-3\/","name":"265\/50R20 Hankook Winter i*pike X W429A 111T XL ar radz\u0113m &#8226; MMK Riepas","isPartOf":{"@id":"https:\/\/mmkriepas.lv\/en\/#website"},"primaryImageOfPage":{"@id":"https:\/\/mmkriepas.lv\/en\/p\/265-50r20-hankook-winter-ipike-x-w429a-111t-xl-ar-radzem-3\/#primaryimage"},"image":{"@id":"https:\/\/mmkriepas.lv\/en\/p\/265-50r20-hankook-winter-ipike-x-w429a-111t-xl-ar-radzem-3\/#primaryimage"},"thumbnailUrl":"https:\/\/mmkriepas.lv\/wp-content\/uploads\/2023\/12\/25550r19-hankook-winter-ipike-x-w429a-107t-xl-rp-ar-radzem-ziemas-riepas-ziemas-ar-radzem-riepas.jpg","datePublished":"2025-09-30T08:20:22+00:00","dateModified":"2026-03-30T12:18:24+00:00","breadcrumb":{"@id":"https:\/\/mmkriepas.lv\/en\/p\/265-50r20-hankook-winter-ipike-x-w429a-111t-xl-ar-radzem-3\/#breadcrumb"},"inLanguage":"en-US","potentialAction":[{"@type":"ReadAction","target":["https:\/\/mmkriepas.lv\/en\/p\/265-50r20-hankook-winter-ipike-x-w429a-111t-xl-ar-radzem-3\/"]}]},{"@type":"ImageObject","inLanguage":"en-US","@id":"https:\/\/mmkriepas.lv\/en\/p\/265-50r20-hankook-winter-ipike-x-w429a-111t-xl-ar-radzem-3\/#primaryimage","url":"https:\/\/mmkriepas.lv\/wp-content\/uploads\/2023\/12\/25550r19-hankook-winter-ipike-x-w429a-107t-xl-rp-ar-radzem-ziemas-riepas-ziemas-ar-radzem-riepas.jpg","contentUrl":"https:\/\/mmkriepas.lv\/wp-content\/uploads\/2023\/12\/25550r19-hankook-winter-ipike-x-w429a-107t-xl-rp-ar-radzem-ziemas-riepas-ziemas-ar-radzem-riepas.jpg","width":1920,"height":1920,"caption":"MAIN"},{"@type":"BreadcrumbList","@id":"https:\/\/mmkriepas.lv\/en\/p\/265-50r20-hankook-winter-ipike-x-w429a-111t-xl-ar-radzem-3\/#breadcrumb","itemListElement":[{"@type":"ListItem","position":1,"name":"S\u0101kums","item":"https:\/\/mmkriepas.lv\/en\/"},{"@type":"ListItem","position":2,"name":"265\/50R20 Hankook Winter i*pike X W429A 111T XL ar radz\u0113m"}]},{"@type":"WebSite","@id":"https:\/\/mmkriepas.lv\/en\/#website","url":"https:\/\/mmkriepas.lv\/en\/","name":"MMK Riepas","description":"MMK Riepas","alternateName":"MMK Riepu Serviss","potentialAction":[{"@type":"SearchAction","target":{"@type":"EntryPoint","urlTemplate":"https:\/\/mmkriepas.lv\/en\/?s={search_term_string}"},"query-input":{"@type":"PropertyValueSpecification","valueRequired":true,"valueName":"search_term_string"}}],"inLanguage":"en-US"},{"@type":"ImageObject","inLanguage":"en-US","@id":"https:\/\/mmkriepas.lv\/en\/p\/265-50r20-hankook-winter-ipike-x-w429a-111t-xl-ar-radzem-3\/#local-main-organization-logo","url":"","contentUrl":"","caption":"MMK Riepas"}]},"product_brand":"Hankook Winter i*pike X W429A","product_price_amount":"213.00","product_price_currency":"EUR","og_availability":"instock","product_availability":"instock","product_retailer_item_id":"TR2655020Hanko-E52350","product_condition":"new"},"_links":{"self":[{"href":"https:\/\/mmkriepas.lv\/en\/wp-json\/wp\/v2\/product\/1345012","targetHints":{"allow":["GET"]}}],"collection":[{"href":"https:\/\/mmkriepas.lv\/en\/wp-json\/wp\/v2\/product"}],"about":[{"href":"https:\/\/mmkriepas.lv\/en\/wp-json\/wp\/v2\/types\/product"}],"wp:featuredmedia":[{"embeddable":true,"href":"https:\/\/mmkriepas.lv\/en\/wp-json\/wp\/v2\/media\/836293"}],"wp:attachment":[{"href":"https:\/\/mmkriepas.lv\/en\/wp-json\/wp\/v2\/media?parent=1345012"}],"wp:term":[{"taxonomy":"product_brand","embeddable":true,"href":"https:\/\/mmkriepas.lv\/en\/wp-json\/wp\/v2\/product_brand?post=1345012"},{"taxonomy":"product_cat","embeddable":true,"href":"https:\/\/mmkriepas.lv\/en\/wp-json\/wp\/v2\/product_cat?post=1345012"},{"taxonomy":"product_tag","embeddable":true,"href":"https:\/\/mmkriepas.lv\/en\/wp-json\/wp\/v2\/product_tag?post=1345012"}],"curies":[{"name":"wp","href":"https:\/\/api.w.org\/{rel}","templated":true}]}}